{"id":3065,"date":"2019-06-18T12:57:28","date_gmt":"2019-06-18T12:57:28","guid":{"rendered":"https:\/\/www.freebetbest.com\/trang-web-ca-cuoc-truc-tuyen-mien-phi-tai-2019-vuong-quoc-anh\/"},"modified":"2021-07-28T16:54:40","modified_gmt":"2021-07-28T16:54:40","slug":"trang-web-ca-cuoc","status":"publish","type":"page","link":"https:\/\/www.freebetbest.com\/vi\/trang-web-ca-cuoc\/","title":{"rendered":"Ti\u1ec1n th\u01b0\u1edfng c\u00e1 c\u01b0\u1ee3c c\u1ee7a nh\u00e0 c\u00e1i"},"content":{"rendered":"<h3>Nh\u00e0 c\u00e1i c\u00e1 c\u01b0\u1ee3c c\u1ea7n l\u01b0u \u00fd \u0111i\u1ec1u g\u00ec trong ti\u1ec1n th\u01b0\u1edfng c\u00e1 c\u01b0\u1ee3c m\u1edbi nh\u1ea5t?<\/h3>\n<p>Kh\u00f4ng ph\u1ea3i t\u1ea5t c\u1ea3 c\u00e1c ph\u1ea7n th\u01b0\u1edfng ti\u1ec1n th\u01b0\u1edfng \u0111\u1ec1u gi\u1ed1ng nhau. Ti\u1ec1n th\u01b0\u1edfng C\u01b0\u1ee3c m\u1edbi nh\u1ea5t trong c\u00e1 c\u01b0\u1ee3c th\u1ec3 thao. S\u1ebd c\u00f3 nh\u1eefng thay \u0111\u1ed5i v\u00e0o m\u1ed9t th\u1eddi \u0111i\u1ec3m n\u00e0o \u0111\u00f3, c\u00f3 th\u1ec3 l\u00e0m t\u0103ng ho\u1eb7c gi\u1ea3m thu nh\u1eadp c\u1ee7a b\u1ea1n. \u0110i\u1ec1u quan tr\u1ecdng l\u00e0 ph\u1ea3i l\u00e0m quen v\u1edbi c\u00e1c \u0111i\u1ec1u ki\u1ec7n ph\u1ed5 bi\u1ebfn, ch\u1eb3ng h\u1ea1n nh\u01b0 \u0111\u1eb7t c\u01b0\u1ee3c v\u00e0 thanh to\u00e1n t\u1ed1i thi\u1ec3u \u0111\u1ed1i v\u1edbi c\u00e1c lo\u1ea1i kh\u00f3 kh\u0103n, ch\u1eb3ng h\u1ea1n nh\u01b0 KYC l\u1edbn v\u00e0 c\u00e1c h\u1ea1n ch\u1ebf r\u00fat ti\u1ec1n. Ngo\u00e0i ra, ch\u00fang t\u00f4i s\u1ebd li\u1ec7t k\u00ea t\u1ea5t c\u1ea3 c\u00e1c d\u1ea5u hi\u1ec7u l\u1eeba \u0111\u1ea3o ph\u1ea7n th\u01b0\u1edfng c\u1ee7a c\u00f4ng ty c\u00e1 c\u01b0\u1ee3c \u0111\u1ec3 tr\u00e1nh b\u1ea5t k\u1ef3 tai n\u1ea1n n\u00e0o.<\/p>\n<h3>Nh\u1eefng \u0111i\u1ec1u nh\u00e0 c\u00e1i c\u1ea7n ch\u00fa \u00fd \u0111\u1ec3 c\u00f3 ph\u1ea7n th\u01b0\u1edfng<\/h3>\n<p>Kh\u00f4ng ph\u1ea3i t\u1ea5t c\u1ea3 c\u00e1c ph\u1ea7n th\u01b0\u1edfng ti\u1ec1n th\u01b0\u1edfng \u0111\u1ec1u gi\u1ed1ng nhau. Trong c\u00e1 c\u01b0\u1ee3c th\u1ec3 thao. M\u1ed9t s\u1ed1 th\u1ee9 nh\u1ea5t \u0111\u1ecbnh s\u1ebd thay \u0111\u1ed5i v\u00e0 c\u00f3 th\u1ec3 l\u00e0m t\u0103ng ho\u1eb7c gi\u1ea3m thu nh\u1eadp c\u1ee7a b\u1ea1n. \u0110i\u1ec1u quan tr\u1ecdng l\u00e0 ph\u1ea3i l\u00e0m quen v\u1edbi c\u00e1c \u0111i\u1ec1u ki\u1ec7n chung, ch\u1eb3ng h\u1ea1n nh\u01b0 kho\u1ea3n tr\u1ea3 tr\u01b0\u1edbc t\u1ed1i thi\u1ec3u.<\/p>\n<h3>Ph\u1ed5 bi\u1ebfn<a href=\"https:\/\/www.freebetsinfo.co.uk\/\"> c\u00e1 c\u01b0\u1ee3c th\u1ec3 thao<\/a> . \u0110\u00e3 th\u00eam \u0111i\u1ec1u kho\u1ea3n ti\u1ec1n th\u01b0\u1edfng<\/h3>\n<p>C\u00e1c \u0111i\u1ec1u kho\u1ea3n th\u01b0\u1edfng c\u00e1 c\u01b0\u1ee3c th\u1ec3 thao \u0111i\u1ec3n h\u00ecnh. Nhi\u1ec1u ng\u01b0\u1eddi ch\u01a1i \u0111ang \u0111\u1eb7t c\u01b0\u1ee3c v\u00e0o c\u00e1c m\u00f4n th\u1ec3 thao. Ho\u1eb7c b\u1ea1n s\u1ebd kh\u00f4ng ch\u00fa \u00fd \u0111\u1ebfn c\u00e1c \u0111i\u1ec1u kho\u1ea3n v\u00e0 \u0111i\u1ec1u ki\u1ec7n sau khi tuy\u00ean b\u1ed1 ti\u1ec1n th\u01b0\u1edfng. \u0110i\u1ec1u n\u00e0y t\u1ea5t nhi\u00ean l\u00e0 ho\u00e0n to\u00e0n v\u1ee5ng v\u1ec1, b\u1edfi v\u00ec m\u1ed9t khi t\u00e0i ch\u00ednh c\u1ee7a b\u1ea1n g\u1eb7p nguy hi\u1ec3m, ch\u00fang s\u1ebd \u0111\u00f3ng m\u1ed9t vai tr\u00f2 quan tr\u1ecdng.<br \/><img decoding=\"async\" src=\"https:\/\/www.freebetbest.com\/wp-content\/uploads\/2021\/06\/Casino-Games.jpg\"><\/p>\n<h3>M\u1ed7i kh\u00e1ch h\u00e0ng \/ IP s\u1ebd k\u00edch ho\u1ea1t m\u1ed9t t\u00e0i kho\u1ea3n ng\u00e2n h\u00e0ng<\/h3>\n<p>N\u00f3 l\u00e0 kh\u00e1 d\u1ec5 d\u00e0ng. C\u1ed1 g\u1eafng kh\u00f4ng th\u1eed trong c\u00f9ng m\u1ed9t c\u00e1 c\u01b0\u1ee3c th\u1ec3 thao. M\u1edf t\u00e0i kho\u1ea3n ng\u00e2n h\u00e0ng kh\u00e1c v\u00e0 \u0111\u0103ng k\u00fd nh\u1eadn ti\u1ec1n th\u01b0\u1edfng.<\/p>\n<h3>Y\u00eau c\u1ea7u \u0111\u1eb7t c\u01b0\u1ee3c<\/h3>\n<p>Gi\u1ea3i th\u01b0\u1edfng thanh to\u00e1n \u0111\u1ea7u ti\u00ean cho m\u1ed7i ho\u1ea1t \u0111\u1ed9ng th\u1ec3 thao. S\u1ebd c\u00f3 m\u1ed9t s\u1ed1 l\u1ea7n gia h\u1ea1n (t\u1eeb 5 l\u1ea7n \u0111\u1ebfn 20 l\u1ea7n) \u0111\u1ec3 r\u00fat ti\u1ec1n th\u01b0\u1edfng c\u1ee7a b\u1ea1n. Ngo\u00e0i ra, b\u1ea1n n\u00ean tr\u01b0\u1edbc khi y\u00eau c\u1ea7u thanh to\u00e1n. Ho\u00e0n v\u1ed1n \u0111\u1ea7u t\u01b0 ban \u0111\u1ea7u c\u1ee7a b\u1ea1n m\u1ed9t l\u1ea7n.<\/p>\n<h3><a href=\"https:\/\/www.freebetbest.com\/vi\/ca-cuoc-bong-da-truc-tuyen\/\">Nh\u00e0 c\u00e1i<\/a> Ti\u1ec1n th\u01b0\u1edfng C\u01b0\u1ee3c m\u1edbi nh\u1ea5t Ph\u01b0\u01a1ng \u00e1n thay th\u1ebf \u00edt c\u01a1 h\u1ed9i nh\u1ea5t:<\/h3>\n<p>M\u1ed7i th\u1ecb tr\u01b0\u1eddng b\u1ea1n quy\u1ebft \u0111\u1ecbnh ch\u1ecdn. T\u1ea5t c\u1ea3 n\u00ean v\u01b0\u1ee3t qu\u00e1 t\u1ea7m quan tr\u1ecdng \u0111\u01b0\u1ee3c x\u00e1c \u0111\u1ecbnh tr\u01b0\u1edbc. Ph\u1ea1m vi s\u1ea3n ph\u1ea9m trong h\u1ea7u h\u1ebft c\u00e1c c\u00e1 c\u01b0\u1ee3c th\u1ec3 thao th\u01b0\u1eddng l\u00e0 t\u1eeb 1.50 \u0111\u1ebfn 2.00. T\u1ed5ng s\u1ed1 l\u1ef1a ch\u1ecdn tr\u00ean phi\u1ebfu \u0111\u1eb7t c\u01b0\u1ee3c c\u1ee7a ri\u00eang b\u1ea1n, v\u00e0 ch\u1ee7 \u0111\u1ec1 c\u0169ng v\u1eady. N\u00f3i chung, b\u1ea1n c\u1ea7n bao g\u1ed3m 1-3 t\u00f9y ch\u1ecdn.<\/p>\n<h3>Kho\u1ea3n thanh to\u00e1n tr\u01b0\u1edbc t\u1ed1i thi\u1ec3u:<\/h3>\n<p>Tr\u01b0\u1edbc khi b\u1ea1n quy\u1ebft \u0111\u1ecbnh \u0111\u0103ng k\u00fd ngu\u1ed3n cung c\u1ea5p, tr\u01b0\u1edbc ti\u00ean b\u1ea1n ph\u1ea3i th\u1ef1c hi\u1ec7n m\u1ed9t kho\u1ea3n tr\u1ea3 tr\u01b0\u1edbc \u0111\u1ee7 \u0111i\u1ec1u ki\u1ec7n. \u0110i\u1ec1u n\u00e0y ch\u1ec9 c\u00f3 th\u1ec3 l\u00e0 \u20ac \/ \u00a3 5 ho\u1eb7c \u20ac \/ \u00a3 10, m\u1eb7c d\u00f9 m\u1ed9t s\u1ed1 l\u00e0 d\u1ec5 ch\u1ecbu. Qu\u00e0 t\u1eb7ng c\u00f3 th\u1ec3 b\u1eaft \u0111\u1ea7u t\u1eeb \u20ac \/ \u00a3 1.<\/p>\n<h3>X\u00e1c nh\u1eadn v\u00e0 h\u1ea1n ch\u1ebf c\u00e1c ph\u01b0\u01a1ng th\u1ee9c giao d\u1ecbch:<\/h3>\n<p>Nhi\u1ec1u trang web ch\u01a1i game h\u1ea1n ch\u1ebf Skrill v\u00e0 Neteller, v.v. Cung c\u1ea5p v\u00ed v\u1edbi chi\u1ebft kh\u1ea5u \u0111\u1eb7c bi\u1ec7t. \u0110i\u1ec1u n\u00e0y l\u00e0 do h\u1ecd thu h\u00fat nh\u1eefng k\u1ebb l\u1ea1m d\u1ee5ng. N\u1ebfu b\u1ea1n g\u1eedi ti\u1ec1n b\u1eb1ng th\u1ebb t\u00edn d\u1ee5ng \/ th\u1ebb ghi n\u1ee3 ho\u1eb7c PayPal, h\u1ea7u h\u1ebft c\u00e1c c\u00e1 c\u01b0\u1ee3c th\u1ec3 thao. S\u1ebd mang l\u1ea1i cho b\u1ea1n nh\u1eefng kho\u1ea3n thu nh\u1eadp d\u1ec5 ch\u1ecbu.<\/p>\n<h3>Ti\u1ec1n th\u01b0\u1edfng t\u1ed1i \u0111a<\/h3>\n<p>M\u1ed9t s\u1ed1 nh\u00e0 c\u00e1i c\u00f3 th\u1ec3. Gi\u1ea3m s\u1ed1 ti\u1ec1n th\u01b0\u1edfng t\u1ed1i \u0111a c\u00f3 th\u1ec3 r\u00fat \u0110i\u1ec1u n\u00e0y c\u00f3 ngh\u0129a l\u00e0 d\u00f9 b\u1ea1n c\u00f3 th\u00e0nh c\u00f4ng \u0111\u1ebfn \u0111\u00e2u, b\u1ea1n c\u0169ng c\u00f3 th\u1ec3 d\u1ec5 d\u00e0ng h\u1ee7y c\u00e1 c\u01b0\u1ee3c th\u1ec3 thao. M\u1ee9c gi\u1ea3m gi\u00e1 cao nh\u1ea5t \u0111\u1ea1t \u0111\u01b0\u1ee3c.<\/p>\n<h3>H\u1ea1n ch\u1ebf Th\u1ecb tr\u01b0\u1eddng Ti\u1ec1n th\u01b0\u1edfng \u0110\u1eb7t c\u01b0\u1ee3c M\u1edbi nh\u1ea5t<\/h3>\n<p>Nhi\u1ec1u ph\u00e2n kh\u00fac th\u1ecb tr\u01b0\u1eddng s\u1ebd kh\u00f4ng \u0111\u01b0\u1ee3c t\u00ednh v\u00e0o c\u01b0\u1ee3c quy ra ti\u1ec1n m\u1eb7t, v\u00f4 hi\u1ec7u ho\u1eb7c h\u1ee7y b\u1ecf. Ngo\u00e0i ra, c\u00e1c h\u1ea1n ch\u1ebf c\u00f3 th\u1ec3 bao g\u1ed3m c\u00e1c ho\u1ea1t \u0111\u1ed9ng th\u1ec3 thao kh\u00e1c nhau, c\u00e1c gi\u1ea3i \u0111\u1ea5u v\u00e0 t\u1ed5 ch\u1ee9c \u0111\u1eb7t c\u01b0\u1ee3c.<\/p>\n<h3>Ng\u00e0y h\u1ebft h\u1ea1n Ti\u1ec1n th\u01b0\u1edfng C\u01b0\u1ee3c m\u1edbi nh\u1ea5t<\/h3>\n<p>H\u00e3y ch\u00fa \u00fd \u0111\u1ebfn c\u00e1c ho\u1ea1t \u0111\u1ed9ng th\u1ec3 thao c\u1ee7a b\u1ea1n. Ng\u00e0y m\u00e0 l\u1ee3i \u00edch c\u1edd b\u1ea1c k\u1ebft th\u00fac. Th\u1eddi gian n\u00e0y th\u01b0\u1eddng c\u00f3 th\u1ec3 t\u1eeb 7 \u0111\u1ebfn 30 ng\u00e0y. Tuy nhi\u00ean, trong m\u1ed9t s\u1ed1 tr\u01b0\u1eddng h\u1ee3p, c\u1ea5u tr\u00fac th\u1eddi gian th\u01b0\u1eddng th\u1ea5p nh\u1ea5t l\u00e0 3 ng\u00e0y.<\/p>\n<h3>\u0110\u1eb7t c\u01b0\u1ee3c t\u1ed1i \u0111a cho m\u1ed7i l\u1ea7n \u0111\u1eb7t c\u01b0\u1ee3c<\/h3>\n<p>B\u1ea1n c\u00f3 th\u1ec3 tham gia t\u1eebng th\u1ecb tr\u01b0\u1eddng ho\u1eb7c \u0111\u1eb7t c\u01b0\u1ee3c. N\u1ed9i dung \u0111\u00e3 ch\u1ecdn c\u00f3 th\u1ec3 b\u1ecb h\u1ea1n ch\u1ebf. \u0110i\u1ec1u n\u00e0y \u00e1p d\u1ee5ng \u0111\u1ec3 ng\u0103n ch\u1eb7n nh\u1eefng k\u1ebb s\u0103n ti\u1ec1n th\u01b0\u1edfng b\u1ed5 sung v\u00e0 nh\u1eefng ng\u01b0\u1eddi \u0111\u1eb7t c\u01b0\u1ee3c ch\u00eanh l\u1ec7ch gi\u00e1. Th\u00f4ng th\u01b0\u1eddng, n\u00f3 l\u00e0 50% s\u1ed1 ti\u1ec1n th\u01b0\u1edfng. Ngo\u00e0i ra, nhi\u1ec1u nh\u00e0 c\u00e1i c\u00f3 nh\u1eefng h\u1ea1n ch\u1ebf v\u1ec1 vi\u1ec7c s\u1eed d\u1ee5ng c\u00e1c c\u01a1 h\u1ed9i t\u1ed1i \u0111a (v\u00ed d\u1ee5: 3,50).<\/p>\n<h3>Gi\u1edbi h\u1ea1n qu\u1ed1c gia<\/h3>\n<p>C\u00e1c giao d\u1ecbch ti\u1ec1n th\u01b0\u1edfng khi \u0111\u0103ng k\u00fd th\u01b0\u1eddng l\u00e0. Kh\u00f4ng c\u00f3 s\u1eb5n tr\u00ean to\u00e0n th\u1ebf gi\u1edbi. V\u00ed d\u1ee5, c\u00e1c qu\u1ed1c gia \u0110\u00f4ng \u00c2u c\u00f3 th\u1ec3 b\u1ecb lo\u1ea1i tr\u1eeb. Lu\u00f4n n\u00f3i chuy\u1ec7n v\u1edbi c\u00e1c \u0111i\u1ec1u kho\u1ea3n v\u00e0 \u0111i\u1ec1u ki\u1ec7n \u0111\u1ec3 t\u00ecm ra danh s\u00e1ch c\u00e1c v\u1ecb tr\u00ed b\u1ecb h\u1ea1n ch\u1ebf n\u00e0y.<\/p>\n<p>Th\u00eam m\u00e3 th\u01b0\u1edfng c\u00f3 s\u1eb5n: \u0110\u00f4i khi, b\u1ea1n c\u1ea7n ph\u1ea3i \u1edf xung quanh trang g\u1eedi ti\u1ec1n. Nh\u1eadp m\u00e3 theo c\u00e1ch th\u1ee7 c\u00f4ng, c\u00f3 ngh\u0129a l\u00e0 ti\u1ec1n c\u1ee7a b\u1ea1n c\u00f3 th\u1ec3 \u0111\u01b0\u1ee3c c\u1ea3i thi\u1ec7n.<\/p>\n<p><!-- \/wp:post-content --><\/p>\n<p><!-- wp:heading {\"level\":4} \/--><\/p>\n","protected":false},"excerpt":{"rendered":"<p>T\u1ed1i \u0111a h\u00f3a tr\u1ea3i nghi\u1ec7m c\u00e1 c\u01b0\u1ee3c th\u1ec3 thao c\u1ee7a b\u1ea1n<br \/>\nTi\u1ec1n th\u01b0\u1edfng ch\u00e0o m\u1eebng tuy\u1ec7t v\u1eddi<br \/>\nM\u1ed9t lo\u1ea1t c\u00e1c m\u00f4n th\u1ec3 thao \u0111\u1ec3 \u0111\u1eb7t c\u01b0\u1ee3c v\u1edbi t\u1ef7 l\u1ec7 c\u01b0\u1ee3c b\u1ea5t b\u1ea1i<br \/>\nNh\u00e0 c\u00e1i \u0111\u00e3 \u0111\u01b0\u1ee3c c\u00e1c chuy\u00ean gia c\u1ee7a ch\u00fang t\u00f4i xem x\u00e9t v\u00e0 ph\u00ea duy\u1ec7t<\/p>\n<div class=\"hero-cup-section\">\n<div class=\"row mb-4\">\n<div class=\"col-md-7\">\n<div class=\"section-area\">\n<div class=\"section-list\">\n<li style=\"text-align: left\"><img decoding=\"async\" src=\"https:\/\/www.freebetbest.com\/wp-content\/uploads\/2021\/06\/tick.png\" alt=\"C\u00e1c m\u00f4n th\u1ec3 thao\"> Casino th\u1ec3 thao ti\u1ec1n th\u01b0\u1edfng ch\u00e0o m\u1eebng.<\/li>\n<li style=\"text-align: left\"><img decoding=\"async\" src=\"https:\/\/www.freebetbest.com\/wp-content\/uploads\/2021\/06\/tick.png\" alt=\"cung c\u1ea5p tr\u00f2 ch\u01a1i\"> \u01afu \u0111\u00e3i v\u00e0 khuy\u1ebfn m\u00e3i c\u1ee7a nh\u00e0 c\u00e1i tr\u1ef1c tuy\u1ebfn.<\/li>\n<li style=\"text-align: left\"><img decoding=\"async\" src=\"https:\/\/www.freebetbest.com\/wp-content\/uploads\/2021\/06\/tick.png\" alt=\"cung c\u1ea5p tr\u00f2 ch\u01a1i\"> C\u00e1c nh\u00e0 c\u00e1i tr\u1ef1c tuy\u1ebfn t\u1ed1t nh\u1ea5t m\u00e0 b\u1ea1n c\u00f3 th\u1ec3 tin t\u01b0\u1edfng.<\/li>\n<li style=\"text-align: left\"><img decoding=\"async\" src=\"https:\/\/www.freebetbest.com\/wp-content\/uploads\/2021\/06\/tick.png\" alt=\"C\u00f3 th\u1ea9m quy\u1ec1n\"> \u0110\u00e1nh gi\u00e1 c\u00f3 th\u1ea9m quy\u1ec1n An to\u00e0n \u0111\u00e1ng tin c\u1eady.<\/li>\n<li style=\"text-align: left\"><img decoding=\"async\" src=\"https:\/\/www.freebetbest.com\/wp-content\/uploads\/2021\/06\/tick.png\" alt=\"R\u00fat ti\u1ec1n nhanh ch\u00f3ng\"> H\u1ed7 tr\u1ee3 APP di \u0111\u1ed9ng, R\u00fat ti\u1ec1n nhanh ch\u00f3ng.<\/li>\n<li style=\"text-align: left\"><img decoding=\"async\" src=\"https:\/\/www.freebetbest.com\/wp-content\/uploads\/2021\/06\/tick.png\" alt=\"H\u1ed7 tr\u1ee3 kh\u00e1ch h\u00e0ng\"> H\u1ed7 tr\u1ee3 kh\u00e1ch h\u00e0ng: 365 ng\u00e0y, 24 gi\u1edd m\u1ed9t ng\u00e0y.<\/li>\n<\/div>\n<\/div>\n<\/div>\n<div class=\"col-md-5\">\n<div class=\"cup-img\"><img decoding=\"async\" src=\"https:\/\/www.freebetbest.com\/wp-content\/uploads\/2021\/06\/freebetsinfo.png\" alt=\"freebetbest\"><\/div>\n<\/div>\n<\/div>\n","protected":false},"author":1,"featured_media":3066,"parent":0,"menu_order":0,"comment_status":"closed","ping_status":"closed","template":"Bookmaker-List-Template.php","meta":{"footnotes":""},"class_list":["post-3065","page","type-page","status-publish","has-post-thumbnail","hentry"],"yoast_head":"<!-- This site is optimized with the Yoast SEO Premium plugin v19.5 (Yoast SEO v27.0) - https:\/\/yoast.com\/product\/yoast-seo-premium-wordpress\/ -->\n<title>Ti\u1ec1n th\u01b0\u1edfng c\u00e1 c\u01b0\u1ee3c c\u1ee7a nh\u00e0 c\u00e1i , Nh\u00e0 c\u00e1i Ch\u00e2u \u00c1 Ti\u1ec1n th\u01b0\u1edfng cho Kh\u00e1ch h\u00e0ng M\u1edbi.<\/title>\n<meta name=\"description\" content=\"Ti\u1ec1n th\u01b0\u1edfng c\u00e1 c\u01b0\u1ee3c c\u1ee7a nh\u00e0 c\u00e1i , Nh\u00e0 c\u00e1i tr\u1ef1c tuy\u1ebfn t\u1ed1t nh\u1ea5t, s\u00f2ng b\u1ea1c, poker, Trang web c\u00e1 c\u01b0\u1ee3c mi\u1ec5n ph\u00ed tr\u1ef1c tuy\u1ebfn, Nh\u00e0 c\u00e1i ch\u00e2u \u00c1 Kh\u00e1ch h\u00e0ng m\u1edbi \u0110\u0103ng k\u00fd Ti\u1ec1n th\u01b0\u1edfng.\" \/>\n<meta name=\"robots\" content=\"index, follow, max-snippet:-1, max-image-preview:large, max-video-preview:-1\" \/>\n<link rel=\"canonical\" href=\"https:\/\/www.freebetbest.com\/vi\/trang-web-ca-cuoc\/\" \/>\n<meta property=\"og:locale\" content=\"vi_VN\" \/>\n<meta property=\"og:type\" content=\"article\" \/>\n<meta property=\"og:title\" content=\"Ti\u1ec1n th\u01b0\u1edfng c\u00e1 c\u01b0\u1ee3c c\u1ee7a nh\u00e0 c\u00e1i\" \/>\n<meta property=\"og:description\" content=\"Ti\u1ec1n th\u01b0\u1edfng c\u00e1 c\u01b0\u1ee3c c\u1ee7a nh\u00e0 c\u00e1i , Nh\u00e0 c\u00e1i tr\u1ef1c tuy\u1ebfn t\u1ed1t nh\u1ea5t, s\u00f2ng b\u1ea1c, poker, Trang web c\u00e1 c\u01b0\u1ee3c mi\u1ec5n ph\u00ed tr\u1ef1c tuy\u1ebfn, Nh\u00e0 c\u00e1i ch\u00e2u \u00c1 Kh\u00e1ch h\u00e0ng m\u1edbi \u0110\u0103ng k\u00fd Ti\u1ec1n th\u01b0\u1edfng.\" \/>\n<meta property=\"og:url\" content=\"https:\/\/www.freebetbest.com\/vi\/trang-web-ca-cuoc\/\" \/>\n<meta property=\"og:site_name\" content=\"Nh\u00e0 c\u00e1i c\u00e1 c\u01b0\u1ee3c tr\u1ef1c tuy\u1ebfn t\u1ed1t nh\u1ea5t | C\u00e1 C\u01b0\u1ee3c b\u00f3ng \u0111\u00e1 online t\u1ed1t nh\u1ea5t | Th\u00f4ng tin c\u00e1 c\u01b0\u1ee3c mi\u1ec5n ph\u00ed.\" \/>\n<meta property=\"article:modified_time\" content=\"2021-07-28T16:54:40+00:00\" \/>\n<meta property=\"og:image\" content=\"https:\/\/www.freebetbest.com\/wp-content\/uploads\/2019\/07\/banner.jpg\" \/>\n\t<meta property=\"og:image:width\" content=\"449\" \/>\n\t<meta property=\"og:image:height\" content=\"180\" \/>\n\t<meta property=\"og:image:type\" content=\"image\/jpeg\" \/>\n<meta name=\"twitter:card\" content=\"summary_large_image\" \/>\n<meta name=\"twitter:label1\" content=\"Est. reading time\" \/>\n\t<meta name=\"twitter:data1\" content=\"3 minutes\" \/>\n<script type=\"application\/ld+json\" class=\"yoast-schema-graph\">{\"@context\":\"https:\/\/schema.org\",\"@graph\":[{\"@type\":\"WebPage\",\"@id\":\"https:\/\/www.freebetbest.com\/vi\/trang-web-ca-cuoc\/\",\"url\":\"https:\/\/www.freebetbest.com\/vi\/trang-web-ca-cuoc\/\",\"name\":\"Ti\u1ec1n th\u01b0\u1edfng c\u00e1 c\u01b0\u1ee3c c\u1ee7a nh\u00e0 c\u00e1i , Nh\u00e0 c\u00e1i Ch\u00e2u \u00c1 Ti\u1ec1n th\u01b0\u1edfng cho Kh\u00e1ch h\u00e0ng M\u1edbi.\",\"isPartOf\":{\"@id\":\"https:\/\/www.freebetbest.com\/vi\/#website\"},\"primaryImageOfPage\":{\"@id\":\"https:\/\/www.freebetbest.com\/vi\/trang-web-ca-cuoc\/#primaryimage\"},\"image\":{\"@id\":\"https:\/\/www.freebetbest.com\/vi\/trang-web-ca-cuoc\/#primaryimage\"},\"thumbnailUrl\":\"https:\/\/www.freebetbest.com\/wp-content\/uploads\/2019\/07\/banner.jpg\",\"datePublished\":\"2019-06-18T12:57:28+00:00\",\"dateModified\":\"2021-07-28T16:54:40+00:00\",\"description\":\"Ti\u1ec1n th\u01b0\u1edfng c\u00e1 c\u01b0\u1ee3c c\u1ee7a nh\u00e0 c\u00e1i , Nh\u00e0 c\u00e1i tr\u1ef1c tuy\u1ebfn t\u1ed1t nh\u1ea5t, s\u00f2ng b\u1ea1c, poker, Trang web c\u00e1 c\u01b0\u1ee3c mi\u1ec5n ph\u00ed tr\u1ef1c tuy\u1ebfn, Nh\u00e0 c\u00e1i ch\u00e2u \u00c1 Kh\u00e1ch h\u00e0ng m\u1edbi \u0110\u0103ng k\u00fd Ti\u1ec1n th\u01b0\u1edfng.\",\"breadcrumb\":{\"@id\":\"https:\/\/www.freebetbest.com\/vi\/trang-web-ca-cuoc\/#breadcrumb\"},\"inLanguage\":\"vi-VN\",\"potentialAction\":[{\"@type\":\"ReadAction\",\"target\":[\"https:\/\/www.freebetbest.com\/vi\/trang-web-ca-cuoc\/\"]}]},{\"@type\":\"ImageObject\",\"inLanguage\":\"vi-VN\",\"@id\":\"https:\/\/www.freebetbest.com\/vi\/trang-web-ca-cuoc\/#primaryimage\",\"url\":\"https:\/\/www.freebetbest.com\/wp-content\/uploads\/2019\/07\/banner.jpg\",\"contentUrl\":\"https:\/\/www.freebetbest.com\/wp-content\/uploads\/2019\/07\/banner.jpg\",\"width\":449,\"height\":180,\"caption\":\"Trang web c\u00e1 c\u01b0\u1ee3c mi\u1ec5n ph\u00ed tr\u1ef1c tuy\u1ebfn \u1edf V\u01b0\u01a1ng qu\u1ed1c Anh\"},{\"@type\":\"BreadcrumbList\",\"@id\":\"https:\/\/www.freebetbest.com\/vi\/trang-web-ca-cuoc\/#breadcrumb\",\"itemListElement\":[{\"@type\":\"ListItem\",\"position\":1,\"name\":\"Home\",\"item\":\"https:\/\/www.freebetbest.com\/vi\/\"},{\"@type\":\"ListItem\",\"position\":2,\"name\":\"Ti\u1ec1n th\u01b0\u1edfng c\u00e1 c\u01b0\u1ee3c c\u1ee7a nh\u00e0 c\u00e1i\"}]},{\"@type\":\"WebSite\",\"@id\":\"https:\/\/www.freebetbest.com\/vi\/#website\",\"url\":\"https:\/\/www.freebetbest.com\/vi\/\",\"name\":\"Nh\u00e0 c\u00e1i c\u00e1 c\u01b0\u1ee3c tr\u1ef1c tuy\u1ebfn t\u1ed1t nh\u1ea5t | C\u00e1 C\u01b0\u1ee3c b\u00f3ng \u0111\u00e1 online t\u1ed1t nh\u1ea5t | Th\u00f4ng tin c\u00e1 c\u01b0\u1ee3c mi\u1ec5n ph\u00ed.\",\"description\":\"Nh\u00e0 c\u00e1i c\u00e1 c\u01b0\u1ee3c tr\u1ef1c tuy\u1ebfn t\u1ed1t nh\u1ea5t, C\u1ed5ng \u0111\u00e1nh b\u1ea1c h\u00e0ng \u0111\u1ea7u th\u1ebf gi\u1edbi, Cung c\u1ea5p th\u1ec3 thao, s\u00f2ng b\u1ea1c, poker, c\u00e1 c\u01b0\u1ee3c l\u00f4 t\u00f4 & di \u0111\u1ed9ng, Th\u00f4ng tin c\u00e1 c\u01b0\u1ee3c mi\u1ec5n ph\u00ed. Nh\u00e0 c\u00e1i c\u00e1 c\u01b0\u1ee3c tr\u1ef1c tuy\u1ebfn t\u1ed1t nh\u1ea5t Vi\u1ec7t Nam\",\"publisher\":{\"@id\":\"https:\/\/www.freebetbest.com\/vi\/#\/schema\/person\/292684ccf388a2362d507874c5b80a69\"},\"potentialAction\":[{\"@type\":\"SearchAction\",\"target\":{\"@type\":\"EntryPoint\",\"urlTemplate\":\"https:\/\/www.freebetbest.com\/vi\/?s={search_term_string}\"},\"query-input\":{\"@type\":\"PropertyValueSpecification\",\"valueRequired\":true,\"valueName\":\"search_term_string\"}}],\"inLanguage\":\"vi-VN\"},{\"@type\":[\"Person\",\"Organization\"],\"@id\":\"https:\/\/www.freebetbest.com\/vi\/#\/schema\/person\/292684ccf388a2362d507874c5b80a69\",\"name\":\"\u7ba1\u7406\",\"image\":{\"@type\":\"ImageObject\",\"inLanguage\":\"vi-VN\",\"@id\":\"https:\/\/www.freebetbest.com\/vi\/#\/schema\/person\/image\/\",\"url\":\"https:\/\/www.freebetbest.com\/wp-content\/litespeed\/avatar\/49696b52fb15293a2168c14964fdd8b9.jpg?ver=1777439934\",\"contentUrl\":\"https:\/\/www.freebetbest.com\/wp-content\/litespeed\/avatar\/49696b52fb15293a2168c14964fdd8b9.jpg?ver=1777439934\",\"caption\":\"\u7ba1\u7406\"},\"logo\":{\"@id\":\"https:\/\/www.freebetbest.com\/vi\/#\/schema\/person\/image\/\"},\"sameAs\":[\"admin\"]}]}<\/script>\n<!-- \/ Yoast SEO Premium plugin. -->","yoast_head_json":{"title":"Ti\u1ec1n th\u01b0\u1edfng c\u00e1 c\u01b0\u1ee3c c\u1ee7a nh\u00e0 c\u00e1i , Nh\u00e0 c\u00e1i Ch\u00e2u \u00c1 Ti\u1ec1n th\u01b0\u1edfng cho Kh\u00e1ch h\u00e0ng M\u1edbi.","description":"Ti\u1ec1n th\u01b0\u1edfng c\u00e1 c\u01b0\u1ee3c c\u1ee7a nh\u00e0 c\u00e1i , Nh\u00e0 c\u00e1i tr\u1ef1c tuy\u1ebfn t\u1ed1t nh\u1ea5t, s\u00f2ng b\u1ea1c, poker, Trang web c\u00e1 c\u01b0\u1ee3c mi\u1ec5n ph\u00ed tr\u1ef1c tuy\u1ebfn, Nh\u00e0 c\u00e1i ch\u00e2u \u00c1 Kh\u00e1ch h\u00e0ng m\u1edbi \u0110\u0103ng k\u00fd Ti\u1ec1n th\u01b0\u1edfng.","robots":{"index":"index","follow":"follow","max-snippet":"max-snippet:-1","max-image-preview":"max-image-preview:large","max-video-preview":"max-video-preview:-1"},"canonical":"https:\/\/www.freebetbest.com\/vi\/trang-web-ca-cuoc\/","og_locale":"vi_VN","og_type":"article","og_title":"Ti\u1ec1n th\u01b0\u1edfng c\u00e1 c\u01b0\u1ee3c c\u1ee7a nh\u00e0 c\u00e1i","og_description":"Ti\u1ec1n th\u01b0\u1edfng c\u00e1 c\u01b0\u1ee3c c\u1ee7a nh\u00e0 c\u00e1i , Nh\u00e0 c\u00e1i tr\u1ef1c tuy\u1ebfn t\u1ed1t nh\u1ea5t, s\u00f2ng b\u1ea1c, poker, Trang web c\u00e1 c\u01b0\u1ee3c mi\u1ec5n ph\u00ed tr\u1ef1c tuy\u1ebfn, Nh\u00e0 c\u00e1i ch\u00e2u \u00c1 Kh\u00e1ch h\u00e0ng m\u1edbi \u0110\u0103ng k\u00fd Ti\u1ec1n th\u01b0\u1edfng.","og_url":"https:\/\/www.freebetbest.com\/vi\/trang-web-ca-cuoc\/","og_site_name":"Nh\u00e0 c\u00e1i c\u00e1 c\u01b0\u1ee3c tr\u1ef1c tuy\u1ebfn t\u1ed1t nh\u1ea5t | C\u00e1 C\u01b0\u1ee3c b\u00f3ng \u0111\u00e1 online t\u1ed1t nh\u1ea5t | Th\u00f4ng tin c\u00e1 c\u01b0\u1ee3c mi\u1ec5n ph\u00ed.","article_modified_time":"2021-07-28T16:54:40+00:00","og_image":[{"width":449,"height":180,"url":"https:\/\/www.freebetbest.com\/wp-content\/uploads\/2019\/07\/banner.jpg","type":"image\/jpeg"}],"twitter_card":"summary_large_image","twitter_misc":{"Est. reading time":"3 minutes"},"schema":{"@context":"https:\/\/schema.org","@graph":[{"@type":"WebPage","@id":"https:\/\/www.freebetbest.com\/vi\/trang-web-ca-cuoc\/","url":"https:\/\/www.freebetbest.com\/vi\/trang-web-ca-cuoc\/","name":"Ti\u1ec1n th\u01b0\u1edfng c\u00e1 c\u01b0\u1ee3c c\u1ee7a nh\u00e0 c\u00e1i , Nh\u00e0 c\u00e1i Ch\u00e2u \u00c1 Ti\u1ec1n th\u01b0\u1edfng cho Kh\u00e1ch h\u00e0ng M\u1edbi.","isPartOf":{"@id":"https:\/\/www.freebetbest.com\/vi\/#website"},"primaryImageOfPage":{"@id":"https:\/\/www.freebetbest.com\/vi\/trang-web-ca-cuoc\/#primaryimage"},"image":{"@id":"https:\/\/www.freebetbest.com\/vi\/trang-web-ca-cuoc\/#primaryimage"},"thumbnailUrl":"https:\/\/www.freebetbest.com\/wp-content\/uploads\/2019\/07\/banner.jpg","datePublished":"2019-06-18T12:57:28+00:00","dateModified":"2021-07-28T16:54:40+00:00","description":"Ti\u1ec1n th\u01b0\u1edfng c\u00e1 c\u01b0\u1ee3c c\u1ee7a nh\u00e0 c\u00e1i , Nh\u00e0 c\u00e1i tr\u1ef1c tuy\u1ebfn t\u1ed1t nh\u1ea5t, s\u00f2ng b\u1ea1c, poker, Trang web c\u00e1 c\u01b0\u1ee3c mi\u1ec5n ph\u00ed tr\u1ef1c tuy\u1ebfn, Nh\u00e0 c\u00e1i ch\u00e2u \u00c1 Kh\u00e1ch h\u00e0ng m\u1edbi \u0110\u0103ng k\u00fd Ti\u1ec1n th\u01b0\u1edfng.","breadcrumb":{"@id":"https:\/\/www.freebetbest.com\/vi\/trang-web-ca-cuoc\/#breadcrumb"},"inLanguage":"vi-VN","potentialAction":[{"@type":"ReadAction","target":["https:\/\/www.freebetbest.com\/vi\/trang-web-ca-cuoc\/"]}]},{"@type":"ImageObject","inLanguage":"vi-VN","@id":"https:\/\/www.freebetbest.com\/vi\/trang-web-ca-cuoc\/#primaryimage","url":"https:\/\/www.freebetbest.com\/wp-content\/uploads\/2019\/07\/banner.jpg","contentUrl":"https:\/\/www.freebetbest.com\/wp-content\/uploads\/2019\/07\/banner.jpg","width":449,"height":180,"caption":"Trang web c\u00e1 c\u01b0\u1ee3c mi\u1ec5n ph\u00ed tr\u1ef1c tuy\u1ebfn \u1edf V\u01b0\u01a1ng qu\u1ed1c Anh"},{"@type":"BreadcrumbList","@id":"https:\/\/www.freebetbest.com\/vi\/trang-web-ca-cuoc\/#breadcrumb","itemListElement":[{"@type":"ListItem","position":1,"name":"Home","item":"https:\/\/www.freebetbest.com\/vi\/"},{"@type":"ListItem","position":2,"name":"Ti\u1ec1n th\u01b0\u1edfng c\u00e1 c\u01b0\u1ee3c c\u1ee7a nh\u00e0 c\u00e1i"}]},{"@type":"WebSite","@id":"https:\/\/www.freebetbest.com\/vi\/#website","url":"https:\/\/www.freebetbest.com\/vi\/","name":"Nh\u00e0 c\u00e1i c\u00e1 c\u01b0\u1ee3c tr\u1ef1c tuy\u1ebfn t\u1ed1t nh\u1ea5t | C\u00e1 C\u01b0\u1ee3c b\u00f3ng \u0111\u00e1 online t\u1ed1t nh\u1ea5t | Th\u00f4ng tin c\u00e1 c\u01b0\u1ee3c mi\u1ec5n ph\u00ed.","description":"Nh\u00e0 c\u00e1i c\u00e1 c\u01b0\u1ee3c tr\u1ef1c tuy\u1ebfn t\u1ed1t nh\u1ea5t, C\u1ed5ng \u0111\u00e1nh b\u1ea1c h\u00e0ng \u0111\u1ea7u th\u1ebf gi\u1edbi, Cung c\u1ea5p th\u1ec3 thao, s\u00f2ng b\u1ea1c, poker, c\u00e1 c\u01b0\u1ee3c l\u00f4 t\u00f4 & di \u0111\u1ed9ng, Th\u00f4ng tin c\u00e1 c\u01b0\u1ee3c mi\u1ec5n ph\u00ed. Nh\u00e0 c\u00e1i c\u00e1 c\u01b0\u1ee3c tr\u1ef1c tuy\u1ebfn t\u1ed1t nh\u1ea5t Vi\u1ec7t Nam","publisher":{"@id":"https:\/\/www.freebetbest.com\/vi\/#\/schema\/person\/292684ccf388a2362d507874c5b80a69"},"potentialAction":[{"@type":"SearchAction","target":{"@type":"EntryPoint","urlTemplate":"https:\/\/www.freebetbest.com\/vi\/?s={search_term_string}"},"query-input":{"@type":"PropertyValueSpecification","valueRequired":true,"valueName":"search_term_string"}}],"inLanguage":"vi-VN"},{"@type":["Person","Organization"],"@id":"https:\/\/www.freebetbest.com\/vi\/#\/schema\/person\/292684ccf388a2362d507874c5b80a69","name":"\u7ba1\u7406","image":{"@type":"ImageObject","inLanguage":"vi-VN","@id":"https:\/\/www.freebetbest.com\/vi\/#\/schema\/person\/image\/","url":"https:\/\/www.freebetbest.com\/wp-content\/litespeed\/avatar\/49696b52fb15293a2168c14964fdd8b9.jpg?ver=1777439934","contentUrl":"https:\/\/www.freebetbest.com\/wp-content\/litespeed\/avatar\/49696b52fb15293a2168c14964fdd8b9.jpg?ver=1777439934","caption":"\u7ba1\u7406"},"logo":{"@id":"https:\/\/www.freebetbest.com\/vi\/#\/schema\/person\/image\/"},"sameAs":["admin"]}]}},"_links":{"self":[{"href":"https:\/\/www.freebetbest.com\/vi\/wp-json\/wp\/v2\/pages\/3065","targetHints":{"allow":["GET"]}}],"collection":[{"href":"https:\/\/www.freebetbest.com\/vi\/wp-json\/wp\/v2\/pages"}],"about":[{"href":"https:\/\/www.freebetbest.com\/vi\/wp-json\/wp\/v2\/types\/page"}],"author":[{"embeddable":true,"href":"https:\/\/www.freebetbest.com\/vi\/wp-json\/wp\/v2\/users\/1"}],"replies":[{"embeddable":true,"href":"https:\/\/www.freebetbest.com\/vi\/wp-json\/wp\/v2\/comments?post=3065"}],"version-history":[{"count":0,"href":"https:\/\/www.freebetbest.com\/vi\/wp-json\/wp\/v2\/pages\/3065\/revisions"}],"wp:featuredmedia":[{"embeddable":true,"href":"https:\/\/www.freebetbest.com\/vi\/wp-json\/wp\/v2\/media\/3066"}],"wp:attachment":[{"href":"https:\/\/www.freebetbest.com\/vi\/wp-json\/wp\/v2\/media?parent=3065"}],"curies":[{"name":"wp","href":"https:\/\/api.w.org\/{rel}","templated":true}]}}