{"id":3043,"date":"2019-06-19T14:03:44","date_gmt":"2019-06-19T14:03:44","guid":{"rendered":"https:\/\/www.freebetbest.com\/cuoc-the-thao-a-z\/"},"modified":"2021-07-28T17:39:35","modified_gmt":"2021-07-28T17:39:35","slug":"ca-cuoc-the-thao","status":"publish","type":"page","link":"https:\/\/www.freebetbest.com\/vi\/ca-cuoc-the-thao\/","title":{"rendered":"C\u00e1 c\u01b0\u1ee3c s\u00f2ng b\u1ea1c th\u1ec3 thao"},"content":{"rendered":"<h2>C\u00e1 c\u01b0\u1ee3c th\u1ec3 thao &#8211; c\u00e1ch ch\u1ecdn k\u00e8o tr\u1ef1c tuy\u1ebfn ph\u00f9 h\u1ee3p v\u1edbi b\u1ea1n<\/h2>\n<p>M\u1ed9t y\u1ebfu t\u1ed1 quan tr\u1ecdng trong vi\u1ec7c t\u00ecm ki\u1ebfm c\u00e1 c\u01b0\u1ee3c th\u1ec3 thao ph\u00f9 h\u1ee3p v\u1edbi b\u1ea1n. D\u1ef1a tr\u00ean s\u1edf th\u00edch c\u00e1 nh\u00e2n h\u00f3a, nh\u01b0ng c\u0169ng c\u00f3 m\u1ed9t s\u1ed1 hy v\u1ecdng b\u00ecnh th\u01b0\u1eddng \u0111\u01b0\u1ee3c li\u1ec7t k\u00ea. H\u1ea7u h\u1ebft nh\u1eefng th\u1ee9 y\u00eau th\u00edch c\u1ee7a ng\u01b0\u1eddi ti\u00eau d\u00f9ng, ch\u1eb3ng h\u1ea1n nh\u01b0 m\u1ed9t n\u1ec1n t\u1ea3ng v\u1eefng ch\u1eafc v\u00e0 m\u1ed9t lo\u1ea1t c\u00e1c s\u1ea3n ph\u1ea9m khuy\u1ebfn m\u1ea1i.<\/p>\n<p>Ch\u00fang t\u00f4i s\u1ebd ki\u1ec3m tra n\u00f3 m\u1ed9t ch\u00fat. C\u00e1c nh\u00e0 khai th\u00e1c g\u1eafn th\u1ebb trong t\u1ea5t c\u1ea3 c\u00e1c l\u0129nh v\u1ef1c n\u00e0y. Ngo\u00e0i nh\u1eefng th\u1ee9 c\u1ea7n thi\u1ebft, b\u1ea1n s\u1ebd mu\u1ed1n t\u00ecm m\u1ed9t c\u00e1i. C\u00f3 th\u1ec3 cung c\u1ea5p m\u1ed9t s\u1ed1 cho qu\u1ef9 c\u1ee7a b\u1ea1n. M\u1ed9t ngu\u1ed3n d\u1ef1 tr\u1eef c\u00f3 gi\u00e1 tr\u1ecb \u0111\u00e1ng tin c\u1eady, c\u0169ng nh\u01b0 m\u1ed9t ch\u1ee7 s\u1edf h\u1eefu t\u1eadp trung v\u00e0o c\u00e1c c\u00f4ng ty c\u00e1 c\u01b0\u1ee3c.<\/p>\n<h2>Nh\u1eadn c\u01a1 h\u1ed9i t\u1ed1t nh\u1ea5t trong c\u00e1 c\u01b0\u1ee3c th\u1ec3 thao<\/h2>\n<p>V\u00e0 b\u1ea1n s\u1ebd t\u00ecm th\u1ea5y h\u1ea7u h\u1ebft ch\u00fang. C\u00f3 t\u01b0\u01a1ng \u0111\u1ed1i \u00edt lo\u1ea1i to\u00e1n t\u1eed quan tr\u1ecdng. Nh\u1eefng ng\u01b0\u1eddi ch\u01b0a \u0111\u01b0\u1ee3c ch\u00fa \u00fd s\u1ebd \u0111\u01b0\u1ee3c ch\u00fa \u00fd, n\u1ebfu \u0111i\u1ec1u n\u00e0y x\u1ea3y ra, nh\u1eefng ng\u01b0\u1eddi \u0111\u1eb7t c\u01b0\u1ee3c \u0111\u00e3 x\u00e1c \u0111\u1ecbnh r\u00f5. S\u1ebd s\u00e0 qua. Ch\u1ecdn m\u1ed9t<a href=\"https:\/\/www.freebetsinfo.co.uk\/europe-bookmakers\/\"> nh\u00e0 c\u00e1i c\u00e1 c\u01b0\u1ee3c<\/a> cho m\u1ed9t m\u00f4n th\u1ec3 thao c\u1ee5 th\u1ec3. T\u00ecm nhi\u1ec1u \u01b0u \u0111\u00e3i c\u00e1 c\u01b0\u1ee3c th\u1ec3 thao v\u00e0 ti\u1ec1n th\u01b0\u1edfng khi \u0111\u0103ng k\u00fd m\u1edbi l\u00e0 \u0111i\u1ec1u ki\u1ec7n \u0111\u1ea7u ti\u00ean.<\/p>\n<h3>Trang web c\u1edd b\u1ea1c ho\u1ea1t \u0111\u1ed9ng th\u1ec3 thao<\/h3>\n<p>B\u1ea5t k\u1ef3 c\u00e1 c\u01b0\u1ee3c th\u1ec3 thao n\u00e0o. T\u1ea5t c\u1ea3 \u0111\u1ec1u c\u00f3 ch\u01b0\u01a1ng tr\u00ecnh kh\u00e1ch h\u00e0ng th\u00e2n thi\u1ebft. N\u1ebfu b\u1ea1n c\u00f3 th\u1ec3 d\u1ef1 \u0111\u1ecbnh th\u1ef1c hi\u1ec7n b\u1ea5t k\u1ef3 c\u01b0\u1ee3c n\u00e0o. Ki\u1ebfm th\u00eam ti\u1ec1n th\u01b0\u1edfng l\u00e0 m\u1ed9t l\u1ee3i th\u1ebf r\u1ea5t l\u1edbn. C\u00e1c nh\u00e0 \u0111i\u1ec1u h\u00e0nh c\u00e1 c\u01b0\u1ee3c th\u1ec3 thao. Ti\u1ebfp t\u1ee5c c\u00f3 nhi\u1ec1u c\u00e1ch \u0111\u1ec3 k\u1ebft h\u1ee3p s\u00f2ng b\u1ea1c v\u1edbi th\u1ec3 thao v\u1ec1 m\u1eb7t n\u00e0y, nh\u01b0ng m\u1ed9t s\u1ed1 nh\u00e0 khai th\u00e1c \u0111\u00e3 \u0111i tr\u01b0\u1edbc c\u00e1c tr\u00f2 ch\u01a1i tr\u1ef1c tuy\u1ebfn. C\u00f3 m\u1ed9t s\u1ed1 nh\u00e0 c\u00e1i r\u1ea5t t\u1ed1t cung c\u1ea5p c\u00e1c \u1ee9ng d\u1ee5ng th\u1ef1c t\u1ebf. Ph\u1ea7n m\u1ec1m \u0111\u1ed5i th\u01b0\u1edfng cho ng\u01b0\u1eddi ch\u01a1i.<\/p>\n<h3>Ti\u1ec1n th\u01b0\u1edfng v\u00e0 khuy\u1ebfn m\u00e3i<\/h3>\n<p>C\u00e1 c\u01b0\u1ee3c th\u1ec3 thao \u0111\u01b0\u1ee3c cung c\u1ea5p. R\u1ea5t nhi\u1ec1u ph\u1ea7n th\u01b0\u1edfng v\u00e0 khuy\u1ebfn m\u00e3i. \u0110\u00e2y c\u00f3 th\u1ec3 l\u00e0 m\u1ed9t th\u1eddi \u0111i\u1ec3m, ho\u1eb7c n\u00f3 c\u00f3 th\u1ec3 l\u00e0 m\u1ed9t s\u1ef1 l\u1ef1a ch\u1ecdn li\u00ean t\u1ee5c, c\u00f3 r\u1ea5t nhi\u1ec1u tr\u00ean th\u1ecb tr\u01b0\u1eddng. C\u00e1c \u0111i\u1ec3m \u0111\u1ec3 l\u1ef1a ch\u1ecdn. Sau \u0111\u00e2y l\u00e0 ph\u1ea7n gi\u1edbi thi\u1ec7u ng\u1eafn g\u1ecdn v\u1ec1 m\u1ed9t s\u1ed1 lo\u1ea1i ph\u1ed5 bi\u1ebfn h\u01a1n.<\/p>\n<h3>T\u00f9y ch\u1ecdn cho c\u00e1c ho\u1ea1t \u0111\u1ed9ng th\u1ec3 thao tr\u1ef1c tuy\u1ebfn ch\u1ecdn c\u1edd b\u1ea1c<\/h3>\n<p>Trang web c\u00e1 c\u01b0\u1ee3c th\u1ec3 thao tuy\u1ec7t v\u1eddi. \u0110\u1ed1i v\u1edbi t\u1eeb tr\u00f2 ch\u01a1i tr\u1ef1c tuy\u1ebfn. M\u1ed9t c\u00e1ch kh\u00e1c \u0111\u1ec3 nh\u1eadn \u0111\u01b0\u1ee3c m\u1ed9t s\u1ed1 ti\u1ec1n th\u01b0\u1edfng v\u00e0 chi\u1ebft kh\u1ea5u, vui l\u00f2ng xem x\u00e9t c\u00e1c m\u00f4n th\u1ec3 thao h\u00e0ng ng\u00e0y. V\u1edbi l\u01b0\u1ee3ng kh\u00e1ch h\u00e0ng r\u1ea5t trung th\u00e0nh, ho\u1ea1t \u0111\u1ed9ng kinh doanh s\u1ebd v\u1eabn duy tr\u00ec \u0111\u00e0 ph\u00e1t tri\u1ec3n m\u1ea1nh m\u1ebd v\u00e0 s\u1ebd c\u00f2n r\u1ea5t nhi\u1ec1u d\u01b0 \u0111\u1ecba. L\u00e0m cho ng\u01b0\u1eddi d\u00f9ng cu\u1ed1i m\u1edbi h\u00e0i l\u00f2ng.<\/p>\n<h3>C\u00e1c trang web c\u00e1 c\u01b0\u1ee3c cung c\u1ea5p nhi\u1ec1u ho\u1ea1t \u0111\u1ed9ng th\u1ec3 thao ch\u00ednh kh\u00e1c nhau<\/h3>\n<p>B\u1ea1n c\u00f3 th\u1ec3 xem x\u00e9t x\u00e1c su\u1ea5t tham gia gi\u1ea3i \u0111\u1ea5u c\u1ee7a m\u00ecnh, \u0111i\u1ec1u n\u00e0y g\u1ea7n nh\u01b0 l\u00e0 c\u00f3. B\u1ea1n c\u00f3 c\u01a1 h\u1ed9i nh\u00e2n \u0111\u00f4i s\u1ed1 ti\u1ec1n th\u1eafng c\u01b0\u1ee3c ho\u1eb7c ch\u1ecdn \u0111\u1eb7t c\u01b0\u1ee3c quy m\u00f4 l\u1edbn. \u0110\u1ea3m b\u1ea3o s\u1ef1 s\u00f4i n\u1ed5i c\u1ee7a gi\u1ea3i \u0111\u1ea5u c\u00f3 th\u01b0\u1edfng.<\/p>\n<p>Th\u1eadt kinh ng\u1ea1c. Gi\u1ea3i nh\u1ea5t cu\u1ed9c thi l\u00e0 1 tri\u1ec7u \u0111\u00f4 la M\u1ef9. H\u1ecd c\u00f3 th\u1ec3 mang l\u1ea1i nhi\u1ec1u ng\u01b0\u1eddi d\u00f9ng nh\u1ea5t. V\u00e0 mang l\u1ea1i l\u1ee3i nhu\u1eadn l\u1edbn nh\u1ea5t, nh\u01b0ng \u0111\u1ed1i v\u1edbi nh\u1eefng c\u00e1 nh\u00e2n t\u00ecm c\u00e1ch k\u1ebft h\u1ee3p n\u00f3, th\u1ef1c s\u1ef1 ch\u1ec9 c\u00f3 nh\u1eefng l\u1ef1a ch\u1ecdn nh\u1ecf. B\u1ea1n s\u1ebd t\u00ecm th\u1ea5y nhi\u1ec1u h\u01a1n trong danh s\u00e1ch c\u1ee7a ch\u00fang t\u00f4i v\u1ec1<a href=\"https:\/\/www.freebetbest.com\/betting-sites\/\"> nh\u00e0 c\u00e1i<\/a> .<\/p>\n<h3>\u1ee8ng d\u1ee5ng c\u00e1 c\u01b0\u1ee3c th\u1ec3 thao<\/h3>\n<p>\u1ee8ng d\u1ee5ng c\u00e1 c\u01b0\u1ee3c ho\u1ea1t \u0111\u1ed9ng th\u1ec3 thao. Cung c\u1ea5p cao c\u1ea5p cho ng\u01b0\u1eddi d\u00f9ng cu\u1ed1i. C\u00e1 c\u01b0\u1ee3c th\u1ec3 thao ch\u00e2n ch\u00ednh. H\u1ea7u h\u1ebft c\u00e1c nh\u00e0 khai th\u00e1c t\u1ed1t nh\u1ea5t. T\u1ea5t c\u1ea3 \u0111\u1ec1u c\u00f3 kh\u00e1ch h\u00e0ng di \u0111\u1ed9ng. Ch\u00fang kh\u00f4ng c\u00f3 \u1ee9ng d\u1ee5ng \u1edf m\u1ed9t s\u1ed1 th\u1ecb tr\u01b0\u1eddng. Th\u00f4ng th\u01b0\u1eddng trang web c\u1ee7a h\u1ecd \u0111\u01b0\u1ee3c t\u1ed1i \u01b0u h\u00f3a ho\u00e0n to\u00e0n \u0111\u1ec3 c\u00f3 hi\u1ec7u qu\u1ea3 tr\u00ean \u0111i\u1ec7n tho\u1ea1i di \u0111\u1ed9ng.<\/p>\n<p>B\u1eb1ng c\u00e1ch s\u1eed d\u1ee5ng c\u00e1c li\u00ean k\u1ebft ng\u01b0\u1ee3c \u0111\u1ed9c quy\u1ec1n c\u1ee7a ch\u00fang t\u00f4i. Sau khi t\u1ea1o t\u00e0i kho\u1ea3n, b\u1ea1n s\u1ebd c\u00f3 th\u1ec3 b\u1eaft \u0111\u1ea7u t\u1ea3i \u1ee9ng d\u1ee5ng t\u1eeb trang web c\u1ee7a nh\u00e0 \u0111i\u1ec1u h\u00e0nh. Khi giai \u0111o\u1ea1n n\u00e0y \u0111\u01b0\u1ee3c th\u1ef1c hi\u1ec7n, ch\u1ec9 c\u1ea7n \u0111\u0103ng nh\u1eadp v\u00e0o di \u0111\u1ed9ng v\u00e0 b\u1ea1n c\u00f3 th\u1ec3 b\u1eaft \u0111\u1ea7u \u0111\u1eb7t c\u01b0\u1ee3c.<\/p>\n<h3>Ph\u00e2n kh\u00fac th\u1ecb tr\u01b0\u1eddng c\u00e1 c\u01b0\u1ee3c th\u1ec3 thao<\/h3>\n<p>B\u1ea1n c\u00f3 th\u1ec3 qu\u1ea3n l\u00fd n\u00f3 tr\u1ef1c tuy\u1ebfn. B\u1ea1n n\u00ean qu\u1ea3n l\u00fd m\u1ecdi th\u1ee9 tr\u1eeb c\u00e1c y\u00eau c\u1ea7u c\u1ee5 th\u1ec3. Trong c\u00e1 c\u01b0\u1ee3c th\u1ec3 thao. Nam ho\u1eb7c n\u1eef \u0111\u0103ng k\u00fd c\u00e1 c\u01b0\u1ee3c th\u1ec3 thao. Ch\u00fang t\u00f4i s\u1ebd trong m\u1ed9t s\u1ed1 tr\u01b0\u1eddng h\u1ee3p. C\u00f3 m\u1ed9t s\u1ed1 th\u00f4ng tin chi ti\u1ebft v\u1ec1 \u0111\u1eb7c \u0111i\u1ec3m k\u1ef9 thu\u1eadt theo t\u1eebng \u0111i\u1ec1u ki\u1ec7n.<\/p>\n<p>\u0110\u1ec3 kh\u00e1m ph\u00e1 \u0111\u1ea7y \u0111\u1ee7 c\u00e1c \u0111\u1eb7t c\u01b0\u1ee3c, b\u1ea1n c\u1ea7n ph\u1ea3i c\u00f3 trong m\u1ed9t ph\u00e1c th\u1ea3o r\u00f5 r\u00e0ng. \u0110\u1ec3 c\u00f3 th\u1ec3 x\u00e1c minh danh t\u00ednh c\u1ee7a b\u1ea1n, nh\u00e0 \u0111i\u1ec1u h\u00e0nh s\u1eed d\u1ee5ng n\u00f3. Th\u01b0\u1eddng \u0111\u01b0\u1ee3c g\u1ecdi l\u00e0 gi\u00e1m s\u00e1t \u0111\u1ecbnh v\u1ecb \u0111\u1ecba l\u00fd. \u0110\u00e2y l\u00e0 sau khi mua l\u1ea1i c\u01a1 b\u1ea3n. Ngay sau \u0111\u00f3 trong h\u1ed3 s\u01a1 theo d\u00f5i. Khu v\u1ef1c c\u1ee7a ch\u01b0\u01a1ng tr\u00ecnh ph\u1ea7n m\u1ec1m \u0111ang ch\u1ea1y.<\/p>\n<h3>L\u00e0m th\u1ebf n\u00e0o \u0111\u1ec3 c\u00f3 \u0111\u01b0\u1ee3c c\u01a1 h\u1ed9i c\u00e1 c\u01b0\u1ee3c t\u1ed1t nh\u1ea5t v\u00e0 ti\u1ec1n th\u01b0\u1edfng phong ph\u00fa<\/h3>\n<p>Tr\u01b0\u1edbc khi \u0111\u1eb7t c\u01b0\u1ee3c, h\u00e3y d\u00e0nh th\u1eddi gian \u0111\u1ec3 ch\u1eafc ch\u1eafn. B\u1ea1n nh\u1eadn \u0111\u01b0\u1ee3c chi ph\u00ed ho\u00e0n h\u1ea3o. Lu\u00f4n lu\u00f4n l\u00e0 m\u1ed9t \u00fd t\u01b0\u1edfng t\u1ed1t. M\u1ed9t s\u1ed1 c\u01b0\u1ee3c kh\u00e1c nhau \u0111\u00e1ng k\u1ec3. N\u00f3 c\u00f3 v\u1ebb kh\u00f4ng l\u1edbn, nh\u01b0ng v\u1ec1 l\u00e2u d\u00e0i, n\u00f3 ch\u1eafc ch\u1eafn c\u00f3 th\u1ec3 c\u00f3 l\u1ee3i th\u1ebf. N\u00ean s\u1eed d\u1ee5ng nh\u1eefng nh\u00e0 c\u00e1i c\u00f3 t\u1ef7 l\u1ec7 c\u01b0\u1ee3c cao h\u01a1n.<\/p>\n<p>T\u1ef7 l\u1ec7 c\u01b0\u1ee3c th\u1eddi gian th\u1ef1c c\u1ee7a ch\u00fang t\u00f4i. Cung c\u1ea5p m\u1ed9t v\u1ecb tr\u00ed tuy\u1ec7t v\u1eddi \u0111\u1ec3 nhanh ch\u00f3ng v\u00e0 d\u1ec5 d\u00e0ng ki\u1ec3m tra t\u1ef7 gi\u00e1 h\u1ed1i \u0111o\u00e1i \u1edf nhi\u1ec1u \u0111\u1ecba \u0111i\u1ec3m. Ch\u00fang t\u00f4i \u0111ang c\u00f3 nhi\u1ec1u h\u01b0\u1edbng d\u1eabn. Theo d\u00f5i gi\u00e1, c\u00f3 ngh\u0129a l\u00e0 b\u1ea1n. B\u1ea1n kh\u00f4ng c\u1ea7n ph\u1ea3i l\u00e0m \u0111i\u1ec1u n\u00e0y, v\u00ec v\u1eady h\u00e3y \u0111\u1ea3m b\u1ea3o r\u1eb1ng b\u1ea1n \u0111\u00e3 \u0111\u00e1nh d\u1ea5u trang. V\u00e0 s\u1eb5n s\u00e0ng xem b\u1ea5t c\u1ee9 l\u00fac n\u00e0o.<\/p>\n","protected":false},"excerpt":{"rendered":"<p>C\u00e1 c\u01b0\u1ee3c s\u00f2ng b\u1ea1c th\u1ec3 thao &#8211; t\u1ea5t c\u1ea3 c\u00e1c \u01b0u \u0111\u00e3i c\u00e1 c\u01b0\u1ee3c s\u00f2ng b\u1ea1c th\u1ec3 thao v\u00e0 ti\u1ec1n th\u01b0\u1edfng kh\u00e1ch h\u00e0ng m\u1edbi \u0111\u01b0\u1ee3c li\u1ec7t k\u00ea t\u1ea1i \u0111\u00e2y<\/p>\n<div class=\"hero-cup-section\">\n<div class=\"row mb-4\">\n<div class=\"col-md-7\">\n<div class=\"section-area\">\n<div class=\"section-list\">\n<li style=\"text-align: left\"><img decoding=\"async\" src=\"https:\/\/www.freebetbest.com\/wp-content\/uploads\/2021\/06\/tick.png\" alt=\"C\u00e1c m\u00f4n th\u1ec3 thao\"> Casino th\u1ec3 thao ti\u1ec1n th\u01b0\u1edfng ch\u00e0o m\u1eebng.<\/li>\n<li style=\"text-align: left\"><img decoding=\"async\" src=\"https:\/\/www.freebetbest.com\/wp-content\/uploads\/2021\/06\/tick.png\" alt=\"cung c\u1ea5p tr\u00f2 ch\u01a1i\"> \u01afu \u0111\u00e3i v\u00e0 khuy\u1ebfn m\u00e3i c\u1ee7a nh\u00e0 c\u00e1i tr\u1ef1c tuy\u1ebfn.<\/li>\n<li style=\"text-align: left\"><img decoding=\"async\" src=\"https:\/\/www.freebetbest.com\/wp-content\/uploads\/2021\/06\/tick.png\" alt=\"cung c\u1ea5p tr\u00f2 ch\u01a1i\"> C\u00e1c nh\u00e0 c\u00e1i tr\u1ef1c tuy\u1ebfn t\u1ed1t nh\u1ea5t m\u00e0 b\u1ea1n c\u00f3 th\u1ec3 tin t\u01b0\u1edfng.<\/li>\n<li style=\"text-align: left\"><img decoding=\"async\" src=\"https:\/\/www.freebetbest.com\/wp-content\/uploads\/2021\/06\/tick.png\" alt=\"C\u00f3 th\u1ea9m quy\u1ec1n\"> \u0110\u00e1nh gi\u00e1 c\u00f3 th\u1ea9m quy\u1ec1n An to\u00e0n \u0111\u00e1ng tin c\u1eady.<\/li>\n<li style=\"text-align: left\"><img decoding=\"async\" src=\"https:\/\/www.freebetbest.com\/wp-content\/uploads\/2021\/06\/tick.png\" alt=\"R\u00fat ti\u1ec1n nhanh ch\u00f3ng\"> H\u1ed7 tr\u1ee3 APP di \u0111\u1ed9ng, R\u00fat ti\u1ec1n nhanh ch\u00f3ng.<\/li>\n<li style=\"text-align: left\"><img decoding=\"async\" src=\"https:\/\/www.freebetbest.com\/wp-content\/uploads\/2021\/06\/tick.png\" alt=\"H\u1ed7 tr\u1ee3 kh\u00e1ch h\u00e0ng\"> H\u1ed7 tr\u1ee3 kh\u00e1ch h\u00e0ng: 365 ng\u00e0y, 24 gi\u1edd m\u1ed9t ng\u00e0y.<\/li>\n<\/div>\n<\/div>\n<\/div>\n<div class=\"col-md-5\">\n<div class=\"cup-img\"><img decoding=\"async\" src=\"https:\/\/www.freebetbest.com\/wp-content\/uploads\/2021\/06\/sports-casino.png\" alt=\"freebetbest\"><\/div>\n<\/div>\n<\/div>\n","protected":false},"author":1,"featured_media":129076,"parent":0,"menu_order":0,"comment_status":"closed","ping_status":"closed","template":"all-az-template.php","meta":{"footnotes":""},"class_list":["post-3043","page","type-page","status-publish","has-post-thumbnail","hentry"],"yoast_head":"<!-- This site is optimized with the Yoast SEO Premium plugin v19.5 (Yoast SEO v27.0) - https:\/\/yoast.com\/product\/yoast-seo-premium-wordpress\/ -->\n<title>c\u00e1 c\u01b0\u1ee3c th\u1ec3 thao | Nh\u00e0 c\u00e1i t\u1ed1t nh\u1ea5t | C\u01b0\u1ee3c mi\u1ec5n ph\u00ed kh\u00f4ng c\u1ea7n \u0111\u1eb7t c\u1ecdc<\/title>\n<meta name=\"description\" content=\"Nh\u00e0 c\u00e1i tr\u1ef1c tuy\u1ebfn t\u1ed1t nh\u1ea5t, s\u00f2ng b\u1ea1c, poker, bingo v\u00e0 c\u00e1 c\u01b0\u1ee3c di \u0111\u1ed9ng, C\u00e1 c\u01b0\u1ee3c s\u00f2ng b\u1ea1c th\u1ec3 thao s\u00f2ng b\u1ea1c tr\u1ef1c tuy\u1ebfn, trang web c\u00e1 c\u01b0\u1ee3c tr\u1ef1c tuy\u1ebfn t\u1ed1t nh\u1ea5t.\" \/>\n<meta name=\"robots\" content=\"index, follow, max-snippet:-1, max-image-preview:large, max-video-preview:-1\" \/>\n<link rel=\"canonical\" href=\"https:\/\/www.freebetbest.com\/vi\/ca-cuoc-the-thao\/\" \/>\n<meta property=\"og:locale\" content=\"vi_VN\" \/>\n<meta property=\"og:type\" content=\"article\" \/>\n<meta property=\"og:title\" content=\"C\u00e1 c\u01b0\u1ee3c s\u00f2ng b\u1ea1c th\u1ec3 thao\" \/>\n<meta property=\"og:description\" content=\"Nh\u00e0 c\u00e1i tr\u1ef1c tuy\u1ebfn t\u1ed1t nh\u1ea5t, s\u00f2ng b\u1ea1c, poker, bingo v\u00e0 c\u00e1 c\u01b0\u1ee3c di \u0111\u1ed9ng, C\u00e1 c\u01b0\u1ee3c s\u00f2ng b\u1ea1c th\u1ec3 thao s\u00f2ng b\u1ea1c tr\u1ef1c tuy\u1ebfn, trang web c\u00e1 c\u01b0\u1ee3c tr\u1ef1c tuy\u1ebfn t\u1ed1t nh\u1ea5t.\" \/>\n<meta property=\"og:url\" content=\"https:\/\/www.freebetbest.com\/vi\/ca-cuoc-the-thao\/\" \/>\n<meta property=\"og:site_name\" content=\"Nh\u00e0 c\u00e1i c\u00e1 c\u01b0\u1ee3c tr\u1ef1c tuy\u1ebfn t\u1ed1t nh\u1ea5t | C\u00e1 C\u01b0\u1ee3c b\u00f3ng \u0111\u00e1 online t\u1ed1t nh\u1ea5t | Th\u00f4ng tin c\u00e1 c\u01b0\u1ee3c mi\u1ec5n ph\u00ed.\" \/>\n<meta property=\"article:modified_time\" content=\"2021-07-28T17:39:35+00:00\" \/>\n<meta property=\"og:image\" content=\"https:\/\/www.freebetbest.com\/wp-content\/uploads\/2021\/06\/all-sports-casino-1.jpg\" \/>\n\t<meta property=\"og:image:width\" content=\"650\" \/>\n\t<meta property=\"og:image:height\" content=\"371\" \/>\n\t<meta property=\"og:image:type\" content=\"image\/jpeg\" \/>\n<meta name=\"twitter:card\" content=\"summary_large_image\" \/>\n<meta name=\"twitter:label1\" content=\"Est. reading time\" \/>\n\t<meta name=\"twitter:data1\" content=\"3 minutes\" \/>\n<script type=\"application\/ld+json\" class=\"yoast-schema-graph\">{\"@context\":\"https:\/\/schema.org\",\"@graph\":[{\"@type\":\"WebPage\",\"@id\":\"https:\/\/www.freebetbest.com\/vi\/ca-cuoc-the-thao\/\",\"url\":\"https:\/\/www.freebetbest.com\/vi\/ca-cuoc-the-thao\/\",\"name\":\"c\u00e1 c\u01b0\u1ee3c th\u1ec3 thao | Nh\u00e0 c\u00e1i t\u1ed1t nh\u1ea5t | C\u01b0\u1ee3c mi\u1ec5n ph\u00ed kh\u00f4ng c\u1ea7n \u0111\u1eb7t c\u1ecdc\",\"isPartOf\":{\"@id\":\"https:\/\/www.freebetbest.com\/vi\/#website\"},\"primaryImageOfPage\":{\"@id\":\"https:\/\/www.freebetbest.com\/vi\/ca-cuoc-the-thao\/#primaryimage\"},\"image\":{\"@id\":\"https:\/\/www.freebetbest.com\/vi\/ca-cuoc-the-thao\/#primaryimage\"},\"thumbnailUrl\":\"https:\/\/www.freebetbest.com\/wp-content\/uploads\/2021\/06\/all-sports-casino-1.jpg\",\"datePublished\":\"2019-06-19T14:03:44+00:00\",\"dateModified\":\"2021-07-28T17:39:35+00:00\",\"description\":\"Nh\u00e0 c\u00e1i tr\u1ef1c tuy\u1ebfn t\u1ed1t nh\u1ea5t, s\u00f2ng b\u1ea1c, poker, bingo v\u00e0 c\u00e1 c\u01b0\u1ee3c di \u0111\u1ed9ng, C\u00e1 c\u01b0\u1ee3c s\u00f2ng b\u1ea1c th\u1ec3 thao s\u00f2ng b\u1ea1c tr\u1ef1c tuy\u1ebfn, trang web c\u00e1 c\u01b0\u1ee3c tr\u1ef1c tuy\u1ebfn t\u1ed1t nh\u1ea5t.\",\"breadcrumb\":{\"@id\":\"https:\/\/www.freebetbest.com\/vi\/ca-cuoc-the-thao\/#breadcrumb\"},\"inLanguage\":\"vi-VN\",\"potentialAction\":[{\"@type\":\"ReadAction\",\"target\":[\"https:\/\/www.freebetbest.com\/vi\/ca-cuoc-the-thao\/\"]}]},{\"@type\":\"ImageObject\",\"inLanguage\":\"vi-VN\",\"@id\":\"https:\/\/www.freebetbest.com\/vi\/ca-cuoc-the-thao\/#primaryimage\",\"url\":\"https:\/\/www.freebetbest.com\/wp-content\/uploads\/2021\/06\/all-sports-casino-1.jpg\",\"contentUrl\":\"https:\/\/www.freebetbest.com\/wp-content\/uploads\/2021\/06\/all-sports-casino-1.jpg\",\"width\":650,\"height\":371,\"caption\":\"t\u1ea5t c\u1ea3 c\u00e1c s\u00f2ng b\u1ea1c th\u1ec3 thao\"},{\"@type\":\"BreadcrumbList\",\"@id\":\"https:\/\/www.freebetbest.com\/vi\/ca-cuoc-the-thao\/#breadcrumb\",\"itemListElement\":[{\"@type\":\"ListItem\",\"position\":1,\"name\":\"Home\",\"item\":\"https:\/\/www.freebetbest.com\/vi\/\"},{\"@type\":\"ListItem\",\"position\":2,\"name\":\"C\u00e1 c\u01b0\u1ee3c s\u00f2ng b\u1ea1c th\u1ec3 thao\"}]},{\"@type\":\"WebSite\",\"@id\":\"https:\/\/www.freebetbest.com\/vi\/#website\",\"url\":\"https:\/\/www.freebetbest.com\/vi\/\",\"name\":\"Nh\u00e0 c\u00e1i c\u00e1 c\u01b0\u1ee3c tr\u1ef1c tuy\u1ebfn t\u1ed1t nh\u1ea5t | C\u00e1 C\u01b0\u1ee3c b\u00f3ng \u0111\u00e1 online t\u1ed1t nh\u1ea5t | Th\u00f4ng tin c\u00e1 c\u01b0\u1ee3c mi\u1ec5n ph\u00ed.\",\"description\":\"Nh\u00e0 c\u00e1i c\u00e1 c\u01b0\u1ee3c tr\u1ef1c tuy\u1ebfn t\u1ed1t nh\u1ea5t, C\u1ed5ng \u0111\u00e1nh b\u1ea1c h\u00e0ng \u0111\u1ea7u th\u1ebf gi\u1edbi, Cung c\u1ea5p th\u1ec3 thao, s\u00f2ng b\u1ea1c, poker, c\u00e1 c\u01b0\u1ee3c l\u00f4 t\u00f4 & di \u0111\u1ed9ng, Th\u00f4ng tin c\u00e1 c\u01b0\u1ee3c mi\u1ec5n ph\u00ed. Nh\u00e0 c\u00e1i c\u00e1 c\u01b0\u1ee3c tr\u1ef1c tuy\u1ebfn t\u1ed1t nh\u1ea5t Vi\u1ec7t Nam\",\"publisher\":{\"@id\":\"https:\/\/www.freebetbest.com\/vi\/#\/schema\/person\/292684ccf388a2362d507874c5b80a69\"},\"potentialAction\":[{\"@type\":\"SearchAction\",\"target\":{\"@type\":\"EntryPoint\",\"urlTemplate\":\"https:\/\/www.freebetbest.com\/vi\/?s={search_term_string}\"},\"query-input\":{\"@type\":\"PropertyValueSpecification\",\"valueRequired\":true,\"valueName\":\"search_term_string\"}}],\"inLanguage\":\"vi-VN\"},{\"@type\":[\"Person\",\"Organization\"],\"@id\":\"https:\/\/www.freebetbest.com\/vi\/#\/schema\/person\/292684ccf388a2362d507874c5b80a69\",\"name\":\"\u7ba1\u7406\",\"image\":{\"@type\":\"ImageObject\",\"inLanguage\":\"vi-VN\",\"@id\":\"https:\/\/www.freebetbest.com\/vi\/#\/schema\/person\/image\/\",\"url\":\"https:\/\/www.freebetbest.com\/wp-content\/litespeed\/avatar\/49696b52fb15293a2168c14964fdd8b9.jpg?ver=1777439934\",\"contentUrl\":\"https:\/\/www.freebetbest.com\/wp-content\/litespeed\/avatar\/49696b52fb15293a2168c14964fdd8b9.jpg?ver=1777439934\",\"caption\":\"\u7ba1\u7406\"},\"logo\":{\"@id\":\"https:\/\/www.freebetbest.com\/vi\/#\/schema\/person\/image\/\"},\"sameAs\":[\"admin\"]}]}<\/script>\n<!-- \/ Yoast SEO Premium plugin. -->","yoast_head_json":{"title":"c\u00e1 c\u01b0\u1ee3c th\u1ec3 thao | Nh\u00e0 c\u00e1i t\u1ed1t nh\u1ea5t | C\u01b0\u1ee3c mi\u1ec5n ph\u00ed kh\u00f4ng c\u1ea7n \u0111\u1eb7t c\u1ecdc","description":"Nh\u00e0 c\u00e1i tr\u1ef1c tuy\u1ebfn t\u1ed1t nh\u1ea5t, s\u00f2ng b\u1ea1c, poker, bingo v\u00e0 c\u00e1 c\u01b0\u1ee3c di \u0111\u1ed9ng, C\u00e1 c\u01b0\u1ee3c s\u00f2ng b\u1ea1c th\u1ec3 thao s\u00f2ng b\u1ea1c tr\u1ef1c tuy\u1ebfn, trang web c\u00e1 c\u01b0\u1ee3c tr\u1ef1c tuy\u1ebfn t\u1ed1t nh\u1ea5t.","robots":{"index":"index","follow":"follow","max-snippet":"max-snippet:-1","max-image-preview":"max-image-preview:large","max-video-preview":"max-video-preview:-1"},"canonical":"https:\/\/www.freebetbest.com\/vi\/ca-cuoc-the-thao\/","og_locale":"vi_VN","og_type":"article","og_title":"C\u00e1 c\u01b0\u1ee3c s\u00f2ng b\u1ea1c th\u1ec3 thao","og_description":"Nh\u00e0 c\u00e1i tr\u1ef1c tuy\u1ebfn t\u1ed1t nh\u1ea5t, s\u00f2ng b\u1ea1c, poker, bingo v\u00e0 c\u00e1 c\u01b0\u1ee3c di \u0111\u1ed9ng, C\u00e1 c\u01b0\u1ee3c s\u00f2ng b\u1ea1c th\u1ec3 thao s\u00f2ng b\u1ea1c tr\u1ef1c tuy\u1ebfn, trang web c\u00e1 c\u01b0\u1ee3c tr\u1ef1c tuy\u1ebfn t\u1ed1t nh\u1ea5t.","og_url":"https:\/\/www.freebetbest.com\/vi\/ca-cuoc-the-thao\/","og_site_name":"Nh\u00e0 c\u00e1i c\u00e1 c\u01b0\u1ee3c tr\u1ef1c tuy\u1ebfn t\u1ed1t nh\u1ea5t | C\u00e1 C\u01b0\u1ee3c b\u00f3ng \u0111\u00e1 online t\u1ed1t nh\u1ea5t | Th\u00f4ng tin c\u00e1 c\u01b0\u1ee3c mi\u1ec5n ph\u00ed.","article_modified_time":"2021-07-28T17:39:35+00:00","og_image":[{"width":650,"height":371,"url":"https:\/\/www.freebetbest.com\/wp-content\/uploads\/2021\/06\/all-sports-casino-1.jpg","type":"image\/jpeg"}],"twitter_card":"summary_large_image","twitter_misc":{"Est. reading time":"3 minutes"},"schema":{"@context":"https:\/\/schema.org","@graph":[{"@type":"WebPage","@id":"https:\/\/www.freebetbest.com\/vi\/ca-cuoc-the-thao\/","url":"https:\/\/www.freebetbest.com\/vi\/ca-cuoc-the-thao\/","name":"c\u00e1 c\u01b0\u1ee3c th\u1ec3 thao | Nh\u00e0 c\u00e1i t\u1ed1t nh\u1ea5t | C\u01b0\u1ee3c mi\u1ec5n ph\u00ed kh\u00f4ng c\u1ea7n \u0111\u1eb7t c\u1ecdc","isPartOf":{"@id":"https:\/\/www.freebetbest.com\/vi\/#website"},"primaryImageOfPage":{"@id":"https:\/\/www.freebetbest.com\/vi\/ca-cuoc-the-thao\/#primaryimage"},"image":{"@id":"https:\/\/www.freebetbest.com\/vi\/ca-cuoc-the-thao\/#primaryimage"},"thumbnailUrl":"https:\/\/www.freebetbest.com\/wp-content\/uploads\/2021\/06\/all-sports-casino-1.jpg","datePublished":"2019-06-19T14:03:44+00:00","dateModified":"2021-07-28T17:39:35+00:00","description":"Nh\u00e0 c\u00e1i tr\u1ef1c tuy\u1ebfn t\u1ed1t nh\u1ea5t, s\u00f2ng b\u1ea1c, poker, bingo v\u00e0 c\u00e1 c\u01b0\u1ee3c di \u0111\u1ed9ng, C\u00e1 c\u01b0\u1ee3c s\u00f2ng b\u1ea1c th\u1ec3 thao s\u00f2ng b\u1ea1c tr\u1ef1c tuy\u1ebfn, trang web c\u00e1 c\u01b0\u1ee3c tr\u1ef1c tuy\u1ebfn t\u1ed1t nh\u1ea5t.","breadcrumb":{"@id":"https:\/\/www.freebetbest.com\/vi\/ca-cuoc-the-thao\/#breadcrumb"},"inLanguage":"vi-VN","potentialAction":[{"@type":"ReadAction","target":["https:\/\/www.freebetbest.com\/vi\/ca-cuoc-the-thao\/"]}]},{"@type":"ImageObject","inLanguage":"vi-VN","@id":"https:\/\/www.freebetbest.com\/vi\/ca-cuoc-the-thao\/#primaryimage","url":"https:\/\/www.freebetbest.com\/wp-content\/uploads\/2021\/06\/all-sports-casino-1.jpg","contentUrl":"https:\/\/www.freebetbest.com\/wp-content\/uploads\/2021\/06\/all-sports-casino-1.jpg","width":650,"height":371,"caption":"t\u1ea5t c\u1ea3 c\u00e1c s\u00f2ng b\u1ea1c th\u1ec3 thao"},{"@type":"BreadcrumbList","@id":"https:\/\/www.freebetbest.com\/vi\/ca-cuoc-the-thao\/#breadcrumb","itemListElement":[{"@type":"ListItem","position":1,"name":"Home","item":"https:\/\/www.freebetbest.com\/vi\/"},{"@type":"ListItem","position":2,"name":"C\u00e1 c\u01b0\u1ee3c s\u00f2ng b\u1ea1c th\u1ec3 thao"}]},{"@type":"WebSite","@id":"https:\/\/www.freebetbest.com\/vi\/#website","url":"https:\/\/www.freebetbest.com\/vi\/","name":"Nh\u00e0 c\u00e1i c\u00e1 c\u01b0\u1ee3c tr\u1ef1c tuy\u1ebfn t\u1ed1t nh\u1ea5t | C\u00e1 C\u01b0\u1ee3c b\u00f3ng \u0111\u00e1 online t\u1ed1t nh\u1ea5t | Th\u00f4ng tin c\u00e1 c\u01b0\u1ee3c mi\u1ec5n ph\u00ed.","description":"Nh\u00e0 c\u00e1i c\u00e1 c\u01b0\u1ee3c tr\u1ef1c tuy\u1ebfn t\u1ed1t nh\u1ea5t, C\u1ed5ng \u0111\u00e1nh b\u1ea1c h\u00e0ng \u0111\u1ea7u th\u1ebf gi\u1edbi, Cung c\u1ea5p th\u1ec3 thao, s\u00f2ng b\u1ea1c, poker, c\u00e1 c\u01b0\u1ee3c l\u00f4 t\u00f4 & di \u0111\u1ed9ng, Th\u00f4ng tin c\u00e1 c\u01b0\u1ee3c mi\u1ec5n ph\u00ed. Nh\u00e0 c\u00e1i c\u00e1 c\u01b0\u1ee3c tr\u1ef1c tuy\u1ebfn t\u1ed1t nh\u1ea5t Vi\u1ec7t Nam","publisher":{"@id":"https:\/\/www.freebetbest.com\/vi\/#\/schema\/person\/292684ccf388a2362d507874c5b80a69"},"potentialAction":[{"@type":"SearchAction","target":{"@type":"EntryPoint","urlTemplate":"https:\/\/www.freebetbest.com\/vi\/?s={search_term_string}"},"query-input":{"@type":"PropertyValueSpecification","valueRequired":true,"valueName":"search_term_string"}}],"inLanguage":"vi-VN"},{"@type":["Person","Organization"],"@id":"https:\/\/www.freebetbest.com\/vi\/#\/schema\/person\/292684ccf388a2362d507874c5b80a69","name":"\u7ba1\u7406","image":{"@type":"ImageObject","inLanguage":"vi-VN","@id":"https:\/\/www.freebetbest.com\/vi\/#\/schema\/person\/image\/","url":"https:\/\/www.freebetbest.com\/wp-content\/litespeed\/avatar\/49696b52fb15293a2168c14964fdd8b9.jpg?ver=1777439934","contentUrl":"https:\/\/www.freebetbest.com\/wp-content\/litespeed\/avatar\/49696b52fb15293a2168c14964fdd8b9.jpg?ver=1777439934","caption":"\u7ba1\u7406"},"logo":{"@id":"https:\/\/www.freebetbest.com\/vi\/#\/schema\/person\/image\/"},"sameAs":["admin"]}]}},"_links":{"self":[{"href":"https:\/\/www.freebetbest.com\/vi\/wp-json\/wp\/v2\/pages\/3043","targetHints":{"allow":["GET"]}}],"collection":[{"href":"https:\/\/www.freebetbest.com\/vi\/wp-json\/wp\/v2\/pages"}],"about":[{"href":"https:\/\/www.freebetbest.com\/vi\/wp-json\/wp\/v2\/types\/page"}],"author":[{"embeddable":true,"href":"https:\/\/www.freebetbest.com\/vi\/wp-json\/wp\/v2\/users\/1"}],"replies":[{"embeddable":true,"href":"https:\/\/www.freebetbest.com\/vi\/wp-json\/wp\/v2\/comments?post=3043"}],"version-history":[{"count":0,"href":"https:\/\/www.freebetbest.com\/vi\/wp-json\/wp\/v2\/pages\/3043\/revisions"}],"wp:featuredmedia":[{"embeddable":true,"href":"https:\/\/www.freebetbest.com\/vi\/wp-json\/wp\/v2\/media\/129076"}],"wp:attachment":[{"href":"https:\/\/www.freebetbest.com\/vi\/wp-json\/wp\/v2\/media?parent=3043"}],"curies":[{"name":"wp","href":"https:\/\/api.w.org\/{rel}","templated":true}]}}