{"id":3033,"date":"2019-07-15T08:14:02","date_gmt":"2019-07-15T08:14:02","guid":{"rendered":"https:\/\/www.freebetbest.com\/cricket-truc-tuyen-ca-cuoc\/"},"modified":"2021-07-28T17:19:45","modified_gmt":"2021-07-28T17:19:45","slug":"cricket-truc-tuyen-ca-cuoc","status":"publish","type":"page","link":"https:\/\/www.freebetbest.com\/vi\/cricket-truc-tuyen-ca-cuoc\/","title":{"rendered":"C\u01b0\u1ee3c Tr\u1ef1c tuy\u1ebfn Cricket M\u1edbi nh\u1ea5t"},"content":{"rendered":"<h3>C\u01b0\u1ee3c Tr\u1ef1c tuy\u1ebfn Cricket: H\u01b0\u1edbng d\u1eabn, T\u00ednh n\u0103ng v\u00e0 \u01afu \u0111\u00e3i cho<a href=\"https:\/\/www.freebetbest.com\/vi\/trang-web-ca-cuoc\/\"> Nh\u00e0 c\u00e1i<\/a><\/h3>\n<p>C\u00e1 c\u01b0\u1ee3c tr\u1ef1c tuy\u1ebfn tr\u00ean cricket. \u0110\u00f3 l\u00e0 m\u1ed9t s\u1ef1 ki\u1ec7n t\u1eadp th\u1ec3 v\u1edbi s\u1ed1 l\u01b0\u1ee3ng l\u1edbn ng\u01b0\u1eddi h\u00e2m m\u1ed9. \u0110i\u1ec1u n\u00e0y ch\u1ee7 y\u1ebfu l\u00e0 do cricket. N\u00f3 \u0111ang ng\u00e0y c\u00e0ng tr\u1edf n\u00ean ph\u1ed5 bi\u1ebfn \u1edf \u1ea4n \u0110\u1ed9, v\u1edbi h\u01a1n 1 t\u1ef7 ng\u01b0\u1eddi \u0111ang \u1edf, v\u00e0 nh\u1edd nh\u1eefng ng\u01b0\u1eddi \u0111am m\u00ea \u1ea4n \u0110\u1ed9, theo m\u1ed9t s\u1ed1 ngu\u1ed3n t\u00e0i li\u1ec7u, cricket s\u1ebd tr\u1edf th\u00e0nh tr\u00ean tr\u00e1i \u0111\u1ea5t. M\u00f4n th\u1ec3 thao l\u1edbn th\u1ee9 hai sau b\u00f3ng \u0111\u00e1. Tr\u00f2 ch\u01a1i \u0111i\u1ec7n t\u1eed di\u1ec5n ra quanh n\u0103m, kh\u1ea3 n\u0103ng C\u00e1 c\u01b0\u1ee3c Tr\u1ef1c tuy\u1ebfn Cricket. N\u00f3 g\u1ea7n nh\u01b0 v\u00f4 t\u1eadn.<\/p>\n<h3>H\u00ecnh th\u1ee9c c\u00e1 c\u01b0\u1ee3c cricket.<\/h3>\n<p>C\u00f3 m\u1ed9t s\u1ee3i d\u00e2y bu\u1ed9c b\u00ean trong con d\u1ebf \u0111\u1ea7u ti\u00ean, v\u00ec v\u1eady x\u00e1c su\u1ea5t k\u1ebft qu\u1ea3 cu\u1ed1i c\u00f9ng c\u1ee7a b\u00e0i ki\u1ec3m tra l\u00e0 ba chi\u1ec1u. K\u1ebft qu\u1ea3 thu h\u00fat kh\u00f4ng th\u01b0\u1eddng xuy\u00ean nh\u01b0 b\u00f3ng r\u1ed5, nh\u01b0ng n\u00f3 c\u00f3 nhi\u1ec1u kh\u1ea3 n\u0103ng h\u01a1n, t\u01b0\u01a1ng t\u1ef1 nh\u01b0 kh\u00fac c\u00f4n c\u1ea7u. V\u1edbi h\u00ecnh th\u1ee9c \u0103n m\u1ed9t l\u1ea7n, nh\u00e0 c\u00e1i \u201cHai m\u01b0\u01a1i\u201d \u0111\u01b0a ra cho b\u1ea1n hai k\u1ebft qu\u1ea3 nh\u01b0ng kh\u00f4ng th\u1ec3 thu h\u00fat \u0111\u01b0\u1ee3c.<\/p>\n<h3>T\u0103ng c\u01a1 h\u1ed9i.<\/h3>\n<p>T\u01b0\u01a1ng t\u1ef1 nh\u01b0 \u0111\u1eb7t c\u01b0\u1ee3c xung quanh k\u1ebft qu\u1ea3, b\u1ea1n ch\u1ec9 c\u00f3 th\u1ec3 t\u0103ng kh\u1ea3 n\u0103ng x\u1ea3y ra. T\u1ed5ng h\u1ee3p hai k\u1ebft qu\u1ea3 n\u00e0y v\u1edbi m\u1ee9c gi\u00e1 th\u1ea5p h\u01a1n. V\u00ed d\u1ee5, kh\u00f4ng thu h\u00fat ho\u1eb7c m\u1ed9t trong nh\u1eefng nh\u00e2n vi\u00ean. \u00cdt nh\u1ea5t s\u1ebd kh\u00f4ng gi\u1ea3m.<\/p>\n<h3>M\u1ed9t kh\u1edfi \u0111\u1ea7u t\u1ed1t.<\/h3>\n<p>T\u1ea1i \u0111\u00e2y, b\u1ea1n c\u00f3 th\u1ec3 d\u1ef1 \u0111o\u00e1n \u0111\u01b0\u1ee3c l\u1ee3i \u00edch m\u00e0 \u0111\u1ed9i s\u1ebd gi\u00e0nh \u0111\u01b0\u1ee3c, ho\u1eb7c c\u00f3 th\u1ec3 kh\u00f4ng t\u1ea1o th\u00eam tr\u1edf ng\u1ea1i cho \u0111\u1ed1i th\u1ee7. V\u00ed d\u1ee5, trong c\u00e1c tr\u1eadn \u0111\u1ea5u th\u1eed nghi\u1ec7m gi\u1eefa c\u00e1c \u0111\u1ed9i m\u1ea1nh, tuy\u1ec7t \u0111\u1ed1i kh\u00f4ng ph\u1ed5 bi\u1ebfn t\u1ef7 l\u1ec7 c\u01b0\u1ee3c.<\/p>\n<h3>T\u1ed5ng qu\u00e1t h\u00f3a.<\/h3>\n<p>\u0110\u1eb7t c\u01b0\u1ee3c v\u00e0o s\u1ed1 v\u1ebft th\u01b0\u01a1ng cho m\u1ed7i ho\u1ea1t \u0111\u1ed9ng ho\u1eb7c m\u1ed9t giai \u0111o\u1ea1n sau 5, 10, v.v. v\u00e0 15 l\u1ea7n. N\u00f3 c\u00f3 th\u1ec3 l\u00e0 t\u1ed5ng s\u1ed1 c\u1ee7a m\u1ed7i th\u00e0nh vi\u00ean phi h\u00e0nh \u0111o\u00e0n. V\u00e0 \u0111\u1ea7y \u0111\u1ee7 s\u1ed1 l\u01b0\u1ee3ng ng\u01b0\u1eddi.<\/p>\n<h3>D\u1eef li\u1ec7u ng\u01b0\u1eddi tham gia.<\/h3>\n<p>N\u00f3i chung, \u1edf c\u1ea5p \u0111\u1ed9 cao nh\u1ea5t c\u1ee7a cricket, b\u1ea1n c\u00f3 th\u1ec3 t\u00ecm th\u1ea5y \u0111\u1ee7. Suy ngh\u0129 v\u1ec1 th\u00e0nh t\u00edch c\u00e1 nh\u00e2n c\u1ee7a ng\u01b0\u1eddi ch\u01a1i. C\u00e1c t\u00edn hi\u1ec7u r\u1ea5t kh\u00e1c nhau: s\u1ed1 l\u01b0\u1ee3ng ch\u1ea5n th\u01b0\u01a1ng ho\u1eb7c 6 l\u1ea7n t\u1ea5n c\u00f4ng, theo nhi\u1ec1u nh\u00e0 v\u00f4 \u0111\u1ecbch trong tr\u00f2 ch\u01a1i \u0111i\u1ec7n t\u1eed. Ng\u01b0\u1eddi \u0111\u00e1nh b\u00f3ng hay nh\u1ea5t ho\u1eb7c c\u1ea7u th\u1ee7 xu\u1ea5t s\u1eafc nh\u1ea5t trong \u0111\u1ea1i h\u1ed9i.<\/p>\n<h3>Th\u1ed1ng k\u00ea ho\u1ea1t \u0111\u1ed9ng.<\/h3>\n<p>Cricket c\u00f3 r\u1ea5t nhi\u1ec1u d\u1eef li\u1ec7u v\u00e0 c\u00e1c d\u1ecbp nh\u1ecf. Trong m\u1ed9t tr\u01b0\u1eddng v\u1ec1 s\u1ed1 l\u1ea7n b\u1eadt l\u1ea1i. Ho\u1eb7c k\u1ebft qu\u1ea3 t\u1ed1t nh\u1ea5t c\u1ee7a l\u1ea7n h\u1ee3p t\u00e1c \u0111\u1ea7u ti\u00ean. Tr\u00ean con \u0111\u01b0\u1eddng c\u1ea1nh tranh quy m\u00f4 l\u1edbn, th\u1ef1c s\u1ef1 kh\u00f4ng kh\u00f3 \u0111\u1ec3 t\u00ecm \u0111\u01b0\u1ee3c m\u1ed9t b\u1ea3ng b\u00e1o gi\u00e1. Ngo\u00e0i ra, nhi\u1ec1u t\u00f2a nh\u00e0 v\u0103n ph\u00f2ng c\u0169ng \u0111\u01b0\u1ee3c khuy\u1ebfn kh\u00edch. L\u00e0m th\u1ebf n\u00e0o \u0111\u1ec3 ph\u00e1 h\u1ee7y c\u00e1nh c\u1eeda \u0111\u1ea7u ti\u00ean.<\/p>\n<h3>C\u00e1 c\u01b0\u1ee3c tr\u1ef1c tuy\u1ebfn cricket l\u00e0 trong tr\u00f2 ch\u01a1i \u0111\u1ea7u ti\u00ean.<\/h3>\n<p>Trong th\u1eed th\u00e1ch l\u00e2u d\u00e0i \u0111\u1ed1i th\u1ee7 c\u1ea1nh tranh, th\u1ecb tr\u01b0\u1eddng c\u00e1 c\u01b0\u1ee3c y\u00eau th\u00edch, b\u1edfi v\u00ec b\u1ea1n c\u1ea7n t\u00ecm. B\u1ea1n kh\u00f4ng c\u1ea7n ph\u1ea3i ki\u00ean nh\u1eabn ch\u1edd \u0111\u1ee3i trong v\u00e0i ng\u00e0y \u0111\u1ec3 bi\u1ebft k\u1ebft qu\u1ea3 c\u1ee7a tr\u00f2 ch\u01a1i ban \u0111\u1ea7u. N\u00f3 th\u01b0\u1eddng c\u00f3 th\u1ec3 \u0111\u01b0\u1ee3c t\u00ecm th\u1ea5y g\u1ea7n v\u00f2ng \u0111\u1ea7u ti\u00ean. C\u00e1c c\u01b0\u1ee3c kh\u00e1c nhau \u0111\u00e3 \u0111\u1ec1 c\u1eadp tr\u01b0\u1edbc \u0111\u00f3.<\/p>\n<h3>Gh\u00e9 th\u0103m ph\u1ea7n r\u00fat th\u0103m may m\u1eafn.<\/h3>\n<p>Nh\u00e0 c\u00e1i c\u00f3 th\u1ec3 tham gia m\u1ecdi tr\u00f2 ch\u01a1i ch\u00ednh. \u0110\u01b0a ra d\u1ef1 \u0111o\u00e1n th\u1ef1c t\u1ebf nh\u1ea5t. X\u00e1c su\u1ea5t \u0111\u1ea7u c\u01a1 c\u1ee7a nh\u00f3m \u0111\u1ea7u ti\u00ean l\u00e0 50 \u0111\u1ebfn 50. Khi b\u1ea1n ch\u01a1i tr\u00f2 ch\u01a1i trong m\u1ed9t th\u1eddi gian d\u00e0i, b\u1ea1n v\u1eabn s\u1ebd b\u1ecb m\u1ea5t ti\u1ec1n theo c\u1eeda c\u1ee7a nh\u00e0 c\u00e1i.<\/p>\n<h3>Chi\u1ebfn l\u01b0\u1ee3c c\u00e1 c\u01b0\u1ee3c tr\u1ef1c tuy\u1ebfn cricket<\/h3>\n<p>D\u1ef1 \u0111o\u00e1n t\u1ed1t nh\u1ea5t cho cricket. Y\u1ebfu t\u1ed1 l\u00e0 y\u1ebfu t\u1ed1 c\u00f3 l\u1ee3i. N\u00f3 c\u00f3 \u00fd ngh\u0129a th\u1ef1c s\u1ef1, m\u00e0 ch\u1ee7 y\u1ebfu l\u00e0 do c\u00f4ng ngh\u1ec7 c\u00e1 c\u01b0\u1ee3c \u0111\u1ed9c \u0111\u00e1o c\u1ee7a n\u00f3. C\u00f3 nhi\u1ec1u c\u00e1ch \u0111\u1ec3 ph\u00e2n t\u00edch tr\u1eadn \u0111\u1ea5u, b\u1ea5t k\u1ec3 th\u1ec3 th\u1ee9c c\u1ee7a tr\u1eadn \u0111\u1ea5u l\u00e0 g\u00ec. Khi ch\u1ecdn \u0111\u1eb7t c\u01b0\u1ee3c cricket, b\u1ea1n c\u00f3 th\u1ec3 t\u00ecm th\u1ea5y n\u0103m. C\u00e1c y\u1ebfu t\u1ed1 ch\u00ednh c\u1ea7n xem x\u00e9t.<\/p>\n<h3>Ti\u1ec1n th\u01b0\u1edfng c\u00e1 c\u01b0\u1ee3c<\/h3>\n<p>Qu\u00e1 tr\u00ecnh n\u00e0y l\u00e0 \u0111\u1ec3 c\u00f3 \u0111\u01b0\u1ee3c ngu\u1ed3n cung c\u1ea5p t\u1ed1t nh\u1ea5t. V\u00e0 \u0111\u00e1nh b\u1ea1i tr\u1edf ng\u1ea1i c\u1ee7a v\u1ea5n \u0111\u1ec1 ph\u1ea7n th\u01b0\u1edfng. C\u00f4ng ty ch\u00fang t\u00f4i \u1edf \u0111\u00e2y \u0111\u1ec3 gi\u00fap b\u1ea1n. X\u00e1c \u0111\u1ecbnh cung c\u1ea5p c\u1edd b\u1ea1c n\u00e0o. \u0110\u00f3 l\u00e0 gi\u00e1 tr\u1ecb th\u1eddi gian v\u00e0 n\u1ed7 l\u1ef1c c\u1ee7a b\u1ea1n, nh\u1eefng trang n\u00e0o b\u1ea1n n\u00ean ch\u1eb7n v\u00e0 nh\u1eefng trang web c\u1edd b\u1ea1c n\u00e0o. Cung c\u1ea5p cho b\u1ea1n nh\u1eefng \u01b0u \u0111\u00e3i c\u1edd b\u1ea1c t\u1ed1t nh\u1ea5t.<\/p>\n<h3>Cung c\u1ea5p c\u00e1 c\u01b0\u1ee3c cricket:<a href=\"https:\/\/www.freebetsinfo.co.uk\/free-bets\/\"> c\u01b0\u1ee3c mi\u1ec5n ph\u00ed<\/a><\/h3>\n<p>Cricket kh\u00f4ng ch\u1ec9 l\u00e0 lo\u00e0i ph\u1ed5 bi\u1ebfn nh\u1ea5t tr\u00ean tr\u00e1i \u0111\u1ea5t. Tr\u00f2 ch\u01a1i \u0111\u00e1nh g\u00f4n v\u00e0 d\u01a1i tr\u1ef1c tuy\u1ebfn. \u0110\u00f3 th\u1ef1c s\u1ef1 l\u00e0 c\u1edd b\u1ea1c tr\u00ean Internet. S\u1ef1 ki\u1ec7n th\u1ec3 thao n\u0103ng \u0111\u1ed9ng nh\u1ea5t v\u1edbi l\u01b0\u1ee3ng kh\u00e1n gi\u1ea3 to\u00e0n c\u1ea7u kh\u1ed5ng l\u1ed3. Ng\u01b0\u1eddi \u0111i\u1ec1u h\u00e0nh l\u00e0 nh\u1eefng ng\u01b0\u1eddi n\u00e0y. Cung c\u1ea5p r\u1ea5t nhi\u1ec1u h\u1ea5p d\u1eabn. T\u00ednh c\u1ea1nh tranh c\u1ee7a c\u00e1 c\u01b0\u1ee3c cricket.<\/p>\n<p><!-- \/wp:post-content --><\/p>\n<p><!-- wp:paragraph \/--><\/p>\n","protected":false},"excerpt":{"rendered":"<p>C\u01b0\u1ee3c cricket: h\u01b0\u1edbng d\u1eabn, \u0111\u1eb7c \u0111i\u1ec3m v\u00e0 cung c\u1ea5p c\u1ee7a h\u00e3ng c\u01b0\u1ee3c<\/p>\n<div class=\"hero-cup-section\">\n<div class=\"row mb-4\">\n<div class=\"col-md-7\">\n<div class=\"section-area\">\n<div class=\"section-list\">\n<li style=\"text-align: left\"><img decoding=\"async\" src=\"https:\/\/www.freebetbest.com\/wp-content\/uploads\/2021\/06\/tick.png\" alt=\"C\u00e1c m\u00f4n th\u1ec3 thao\"> Casino th\u1ec3 thao ti\u1ec1n th\u01b0\u1edfng ch\u00e0o m\u1eebng.<\/li>\n<li style=\"text-align: left\"><img decoding=\"async\" src=\"https:\/\/www.freebetbest.com\/wp-content\/uploads\/2021\/06\/tick.png\" alt=\"cung c\u1ea5p tr\u00f2 ch\u01a1i\"> \u01afu \u0111\u00e3i v\u00e0 khuy\u1ebfn m\u00e3i c\u1ee7a nh\u00e0 c\u00e1i tr\u1ef1c tuy\u1ebfn.<\/li>\n<li style=\"text-align: left\"><img decoding=\"async\" src=\"https:\/\/www.freebetbest.com\/wp-content\/uploads\/2021\/06\/tick.png\" alt=\"cung c\u1ea5p tr\u00f2 ch\u01a1i\"> C\u00e1c nh\u00e0 c\u00e1i tr\u1ef1c tuy\u1ebfn t\u1ed1t nh\u1ea5t m\u00e0 b\u1ea1n c\u00f3 th\u1ec3 tin t\u01b0\u1edfng.<\/li>\n<li style=\"text-align: left\"><img decoding=\"async\" src=\"https:\/\/www.freebetbest.com\/wp-content\/uploads\/2021\/06\/tick.png\" alt=\"C\u00f3 th\u1ea9m quy\u1ec1n\"> \u0110\u00e1nh gi\u00e1 c\u00f3 th\u1ea9m quy\u1ec1n An to\u00e0n \u0111\u00e1ng tin c\u1eady.<\/li>\n<li style=\"text-align: left\"><img decoding=\"async\" src=\"https:\/\/www.freebetbest.com\/wp-content\/uploads\/2021\/06\/tick.png\" alt=\"R\u00fat ti\u1ec1n nhanh ch\u00f3ng\"> H\u1ed7 tr\u1ee3 APP di \u0111\u1ed9ng, R\u00fat ti\u1ec1n nhanh ch\u00f3ng.<\/li>\n<li style=\"text-align: left\"><img decoding=\"async\" src=\"https:\/\/www.freebetbest.com\/wp-content\/uploads\/2021\/06\/tick.png\" alt=\"H\u1ed7 tr\u1ee3 kh\u00e1ch h\u00e0ng\"> H\u1ed7 tr\u1ee3 kh\u00e1ch h\u00e0ng: 365 ng\u00e0y, 24 gi\u1edd m\u1ed9t ng\u00e0y.<\/li>\n<\/div>\n<\/div>\n<\/div>\n<div class=\"col-md-5\">\n<div class=\"cup-img\"><img decoding=\"async\" src=\"https:\/\/www.freebetbest.com\/wp-content\/uploads\/2021\/06\/asia.png\" alt=\"C\u00e1c m\u00f4n th\u1ec3 thao\"><\/div>\n<\/div>\n<\/div>\n","protected":false},"author":1,"featured_media":3034,"parent":0,"menu_order":0,"comment_status":"closed","ping_status":"closed","template":"Sports-template.php","meta":{"footnotes":""},"class_list":["post-3033","page","type-page","status-publish","has-post-thumbnail","hentry"],"yoast_head":"<!-- This site is optimized with the Yoast SEO Premium plugin v19.5 (Yoast SEO v27.0) - https:\/\/yoast.com\/product\/yoast-seo-premium-wordpress\/ -->\n<title>C\u01b0\u1ee3c Tr\u1ef1c tuy\u1ebfn Cricket M\u1edbi nh\u1ea5t Kh\u00e1ch h\u00e0ng m\u1edbi Ph\u1ea7n th\u01b0\u1edfng khi \u0111\u0103ng k\u00fd<\/title>\n<meta name=\"description\" content=\"C\u01b0\u1ee3c Tr\u1ef1c tuy\u1ebfn Cricket M\u1edbi nh\u1ea5t Nh\u00e0 c\u00e1i tr\u1ef1c tuy\u1ebfn t\u1ed1t nh\u1ea5t, Cung c\u1ea5p c\u00e1 c\u01b0\u1ee3c th\u1ec3 thao, s\u00f2ng b\u1ea1c, poker, bingo &amp; di \u0111\u1ed9ng, C\u01b0\u1ee3c mi\u1ec5n ph\u00ed kh\u00f4ng c\u1ea7n g\u1eedi ti\u1ec1n\" \/>\n<meta name=\"robots\" content=\"index, follow, max-snippet:-1, max-image-preview:large, max-video-preview:-1\" \/>\n<link rel=\"canonical\" href=\"https:\/\/www.freebetbest.com\/vi\/cricket-truc-tuyen-ca-cuoc\/\" \/>\n<meta property=\"og:locale\" content=\"vi_VN\" \/>\n<meta property=\"og:type\" content=\"article\" \/>\n<meta property=\"og:title\" content=\"C\u01b0\u1ee3c Tr\u1ef1c tuy\u1ebfn Cricket M\u1edbi nh\u1ea5t\" \/>\n<meta property=\"og:description\" content=\"C\u01b0\u1ee3c Tr\u1ef1c tuy\u1ebfn Cricket M\u1edbi nh\u1ea5t Nh\u00e0 c\u00e1i tr\u1ef1c tuy\u1ebfn t\u1ed1t nh\u1ea5t, Cung c\u1ea5p c\u00e1 c\u01b0\u1ee3c th\u1ec3 thao, s\u00f2ng b\u1ea1c, poker, bingo &amp; di \u0111\u1ed9ng, C\u01b0\u1ee3c mi\u1ec5n ph\u00ed kh\u00f4ng c\u1ea7n g\u1eedi ti\u1ec1n\" \/>\n<meta property=\"og:url\" content=\"https:\/\/www.freebetbest.com\/vi\/cricket-truc-tuyen-ca-cuoc\/\" \/>\n<meta property=\"og:site_name\" content=\"Nh\u00e0 c\u00e1i c\u00e1 c\u01b0\u1ee3c tr\u1ef1c tuy\u1ebfn t\u1ed1t nh\u1ea5t | C\u00e1 C\u01b0\u1ee3c b\u00f3ng \u0111\u00e1 online t\u1ed1t nh\u1ea5t | Th\u00f4ng tin c\u00e1 c\u01b0\u1ee3c mi\u1ec5n ph\u00ed.\" \/>\n<meta property=\"article:modified_time\" content=\"2021-07-28T17:19:45+00:00\" \/>\n<meta property=\"og:image\" content=\"https:\/\/www.freebetbest.com\/wp-content\/uploads\/2019\/07\/Cricket.jpg\" \/>\n\t<meta property=\"og:image:width\" content=\"500\" \/>\n\t<meta property=\"og:image:height\" content=\"175\" \/>\n\t<meta property=\"og:image:type\" content=\"image\/jpeg\" \/>\n<meta name=\"twitter:card\" content=\"summary_large_image\" \/>\n<meta name=\"twitter:label1\" content=\"Est. reading time\" \/>\n\t<meta name=\"twitter:data1\" content=\"3 minutes\" \/>\n<script type=\"application\/ld+json\" class=\"yoast-schema-graph\">{\"@context\":\"https:\/\/schema.org\",\"@graph\":[{\"@type\":\"WebPage\",\"@id\":\"https:\/\/www.freebetbest.com\/vi\/cricket-truc-tuyen-ca-cuoc\/\",\"url\":\"https:\/\/www.freebetbest.com\/vi\/cricket-truc-tuyen-ca-cuoc\/\",\"name\":\"C\u01b0\u1ee3c Tr\u1ef1c tuy\u1ebfn Cricket M\u1edbi nh\u1ea5t Kh\u00e1ch h\u00e0ng m\u1edbi Ph\u1ea7n th\u01b0\u1edfng khi \u0111\u0103ng k\u00fd\",\"isPartOf\":{\"@id\":\"https:\/\/www.freebetbest.com\/vi\/#website\"},\"primaryImageOfPage\":{\"@id\":\"https:\/\/www.freebetbest.com\/vi\/cricket-truc-tuyen-ca-cuoc\/#primaryimage\"},\"image\":{\"@id\":\"https:\/\/www.freebetbest.com\/vi\/cricket-truc-tuyen-ca-cuoc\/#primaryimage\"},\"thumbnailUrl\":\"https:\/\/www.freebetbest.com\/wp-content\/uploads\/2019\/07\/Cricket.jpg\",\"datePublished\":\"2019-07-15T08:14:02+00:00\",\"dateModified\":\"2021-07-28T17:19:45+00:00\",\"description\":\"C\u01b0\u1ee3c Tr\u1ef1c tuy\u1ebfn Cricket M\u1edbi nh\u1ea5t Nh\u00e0 c\u00e1i tr\u1ef1c tuy\u1ebfn t\u1ed1t nh\u1ea5t, Cung c\u1ea5p c\u00e1 c\u01b0\u1ee3c th\u1ec3 thao, s\u00f2ng b\u1ea1c, poker, bingo & di \u0111\u1ed9ng, C\u01b0\u1ee3c mi\u1ec5n ph\u00ed kh\u00f4ng c\u1ea7n g\u1eedi ti\u1ec1n\",\"breadcrumb\":{\"@id\":\"https:\/\/www.freebetbest.com\/vi\/cricket-truc-tuyen-ca-cuoc\/#breadcrumb\"},\"inLanguage\":\"vi-VN\",\"potentialAction\":[{\"@type\":\"ReadAction\",\"target\":[\"https:\/\/www.freebetbest.com\/vi\/cricket-truc-tuyen-ca-cuoc\/\"]}]},{\"@type\":\"ImageObject\",\"inLanguage\":\"vi-VN\",\"@id\":\"https:\/\/www.freebetbest.com\/vi\/cricket-truc-tuyen-ca-cuoc\/#primaryimage\",\"url\":\"https:\/\/www.freebetbest.com\/wp-content\/uploads\/2019\/07\/Cricket.jpg\",\"contentUrl\":\"https:\/\/www.freebetbest.com\/wp-content\/uploads\/2019\/07\/Cricket.jpg\",\"width\":500,\"height\":175,\"caption\":\"C\u01b0\u1ee3c tr\u1ef1c tuy\u1ebfn Cricket\"},{\"@type\":\"BreadcrumbList\",\"@id\":\"https:\/\/www.freebetbest.com\/vi\/cricket-truc-tuyen-ca-cuoc\/#breadcrumb\",\"itemListElement\":[{\"@type\":\"ListItem\",\"position\":1,\"name\":\"Home\",\"item\":\"https:\/\/www.freebetbest.com\/vi\/\"},{\"@type\":\"ListItem\",\"position\":2,\"name\":\"C\u01b0\u1ee3c Tr\u1ef1c tuy\u1ebfn Cricket M\u1edbi nh\u1ea5t\"}]},{\"@type\":\"WebSite\",\"@id\":\"https:\/\/www.freebetbest.com\/vi\/#website\",\"url\":\"https:\/\/www.freebetbest.com\/vi\/\",\"name\":\"Nh\u00e0 c\u00e1i c\u00e1 c\u01b0\u1ee3c tr\u1ef1c tuy\u1ebfn t\u1ed1t nh\u1ea5t | C\u00e1 C\u01b0\u1ee3c b\u00f3ng \u0111\u00e1 online t\u1ed1t nh\u1ea5t | Th\u00f4ng tin c\u00e1 c\u01b0\u1ee3c mi\u1ec5n ph\u00ed.\",\"description\":\"Nh\u00e0 c\u00e1i c\u00e1 c\u01b0\u1ee3c tr\u1ef1c tuy\u1ebfn t\u1ed1t nh\u1ea5t, C\u1ed5ng \u0111\u00e1nh b\u1ea1c h\u00e0ng \u0111\u1ea7u th\u1ebf gi\u1edbi, Cung c\u1ea5p th\u1ec3 thao, s\u00f2ng b\u1ea1c, poker, c\u00e1 c\u01b0\u1ee3c l\u00f4 t\u00f4 & di \u0111\u1ed9ng, Th\u00f4ng tin c\u00e1 c\u01b0\u1ee3c mi\u1ec5n ph\u00ed. Nh\u00e0 c\u00e1i c\u00e1 c\u01b0\u1ee3c tr\u1ef1c tuy\u1ebfn t\u1ed1t nh\u1ea5t Vi\u1ec7t Nam\",\"publisher\":{\"@id\":\"https:\/\/www.freebetbest.com\/vi\/#\/schema\/person\/292684ccf388a2362d507874c5b80a69\"},\"potentialAction\":[{\"@type\":\"SearchAction\",\"target\":{\"@type\":\"EntryPoint\",\"urlTemplate\":\"https:\/\/www.freebetbest.com\/vi\/?s={search_term_string}\"},\"query-input\":{\"@type\":\"PropertyValueSpecification\",\"valueRequired\":true,\"valueName\":\"search_term_string\"}}],\"inLanguage\":\"vi-VN\"},{\"@type\":[\"Person\",\"Organization\"],\"@id\":\"https:\/\/www.freebetbest.com\/vi\/#\/schema\/person\/292684ccf388a2362d507874c5b80a69\",\"name\":\"\u7ba1\u7406\",\"image\":{\"@type\":\"ImageObject\",\"inLanguage\":\"vi-VN\",\"@id\":\"https:\/\/www.freebetbest.com\/vi\/#\/schema\/person\/image\/\",\"url\":\"https:\/\/www.freebetbest.com\/wp-content\/litespeed\/avatar\/49696b52fb15293a2168c14964fdd8b9.jpg?ver=1776230299\",\"contentUrl\":\"https:\/\/www.freebetbest.com\/wp-content\/litespeed\/avatar\/49696b52fb15293a2168c14964fdd8b9.jpg?ver=1776230299\",\"caption\":\"\u7ba1\u7406\"},\"logo\":{\"@id\":\"https:\/\/www.freebetbest.com\/vi\/#\/schema\/person\/image\/\"},\"sameAs\":[\"admin\"]}]}<\/script>\n<!-- \/ Yoast SEO Premium plugin. -->","yoast_head_json":{"title":"C\u01b0\u1ee3c Tr\u1ef1c tuy\u1ebfn Cricket M\u1edbi nh\u1ea5t Kh\u00e1ch h\u00e0ng m\u1edbi Ph\u1ea7n th\u01b0\u1edfng khi \u0111\u0103ng k\u00fd","description":"C\u01b0\u1ee3c Tr\u1ef1c tuy\u1ebfn Cricket M\u1edbi nh\u1ea5t Nh\u00e0 c\u00e1i tr\u1ef1c tuy\u1ebfn t\u1ed1t nh\u1ea5t, Cung c\u1ea5p c\u00e1 c\u01b0\u1ee3c th\u1ec3 thao, s\u00f2ng b\u1ea1c, poker, bingo & di \u0111\u1ed9ng, C\u01b0\u1ee3c mi\u1ec5n ph\u00ed kh\u00f4ng c\u1ea7n g\u1eedi ti\u1ec1n","robots":{"index":"index","follow":"follow","max-snippet":"max-snippet:-1","max-image-preview":"max-image-preview:large","max-video-preview":"max-video-preview:-1"},"canonical":"https:\/\/www.freebetbest.com\/vi\/cricket-truc-tuyen-ca-cuoc\/","og_locale":"vi_VN","og_type":"article","og_title":"C\u01b0\u1ee3c Tr\u1ef1c tuy\u1ebfn Cricket M\u1edbi nh\u1ea5t","og_description":"C\u01b0\u1ee3c Tr\u1ef1c tuy\u1ebfn Cricket M\u1edbi nh\u1ea5t Nh\u00e0 c\u00e1i tr\u1ef1c tuy\u1ebfn t\u1ed1t nh\u1ea5t, Cung c\u1ea5p c\u00e1 c\u01b0\u1ee3c th\u1ec3 thao, s\u00f2ng b\u1ea1c, poker, bingo & di \u0111\u1ed9ng, C\u01b0\u1ee3c mi\u1ec5n ph\u00ed kh\u00f4ng c\u1ea7n g\u1eedi ti\u1ec1n","og_url":"https:\/\/www.freebetbest.com\/vi\/cricket-truc-tuyen-ca-cuoc\/","og_site_name":"Nh\u00e0 c\u00e1i c\u00e1 c\u01b0\u1ee3c tr\u1ef1c tuy\u1ebfn t\u1ed1t nh\u1ea5t | C\u00e1 C\u01b0\u1ee3c b\u00f3ng \u0111\u00e1 online t\u1ed1t nh\u1ea5t | Th\u00f4ng tin c\u00e1 c\u01b0\u1ee3c mi\u1ec5n ph\u00ed.","article_modified_time":"2021-07-28T17:19:45+00:00","og_image":[{"width":500,"height":175,"url":"https:\/\/www.freebetbest.com\/wp-content\/uploads\/2019\/07\/Cricket.jpg","type":"image\/jpeg"}],"twitter_card":"summary_large_image","twitter_misc":{"Est. reading time":"3 minutes"},"schema":{"@context":"https:\/\/schema.org","@graph":[{"@type":"WebPage","@id":"https:\/\/www.freebetbest.com\/vi\/cricket-truc-tuyen-ca-cuoc\/","url":"https:\/\/www.freebetbest.com\/vi\/cricket-truc-tuyen-ca-cuoc\/","name":"C\u01b0\u1ee3c Tr\u1ef1c tuy\u1ebfn Cricket M\u1edbi nh\u1ea5t Kh\u00e1ch h\u00e0ng m\u1edbi Ph\u1ea7n th\u01b0\u1edfng khi \u0111\u0103ng k\u00fd","isPartOf":{"@id":"https:\/\/www.freebetbest.com\/vi\/#website"},"primaryImageOfPage":{"@id":"https:\/\/www.freebetbest.com\/vi\/cricket-truc-tuyen-ca-cuoc\/#primaryimage"},"image":{"@id":"https:\/\/www.freebetbest.com\/vi\/cricket-truc-tuyen-ca-cuoc\/#primaryimage"},"thumbnailUrl":"https:\/\/www.freebetbest.com\/wp-content\/uploads\/2019\/07\/Cricket.jpg","datePublished":"2019-07-15T08:14:02+00:00","dateModified":"2021-07-28T17:19:45+00:00","description":"C\u01b0\u1ee3c Tr\u1ef1c tuy\u1ebfn Cricket M\u1edbi nh\u1ea5t Nh\u00e0 c\u00e1i tr\u1ef1c tuy\u1ebfn t\u1ed1t nh\u1ea5t, Cung c\u1ea5p c\u00e1 c\u01b0\u1ee3c th\u1ec3 thao, s\u00f2ng b\u1ea1c, poker, bingo & di \u0111\u1ed9ng, C\u01b0\u1ee3c mi\u1ec5n ph\u00ed kh\u00f4ng c\u1ea7n g\u1eedi ti\u1ec1n","breadcrumb":{"@id":"https:\/\/www.freebetbest.com\/vi\/cricket-truc-tuyen-ca-cuoc\/#breadcrumb"},"inLanguage":"vi-VN","potentialAction":[{"@type":"ReadAction","target":["https:\/\/www.freebetbest.com\/vi\/cricket-truc-tuyen-ca-cuoc\/"]}]},{"@type":"ImageObject","inLanguage":"vi-VN","@id":"https:\/\/www.freebetbest.com\/vi\/cricket-truc-tuyen-ca-cuoc\/#primaryimage","url":"https:\/\/www.freebetbest.com\/wp-content\/uploads\/2019\/07\/Cricket.jpg","contentUrl":"https:\/\/www.freebetbest.com\/wp-content\/uploads\/2019\/07\/Cricket.jpg","width":500,"height":175,"caption":"C\u01b0\u1ee3c tr\u1ef1c tuy\u1ebfn Cricket"},{"@type":"BreadcrumbList","@id":"https:\/\/www.freebetbest.com\/vi\/cricket-truc-tuyen-ca-cuoc\/#breadcrumb","itemListElement":[{"@type":"ListItem","position":1,"name":"Home","item":"https:\/\/www.freebetbest.com\/vi\/"},{"@type":"ListItem","position":2,"name":"C\u01b0\u1ee3c Tr\u1ef1c tuy\u1ebfn Cricket M\u1edbi nh\u1ea5t"}]},{"@type":"WebSite","@id":"https:\/\/www.freebetbest.com\/vi\/#website","url":"https:\/\/www.freebetbest.com\/vi\/","name":"Nh\u00e0 c\u00e1i c\u00e1 c\u01b0\u1ee3c tr\u1ef1c tuy\u1ebfn t\u1ed1t nh\u1ea5t | C\u00e1 C\u01b0\u1ee3c b\u00f3ng \u0111\u00e1 online t\u1ed1t nh\u1ea5t | Th\u00f4ng tin c\u00e1 c\u01b0\u1ee3c mi\u1ec5n ph\u00ed.","description":"Nh\u00e0 c\u00e1i c\u00e1 c\u01b0\u1ee3c tr\u1ef1c tuy\u1ebfn t\u1ed1t nh\u1ea5t, C\u1ed5ng \u0111\u00e1nh b\u1ea1c h\u00e0ng \u0111\u1ea7u th\u1ebf gi\u1edbi, Cung c\u1ea5p th\u1ec3 thao, s\u00f2ng b\u1ea1c, poker, c\u00e1 c\u01b0\u1ee3c l\u00f4 t\u00f4 & di \u0111\u1ed9ng, Th\u00f4ng tin c\u00e1 c\u01b0\u1ee3c mi\u1ec5n ph\u00ed. Nh\u00e0 c\u00e1i c\u00e1 c\u01b0\u1ee3c tr\u1ef1c tuy\u1ebfn t\u1ed1t nh\u1ea5t Vi\u1ec7t Nam","publisher":{"@id":"https:\/\/www.freebetbest.com\/vi\/#\/schema\/person\/292684ccf388a2362d507874c5b80a69"},"potentialAction":[{"@type":"SearchAction","target":{"@type":"EntryPoint","urlTemplate":"https:\/\/www.freebetbest.com\/vi\/?s={search_term_string}"},"query-input":{"@type":"PropertyValueSpecification","valueRequired":true,"valueName":"search_term_string"}}],"inLanguage":"vi-VN"},{"@type":["Person","Organization"],"@id":"https:\/\/www.freebetbest.com\/vi\/#\/schema\/person\/292684ccf388a2362d507874c5b80a69","name":"\u7ba1\u7406","image":{"@type":"ImageObject","inLanguage":"vi-VN","@id":"https:\/\/www.freebetbest.com\/vi\/#\/schema\/person\/image\/","url":"https:\/\/www.freebetbest.com\/wp-content\/litespeed\/avatar\/49696b52fb15293a2168c14964fdd8b9.jpg?ver=1776230299","contentUrl":"https:\/\/www.freebetbest.com\/wp-content\/litespeed\/avatar\/49696b52fb15293a2168c14964fdd8b9.jpg?ver=1776230299","caption":"\u7ba1\u7406"},"logo":{"@id":"https:\/\/www.freebetbest.com\/vi\/#\/schema\/person\/image\/"},"sameAs":["admin"]}]}},"_links":{"self":[{"href":"https:\/\/www.freebetbest.com\/vi\/wp-json\/wp\/v2\/pages\/3033","targetHints":{"allow":["GET"]}}],"collection":[{"href":"https:\/\/www.freebetbest.com\/vi\/wp-json\/wp\/v2\/pages"}],"about":[{"href":"https:\/\/www.freebetbest.com\/vi\/wp-json\/wp\/v2\/types\/page"}],"author":[{"embeddable":true,"href":"https:\/\/www.freebetbest.com\/vi\/wp-json\/wp\/v2\/users\/1"}],"replies":[{"embeddable":true,"href":"https:\/\/www.freebetbest.com\/vi\/wp-json\/wp\/v2\/comments?post=3033"}],"version-history":[{"count":0,"href":"https:\/\/www.freebetbest.com\/vi\/wp-json\/wp\/v2\/pages\/3033\/revisions"}],"wp:featuredmedia":[{"embeddable":true,"href":"https:\/\/www.freebetbest.com\/vi\/wp-json\/wp\/v2\/media\/3034"}],"wp:attachment":[{"href":"https:\/\/www.freebetbest.com\/vi\/wp-json\/wp\/v2\/media?parent=3033"}],"curies":[{"name":"wp","href":"https:\/\/api.w.org\/{rel}","templated":true}]}}