{"id":3023,"date":"2019-07-18T03:47:29","date_gmt":"2019-07-18T03:47:29","guid":{"rendered":"https:\/\/www.freebetbest.com\/ca-cuoc-song-bac-truc-tuyen\/"},"modified":"2021-07-28T20:04:52","modified_gmt":"2021-07-28T20:04:52","slug":"ti%e1%bb%81n-th%c6%b0%e1%bb%9fng-c%c6%b0%e1%bb%a3c-casino-m%e1%bb%9bi-nh%e1%ba%a5t","status":"publish","type":"page","link":"https:\/\/www.freebetbest.com\/vi\/ti%e1%bb%81n-th%c6%b0%e1%bb%9fng-c%c6%b0%e1%bb%a3c-casino-m%e1%bb%9bi-nh%e1%ba%a5t\/","title":{"rendered":"Ti\u1ec1n th\u01b0\u1edfng C\u01b0\u1ee3c Casino M\u1edbi nh\u1ea5t"},"content":{"rendered":"\n<h2>Gi\u1edbi thi\u1ec7u v\u1ec1 Ti\u1ec1n th\u01b0\u1edfng C\u01b0\u1ee3c Casino M\u1edbi nh\u1ea5t<\/h2>\n<p>\u0110\u0103ng k\u00fd v\u1edbi b\u1ea1n \u0111\u1ec3 nh\u1eadn Ti\u1ec1n th\u01b0\u1edfng C\u01b0\u1ee3c Casino M\u1edbi nh\u1ea5t. V\u00e0 tr\u01b0\u1edbc khi b\u1ea1n b\u1eaft \u0111\u1ea7u tr\u00f2 ch\u01a1i, h\u00e3y hi\u1ec3u \u0111\u1ecbnh ngh\u0129a v\u1ec1 \u0111\u1ea1i l\u00fd c\u1edd b\u1ea1c tr\u00ean Internet. N\u00f3 ch\u1eafc ch\u1eafn s\u1ebd gi\u00fap \u00edch. Ch\u01a1i trong s\u00f2ng b\u1ea1c tr\u1ef1c tuy\u1ebfn l\u1ea7n \u0111\u1ea7u ti\u00ean. Th\u1eadt l\u00e0 th\u00fa v\u1ecb. Ngay c\u1ea3 khi b\u1ea1n ch\u1ec9 mu\u1ed1n v\u00e0o m\u1ea1ng. T\u00ecm m\u1ed9t s\u1ed1 ni\u1ec1m vui v\u00e0 s\u1ef1 th\u00edch th\u00fa, v\u00e0 hi\u1ec3u nh\u1eefng \u0111i\u1ec3m chung c\u1ee7a c\u00e1c trang web n\u00e0y. V\u00e0 l\u00e0m th\u1ebf n\u00e0o \u0111\u1ec3 t\u1eadn d\u1ee5ng ch\u00fang c\u0169ng r\u1ea5t quan tr\u1ecdng.<\/p>\n<h2>T\u00ecm hi\u1ec3u th\u00eam v\u1ec1 c\u00e1 c\u01b0\u1ee3c tr\u1ef1c tuy\u1ebfn s\u00f2ng b\u1ea1c<\/h2>\n<p>C\u00f3 \u0111\u01b0\u1ee3c m\u1ed9t c\u01a1 quan c\u00e1 c\u01b0\u1ee3c an to\u00e0n. L\u00e0m th\u1ebf n\u00e0o \u0111\u1ec3 ch\u1ecdn m\u1ed9t s\u00f2ng b\u1ea1c tr\u1ef1c tuy\u1ebfn. M\u1ee5c \u0111\u1ea7u ti\u00ean b\u1ea1n n\u00ean t\u00ecm l\u00e0 trang &#8220;Gi\u1edbi thi\u1ec7u v\u1ec1 ch\u00fang t\u00f4i&#8221;. \u1ede \u0111\u00f3, b\u1ea1n c\u1ea7n ph\u1ea3i mong \u0111\u1ee3i \u0111\u1ec3 xem. T\u0103ng c\u01b0\u1eddng chi ti\u1ebft c\u00e1c ch\u1ee9c n\u0103ng c\u1ee7a s\u00f2ng b\u1ea1c tr\u1ef1c tuy\u1ebfn, c\u00e1c ch\u1ee9c n\u0103ng n\u00e0y n\u00ean \u0111\u01b0\u1ee3c trao cho b\u1ea1n. M\u1ed9t c\u1ea3m gi\u00e1c t\u1ef1 tin. H\u1ecd l\u00e0 nh\u1eefng khu v\u1ef1c ph\u00e1p l\u00fd nghi\u00eam ng\u1eb7t v\u00e0 ch\u1ec9 quan t\u00e2m \u0111\u1ebfn c\u00e1ch c\u1ed9ng \u0111\u1ed3ng doanh nghi\u1ec7p nh\u00ecn nh\u1eadn h\u1ecd.<\/p>\n<h3>L\u1eddi khuy\u00ean t\u1ed1t nh\u1ea5t \u0111\u1ebfn t\u1eeb<a href=\"https:\/\/www.freebetbest.com\/vi\/trang-web-ca-cuoc\/\"> s\u00f2ng b\u1ea1c internet<\/a> nh\u1eefng ng\u01b0\u1eddi tham gia<\/h3>\n<p>Ch\u00fang t\u00f4i \u0111\u00e3 chia s\u1ebb r\u1ea5t nhi\u1ec1u tr\u00ean di\u1ec5n \u0111\u00e0n c\u1ed9ng \u0111\u1ed3ng. B\u1ea1n n\u00ean \u0111\u1ecdc n\u00f3 m\u1ed9t c\u00e1ch c\u1ea9n th\u1eadn. \u0110\u00e1nh gi\u00e1 c\u1ee7a c\u00e1c c\u01a1 quan c\u1edd b\u1ea1c tr\u1ef1c tuy\u1ebfn. T\u00ecm hi\u1ec3u v\u1ec1 \u01b0u v\u00e0 nh\u01b0\u1ee3c \u0111i\u1ec3m c\u1ee7a s\u00f2ng b\u1ea1c tr\u1ef1c tuy\u1ebfn. V\u00e0 t\u1ea5t c\u1ea3 c\u00e1c th\u00f4ng tin v\u1ec1 ho\u1ea1t \u0111\u1ed9ng n\u1ed9i b\u1ed9.<\/p>\n<p>C\u01a1 quan \u0111\u00e1nh b\u1ea1c tr\u1ef1c tuy\u1ebfn quan tr\u1ecdng. Ki\u1ec3m tra v\u1edbi \u0111\u1ea1i l\u00fd c\u1edd b\u1ea1c tr\u1ef1c tuy\u1ebfn tr\u01b0\u1edbc khi ti\u1ebfp t\u1ee5c. Tr\u01b0\u1edbc khi thi\u1ebft l\u1eadp t\u00e0i kho\u1ea3n c\u1ee7a b\u1ea1n, ki\u1ebfn th\u1ee9c quan tr\u1ecdng v\u1ec1 s\u00f2ng b\u1ea1c tr\u1ef1c tuy\u1ebfn<\/p>\n<p>\u0110\u00e1nh b\u1ea1c casino tr\u1ef1c tuy\u1ebfn. Trong c\u00e1c t\u1ed5 ch\u1ee9c c\u1edd b\u1ea1c tr\u00ean Internet, tr\u00f2 ch\u01a1i \u0111i\u1ec7n t\u1eed d\u1ef1a v\u00e0o may r\u1ee7i. Tr\u00f2 ch\u01a1i tr\u1ef1c tuy\u1ebfn Nh\u00e0 c\u1ee7a b\u1ea1n lu\u00f4n th\u1eafng. Ki\u1ebfm ti\u1ec1n kh\u00f4ng kh\u00f3. S\u1ef1 gi\u00e0u c\u00f3 kh\u00f4ng ph\u1ea3i l\u00e0 y\u1ebfu t\u1ed1 th\u1ef1c s\u1ef1 duy nh\u1ea5t.<\/p>\n<p>\u1ea2nh h\u01b0\u1edfng \u0111\u1ebfn c\u00e1c tr\u00f2 ch\u01a1i casino tr\u1ef1c tuy\u1ebfn. Ph\u1ee5 thu\u1ed9c v\u00e0o c\u00e1c s\u1ef1 ki\u1ec7n ng\u1eabu nhi\u00ean. \u0110i\u1ec1u n\u00e0y c\u00f3 th\u1ec3 li\u00ean quan \u0111\u1ebfn vi\u1ec7c chuy\u1ec3n \u0111\u1ed5i b\u1ea5t k\u1ef3 thi\u1ec7p ch\u00fac m\u1eebng n\u00e0o, b\u00e1nh xe quay ho\u1eb7c th\u1eadm ch\u00ed l\u00e0 l\u0103n x\u00fac x\u1eafc. N\u1ebfu kh\u00f4ng c\u00f3 ch\u00fang, b\u1ea1n c\u00f3 th\u1ec3 c\u00f3 b\u1ea5t k\u1ef3 quy\u1ec1n ki\u1ec3m so\u00e1t n\u00e0o.<\/p>\n<h3><a href=\"https:\/\/www.freebetsinfo.co.uk\/free-bets\/\">S\u00f2ng b\u1ea1c tr\u1ef1c tuy\u1ebfn<\/a> kh\u00f4ng c\u1ea7n may m\u1eafn \u0111\u1ec3 ki\u1ebfm ti\u1ec1n.<\/h3>\n<p>Do c\u00e1c thu\u1eadt to\u00e1n c\u1ee7a h\u1ecd v\u00e0 c\u00e1c kh\u00eda c\u1ea1nh t\u00edch c\u1ef1c v\u1ec1 m\u1eb7t to\u00e1n h\u1ecdc, kh\u1ea3 n\u0103ng b\u1ea1n tr\u1edf th\u00e0nh m\u1ed9t ng\u01b0\u1eddi ch\u01a1i. N\u00f3 lu\u00f4n lu\u00f4n kh\u00f4ng l\u1edbn. \u0110i\u1ec1u n\u00e0y t\u1ed5ng h\u1ee3p v\u1edbi quy lu\u1eadt kh\u1ea3 n\u0103ng x\u1ea3y ra, nh\u01b0ng s\u00e2n nh\u00e0 th\u01b0\u1eddng \u1ee7ng h\u1ed9 l\u1ee3i th\u1ebf c\u1ee7a ng\u01b0\u1eddi ch\u01a1i.<\/p>\n<h3>M\u1ed7i l\u1ea7n b\u1ea1n t\u1eadn h\u01b0\u1edfng n\u00f3 l\u00e0 m\u1ed9t ni\u1ec1m vui c\u00e1 c\u01b0\u1ee3c<\/h3>\n<p>Quy lu\u1eadt x\u00e1c su\u1ea5t n\u00f3i tr\u00ean. N\u00f3 c\u0169ng c\u00f3 th\u1ec3 c\u00f3 l\u1ee3i cho b\u1ea1n. B\u1ea1n n\u00ean nh\u1edb r\u1eb1ng nh\u1eefng l\u1ee3i th\u1ebf c\u1ee7a s\u00f2ng b\u1ea1c tr\u1ef1c tuy\u1ebfn r\u1ea5t h\u1eefu \u00edch v\u1ec1 l\u00e2u d\u00e0i. \u0110i\u1ec1u n\u00e0y c\u00f3 ngh\u0129a l\u00e0 trong ng\u1eafn h\u1ea1n. V\u1edbi m\u1ed9t ch\u00fat may m\u1eafn v\u00e0 s\u1ef1 gi\u00e0u c\u00f3 l\u1edbn, b\u1ea1n kh\u00f4ng c\u00f3 l\u00fd do g\u00ec c\u1ea3. N\u00f3 s\u1ebd kh\u00f4ng th\u00e0nh c\u00f4ng trong s\u00f2ng b\u1ea1c tr\u1ef1c tuy\u1ebfn.<\/p>\n<h3>Ti\u1ec1n th\u01b0\u1edfng mi\u1ec5n ph\u00ed c\u1ee7a s\u00f2ng b\u1ea1c<\/h3>\n<p>Ph\u1ea7n th\u01b0\u1edfng \u0111\u1ea1i l\u00fd tr\u00f2 ch\u01a1i. B\u1ed3i th\u01b0\u1eddng b\u1edfi s\u00f2ng b\u1ea1c tr\u1ef1c tuy\u1ebfn. Kh\u00e1ch h\u00e0ng hi\u1ec7n t\u1ea1i v\u00e0 kh\u00e1ch h\u00e0ng v\u00e0 \u0111\u01b0\u1ee3c s\u1eed d\u1ee5ng \u0111\u1ec3 thu h\u00fat kh\u00e1ch h\u00e0ng m\u1edbi, \u0111\u1ed3ng th\u1eddi gi\u1eef ch\u00e2n kh\u00e1ch h\u00e0ng m\u1edbi. C\u00e1c kho\u1ea3n ti\u1ec1n th\u01b0\u1edfng s\u00f2ng b\u1ea1c n\u00e0y. B\u1ea1n c\u00f3 th\u1ec3 th\u1ef1c hi\u1ec7n m\u1ed9t kho\u1ea3n ti\u1ec1n g\u1eedi c\u1ee7a ri\u00eang b\u1ea1n. \u0110\u01b0\u1ee3c s\u1eed d\u1ee5ng theo c\u00f9ng m\u1ed9t c\u00e1ch, nh\u01b0ng ch\u00fang c\u00f3 th\u1ec3 c\u00f3 c\u00e1c y\u00eau c\u1ea7u \u0111\u1eb7t c\u01b0\u1ee3c kh\u00e1c nhau.<\/p>\n<h3>Trang web c\u00e1 c\u01b0\u1ee3c n\u00e0o cung c\u1ea5p ph\u1ea7n th\u01b0\u1edfng s\u00f2ng b\u1ea1c t\u1ed1t nh\u1ea5t?<\/h3>\n<p>B\u1edfi v\u00ec m\u1ed9t s\u1ed1 s\u00f2ng b\u1ea1c tr\u1ef1c tuy\u1ebfn lu\u00f4n \u1edf \u0111\u00f3. \u0110\u1ed5i s\u00f2ng b\u1ea1c tr\u1ef1c tuy\u1ebfn \u0111\u1ec3 c\u00f3 th\u00eam ti\u1ec1n th\u01b0\u1edfng. S\u00f2ng b\u1ea1c n\u00e0o t\u0103ng ti\u1ec1n th\u01b0\u1edfng t\u1ed1t nh\u1ea5t cho b\u1ea1n, b\u1ea1n c\u0169ng c\u00f3 th\u1ec3 c\u0103n c\u1ee9 v\u00e0o \u0111\u00f3. S\u1ed1 ti\u1ec1n g\u1eedi b\u1ea1n d\u1ef1 \u0111\u1ecbnh th\u1ef1c hi\u1ec7n. N\u00f3 kh\u00e1c nhau. Quan tr\u1ecdng nh\u1ea5t l\u00e0. B\u1ea1n \u0111i qua v\u00e0 hi\u1ec3u c\u00e1c \u0111i\u1ec1u ki\u1ec7n.<\/p>\n<p>C\u00e1c tr\u01b0\u1eddng h\u1ee3p li\u00ean quan \u0111\u1ebfn b\u1ea5t k\u1ef3 s\u1edf th\u00edch \u0111\u1eb7c bi\u1ec7t h\u1ea5p d\u1eabn n\u00e0o. Th\u00f4ng th\u01b0\u1eddng, m\u1ed9t \u0111i\u1ec1u ki\u1ec7n ti\u00ean quy\u1ebft nh\u1ecf \u0111\u1ec3 \u0111\u1eb7t c\u01b0\u1ee3c. \u0110i\u1ec1u n\u00e0y c\u00f3 ngh\u0129a r\u1eb1ng \u0111\u00e2y l\u00e0 m\u1ed9t doanh thu s\u00f2ng b\u1ea1c tr\u1ef1c tuy\u1ebfn t\u1ed1t. Nh\u01b0ng \u0111\u1eebng qu\u00ean ki\u1ec3m tra. Th\u1eddi h\u1ea1n hi\u1ec7u l\u1ef1c c\u1ee7a ph\u1ea7n th\u01b0\u1edfng v\u00e0 c\u00e1c n\u1ed9i dung kh\u00e1c.<\/p>\n<h3>Ch\u00ednh x\u00e1c th\u00ec v\u00f2ng quay mi\u1ec5n ph\u00ed l\u00e0 g\u00ec?<\/h3>\n<p>So v\u1edbi c\u01b0\u1ee3c mi\u1ec5n ph\u00ed, v\u00f2ng quay mi\u1ec5n ph\u00ed c\u00f3 th\u1ec3 gi\u00fap b\u1ea1n. Th\u01b0\u1edfng th\u1ee9c tr\u00f2 ch\u01a1i m\u00e0 kh\u00f4ng ph\u1ea3i tr\u1ea3 ti\u1ec1n cho n\u00f3. N\u1ebfu b\u1ea1n tham gia v\u00e0o c\u00e1c v\u00f2ng quay mi\u1ec5n ph\u00ed c\u1ee7a s\u00f2ng b\u1ea1c tr\u1ef1c tuy\u1ebfn, b\u1ea1n c\u00f3 th\u1ec3 th\u01b0\u1edfng th\u1ee9c c\u00e1c tr\u00f2 ch\u01a1i \u0111\u00e1nh x\u00e8ng ho\u00e0n to\u00e0n mi\u1ec5n ph\u00ed, cho ph\u00e9p quay ho\u00e0n to\u00e0n mi\u1ec5n ph\u00ed.<\/p>\n","protected":false},"excerpt":{"rendered":"<p>T\u1ea5t c\u1ea3 c\u00e1c tr\u00f2 ch\u01a1i casino tr\u1ef1c tuy\u1ebfn y\u00eau th\u00edch c\u1ee7a b\u1ea1n! Ph\u1ea7n m\u1ec1m c\u1ee7a ch\u00fang t\u00f4i lu\u00f4n l\u00e0 t\u1ed1t nh\u1ea5t. B\u1eaft \u0111\u1ea7u ngay b\u00e2y gi\u1edd v\u1edbi Ti\u1ec1n th\u01b0\u1edfng ch\u00e0o m\u1eebng mi\u1ec5n ph\u00ed v\u00e0 t\u1ea3i xu\u1ed1ng mi\u1ec5n ph\u00ed!<\/p>\n<div class=\"hero-cup-section\">\n<div class=\"row mb-4\">\n<div class=\"col-md-7\">\n<div class=\"section-area\">\n<div class=\"section-list\">\n<li style=\"text-align: left\"><img decoding=\"async\" src=\"https:\/\/www.freebetbest.com\/wp-content\/uploads\/2021\/06\/tick.png\" alt=\"C\u00e1c m\u00f4n th\u1ec3 thao\"> Casino th\u1ec3 thao ti\u1ec1n th\u01b0\u1edfng ch\u00e0o m\u1eebng.<\/li>\n<li style=\"text-align: left\"><img decoding=\"async\" src=\"https:\/\/www.freebetbest.com\/wp-content\/uploads\/2021\/06\/tick.png\" alt=\"cung c\u1ea5p tr\u00f2 ch\u01a1i\"> \u01afu \u0111\u00e3i v\u00e0 khuy\u1ebfn m\u00e3i c\u1ee7a nh\u00e0 c\u00e1i tr\u1ef1c tuy\u1ebfn.<\/li>\n<li style=\"text-align: left\"><img decoding=\"async\" src=\"https:\/\/www.freebetbest.com\/wp-content\/uploads\/2021\/06\/tick.png\" alt=\"cung c\u1ea5p tr\u00f2 ch\u01a1i\"> C\u00e1c nh\u00e0 c\u00e1i tr\u1ef1c tuy\u1ebfn t\u1ed1t nh\u1ea5t m\u00e0 b\u1ea1n c\u00f3 th\u1ec3 tin t\u01b0\u1edfng.<\/li>\n<li style=\"text-align: left\"><img decoding=\"async\" src=\"https:\/\/www.freebetbest.com\/wp-content\/uploads\/2021\/06\/tick.png\" alt=\"C\u00f3 th\u1ea9m quy\u1ec1n\"> \u0110\u00e1nh gi\u00e1 c\u00f3 th\u1ea9m quy\u1ec1n An to\u00e0n \u0111\u00e1ng tin c\u1eady.<\/li>\n<li style=\"text-align: left\"><img decoding=\"async\" src=\"https:\/\/www.freebetbest.com\/wp-content\/uploads\/2021\/06\/tick.png\" alt=\"R\u00fat ti\u1ec1n nhanh ch\u00f3ng\"> H\u1ed7 tr\u1ee3 APP di \u0111\u1ed9ng, R\u00fat ti\u1ec1n nhanh ch\u00f3ng.<\/li>\n<li style=\"text-align: left\"><img decoding=\"async\" src=\"https:\/\/www.freebetbest.com\/wp-content\/uploads\/2021\/06\/tick.png\" alt=\"H\u1ed7 tr\u1ee3 kh\u00e1ch h\u00e0ng\"> H\u1ed7 tr\u1ee3 kh\u00e1ch h\u00e0ng: 365 ng\u00e0y, 24 gi\u1edd m\u1ed9t ng\u00e0y.<\/li>\n<\/div>\n<\/div>\n<\/div>\n<div class=\"col-md-5\">\n<div class=\"cup-img\"><img decoding=\"async\" src=\"https:\/\/www.freebetbest.com\/wp-content\/uploads\/2021\/06\/Casino.png\" alt=\"Casino\"><\/div>\n<\/div>\n<\/div>\n","protected":false},"author":1,"featured_media":3024,"parent":0,"menu_order":0,"comment_status":"closed","ping_status":"closed","template":"casino-template.php","meta":{"footnotes":""},"class_list":["post-3023","page","type-page","status-publish","has-post-thumbnail","hentry"],"yoast_head":"<!-- This site is optimized with the Yoast SEO Premium plugin v19.5 (Yoast SEO v27.0) - https:\/\/yoast.com\/product\/yoast-seo-premium-wordpress\/ -->\n<title>Ti\u1ec1n th\u01b0\u1edfng C\u01b0\u1ee3c Casino M\u1edbi nh\u1ea5t C\u01b0\u1ee3c mi\u1ec5n ph\u00ed kh\u00f4ng c\u1ea7n g\u1eedi ti\u1ec1n, Ti\u1ec1n th\u01b0\u1edfng s\u00f2ng b\u1ea1c tr\u1ef1c tuy\u1ebfn<\/title>\n<meta name=\"description\" content=\"Nh\u00e0 c\u00e1i tr\u1ef1c tuy\u1ebfn t\u1ed1t nh\u1ea5t, Cung c\u1ea5p th\u1ec3 thao, s\u00f2ng b\u1ea1c, poker, bingo &amp; c\u00e1 c\u01b0\u1ee3c di \u0111\u1ed9ng, M\u00e3 ti\u1ec1n th\u01b0\u1edfng s\u00f2ng b\u1ea1c tr\u1ef1c tuy\u1ebfn, C\u1ed5ng c\u1edd b\u1ea1c h\u00e0ng \u0111\u1ea7u th\u1ebf gi\u1edbi\" \/>\n<meta name=\"robots\" content=\"index, follow, max-snippet:-1, max-image-preview:large, max-video-preview:-1\" \/>\n<link rel=\"canonical\" href=\"https:\/\/www.freebetbest.com\/vi\/ti%e1%bb%81n-th%c6%b0%e1%bb%9fng-c%c6%b0%e1%bb%a3c-casino-m%e1%bb%9bi-nh%e1%ba%a5t\/\" \/>\n<meta property=\"og:locale\" content=\"vi_VN\" \/>\n<meta property=\"og:type\" content=\"article\" \/>\n<meta property=\"og:title\" content=\"Ti\u1ec1n th\u01b0\u1edfng C\u01b0\u1ee3c Casino M\u1edbi nh\u1ea5t\" \/>\n<meta property=\"og:description\" content=\"Nh\u00e0 c\u00e1i tr\u1ef1c tuy\u1ebfn t\u1ed1t nh\u1ea5t, Cung c\u1ea5p th\u1ec3 thao, s\u00f2ng b\u1ea1c, poker, bingo &amp; c\u00e1 c\u01b0\u1ee3c di \u0111\u1ed9ng, M\u00e3 ti\u1ec1n th\u01b0\u1edfng s\u00f2ng b\u1ea1c tr\u1ef1c tuy\u1ebfn, C\u1ed5ng c\u1edd b\u1ea1c h\u00e0ng \u0111\u1ea7u th\u1ebf gi\u1edbi\" \/>\n<meta property=\"og:url\" content=\"https:\/\/www.freebetbest.com\/vi\/ti%e1%bb%81n-th%c6%b0%e1%bb%9fng-c%c6%b0%e1%bb%a3c-casino-m%e1%bb%9bi-nh%e1%ba%a5t\/\" \/>\n<meta property=\"og:site_name\" content=\"Nh\u00e0 c\u00e1i c\u00e1 c\u01b0\u1ee3c tr\u1ef1c tuy\u1ebfn t\u1ed1t nh\u1ea5t | C\u00e1 C\u01b0\u1ee3c b\u00f3ng \u0111\u00e1 online t\u1ed1t nh\u1ea5t | Th\u00f4ng tin c\u00e1 c\u01b0\u1ee3c mi\u1ec5n ph\u00ed.\" \/>\n<meta property=\"article:modified_time\" content=\"2021-07-28T20:04:52+00:00\" \/>\n<meta property=\"og:image\" content=\"https:\/\/www.freebetbest.com\/wp-content\/uploads\/2019\/07\/casino-gambling_ys_ys.jpg\" \/>\n\t<meta property=\"og:image:width\" content=\"380\" \/>\n\t<meta property=\"og:image:height\" content=\"191\" \/>\n\t<meta property=\"og:image:type\" content=\"image\/jpeg\" \/>\n<meta name=\"twitter:card\" content=\"summary_large_image\" \/>\n<meta name=\"twitter:label1\" content=\"Est. reading time\" \/>\n\t<meta name=\"twitter:data1\" content=\"3 minutes\" \/>\n<script type=\"application\/ld+json\" class=\"yoast-schema-graph\">{\"@context\":\"https:\/\/schema.org\",\"@graph\":[{\"@type\":\"WebPage\",\"@id\":\"https:\/\/www.freebetbest.com\/vi\/ti%e1%bb%81n-th%c6%b0%e1%bb%9fng-c%c6%b0%e1%bb%a3c-casino-m%e1%bb%9bi-nh%e1%ba%a5t\/\",\"url\":\"https:\/\/www.freebetbest.com\/vi\/ti%e1%bb%81n-th%c6%b0%e1%bb%9fng-c%c6%b0%e1%bb%a3c-casino-m%e1%bb%9bi-nh%e1%ba%a5t\/\",\"name\":\"Ti\u1ec1n th\u01b0\u1edfng C\u01b0\u1ee3c Casino M\u1edbi nh\u1ea5t C\u01b0\u1ee3c mi\u1ec5n ph\u00ed kh\u00f4ng c\u1ea7n g\u1eedi ti\u1ec1n, Ti\u1ec1n th\u01b0\u1edfng s\u00f2ng b\u1ea1c tr\u1ef1c tuy\u1ebfn\",\"isPartOf\":{\"@id\":\"https:\/\/www.freebetbest.com\/vi\/#website\"},\"primaryImageOfPage\":{\"@id\":\"https:\/\/www.freebetbest.com\/vi\/ti%e1%bb%81n-th%c6%b0%e1%bb%9fng-c%c6%b0%e1%bb%a3c-casino-m%e1%bb%9bi-nh%e1%ba%a5t\/#primaryimage\"},\"image\":{\"@id\":\"https:\/\/www.freebetbest.com\/vi\/ti%e1%bb%81n-th%c6%b0%e1%bb%9fng-c%c6%b0%e1%bb%a3c-casino-m%e1%bb%9bi-nh%e1%ba%a5t\/#primaryimage\"},\"thumbnailUrl\":\"https:\/\/www.freebetbest.com\/wp-content\/uploads\/2019\/07\/casino-gambling_ys_ys.jpg\",\"datePublished\":\"2019-07-18T03:47:29+00:00\",\"dateModified\":\"2021-07-28T20:04:52+00:00\",\"description\":\"Nh\u00e0 c\u00e1i tr\u1ef1c tuy\u1ebfn t\u1ed1t nh\u1ea5t, Cung c\u1ea5p th\u1ec3 thao, s\u00f2ng b\u1ea1c, poker, bingo & c\u00e1 c\u01b0\u1ee3c di \u0111\u1ed9ng, M\u00e3 ti\u1ec1n th\u01b0\u1edfng s\u00f2ng b\u1ea1c tr\u1ef1c tuy\u1ebfn, C\u1ed5ng c\u1edd b\u1ea1c h\u00e0ng \u0111\u1ea7u th\u1ebf gi\u1edbi\",\"breadcrumb\":{\"@id\":\"https:\/\/www.freebetbest.com\/vi\/ti%e1%bb%81n-th%c6%b0%e1%bb%9fng-c%c6%b0%e1%bb%a3c-casino-m%e1%bb%9bi-nh%e1%ba%a5t\/#breadcrumb\"},\"inLanguage\":\"vi-VN\",\"potentialAction\":[{\"@type\":\"ReadAction\",\"target\":[\"https:\/\/www.freebetbest.com\/vi\/ti%e1%bb%81n-th%c6%b0%e1%bb%9fng-c%c6%b0%e1%bb%a3c-casino-m%e1%bb%9bi-nh%e1%ba%a5t\/\"]}]},{\"@type\":\"ImageObject\",\"inLanguage\":\"vi-VN\",\"@id\":\"https:\/\/www.freebetbest.com\/vi\/ti%e1%bb%81n-th%c6%b0%e1%bb%9fng-c%c6%b0%e1%bb%a3c-casino-m%e1%bb%9bi-nh%e1%ba%a5t\/#primaryimage\",\"url\":\"https:\/\/www.freebetbest.com\/wp-content\/uploads\/2019\/07\/casino-gambling_ys_ys.jpg\",\"contentUrl\":\"https:\/\/www.freebetbest.com\/wp-content\/uploads\/2019\/07\/casino-gambling_ys_ys.jpg\",\"width\":380,\"height\":191},{\"@type\":\"BreadcrumbList\",\"@id\":\"https:\/\/www.freebetbest.com\/vi\/ti%e1%bb%81n-th%c6%b0%e1%bb%9fng-c%c6%b0%e1%bb%a3c-casino-m%e1%bb%9bi-nh%e1%ba%a5t\/#breadcrumb\",\"itemListElement\":[{\"@type\":\"ListItem\",\"position\":1,\"name\":\"Home\",\"item\":\"https:\/\/www.freebetbest.com\/vi\/\"},{\"@type\":\"ListItem\",\"position\":2,\"name\":\"Ti\u1ec1n th\u01b0\u1edfng C\u01b0\u1ee3c Casino M\u1edbi nh\u1ea5t\"}]},{\"@type\":\"WebSite\",\"@id\":\"https:\/\/www.freebetbest.com\/vi\/#website\",\"url\":\"https:\/\/www.freebetbest.com\/vi\/\",\"name\":\"Nh\u00e0 c\u00e1i c\u00e1 c\u01b0\u1ee3c tr\u1ef1c tuy\u1ebfn t\u1ed1t nh\u1ea5t | C\u00e1 C\u01b0\u1ee3c b\u00f3ng \u0111\u00e1 online t\u1ed1t nh\u1ea5t | Th\u00f4ng tin c\u00e1 c\u01b0\u1ee3c mi\u1ec5n ph\u00ed.\",\"description\":\"Nh\u00e0 c\u00e1i c\u00e1 c\u01b0\u1ee3c tr\u1ef1c tuy\u1ebfn t\u1ed1t nh\u1ea5t, C\u1ed5ng \u0111\u00e1nh b\u1ea1c h\u00e0ng \u0111\u1ea7u th\u1ebf gi\u1edbi, Cung c\u1ea5p th\u1ec3 thao, s\u00f2ng b\u1ea1c, poker, c\u00e1 c\u01b0\u1ee3c l\u00f4 t\u00f4 & di \u0111\u1ed9ng, Th\u00f4ng tin c\u00e1 c\u01b0\u1ee3c mi\u1ec5n ph\u00ed. Nh\u00e0 c\u00e1i c\u00e1 c\u01b0\u1ee3c tr\u1ef1c tuy\u1ebfn t\u1ed1t nh\u1ea5t Vi\u1ec7t Nam\",\"publisher\":{\"@id\":\"https:\/\/www.freebetbest.com\/vi\/#\/schema\/person\/292684ccf388a2362d507874c5b80a69\"},\"potentialAction\":[{\"@type\":\"SearchAction\",\"target\":{\"@type\":\"EntryPoint\",\"urlTemplate\":\"https:\/\/www.freebetbest.com\/vi\/?s={search_term_string}\"},\"query-input\":{\"@type\":\"PropertyValueSpecification\",\"valueRequired\":true,\"valueName\":\"search_term_string\"}}],\"inLanguage\":\"vi-VN\"},{\"@type\":[\"Person\",\"Organization\"],\"@id\":\"https:\/\/www.freebetbest.com\/vi\/#\/schema\/person\/292684ccf388a2362d507874c5b80a69\",\"name\":\"\u7ba1\u7406\",\"image\":{\"@type\":\"ImageObject\",\"inLanguage\":\"vi-VN\",\"@id\":\"https:\/\/www.freebetbest.com\/vi\/#\/schema\/person\/image\/\",\"url\":\"https:\/\/www.freebetbest.com\/wp-content\/litespeed\/avatar\/49696b52fb15293a2168c14964fdd8b9.jpg?ver=1777439934\",\"contentUrl\":\"https:\/\/www.freebetbest.com\/wp-content\/litespeed\/avatar\/49696b52fb15293a2168c14964fdd8b9.jpg?ver=1777439934\",\"caption\":\"\u7ba1\u7406\"},\"logo\":{\"@id\":\"https:\/\/www.freebetbest.com\/vi\/#\/schema\/person\/image\/\"},\"sameAs\":[\"admin\"]}]}<\/script>\n<!-- \/ Yoast SEO Premium plugin. -->","yoast_head_json":{"title":"Ti\u1ec1n th\u01b0\u1edfng C\u01b0\u1ee3c Casino M\u1edbi nh\u1ea5t C\u01b0\u1ee3c mi\u1ec5n ph\u00ed kh\u00f4ng c\u1ea7n g\u1eedi ti\u1ec1n, Ti\u1ec1n th\u01b0\u1edfng s\u00f2ng b\u1ea1c tr\u1ef1c tuy\u1ebfn","description":"Nh\u00e0 c\u00e1i tr\u1ef1c tuy\u1ebfn t\u1ed1t nh\u1ea5t, Cung c\u1ea5p th\u1ec3 thao, s\u00f2ng b\u1ea1c, poker, bingo & c\u00e1 c\u01b0\u1ee3c di \u0111\u1ed9ng, M\u00e3 ti\u1ec1n th\u01b0\u1edfng s\u00f2ng b\u1ea1c tr\u1ef1c tuy\u1ebfn, C\u1ed5ng c\u1edd b\u1ea1c h\u00e0ng \u0111\u1ea7u th\u1ebf gi\u1edbi","robots":{"index":"index","follow":"follow","max-snippet":"max-snippet:-1","max-image-preview":"max-image-preview:large","max-video-preview":"max-video-preview:-1"},"canonical":"https:\/\/www.freebetbest.com\/vi\/ti%e1%bb%81n-th%c6%b0%e1%bb%9fng-c%c6%b0%e1%bb%a3c-casino-m%e1%bb%9bi-nh%e1%ba%a5t\/","og_locale":"vi_VN","og_type":"article","og_title":"Ti\u1ec1n th\u01b0\u1edfng C\u01b0\u1ee3c Casino M\u1edbi nh\u1ea5t","og_description":"Nh\u00e0 c\u00e1i tr\u1ef1c tuy\u1ebfn t\u1ed1t nh\u1ea5t, Cung c\u1ea5p th\u1ec3 thao, s\u00f2ng b\u1ea1c, poker, bingo & c\u00e1 c\u01b0\u1ee3c di \u0111\u1ed9ng, M\u00e3 ti\u1ec1n th\u01b0\u1edfng s\u00f2ng b\u1ea1c tr\u1ef1c tuy\u1ebfn, C\u1ed5ng c\u1edd b\u1ea1c h\u00e0ng \u0111\u1ea7u th\u1ebf gi\u1edbi","og_url":"https:\/\/www.freebetbest.com\/vi\/ti%e1%bb%81n-th%c6%b0%e1%bb%9fng-c%c6%b0%e1%bb%a3c-casino-m%e1%bb%9bi-nh%e1%ba%a5t\/","og_site_name":"Nh\u00e0 c\u00e1i c\u00e1 c\u01b0\u1ee3c tr\u1ef1c tuy\u1ebfn t\u1ed1t nh\u1ea5t | C\u00e1 C\u01b0\u1ee3c b\u00f3ng \u0111\u00e1 online t\u1ed1t nh\u1ea5t | Th\u00f4ng tin c\u00e1 c\u01b0\u1ee3c mi\u1ec5n ph\u00ed.","article_modified_time":"2021-07-28T20:04:52+00:00","og_image":[{"width":380,"height":191,"url":"https:\/\/www.freebetbest.com\/wp-content\/uploads\/2019\/07\/casino-gambling_ys_ys.jpg","type":"image\/jpeg"}],"twitter_card":"summary_large_image","twitter_misc":{"Est. reading time":"3 minutes"},"schema":{"@context":"https:\/\/schema.org","@graph":[{"@type":"WebPage","@id":"https:\/\/www.freebetbest.com\/vi\/ti%e1%bb%81n-th%c6%b0%e1%bb%9fng-c%c6%b0%e1%bb%a3c-casino-m%e1%bb%9bi-nh%e1%ba%a5t\/","url":"https:\/\/www.freebetbest.com\/vi\/ti%e1%bb%81n-th%c6%b0%e1%bb%9fng-c%c6%b0%e1%bb%a3c-casino-m%e1%bb%9bi-nh%e1%ba%a5t\/","name":"Ti\u1ec1n th\u01b0\u1edfng C\u01b0\u1ee3c Casino M\u1edbi nh\u1ea5t C\u01b0\u1ee3c mi\u1ec5n ph\u00ed kh\u00f4ng c\u1ea7n g\u1eedi ti\u1ec1n, Ti\u1ec1n th\u01b0\u1edfng s\u00f2ng b\u1ea1c tr\u1ef1c tuy\u1ebfn","isPartOf":{"@id":"https:\/\/www.freebetbest.com\/vi\/#website"},"primaryImageOfPage":{"@id":"https:\/\/www.freebetbest.com\/vi\/ti%e1%bb%81n-th%c6%b0%e1%bb%9fng-c%c6%b0%e1%bb%a3c-casino-m%e1%bb%9bi-nh%e1%ba%a5t\/#primaryimage"},"image":{"@id":"https:\/\/www.freebetbest.com\/vi\/ti%e1%bb%81n-th%c6%b0%e1%bb%9fng-c%c6%b0%e1%bb%a3c-casino-m%e1%bb%9bi-nh%e1%ba%a5t\/#primaryimage"},"thumbnailUrl":"https:\/\/www.freebetbest.com\/wp-content\/uploads\/2019\/07\/casino-gambling_ys_ys.jpg","datePublished":"2019-07-18T03:47:29+00:00","dateModified":"2021-07-28T20:04:52+00:00","description":"Nh\u00e0 c\u00e1i tr\u1ef1c tuy\u1ebfn t\u1ed1t nh\u1ea5t, Cung c\u1ea5p th\u1ec3 thao, s\u00f2ng b\u1ea1c, poker, bingo & c\u00e1 c\u01b0\u1ee3c di \u0111\u1ed9ng, M\u00e3 ti\u1ec1n th\u01b0\u1edfng s\u00f2ng b\u1ea1c tr\u1ef1c tuy\u1ebfn, C\u1ed5ng c\u1edd b\u1ea1c h\u00e0ng \u0111\u1ea7u th\u1ebf gi\u1edbi","breadcrumb":{"@id":"https:\/\/www.freebetbest.com\/vi\/ti%e1%bb%81n-th%c6%b0%e1%bb%9fng-c%c6%b0%e1%bb%a3c-casino-m%e1%bb%9bi-nh%e1%ba%a5t\/#breadcrumb"},"inLanguage":"vi-VN","potentialAction":[{"@type":"ReadAction","target":["https:\/\/www.freebetbest.com\/vi\/ti%e1%bb%81n-th%c6%b0%e1%bb%9fng-c%c6%b0%e1%bb%a3c-casino-m%e1%bb%9bi-nh%e1%ba%a5t\/"]}]},{"@type":"ImageObject","inLanguage":"vi-VN","@id":"https:\/\/www.freebetbest.com\/vi\/ti%e1%bb%81n-th%c6%b0%e1%bb%9fng-c%c6%b0%e1%bb%a3c-casino-m%e1%bb%9bi-nh%e1%ba%a5t\/#primaryimage","url":"https:\/\/www.freebetbest.com\/wp-content\/uploads\/2019\/07\/casino-gambling_ys_ys.jpg","contentUrl":"https:\/\/www.freebetbest.com\/wp-content\/uploads\/2019\/07\/casino-gambling_ys_ys.jpg","width":380,"height":191},{"@type":"BreadcrumbList","@id":"https:\/\/www.freebetbest.com\/vi\/ti%e1%bb%81n-th%c6%b0%e1%bb%9fng-c%c6%b0%e1%bb%a3c-casino-m%e1%bb%9bi-nh%e1%ba%a5t\/#breadcrumb","itemListElement":[{"@type":"ListItem","position":1,"name":"Home","item":"https:\/\/www.freebetbest.com\/vi\/"},{"@type":"ListItem","position":2,"name":"Ti\u1ec1n th\u01b0\u1edfng C\u01b0\u1ee3c Casino M\u1edbi nh\u1ea5t"}]},{"@type":"WebSite","@id":"https:\/\/www.freebetbest.com\/vi\/#website","url":"https:\/\/www.freebetbest.com\/vi\/","name":"Nh\u00e0 c\u00e1i c\u00e1 c\u01b0\u1ee3c tr\u1ef1c tuy\u1ebfn t\u1ed1t nh\u1ea5t | C\u00e1 C\u01b0\u1ee3c b\u00f3ng \u0111\u00e1 online t\u1ed1t nh\u1ea5t | Th\u00f4ng tin c\u00e1 c\u01b0\u1ee3c mi\u1ec5n ph\u00ed.","description":"Nh\u00e0 c\u00e1i c\u00e1 c\u01b0\u1ee3c tr\u1ef1c tuy\u1ebfn t\u1ed1t nh\u1ea5t, C\u1ed5ng \u0111\u00e1nh b\u1ea1c h\u00e0ng \u0111\u1ea7u th\u1ebf gi\u1edbi, Cung c\u1ea5p th\u1ec3 thao, s\u00f2ng b\u1ea1c, poker, c\u00e1 c\u01b0\u1ee3c l\u00f4 t\u00f4 & di \u0111\u1ed9ng, Th\u00f4ng tin c\u00e1 c\u01b0\u1ee3c mi\u1ec5n ph\u00ed. Nh\u00e0 c\u00e1i c\u00e1 c\u01b0\u1ee3c tr\u1ef1c tuy\u1ebfn t\u1ed1t nh\u1ea5t Vi\u1ec7t Nam","publisher":{"@id":"https:\/\/www.freebetbest.com\/vi\/#\/schema\/person\/292684ccf388a2362d507874c5b80a69"},"potentialAction":[{"@type":"SearchAction","target":{"@type":"EntryPoint","urlTemplate":"https:\/\/www.freebetbest.com\/vi\/?s={search_term_string}"},"query-input":{"@type":"PropertyValueSpecification","valueRequired":true,"valueName":"search_term_string"}}],"inLanguage":"vi-VN"},{"@type":["Person","Organization"],"@id":"https:\/\/www.freebetbest.com\/vi\/#\/schema\/person\/292684ccf388a2362d507874c5b80a69","name":"\u7ba1\u7406","image":{"@type":"ImageObject","inLanguage":"vi-VN","@id":"https:\/\/www.freebetbest.com\/vi\/#\/schema\/person\/image\/","url":"https:\/\/www.freebetbest.com\/wp-content\/litespeed\/avatar\/49696b52fb15293a2168c14964fdd8b9.jpg?ver=1777439934","contentUrl":"https:\/\/www.freebetbest.com\/wp-content\/litespeed\/avatar\/49696b52fb15293a2168c14964fdd8b9.jpg?ver=1777439934","caption":"\u7ba1\u7406"},"logo":{"@id":"https:\/\/www.freebetbest.com\/vi\/#\/schema\/person\/image\/"},"sameAs":["admin"]}]}},"_links":{"self":[{"href":"https:\/\/www.freebetbest.com\/vi\/wp-json\/wp\/v2\/pages\/3023","targetHints":{"allow":["GET"]}}],"collection":[{"href":"https:\/\/www.freebetbest.com\/vi\/wp-json\/wp\/v2\/pages"}],"about":[{"href":"https:\/\/www.freebetbest.com\/vi\/wp-json\/wp\/v2\/types\/page"}],"author":[{"embeddable":true,"href":"https:\/\/www.freebetbest.com\/vi\/wp-json\/wp\/v2\/users\/1"}],"replies":[{"embeddable":true,"href":"https:\/\/www.freebetbest.com\/vi\/wp-json\/wp\/v2\/comments?post=3023"}],"version-history":[{"count":0,"href":"https:\/\/www.freebetbest.com\/vi\/wp-json\/wp\/v2\/pages\/3023\/revisions"}],"wp:featuredmedia":[{"embeddable":true,"href":"https:\/\/www.freebetbest.com\/vi\/wp-json\/wp\/v2\/media\/3024"}],"wp:attachment":[{"href":"https:\/\/www.freebetbest.com\/vi\/wp-json\/wp\/v2\/media?parent=3023"}],"curies":[{"name":"wp","href":"https:\/\/api.w.org\/{rel}","templated":true}]}}