{"id":3017,"date":"2019-07-18T03:50:22","date_gmt":"2019-07-18T03:50:22","guid":{"rendered":"https:\/\/www.freebetbest.com\/az-casino-game\/"},"modified":"2021-07-28T19:09:34","modified_gmt":"2021-07-28T19:09:34","slug":"nha-cai-ca-cuoc-tot-nhat","status":"publish","type":"page","link":"https:\/\/www.freebetbest.com\/vi\/nha-cai-ca-cuoc-tot-nhat\/","title":{"rendered":"Nh\u00e0 c\u00e1i c\u00e1 c\u01b0\u1ee3c t\u1ed1t nh\u1ea5t"},"content":{"rendered":"<h3>L\u00e0m th\u1ebf n\u00e0o \u0111\u1ec3 cung c\u1ea5p Nh\u00e0 c\u00e1i T\u1ed1t nh\u1ea5t?<\/h3>\n<p>Ti\u1ec1n th\u01b0\u1edfng C\u01b0\u1ee3c M\u1edbi nh\u1ea5t c\u1ee7a Nh\u00e0 c\u00e1i T\u1ed1t nh\u1ea5t th\u01b0\u1eddng ph\u1ed5 bi\u1ebfn cho c\u00e1c s\u1ed1 d\u01b0 l\u1ea7n \u0111\u1ea7u ti\u00ean. S\u1ed1 d\u01b0 hi\u1ec7n t\u1ea1i l\u00e0 ti\u00eau chu\u1ea9n. Ban \u0111\u1ea7u h\u00e3y ki\u1ec3m tra phi\u1ebfu mua h\u00e0ng d\u00e0nh cho kh\u00e1ch h\u00e0ng l\u1ea7n \u0111\u1ea7u ti\u00ean, do th\u1ef1c t\u1ebf l\u00e0 kh\u00e1ch h\u00e0ng \u0111\u00e3 cung c\u1ea5p tr\u01b0\u1edbc c\u00f3 th\u1ec3 d\u00e0nh cho m\u1ed9t s\u1ed1 v\u1eadn \u0111\u1ed9ng vi\u00ean nh\u1ea5t \u0111\u1ecbnh v\u00e0 c\u00f3 th\u1ec3 \u0111\u01b0\u1ee3c s\u1eed d\u1ee5ng trong th\u1eddi gian ng\u1eafn.<\/p>\n<p>R\u00f5 r\u00e0ng, ch\u00fang t\u00f4i s\u1ebd cung c\u1ea5p cho t\u1ea5t c\u1ea3 nh\u1eefng ng\u01b0\u1eddi mua hi\u1ec7n t\u1ea1i m\u1ee9c chi\u1ebft kh\u1ea5u m\u1ecdi l\u00fac, m\u1ecdi n\u01a1i v\u00e0 ch\u00fang t\u00f4i s\u1ebd \u0111\u1ea3m b\u1ea3o cung c\u1ea5p cho b\u1ea1n th\u00f4ng tin.<\/p>\n<p>Nhi\u1ec1u nh\u00e0 c\u00e1i cung c\u1ea5p ti\u1ec1n th\u01b0\u1edfng n\u1ea1p l\u1ea1i cho nh\u1eefng ng\u01b0\u1eddi tham gia hi\u1ec7n t\u1ea1i \u0111\u00e3 \u0111\u1eb7t th\u00eam m\u1ed9t l\u1ea7n n\u1eefa. M\u1eb7c d\u00f9 nh\u1eefng \u0111i\u1ec1u n\u00e0y c\u00f3 th\u1ec3 sinh l\u1ee3i, nh\u01b0ng vi\u1ec7c \u0111\u0103ng k\u00fd c\u1edd b\u1ea1c c\u00f3 xu h\u01b0\u1edbng t\u1ed1t h\u01a1n v\u1ec1 c\u00e1c kho\u1ea3n l\u1ee3i \u00edch v\u00e0 y\u00eau c\u1ea7u.<\/p>\n<p>Tuy nhi\u00ean, n\u00f3 \u0111\u01b0\u1ee3c x\u00e1c \u0111\u1ecbnh b\u1edfi th\u00f3i quen ch\u01a1i c\u1ee7a b\u1ea1n. Trong tr\u01b0\u1eddng h\u1ee3p b\u1ea1n \u0111o\u00e1n \u0111\u01b0\u1ee3c nhi\u1ec1u l\u1ee3i nhu\u1eadn khi s\u1eed d\u1ee5ng m\u1ed9t nh\u00e0 c\u00e1i c\u00e1 c\u01b0\u1ee3c, h\u1ecd s\u1ebd cung c\u1ea5p cho b\u1ea1n nhi\u1ec1u cung c\u1ea5p t\u1ea3i l\u1ea1i, c\u00f3 th\u1ec3 s\u1edbm c\u1ed9ng l\u1ea1i nhi\u1ec1u h\u01a1n so v\u1edbi \u01b0u \u0111\u00e3i \u0111\u0103ng k\u00fd th\u00f4ng th\u01b0\u1eddng cho b\u1ea1n. Lo\u1ea1i \u01b0u \u0111\u00e3i n\u00e0y c\u00f3 th\u1ec3 l\u00e0 c\u00e1c giao d\u1ecbch ti\u1ec1n th\u01b0\u1edfng \u0111\u1eb7t c\u01b0\u1ee3c v\u00e0 ti\u1ec1n g\u1eedi mi\u1ec5n ph\u00ed.<\/p>\n<h3>Nh\u00e0 c\u00e1i c\u00e1 c\u01b0\u1ee3c t\u1ed1t nh\u1ea5t m\u1edbi nh\u1ea5t<a href=\"https:\/\/www.freebetsinfo.co.uk\/\"> Ti\u1ec1n th\u01b0\u1edfng c\u00e1 c\u01b0\u1ee3c<\/a> Nhu c\u1ea7u ch\u01a1i<\/h3>\n<p>L\u00fd t\u01b0\u1edfng nh\u1ea5t l\u00e0 b\u1ea1n c\u1ea7n \u0111\u1ec3 b\u1ea1n c\u00f3 th\u1ec3 d\u1ec5 d\u00e0ng chuy\u1ec3n ti\u1ec1n th\u01b0\u1edfng c\u1ee7a m\u00ecnh th\u00e0nh ti\u1ec1n c\u00e0ng nhanh c\u00e0ng t\u1ed1t. Tr\u00ean th\u1ef1c t\u1ebf, kh\u00f4ng c\u00f3 nhu c\u1ea7u c\u00e1 c\u01b0\u1ee3c n\u00e0o trong danh s\u00e1ch c\u00e1 c\u01b0\u1ee3c mi\u1ec5n ph\u00ed t\u1ed1t nh\u1ea5t, c\u00f3 ngh\u0129a l\u00e0 ph\u1ea7n th\u01b0\u1edfng th\u00eam t\u1eeb vi\u1ec7c ch\u01a1i mi\u1ec5n ph\u00ed c\u1ee7a b\u1ea1n l\u00e0 s\u1ed1 ti\u1ec1n b\u1ea1n c\u00f3. M\u1ed9t s\u1ed1 l\u1ea7n giao h\u00e0ng ch\u01a1i mi\u1ec5n ph\u00ed c\u00f3 nhu c\u1ea7u \u0111\u1eb7t c\u01b0\u1ee3c, nh\u01b0ng ph\u1ea7n th\u01b0\u1edfng \u0111\u1eb7t t\u01b0\u01a1ng \u1ee9ng th\u01b0\u1eddng kh\u00f4ng. \u0110\u1ed1i v\u1edbi ti\u1ec1n th\u01b0\u1edfng b\u1ed5 sung tr\u1ea3 tr\u01b0\u1edbc, b\u1ea1n c\u00f3 th\u1ec3 mu\u1ed1n \u0111\u1eb7t c\u01b0\u1ee3c kho\u1ea3ng 8 k\u1ef3 cho kh\u1ed1i l\u01b0\u1ee3ng ti\u1ec1n th\u01b0\u1edfng th\u00eam v\u00e0o \u0111\u1ec3 c\u00f3 ngu\u1ed3n cung l\u1edbn h\u01a1n v\u00e0 m\u1ed9t s\u1ed1 \u00edt c\u00f3 th\u1ec3 c\u1ea7n 50 k\u1ef3 t\u00f9y ch\u1ecdn. S\u1ed1 l\u01b0\u1ee3ng nh\u1ecf, c\u00e0ng hi\u1ec7u qu\u1ea3.<\/p>\n<h3>Nh\u00e0 c\u00e1i t\u1ed1t nh\u1ea5t T\u1ef7 l\u1ec7 c\u01b0\u1ee3c th\u1ea5p nh\u1ea5t<\/h3>\n<p>Ch\u00fang t\u00f4i kh\u00f4ng ch\u1ec9 t\u1eadp trung v\u00e0o c\u00e1 c\u01b0\u1ee3c mi\u1ec5n ph\u00ed. \u0110i\u1ec1u ki\u1ec7n t\u1ef7 l\u1ec7 c\u01b0\u1ee3c t\u1ed1i thi\u1ec3u \u0111\u1ec3 c\u00f3 th\u00eam ti\u1ec1n th\u01b0\u1edfng, nh\u01b0ng c\u0169ng t\u1eadp trung v\u00e0o nh\u1eefng g\u00ec b\u1ea1n s\u1ebd \u0111\u01b0\u1ee3c th\u01b0\u1edfng khi kh\u00e1m ph\u00e1. C\u01b0\u1ee3c h\u1ee3p l\u1ec7 \u0111\u01b0\u1ee3c th\u1ef1c hi\u1ec7n. Vi\u1ec7c m\u1edf \u00a3 10 Nh\u1eadn \u00a3 30 l\u00e0 h\u1eefu \u00edch, nh\u01b0ng n\u1ebfu \u0111\u1eb7t c\u01b0\u1ee3c \u00a3 10 ban \u0111\u1ea7u ph\u1ea3i l\u00e0 l\u1ef1a ch\u1ecdn 4\/1 ho\u1eb7c cao h\u01a1n, th\u00ec n\u00f3 d\u1ec5 d\u00e0ng h\u01a1n so v\u1edbi \u0111\u1eb7t c\u01b0\u1ee3c 1\/2.<\/p>\n<h3>Nh\u00e0 c\u00e1i C\u00e1 c\u01b0\u1ee3c Bonu M\u1edbi nh\u1ea5t s Ng\u00e0nh \u0111\u1ee7 \u0111i\u1ec1u ki\u1ec7n<\/h3>\n<p>Trong t\u00f9y ch\u1ecdn s\u1eed d\u1ee5ng ti\u1ec1n th\u01b0\u1edfng \u0111\u0103ng k\u00fd. Cung c\u1ea5p c\u00e1 c\u01b0\u1ee3c t\u1ed1t nh\u1ea5t khi giao d\u1ecbch tr\u00ean th\u1ecb tr\u01b0\u1eddng tr\u00f2 ch\u01a1i. N\u00ean cung c\u1ea5p cho ng\u01b0\u1eddi \u0111\u1eb7t c\u01b0\u1ee3c c\u00e0ng nhi\u1ec1u c\u00e0ng t\u1ed1t. S\u1ef1 linh ho\u1ea1t v\u00e0 l\u1ef1a ch\u1ecdn t\u1ed1i \u0111a. N\u1ebfu b\u1ea1n b\u1ecb gi\u1edbi h\u1ea1n \u0111\u1eb7t c\u01b0\u1ee3c. Tham gia v\u00e0o m\u1ed9t m\u00f4n th\u1ec3 thao v\u00e0 \u0111o\u00e1n b\u1ea1n mu\u1ed1n. N\u00f3 c\u00f3 th\u1ec3 kh\u00f3 h\u01a1n nhi\u1ec1u.<\/p>\n<h3>Ti\u00eau chu\u1ea9n c\u1ee7a <a href=\"https:\/\/www.freebetbest.com\/betting-sites\/\">Nh\u00e0 c\u00e1i<\/a> C\u00e1c trang web Ti\u1ec1n th\u01b0\u1edfng C\u01b0\u1ee3c M\u1edbi nh\u1ea5t<\/h3>\n<p>\u0110\u1ec1 ngh\u1ecb \u0111\u0103ng k\u00fd l\u00e0 m\u1ed9t l\u1eddi gi\u1edbi thi\u1ec7u tuy\u1ec7t v\u1eddi v\u1ec1 trang web c\u00e1 c\u01b0\u1ee3c, nh\u01b0ng ch\u00fang t\u00f4i x\u1ee9ng \u0111\u00e1ng h\u01a1n v\u1edbi s\u1ea3n ph\u1ea9m t\u1ed5ng th\u1ec3. N\u1ebfu nh\u00e0 c\u00e1i c\u00e1 c\u01b0\u1ee3c. Cung c\u1ea5p m\u1ed9t s\u1ed1 t\u00ecnh hu\u1ed1ng th\u1ec3 thao, t\u1ef7 l\u1ec7 ch\u1ea5p, c\u00e1 c\u01b0\u1ee3c th\u1eddi gian th\u1ef1c, ph\u00e1t tr\u1ef1c tuy\u1ebfn Internet th\u1eddi gian th\u1ef1c, ph\u01b0\u01a1ng ph\u00e1p giao d\u1ecbch v\u00e0 \u1ee9ng d\u1ee5ng c\u00e1 c\u01b0\u1ee3c l\u00fd t\u01b0\u1edfng, sau \u0111\u00f3 ch\u00fang t\u00f4i nghi\u00eang v\u1ec1 ph\u00eda tr\u01b0\u1edbc. \u0110\u1eb7t ch\u00fang \u1edf \u0111\u1ea7u b\u1ea3ng x\u1ebfp h\u1ea1ng<\/p>\n<p>&nbsp;<\/p>\n","protected":false},"excerpt":{"rendered":"<p>Ch\u00fang t\u00f4i \u0111\u00e3 thu th\u1eadp c\u00e1c nh\u00e0 c\u00e1i tr\u1ef1c tuy\u1ebfn \u0111\u00e1ng tin c\u1eady nh\u1ea5t th\u1ebf gi\u1edbi, n\u01a1i b\u1ea1n c\u00f3 th\u1ec3 t\u00ecm th\u1ea5y ti\u1ec1n th\u01b0\u1edfng g\u1eedi ti\u1ec1n l\u1ea7n \u0111\u1ea7u v\u00e0 ti\u1ec1n th\u01b0\u1edfng kh\u00f4ng c\u1ea7n ti\u1ec1n g\u1eedi, c\u00e1c \u01b0u \u0111\u00e3i v\u00e0 khuy\u1ebfn m\u00e3i m\u1edbi nh\u1ea5t.<\/p>\n","protected":false},"author":1,"featured_media":0,"parent":0,"menu_order":0,"comment_status":"closed","ping_status":"closed","template":"template-sports.php","meta":{"footnotes":""},"class_list":["post-3017","page","type-page","status-publish","hentry"],"yoast_head":"<!-- This site is optimized with the Yoast SEO Premium plugin v19.5 (Yoast SEO v27.0) - https:\/\/yoast.com\/product\/yoast-seo-premium-wordpress\/ -->\n<title>Nh\u00e0 c\u00e1i c\u00e1 c\u01b0\u1ee3c t\u1ed1t nh\u1ea5t Kh\u00f4ng c\u00f3 ti\u1ec1n th\u01b0\u1edfng ti\u1ec1n g\u1eedi, \u0110\u0103ng k\u00fd M\u00e3 th\u01b0\u1edfng<\/title>\n<meta name=\"description\" content=\"Nh\u00e0 c\u00e1i c\u00e1 c\u01b0\u1ee3c t\u1ed1t nh\u1ea5t . Kh\u00e1ch h\u00e0ng m\u1edbi Ti\u1ec1n th\u01b0\u1edfng khi \u0111\u0103ng k\u00fd, Khuy\u1ebfn m\u00e3i ti\u1ec1n g\u1eedi l\u1ea7n \u0111\u1ea7u, Ti\u1ec1n \u0111\u1eb7t c\u01b0\u1ee3c mi\u1ec5n ph\u00ed Kh\u00f4ng c\u1ea7n ti\u1ec1n g\u1eedi. Trang web An to\u00e0n &amp; B\u1ea3o m\u1eadt.\" \/>\n<meta name=\"robots\" content=\"index, follow, max-snippet:-1, max-image-preview:large, max-video-preview:-1\" \/>\n<link rel=\"canonical\" href=\"https:\/\/www.freebetbest.com\/vi\/nha-cai-ca-cuoc-tot-nhat\/\" \/>\n<meta property=\"og:locale\" content=\"vi_VN\" \/>\n<meta property=\"og:type\" content=\"article\" \/>\n<meta property=\"og:title\" content=\"Nh\u00e0 c\u00e1i c\u00e1 c\u01b0\u1ee3c t\u1ed1t nh\u1ea5t\" \/>\n<meta property=\"og:description\" content=\"Nh\u00e0 c\u00e1i c\u00e1 c\u01b0\u1ee3c t\u1ed1t nh\u1ea5t . Kh\u00e1ch h\u00e0ng m\u1edbi Ti\u1ec1n th\u01b0\u1edfng khi \u0111\u0103ng k\u00fd, Khuy\u1ebfn m\u00e3i ti\u1ec1n g\u1eedi l\u1ea7n \u0111\u1ea7u, Ti\u1ec1n \u0111\u1eb7t c\u01b0\u1ee3c mi\u1ec5n ph\u00ed Kh\u00f4ng c\u1ea7n ti\u1ec1n g\u1eedi. Trang web An to\u00e0n &amp; B\u1ea3o m\u1eadt.\" \/>\n<meta property=\"og:url\" content=\"https:\/\/www.freebetbest.com\/vi\/nha-cai-ca-cuoc-tot-nhat\/\" \/>\n<meta property=\"og:site_name\" content=\"Nh\u00e0 c\u00e1i c\u00e1 c\u01b0\u1ee3c tr\u1ef1c tuy\u1ebfn t\u1ed1t nh\u1ea5t | C\u00e1 C\u01b0\u1ee3c b\u00f3ng \u0111\u00e1 online t\u1ed1t nh\u1ea5t | Th\u00f4ng tin c\u00e1 c\u01b0\u1ee3c mi\u1ec5n ph\u00ed.\" \/>\n<meta property=\"article:modified_time\" content=\"2021-07-28T19:09:34+00:00\" \/>\n<meta name=\"twitter:card\" content=\"summary_large_image\" \/>\n<meta name=\"twitter:label1\" content=\"Est. reading time\" \/>\n\t<meta name=\"twitter:data1\" content=\"2 minutes\" \/>\n<script type=\"application\/ld+json\" class=\"yoast-schema-graph\">{\"@context\":\"https:\/\/schema.org\",\"@graph\":[{\"@type\":\"WebPage\",\"@id\":\"https:\/\/www.freebetbest.com\/vi\/nha-cai-ca-cuoc-tot-nhat\/\",\"url\":\"https:\/\/www.freebetbest.com\/vi\/nha-cai-ca-cuoc-tot-nhat\/\",\"name\":\"Nh\u00e0 c\u00e1i c\u00e1 c\u01b0\u1ee3c t\u1ed1t nh\u1ea5t Kh\u00f4ng c\u00f3 ti\u1ec1n th\u01b0\u1edfng ti\u1ec1n g\u1eedi, \u0110\u0103ng k\u00fd M\u00e3 th\u01b0\u1edfng\",\"isPartOf\":{\"@id\":\"https:\/\/www.freebetbest.com\/vi\/#website\"},\"datePublished\":\"2019-07-18T03:50:22+00:00\",\"dateModified\":\"2021-07-28T19:09:34+00:00\",\"description\":\"Nh\u00e0 c\u00e1i c\u00e1 c\u01b0\u1ee3c t\u1ed1t nh\u1ea5t . Kh\u00e1ch h\u00e0ng m\u1edbi Ti\u1ec1n th\u01b0\u1edfng khi \u0111\u0103ng k\u00fd, Khuy\u1ebfn m\u00e3i ti\u1ec1n g\u1eedi l\u1ea7n \u0111\u1ea7u, Ti\u1ec1n \u0111\u1eb7t c\u01b0\u1ee3c mi\u1ec5n ph\u00ed Kh\u00f4ng c\u1ea7n ti\u1ec1n g\u1eedi. Trang web An to\u00e0n & B\u1ea3o m\u1eadt.\",\"breadcrumb\":{\"@id\":\"https:\/\/www.freebetbest.com\/vi\/nha-cai-ca-cuoc-tot-nhat\/#breadcrumb\"},\"inLanguage\":\"vi-VN\",\"potentialAction\":[{\"@type\":\"ReadAction\",\"target\":[\"https:\/\/www.freebetbest.com\/vi\/nha-cai-ca-cuoc-tot-nhat\/\"]}]},{\"@type\":\"BreadcrumbList\",\"@id\":\"https:\/\/www.freebetbest.com\/vi\/nha-cai-ca-cuoc-tot-nhat\/#breadcrumb\",\"itemListElement\":[{\"@type\":\"ListItem\",\"position\":1,\"name\":\"Home\",\"item\":\"https:\/\/www.freebetbest.com\/vi\/\"},{\"@type\":\"ListItem\",\"position\":2,\"name\":\"Nh\u00e0 c\u00e1i c\u00e1 c\u01b0\u1ee3c t\u1ed1t nh\u1ea5t\"}]},{\"@type\":\"WebSite\",\"@id\":\"https:\/\/www.freebetbest.com\/vi\/#website\",\"url\":\"https:\/\/www.freebetbest.com\/vi\/\",\"name\":\"Nh\u00e0 c\u00e1i c\u00e1 c\u01b0\u1ee3c tr\u1ef1c tuy\u1ebfn t\u1ed1t nh\u1ea5t | C\u00e1 C\u01b0\u1ee3c b\u00f3ng \u0111\u00e1 online t\u1ed1t nh\u1ea5t | Th\u00f4ng tin c\u00e1 c\u01b0\u1ee3c mi\u1ec5n ph\u00ed.\",\"description\":\"Nh\u00e0 c\u00e1i c\u00e1 c\u01b0\u1ee3c tr\u1ef1c tuy\u1ebfn t\u1ed1t nh\u1ea5t, C\u1ed5ng \u0111\u00e1nh b\u1ea1c h\u00e0ng \u0111\u1ea7u th\u1ebf gi\u1edbi, Cung c\u1ea5p th\u1ec3 thao, s\u00f2ng b\u1ea1c, poker, c\u00e1 c\u01b0\u1ee3c l\u00f4 t\u00f4 & di \u0111\u1ed9ng, Th\u00f4ng tin c\u00e1 c\u01b0\u1ee3c mi\u1ec5n ph\u00ed. Nh\u00e0 c\u00e1i c\u00e1 c\u01b0\u1ee3c tr\u1ef1c tuy\u1ebfn t\u1ed1t nh\u1ea5t Vi\u1ec7t Nam\",\"publisher\":{\"@id\":\"https:\/\/www.freebetbest.com\/vi\/#\/schema\/person\/292684ccf388a2362d507874c5b80a69\"},\"potentialAction\":[{\"@type\":\"SearchAction\",\"target\":{\"@type\":\"EntryPoint\",\"urlTemplate\":\"https:\/\/www.freebetbest.com\/vi\/?s={search_term_string}\"},\"query-input\":{\"@type\":\"PropertyValueSpecification\",\"valueRequired\":true,\"valueName\":\"search_term_string\"}}],\"inLanguage\":\"vi-VN\"},{\"@type\":[\"Person\",\"Organization\"],\"@id\":\"https:\/\/www.freebetbest.com\/vi\/#\/schema\/person\/292684ccf388a2362d507874c5b80a69\",\"name\":\"\u7ba1\u7406\",\"image\":{\"@type\":\"ImageObject\",\"inLanguage\":\"vi-VN\",\"@id\":\"https:\/\/www.freebetbest.com\/vi\/#\/schema\/person\/image\/\",\"url\":\"https:\/\/www.freebetbest.com\/wp-content\/litespeed\/avatar\/49696b52fb15293a2168c14964fdd8b9.jpg?ver=1776835103\",\"contentUrl\":\"https:\/\/www.freebetbest.com\/wp-content\/litespeed\/avatar\/49696b52fb15293a2168c14964fdd8b9.jpg?ver=1776835103\",\"caption\":\"\u7ba1\u7406\"},\"logo\":{\"@id\":\"https:\/\/www.freebetbest.com\/vi\/#\/schema\/person\/image\/\"},\"sameAs\":[\"admin\"]}]}<\/script>\n<!-- \/ Yoast SEO Premium plugin. -->","yoast_head_json":{"title":"Nh\u00e0 c\u00e1i c\u00e1 c\u01b0\u1ee3c t\u1ed1t nh\u1ea5t Kh\u00f4ng c\u00f3 ti\u1ec1n th\u01b0\u1edfng ti\u1ec1n g\u1eedi, \u0110\u0103ng k\u00fd M\u00e3 th\u01b0\u1edfng","description":"Nh\u00e0 c\u00e1i c\u00e1 c\u01b0\u1ee3c t\u1ed1t nh\u1ea5t . Kh\u00e1ch h\u00e0ng m\u1edbi Ti\u1ec1n th\u01b0\u1edfng khi \u0111\u0103ng k\u00fd, Khuy\u1ebfn m\u00e3i ti\u1ec1n g\u1eedi l\u1ea7n \u0111\u1ea7u, Ti\u1ec1n \u0111\u1eb7t c\u01b0\u1ee3c mi\u1ec5n ph\u00ed Kh\u00f4ng c\u1ea7n ti\u1ec1n g\u1eedi. Trang web An to\u00e0n & B\u1ea3o m\u1eadt.","robots":{"index":"index","follow":"follow","max-snippet":"max-snippet:-1","max-image-preview":"max-image-preview:large","max-video-preview":"max-video-preview:-1"},"canonical":"https:\/\/www.freebetbest.com\/vi\/nha-cai-ca-cuoc-tot-nhat\/","og_locale":"vi_VN","og_type":"article","og_title":"Nh\u00e0 c\u00e1i c\u00e1 c\u01b0\u1ee3c t\u1ed1t nh\u1ea5t","og_description":"Nh\u00e0 c\u00e1i c\u00e1 c\u01b0\u1ee3c t\u1ed1t nh\u1ea5t . Kh\u00e1ch h\u00e0ng m\u1edbi Ti\u1ec1n th\u01b0\u1edfng khi \u0111\u0103ng k\u00fd, Khuy\u1ebfn m\u00e3i ti\u1ec1n g\u1eedi l\u1ea7n \u0111\u1ea7u, Ti\u1ec1n \u0111\u1eb7t c\u01b0\u1ee3c mi\u1ec5n ph\u00ed Kh\u00f4ng c\u1ea7n ti\u1ec1n g\u1eedi. Trang web An to\u00e0n & B\u1ea3o m\u1eadt.","og_url":"https:\/\/www.freebetbest.com\/vi\/nha-cai-ca-cuoc-tot-nhat\/","og_site_name":"Nh\u00e0 c\u00e1i c\u00e1 c\u01b0\u1ee3c tr\u1ef1c tuy\u1ebfn t\u1ed1t nh\u1ea5t | C\u00e1 C\u01b0\u1ee3c b\u00f3ng \u0111\u00e1 online t\u1ed1t nh\u1ea5t | Th\u00f4ng tin c\u00e1 c\u01b0\u1ee3c mi\u1ec5n ph\u00ed.","article_modified_time":"2021-07-28T19:09:34+00:00","twitter_card":"summary_large_image","twitter_misc":{"Est. reading time":"2 minutes"},"schema":{"@context":"https:\/\/schema.org","@graph":[{"@type":"WebPage","@id":"https:\/\/www.freebetbest.com\/vi\/nha-cai-ca-cuoc-tot-nhat\/","url":"https:\/\/www.freebetbest.com\/vi\/nha-cai-ca-cuoc-tot-nhat\/","name":"Nh\u00e0 c\u00e1i c\u00e1 c\u01b0\u1ee3c t\u1ed1t nh\u1ea5t Kh\u00f4ng c\u00f3 ti\u1ec1n th\u01b0\u1edfng ti\u1ec1n g\u1eedi, \u0110\u0103ng k\u00fd M\u00e3 th\u01b0\u1edfng","isPartOf":{"@id":"https:\/\/www.freebetbest.com\/vi\/#website"},"datePublished":"2019-07-18T03:50:22+00:00","dateModified":"2021-07-28T19:09:34+00:00","description":"Nh\u00e0 c\u00e1i c\u00e1 c\u01b0\u1ee3c t\u1ed1t nh\u1ea5t . Kh\u00e1ch h\u00e0ng m\u1edbi Ti\u1ec1n th\u01b0\u1edfng khi \u0111\u0103ng k\u00fd, Khuy\u1ebfn m\u00e3i ti\u1ec1n g\u1eedi l\u1ea7n \u0111\u1ea7u, Ti\u1ec1n \u0111\u1eb7t c\u01b0\u1ee3c mi\u1ec5n ph\u00ed Kh\u00f4ng c\u1ea7n ti\u1ec1n g\u1eedi. Trang web An to\u00e0n & B\u1ea3o m\u1eadt.","breadcrumb":{"@id":"https:\/\/www.freebetbest.com\/vi\/nha-cai-ca-cuoc-tot-nhat\/#breadcrumb"},"inLanguage":"vi-VN","potentialAction":[{"@type":"ReadAction","target":["https:\/\/www.freebetbest.com\/vi\/nha-cai-ca-cuoc-tot-nhat\/"]}]},{"@type":"BreadcrumbList","@id":"https:\/\/www.freebetbest.com\/vi\/nha-cai-ca-cuoc-tot-nhat\/#breadcrumb","itemListElement":[{"@type":"ListItem","position":1,"name":"Home","item":"https:\/\/www.freebetbest.com\/vi\/"},{"@type":"ListItem","position":2,"name":"Nh\u00e0 c\u00e1i c\u00e1 c\u01b0\u1ee3c t\u1ed1t nh\u1ea5t"}]},{"@type":"WebSite","@id":"https:\/\/www.freebetbest.com\/vi\/#website","url":"https:\/\/www.freebetbest.com\/vi\/","name":"Nh\u00e0 c\u00e1i c\u00e1 c\u01b0\u1ee3c tr\u1ef1c tuy\u1ebfn t\u1ed1t nh\u1ea5t | C\u00e1 C\u01b0\u1ee3c b\u00f3ng \u0111\u00e1 online t\u1ed1t nh\u1ea5t | Th\u00f4ng tin c\u00e1 c\u01b0\u1ee3c mi\u1ec5n ph\u00ed.","description":"Nh\u00e0 c\u00e1i c\u00e1 c\u01b0\u1ee3c tr\u1ef1c tuy\u1ebfn t\u1ed1t nh\u1ea5t, C\u1ed5ng \u0111\u00e1nh b\u1ea1c h\u00e0ng \u0111\u1ea7u th\u1ebf gi\u1edbi, Cung c\u1ea5p th\u1ec3 thao, s\u00f2ng b\u1ea1c, poker, c\u00e1 c\u01b0\u1ee3c l\u00f4 t\u00f4 & di \u0111\u1ed9ng, Th\u00f4ng tin c\u00e1 c\u01b0\u1ee3c mi\u1ec5n ph\u00ed. Nh\u00e0 c\u00e1i c\u00e1 c\u01b0\u1ee3c tr\u1ef1c tuy\u1ebfn t\u1ed1t nh\u1ea5t Vi\u1ec7t Nam","publisher":{"@id":"https:\/\/www.freebetbest.com\/vi\/#\/schema\/person\/292684ccf388a2362d507874c5b80a69"},"potentialAction":[{"@type":"SearchAction","target":{"@type":"EntryPoint","urlTemplate":"https:\/\/www.freebetbest.com\/vi\/?s={search_term_string}"},"query-input":{"@type":"PropertyValueSpecification","valueRequired":true,"valueName":"search_term_string"}}],"inLanguage":"vi-VN"},{"@type":["Person","Organization"],"@id":"https:\/\/www.freebetbest.com\/vi\/#\/schema\/person\/292684ccf388a2362d507874c5b80a69","name":"\u7ba1\u7406","image":{"@type":"ImageObject","inLanguage":"vi-VN","@id":"https:\/\/www.freebetbest.com\/vi\/#\/schema\/person\/image\/","url":"https:\/\/www.freebetbest.com\/wp-content\/litespeed\/avatar\/49696b52fb15293a2168c14964fdd8b9.jpg?ver=1776835103","contentUrl":"https:\/\/www.freebetbest.com\/wp-content\/litespeed\/avatar\/49696b52fb15293a2168c14964fdd8b9.jpg?ver=1776835103","caption":"\u7ba1\u7406"},"logo":{"@id":"https:\/\/www.freebetbest.com\/vi\/#\/schema\/person\/image\/"},"sameAs":["admin"]}]}},"_links":{"self":[{"href":"https:\/\/www.freebetbest.com\/vi\/wp-json\/wp\/v2\/pages\/3017","targetHints":{"allow":["GET"]}}],"collection":[{"href":"https:\/\/www.freebetbest.com\/vi\/wp-json\/wp\/v2\/pages"}],"about":[{"href":"https:\/\/www.freebetbest.com\/vi\/wp-json\/wp\/v2\/types\/page"}],"author":[{"embeddable":true,"href":"https:\/\/www.freebetbest.com\/vi\/wp-json\/wp\/v2\/users\/1"}],"replies":[{"embeddable":true,"href":"https:\/\/www.freebetbest.com\/vi\/wp-json\/wp\/v2\/comments?post=3017"}],"version-history":[{"count":0,"href":"https:\/\/www.freebetbest.com\/vi\/wp-json\/wp\/v2\/pages\/3017\/revisions"}],"wp:attachment":[{"href":"https:\/\/www.freebetbest.com\/vi\/wp-json\/wp\/v2\/media?parent=3017"}],"curies":[{"name":"wp","href":"https:\/\/api.w.org\/{rel}","templated":true}]}}