{"id":3012,"date":"2019-07-18T05:21:08","date_gmt":"2019-07-18T05:21:08","guid":{"rendered":"https:\/\/www.freebetbest.com\/live-casino-truc-tuyen-betting\/"},"modified":"2021-08-16T06:35:15","modified_gmt":"2021-08-16T06:35:15","slug":"moi-nhat-e-spors-ca-cuoc-tien-thuong","status":"publish","type":"page","link":"https:\/\/www.freebetbest.com\/vi\/moi-nhat-e-spors-ca-cuoc-tien-thuong\/","title":{"rendered":"Ti\u1ec1n th\u01b0\u1edfng C\u01b0\u1ee3c E-spors m\u1edbi nh\u1ea5t"},"content":{"rendered":"\n<div class=\"text-area__container\">\n<div class=\"text-area__content\">\n<h2>Ti\u1ec1n th\u01b0\u1edfng C\u01b0\u1ee3c E-spors m\u1edbi nh\u1ea5t<\/h2>\nNh\u1eefng g\u00ec b\u1ea1n c\u1ea7n bi\u1ebft v\u1ec1. T\u1ea5t c\u1ea3 c\u00e1c ho\u1ea1t \u0111\u1ed9ng th\u00f4ng tin c\u1ee7a c\u1edd b\u1ea1c. Ti\u1ec1n th\u01b0\u1edfng C\u01b0\u1ee3c E-spors m\u1edbi nh\u1ea5t. \u0110\u00e2y qu\u1ea3 th\u1ef1c l\u00e0 m\u1ed9t xu h\u01b0\u1edbng kh\u00e1 m\u1edbi m\u1ebb nh\u01b0ng \u0111\u01b0\u1ee3c r\u1ea5t nhi\u1ec1u ng\u01b0\u1eddi c\u00e1 c\u01b0\u1ee3c. Thu \u0111\u01b0\u1ee3c thu nh\u1eadp \u0111\u00e1ng k\u1ec3. V\u1edbi th\u1ec3 thao \u0111i\u1ec7n t\u1eed. B\u1eaft \u0111\u1ea7u th\u00e2m nh\u1eadp v\u00e0o d\u00f2ng ch\u00ednh, nhi\u1ec1u trang web tr\u00f2 ch\u01a1i truy\u1ec1n th\u1ed1ng \u0111\u00e3 xu\u1ea5t hi\u1ec7n v\u00e0 gi\u1edd \u0111\u00e2y h\u1ecd cho ph\u00e9p b\u1ea1n tham gia. C\u00e1ch tr\u1ef1c ti\u1ebfp v\u00e0 v\u00f4 h\u1ea1i. H\u00e3y \u0111\u1ebfn v\u00e0 th\u1eed c\u00e1c tr\u00f2 ch\u01a1i th\u1ec3 thao \u0111i\u1ec7n t\u1eed.\n<h2>Chuy\u00ean nghi\u1ec7p m\u1edbi nh\u1ea5t e-<a href=\"https:\/\/www.freebetsinfo.co.uk\/free-bets\/\"> ti\u1ec1n th\u01b0\u1edfng c\u00e1 c\u01b0\u1ee3c th\u1ec3 thao<\/a> trang m\u1ea1ng<\/h2>\nC\u00e1 c\u01b0\u1ee3c th\u1ec3 thao \u0111i\u1ec7n t\u1eed. Ch\u1eafc ch\u1eafn c\u00f3 nhi\u1ec1u l\u1ef1a ch\u1ecdn. V\u00e0 v\u00ec nh\u1eefng h\u00ecnh \u1ea3nh v\u1ec1 c\u1edd b\u1ea1c th\u1ec3 thao \u0111i\u1ec7n t\u1eed. Ng\u00e0y c\u00e0ng tr\u1edf n\u00ean c\u1ea1nh tranh h\u01a1n n\u00ean c\u00f3 r\u1ea5t nhi\u1ec1u trang c\u00e1 c\u01b0\u1ee3c ra \u0111\u1eddi. S\u1ebd cung c\u1ea5p m\u1ed9t s\u1ed1 d\u1ecbch v\u1ee5. Nh\u1eefng l\u1ee3i \u00edch to l\u1edbn c\u1ee7a tr\u00f2 ch\u01a1i th\u1ec3 thao \u0111i\u1ec7n t\u1eed. C\u00f3 th\u1ec3 thu h\u00fat b\u1ea1n \u0111\u0103ng k\u00fd v\u1edbi nh\u00e0 cung c\u1ea5p c\u1ee7a h\u1ecd.\n\nCh\u00fang t\u00f4i s\u1ebd \u0111\u1ebfn t\u1eeb c\u00e1c trang web c\u1edd b\u1ea1c n\u00e0y. \u0110\u1ed1i ph\u00f3 v\u1edbi ti\u1ec1n th\u01b0\u1edfng th\u1ec3 thao \u0111i\u1ec7n t\u1eed t\u1ed1t nh\u1ea5t. Ti\u1ebfn h\u00e0nh \u0111\u00e1nh gi\u00e1 to\u00e0n di\u1ec7n. Gi\u00fap b\u1ea1n x\u00e1c \u0111\u1ecbnh lo\u1ea1i ti\u1ec1n th\u01b0\u1edfng. T\u1ed1t nh\u1ea5t cho c\u00e1 c\u01b0\u1ee3c th\u1ec3 thao \u0111i\u1ec7n t\u1eed \u0111\u1ed9c \u0111\u00e1o c\u1ee7a b\u1ea1n. V\u00ec v\u1eady, h\u00e3y \u0111\u1ecdc qua. Th\u1ec3 thao \u0111i\u1ec7n t\u1eed c\u1ee7a ch\u00fang t\u00f4i. H\u01b0\u1edbng d\u1eabn t\u1ef1 tr\u1ee3 gi\u00fap \u0111\u1eb7c bi\u1ec7t \u0111\u1ec3 t\u00ecm hi\u1ec3u c\u00e1ch s\u1eed d\u1ee5ng c\u00e1c tr\u00f2 ch\u01a1i tr\u1ef1c tuy\u1ebfn y\u00eau th\u00edch c\u1ee7a b\u1ea1n. C\u00f3 \u0111\u01b0\u1ee3c thu nh\u1eadp c\u1edd b\u1ea1c \u0111\u00e1ng tin c\u1eady.\n<h3>Danh s\u00e1ch Khuy\u1ebfn m\u00e3i Ti\u1ec1n th\u01b0\u1edfng C\u01b0\u1ee3c E-spors M\u1edbi nh\u1ea5t<\/h3>\nB\u1ea1n t\u00ecm ki\u1ebfm ti\u1ec1n th\u01b0\u1edfng c\u00e1 c\u01b0\u1ee3c th\u1ec3 thao \u0111i\u1ec7n t\u1eed tr\u1ef1c tuy\u1ebfn, v\u00e0 ch\u1eafc ch\u1eafn b\u1ea1n s\u1ebd nh\u1eadn \u0111\u01b0\u1ee3c r\u1ea5t nhi\u1ec1u. Th\u00f4ng tin v\u1ec1 h\u00e0ng lo\u1ea1t \u01b0u \u0111\u00e3i \u0111\u1eb7c bi\u1ec7t. M\u1ed9t kho\u1ea3n \u0111\u1eb7t c\u01b0\u1ee3c mi\u1ec5n ph\u00ed \u0111\u01b0\u1ee3c \u0111\u1ea3m b\u1ea3o. Trang web c\u00e1 c\u01b0\u1ee3c th\u1ec3 thao \u0111i\u1ec7n t\u1eed. Nh\u00e0 c\u00e1i cung c\u1ea5p c\u00f9ng m\u1ed9t m\u1ee9c gi\u00e1 \u0111o\u00e1n. Ph\u1ea3i c\u00f3 nhi\u1ec1u l\u1ef1a ch\u1ecdn. B\u1ea5t k\u1ec3 ph\u1ea1m vi c\u1ee7a ch\u01b0\u01a1ng tr\u00ecnh khuy\u1ebfn m\u00e3i, nh\u1eefng \u01b0u \u0111\u00e3i \u0111\u1eb7c bi\u1ec7t n\u00e0y. H\u1ea7u h\u1ebft c\u00f3 m\u1ed9t s\u1ed1 ch\u1ee9c n\u0103ng r\u1ea5t gi\u1ed1ng nhau.\n<h3>D\u1ec5 ch\u1ecbu M\u1edbi nh\u1ea5t E-<a href=\"https:\/\/www.freebetbest.com\/vi\/trang-web-ca-cuoc\/\"> spors Ti\u1ec1n th\u01b0\u1edfng c\u00e1 c\u01b0\u1ee3c<\/a><\/h3>\nB\u1ea1n th\u01b0\u1eddng c\u1ea7n tham gia nh\u00e0 cung c\u1ea5p c\u1ee7a th\u01b0\u01a1ng hi\u1ec7u tr\u01b0\u1edbc, v\u00e0 b\u1ea1n th\u01b0\u1eddng s\u1ebd t\u00ecm th\u1ea5y n\u00f3. B\u1ea1n c\u00f3 th\u1ec3 c\u1ea7n n\u00f3 tr\u01b0\u1edbc \u0111\u00e2y. Nh\u1eadn m\u1ed9t trong nh\u1eefng giao d\u1ecbch. Thanh to\u00e1n ti\u1ec1n \u0111\u1eb7t c\u1ecdc tr\u01b0\u1edbc. B\u1ea1n th\u1eadm ch\u00ed c\u00f3 th\u1ec3 hi\u1ec3u. C\u00e1c trang web c\u1edd b\u1ea1c kh\u00f4ng th\u01b0\u1eddng xuy\u00ean. B\u1ea1n s\u1ebd \u0111\u01b0\u1ee3c y\u00eau c\u1ea7u s\u1eed d\u1ee5ng m\u00e3 m\u00e1y t\u00ednh khuy\u1ebfn m\u1ea1i \u0111\u1ec3 c\u00f3 th\u1ec3 b\u1eaft \u0111\u1ea7u. C\u00e1c giao d\u1ecbch khuy\u1ebfn m\u1ea1i c\u1ee7a h\u1ecd.\n<h3>Tr\u01b0\u1edbc khi k\u00fd m\u1ed9t \u0111\u1ec1 ngh\u1ecb duy nh\u1ea5t t\u1eeb trang web tr\u00f2 ch\u01a1i<\/h3>\nH\u00e3y ch\u1eafc ch\u1eafn \u0111\u1ec3 mua s\u1eafm nhi\u1ec1u h\u01a1n. C\u00f3 m\u1ed9t lo\u1ea1t c\u00e1c khuy\u1ebfn m\u1ea1i xung quanh m\u00e0 b\u1ea1n c\u00f3 th\u1ec3 t\u00ecm th\u1ea5y. C\u00e1 c\u01b0\u1ee3c th\u1ec3 thao \u0111i\u1ec7n t\u1eed d\u00e0nh cho b\u1ea1n. Th\u01b0\u1edfng th\u00eam theo y\u00eau c\u1ea7u. Cho d\u00f9 b\u1ea1n \u0111ang t\u00ecm ki\u1ebfm m\u1ed9t ho\u1ea1t \u0111\u1ed9ng ti\u1ebfp th\u1ecb th\u1ec3 thao \u0111i\u1ec7n t\u1eed quy m\u00f4 l\u1edbn ph\u00f9 h\u1ee3p v\u1edbi m\u00ecnh hay ch\u1ec9 \u0111ang t\u00ecm ki\u1ebfm n\u00f3. Ph\u1ea7n th\u01b0\u1edfng tr\u00f2 ch\u01a1i ph\u00f9 h\u1ee3p c\u01a1 b\u1ea3n h\u01a1n, b\u1ea1n ch\u1eafc ch\u1eafn c\u00f3 th\u1ec3 nh\u1eadn \u0111\u01b0\u1ee3c n\u00f3 m\u1ed9t c\u00e1ch nhanh ch\u00f3ng. M\u1ecdi ng\u01b0\u1eddi \u0111\u00e3 v\u01b0\u1ee3t qua \u0111\u00e1nh gi\u00e1 ph\u1ea7n th\u01b0\u1edfng tr\u00f2 ch\u01a1i c\u1ee7a ch\u00fang t\u00f4i. Nh\u1eadn th\u00f4ng tin li\u00ean quan.\n<h3>\u0110\u00e1nh gi\u00e1 ti\u1ec1n th\u01b0\u1edfng c\u00e1 c\u01b0\u1ee3c th\u1ec3 thao \u0111i\u1ec7n t\u1eed m\u1edbi nh\u1ea5t<\/h3>\nKhi c\u00e1 c\u01b0\u1ee3c th\u1ec3 thao \u0111i\u1ec7n t\u1eed ng\u00e0y c\u00e0ng tr\u1edf n\u00ean ph\u1ed5 bi\u1ebfn, b\u1ea1n c\u00f3 th\u1ec3 \u0111\u01b0\u1ee3c h\u01b0\u1edfng l\u1ee3i t\u1eeb t\u00ednh ch\u1ea5t c\u1ea1nh tranh cao c\u1ee7a b\u1ed1i c\u1ea3nh c\u00e1 c\u01b0\u1ee3c v\u00e0 do \u0111\u00f3 thu \u0111\u01b0\u1ee3c nh\u1eefng l\u1ee3i \u00edch to l\u1edbn v\u00e0 h\u00e0i l\u00f2ng.\n<h3>Cho d\u00f9 \u0111\u00f3 l\u00e0 m\u1ed9t nh\u00e0 c\u00e1i c\u00e1 c\u01b0\u1ee3c b\u00ecnh th\u01b0\u1eddng<\/h3>\nHo\u1eb7c m\u1ed9t trang web c\u00e1 c\u01b0\u1ee3c th\u1ec3 thao \u0111i\u1ec7n t\u1eed m\u1edbi, b\u1ea1n ch\u1eafc ch\u1eafn c\u00f3 th\u1ec3 t\u00ecm th\u1ea5y m\u1ee9c chi\u1ebft kh\u1ea5u cho ph\u00e9p b\u1ea1n t\u0103ng l\u1ee3i nhu\u1eadn c\u1ee7a m\u00ecnh trong l\u1ea7n \u0111\u1eb7t c\u01b0\u1ee3c th\u1ec3 thao \u0111i\u1ec7n t\u1eed ban \u0111\u1ea7u.\n\nM\u1ed9t s\u1ed1 nh\u00e0 c\u00e1i s\u1ebd cung c\u1ea5p c\u00e1c \u01b0u \u0111\u00e3i \u0111\u1eb7c bi\u1ec7t cung c\u1ea5p cho b\u1ea1n chi\u1ebft kh\u1ea5u thanh to\u00e1n tr\u01b0\u1edbc t\u01b0\u01a1ng \u0111\u01b0\u01a1ng, g\u1ea7n b\u1eb1ng 200% kho\u1ea3n thanh to\u00e1n tr\u01b0\u1edbc ban \u0111\u1ea7u c\u1ee7a b\u1ea1n, trong khi c\u00e1c trang web c\u00e1 c\u01b0\u1ee3c kh\u00e1c s\u1ebd cung c\u1ea5p chi\u1ebft kh\u1ea5u n\u00e0y. C\u00e1c t\u00f9y ch\u1ecdn k\u1ebft h\u1ee3p \u0111\u01a1n gi\u1ea3n h\u01a1n.\n<h3>Ngu\u1ed3n c\u00e1 c\u01b0\u1ee3c l\u1edbn nh\u1ea5t m\u00e0 b\u1ea1n nh\u1eadn \u0111\u01b0\u1ee3c.<\/h3>\nTh\u1ee9 h\u1ea1ng c\u1ee7a m\u1ed7i ph\u1ea7n th\u01b0\u1edfng r\u1ea5t d\u1ec5 d\u00e0ng, nh\u01b0ng r\u00f5 r\u00e0ng m\u1ecdi th\u1ee9 kh\u00f4ng d\u1ec5 d\u00e0ng nh\u01b0 v\u1eady. \u0110i\u1ec1u n\u00e0y l\u00e0 do m\u1ed9t s\u1ed1 ti\u1ec1n th\u01b0\u1edfng b\u1ed5 sung quan tr\u1ecdng nh\u1ea5t. Ng\u01b0\u1eddi ti\u00eau d\u00f9ng th\u01b0\u1eddng ph\u1ea3i tr\u1ea3 nhi\u1ec1u ti\u1ec1n m\u1eb7t ban \u0111\u1ea7u h\u01a1n. V\u00ec v\u1eady, khi t\u1ea5t c\u1ea3 c\u00e1c ho\u1ea1t \u0111\u1ed9ng. Th\u01b0\u1eddng \u0111i k\u00e8m v\u1edbi nhi\u1ec1u \u0111i\u1ec1u ki\u1ec7n v\u00e0 \u0111i\u1ec1u kho\u1ea3n. Khi b\u1ea1n ch\u1ec9 \u0111\u1ecbnh ph\u01b0\u01a1ng th\u1ee9c s\u1eed d\u1ee5ng ti\u1ec1n th\u01b0\u1edfng, b\u1ea1n ph\u1ea3i \u0111\u0103ng k\u00fd v\u00e0 bao g\u1ed3m trang web c\u00e1 c\u01b0\u1ee3c.\n<\/div>\n<\/div>\n","protected":false},"excerpt":{"rendered":"<p>D\u01b0\u1edbi \u0111\u00e2y l\u00e0 c\u00e1c s\u00f2ng b\u1ea1c tr\u1ef1c tuy\u1ebfn t\u1ed1t nh\u1ea5t m\u00e0 c\u00f3 th\u1ec3 \u0111\u01b0\u1ee3c th\u1ef1c hi\u1ec7n cho ti\u1ec1n m\u1eb7t th\u1ef1c s\u1ef1.<\/p>\n<div class=\"hero-cup-section\">\n<div class=\"row mb-4\">\n<div class=\"col-md-7\">\n<div class=\"section-area\">\n<div class=\"section-list\">\n<li style=\"text-align: left\"><img decoding=\"async\" src=\"https:\/\/www.freebetbest.com\/wp-content\/uploads\/2021\/06\/tick.png\" alt=\"C\u00e1c m\u00f4n th\u1ec3 thao\"> Casino th\u1ec3 thao ti\u1ec1n th\u01b0\u1edfng ch\u00e0o m\u1eebng.<\/li>\n<li style=\"text-align: left\"><img decoding=\"async\" src=\"https:\/\/www.freebetbest.com\/wp-content\/uploads\/2021\/06\/tick.png\" alt=\"cung c\u1ea5p tr\u00f2 ch\u01a1i\"> \u01afu \u0111\u00e3i v\u00e0 khuy\u1ebfn m\u00e3i c\u1ee7a nh\u00e0 c\u00e1i tr\u1ef1c tuy\u1ebfn.<\/li>\n<li style=\"text-align: left\"><img decoding=\"async\" src=\"https:\/\/www.freebetbest.com\/wp-content\/uploads\/2021\/06\/tick.png\" alt=\"cung c\u1ea5p tr\u00f2 ch\u01a1i\"> C\u00e1c nh\u00e0 c\u00e1i tr\u1ef1c tuy\u1ebfn t\u1ed1t nh\u1ea5t m\u00e0 b\u1ea1n c\u00f3 th\u1ec3 tin t\u01b0\u1edfng.<\/li>\n<li style=\"text-align: left\"><img decoding=\"async\" src=\"https:\/\/www.freebetbest.com\/wp-content\/uploads\/2021\/06\/tick.png\" alt=\"C\u00f3 th\u1ea9m quy\u1ec1n\"> \u0110\u00e1nh gi\u00e1 c\u00f3 th\u1ea9m quy\u1ec1n An to\u00e0n \u0111\u00e1ng tin c\u1eady.<\/li>\n<li style=\"text-align: left\"><img decoding=\"async\" src=\"https:\/\/www.freebetbest.com\/wp-content\/uploads\/2021\/06\/tick.png\" alt=\"R\u00fat ti\u1ec1n nhanh ch\u00f3ng\"> H\u1ed7 tr\u1ee3 APP di \u0111\u1ed9ng, R\u00fat ti\u1ec1n nhanh ch\u00f3ng.<\/li>\n<li style=\"text-align: left\"><img decoding=\"async\" src=\"https:\/\/www.freebetbest.com\/wp-content\/uploads\/2021\/06\/tick.png\" alt=\"H\u1ed7 tr\u1ee3 kh\u00e1ch h\u00e0ng\"> H\u1ed7 tr\u1ee3 kh\u00e1ch h\u00e0ng: 365 ng\u00e0y, 24 gi\u1edd m\u1ed9t ng\u00e0y.<\/li>\n<\/div>\n<\/div>\n<\/div>\n<div class=\"col-md-5\">\n<div class=\"cup-img\"><img decoding=\"async\" src=\"https:\/\/www.freebetbest.com\/wp-content\/uploads\/2021\/06\/e-spors.png\" alt=\"freebetbest\"><\/div>\n<\/div>\n<\/div>\n","protected":false},"author":1,"featured_media":124957,"parent":0,"menu_order":0,"comment_status":"closed","ping_status":"closed","template":"E-spors-template.php","meta":{"footnotes":""},"class_list":["post-3012","page","type-page","status-publish","has-post-thumbnail","hentry"],"yoast_head":"<!-- This site is optimized with the Yoast SEO Premium plugin v19.5 (Yoast SEO v27.0) - https:\/\/yoast.com\/product\/yoast-seo-premium-wordpress\/ -->\n<title>Ti\u1ec1n th\u01b0\u1edfng C\u01b0\u1ee3c E-spors m\u1edbi nh\u1ea5t , \u0110\u1eb7t c\u01b0\u1ee3c mi\u1ec5n ph\u00ed Kh\u00f4ng c\u00f3 ti\u1ec1n th\u01b0\u1edfng ti\u1ec1n g\u1eedi<\/title>\n<meta name=\"description\" content=\"Ti\u1ec1n th\u01b0\u1edfng C\u01b0\u1ee3c E-spors m\u1edbi nh\u1ea5t , \u0110\u1eb7t c\u01b0\u1ee3c mi\u1ec5n ph\u00ed Ti\u1ec1n th\u01b0\u1edfng kh\u00f4ng c\u1ea7n g\u1eedi ti\u1ec1n, Nh\u00e0 c\u00e1i T\u1ed1t nh\u1ea5t, ch\u00e0o m\u1eebng M\u00e3 ti\u1ec1n th\u01b0\u1edfng G\u1eedi ti\u1ec1n l\u1ea7n \u0111\u1ea7u, M\u00e3 th\u01b0\u1edfng \u0110\u0103ng k\u00fd.\" \/>\n<meta name=\"robots\" content=\"index, follow, max-snippet:-1, max-image-preview:large, max-video-preview:-1\" \/>\n<link rel=\"canonical\" href=\"https:\/\/www.freebetbest.com\/vi\/moi-nhat-e-spors-ca-cuoc-tien-thuong\/\" \/>\n<meta property=\"og:locale\" content=\"vi_VN\" \/>\n<meta property=\"og:type\" content=\"article\" \/>\n<meta property=\"og:title\" content=\"Ti\u1ec1n th\u01b0\u1edfng C\u01b0\u1ee3c E-spors m\u1edbi nh\u1ea5t\" \/>\n<meta property=\"og:description\" content=\"Ti\u1ec1n th\u01b0\u1edfng C\u01b0\u1ee3c E-spors m\u1edbi nh\u1ea5t , \u0110\u1eb7t c\u01b0\u1ee3c mi\u1ec5n ph\u00ed Ti\u1ec1n th\u01b0\u1edfng kh\u00f4ng c\u1ea7n g\u1eedi ti\u1ec1n, Nh\u00e0 c\u00e1i T\u1ed1t nh\u1ea5t, ch\u00e0o m\u1eebng M\u00e3 ti\u1ec1n th\u01b0\u1edfng G\u1eedi ti\u1ec1n l\u1ea7n \u0111\u1ea7u, M\u00e3 th\u01b0\u1edfng \u0110\u0103ng k\u00fd.\" \/>\n<meta property=\"og:url\" content=\"https:\/\/www.freebetbest.com\/vi\/moi-nhat-e-spors-ca-cuoc-tien-thuong\/\" \/>\n<meta property=\"og:site_name\" content=\"Nh\u00e0 c\u00e1i c\u00e1 c\u01b0\u1ee3c tr\u1ef1c tuy\u1ebfn t\u1ed1t nh\u1ea5t | C\u00e1 C\u01b0\u1ee3c b\u00f3ng \u0111\u00e1 online t\u1ed1t nh\u1ea5t | Th\u00f4ng tin c\u00e1 c\u01b0\u1ee3c mi\u1ec5n ph\u00ed.\" \/>\n<meta property=\"article:modified_time\" content=\"2021-08-16T06:35:15+00:00\" \/>\n<meta property=\"og:image\" content=\"https:\/\/www.freebetbest.com\/wp-content\/uploads\/2021\/06\/e-spors1.png\" \/>\n\t<meta property=\"og:image:width\" content=\"417\" \/>\n\t<meta property=\"og:image:height\" content=\"180\" \/>\n\t<meta property=\"og:image:type\" content=\"image\/png\" \/>\n<meta name=\"twitter:card\" content=\"summary_large_image\" \/>\n<meta name=\"twitter:label1\" content=\"Est. reading time\" \/>\n\t<meta name=\"twitter:data1\" content=\"3 minutes\" \/>\n<script type=\"application\/ld+json\" class=\"yoast-schema-graph\">{\"@context\":\"https:\/\/schema.org\",\"@graph\":[{\"@type\":\"WebPage\",\"@id\":\"https:\/\/www.freebetbest.com\/vi\/moi-nhat-e-spors-ca-cuoc-tien-thuong\/\",\"url\":\"https:\/\/www.freebetbest.com\/vi\/moi-nhat-e-spors-ca-cuoc-tien-thuong\/\",\"name\":\"Ti\u1ec1n th\u01b0\u1edfng C\u01b0\u1ee3c E-spors m\u1edbi nh\u1ea5t , \u0110\u1eb7t c\u01b0\u1ee3c mi\u1ec5n ph\u00ed Kh\u00f4ng c\u00f3 ti\u1ec1n th\u01b0\u1edfng ti\u1ec1n g\u1eedi\",\"isPartOf\":{\"@id\":\"https:\/\/www.freebetbest.com\/vi\/#website\"},\"primaryImageOfPage\":{\"@id\":\"https:\/\/www.freebetbest.com\/vi\/moi-nhat-e-spors-ca-cuoc-tien-thuong\/#primaryimage\"},\"image\":{\"@id\":\"https:\/\/www.freebetbest.com\/vi\/moi-nhat-e-spors-ca-cuoc-tien-thuong\/#primaryimage\"},\"thumbnailUrl\":\"https:\/\/www.freebetbest.com\/wp-content\/uploads\/2021\/06\/e-spors1.png\",\"datePublished\":\"2019-07-18T05:21:08+00:00\",\"dateModified\":\"2021-08-16T06:35:15+00:00\",\"description\":\"Ti\u1ec1n th\u01b0\u1edfng C\u01b0\u1ee3c E-spors m\u1edbi nh\u1ea5t , \u0110\u1eb7t c\u01b0\u1ee3c mi\u1ec5n ph\u00ed Ti\u1ec1n th\u01b0\u1edfng kh\u00f4ng c\u1ea7n g\u1eedi ti\u1ec1n, Nh\u00e0 c\u00e1i T\u1ed1t nh\u1ea5t, ch\u00e0o m\u1eebng M\u00e3 ti\u1ec1n th\u01b0\u1edfng G\u1eedi ti\u1ec1n l\u1ea7n \u0111\u1ea7u, M\u00e3 th\u01b0\u1edfng \u0110\u0103ng k\u00fd.\",\"breadcrumb\":{\"@id\":\"https:\/\/www.freebetbest.com\/vi\/moi-nhat-e-spors-ca-cuoc-tien-thuong\/#breadcrumb\"},\"inLanguage\":\"vi-VN\",\"potentialAction\":[{\"@type\":\"ReadAction\",\"target\":[\"https:\/\/www.freebetbest.com\/vi\/moi-nhat-e-spors-ca-cuoc-tien-thuong\/\"]}]},{\"@type\":\"ImageObject\",\"inLanguage\":\"vi-VN\",\"@id\":\"https:\/\/www.freebetbest.com\/vi\/moi-nhat-e-spors-ca-cuoc-tien-thuong\/#primaryimage\",\"url\":\"https:\/\/www.freebetbest.com\/wp-content\/uploads\/2021\/06\/e-spors1.png\",\"contentUrl\":\"https:\/\/www.freebetbest.com\/wp-content\/uploads\/2021\/06\/e-spors1.png\",\"width\":417,\"height\":180,\"caption\":\"e-spors1\"},{\"@type\":\"BreadcrumbList\",\"@id\":\"https:\/\/www.freebetbest.com\/vi\/moi-nhat-e-spors-ca-cuoc-tien-thuong\/#breadcrumb\",\"itemListElement\":[{\"@type\":\"ListItem\",\"position\":1,\"name\":\"Home\",\"item\":\"https:\/\/www.freebetbest.com\/vi\/\"},{\"@type\":\"ListItem\",\"position\":2,\"name\":\"Ti\u1ec1n th\u01b0\u1edfng C\u01b0\u1ee3c E-spors m\u1edbi nh\u1ea5t\"}]},{\"@type\":\"WebSite\",\"@id\":\"https:\/\/www.freebetbest.com\/vi\/#website\",\"url\":\"https:\/\/www.freebetbest.com\/vi\/\",\"name\":\"Nh\u00e0 c\u00e1i c\u00e1 c\u01b0\u1ee3c tr\u1ef1c tuy\u1ebfn t\u1ed1t nh\u1ea5t | C\u00e1 C\u01b0\u1ee3c b\u00f3ng \u0111\u00e1 online t\u1ed1t nh\u1ea5t | Th\u00f4ng tin c\u00e1 c\u01b0\u1ee3c mi\u1ec5n ph\u00ed.\",\"description\":\"Nh\u00e0 c\u00e1i c\u00e1 c\u01b0\u1ee3c tr\u1ef1c tuy\u1ebfn t\u1ed1t nh\u1ea5t, C\u1ed5ng \u0111\u00e1nh b\u1ea1c h\u00e0ng \u0111\u1ea7u th\u1ebf gi\u1edbi, Cung c\u1ea5p th\u1ec3 thao, s\u00f2ng b\u1ea1c, poker, c\u00e1 c\u01b0\u1ee3c l\u00f4 t\u00f4 & di \u0111\u1ed9ng, Th\u00f4ng tin c\u00e1 c\u01b0\u1ee3c mi\u1ec5n ph\u00ed. Nh\u00e0 c\u00e1i c\u00e1 c\u01b0\u1ee3c tr\u1ef1c tuy\u1ebfn t\u1ed1t nh\u1ea5t Vi\u1ec7t Nam\",\"publisher\":{\"@id\":\"https:\/\/www.freebetbest.com\/vi\/#\/schema\/person\/292684ccf388a2362d507874c5b80a69\"},\"potentialAction\":[{\"@type\":\"SearchAction\",\"target\":{\"@type\":\"EntryPoint\",\"urlTemplate\":\"https:\/\/www.freebetbest.com\/vi\/?s={search_term_string}\"},\"query-input\":{\"@type\":\"PropertyValueSpecification\",\"valueRequired\":true,\"valueName\":\"search_term_string\"}}],\"inLanguage\":\"vi-VN\"},{\"@type\":[\"Person\",\"Organization\"],\"@id\":\"https:\/\/www.freebetbest.com\/vi\/#\/schema\/person\/292684ccf388a2362d507874c5b80a69\",\"name\":\"\u7ba1\u7406\",\"image\":{\"@type\":\"ImageObject\",\"inLanguage\":\"vi-VN\",\"@id\":\"https:\/\/www.freebetbest.com\/vi\/#\/schema\/person\/image\/\",\"url\":\"https:\/\/www.freebetbest.com\/wp-content\/litespeed\/avatar\/49696b52fb15293a2168c14964fdd8b9.jpg?ver=1775625495\",\"contentUrl\":\"https:\/\/www.freebetbest.com\/wp-content\/litespeed\/avatar\/49696b52fb15293a2168c14964fdd8b9.jpg?ver=1775625495\",\"caption\":\"\u7ba1\u7406\"},\"logo\":{\"@id\":\"https:\/\/www.freebetbest.com\/vi\/#\/schema\/person\/image\/\"},\"sameAs\":[\"admin\"]}]}<\/script>\n<!-- \/ Yoast SEO Premium plugin. -->","yoast_head_json":{"title":"Ti\u1ec1n th\u01b0\u1edfng C\u01b0\u1ee3c E-spors m\u1edbi nh\u1ea5t , \u0110\u1eb7t c\u01b0\u1ee3c mi\u1ec5n ph\u00ed Kh\u00f4ng c\u00f3 ti\u1ec1n th\u01b0\u1edfng ti\u1ec1n g\u1eedi","description":"Ti\u1ec1n th\u01b0\u1edfng C\u01b0\u1ee3c E-spors m\u1edbi nh\u1ea5t , \u0110\u1eb7t c\u01b0\u1ee3c mi\u1ec5n ph\u00ed Ti\u1ec1n th\u01b0\u1edfng kh\u00f4ng c\u1ea7n g\u1eedi ti\u1ec1n, Nh\u00e0 c\u00e1i T\u1ed1t nh\u1ea5t, ch\u00e0o m\u1eebng M\u00e3 ti\u1ec1n th\u01b0\u1edfng G\u1eedi ti\u1ec1n l\u1ea7n \u0111\u1ea7u, M\u00e3 th\u01b0\u1edfng \u0110\u0103ng k\u00fd.","robots":{"index":"index","follow":"follow","max-snippet":"max-snippet:-1","max-image-preview":"max-image-preview:large","max-video-preview":"max-video-preview:-1"},"canonical":"https:\/\/www.freebetbest.com\/vi\/moi-nhat-e-spors-ca-cuoc-tien-thuong\/","og_locale":"vi_VN","og_type":"article","og_title":"Ti\u1ec1n th\u01b0\u1edfng C\u01b0\u1ee3c E-spors m\u1edbi nh\u1ea5t","og_description":"Ti\u1ec1n th\u01b0\u1edfng C\u01b0\u1ee3c E-spors m\u1edbi nh\u1ea5t , \u0110\u1eb7t c\u01b0\u1ee3c mi\u1ec5n ph\u00ed Ti\u1ec1n th\u01b0\u1edfng kh\u00f4ng c\u1ea7n g\u1eedi ti\u1ec1n, Nh\u00e0 c\u00e1i T\u1ed1t nh\u1ea5t, ch\u00e0o m\u1eebng M\u00e3 ti\u1ec1n th\u01b0\u1edfng G\u1eedi ti\u1ec1n l\u1ea7n \u0111\u1ea7u, M\u00e3 th\u01b0\u1edfng \u0110\u0103ng k\u00fd.","og_url":"https:\/\/www.freebetbest.com\/vi\/moi-nhat-e-spors-ca-cuoc-tien-thuong\/","og_site_name":"Nh\u00e0 c\u00e1i c\u00e1 c\u01b0\u1ee3c tr\u1ef1c tuy\u1ebfn t\u1ed1t nh\u1ea5t | C\u00e1 C\u01b0\u1ee3c b\u00f3ng \u0111\u00e1 online t\u1ed1t nh\u1ea5t | Th\u00f4ng tin c\u00e1 c\u01b0\u1ee3c mi\u1ec5n ph\u00ed.","article_modified_time":"2021-08-16T06:35:15+00:00","og_image":[{"width":417,"height":180,"url":"https:\/\/www.freebetbest.com\/wp-content\/uploads\/2021\/06\/e-spors1.png","type":"image\/png"}],"twitter_card":"summary_large_image","twitter_misc":{"Est. reading time":"3 minutes"},"schema":{"@context":"https:\/\/schema.org","@graph":[{"@type":"WebPage","@id":"https:\/\/www.freebetbest.com\/vi\/moi-nhat-e-spors-ca-cuoc-tien-thuong\/","url":"https:\/\/www.freebetbest.com\/vi\/moi-nhat-e-spors-ca-cuoc-tien-thuong\/","name":"Ti\u1ec1n th\u01b0\u1edfng C\u01b0\u1ee3c E-spors m\u1edbi nh\u1ea5t , \u0110\u1eb7t c\u01b0\u1ee3c mi\u1ec5n ph\u00ed Kh\u00f4ng c\u00f3 ti\u1ec1n th\u01b0\u1edfng ti\u1ec1n g\u1eedi","isPartOf":{"@id":"https:\/\/www.freebetbest.com\/vi\/#website"},"primaryImageOfPage":{"@id":"https:\/\/www.freebetbest.com\/vi\/moi-nhat-e-spors-ca-cuoc-tien-thuong\/#primaryimage"},"image":{"@id":"https:\/\/www.freebetbest.com\/vi\/moi-nhat-e-spors-ca-cuoc-tien-thuong\/#primaryimage"},"thumbnailUrl":"https:\/\/www.freebetbest.com\/wp-content\/uploads\/2021\/06\/e-spors1.png","datePublished":"2019-07-18T05:21:08+00:00","dateModified":"2021-08-16T06:35:15+00:00","description":"Ti\u1ec1n th\u01b0\u1edfng C\u01b0\u1ee3c E-spors m\u1edbi nh\u1ea5t , \u0110\u1eb7t c\u01b0\u1ee3c mi\u1ec5n ph\u00ed Ti\u1ec1n th\u01b0\u1edfng kh\u00f4ng c\u1ea7n g\u1eedi ti\u1ec1n, Nh\u00e0 c\u00e1i T\u1ed1t nh\u1ea5t, ch\u00e0o m\u1eebng M\u00e3 ti\u1ec1n th\u01b0\u1edfng G\u1eedi ti\u1ec1n l\u1ea7n \u0111\u1ea7u, M\u00e3 th\u01b0\u1edfng \u0110\u0103ng k\u00fd.","breadcrumb":{"@id":"https:\/\/www.freebetbest.com\/vi\/moi-nhat-e-spors-ca-cuoc-tien-thuong\/#breadcrumb"},"inLanguage":"vi-VN","potentialAction":[{"@type":"ReadAction","target":["https:\/\/www.freebetbest.com\/vi\/moi-nhat-e-spors-ca-cuoc-tien-thuong\/"]}]},{"@type":"ImageObject","inLanguage":"vi-VN","@id":"https:\/\/www.freebetbest.com\/vi\/moi-nhat-e-spors-ca-cuoc-tien-thuong\/#primaryimage","url":"https:\/\/www.freebetbest.com\/wp-content\/uploads\/2021\/06\/e-spors1.png","contentUrl":"https:\/\/www.freebetbest.com\/wp-content\/uploads\/2021\/06\/e-spors1.png","width":417,"height":180,"caption":"e-spors1"},{"@type":"BreadcrumbList","@id":"https:\/\/www.freebetbest.com\/vi\/moi-nhat-e-spors-ca-cuoc-tien-thuong\/#breadcrumb","itemListElement":[{"@type":"ListItem","position":1,"name":"Home","item":"https:\/\/www.freebetbest.com\/vi\/"},{"@type":"ListItem","position":2,"name":"Ti\u1ec1n th\u01b0\u1edfng C\u01b0\u1ee3c E-spors m\u1edbi nh\u1ea5t"}]},{"@type":"WebSite","@id":"https:\/\/www.freebetbest.com\/vi\/#website","url":"https:\/\/www.freebetbest.com\/vi\/","name":"Nh\u00e0 c\u00e1i c\u00e1 c\u01b0\u1ee3c tr\u1ef1c tuy\u1ebfn t\u1ed1t nh\u1ea5t | C\u00e1 C\u01b0\u1ee3c b\u00f3ng \u0111\u00e1 online t\u1ed1t nh\u1ea5t | Th\u00f4ng tin c\u00e1 c\u01b0\u1ee3c mi\u1ec5n ph\u00ed.","description":"Nh\u00e0 c\u00e1i c\u00e1 c\u01b0\u1ee3c tr\u1ef1c tuy\u1ebfn t\u1ed1t nh\u1ea5t, C\u1ed5ng \u0111\u00e1nh b\u1ea1c h\u00e0ng \u0111\u1ea7u th\u1ebf gi\u1edbi, Cung c\u1ea5p th\u1ec3 thao, s\u00f2ng b\u1ea1c, poker, c\u00e1 c\u01b0\u1ee3c l\u00f4 t\u00f4 & di \u0111\u1ed9ng, Th\u00f4ng tin c\u00e1 c\u01b0\u1ee3c mi\u1ec5n ph\u00ed. Nh\u00e0 c\u00e1i c\u00e1 c\u01b0\u1ee3c tr\u1ef1c tuy\u1ebfn t\u1ed1t nh\u1ea5t Vi\u1ec7t Nam","publisher":{"@id":"https:\/\/www.freebetbest.com\/vi\/#\/schema\/person\/292684ccf388a2362d507874c5b80a69"},"potentialAction":[{"@type":"SearchAction","target":{"@type":"EntryPoint","urlTemplate":"https:\/\/www.freebetbest.com\/vi\/?s={search_term_string}"},"query-input":{"@type":"PropertyValueSpecification","valueRequired":true,"valueName":"search_term_string"}}],"inLanguage":"vi-VN"},{"@type":["Person","Organization"],"@id":"https:\/\/www.freebetbest.com\/vi\/#\/schema\/person\/292684ccf388a2362d507874c5b80a69","name":"\u7ba1\u7406","image":{"@type":"ImageObject","inLanguage":"vi-VN","@id":"https:\/\/www.freebetbest.com\/vi\/#\/schema\/person\/image\/","url":"https:\/\/www.freebetbest.com\/wp-content\/litespeed\/avatar\/49696b52fb15293a2168c14964fdd8b9.jpg?ver=1775625495","contentUrl":"https:\/\/www.freebetbest.com\/wp-content\/litespeed\/avatar\/49696b52fb15293a2168c14964fdd8b9.jpg?ver=1775625495","caption":"\u7ba1\u7406"},"logo":{"@id":"https:\/\/www.freebetbest.com\/vi\/#\/schema\/person\/image\/"},"sameAs":["admin"]}]}},"_links":{"self":[{"href":"https:\/\/www.freebetbest.com\/vi\/wp-json\/wp\/v2\/pages\/3012","targetHints":{"allow":["GET"]}}],"collection":[{"href":"https:\/\/www.freebetbest.com\/vi\/wp-json\/wp\/v2\/pages"}],"about":[{"href":"https:\/\/www.freebetbest.com\/vi\/wp-json\/wp\/v2\/types\/page"}],"author":[{"embeddable":true,"href":"https:\/\/www.freebetbest.com\/vi\/wp-json\/wp\/v2\/users\/1"}],"replies":[{"embeddable":true,"href":"https:\/\/www.freebetbest.com\/vi\/wp-json\/wp\/v2\/comments?post=3012"}],"version-history":[{"count":0,"href":"https:\/\/www.freebetbest.com\/vi\/wp-json\/wp\/v2\/pages\/3012\/revisions"}],"wp:featuredmedia":[{"embeddable":true,"href":"https:\/\/www.freebetbest.com\/vi\/wp-json\/wp\/v2\/media\/124957"}],"wp:attachment":[{"href":"https:\/\/www.freebetbest.com\/vi\/wp-json\/wp\/v2\/media?parent=3012"}],"curies":[{"name":"wp","href":"https:\/\/api.w.org\/{rel}","templated":true}]}}