{"id":3009,"date":"2019-07-18T06:20:16","date_gmt":"2019-07-18T06:20:16","guid":{"rendered":"https:\/\/www.freebetbest.com\/live-bingo-online-betting\/"},"modified":"2021-08-16T14:24:50","modified_gmt":"2021-08-16T14:24:50","slug":"tien-thuong-ca-cuoc-bingo-moi-nhat","status":"publish","type":"page","link":"https:\/\/www.freebetbest.com\/vi\/tien-thuong-ca-cuoc-bingo-moi-nhat\/","title":{"rendered":"Ti\u1ec1n th\u01b0\u1edfng c\u00e1 c\u01b0\u1ee3c bingo m\u1edbi nh\u1ea5t"},"content":{"rendered":"\n<h2>Ti\u1ec1n th\u01b0\u1edfng c\u01b0\u1ee3c bingo m\u1edbi nh\u1ea5t C\u01b0\u1ee3c bingo tr\u1ef1c tuy\u1ebfn<\/h2>\n<p>L\u00fd do ch\u00ednh cho s\u1ef1 ph\u1ed5 bi\u1ebfn c\u1ee7a n\u00f3. Ch\u1ec9 v\u00e0o n\u0103m 2000 d\u01b0\u01a1ng l\u1ecbch, trong m\u1ed9t tr\u00f2 ch\u01a1i bingo tr\u1ef1c ti\u1ebfp. C\u00e1 c\u01b0\u1ee3c tr\u1ef1c tuy\u1ebfn th\u1ef1c s\u1ef1. \u0110\u00f3 l\u00e0 m\u1ed9t c\u00f4ng vi\u1ec7c kinh doanh t\u01b0\u01a1ng \u0111\u1ed1i t\u1ed1i thi\u1ec3u. Nh\u01b0ng trong s\u00e1u n\u0103m k\u1ec3 t\u1eeb \u0111\u00f3, danh ti\u1ebfng c\u1ee7a h\u1ecd \u0111\u00e3 b\u00f9ng n\u1ed5. Bingo m\u1edbi nh\u1ea5t<a href=\"https:\/\/www.freebetsinfo.co.uk\/free-bets\/\"> Ti\u1ec1n th\u01b0\u1edfng c\u00e1 c\u01b0\u1ee3c<\/a> c\u0169ng \u0111\u00e3 tr\u1edf th\u00e0nh m\u1ed9t c\u00f4ng c\u1ee5 qu\u1ea3ng c\u00e1o<\/p>\n<p>S\u1ef1 hi\u1ec3u bi\u1ebft ng\u00e0y c\u00e0ng t\u0103ng c\u1ee7a th\u1ebf gi\u1edbi v\u1ec1 Internet. N\u00f3 l\u00e0 m\u1ed9t s\u1ef1 l\u00e0m r\u00f5 v\u1ec1 s\u1ef1 l\u00e2y lan tr\u1ef1c tuy\u1ebfn c\u1ee7a tr\u00f2 ch\u01a1i c\u1ee7a b\u1ea1n. Nh\u01b0ng c\u00f3 m\u1ed9t s\u1ed1 l\u00fd do c\u1ee5 th\u1ec3 t\u1ea1i sao c\u00f3 r\u1ea5t nhi\u1ec1u ng\u01b0\u1eddi m\u1ed7i n\u0103m. \u1ede trong ph\u00f2ng ch\u01a1i l\u00f4 t\u00f4, trong n\u01a1i \u1edf tho\u1ea3i m\u00e1i c\u1ee7a ri\u00eang b\u1ea1n. ch\u01a1i \u0111i\u1ec7n t\u1eed.<\/p>\n<p>H\u1ea7u h\u1ebft c\u00e1c trang web l\u00e0m \u0111i\u1ec1u \u0111\u00f3 cho b\u1ea1n. Nhi\u1ec1u ph\u00f2ng n\u00f3i chuy\u1ec7n \u0111\u01b0\u1ee3c cung c\u1ea5p. C\u00e1c t\u00f9y ch\u1ecdn \u0111\u01b0\u1ee3c chia th\u00e0nh c\u00e1c ch\u1ee7 \u0111\u1ec1 c\u1ee5 th\u1ec3, t\u1eeb c\u00e1c \u0111i\u1ec1u ki\u1ec7n c\u1ee7a tr\u00f2 ch\u01a1i \u0111i\u1ec7n t\u1eed bingo \u0111\u1ebfn c\u00e1c s\u1ef1 ki\u1ec7n hi\u1ec7n t\u1ea1i. N\u1ebfu b\u1ea1n mu\u1ed1n, b\u1ea1n c\u00f3 th\u1ec3 v\u00e0o khu v\u1ef1c tr\u00f2 chuy\u1ec7n c\u1ee7a m\u1ed9t \u0111\u1ed9 tu\u1ed5i nh\u1ea5t \u0111\u1ecbnh. T\u00ecnh b\u1ea1n c\u00f3 th\u1ec3 \u0111\u01b0\u1ee3c h\u00ecnh th\u00e0nh v\u1edbi nh\u1eefng ng\u01b0\u1eddi m\u00e0 b\u1ea1n kh\u00f4ng bao gi\u1edd c\u00f3 th\u1ec3 \u0111\u1ea1t \u0111\u01b0\u1ee3c.<\/p>\n<h3>Ng\u01b0\u1eddi ch\u01a1i tr\u00ean to\u00e0n th\u1ebf gi\u1edbi th\u01b0\u1edfng th\u1ee9c c\u00e1c tr\u00f2 ch\u01a1i bingo c\u00f9ng m\u1ed9t l\u00fac.<\/h3>\n<p>B\u1ea1n c\u00f3 th\u1ec3 k\u1ebft b\u1ea1n t\u1eeb Nh\u1eadt B\u1ea3n, Hungary ho\u1eb7c Eritrea. T\u00f4i \u0111ang n\u00f3i v\u1ec1 khu v\u1ef1c cu\u1ed1i c\u00f9ng, b\u1edfi v\u00ec t\u00f4i \u0111ang \u1edf s\u1ea3nh ch\u01a1i l\u00f4 t\u00f4 tr\u00ean Internet. G\u1eb7p m\u1ed9t ng\u01b0\u1eddi b\u1ea1n t\u1eeb \u0111\u00f3. T\u00f4i ch\u01b0a bao gi\u1edd bi\u1ebft tr\u01b0\u1edbc \u0111\u00e2y. C\u00f3 m\u1ed9t qu\u1ed1c gia nh\u01b0 v\u1eady. Nh\u1eefng ng\u01b0\u1eddi b\u1ea1n g\u1eb7p ch\u01a1i tr\u00f2 ch\u01a1i l\u00f4 t\u00f4 tr\u1ef1c tuy\u1ebfn. B\u1ea1n s\u1ebd \u1edf trong h\u1ed9i tr\u01b0\u1eddng ch\u01a1i l\u00f4 t\u00f4 tr\u1ef1c ti\u1ebfp. Lo\u1ea1i ng\u01b0\u1eddi t\u00f4i \u0111\u00e3 g\u1eb7p. H\u1ecd th\u01b0\u1eddng th\u00e2n thi\u1ec7n v\u00e0 n\u00f3i nhi\u1ec1u, v\u00e0 th\u00edch tr\u00f2 ch\u01a1i bingo nh\u00e0n nh\u00e3.<\/p>\n<h3>C\u00e1 c\u01b0\u1ee3c tr\u1ef1c tuy\u1ebfn Bingo tr\u1ef1c ti\u1ebfp<\/h3>\n<p>Di\u1ec5n \u0111\u00e0n th\u1ea3o lu\u1eadn \u0111\u01b0\u1ee3c t\u1ed5 ch\u1ee9c b\u1edfi nh\u00e2n vi\u00ean c\u1ee7a trang web tr\u00f2 ch\u01a1i bingo tr\u1ef1c tuy\u1ebfn. \u0110i\u1ec1u n\u00e0y \u0111\u1ea3m b\u1ea3o r\u1eb1ng ng\u01b0\u1eddi ch\u01a1i bingo v\u1eabn c\u00f2n trong b\u1ed9 s\u01b0u t\u1eadp.<\/p>\n<p>Internet bingo ph\u00f2ng ng\u1ee7. M\u1edf c\u1eeda 24 gi\u1edd m\u1ed9t ng\u00e0y. Theo y\u00eau c\u1ea7u tr\u00f2 ch\u01a1i c\u1ee7a b\u1ea1n, b\u1ea1n c\u00f3 th\u1ec3 th\u1ef1c hi\u1ec7n b\u1ea5t k\u1ef3 ph\u1ea7n t\u01b0 gi\u1edd n\u00e0o ho\u1eb7c c\u1ea3 \u0111\u00eam. N\u1ebfu vi\u1ec7c thu\u00ea m\u1ed9t ng\u01b0\u1eddi tr\u00f4ng tr\u1ebb qu\u00e1 r\u1eafc r\u1ed1i, h\u00e3y ho\u00e3n vi\u1ec7c \u0111\u00f3 l\u1ea1i cho b\u1ecdn tr\u1ebb. \u0110i ng\u1ee7 v\u00e0 t\u00ecm ki\u1ebfm tr\u00ean m\u1ea1ng. N\u1ebfu th\u1eddi ti\u1ebft x\u1ea5u, vui l\u00f2ng \u1edf nh\u00e0 v\u00e0 th\u1ef1c hi\u1ec7n tr\u00ean m\u00e1y t\u00ednh.<\/p>\n<p>V\u00e0, t\u1ea5t nhi\u00ean, n\u1ebfu b\u1ea1n mu\u1ed1n ch\u01a1i l\u00f4 t\u00f4 nh\u01b0ng kh\u00f4ng mu\u1ed1n g\u1eb7p r\u1eafc r\u1ed1i v\u1edbi nh\u1eefng ng\u01b0\u1eddi h\u00e0ng x\u00f3m n\u00f3i nhi\u1ec1u, th\u00ec b\u1ea1n c\u00f3 th\u1ec3 ch\u01a1i m\u1ed9t m\u00ecnh. Cu\u1ed9c g\u1eb7p g\u1ee1 m\u1ea1ng cho ph\u00e9p t\u1ea5t c\u1ea3 m\u1ecdi ng\u01b0\u1eddi. C\u1ea3 hai \u0111\u1ec1u c\u00f3 th\u1ec3 ki\u1ec3m so\u00e1t s\u1edf th\u00edch tr\u00f2 ch\u01a1i c\u1ee7a m\u00ecnh. B\u1ea1n ch\u1ec9 c\u1ea7n l\u00e0m ch\u1ee7 c\u1ea3nh.<\/p>\n<h3>Ph\u1ea7n th\u01b0\u1edfng b\u1ed5 sung cho vi\u1ec7c \u0111\u0103ng k\u00fd<\/h3>\n<p>Trang web Bingo s\u1eed d\u1ee5ng c\u00e1c giao d\u1ecbch ti\u1ec1n th\u01b0\u1edfng ch\u1ec9 \u0111\u1ecbnh. Nh\u01b0 m\u1ed9t ph\u1ea7n th\u01b0\u1edfng cho vi\u1ec7c \u0111\u0103ng k\u00fd trang web c\u1ee7a h\u1ecd. Nh\u1eefng kho\u1ea3n ti\u1ec1n th\u01b0\u1edfng n\u00e0y th\u01b0\u1eddng l\u00e0. N\u00f3 ch\u1ec9 c\u00f3 th\u1ec3 nh\u1eadn \u0111\u01b0\u1ee3c khi kho\u1ea3n tr\u1ea3 tr\u01b0\u1edbc \u0111\u1ea7u ti\u00ean \u0111\u01b0\u1ee3c th\u1ef1c hi\u1ec7n. Tuy nhi\u00ean, m\u1ed9t s\u1ed1 trang web cung c\u1ea5p n\u00f3. T\u00edch l\u0169y \u0111\u1ea7u ti\u00ean c\u1ee7a b\u1ea1n. Nhi\u1ec1u ti\u1ec1n th\u01b0\u1edfng \u0111\u0103ng k\u00fd \u0111\u01b0\u1ee3c ph\u00e2n ph\u1ed1i.<\/p>\n<p>H\u1ecd th\u01b0\u1eddng y\u00eau c\u1ea7u m\u1ed9t h\u1ee3p \u0111\u1ed3ng \u0111\u1eb7t m\u1ed9t t\u1ef7 l\u1ec7 ph\u1ea7n tr\u0103m nh\u1ea5t \u0111\u1ecbnh c\u1ee7a kho\u1ea3n ti\u1ec1n g\u1eedi c\u1ee7a b\u1ea1n. Ph\u00f9 h\u1ee3p v\u1edbi s\u1ed1 l\u01b0\u1ee3ng \u0111\u00e3 cho. K\u1ebft lu\u1eadn, B\u1ea1n c\u00f3 th\u1ec3 t\u00ecm th\u1ea5y c\u00e1c ch\u1ec9 s\u1ed1. M\u1ed9t v\u00ed d\u1ee5 v\u1ec1 t\u0103ng doanh thu l\u00e0 doanh thu \u0111\u01b0\u1ee3c b\u1ed5 sung \u0111\u1ea7y \u0111\u1ee7 l\u00ean \u0111\u1ebfn $ 400.<\/p>\n<h3>Ph\u1ea7n th\u01b0\u1edfng \u0111\u0103ng k\u00fd \u0111\u00e3 \u0111\u01b0\u1ee3c cung c\u1ea5p<\/h3>\n<p>B\u1ea1n c\u00f3 th\u1ec3 mu\u1ed1n xem. C\u00e1c \u0111i\u1ec1u kho\u1ea3n v\u00e0 \u0111i\u1ec1u ki\u1ec7n c\u1ee7a trang web. M\u1ed9t s\u1ed1 ti\u1ec1n th\u01b0\u1edfng b\u1ed5 sung. V\u1edbi nhu c\u1ea7u c\u00e1 c\u01b0\u1ee3c cao, \u0111i\u1ec1u n\u00e0y khi\u1ebfn l\u1ee3i nhu\u1eadn thu v\u1ec1 kh\u00f4ng m\u1ea5y d\u1ec5 ch\u1ecbu. \u0110i\u1ec1u \u0111\u00e1ng ch\u00fa \u00fd n\u1eefa l\u00e0 b\u1ea1n ph\u1ea3i \u0111\u1ea1t \u0111\u01b0\u1ee3c n\u00f3 tr\u01b0\u1edbc. C\u00e1c y\u00eau c\u1ea7u c\u00e1 c\u01b0\u1ee3c c\u1ee5 th\u1ec3 n\u00e0y l\u00e0 b\u1eaft bu\u1ed9c tr\u01b0\u1edbc khi b\u1ea1n c\u00f3 th\u1ec3 r\u00fat m\u1ed9t ph\u1ea7n thu nh\u1eadp c\u1ee7a m\u00ecnh.<\/p>\n<h3>Ti\u1ec1n th\u01b0\u1edfng bingo kh\u00f4ng c\u00f3 ti\u1ec1n g\u1eedi<\/h3>\n<p>Kh\u00f4ng c\u00f3 ti\u1ec1n th\u01b0\u1edfng bingo ti\u1ec1n g\u1eedi. C\u00f3 v\u1ebb nh\u01b0 ban \u0111\u1ea7u b\u1ea1n kh\u00f4ng c\u00f3 ti\u1ec1n \u0111\u1eb7t c\u1ecdc. Nh\u1eadn ph\u1ea7n th\u01b0\u1edfng c\u0169ng v\u1eady. C\u00e1c trang web th\u01b0\u1eddng cung c\u1ea5p nh\u1eefng th\u1ee9 n\u00e0y \u0111\u1ec3 \u0111\u1ea3m b\u1ea3o ng\u01b0\u1eddi ch\u01a1i c\u00f3 c\u01a1 h\u1ed9i. H\u00e3y xem x\u00e9t c\u1ee7a h\u1ecd<a href=\"https:\/\/www.freebetbest.com\/vi\/trang-web-ca-cuoc\/\"> Tr\u00f2 ch\u01a1i tr\u1ef1c tuy\u1ebfn<\/a> m\u00e0 kh\u00f4ng c\u1ea7n ph\u1ea3i chuy\u1ec3n m\u1ed9t ph\u1ea7n ti\u1ec1n c\u1ee7a ri\u00eang b\u1ea1n. \u0110\u1eb7t n\u00f3 v\u00e0o nguy c\u01a1. Ngo\u00e0i ra, h\u1ecd c\u1ed1 g\u1eafng t\u1ea1o \u0111\u1ed9ng l\u1ef1c cho m\u1ecdi ng\u01b0\u1eddi. Cu\u1ed1i c\u00f9ng, h\u00e3y m\u1edf m\u1ed9t t\u00e0i kho\u1ea3n tr\u00ean trang web c\u1ee7a h\u1ecd.<\/p>\n<p>&nbsp;<\/p>\n","protected":false},"excerpt":{"rendered":"<p>\u0110\u01b0\u1ee3c x\u00e2y d\u1ef1ng b\u1edfi nh\u1eefng ng\u01b0\u1eddi h\u00e2m m\u1ed9 bingo d\u00e0nh cho nh\u1eefng ng\u01b0\u1eddi \u0111am m\u00ea bingo, m\u00f4 h\u00ecnh tr\u1ef1c tuy\u1ebfn n\u00e0y cho ph\u00e9p b\u1ea1n th\u1ef1c hi\u1ec7n t\u1ea1i &#8230; Tr\u00f2 ch\u01a1i n\u00e0y kh\u00f4ng \u0111\u01b0\u1ee3c quan s\u00e1t tr\u00ean ch\u01b0\u01a1ng tr\u00ecnh \u0111i\u1ec7n tho\u1ea1i di \u0111\u1ed9ng nh\u1ea5p v\u00e0o li\u00ean k\u1ebft n\u00e0y \u0111\u1ec3 kh\u00e1m ph\u00e1 t\u1ea5t c\u1ea3 c\u00e1c tr\u00f2 ch\u01a1i tr\u1ef1c tuy\u1ebfn.<\/p>\n<div class=\"hero-cup-section\">\n<div class=\"row mb-4\">\n<div class=\"col-md-7\">\n<div class=\"section-area\">\n<div class=\"section-list\">\n<li style=\"text-align: left\"><img decoding=\"async\" src=\"https:\/\/www.freebetbest.com\/wp-content\/uploads\/2021\/06\/tick.png\" alt=\"C\u00e1c m\u00f4n th\u1ec3 thao\"> Casino th\u1ec3 thao ti\u1ec1n th\u01b0\u1edfng ch\u00e0o m\u1eebng.<\/li>\n<li style=\"text-align: left\"><img decoding=\"async\" src=\"https:\/\/www.freebetbest.com\/wp-content\/uploads\/2021\/06\/tick.png\" alt=\"cung c\u1ea5p tr\u00f2 ch\u01a1i\"> \u01afu \u0111\u00e3i v\u00e0 khuy\u1ebfn m\u00e3i c\u1ee7a nh\u00e0 c\u00e1i tr\u1ef1c tuy\u1ebfn.<\/li>\n<li style=\"text-align: left\"><img decoding=\"async\" src=\"https:\/\/www.freebetbest.com\/wp-content\/uploads\/2021\/06\/tick.png\" alt=\"cung c\u1ea5p tr\u00f2 ch\u01a1i\"> C\u00e1c nh\u00e0 c\u00e1i tr\u1ef1c tuy\u1ebfn t\u1ed1t nh\u1ea5t m\u00e0 b\u1ea1n c\u00f3 th\u1ec3 tin t\u01b0\u1edfng.<\/li>\n<li style=\"text-align: left\"><img decoding=\"async\" src=\"https:\/\/www.freebetbest.com\/wp-content\/uploads\/2021\/06\/tick.png\" alt=\"C\u00f3 th\u1ea9m quy\u1ec1n\"> \u0110\u00e1nh gi\u00e1 c\u00f3 th\u1ea9m quy\u1ec1n An to\u00e0n \u0111\u00e1ng tin c\u1eady.<\/li>\n<li style=\"text-align: left\"><img decoding=\"async\" src=\"https:\/\/www.freebetbest.com\/wp-content\/uploads\/2021\/06\/tick.png\" alt=\"R\u00fat ti\u1ec1n nhanh ch\u00f3ng\"> H\u1ed7 tr\u1ee3 APP di \u0111\u1ed9ng, R\u00fat ti\u1ec1n nhanh ch\u00f3ng.<\/li>\n<li style=\"text-align: left\"><img decoding=\"async\" src=\"https:\/\/www.freebetbest.com\/wp-content\/uploads\/2021\/06\/tick.png\" alt=\"H\u1ed7 tr\u1ee3 kh\u00e1ch h\u00e0ng\"> H\u1ed7 tr\u1ee3 kh\u00e1ch h\u00e0ng: 365 ng\u00e0y, 24 gi\u1edd m\u1ed9t ng\u00e0y.<\/li>\n<\/div>\n<\/div>\n<\/div>\n<div class=\"col-md-5\">\n<div class=\"cup-img\"><img decoding=\"async\" src=\"https:\/\/www.freebetbest.com\/wp-content\/uploads\/2021\/06\/bingo.png\" alt=\"ch\u01a1i l\u00f4 t\u00f4\"><\/div>\n<\/div>\n<\/div>\n","protected":false},"author":1,"featured_media":3011,"parent":0,"menu_order":0,"comment_status":"closed","ping_status":"closed","template":"bingo-template.php","meta":{"footnotes":""},"class_list":["post-3009","page","type-page","status-publish","has-post-thumbnail","hentry"],"yoast_head":"<!-- This site is optimized with the Yoast SEO Premium plugin v19.5 (Yoast SEO v27.0) - https:\/\/yoast.com\/product\/yoast-seo-premium-wordpress\/ -->\n<title>Ti\u1ec1n th\u01b0\u1edfng c\u00e1 c\u01b0\u1ee3c bingo m\u1edbi nh\u1ea5t , \u0110\u1eb7t c\u01b0\u1ee3c mi\u1ec5n ph\u00ed Kh\u00f4ng c\u00f3 ti\u1ec1n th\u01b0\u1edfng ti\u1ec1n g\u1eedi<\/title>\n<meta name=\"description\" content=\"Ti\u1ec1n th\u01b0\u1edfng c\u00e1 c\u01b0\u1ee3c bingo m\u1edbi nh\u1ea5t Nh\u00e0 c\u00e1i t\u1ed1t nh\u1ea5t, \u0110\u1eb7t c\u01b0\u1ee3c mi\u1ec5n ph\u00ed Ti\u1ec1n th\u01b0\u1edfng kh\u00f4ng c\u1ea7n g\u1eedi ti\u1ec1n, ch\u00e0o m\u1eebng m\u00e3 ti\u1ec1n th\u01b0\u1edfng G\u1eedi ti\u1ec1n l\u1ea7n \u0111\u1ea7u, Ti\u1ec1n th\u01b0\u1edfng \u0111\u0103ng k\u00fd, Ti\u1ec1n th\u01b0\u1edfng \u0111\u0103ng k\u00fd.\" \/>\n<meta name=\"robots\" content=\"index, follow, max-snippet:-1, max-image-preview:large, max-video-preview:-1\" \/>\n<link rel=\"canonical\" href=\"https:\/\/www.freebetbest.com\/vi\/tien-thuong-ca-cuoc-bingo-moi-nhat\/\" \/>\n<meta property=\"og:locale\" content=\"vi_VN\" \/>\n<meta property=\"og:type\" content=\"article\" \/>\n<meta property=\"og:title\" content=\"Ti\u1ec1n th\u01b0\u1edfng c\u00e1 c\u01b0\u1ee3c bingo m\u1edbi nh\u1ea5t\" \/>\n<meta property=\"og:description\" content=\"Ti\u1ec1n th\u01b0\u1edfng c\u00e1 c\u01b0\u1ee3c bingo m\u1edbi nh\u1ea5t Nh\u00e0 c\u00e1i t\u1ed1t nh\u1ea5t, \u0110\u1eb7t c\u01b0\u1ee3c mi\u1ec5n ph\u00ed Ti\u1ec1n th\u01b0\u1edfng kh\u00f4ng c\u1ea7n g\u1eedi ti\u1ec1n, ch\u00e0o m\u1eebng m\u00e3 ti\u1ec1n th\u01b0\u1edfng G\u1eedi ti\u1ec1n l\u1ea7n \u0111\u1ea7u, Ti\u1ec1n th\u01b0\u1edfng \u0111\u0103ng k\u00fd, Ti\u1ec1n th\u01b0\u1edfng \u0111\u0103ng k\u00fd.\" \/>\n<meta property=\"og:url\" content=\"https:\/\/www.freebetbest.com\/vi\/tien-thuong-ca-cuoc-bingo-moi-nhat\/\" \/>\n<meta property=\"og:site_name\" content=\"Nh\u00e0 c\u00e1i c\u00e1 c\u01b0\u1ee3c tr\u1ef1c tuy\u1ebfn t\u1ed1t nh\u1ea5t | C\u00e1 C\u01b0\u1ee3c b\u00f3ng \u0111\u00e1 online t\u1ed1t nh\u1ea5t | Th\u00f4ng tin c\u00e1 c\u01b0\u1ee3c mi\u1ec5n ph\u00ed.\" \/>\n<meta property=\"article:modified_time\" content=\"2021-08-16T14:24:50+00:00\" \/>\n<meta property=\"og:image\" content=\"https:\/\/www.freebetbest.com\/wp-content\/uploads\/2019\/07\/biggo_ys.jpg\" \/>\n\t<meta property=\"og:image:width\" content=\"514\" \/>\n\t<meta property=\"og:image:height\" content=\"303\" \/>\n\t<meta property=\"og:image:type\" content=\"image\/jpeg\" \/>\n<meta name=\"twitter:card\" content=\"summary_large_image\" \/>\n<meta name=\"twitter:label1\" content=\"Est. reading time\" \/>\n\t<meta name=\"twitter:data1\" content=\"3 minutes\" \/>\n<script type=\"application\/ld+json\" class=\"yoast-schema-graph\">{\"@context\":\"https:\/\/schema.org\",\"@graph\":[{\"@type\":\"WebPage\",\"@id\":\"https:\/\/www.freebetbest.com\/vi\/tien-thuong-ca-cuoc-bingo-moi-nhat\/\",\"url\":\"https:\/\/www.freebetbest.com\/vi\/tien-thuong-ca-cuoc-bingo-moi-nhat\/\",\"name\":\"Ti\u1ec1n th\u01b0\u1edfng c\u00e1 c\u01b0\u1ee3c bingo m\u1edbi nh\u1ea5t , \u0110\u1eb7t c\u01b0\u1ee3c mi\u1ec5n ph\u00ed Kh\u00f4ng c\u00f3 ti\u1ec1n th\u01b0\u1edfng ti\u1ec1n g\u1eedi\",\"isPartOf\":{\"@id\":\"https:\/\/www.freebetbest.com\/vi\/#website\"},\"primaryImageOfPage\":{\"@id\":\"https:\/\/www.freebetbest.com\/vi\/tien-thuong-ca-cuoc-bingo-moi-nhat\/#primaryimage\"},\"image\":{\"@id\":\"https:\/\/www.freebetbest.com\/vi\/tien-thuong-ca-cuoc-bingo-moi-nhat\/#primaryimage\"},\"thumbnailUrl\":\"https:\/\/www.freebetbest.com\/wp-content\/uploads\/2019\/07\/biggo_ys.jpg\",\"datePublished\":\"2019-07-18T06:20:16+00:00\",\"dateModified\":\"2021-08-16T14:24:50+00:00\",\"description\":\"Ti\u1ec1n th\u01b0\u1edfng c\u00e1 c\u01b0\u1ee3c bingo m\u1edbi nh\u1ea5t Nh\u00e0 c\u00e1i t\u1ed1t nh\u1ea5t, \u0110\u1eb7t c\u01b0\u1ee3c mi\u1ec5n ph\u00ed Ti\u1ec1n th\u01b0\u1edfng kh\u00f4ng c\u1ea7n g\u1eedi ti\u1ec1n, ch\u00e0o m\u1eebng m\u00e3 ti\u1ec1n th\u01b0\u1edfng G\u1eedi ti\u1ec1n l\u1ea7n \u0111\u1ea7u, Ti\u1ec1n th\u01b0\u1edfng \u0111\u0103ng k\u00fd, Ti\u1ec1n th\u01b0\u1edfng \u0111\u0103ng k\u00fd.\",\"breadcrumb\":{\"@id\":\"https:\/\/www.freebetbest.com\/vi\/tien-thuong-ca-cuoc-bingo-moi-nhat\/#breadcrumb\"},\"inLanguage\":\"vi-VN\",\"potentialAction\":[{\"@type\":\"ReadAction\",\"target\":[\"https:\/\/www.freebetbest.com\/vi\/tien-thuong-ca-cuoc-bingo-moi-nhat\/\"]}]},{\"@type\":\"ImageObject\",\"inLanguage\":\"vi-VN\",\"@id\":\"https:\/\/www.freebetbest.com\/vi\/tien-thuong-ca-cuoc-bingo-moi-nhat\/#primaryimage\",\"url\":\"https:\/\/www.freebetbest.com\/wp-content\/uploads\/2019\/07\/biggo_ys.jpg\",\"contentUrl\":\"https:\/\/www.freebetbest.com\/wp-content\/uploads\/2019\/07\/biggo_ys.jpg\",\"width\":514,\"height\":303,\"caption\":\"C\u01b0\u1ee3c tr\u1ef1c tuy\u1ebfn Bingo\"},{\"@type\":\"BreadcrumbList\",\"@id\":\"https:\/\/www.freebetbest.com\/vi\/tien-thuong-ca-cuoc-bingo-moi-nhat\/#breadcrumb\",\"itemListElement\":[{\"@type\":\"ListItem\",\"position\":1,\"name\":\"Home\",\"item\":\"https:\/\/www.freebetbest.com\/vi\/\"},{\"@type\":\"ListItem\",\"position\":2,\"name\":\"Ti\u1ec1n th\u01b0\u1edfng c\u00e1 c\u01b0\u1ee3c bingo m\u1edbi nh\u1ea5t\"}]},{\"@type\":\"WebSite\",\"@id\":\"https:\/\/www.freebetbest.com\/vi\/#website\",\"url\":\"https:\/\/www.freebetbest.com\/vi\/\",\"name\":\"Nh\u00e0 c\u00e1i c\u00e1 c\u01b0\u1ee3c tr\u1ef1c tuy\u1ebfn t\u1ed1t nh\u1ea5t | C\u00e1 C\u01b0\u1ee3c b\u00f3ng \u0111\u00e1 online t\u1ed1t nh\u1ea5t | Th\u00f4ng tin c\u00e1 c\u01b0\u1ee3c mi\u1ec5n ph\u00ed.\",\"description\":\"Nh\u00e0 c\u00e1i c\u00e1 c\u01b0\u1ee3c tr\u1ef1c tuy\u1ebfn t\u1ed1t nh\u1ea5t, C\u1ed5ng \u0111\u00e1nh b\u1ea1c h\u00e0ng \u0111\u1ea7u th\u1ebf gi\u1edbi, Cung c\u1ea5p th\u1ec3 thao, s\u00f2ng b\u1ea1c, poker, c\u00e1 c\u01b0\u1ee3c l\u00f4 t\u00f4 & di \u0111\u1ed9ng, Th\u00f4ng tin c\u00e1 c\u01b0\u1ee3c mi\u1ec5n ph\u00ed. Nh\u00e0 c\u00e1i c\u00e1 c\u01b0\u1ee3c tr\u1ef1c tuy\u1ebfn t\u1ed1t nh\u1ea5t Vi\u1ec7t Nam\",\"publisher\":{\"@id\":\"https:\/\/www.freebetbest.com\/vi\/#\/schema\/person\/292684ccf388a2362d507874c5b80a69\"},\"potentialAction\":[{\"@type\":\"SearchAction\",\"target\":{\"@type\":\"EntryPoint\",\"urlTemplate\":\"https:\/\/www.freebetbest.com\/vi\/?s={search_term_string}\"},\"query-input\":{\"@type\":\"PropertyValueSpecification\",\"valueRequired\":true,\"valueName\":\"search_term_string\"}}],\"inLanguage\":\"vi-VN\"},{\"@type\":[\"Person\",\"Organization\"],\"@id\":\"https:\/\/www.freebetbest.com\/vi\/#\/schema\/person\/292684ccf388a2362d507874c5b80a69\",\"name\":\"\u7ba1\u7406\",\"image\":{\"@type\":\"ImageObject\",\"inLanguage\":\"vi-VN\",\"@id\":\"https:\/\/www.freebetbest.com\/vi\/#\/schema\/person\/image\/\",\"url\":\"https:\/\/www.freebetbest.com\/wp-content\/litespeed\/avatar\/49696b52fb15293a2168c14964fdd8b9.jpg?ver=1777439934\",\"contentUrl\":\"https:\/\/www.freebetbest.com\/wp-content\/litespeed\/avatar\/49696b52fb15293a2168c14964fdd8b9.jpg?ver=1777439934\",\"caption\":\"\u7ba1\u7406\"},\"logo\":{\"@id\":\"https:\/\/www.freebetbest.com\/vi\/#\/schema\/person\/image\/\"},\"sameAs\":[\"admin\"]}]}<\/script>\n<!-- \/ Yoast SEO Premium plugin. -->","yoast_head_json":{"title":"Ti\u1ec1n th\u01b0\u1edfng c\u00e1 c\u01b0\u1ee3c bingo m\u1edbi nh\u1ea5t , \u0110\u1eb7t c\u01b0\u1ee3c mi\u1ec5n ph\u00ed Kh\u00f4ng c\u00f3 ti\u1ec1n th\u01b0\u1edfng ti\u1ec1n g\u1eedi","description":"Ti\u1ec1n th\u01b0\u1edfng c\u00e1 c\u01b0\u1ee3c bingo m\u1edbi nh\u1ea5t Nh\u00e0 c\u00e1i t\u1ed1t nh\u1ea5t, \u0110\u1eb7t c\u01b0\u1ee3c mi\u1ec5n ph\u00ed Ti\u1ec1n th\u01b0\u1edfng kh\u00f4ng c\u1ea7n g\u1eedi ti\u1ec1n, ch\u00e0o m\u1eebng m\u00e3 ti\u1ec1n th\u01b0\u1edfng G\u1eedi ti\u1ec1n l\u1ea7n \u0111\u1ea7u, Ti\u1ec1n th\u01b0\u1edfng \u0111\u0103ng k\u00fd, Ti\u1ec1n th\u01b0\u1edfng \u0111\u0103ng k\u00fd.","robots":{"index":"index","follow":"follow","max-snippet":"max-snippet:-1","max-image-preview":"max-image-preview:large","max-video-preview":"max-video-preview:-1"},"canonical":"https:\/\/www.freebetbest.com\/vi\/tien-thuong-ca-cuoc-bingo-moi-nhat\/","og_locale":"vi_VN","og_type":"article","og_title":"Ti\u1ec1n th\u01b0\u1edfng c\u00e1 c\u01b0\u1ee3c bingo m\u1edbi nh\u1ea5t","og_description":"Ti\u1ec1n th\u01b0\u1edfng c\u00e1 c\u01b0\u1ee3c bingo m\u1edbi nh\u1ea5t Nh\u00e0 c\u00e1i t\u1ed1t nh\u1ea5t, \u0110\u1eb7t c\u01b0\u1ee3c mi\u1ec5n ph\u00ed Ti\u1ec1n th\u01b0\u1edfng kh\u00f4ng c\u1ea7n g\u1eedi ti\u1ec1n, ch\u00e0o m\u1eebng m\u00e3 ti\u1ec1n th\u01b0\u1edfng G\u1eedi ti\u1ec1n l\u1ea7n \u0111\u1ea7u, Ti\u1ec1n th\u01b0\u1edfng \u0111\u0103ng k\u00fd, Ti\u1ec1n th\u01b0\u1edfng \u0111\u0103ng k\u00fd.","og_url":"https:\/\/www.freebetbest.com\/vi\/tien-thuong-ca-cuoc-bingo-moi-nhat\/","og_site_name":"Nh\u00e0 c\u00e1i c\u00e1 c\u01b0\u1ee3c tr\u1ef1c tuy\u1ebfn t\u1ed1t nh\u1ea5t | C\u00e1 C\u01b0\u1ee3c b\u00f3ng \u0111\u00e1 online t\u1ed1t nh\u1ea5t | Th\u00f4ng tin c\u00e1 c\u01b0\u1ee3c mi\u1ec5n ph\u00ed.","article_modified_time":"2021-08-16T14:24:50+00:00","og_image":[{"width":514,"height":303,"url":"https:\/\/www.freebetbest.com\/wp-content\/uploads\/2019\/07\/biggo_ys.jpg","type":"image\/jpeg"}],"twitter_card":"summary_large_image","twitter_misc":{"Est. reading time":"3 minutes"},"schema":{"@context":"https:\/\/schema.org","@graph":[{"@type":"WebPage","@id":"https:\/\/www.freebetbest.com\/vi\/tien-thuong-ca-cuoc-bingo-moi-nhat\/","url":"https:\/\/www.freebetbest.com\/vi\/tien-thuong-ca-cuoc-bingo-moi-nhat\/","name":"Ti\u1ec1n th\u01b0\u1edfng c\u00e1 c\u01b0\u1ee3c bingo m\u1edbi nh\u1ea5t , \u0110\u1eb7t c\u01b0\u1ee3c mi\u1ec5n ph\u00ed Kh\u00f4ng c\u00f3 ti\u1ec1n th\u01b0\u1edfng ti\u1ec1n g\u1eedi","isPartOf":{"@id":"https:\/\/www.freebetbest.com\/vi\/#website"},"primaryImageOfPage":{"@id":"https:\/\/www.freebetbest.com\/vi\/tien-thuong-ca-cuoc-bingo-moi-nhat\/#primaryimage"},"image":{"@id":"https:\/\/www.freebetbest.com\/vi\/tien-thuong-ca-cuoc-bingo-moi-nhat\/#primaryimage"},"thumbnailUrl":"https:\/\/www.freebetbest.com\/wp-content\/uploads\/2019\/07\/biggo_ys.jpg","datePublished":"2019-07-18T06:20:16+00:00","dateModified":"2021-08-16T14:24:50+00:00","description":"Ti\u1ec1n th\u01b0\u1edfng c\u00e1 c\u01b0\u1ee3c bingo m\u1edbi nh\u1ea5t Nh\u00e0 c\u00e1i t\u1ed1t nh\u1ea5t, \u0110\u1eb7t c\u01b0\u1ee3c mi\u1ec5n ph\u00ed Ti\u1ec1n th\u01b0\u1edfng kh\u00f4ng c\u1ea7n g\u1eedi ti\u1ec1n, ch\u00e0o m\u1eebng m\u00e3 ti\u1ec1n th\u01b0\u1edfng G\u1eedi ti\u1ec1n l\u1ea7n \u0111\u1ea7u, Ti\u1ec1n th\u01b0\u1edfng \u0111\u0103ng k\u00fd, Ti\u1ec1n th\u01b0\u1edfng \u0111\u0103ng k\u00fd.","breadcrumb":{"@id":"https:\/\/www.freebetbest.com\/vi\/tien-thuong-ca-cuoc-bingo-moi-nhat\/#breadcrumb"},"inLanguage":"vi-VN","potentialAction":[{"@type":"ReadAction","target":["https:\/\/www.freebetbest.com\/vi\/tien-thuong-ca-cuoc-bingo-moi-nhat\/"]}]},{"@type":"ImageObject","inLanguage":"vi-VN","@id":"https:\/\/www.freebetbest.com\/vi\/tien-thuong-ca-cuoc-bingo-moi-nhat\/#primaryimage","url":"https:\/\/www.freebetbest.com\/wp-content\/uploads\/2019\/07\/biggo_ys.jpg","contentUrl":"https:\/\/www.freebetbest.com\/wp-content\/uploads\/2019\/07\/biggo_ys.jpg","width":514,"height":303,"caption":"C\u01b0\u1ee3c tr\u1ef1c tuy\u1ebfn Bingo"},{"@type":"BreadcrumbList","@id":"https:\/\/www.freebetbest.com\/vi\/tien-thuong-ca-cuoc-bingo-moi-nhat\/#breadcrumb","itemListElement":[{"@type":"ListItem","position":1,"name":"Home","item":"https:\/\/www.freebetbest.com\/vi\/"},{"@type":"ListItem","position":2,"name":"Ti\u1ec1n th\u01b0\u1edfng c\u00e1 c\u01b0\u1ee3c bingo m\u1edbi nh\u1ea5t"}]},{"@type":"WebSite","@id":"https:\/\/www.freebetbest.com\/vi\/#website","url":"https:\/\/www.freebetbest.com\/vi\/","name":"Nh\u00e0 c\u00e1i c\u00e1 c\u01b0\u1ee3c tr\u1ef1c tuy\u1ebfn t\u1ed1t nh\u1ea5t | C\u00e1 C\u01b0\u1ee3c b\u00f3ng \u0111\u00e1 online t\u1ed1t nh\u1ea5t | Th\u00f4ng tin c\u00e1 c\u01b0\u1ee3c mi\u1ec5n ph\u00ed.","description":"Nh\u00e0 c\u00e1i c\u00e1 c\u01b0\u1ee3c tr\u1ef1c tuy\u1ebfn t\u1ed1t nh\u1ea5t, C\u1ed5ng \u0111\u00e1nh b\u1ea1c h\u00e0ng \u0111\u1ea7u th\u1ebf gi\u1edbi, Cung c\u1ea5p th\u1ec3 thao, s\u00f2ng b\u1ea1c, poker, c\u00e1 c\u01b0\u1ee3c l\u00f4 t\u00f4 & di \u0111\u1ed9ng, Th\u00f4ng tin c\u00e1 c\u01b0\u1ee3c mi\u1ec5n ph\u00ed. Nh\u00e0 c\u00e1i c\u00e1 c\u01b0\u1ee3c tr\u1ef1c tuy\u1ebfn t\u1ed1t nh\u1ea5t Vi\u1ec7t Nam","publisher":{"@id":"https:\/\/www.freebetbest.com\/vi\/#\/schema\/person\/292684ccf388a2362d507874c5b80a69"},"potentialAction":[{"@type":"SearchAction","target":{"@type":"EntryPoint","urlTemplate":"https:\/\/www.freebetbest.com\/vi\/?s={search_term_string}"},"query-input":{"@type":"PropertyValueSpecification","valueRequired":true,"valueName":"search_term_string"}}],"inLanguage":"vi-VN"},{"@type":["Person","Organization"],"@id":"https:\/\/www.freebetbest.com\/vi\/#\/schema\/person\/292684ccf388a2362d507874c5b80a69","name":"\u7ba1\u7406","image":{"@type":"ImageObject","inLanguage":"vi-VN","@id":"https:\/\/www.freebetbest.com\/vi\/#\/schema\/person\/image\/","url":"https:\/\/www.freebetbest.com\/wp-content\/litespeed\/avatar\/49696b52fb15293a2168c14964fdd8b9.jpg?ver=1777439934","contentUrl":"https:\/\/www.freebetbest.com\/wp-content\/litespeed\/avatar\/49696b52fb15293a2168c14964fdd8b9.jpg?ver=1777439934","caption":"\u7ba1\u7406"},"logo":{"@id":"https:\/\/www.freebetbest.com\/vi\/#\/schema\/person\/image\/"},"sameAs":["admin"]}]}},"_links":{"self":[{"href":"https:\/\/www.freebetbest.com\/vi\/wp-json\/wp\/v2\/pages\/3009","targetHints":{"allow":["GET"]}}],"collection":[{"href":"https:\/\/www.freebetbest.com\/vi\/wp-json\/wp\/v2\/pages"}],"about":[{"href":"https:\/\/www.freebetbest.com\/vi\/wp-json\/wp\/v2\/types\/page"}],"author":[{"embeddable":true,"href":"https:\/\/www.freebetbest.com\/vi\/wp-json\/wp\/v2\/users\/1"}],"replies":[{"embeddable":true,"href":"https:\/\/www.freebetbest.com\/vi\/wp-json\/wp\/v2\/comments?post=3009"}],"version-history":[{"count":0,"href":"https:\/\/www.freebetbest.com\/vi\/wp-json\/wp\/v2\/pages\/3009\/revisions"}],"wp:featuredmedia":[{"embeddable":true,"href":"https:\/\/www.freebetbest.com\/vi\/wp-json\/wp\/v2\/media\/3011"}],"wp:attachment":[{"href":"https:\/\/www.freebetbest.com\/vi\/wp-json\/wp\/v2\/media?parent=3009"}],"curies":[{"name":"wp","href":"https:\/\/api.w.org\/{rel}","templated":true}]}}