{"id":3002,"date":"2019-07-18T06:44:12","date_gmt":"2019-07-18T06:44:12","guid":{"rendered":"https:\/\/www.freebetbest.com\/poker-online-ca-cuoc\/"},"modified":"2021-08-16T14:21:25","modified_gmt":"2021-08-16T14:21:25","slug":"ph%e1%ba%a7n-th%c6%b0%e1%bb%9fng-poker-m%e1%bb%9bi-nh%e1%ba%a5t","status":"publish","type":"page","link":"https:\/\/www.freebetbest.com\/vi\/ph%e1%ba%a7n-th%c6%b0%e1%bb%9fng-poker-m%e1%bb%9bi-nh%e1%ba%a5t\/","title":{"rendered":"Ph\u1ea7n th\u01b0\u1edfng poker m\u1edbi nh\u1ea5t"},"content":{"rendered":"\n<div class=\"text-area__container\">\n<div class=\"text-area__content\">\n<h2>C\u00e1 c\u01b0\u1ee3c poker tr\u1ef1c tuy\u1ebfn<\/h2>\nN\u1ebfu b\u1ea1n kh\u00f4ng nghi\u00ean c\u1ee9u m\u1ee9c \u0111\u1ed9 l\u1edbn c\u1ee7a ti\u1ec1n c\u01b0\u1ee3c, b\u1ea1n kh\u00f4ng th\u1ec3 b\u1eaft \u0111\u1ea7u l\u1ea1i t\u1eeb \u0111\u1ea7u. Hi\u1ec3u \u0111\u1ea7y \u0111\u1ee7 v\u1ec1 Poker<a href=\"https:\/\/www.freebetsinfo.co.uk\/asia-bookmakers\/\"> C\u00e1 c\u01b0\u1ee3c tr\u1ef1c tuy\u1ebfn<\/a> . Gi\u1ea3 s\u1eed b\u1ea1n th\u00edch poker. \u1ede b\u1ea3ng-7 \u0111\u1ed1i th\u1ee7. B\u1ea1n \u1edf tr\u01b0\u1edbc AK, b\u1ea1n quy\u1ebft \u0111\u1ecbnh th\u0103ng ch\u1ee9c.\n\nC\u00e1 c\u01b0\u1ee3c tr\u1ef1c tuy\u1ebfn Poker B\u1ea1n c\u00f3 m\u1ed9t m\u1ed1i quan t\u00e2m: &#8220;N\u00f3 \u0111\u00e3 v\u1eadn chuy\u1ec3n bao nhi\u00eau?&#8221; Ng\u01b0\u1eddi ch\u01a1i thi\u1ebfu kinh nghi\u1ec7m. Th\u01b0\u1eddng th\u00ec k\u00edch th\u01b0\u1edbc \u0111\u1eb7t c\u01b0\u1ee3c sai \u0111\u01b0\u1ee3c t\u1ea1o ra. Ho\u1eb7c ti\u1ebfp t\u1ee5c thay \u0111\u1ed5i n\u00f3. H\u00e0nh vi n\u00e0y c\u00f3 th\u1ec3 k\u1ebft th\u00fac nghi\u00eam tr\u1ecdng.\n\nS\u1ed1 ti\u1ec1n \u0111\u1eb7t c\u01b0\u1ee3c l\u1edbn nh\u01b0 th\u1ebf n\u00e0o. Do \u0111\u00f3, k\u00edch th\u01b0\u1edbc c\u1ee7a c\u00e1c t\u00f9y ch\u1ecdn. N\u00f3 ph\u1ee5 thu\u1ed9c v\u00e0o nh\u1eefng g\u00ec ch\u00fang t\u00f4i \u0111\u1eb7t. Vi\u1ec7c gi\u1ea3i th\u00edch \u0111\u1eb7t c\u01b0\u1ee3c ph\u1ea3i \u0111\u01b0\u1ee3c hi\u1ec3u r\u00f5, kh\u00f4ng \u0111\u01b0\u1ee3c th\u00f4ng th\u01b0\u1eddng. Khi b\u1ea1n ch\u1ecdn \u0111\u1eb7t c\u01b0\u1ee3c, \u0111i\u1ec1u quan tr\u1ecdng nh\u1ea5t b\u1ea1n n\u00ean ch\u00fa \u00fd l\u00e0. Quy m\u00f4 c\u1ee7a t\u1ed5 ch\u1ee9c t\u00e0i ch\u00ednh.\n<h2>Quy m\u00f4 \u0111\u1eb7t c\u01b0\u1ee3c c\u1ee7a b\u1ea1n ph\u1ee5 thu\u1ed9c v\u00e0o quy m\u00f4 c\u1ee7a ng\u01b0\u1eddi cho vay<\/h2>\nT\u1ea5t nhi\u00ean, n\u1ebfu ng\u00e2n h\u00e0ng l\u00e0 10 \u0111\u00f4 la, th\u00ec ti\u1ec1n \u0111\u1eb7t c\u01b0\u1ee3c b\u1eb1ng 1 \u0111\u00f4 la. Trong tr\u01b0\u1eddng h\u1ee3p n\u00e0y, b\u1ea5t k\u1ec3 ng\u00f3n tay c\u1ee7a h\u1ecd x\u1ea5u \u0111\u1ebfn m\u1ee9c n\u00e0o, ng\u01b0\u1eddi th\u00e1ch \u0111\u1ea5u c\u1ee7a b\u1ea1n s\u1ebd ph\u1ea3n \u1ee9ng l\u1ea1i b\u1ea1n. Ho\u1eb7c thanh to\u00e1n tr\u01b0\u1edbc $ 50 cho t\u1ed5 ch\u1ee9c ng\u00e2n h\u00e0ng, hay ng\u1eafn g\u1ecdn l\u00e0 $ 1. \u0110i\u1ec1u n\u00e0y l\u00e0 c\u1ef1c k\u1ef3 kh\u00f4ng ph\u00f9 h\u1ee3p.\n<h3>X\u00ec ph\u00e9<a href=\"https:\/\/www.freebetbest.com\/vi\/trang-web-ca-cuoc\/\"> C\u00e1 c\u01b0\u1ee3c tr\u1ef1c tuy\u1ebfn<\/a> H\u00ecnh th\u1ee9c c\u00e1 c\u01b0\u1ee3c poker tr\u1ef1c tuy\u1ebfn Gi\u00e1 tr\u1ecb c\u00e1 c\u01b0\u1ee3c<\/h3>\nGi\u1ea3 s\u1eed ch\u00fang t\u00f4i c\u00f3 m\u1ed9t v\u00e1n b\u00e0i r\u1ea5t m\u1ea1nh v\u00e0 ch\u00fang t\u00f4i mu\u1ed1n l\u1ea5y n\u00f3 t\u1eeb \u0111\u1ed1i th\u1ee7 c\u1ea1nh tranh c\u1ee7a b\u1ea1n. Nh\u1eadn c\u00e0ng nhi\u1ec1u chip c\u00e0ng t\u1ed1t. N\u00f3i ng\u1eafn g\u1ecdn. S\u1eed d\u1ee5ng k\u1ebft h\u1ee3p chi\u1ebfn th\u1eafng, ch\u00fang t\u00f4i kh\u00f4ng mu\u1ed1n \u0111\u1ed1i th\u1ee7 c\u1ee7a ch\u00fang t\u00f4i.\n\nV\u1ee1 v\u1ee5n h\u01a1n th\u1ebb t\u00edn d\u1ee5ng c\u1ee7a ch\u00fang t\u00f4i. Do \u0111\u00f3, c\u00e1c kho\u1ea3n \u0111\u1ea7u t\u01b0 l\u1edbn kh\u00f4ng c\u00f3 l\u00e3i. Ch\u00fang ta th\u01b0\u1eddng kh\u00f4ng hi\u1ec3u. Nh\u01b0ng \u0111\u00e2y l\u00e0 s\u1ef1 l\u1ef1a ch\u1ecdn kh\u00f4ng \u0111\u1ee7. Trong b\u00e0i n\u00e0y, ch\u00fang ta c\u1ea7n m\u1ed9t &#8220;c\u00e1ch khi\u00eam t\u1ed1n&#8221;. C\u00f4 \u1ea5y \u1edf \u0111\u00e2u?\n<h3>N\u00f3 ph\u1ee5 thu\u1ed9c v\u00e0o \u0111\u1ed1i th\u1ee7<\/h3>\nT\u1ea5t nhi\u00ean, cho d\u00f9 anh ta c\u00f3 ph\u1ea3i l\u00e0 m\u1ed9t c\u1ea7u th\u1ee7 thi\u1ec7n chi\u1ebfn, anh ta v\u1eabn \u0111\u1eb7t c\u01b0\u1ee3c v\u00e0o \u0111\u01b0\u1eddng tr\u00ean, v.v. T\u00ednh nh\u1ea5t qu\u00e1n c\u1ee7a ph\u1ea3n \u1ee9ng. Ngo\u00e0i ra, b\u1ea1n c\u0169ng ph\u1ea3i gi\u1ea3 \u0111\u1ecbnh \u0111\u1ed1i th\u1ee7 c\u1ee7a m\u00ecnh. Anh ta c\u00f3 th\u1ec3 c\u00f3 lo\u1ea1i thi\u1ec7p ch\u00fac m\u1eebng n\u00e0o v\u00e0 c\u00e2n nh\u1eafc xem anh ta s\u1ebd tr\u1ea3 l\u1eddi lo\u1ea1i th\u1ebb t\u00edn d\u1ee5ng n\u00e0o. V\u00e0 ph\u1ea7n m\u00e0 anh ta s\u1ebd s\u1ee5p \u0111\u1ed5.\n\nNh\u01b0ng b\u1ea1n ph\u1ea3i lu\u00f4n nh\u1edb r\u1eb1ng n\u1ebfu ch\u00fang ta \u0111\u1ec3 \u0111\u1ed1i th\u1ee7 c\u1ee7a m\u00ecnh xem r\u1ebb con \u0111\u01b0\u1eddng ti\u1ebfp theo, th\u00ec tay anh ta s\u1ebd tr\u1edf n\u00ean m\u1ea1nh m\u1ebd h\u01a1n. K\u00edch th\u01b0\u1edbc \u0111\u1eb7t c\u01b0\u1ee3c ph\u1ed5 bi\u1ebfn nh\u1ea5t l\u00e0 1\/2 \u0111\u1ebfn 2\/3 k\u00edch th\u01b0\u1edbc h\u1ed9p \u0111\u1ef1ng.\n<h3>\u0110\u1eb7t c\u01b0\u1ee3c Poker tr\u1ef1c tuy\u1ebfn B\u1ea3o m\u1eadt MSS Gi\u1ea3 \u0111\u1ecbnh<\/h3>\nV\u00ed d\u1ee5, khi ch\u00fang ta \u0111\u1eb7t c\u01b0\u1ee3c 1\/3 v\u00e0o ti\u1ec1n c\u01b0\u1ee3c, \u0111\u1ed1i th\u1ee7 tr\u1ea3 t\u1ef7 l\u1ec7 c\u01b0\u1ee3c th\u00f9ng c\u00f3 l\u1ee3i. Ch\u1ecdn \u0111\u1eb7t c\u01b0\u1ee3c c\u1ee7a ch\u00fang t\u00f4i th\u01b0\u1eddng l\u00e0 t\u1ed1t. N\u00f3i ng\u1eafn g\u1ecdn. N\u1ebfu b\u1ea1n ngh\u0129 r\u1eb1ng k\u1ebb th\u00e1ch th\u1ee9c c\u1ee7a b\u1ea1n c\u00f3 m\u1ed9t h\u00f2a, th\u00ec b\u1ea1n ph\u1ea3i \u0111\u1ea9y anh ta \u0111\u1ebfn ch\u1ed7 s\u1ee5p \u0111\u1ed5, n\u1ebfu kh\u00f4ng, n\u00f3 th\u1ef1c s\u1ef1 t\u1ed1n k\u00e9m v\u00e0 s\u1ebd kh\u00f4ng tr\u00ec ho\u00e3n vi\u1ec7c k\u00e9o c\u1ee7a anh ta.\n\nC\u01b0\u1ee3c v\u00f4 t\u1ed9i v\u1ea1. N\u1ebfu b\u1ea1n kh\u00f4ng c\u00f3 th\u1ebb h\u1ed7n h\u1ee3p. V\u00e0 b\u1ea1n mu\u1ed1n ch\u01a1i v\u00f4 t\u1ed9i v\u1ea1, th\u00ec b\u1ea1n c\u1ea7n hi\u1ec3u r\u00f5 v\u1ec1 v\u00e1n b\u00e0i c\u1ee5 th\u1ec3 c\u1ee7a m\u00ecnh. Kh\u00f4ng c\u00f3 \u0111\u1eb7c quy\u1ec1n h\u1ea1 m\u00e0n, v\u00ec v\u1eady b\u1ea1n ph\u1ea3i c\u00f3 m\u1eb7t tr\u01b0\u1edbc khi b\u1ed1c th\u0103m. Bu\u1ed9c \u0111\u1ed1i ph\u01b0\u01a1ng ph\u1ea3i g\u1ea5p. N\u00f3i ng\u1eafn g\u1ecdn. Trong tr\u01b0\u1eddng h\u1ee3p n\u00e0y, chi ph\u00ed qu\u00e1 l\u1edbn l\u00e0 r\u1ea5t l\u1edbn.\n\nB\u1ea1n c\u00f3 th\u1ec3 chuy\u1ec3n m\u1ed9t ph\u1ea7n c\u1ee7a t\u1ed5 ch\u1ee9c t\u00e0i ch\u00ednh. \u0110\u1eb7t c\u01b0\u1ee3c bu\u1ed9c \u0111\u1ed1i ph\u01b0\u01a1ng ph\u1ea3i thua c\u01b0\u1ee3c l\u1edbn, v\u00e0 ng\u01b0\u1ee3c l\u1ea1i, ngh\u0129a l\u00e0 ch\u00fang ta hy v\u1ecdng. Nh\u1eadn m\u1ed9t c\u00e1i c\u1ecd m\u1ea1nh m\u1ebd t\u1eeb \u0111\u1ed1i th\u1ee7. Th\u00f4ng th\u01b0\u1eddng c\u1ea7n bi\u1ebft. N\u00f3i ng\u1eafn g\u1ecdn. K\u1ebb th\u00e1ch th\u1ee9c n\u00e0o \u0111ang ng\u1ed3i tr\u01b0\u1edbc m\u1eb7t ch\u00fang ta. N\u00f3i tr\u01b0\u1edbc v\u1edbi anh \u1ea5y c\u00e1c b\u01b0\u1edbc c\u1ee7a b\u1ea1n. V\u00e0 hi\u1ec3u tr\u1ea1ng th\u00e1i c\u1ee7a b\u1ea1n tr\u00ean b\u00e0n.\n<\/div>\n<\/div>\n","protected":false},"excerpt":{"rendered":"<p>B\u1ea1n ch\u1eafc ch\u1eafn s\u1ebd nh\u1eadn \u0111\u01b0\u1ee3c m\u1ed9t v\u00f2ng quay ho\u00e0n to\u00e0n mi\u1ec5n ph\u00ed h\u00e0ng ng\u00e0y trong tr\u00f2 ch\u01a1i \u0111i\u1ec7n t\u1eed c\u1ee5 th\u1ec3 n\u00e0y! , \u0111\u1eb7t c\u01b0\u1ee3c c\u00e1c ho\u1ea1t \u0111\u1ed9ng th\u1ec3 thao &#8230; tham gia v\u00e0o nhi\u1ec1u gi\u1ea3i th\u01b0\u1edfng b\u1eb1ng c\u00e1ch quay c\u00f2 quay poker c\u1ee7a ch\u00fang t\u00f4i!<\/p>\n<div class=\"hero-cup-section\">\n<div class=\"row mb-4\">\n<div class=\"col-md-7\">\n<div class=\"section-area\">\n<div class=\"section-list\">\n<li style=\"text-align: left\"><img decoding=\"async\" src=\"https:\/\/www.freebetbest.com\/wp-content\/uploads\/2021\/06\/tick.png\" alt=\"C\u00e1c m\u00f4n th\u1ec3 thao\"> Casino th\u1ec3 thao ti\u1ec1n th\u01b0\u1edfng ch\u00e0o m\u1eebng.<\/li>\n<li style=\"text-align: left\"><img decoding=\"async\" src=\"https:\/\/www.freebetbest.com\/wp-content\/uploads\/2021\/06\/tick.png\" alt=\"cung c\u1ea5p tr\u00f2 ch\u01a1i\"> \u01afu \u0111\u00e3i v\u00e0 khuy\u1ebfn m\u00e3i c\u1ee7a nh\u00e0 c\u00e1i tr\u1ef1c tuy\u1ebfn.<\/li>\n<li style=\"text-align: left\"><img decoding=\"async\" src=\"https:\/\/www.freebetbest.com\/wp-content\/uploads\/2021\/06\/tick.png\" alt=\"cung c\u1ea5p tr\u00f2 ch\u01a1i\"> C\u00e1c nh\u00e0 c\u00e1i tr\u1ef1c tuy\u1ebfn t\u1ed1t nh\u1ea5t m\u00e0 b\u1ea1n c\u00f3 th\u1ec3 tin t\u01b0\u1edfng.<\/li>\n<li style=\"text-align: left\"><img decoding=\"async\" src=\"https:\/\/www.freebetbest.com\/wp-content\/uploads\/2021\/06\/tick.png\" alt=\"C\u00f3 th\u1ea9m quy\u1ec1n\"> \u0110\u00e1nh gi\u00e1 c\u00f3 th\u1ea9m quy\u1ec1n An to\u00e0n \u0111\u00e1ng tin c\u1eady.<\/li>\n<li style=\"text-align: left\"><img decoding=\"async\" src=\"https:\/\/www.freebetbest.com\/wp-content\/uploads\/2021\/06\/tick.png\" alt=\"R\u00fat ti\u1ec1n nhanh ch\u00f3ng\"> H\u1ed7 tr\u1ee3 APP di \u0111\u1ed9ng, R\u00fat ti\u1ec1n nhanh ch\u00f3ng.<\/li>\n<li style=\"text-align: left\"><img decoding=\"async\" src=\"https:\/\/www.freebetbest.com\/wp-content\/uploads\/2021\/06\/tick.png\" alt=\"H\u1ed7 tr\u1ee3 kh\u00e1ch h\u00e0ng\"> H\u1ed7 tr\u1ee3 kh\u00e1ch h\u00e0ng: 365 ng\u00e0y, 24 gi\u1edd m\u1ed9t ng\u00e0y.<\/li>\n<\/div>\n<\/div>\n<\/div>\n<div class=\"col-md-5\">\n<div class=\"cup-img\"><img decoding=\"async\" src=\"https:\/\/www.freebetbest.com\/wp-content\/uploads\/2021\/06\/poker1.png\" alt=\"x\u00ec ph\u00e9\"><\/div>\n<\/div>\n<\/div>\n","protected":false},"author":1,"featured_media":3003,"parent":0,"menu_order":0,"comment_status":"open","ping_status":"closed","template":"poker-template.php","meta":{"footnotes":""},"class_list":["post-3002","page","type-page","status-publish","has-post-thumbnail","hentry"],"yoast_head":"<!-- This site is optimized with the Yoast SEO Premium plugin v19.5 (Yoast SEO v27.0) - https:\/\/yoast.com\/product\/yoast-seo-premium-wordpress\/ -->\n<title>Ph\u1ea7n th\u01b0\u1edfng poker m\u1edbi nh\u1ea5t , \u0110\u1eb7t c\u01b0\u1ee3c mi\u1ec5n ph\u00ed Kh\u00f4ng c\u00f3 ti\u1ec1n th\u01b0\u1edfng ti\u1ec1n g\u1eedi.<\/title>\n<meta name=\"description\" content=\"Ph\u1ea7n th\u01b0\u1edfng poker m\u1edbi nh\u1ea5t , Nh\u00e0 c\u00e1i T\u1ed1t nh\u1ea5t \u0110\u1eb7t c\u01b0\u1ee3c mi\u1ec5n ph\u00ed Kh\u00f4ng c\u00f3 ti\u1ec1n th\u01b0\u1edfng ti\u1ec1n g\u1eedi \uff0c ch\u00e0o m\u1eebng M\u00e3 ti\u1ec1n th\u01b0\u1edfng G\u1eedi ti\u1ec1n l\u1ea7n \u0111\u1ea7u, \u0110\u0103ng k\u00fd M\u00e3 ti\u1ec1n th\u01b0\u1edfng.\" \/>\n<meta name=\"robots\" content=\"index, follow, max-snippet:-1, max-image-preview:large, max-video-preview:-1\" \/>\n<link rel=\"canonical\" href=\"https:\/\/www.freebetbest.com\/vi\/ph%e1%ba%a7n-th%c6%b0%e1%bb%9fng-poker-m%e1%bb%9bi-nh%e1%ba%a5t\/\" \/>\n<meta property=\"og:locale\" content=\"vi_VN\" \/>\n<meta property=\"og:type\" content=\"article\" \/>\n<meta property=\"og:title\" content=\"Ph\u1ea7n th\u01b0\u1edfng poker m\u1edbi nh\u1ea5t\" \/>\n<meta property=\"og:description\" content=\"Ph\u1ea7n th\u01b0\u1edfng poker m\u1edbi nh\u1ea5t , Nh\u00e0 c\u00e1i T\u1ed1t nh\u1ea5t \u0110\u1eb7t c\u01b0\u1ee3c mi\u1ec5n ph\u00ed Kh\u00f4ng c\u00f3 ti\u1ec1n th\u01b0\u1edfng ti\u1ec1n g\u1eedi \uff0c ch\u00e0o m\u1eebng M\u00e3 ti\u1ec1n th\u01b0\u1edfng G\u1eedi ti\u1ec1n l\u1ea7n \u0111\u1ea7u, \u0110\u0103ng k\u00fd M\u00e3 ti\u1ec1n th\u01b0\u1edfng.\" \/>\n<meta property=\"og:url\" content=\"https:\/\/www.freebetbest.com\/vi\/ph%e1%ba%a7n-th%c6%b0%e1%bb%9fng-poker-m%e1%bb%9bi-nh%e1%ba%a5t\/\" \/>\n<meta property=\"og:site_name\" content=\"Nh\u00e0 c\u00e1i c\u00e1 c\u01b0\u1ee3c tr\u1ef1c tuy\u1ebfn t\u1ed1t nh\u1ea5t | C\u00e1 C\u01b0\u1ee3c b\u00f3ng \u0111\u00e1 online t\u1ed1t nh\u1ea5t | Th\u00f4ng tin c\u00e1 c\u01b0\u1ee3c mi\u1ec5n ph\u00ed.\" \/>\n<meta property=\"article:modified_time\" content=\"2021-08-16T14:21:25+00:00\" \/>\n<meta property=\"og:image\" content=\"https:\/\/www.freebetbest.com\/wp-content\/uploads\/2019\/07\/1_285_ys.jpg\" \/>\n\t<meta property=\"og:image:width\" content=\"310\" \/>\n\t<meta property=\"og:image:height\" content=\"171\" \/>\n\t<meta property=\"og:image:type\" content=\"image\/jpeg\" \/>\n<meta name=\"twitter:card\" content=\"summary_large_image\" \/>\n<meta name=\"twitter:label1\" content=\"Est. reading time\" \/>\n\t<meta name=\"twitter:data1\" content=\"3 minutes\" \/>\n<script type=\"application\/ld+json\" class=\"yoast-schema-graph\">{\"@context\":\"https:\/\/schema.org\",\"@graph\":[{\"@type\":\"WebPage\",\"@id\":\"https:\/\/www.freebetbest.com\/vi\/ph%e1%ba%a7n-th%c6%b0%e1%bb%9fng-poker-m%e1%bb%9bi-nh%e1%ba%a5t\/\",\"url\":\"https:\/\/www.freebetbest.com\/vi\/ph%e1%ba%a7n-th%c6%b0%e1%bb%9fng-poker-m%e1%bb%9bi-nh%e1%ba%a5t\/\",\"name\":\"Ph\u1ea7n th\u01b0\u1edfng poker m\u1edbi nh\u1ea5t , \u0110\u1eb7t c\u01b0\u1ee3c mi\u1ec5n ph\u00ed Kh\u00f4ng c\u00f3 ti\u1ec1n th\u01b0\u1edfng ti\u1ec1n g\u1eedi.\",\"isPartOf\":{\"@id\":\"https:\/\/www.freebetbest.com\/vi\/#website\"},\"primaryImageOfPage\":{\"@id\":\"https:\/\/www.freebetbest.com\/vi\/ph%e1%ba%a7n-th%c6%b0%e1%bb%9fng-poker-m%e1%bb%9bi-nh%e1%ba%a5t\/#primaryimage\"},\"image\":{\"@id\":\"https:\/\/www.freebetbest.com\/vi\/ph%e1%ba%a7n-th%c6%b0%e1%bb%9fng-poker-m%e1%bb%9bi-nh%e1%ba%a5t\/#primaryimage\"},\"thumbnailUrl\":\"https:\/\/www.freebetbest.com\/wp-content\/uploads\/2019\/07\/1_285_ys.jpg\",\"datePublished\":\"2019-07-18T06:44:12+00:00\",\"dateModified\":\"2021-08-16T14:21:25+00:00\",\"description\":\"Ph\u1ea7n th\u01b0\u1edfng poker m\u1edbi nh\u1ea5t , Nh\u00e0 c\u00e1i T\u1ed1t nh\u1ea5t \u0110\u1eb7t c\u01b0\u1ee3c mi\u1ec5n ph\u00ed Kh\u00f4ng c\u00f3 ti\u1ec1n th\u01b0\u1edfng ti\u1ec1n g\u1eedi \uff0c ch\u00e0o m\u1eebng M\u00e3 ti\u1ec1n th\u01b0\u1edfng G\u1eedi ti\u1ec1n l\u1ea7n \u0111\u1ea7u, \u0110\u0103ng k\u00fd M\u00e3 ti\u1ec1n th\u01b0\u1edfng.\",\"breadcrumb\":{\"@id\":\"https:\/\/www.freebetbest.com\/vi\/ph%e1%ba%a7n-th%c6%b0%e1%bb%9fng-poker-m%e1%bb%9bi-nh%e1%ba%a5t\/#breadcrumb\"},\"inLanguage\":\"vi-VN\",\"potentialAction\":[{\"@type\":\"ReadAction\",\"target\":[\"https:\/\/www.freebetbest.com\/vi\/ph%e1%ba%a7n-th%c6%b0%e1%bb%9fng-poker-m%e1%bb%9bi-nh%e1%ba%a5t\/\"]}]},{\"@type\":\"ImageObject\",\"inLanguage\":\"vi-VN\",\"@id\":\"https:\/\/www.freebetbest.com\/vi\/ph%e1%ba%a7n-th%c6%b0%e1%bb%9fng-poker-m%e1%bb%9bi-nh%e1%ba%a5t\/#primaryimage\",\"url\":\"https:\/\/www.freebetbest.com\/wp-content\/uploads\/2019\/07\/1_285_ys.jpg\",\"contentUrl\":\"https:\/\/www.freebetbest.com\/wp-content\/uploads\/2019\/07\/1_285_ys.jpg\",\"width\":310,\"height\":171,\"caption\":\"Poker Online c\u00e1 c\u01b0\u1ee3c\"},{\"@type\":\"BreadcrumbList\",\"@id\":\"https:\/\/www.freebetbest.com\/vi\/ph%e1%ba%a7n-th%c6%b0%e1%bb%9fng-poker-m%e1%bb%9bi-nh%e1%ba%a5t\/#breadcrumb\",\"itemListElement\":[{\"@type\":\"ListItem\",\"position\":1,\"name\":\"Home\",\"item\":\"https:\/\/www.freebetbest.com\/vi\/\"},{\"@type\":\"ListItem\",\"position\":2,\"name\":\"Ph\u1ea7n th\u01b0\u1edfng poker m\u1edbi nh\u1ea5t\"}]},{\"@type\":\"WebSite\",\"@id\":\"https:\/\/www.freebetbest.com\/vi\/#website\",\"url\":\"https:\/\/www.freebetbest.com\/vi\/\",\"name\":\"Nh\u00e0 c\u00e1i c\u00e1 c\u01b0\u1ee3c tr\u1ef1c tuy\u1ebfn t\u1ed1t nh\u1ea5t | C\u00e1 C\u01b0\u1ee3c b\u00f3ng \u0111\u00e1 online t\u1ed1t nh\u1ea5t | Th\u00f4ng tin c\u00e1 c\u01b0\u1ee3c mi\u1ec5n ph\u00ed.\",\"description\":\"Nh\u00e0 c\u00e1i c\u00e1 c\u01b0\u1ee3c tr\u1ef1c tuy\u1ebfn t\u1ed1t nh\u1ea5t, C\u1ed5ng \u0111\u00e1nh b\u1ea1c h\u00e0ng \u0111\u1ea7u th\u1ebf gi\u1edbi, Cung c\u1ea5p th\u1ec3 thao, s\u00f2ng b\u1ea1c, poker, c\u00e1 c\u01b0\u1ee3c l\u00f4 t\u00f4 & di \u0111\u1ed9ng, Th\u00f4ng tin c\u00e1 c\u01b0\u1ee3c mi\u1ec5n ph\u00ed. Nh\u00e0 c\u00e1i c\u00e1 c\u01b0\u1ee3c tr\u1ef1c tuy\u1ebfn t\u1ed1t nh\u1ea5t Vi\u1ec7t Nam\",\"publisher\":{\"@id\":\"https:\/\/www.freebetbest.com\/vi\/#\/schema\/person\/292684ccf388a2362d507874c5b80a69\"},\"potentialAction\":[{\"@type\":\"SearchAction\",\"target\":{\"@type\":\"EntryPoint\",\"urlTemplate\":\"https:\/\/www.freebetbest.com\/vi\/?s={search_term_string}\"},\"query-input\":{\"@type\":\"PropertyValueSpecification\",\"valueRequired\":true,\"valueName\":\"search_term_string\"}}],\"inLanguage\":\"vi-VN\"},{\"@type\":[\"Person\",\"Organization\"],\"@id\":\"https:\/\/www.freebetbest.com\/vi\/#\/schema\/person\/292684ccf388a2362d507874c5b80a69\",\"name\":\"\u7ba1\u7406\",\"image\":{\"@type\":\"ImageObject\",\"inLanguage\":\"vi-VN\",\"@id\":\"https:\/\/www.freebetbest.com\/vi\/#\/schema\/person\/image\/\",\"url\":\"https:\/\/www.freebetbest.com\/wp-content\/litespeed\/avatar\/49696b52fb15293a2168c14964fdd8b9.jpg?ver=1777439934\",\"contentUrl\":\"https:\/\/www.freebetbest.com\/wp-content\/litespeed\/avatar\/49696b52fb15293a2168c14964fdd8b9.jpg?ver=1777439934\",\"caption\":\"\u7ba1\u7406\"},\"logo\":{\"@id\":\"https:\/\/www.freebetbest.com\/vi\/#\/schema\/person\/image\/\"},\"sameAs\":[\"admin\"]}]}<\/script>\n<!-- \/ Yoast SEO Premium plugin. -->","yoast_head_json":{"title":"Ph\u1ea7n th\u01b0\u1edfng poker m\u1edbi nh\u1ea5t , \u0110\u1eb7t c\u01b0\u1ee3c mi\u1ec5n ph\u00ed Kh\u00f4ng c\u00f3 ti\u1ec1n th\u01b0\u1edfng ti\u1ec1n g\u1eedi.","description":"Ph\u1ea7n th\u01b0\u1edfng poker m\u1edbi nh\u1ea5t , Nh\u00e0 c\u00e1i T\u1ed1t nh\u1ea5t \u0110\u1eb7t c\u01b0\u1ee3c mi\u1ec5n ph\u00ed Kh\u00f4ng c\u00f3 ti\u1ec1n th\u01b0\u1edfng ti\u1ec1n g\u1eedi \uff0c ch\u00e0o m\u1eebng M\u00e3 ti\u1ec1n th\u01b0\u1edfng G\u1eedi ti\u1ec1n l\u1ea7n \u0111\u1ea7u, \u0110\u0103ng k\u00fd M\u00e3 ti\u1ec1n th\u01b0\u1edfng.","robots":{"index":"index","follow":"follow","max-snippet":"max-snippet:-1","max-image-preview":"max-image-preview:large","max-video-preview":"max-video-preview:-1"},"canonical":"https:\/\/www.freebetbest.com\/vi\/ph%e1%ba%a7n-th%c6%b0%e1%bb%9fng-poker-m%e1%bb%9bi-nh%e1%ba%a5t\/","og_locale":"vi_VN","og_type":"article","og_title":"Ph\u1ea7n th\u01b0\u1edfng poker m\u1edbi nh\u1ea5t","og_description":"Ph\u1ea7n th\u01b0\u1edfng poker m\u1edbi nh\u1ea5t , Nh\u00e0 c\u00e1i T\u1ed1t nh\u1ea5t \u0110\u1eb7t c\u01b0\u1ee3c mi\u1ec5n ph\u00ed Kh\u00f4ng c\u00f3 ti\u1ec1n th\u01b0\u1edfng ti\u1ec1n g\u1eedi \uff0c ch\u00e0o m\u1eebng M\u00e3 ti\u1ec1n th\u01b0\u1edfng G\u1eedi ti\u1ec1n l\u1ea7n \u0111\u1ea7u, \u0110\u0103ng k\u00fd M\u00e3 ti\u1ec1n th\u01b0\u1edfng.","og_url":"https:\/\/www.freebetbest.com\/vi\/ph%e1%ba%a7n-th%c6%b0%e1%bb%9fng-poker-m%e1%bb%9bi-nh%e1%ba%a5t\/","og_site_name":"Nh\u00e0 c\u00e1i c\u00e1 c\u01b0\u1ee3c tr\u1ef1c tuy\u1ebfn t\u1ed1t nh\u1ea5t | C\u00e1 C\u01b0\u1ee3c b\u00f3ng \u0111\u00e1 online t\u1ed1t nh\u1ea5t | Th\u00f4ng tin c\u00e1 c\u01b0\u1ee3c mi\u1ec5n ph\u00ed.","article_modified_time":"2021-08-16T14:21:25+00:00","og_image":[{"width":310,"height":171,"url":"https:\/\/www.freebetbest.com\/wp-content\/uploads\/2019\/07\/1_285_ys.jpg","type":"image\/jpeg"}],"twitter_card":"summary_large_image","twitter_misc":{"Est. reading time":"3 minutes"},"schema":{"@context":"https:\/\/schema.org","@graph":[{"@type":"WebPage","@id":"https:\/\/www.freebetbest.com\/vi\/ph%e1%ba%a7n-th%c6%b0%e1%bb%9fng-poker-m%e1%bb%9bi-nh%e1%ba%a5t\/","url":"https:\/\/www.freebetbest.com\/vi\/ph%e1%ba%a7n-th%c6%b0%e1%bb%9fng-poker-m%e1%bb%9bi-nh%e1%ba%a5t\/","name":"Ph\u1ea7n th\u01b0\u1edfng poker m\u1edbi nh\u1ea5t , \u0110\u1eb7t c\u01b0\u1ee3c mi\u1ec5n ph\u00ed Kh\u00f4ng c\u00f3 ti\u1ec1n th\u01b0\u1edfng ti\u1ec1n g\u1eedi.","isPartOf":{"@id":"https:\/\/www.freebetbest.com\/vi\/#website"},"primaryImageOfPage":{"@id":"https:\/\/www.freebetbest.com\/vi\/ph%e1%ba%a7n-th%c6%b0%e1%bb%9fng-poker-m%e1%bb%9bi-nh%e1%ba%a5t\/#primaryimage"},"image":{"@id":"https:\/\/www.freebetbest.com\/vi\/ph%e1%ba%a7n-th%c6%b0%e1%bb%9fng-poker-m%e1%bb%9bi-nh%e1%ba%a5t\/#primaryimage"},"thumbnailUrl":"https:\/\/www.freebetbest.com\/wp-content\/uploads\/2019\/07\/1_285_ys.jpg","datePublished":"2019-07-18T06:44:12+00:00","dateModified":"2021-08-16T14:21:25+00:00","description":"Ph\u1ea7n th\u01b0\u1edfng poker m\u1edbi nh\u1ea5t , Nh\u00e0 c\u00e1i T\u1ed1t nh\u1ea5t \u0110\u1eb7t c\u01b0\u1ee3c mi\u1ec5n ph\u00ed Kh\u00f4ng c\u00f3 ti\u1ec1n th\u01b0\u1edfng ti\u1ec1n g\u1eedi \uff0c ch\u00e0o m\u1eebng M\u00e3 ti\u1ec1n th\u01b0\u1edfng G\u1eedi ti\u1ec1n l\u1ea7n \u0111\u1ea7u, \u0110\u0103ng k\u00fd M\u00e3 ti\u1ec1n th\u01b0\u1edfng.","breadcrumb":{"@id":"https:\/\/www.freebetbest.com\/vi\/ph%e1%ba%a7n-th%c6%b0%e1%bb%9fng-poker-m%e1%bb%9bi-nh%e1%ba%a5t\/#breadcrumb"},"inLanguage":"vi-VN","potentialAction":[{"@type":"ReadAction","target":["https:\/\/www.freebetbest.com\/vi\/ph%e1%ba%a7n-th%c6%b0%e1%bb%9fng-poker-m%e1%bb%9bi-nh%e1%ba%a5t\/"]}]},{"@type":"ImageObject","inLanguage":"vi-VN","@id":"https:\/\/www.freebetbest.com\/vi\/ph%e1%ba%a7n-th%c6%b0%e1%bb%9fng-poker-m%e1%bb%9bi-nh%e1%ba%a5t\/#primaryimage","url":"https:\/\/www.freebetbest.com\/wp-content\/uploads\/2019\/07\/1_285_ys.jpg","contentUrl":"https:\/\/www.freebetbest.com\/wp-content\/uploads\/2019\/07\/1_285_ys.jpg","width":310,"height":171,"caption":"Poker Online c\u00e1 c\u01b0\u1ee3c"},{"@type":"BreadcrumbList","@id":"https:\/\/www.freebetbest.com\/vi\/ph%e1%ba%a7n-th%c6%b0%e1%bb%9fng-poker-m%e1%bb%9bi-nh%e1%ba%a5t\/#breadcrumb","itemListElement":[{"@type":"ListItem","position":1,"name":"Home","item":"https:\/\/www.freebetbest.com\/vi\/"},{"@type":"ListItem","position":2,"name":"Ph\u1ea7n th\u01b0\u1edfng poker m\u1edbi nh\u1ea5t"}]},{"@type":"WebSite","@id":"https:\/\/www.freebetbest.com\/vi\/#website","url":"https:\/\/www.freebetbest.com\/vi\/","name":"Nh\u00e0 c\u00e1i c\u00e1 c\u01b0\u1ee3c tr\u1ef1c tuy\u1ebfn t\u1ed1t nh\u1ea5t | C\u00e1 C\u01b0\u1ee3c b\u00f3ng \u0111\u00e1 online t\u1ed1t nh\u1ea5t | Th\u00f4ng tin c\u00e1 c\u01b0\u1ee3c mi\u1ec5n ph\u00ed.","description":"Nh\u00e0 c\u00e1i c\u00e1 c\u01b0\u1ee3c tr\u1ef1c tuy\u1ebfn t\u1ed1t nh\u1ea5t, C\u1ed5ng \u0111\u00e1nh b\u1ea1c h\u00e0ng \u0111\u1ea7u th\u1ebf gi\u1edbi, Cung c\u1ea5p th\u1ec3 thao, s\u00f2ng b\u1ea1c, poker, c\u00e1 c\u01b0\u1ee3c l\u00f4 t\u00f4 & di \u0111\u1ed9ng, Th\u00f4ng tin c\u00e1 c\u01b0\u1ee3c mi\u1ec5n ph\u00ed. Nh\u00e0 c\u00e1i c\u00e1 c\u01b0\u1ee3c tr\u1ef1c tuy\u1ebfn t\u1ed1t nh\u1ea5t Vi\u1ec7t Nam","publisher":{"@id":"https:\/\/www.freebetbest.com\/vi\/#\/schema\/person\/292684ccf388a2362d507874c5b80a69"},"potentialAction":[{"@type":"SearchAction","target":{"@type":"EntryPoint","urlTemplate":"https:\/\/www.freebetbest.com\/vi\/?s={search_term_string}"},"query-input":{"@type":"PropertyValueSpecification","valueRequired":true,"valueName":"search_term_string"}}],"inLanguage":"vi-VN"},{"@type":["Person","Organization"],"@id":"https:\/\/www.freebetbest.com\/vi\/#\/schema\/person\/292684ccf388a2362d507874c5b80a69","name":"\u7ba1\u7406","image":{"@type":"ImageObject","inLanguage":"vi-VN","@id":"https:\/\/www.freebetbest.com\/vi\/#\/schema\/person\/image\/","url":"https:\/\/www.freebetbest.com\/wp-content\/litespeed\/avatar\/49696b52fb15293a2168c14964fdd8b9.jpg?ver=1777439934","contentUrl":"https:\/\/www.freebetbest.com\/wp-content\/litespeed\/avatar\/49696b52fb15293a2168c14964fdd8b9.jpg?ver=1777439934","caption":"\u7ba1\u7406"},"logo":{"@id":"https:\/\/www.freebetbest.com\/vi\/#\/schema\/person\/image\/"},"sameAs":["admin"]}]}},"_links":{"self":[{"href":"https:\/\/www.freebetbest.com\/vi\/wp-json\/wp\/v2\/pages\/3002","targetHints":{"allow":["GET"]}}],"collection":[{"href":"https:\/\/www.freebetbest.com\/vi\/wp-json\/wp\/v2\/pages"}],"about":[{"href":"https:\/\/www.freebetbest.com\/vi\/wp-json\/wp\/v2\/types\/page"}],"author":[{"embeddable":true,"href":"https:\/\/www.freebetbest.com\/vi\/wp-json\/wp\/v2\/users\/1"}],"replies":[{"embeddable":true,"href":"https:\/\/www.freebetbest.com\/vi\/wp-json\/wp\/v2\/comments?post=3002"}],"version-history":[{"count":0,"href":"https:\/\/www.freebetbest.com\/vi\/wp-json\/wp\/v2\/pages\/3002\/revisions"}],"wp:featuredmedia":[{"embeddable":true,"href":"https:\/\/www.freebetbest.com\/vi\/wp-json\/wp\/v2\/media\/3003"}],"wp:attachment":[{"href":"https:\/\/www.freebetbest.com\/vi\/wp-json\/wp\/v2\/media?parent=3002"}],"curies":[{"name":"wp","href":"https:\/\/api.w.org\/{rel}","templated":true}]}}