{"id":130722,"date":"2021-06-10T09:25:38","date_gmt":"2021-06-10T09:25:38","guid":{"rendered":"https:\/\/www.freebetbest.com\/xo-so-xo-so-ca-cuoc-tien-thuong-moi-nhat\/"},"modified":"2021-07-28T17:32:10","modified_gmt":"2021-07-28T17:32:10","slug":"xo-so-xo-so-ca-cuoc-tien-thuong-moi-nhat","status":"publish","type":"page","link":"https:\/\/www.freebetbest.com\/vi\/xo-so-xo-so-ca-cuoc-tien-thuong-moi-nhat\/","title":{"rendered":"Ti\u1ec1n th\u01b0\u1edfng C\u01b0\u1ee3c x\u1ed5 s\u1ed1 Lotto m\u1edbi nh\u1ea5t"},"content":{"rendered":"<h2>Gi\u1edbi thi\u1ec7u v\u1ec1 Ti\u1ec1n th\u01b0\u1edfng C\u01b0\u1ee3c x\u1ed5 s\u1ed1 Lotto M\u1edbi nh\u1ea5t<\/h2>\n<p> X\u1ed5 s\u1ed1 Lotto m\u1edbi nh\u1ea5t Ti\u1ec1n th\u01b0\u1edfng C\u01b0\u1ee3c kh\u00e1c v\u1edbi c\u1edd b\u1ea1c truy\u1ec1n th\u1ed1ng v\u00ec b\u1ea1n kh\u00f4ng th\u1ef1c s\u1ef1 mua n\u00f3. V\u00e9 s\u1ed1 v\u1eadt l\u00fd ho\u1eb7c mua v\u00e9 s\u1ed1 tr\u00ean Internet. Ng\u01b0\u1ee3c l\u1ea1i, nh\u01b0 t\u00ean cho th\u1ea5y, b\u1ea1n t\u00ecnh c\u1edd \u0111\u1eb7t c\u01b0\u1ee3c x\u1ed5 s\u1ed1.<\/p>\n<p>B\u00e2y gi\u1edd, b\u1ea1n c\u00f3 th\u1ec3 mu\u1ed1n bi\u1ebft. \u0110i\u1ec1u g\u00ec x\u1ea3y ra sau khi b\u1ea1n gi\u00e0nh \u0111\u01b0\u1ee3c gi\u1ea3i th\u01b0\u1edfng. N\u1ebfu b\u1ea1n mua m\u1ed9t v\u00e9 s\u1ed1, nh\u00e0 \u0111i\u1ec1u h\u00e0nh s\u1ebd tr\u1ea3 ti\u1ec1n th\u01b0\u1edfng. M\u1eb7t kh\u00e1c, c\u00e1c trang web c\u00e1 c\u01b0\u1ee3c x\u1ed5 s\u1ed1. \u00c1p d\u1ee5ng m\u1ed9t m\u00f4 h\u00ecnh ch\u00ednh s\u00e1ch b\u1ea3o hi\u1ec3m. \u0110i\u1ec1u n\u00e0y c\u00f3 ngh\u0129a l\u00e0 c\u00e1c trang web c\u00e1 c\u01b0\u1ee3c x\u1ed5 s\u1ed1. T\u00f3m l\u1ea1i, L\u00e0m vi\u1ec7c v\u1edbi c\u00e1c c\u00f4ng ty b\u1ea3o hi\u1ec3m v\u00e0 cung c\u1ea5p b\u1ea3o hi\u1ec3m cho m\u1ecdi ph\u1ecfng \u0111o\u00e1n.<\/p>\n<h2>X\u1ed5 s\u1ed1 qu\u1ed1c t\u1ebf. \u0110\u1eb7t c\u01b0\u1ee3c t\u1ea5t c\u1ea3 x\u1ed5 s\u1ed1 x\u1ed5 s\u1ed1 L\u00f4 t\u00f4 m\u1edbi nh\u1ea5t c\u1ee7a b\u1ea1n Ti\u1ec1n th\u01b0\u1edfng \u0111\u1eb7t c\u01b0\u1ee3c<\/h2>\n<p>X\u1ed5 s\u1ed1 v\u1eadt l\u00fd ch\u1ec9 \u0111\u01b0\u1ee3c \u00e1p d\u1ee5ng. C\u00f4ng d\u00e2n c\u1ee7a qu\u1ed1c gia \/ khu v\u1ef1c c\u1ee7a b\u1ea1n. V\u00ed d\u1ee5, x\u1ed5 s\u1ed1 Powerball. Ch\u1ec9 c\u00f3 th\u1ec3 \u0111\u01b0\u1ee3c mua \u1edf Hoa K\u1ef3. Ng\u01b0\u1eddi \u0111\u01b0a tin x\u1ed5 s\u1ed1 gi\u00fap \u0111\u1ee1. \u0110i\u1ec1u n\u00e0y \u0111\u01b0\u1ee3c kh\u1eafc ph\u1ee5c \u1edf m\u1ed9t m\u1ee9c \u0111\u1ed9 n\u00e0o \u0111\u00f3, nh\u01b0ng c\u00f2n g\u00ec tuy\u1ec7t h\u01a1n khi b\u1ea1n \u0111\u00e1nh l\u00f4 \u0111\u1ec1. Ph\u1ea1m vi kh\u1ea3 n\u0103ng th\u1eadm ch\u00ed c\u00f2n t\u1ed1t h\u01a1n. T\u00f3m l\u1ea1i, c\u00e1c trang web c\u00e1 c\u01b0\u1ee3c X\u1ed5 s\u1ed1 tr\u00ean to\u00e0n th\u1ebf gi\u1edbi. Nhi\u1ec1u lo\u1ea1i c\u01b0\u1ee3c x\u1ed5 s\u1ed1 \u0111\u01b0\u1ee3c cung c\u1ea5p, c\u00f3 ngh\u0129a l\u00e0 tuy\u1ec7t \u0111\u1ed1i. Kh\u00f4ng thi\u1ebfu c\u00e1c l\u1ef1a ch\u1ecdn thay th\u1ebf c\u1edd b\u1ea1c.<\/p>\n<h3>T\u1eadn h\u01b0\u1edfng nhi\u1ec1u l\u1ef1a ch\u1ecdn c\u00e1 c\u01b0\u1ee3c h\u01a1n<\/h3>\n<p>M\u1ed9t s\u1ed1 x\u1ed5 s\u1ed1 c\u1ee7a V\u01b0\u01a1ng qu\u1ed1c Anh<a href=\"https:\/\/www.freebetbest.com\/vi\/ca-cuoc-bong-da-truc-tuyen\/\"> trang web c\u00e1 c\u01b0\u1ee3c<\/a> . Cung c\u1ea5p m\u1ed9t lo\u1ea1t c\u00e1c kh\u1ea3 n\u0103ng c\u00e1 c\u01b0\u1ee3c. N\u1ebfu b\u1ea1n kh\u00f4ng th\u00edch ph\u1ecfng \u0111o\u00e1n. \u0110\u00e2y c\u00f3 th\u1ec3 l\u00e0 m\u1ed9t gi\u1ea3i ph\u00e1p t\u1ed1t cho r\u1ee7i ro ti\u1ec1m \u1ea9n c\u1ee7a m\u1ed7i s\u1ed1 ti\u1ec1n. M\u1eb7c d\u00f9 v\u1eady, kh\u00f4ng ph\u1ea3i t\u1ea5t c\u1ea3 c\u00e1c trang web. C\u1ea3 hai \u0111\u1ec1u cung c\u1ea5p cho b\u1ea1n t\u00ednh n\u0103ng n\u00e0y, v\u00ec v\u1eady h\u00e3y \u0111\u1ea3m b\u1ea3o r\u1eb1ng b\u1ea1n \u0111\u00e3 \u0111\u0103ng k\u00fd tr\u01b0\u1edbc \u0111\u00f3. Ki\u1ec3m tra c\u00e1c t\u00f9y ch\u1ecdn c\u00e1 c\u01b0\u1ee3c \u0111\u01b0\u1ee3c cung c\u1ea5p.<\/p>\n<h3>B\u1eb1ng c\u00e1ch c\u00f3 c\u01a1 h\u1ed9i \u0111\u0103ng k\u00fd<a href=\"https:\/\/www.freebetsinfo.co.uk\/asia-online-casino\/\"> trang web c\u00e1 c\u01b0\u1ee3c x\u1ed5 s\u1ed1<\/a><\/h3>\n<p>B\u1ea1n c\u00f3 th\u1ec3 kh\u00f4ng th\u00e0nh c\u00f4ng nh\u01b0 b\u1ea1n \u0111o\u00e1n, nh\u01b0ng h\u00e3y \u0111\u0103ng k\u00fd m\u1ed9t t\u1eadp \u0111o\u00e0n. N\u00f3 c\u00f3 th\u1ec3 c\u00f3 ngh\u0129a l\u00e0 b\u1ea1n c\u00f3 nhi\u1ec1u kh\u1ea3 n\u0103ng nh\u1eadn \u0111\u01b0\u1ee3c m\u1ed9t s\u1ed1 k\u1ebft qu\u1ea3. X\u00e9t v\u1ec1 kh\u1ea3 n\u0103ng th\u00e0nh c\u00f4ng c\u1ee7a Lotto, \u0111\u00e2y l\u00e0 m\u1ed9t l\u1ee3i th\u1ebf tuy\u1ec7t v\u1eddi cho nhi\u1ec1u ng\u01b0\u1eddi ch\u01a1i.<\/p>\n<h3>Kh\u00f4ng ch\u1ec9 l\u00e0 Ti\u1ec1n th\u01b0\u1edfng C\u01b0\u1ee3c x\u1ed5 s\u1ed1 Lotto M\u1edbi nh\u1ea5t<\/h3>\n<p>\u0110\u00e2y kh\u00f4ng ch\u1ec9 l\u00e0 tr\u00ean c\u00e1c trang web c\u00e1 c\u01b0\u1ee3c x\u1ed5 s\u1ed1. B\u1ed1c th\u0103m x\u1ed5 s\u1ed1 \u0111\u01b0\u1ee3c tr\u01b0ng b\u00e0y. \u0110\u00f4i khi b\u1ea1n s\u1ebd th\u1ea5y r\u1eb1ng n\u00f3 cung c\u1ea5p m\u1ed9t s\u1ed1 th\u1ebb c\u00e0o. V\u00e0 truy c\u1eadp ngay l\u1eadp t\u1ee9c v\u00e0o c\u00e1c tr\u00f2 ch\u01a1i \u0111i\u1ec7n t\u1eed, r\u1ea5t ph\u00f9 h\u1ee3p gi\u1eefa vi\u1ec7c nh\u1eadn. Ch\u01a1i m\u1ed9t tr\u00f2 ch\u01a1i nhanh ch\u00f3ng. Nhi\u1ec1u trang web t\u1ed1t nh\u1ea5t. C\u00e1c tr\u00f2 ch\u01a1i \u0111\u00e1nh b\u1ea1c trong s\u00f2ng b\u1ea1c c\u0169ng \u0111\u01b0\u1ee3c cung c\u1ea5p.<\/p>\n<h3>C\u00e1ch ch\u1ecdn nh\u00e0 c\u00e1i c\u00e1 c\u01b0\u1ee3c lotto hi\u1ec7u qu\u1ea3 nh\u1ea5t<\/h3>\n<p>C\u00e1c chuy\u00ean gia trong ng\u00e0nh c\u1ee7a ch\u00fang t\u00f4i c\u00f3 m\u1eb7t trong b\u00e0i vi\u1ebft n\u00e0y. C\u00e1c ch\u01b0\u01a1ng tr\u00ecnh c\u00e1 c\u01b0\u1ee3c x\u1ed5 s\u1ed1 n\u1ed5i ti\u1ebfng nh\u1ea5t \u0111\u01b0\u1ee3c tr\u00ecnh chi\u1ebfu, v\u1eady ch\u00fang t\u00f4i \u0111\u00e3 ch\u1ecdn ch\u00fang nh\u01b0 th\u1ebf n\u00e0o? C\u00f4ng ty ch\u00fang t\u00f4i s\u1eed d\u1ee5ng v\u00e0 ki\u1ec3m tra. C\u00e1c trang web x\u1ed5 s\u1ed1 t\u1ed1t nh\u1ea5t l\u00e0 c\u00f9ng m\u1ed9t kh\u00eda c\u1ea1nh.<\/p>\n<p>\u0110\u00e2y l\u00e0 c\u00e1ch b\u1ea1n \u0111\u00e1nh gi\u00e1 c\u00e1c k\u1ebf ho\u1ea1ch n\u00e0y:<\/p>\n<h3> Ti\u1ec1n th\u01b0\u1edfng C\u01b0\u1ee3c x\u1ed5 s\u1ed1 Lotto m\u1edbi nh\u1ea5t tu\u00e2n theo c\u00e1c quy t\u1eafc<\/h3>\n<p>Ch\u1ee9ng ch\u1ec9 tr\u00f2 ch\u01a1i \u0111i\u1ec7n t\u1eed. \u0110\u00f3 l\u00e0 m\u1ed9t l\u1eddi kh\u1eb3ng \u0111\u1ecbnh ho\u00e0n h\u1ea3o v\u1ec1 c\u00e1c quy t\u1eafc th\u00edch h\u1ee3p c\u1ee7a n\u1ec1n t\u1ea3ng. C\u00e1c ch\u1ee9ng nh\u1eadn n\u00e0y \u0111\u1ea3m b\u1ea3o cho ch\u1ee7 s\u1edf h\u1eefu. C\u00f3 t\u00ednh thanh kho\u1ea3n \u0111\u1ec3 chi ti\u00eau nh\u1eefng ph\u1ea7n th\u01b0\u1edfng b\u1ea1n c\u00f3 th\u1ec3 nh\u1eadn \u0111\u01b0\u1ee3c.<\/p>\n<p>L\u1edbp b\u1ea3o m\u1eadt<\/p>\n<p>C\u00e1c cu\u1ed9c t\u1ea5n c\u00f4ng m\u1ea1ng kh\u00f4ng ph\u1ea3i l\u00e0 hi\u1ebfm, c\u00e1c nh\u00e0 khai th\u00e1c x\u1ed5 s\u1ed1 c\u0169ng v\u1eady. Trang web c\u1ee7a n\u00f3 n\u00ean \u0111\u01b0\u1ee3c b\u1ea3o v\u1ec7 kh\u1ecfi tin t\u1eb7c tr\u1ef1c tuy\u1ebfn. \u0110\u1ea3m b\u1ea3o r\u1eb1ng nh\u00e0 cung c\u1ea5p s\u1eed d\u1ee5ng SSL v\u00e0 c\u00e1c ch\u01b0\u01a1ng tr\u00ecnh \u1ed5n \u0111\u1ecbnh kh\u00e1c. \u0110\u1ec3 duy tr\u00ec b\u1ea3o m\u1eadt th\u00f4ng tin c\u1ee7a b\u1ea1n.<\/p>\n<p>B\u1ea1n c\u00f3 th\u1ec3 ch\u01a1i x\u1ed5 s\u1ed1 tr\u00ean trang web n\u00e0o? N\u00f3 c\u00f3 b\u1ea3o v\u1ec7 c\u00e1c tr\u00f2 ch\u01a1i quan tr\u1ecdng kh\u00f4ng v\u00e0 l\u1ef1a ch\u1ecdn c\u1ee7a b\u1ea1n c\u00f3 n\u1eb1m trong danh s\u00e1ch kh\u00f4ng?<\/p>\n<h3>T\u00f9y ch\u1ecdn c\u00e1 c\u01b0\u1ee3c b\u1ed5 sung<\/h3>\n<p>Nh\u1eefng \u0111i\u1ec1u n\u00e0y c\u00f3 th\u1ec3 li\u00ean quan \u0111\u1ebfn c\u00e1c kho\u1ea3n th\u01b0\u1edfng h\u1ee3p t\u00e1c, \u0111\u1eb7t c\u01b0\u1ee3c \u0111\u1eb7c bi\u1ec7t v\u00e0 c\u00e1c l\u1ef1a ch\u1ecdn t\u01b0\u01a1ng t\u1ef1.<\/p>\n<h3>Ph\u01b0\u01a1ng th\u1ee9c thanh to\u00e1n<\/h3>\n<p>Ph\u01b0\u01a1ng th\u1ee9c thanh to\u00e1n y\u00eau th\u00edch c\u1ee7a b\u1ea1n s\u1ebd c\u00f3 trong danh s\u00e1ch. T\u00f9y ch\u1ecdn thanh to\u00e1n xu\u1ed1ng v\u00e0 r\u00fat ti\u1ec1n ph\u1ed5 bi\u1ebfn nh\u1ea5t. \u0110\u00e2y l\u00e0 v\u00ed \u0111i\u1ec7n t\u1eed, th\u1ebb t\u00ednh ph\u00ed v\u00e0 ch\u1ee9ng t\u1eeb.<\/p>\n<p>X\u1ed5 s\u1ed1 x\u1ed5 s\u1ed1 x\u1ed5 s\u1ed1 m\u1edbi nh\u1ea5t Ti\u1ec1n th\u01b0\u1edfng C\u01b0\u1ee3c \u0111i\u1ec7n tho\u1ea1i di \u0111\u1ed9ng Tr\u1ee3 gi\u00fap<\/p>\n<h3>B\u1ea1n c\u00f3 th\u1ec3 \u0111\u1eb7t c\u01b0\u1ee3c x\u1ed5 s\u1ed1 khi \u0111ang di chuy\u1ec3n kh\u00f4ng?<\/h3>\n<p>M\u1ed9t s\u1ed1 c\u00f4ng ty cung c\u1ea5p c\u00e1c \u1ee9ng d\u1ee5ng di \u0111\u1ed9ng v\u00e0 m\u1ed9t s\u1ed1 c\u00f4ng ty cho ph\u00e9p ch\u00fang. B\u1ea1n tr\u1ef1c ti\u1ebfp t\u1eeb tr\u00ecnh duy\u1ec7t trong thi\u1ebft b\u1ecb di \u0111\u1ed9ng. Th\u1ef1c thi tr\u00ean trang web c\u1ee7a h\u1ecd. Trong m\u1ecdi tr\u01b0\u1eddng h\u1ee3p, \u0111i\u1ec1u quan tr\u1ecdng l\u00e0 ph\u1ea3i tham gia ch\u1ea1y \u00edt nh\u1ea5t m\u1ed9t l\u1ea7n.<\/p>\n<h3>D\u1ecbch v\u1ee5 h\u1ed7 tr\u1ee3<\/h3>\n<p>N\u1ebfu b\u1ea1n c\u00f3 c\u00e2u h\u1ecfi ho\u1eb7c v\u1ea5n \u0111\u1ec1, s\u1ef1 h\u00e0i l\u00f2ng c\u1ee7a kh\u00e1ch h\u00e0ng c\u00f3 gi\u00e1 tr\u1ecb. Tr\u1edf n\u00ean quan tr\u1ecdng. B\u1ea1n c\u1ea7n c\u00f3 nhi\u1ec1u ph\u01b0\u01a1ng ph\u00e1p \u0111\u1ec3 \u0111\u1ea1t hi\u1ec7u qu\u1ea3, ch\u1eb3ng h\u1ea1n nh\u01b0 tr\u00f2 chuy\u1ec7n tr\u1ef1c ti\u1ebfp, email ho\u1eb7c \u0111i\u1ec7n tho\u1ea1i<\/p>\n<p><!-- \/wp:post-content --><\/p>\n<p><!-- wp:paragraph \/--><\/p>\n","protected":false},"excerpt":{"rendered":"<p>T\u00ecm v\u00e0 \u0111\u00e1nh gi\u00e1 t\u1ea5t c\u1ea3 c\u00e1c ph\u1ea7n th\u01b0\u1edfng x\u1ed5 s\u1ed1 tr\u1ef1c tuy\u1ebfn c\u1eadp nh\u1eadt nh\u1ea5t trong danh m\u1ee5c c\u1edd b\u1ea1c m\u1edf r\u1ed9ng c\u1ee7a ch\u00fang t\u00f4i. H\u00e3y t\u1eadn h\u01b0\u1edfng nh\u1eefng m\u00f3n h\u1eddi theo quy t\u1eafc qu\u1ea3ng c\u00e1o x\u1ed5 s\u1ed1 ph\u1ed5 bi\u1ebfn v\u00e0 ti\u1ec1n th\u01b0\u1edfng \u0111\u1ed9c quy\u1ec1n t\u1eeb<\/p>\n<div class=\"hero-cup-section\">\n<div class=\"row mb-4\">\n<div class=\"col-md-7\">\n<div class=\"section-area\">\n<div class=\"section-list\">\n<li style=\"text-align: left\"><img decoding=\"async\" src=\"https:\/\/www.freebetbest.com\/wp-content\/uploads\/2021\/06\/tick.png\" alt=\"C\u00e1c m\u00f4n th\u1ec3 thao\"> Casino th\u1ec3 thao ti\u1ec1n th\u01b0\u1edfng ch\u00e0o m\u1eebng.<\/li>\n<li style=\"text-align: left\"><img decoding=\"async\" src=\"https:\/\/www.freebetbest.com\/wp-content\/uploads\/2021\/06\/tick.png\" alt=\"cung c\u1ea5p tr\u00f2 ch\u01a1i\"> \u01afu \u0111\u00e3i v\u00e0 khuy\u1ebfn m\u00e3i c\u1ee7a nh\u00e0 c\u00e1i tr\u1ef1c tuy\u1ebfn.<\/li>\n<li style=\"text-align: left\"><img decoding=\"async\" src=\"https:\/\/www.freebetbest.com\/wp-content\/uploads\/2021\/06\/tick.png\" alt=\"cung c\u1ea5p tr\u00f2 ch\u01a1i\"> C\u00e1c nh\u00e0 c\u00e1i tr\u1ef1c tuy\u1ebfn t\u1ed1t nh\u1ea5t m\u00e0 b\u1ea1n c\u00f3 th\u1ec3 tin t\u01b0\u1edfng.<\/li>\n<li style=\"text-align: left\"><img decoding=\"async\" src=\"https:\/\/www.freebetbest.com\/wp-content\/uploads\/2021\/06\/tick.png\" alt=\"C\u00f3 th\u1ea9m quy\u1ec1n\"> \u0110\u00e1nh gi\u00e1 c\u00f3 th\u1ea9m quy\u1ec1n An to\u00e0n \u0111\u00e1ng tin c\u1eady.<\/li>\n<li style=\"text-align: left\"><img decoding=\"async\" src=\"https:\/\/www.freebetbest.com\/wp-content\/uploads\/2021\/06\/tick.png\" alt=\"R\u00fat ti\u1ec1n nhanh ch\u00f3ng\"> H\u1ed7 tr\u1ee3 APP di \u0111\u1ed9ng, R\u00fat ti\u1ec1n nhanh ch\u00f3ng.<\/li>\n<li style=\"text-align: left\"><img decoding=\"async\" src=\"https:\/\/www.freebetbest.com\/wp-content\/uploads\/2021\/06\/tick.png\" alt=\"H\u1ed7 tr\u1ee3 kh\u00e1ch h\u00e0ng\"> H\u1ed7 tr\u1ee3 kh\u00e1ch h\u00e0ng: 365 ng\u00e0y, 24 gi\u1edd m\u1ed9t ng\u00e0y.<\/li>\n<\/div>\n<\/div>\n<\/div>\n<div class=\"col-md-5\">\n<div class=\"cup-img\"><img decoding=\"async\" src=\"https:\/\/www.freebetbest.com\/wp-content\/uploads\/2021\/06\/bingo.png\" alt=\"freebetbest\"><\/div>\n<\/div>\n<\/div>\n","protected":false},"author":1,"featured_media":125247,"parent":0,"menu_order":0,"comment_status":"closed","ping_status":"closed","template":"lotto-template.php","meta":{"footnotes":""},"class_list":["post-130722","page","type-page","status-publish","has-post-thumbnail","hentry"],"yoast_head":"<!-- This site is optimized with the Yoast SEO Premium plugin v19.5 (Yoast SEO v27.0) - https:\/\/yoast.com\/product\/yoast-seo-premium-wordpress\/ -->\n<title>Ti\u1ec1n th\u01b0\u1edfng C\u01b0\u1ee3c x\u1ed5 s\u1ed1 Lotto m\u1edbi nh\u1ea5t Kh\u00e1ch h\u00e0ng m\u1edbi Ph\u1ea7n th\u01b0\u1edfng khi \u0111\u0103ng k\u00fd<\/title>\n<meta name=\"description\" content=\"Ti\u1ec1n th\u01b0\u1edfng C\u01b0\u1ee3c x\u1ed5 s\u1ed1 Lotto m\u1edbi nh\u1ea5t Nh\u00e0 c\u00e1i tr\u1ef1c tuy\u1ebfn t\u1ed1t nh\u1ea5t, Cung c\u1ea5p c\u00e1 c\u01b0\u1ee3c th\u1ec3 thao, s\u00f2ng b\u1ea1c, poker, bingo &amp; di \u0111\u1ed9ng, C\u01b0\u1ee3c mi\u1ec5n ph\u00ed kh\u00f4ng c\u1ea7n g\u1eedi ti\u1ec1n\" \/>\n<meta name=\"robots\" content=\"index, follow, max-snippet:-1, max-image-preview:large, max-video-preview:-1\" \/>\n<link rel=\"canonical\" href=\"https:\/\/www.freebetbest.com\/vi\/xo-so-xo-so-ca-cuoc-tien-thuong-moi-nhat\/\" \/>\n<meta property=\"og:locale\" content=\"vi_VN\" \/>\n<meta property=\"og:type\" content=\"article\" \/>\n<meta property=\"og:title\" content=\"Ti\u1ec1n th\u01b0\u1edfng C\u01b0\u1ee3c x\u1ed5 s\u1ed1 Lotto m\u1edbi nh\u1ea5t\" \/>\n<meta property=\"og:description\" content=\"Ti\u1ec1n th\u01b0\u1edfng C\u01b0\u1ee3c x\u1ed5 s\u1ed1 Lotto m\u1edbi nh\u1ea5t Nh\u00e0 c\u00e1i tr\u1ef1c tuy\u1ebfn t\u1ed1t nh\u1ea5t, Cung c\u1ea5p c\u00e1 c\u01b0\u1ee3c th\u1ec3 thao, s\u00f2ng b\u1ea1c, poker, bingo &amp; di \u0111\u1ed9ng, C\u01b0\u1ee3c mi\u1ec5n ph\u00ed kh\u00f4ng c\u1ea7n g\u1eedi ti\u1ec1n\" \/>\n<meta property=\"og:url\" content=\"https:\/\/www.freebetbest.com\/vi\/xo-so-xo-so-ca-cuoc-tien-thuong-moi-nhat\/\" \/>\n<meta property=\"og:site_name\" content=\"Nh\u00e0 c\u00e1i c\u00e1 c\u01b0\u1ee3c tr\u1ef1c tuy\u1ebfn t\u1ed1t nh\u1ea5t | C\u00e1 C\u01b0\u1ee3c b\u00f3ng \u0111\u00e1 online t\u1ed1t nh\u1ea5t | Th\u00f4ng tin c\u00e1 c\u01b0\u1ee3c mi\u1ec5n ph\u00ed.\" \/>\n<meta property=\"article:modified_time\" content=\"2021-07-28T17:32:10+00:00\" \/>\n<meta property=\"og:image\" content=\"https:\/\/www.freebetbest.com\/wp-content\/uploads\/2021\/06\/Lotte-scaled.jpg\" \/>\n\t<meta property=\"og:image:width\" content=\"318\" \/>\n\t<meta property=\"og:image:height\" content=\"180\" \/>\n\t<meta property=\"og:image:type\" content=\"image\/jpeg\" \/>\n<meta name=\"twitter:card\" content=\"summary_large_image\" \/>\n<meta name=\"twitter:label1\" content=\"Est. reading time\" \/>\n\t<meta name=\"twitter:data1\" content=\"3 minutes\" \/>\n<script type=\"application\/ld+json\" class=\"yoast-schema-graph\">{\"@context\":\"https:\/\/schema.org\",\"@graph\":[{\"@type\":\"WebPage\",\"@id\":\"https:\/\/www.freebetbest.com\/vi\/xo-so-xo-so-ca-cuoc-tien-thuong-moi-nhat\/\",\"url\":\"https:\/\/www.freebetbest.com\/vi\/xo-so-xo-so-ca-cuoc-tien-thuong-moi-nhat\/\",\"name\":\"Ti\u1ec1n th\u01b0\u1edfng C\u01b0\u1ee3c x\u1ed5 s\u1ed1 Lotto m\u1edbi nh\u1ea5t Kh\u00e1ch h\u00e0ng m\u1edbi Ph\u1ea7n th\u01b0\u1edfng khi \u0111\u0103ng k\u00fd\",\"isPartOf\":{\"@id\":\"https:\/\/www.freebetbest.com\/vi\/#website\"},\"primaryImageOfPage\":{\"@id\":\"https:\/\/www.freebetbest.com\/vi\/xo-so-xo-so-ca-cuoc-tien-thuong-moi-nhat\/#primaryimage\"},\"image\":{\"@id\":\"https:\/\/www.freebetbest.com\/vi\/xo-so-xo-so-ca-cuoc-tien-thuong-moi-nhat\/#primaryimage\"},\"thumbnailUrl\":\"https:\/\/www.freebetbest.com\/wp-content\/uploads\/2021\/06\/Lotte-scaled.jpg\",\"datePublished\":\"2021-06-10T09:25:38+00:00\",\"dateModified\":\"2021-07-28T17:32:10+00:00\",\"description\":\"Ti\u1ec1n th\u01b0\u1edfng C\u01b0\u1ee3c x\u1ed5 s\u1ed1 Lotto m\u1edbi nh\u1ea5t Nh\u00e0 c\u00e1i tr\u1ef1c tuy\u1ebfn t\u1ed1t nh\u1ea5t, Cung c\u1ea5p c\u00e1 c\u01b0\u1ee3c th\u1ec3 thao, s\u00f2ng b\u1ea1c, poker, bingo & di \u0111\u1ed9ng, C\u01b0\u1ee3c mi\u1ec5n ph\u00ed kh\u00f4ng c\u1ea7n g\u1eedi ti\u1ec1n\",\"breadcrumb\":{\"@id\":\"https:\/\/www.freebetbest.com\/vi\/xo-so-xo-so-ca-cuoc-tien-thuong-moi-nhat\/#breadcrumb\"},\"inLanguage\":\"vi-VN\",\"potentialAction\":[{\"@type\":\"ReadAction\",\"target\":[\"https:\/\/www.freebetbest.com\/vi\/xo-so-xo-so-ca-cuoc-tien-thuong-moi-nhat\/\"]}]},{\"@type\":\"ImageObject\",\"inLanguage\":\"vi-VN\",\"@id\":\"https:\/\/www.freebetbest.com\/vi\/xo-so-xo-so-ca-cuoc-tien-thuong-moi-nhat\/#primaryimage\",\"url\":\"https:\/\/www.freebetbest.com\/wp-content\/uploads\/2021\/06\/Lotte-scaled.jpg\",\"contentUrl\":\"https:\/\/www.freebetbest.com\/wp-content\/uploads\/2021\/06\/Lotte-scaled.jpg\",\"width\":318,\"height\":180,\"caption\":\"Lotte\"},{\"@type\":\"BreadcrumbList\",\"@id\":\"https:\/\/www.freebetbest.com\/vi\/xo-so-xo-so-ca-cuoc-tien-thuong-moi-nhat\/#breadcrumb\",\"itemListElement\":[{\"@type\":\"ListItem\",\"position\":1,\"name\":\"Home\",\"item\":\"https:\/\/www.freebetbest.com\/vi\/\"},{\"@type\":\"ListItem\",\"position\":2,\"name\":\"Ti\u1ec1n th\u01b0\u1edfng C\u01b0\u1ee3c x\u1ed5 s\u1ed1 Lotto m\u1edbi nh\u1ea5t\"}]},{\"@type\":\"WebSite\",\"@id\":\"https:\/\/www.freebetbest.com\/vi\/#website\",\"url\":\"https:\/\/www.freebetbest.com\/vi\/\",\"name\":\"Nh\u00e0 c\u00e1i c\u00e1 c\u01b0\u1ee3c tr\u1ef1c tuy\u1ebfn t\u1ed1t nh\u1ea5t | C\u00e1 C\u01b0\u1ee3c b\u00f3ng \u0111\u00e1 online t\u1ed1t nh\u1ea5t | Th\u00f4ng tin c\u00e1 c\u01b0\u1ee3c mi\u1ec5n ph\u00ed.\",\"description\":\"Nh\u00e0 c\u00e1i c\u00e1 c\u01b0\u1ee3c tr\u1ef1c tuy\u1ebfn t\u1ed1t nh\u1ea5t, C\u1ed5ng \u0111\u00e1nh b\u1ea1c h\u00e0ng \u0111\u1ea7u th\u1ebf gi\u1edbi, Cung c\u1ea5p th\u1ec3 thao, s\u00f2ng b\u1ea1c, poker, c\u00e1 c\u01b0\u1ee3c l\u00f4 t\u00f4 & di \u0111\u1ed9ng, Th\u00f4ng tin c\u00e1 c\u01b0\u1ee3c mi\u1ec5n ph\u00ed. Nh\u00e0 c\u00e1i c\u00e1 c\u01b0\u1ee3c tr\u1ef1c tuy\u1ebfn t\u1ed1t nh\u1ea5t Vi\u1ec7t Nam\",\"publisher\":{\"@id\":\"https:\/\/www.freebetbest.com\/vi\/#\/schema\/person\/292684ccf388a2362d507874c5b80a69\"},\"potentialAction\":[{\"@type\":\"SearchAction\",\"target\":{\"@type\":\"EntryPoint\",\"urlTemplate\":\"https:\/\/www.freebetbest.com\/vi\/?s={search_term_string}\"},\"query-input\":{\"@type\":\"PropertyValueSpecification\",\"valueRequired\":true,\"valueName\":\"search_term_string\"}}],\"inLanguage\":\"vi-VN\"},{\"@type\":[\"Person\",\"Organization\"],\"@id\":\"https:\/\/www.freebetbest.com\/vi\/#\/schema\/person\/292684ccf388a2362d507874c5b80a69\",\"name\":\"\u7ba1\u7406\",\"image\":{\"@type\":\"ImageObject\",\"inLanguage\":\"vi-VN\",\"@id\":\"https:\/\/www.freebetbest.com\/vi\/#\/schema\/person\/image\/\",\"url\":\"https:\/\/www.freebetbest.com\/wp-content\/litespeed\/avatar\/49696b52fb15293a2168c14964fdd8b9.jpg?ver=1775625495\",\"contentUrl\":\"https:\/\/www.freebetbest.com\/wp-content\/litespeed\/avatar\/49696b52fb15293a2168c14964fdd8b9.jpg?ver=1775625495\",\"caption\":\"\u7ba1\u7406\"},\"logo\":{\"@id\":\"https:\/\/www.freebetbest.com\/vi\/#\/schema\/person\/image\/\"},\"sameAs\":[\"admin\"]}]}<\/script>\n<!-- \/ Yoast SEO Premium plugin. -->","yoast_head_json":{"title":"Ti\u1ec1n th\u01b0\u1edfng C\u01b0\u1ee3c x\u1ed5 s\u1ed1 Lotto m\u1edbi nh\u1ea5t Kh\u00e1ch h\u00e0ng m\u1edbi Ph\u1ea7n th\u01b0\u1edfng khi \u0111\u0103ng k\u00fd","description":"Ti\u1ec1n th\u01b0\u1edfng C\u01b0\u1ee3c x\u1ed5 s\u1ed1 Lotto m\u1edbi nh\u1ea5t Nh\u00e0 c\u00e1i tr\u1ef1c tuy\u1ebfn t\u1ed1t nh\u1ea5t, Cung c\u1ea5p c\u00e1 c\u01b0\u1ee3c th\u1ec3 thao, s\u00f2ng b\u1ea1c, poker, bingo & di \u0111\u1ed9ng, C\u01b0\u1ee3c mi\u1ec5n ph\u00ed kh\u00f4ng c\u1ea7n g\u1eedi ti\u1ec1n","robots":{"index":"index","follow":"follow","max-snippet":"max-snippet:-1","max-image-preview":"max-image-preview:large","max-video-preview":"max-video-preview:-1"},"canonical":"https:\/\/www.freebetbest.com\/vi\/xo-so-xo-so-ca-cuoc-tien-thuong-moi-nhat\/","og_locale":"vi_VN","og_type":"article","og_title":"Ti\u1ec1n th\u01b0\u1edfng C\u01b0\u1ee3c x\u1ed5 s\u1ed1 Lotto m\u1edbi nh\u1ea5t","og_description":"Ti\u1ec1n th\u01b0\u1edfng C\u01b0\u1ee3c x\u1ed5 s\u1ed1 Lotto m\u1edbi nh\u1ea5t Nh\u00e0 c\u00e1i tr\u1ef1c tuy\u1ebfn t\u1ed1t nh\u1ea5t, Cung c\u1ea5p c\u00e1 c\u01b0\u1ee3c th\u1ec3 thao, s\u00f2ng b\u1ea1c, poker, bingo & di \u0111\u1ed9ng, C\u01b0\u1ee3c mi\u1ec5n ph\u00ed kh\u00f4ng c\u1ea7n g\u1eedi ti\u1ec1n","og_url":"https:\/\/www.freebetbest.com\/vi\/xo-so-xo-so-ca-cuoc-tien-thuong-moi-nhat\/","og_site_name":"Nh\u00e0 c\u00e1i c\u00e1 c\u01b0\u1ee3c tr\u1ef1c tuy\u1ebfn t\u1ed1t nh\u1ea5t | C\u00e1 C\u01b0\u1ee3c b\u00f3ng \u0111\u00e1 online t\u1ed1t nh\u1ea5t | Th\u00f4ng tin c\u00e1 c\u01b0\u1ee3c mi\u1ec5n ph\u00ed.","article_modified_time":"2021-07-28T17:32:10+00:00","og_image":[{"width":318,"height":180,"url":"https:\/\/www.freebetbest.com\/wp-content\/uploads\/2021\/06\/Lotte-scaled.jpg","type":"image\/jpeg"}],"twitter_card":"summary_large_image","twitter_misc":{"Est. reading time":"3 minutes"},"schema":{"@context":"https:\/\/schema.org","@graph":[{"@type":"WebPage","@id":"https:\/\/www.freebetbest.com\/vi\/xo-so-xo-so-ca-cuoc-tien-thuong-moi-nhat\/","url":"https:\/\/www.freebetbest.com\/vi\/xo-so-xo-so-ca-cuoc-tien-thuong-moi-nhat\/","name":"Ti\u1ec1n th\u01b0\u1edfng C\u01b0\u1ee3c x\u1ed5 s\u1ed1 Lotto m\u1edbi nh\u1ea5t Kh\u00e1ch h\u00e0ng m\u1edbi Ph\u1ea7n th\u01b0\u1edfng khi \u0111\u0103ng k\u00fd","isPartOf":{"@id":"https:\/\/www.freebetbest.com\/vi\/#website"},"primaryImageOfPage":{"@id":"https:\/\/www.freebetbest.com\/vi\/xo-so-xo-so-ca-cuoc-tien-thuong-moi-nhat\/#primaryimage"},"image":{"@id":"https:\/\/www.freebetbest.com\/vi\/xo-so-xo-so-ca-cuoc-tien-thuong-moi-nhat\/#primaryimage"},"thumbnailUrl":"https:\/\/www.freebetbest.com\/wp-content\/uploads\/2021\/06\/Lotte-scaled.jpg","datePublished":"2021-06-10T09:25:38+00:00","dateModified":"2021-07-28T17:32:10+00:00","description":"Ti\u1ec1n th\u01b0\u1edfng C\u01b0\u1ee3c x\u1ed5 s\u1ed1 Lotto m\u1edbi nh\u1ea5t Nh\u00e0 c\u00e1i tr\u1ef1c tuy\u1ebfn t\u1ed1t nh\u1ea5t, Cung c\u1ea5p c\u00e1 c\u01b0\u1ee3c th\u1ec3 thao, s\u00f2ng b\u1ea1c, poker, bingo & di \u0111\u1ed9ng, C\u01b0\u1ee3c mi\u1ec5n ph\u00ed kh\u00f4ng c\u1ea7n g\u1eedi ti\u1ec1n","breadcrumb":{"@id":"https:\/\/www.freebetbest.com\/vi\/xo-so-xo-so-ca-cuoc-tien-thuong-moi-nhat\/#breadcrumb"},"inLanguage":"vi-VN","potentialAction":[{"@type":"ReadAction","target":["https:\/\/www.freebetbest.com\/vi\/xo-so-xo-so-ca-cuoc-tien-thuong-moi-nhat\/"]}]},{"@type":"ImageObject","inLanguage":"vi-VN","@id":"https:\/\/www.freebetbest.com\/vi\/xo-so-xo-so-ca-cuoc-tien-thuong-moi-nhat\/#primaryimage","url":"https:\/\/www.freebetbest.com\/wp-content\/uploads\/2021\/06\/Lotte-scaled.jpg","contentUrl":"https:\/\/www.freebetbest.com\/wp-content\/uploads\/2021\/06\/Lotte-scaled.jpg","width":318,"height":180,"caption":"Lotte"},{"@type":"BreadcrumbList","@id":"https:\/\/www.freebetbest.com\/vi\/xo-so-xo-so-ca-cuoc-tien-thuong-moi-nhat\/#breadcrumb","itemListElement":[{"@type":"ListItem","position":1,"name":"Home","item":"https:\/\/www.freebetbest.com\/vi\/"},{"@type":"ListItem","position":2,"name":"Ti\u1ec1n th\u01b0\u1edfng C\u01b0\u1ee3c x\u1ed5 s\u1ed1 Lotto m\u1edbi nh\u1ea5t"}]},{"@type":"WebSite","@id":"https:\/\/www.freebetbest.com\/vi\/#website","url":"https:\/\/www.freebetbest.com\/vi\/","name":"Nh\u00e0 c\u00e1i c\u00e1 c\u01b0\u1ee3c tr\u1ef1c tuy\u1ebfn t\u1ed1t nh\u1ea5t | C\u00e1 C\u01b0\u1ee3c b\u00f3ng \u0111\u00e1 online t\u1ed1t nh\u1ea5t | Th\u00f4ng tin c\u00e1 c\u01b0\u1ee3c mi\u1ec5n ph\u00ed.","description":"Nh\u00e0 c\u00e1i c\u00e1 c\u01b0\u1ee3c tr\u1ef1c tuy\u1ebfn t\u1ed1t nh\u1ea5t, C\u1ed5ng \u0111\u00e1nh b\u1ea1c h\u00e0ng \u0111\u1ea7u th\u1ebf gi\u1edbi, Cung c\u1ea5p th\u1ec3 thao, s\u00f2ng b\u1ea1c, poker, c\u00e1 c\u01b0\u1ee3c l\u00f4 t\u00f4 & di \u0111\u1ed9ng, Th\u00f4ng tin c\u00e1 c\u01b0\u1ee3c mi\u1ec5n ph\u00ed. Nh\u00e0 c\u00e1i c\u00e1 c\u01b0\u1ee3c tr\u1ef1c tuy\u1ebfn t\u1ed1t nh\u1ea5t Vi\u1ec7t Nam","publisher":{"@id":"https:\/\/www.freebetbest.com\/vi\/#\/schema\/person\/292684ccf388a2362d507874c5b80a69"},"potentialAction":[{"@type":"SearchAction","target":{"@type":"EntryPoint","urlTemplate":"https:\/\/www.freebetbest.com\/vi\/?s={search_term_string}"},"query-input":{"@type":"PropertyValueSpecification","valueRequired":true,"valueName":"search_term_string"}}],"inLanguage":"vi-VN"},{"@type":["Person","Organization"],"@id":"https:\/\/www.freebetbest.com\/vi\/#\/schema\/person\/292684ccf388a2362d507874c5b80a69","name":"\u7ba1\u7406","image":{"@type":"ImageObject","inLanguage":"vi-VN","@id":"https:\/\/www.freebetbest.com\/vi\/#\/schema\/person\/image\/","url":"https:\/\/www.freebetbest.com\/wp-content\/litespeed\/avatar\/49696b52fb15293a2168c14964fdd8b9.jpg?ver=1775625495","contentUrl":"https:\/\/www.freebetbest.com\/wp-content\/litespeed\/avatar\/49696b52fb15293a2168c14964fdd8b9.jpg?ver=1775625495","caption":"\u7ba1\u7406"},"logo":{"@id":"https:\/\/www.freebetbest.com\/vi\/#\/schema\/person\/image\/"},"sameAs":["admin"]}]}},"_links":{"self":[{"href":"https:\/\/www.freebetbest.com\/vi\/wp-json\/wp\/v2\/pages\/130722","targetHints":{"allow":["GET"]}}],"collection":[{"href":"https:\/\/www.freebetbest.com\/vi\/wp-json\/wp\/v2\/pages"}],"about":[{"href":"https:\/\/www.freebetbest.com\/vi\/wp-json\/wp\/v2\/types\/page"}],"author":[{"embeddable":true,"href":"https:\/\/www.freebetbest.com\/vi\/wp-json\/wp\/v2\/users\/1"}],"replies":[{"embeddable":true,"href":"https:\/\/www.freebetbest.com\/vi\/wp-json\/wp\/v2\/comments?post=130722"}],"version-history":[{"count":0,"href":"https:\/\/www.freebetbest.com\/vi\/wp-json\/wp\/v2\/pages\/130722\/revisions"}],"wp:featuredmedia":[{"embeddable":true,"href":"https:\/\/www.freebetbest.com\/vi\/wp-json\/wp\/v2\/media\/125247"}],"wp:attachment":[{"href":"https:\/\/www.freebetbest.com\/vi\/wp-json\/wp\/v2\/media?parent=130722"}],"curies":[{"name":"wp","href":"https:\/\/api.w.org\/{rel}","templated":true}]}}