{"id":130627,"date":"2021-06-10T09:11:24","date_gmt":"2021-06-10T09:11:24","guid":{"rendered":"https:\/\/www.freebetbest.com\/moi-nhat-mien-phi-vong-quay-ca-cuoc-tien-thuong\/"},"modified":"2021-07-28T20:10:36","modified_gmt":"2021-07-28T20:10:36","slug":"ti%e1%bb%81n-th%c6%b0%e1%bb%9fng-c%c6%b0%e1%bb%a3c-v%c3%b2ng-quay-mi%e1%bb%85n-ph%c3%ad-m%e1%bb%9bi-nh%e1%ba%a5t","status":"publish","type":"page","link":"https:\/\/www.freebetbest.com\/vi\/ti%e1%bb%81n-th%c6%b0%e1%bb%9fng-c%c6%b0%e1%bb%a3c-v%c3%b2ng-quay-mi%e1%bb%85n-ph%c3%ad-m%e1%bb%9bi-nh%e1%ba%a5t\/","title":{"rendered":"Ti\u1ec1n th\u01b0\u1edfng C\u01b0\u1ee3c V\u00f2ng quay Mi\u1ec5n ph\u00ed M\u1edbi nh\u1ea5t"},"content":{"rendered":"<h3>Quay mi\u1ec5n ph\u00ed Ti\u1ec1n th\u01b0\u1edfng \u0111\u1eb7t c\u01b0\u1ee3c v\u00e0o tr\u00f2 ch\u01a1i tr\u1ef1c tuy\u1ebfn m\u00e1y \u0111\u00e1nh b\u1ea1c<\/h3>\n<p>\u0110\u01b0\u1ee3c cung c\u1ea5p b\u1edfi c\u00f4ng ty c\u00e1 c\u01b0\u1ee3c. Kh\u00f4ng c\u00f3 ti\u1ec1n g\u1eedi quay v\u00f2ng mi\u1ec5n ph\u00ed. \u0110\u1ec3 thu h\u00fat ng\u01b0\u1eddi ch\u01a1i m\u1edbi tham gia, vui l\u00f2ng s\u1eed d\u1ee5ng v\u00f2ng quay mi\u1ec5n ph\u00ed \u0111\u1ec3 cung c\u1ea5p cho b\u1ea1n nh\u1eefng ng\u01b0\u1eddi tham gia. H\u00e3y th\u1eed c\u00e1c tr\u00f2 ch\u01a1i x\u00e8ng. H\u1ea7u h\u1ebft c\u00e1c v\u00f2ng quay ho\u00e0n to\u00e0n mi\u1ec5n ph\u00ed \u0111\u1ec1u li\u00ean quan \u0111\u1ebfn Ti\u1ec1n th\u01b0\u1edfng C\u01b0\u1ee3c V\u00f2ng quay Mi\u1ec5n ph\u00ed.<\/p>\n<h3>Ho\u00e0n th\u00e0nh v\u00f2ng quay mi\u1ec5n ph\u00ed<a href=\"https:\/\/www.freebetbest.com\/vi\/trang-web-ca-cuoc\/\"> ti\u1ec1n th\u01b0\u1edfng c\u00e1 c\u01b0\u1ee3c<\/a> cho nh\u1eefng ng\u01b0\u1eddi ch\u01a1i hi\u1ec7n t\u1ea1i<\/h3>\n<p>C\u00f3 r\u1ea5t \u00edt v\u00f2ng quay mi\u1ec5n ph\u00ed. C\u00f3 th\u1ec3 \u0111\u01b0\u1ee3c s\u1eed d\u1ee5ng b\u1edfi nh\u1eefng ng\u01b0\u1eddi ch\u01a1i s\u00f2ng b\u1ea1c \u0111i\u1ec3n h\u00ecnh, v\u00ec v\u1eady nhi\u1ec1u v\u00f2ng quay ho\u00e0n to\u00e0n mi\u1ec5n ph\u00ed. N\u00f3 c\u00f3 th\u1ec3 li\u00ean quan \u0111\u1ebfn vi\u1ec7c s\u1eed d\u1ee5ng c\u00e1c giao d\u1ecbch tr\u1ea3 n\u1ee3. C\u00e1c l\u1ee3i \u00edch c\u1ee7a c\u01a1 s\u1edf c\u1edd b\u1ea1c c\u0169ng \u0111\u01b0\u1ee3c cung c\u1ea5p.<\/p>\n<h3>C\u00f4ng ty \u0111\u00e1nh b\u1ea1c v\u00f2ng quay mi\u1ec5n ph\u00ed l\u00fd t\u01b0\u1edfng<\/h3>\n<p>B\u1ea1n c\u00f3 th\u1ec3 th\u1eafng ti\u1ec1n th\u1eadt. V\u00e0 th\u1eed c\u00e1c m\u00e1y \u0111\u00e1nh b\u1ea1c tr\u1ef1c tuy\u1ebfn m\u1edbi nh\u1ea5t mi\u1ec5n ph\u00ed. Ch\u00fang t\u00f4i l\u00e0 chuy\u00ean gia s\u00f2ng b\u1ea1c tr\u1ef1c tuy\u1ebfn tr\u00ean Internet. \u0110\u00e3 ki\u1ec3m tra internet. V\u00e0 t\u00ecm th\u1ea5y nh\u1eefng v\u00f2ng quay ho\u00e0n to\u00e0n mi\u1ec5n ph\u00ed t\u1ed1t nh\u1ea5t. C\u01a1 s\u1edf c\u1edd b\u1ea1c \u0111\u01b0\u1ee3c cung c\u1ea5p cho c\u00e1 nh\u00e2n b\u1ea1n. T\u1ea1i sao kh\u00f4ng th\u1eed n\u00f3. V\u00e0 ngay l\u1eadp t\u1ee9c \u0111\u1ebfn s\u00f2ng b\u1ea1c \u0111\u1ec3 cung c\u1ea5p. L\u1ee3i \u00edch b\u1ed5 sung nh\u01b0 v\u1eady?<\/p>\n<h3>Ph\u1ea7n th\u01b0\u1edfng quay th\u01b0\u1edfng c\u00e1 c\u01b0\u1ee3c v\u00f2ng quay mi\u1ec5n ph\u00ed l\u00e0 g\u00ec?<\/h3>\n<p>B\u1ea1n s\u1ebd c\u00f3 c\u01a1 h\u1ed9i. Vi\u1ebft l\u1ea1i mi\u1ec5n ph\u00ed c\u1ee7a tr\u00f2 ch\u01a1i m\u00e1y \u0111\u00e1nh b\u1ea1c. M\u1ed9t s\u1ed1 cu\u1ed9n nh\u1ea5t \u0111\u1ecbnh! Tham gia ch\u01a1i m\u00e1y x\u00e8ng v\u1edbi nh\u1eefng v\u00f2ng quay ho\u00e0n to\u00e0n mi\u1ec5n ph\u00ed. V\u1eabn \u0111\u1ec1 ngh\u1ecb b\u1ea1n gi\u00e0nh chi\u1ebfn th\u1eafng. C\u01a1 h\u1ed9i nh\u1eadn ph\u1ea7n th\u01b0\u1edfng th\u1ef1c s\u1ef1 v\u00e0 b\u1ea1n c\u00f3 th\u1ec3 l\u00e0m \u0111i\u1ec1u \u0111\u00f3 m\u00e0 kh\u00f4ng g\u00e2y nguy hi\u1ec3m cho b\u1ea3n th\u00e2n. L\u00e0m vi\u1ec7c trong tr\u01b0\u1eddng h\u1ee3p kh\u00f3 ki\u1ebfm \u0111\u01b0\u1ee3c ti\u1ec1n m\u1eb7t.<\/p>\n<h3>\u0110\u00e3 th\u00eam v\u00e0o S\u00f2ng b\u1ea1c Ti\u1ec1n th\u01b0\u1edfng C\u01b0\u1ee3c Quay. C\u00e1c quy t\u1eafc ti\u1ec1n th\u01b0\u1edfng cho c\u00e1c v\u00f2ng quay ho\u00e0n to\u00e0n mi\u1ec5n ph\u00ed, nh\u01b0ng c\u00e1c v\u00f2ng quay ho\u00e0n to\u00e0n mi\u1ec5n ph\u00ed c\u1ee7a ng\u01b0\u1eddi ch\u01a1i hi\u1ec7n t\u1ea1i. C\u0169ng s\u1eafp ra m\u1eaft.<\/h3>\n<p>H\u1ea7u h\u1ebft c\u00e1c s\u00f2ng b\u1ea1c l\u1edbn nh\u1ea5t. T\u1ea5t c\u1ea3 \u0111\u1ec1u g\u1ea7n cung c\u1ea5p v\u00f2ng quay mi\u1ec5n ph\u00ed, v\u00ed d\u1ee5 nh\u01b0 ch\u00fang t\u00f4i \u0111ang \u1edf tr\u00ean trang n\u00e0y. Phi\u00ean b\u1ea3n \u0111\u01b0\u1ee3c \u0111\u1ec1 xu\u1ea5t. C\u00e1c y\u00eau c\u1ea7u ph\u1ea7n th\u01b0\u1edfng m\u1edbi s\u1ebd xu\u1ea5t hi\u1ec7n th\u01b0\u1eddng xuy\u00ean, v\u00ec v\u1eady ch\u00fang t\u00f4i s\u1ebd ti\u1ebfp t\u1ee5c thay \u0111\u1ed5i danh s\u00e1ch.<\/p>\n<h3>Quay mi\u1ec5n ph\u00ed m\u00e0 kh\u00f4ng c\u1ea7n \u0111\u1eb7t c\u1ecdc?<\/h3>\n<p>\u0110\u1ed1i v\u1edbi nh\u1eefng ng\u01b0\u1eddi ch\u01a1i n\u00e0y, v\u00f2ng quay mi\u1ec5n ph\u00ed m\u00e0 kh\u00f4ng c\u1ea7n \u0111\u1eb7t c\u1ecdc. \u0110\u01a1n gi\u1ea3n l\u00e0 \u1ea5n t\u01b0\u1ee3ng. Kh\u00f4ng ph\u1ea3i t\u1ea5t c\u1ea3 c\u00e1c nh\u00e0 c\u00e1i. C\u1ea3 hai \u0111\u1ec1u cung c\u1ea5p c\u01a1 h\u1ed9i n\u00e0y, v\u00ec v\u1eady n\u1ebfu b\u1ea1n th\u1ea5y. B\u1ea1n ph\u1ea3i gi\u1eef n\u00f3 b\u1eb1ng c\u1ea3 hai tay. V\u1ec1 c\u01a1 b\u1ea3n, b\u1ea1n th\u1eadm ch\u00ed kh\u00f4ng c\u1ea7n ph\u1ea3i l\u00e0m nh\u01b0 v\u1eady. S\u1eed d\u1ee5ng v\u00f2ng quay mi\u1ec5n ph\u00ed m\u00e0 kh\u00f4ng c\u1ea7n ti\u1ec1n th\u01b0\u1edfng g\u1eedi ti\u1ec1n. \u0110\u1eb7t b\u1ea5t k\u1ef3 ti\u1ec1n m\u1eb7t n\u00e0o. T\u1ea5t c\u1ea3 nh\u1eefng g\u00ec b\u1ea1n c\u1ea7n l\u00e0m l\u00e0. \u0110\u0103ng k\u00fd t\u00e0i kho\u1ea3n c\u1ee7a b\u1ea1n v\u1edbi m\u1ed9t trang web c\u1ee5 th\u1ec3, sau \u0111\u00f3 b\u1ea1n ch\u1ecdn v\u00f2ng quay mi\u1ec5n ph\u00ed.<\/p>\n<p>S\u1ed1 l\u1ea7n quay mi\u1ec5n ph\u00ed. N\u00f3 ph\u1ee5 thu\u1ed9c v\u00e0o<a href=\"https:\/\/www.freebetsinfo.co.uk\/free-bets\/\"> nh\u00e0 c\u00e1i c\u00e1 c\u01b0\u1ee3c<\/a> . V\u00ed d\u1ee5: b\u1ea1n c\u00f3 th\u1ec3 nh\u1eadn \u0111\u01b0\u1ee3c 30 l\u1ea7n t\u1ea1i 1. Kh\u00f4ng c\u1ea7n \u0111\u1ea7u t\u01b0 v\u00e0o c\u00e1c v\u00f2ng quay ho\u00e0n to\u00e0n mi\u1ec5n ph\u00ed v\u00e0 c\u00e1c n\u01a1i kh\u00e1c. N\u00f3 l\u00e0 50 l\u1ea7n. B\u1ea1n ch\u1ec9 c\u1ea7n th\u1ef1c hi\u1ec7n m\u1ed9t s\u1ed1 thao t\u00e1c \u0111\u00e0o. B\u1ea1n c\u00f3 th\u1ec3 t\u00ecm th\u1ea5y c\u00e1c ch\u01b0\u01a1ng tr\u00ecnh khuy\u1ebfn m\u00e3i ti\u1ebfp th\u1ecb. N\u1ebfu b\u1ea1n l\u00e0 m\u1ed9t v\u00f2ng quay mi\u1ec5n ph\u00ed. C\u00e1c game th\u1ee7 Anh kh\u00f4ng tr\u1ea3 xu\u1ed1ng ti\u1ec1n thanh to\u00e1n, v\u00ec v\u1eady m\u1ed9t s\u1ed1 l\u01b0\u1ee3ng l\u1edbn c\u00e1c &#8220;t\u00ean tu\u1ed5i l\u1edbn&#8221; s\u1ebd cung c\u1ea5p. Nh\u1eefng m\u00f3n h\u1eddi. V\u00ec v\u1eady, b\u1ea1n l\u00e0 ng\u01b0\u1eddi may m\u1eafn.<\/p>\n<h3>C\u00e1ch ch\u1ecdn v\u00f2ng quay mi\u1ec5n ph\u00ed t\u1ed1t nh\u1ea5t m\u00e0 kh\u00f4ng c\u1ea7n \u0111\u1eb7t c\u1ecdc<\/h3>\n<p>M\u1ecdi s\u00f2ng b\u1ea1c tr\u00ean internet. T\u1ea5t c\u1ea3 \u0111\u1ec1u cho th\u1ea5y h\u1ecd l\u00e0 ng\u01b0\u1eddi gi\u1ecfi nh\u1ea5t. Th\u00f4ng th\u01b0\u1eddng, m\u1ed9t ph\u1ea3n \u1ee9ng b\u1ea1n c\u00f3 th\u1ec3 th\u1ef1c hi\u1ec7n. \u0110\u00f3 l\u00e0 m\u1ed9t t\u00ednh n\u0103ng ti\u1ec1n th\u01b0\u1edfng so s\u00e1nh \u0111\u1ec3 xem c\u00e1c s\u00f2ng b\u1ea1c tr\u1ef1c tuy\u1ebfn. Cho d\u00f9 n\u00f3 \u0111\u00e1p \u1ee9ng c\u00e1c y\u00eau c\u1ea7u kh\u00e1c v\u00e0 mong \u0111\u1ee3i c\u1ee7a b\u1ea1n. Trong m\u1ed9t c\u1ed9ng \u0111\u1ed3ng ho\u00e0n h\u1ea3o, b\u1ea1n s\u1ebd c\u1ea7n ph\u1ea3i cung c\u1ea5p m\u1ed9t ph\u1ea1m vi. Tr\u00f2 ch\u01a1i \u0111i\u1ec7n t\u1eed m\u00e1y \u0111\u00e1nh b\u1ea1c v\u00e0 nh\u00e0 c\u00e1i \u0111\u1ed3 h\u1ecda ch\u1ea5t l\u01b0\u1ee3ng cao, v\u00e0 m\u1ed9t s\u1ed1 l\u01b0\u1ee3ng l\u1edbn c\u00e1c v\u00f2ng quay. 50 v\u00f2ng quay mi\u1ec5n ph\u00ed. Kh\u00f4ng c\u1ea7n \u0111\u1eb7t c\u1ecdc \u0111\u00e3 tr\u1edf th\u00e0nh. Kinh doanh b\u00ecnh th\u01b0\u1eddng c\u1ee7a b\u1ea1n.<\/p>\n<p>Ngo\u00e0i ra, b\u1ea1n c\u1ea7n r\u1ea5t \u00edt th\u00f4ng s\u1ed1 k\u1ef9 thu\u1eadt c\u00e1 c\u01b0\u1ee3c, ho\u1eb7c ho\u00e0n to\u00e0n kh\u00f4ng. Tuy nhi\u00ean, t\u1ea5t c\u1ea3 \u0111\u1ec1u ph\u1ee5 thu\u1ed9c. C\u00e1c game th\u1ee7 ch\u00ednh x\u00e1c. Ng\u01b0\u1eddi \u0111ang t\u00ecm ki\u1ebfm. M\u1ed9t s\u1ed1 ng\u01b0\u1eddi c\u00f3 th\u1ec3 \u01b0\u1edbc nhi\u1ec1u h\u01a1n th\u1ebf. Tr\u00f2 ch\u01a1i tr\u1ef1c tuy\u1ebfn v\u00e0 nh\u1eefng tr\u00f2 ch\u01a1i kh\u00e1c c\u00f3 \u00edt y\u00eau c\u1ea7u h\u01a1n. Trong m\u1ecdi tr\u01b0\u1eddng h\u1ee3p, kh\u00f4ng c\u00f3 kho\u1ea3n tr\u1ea3 tr\u01b0\u1edbc cho c\u00e1c v\u00f2ng quay mi\u1ec5n ph\u00ed. Ti\u1ec1n th\u01b0\u1edfng s\u00f2ng b\u1ea1c r\u1ea5t x\u1ee9ng \u0111\u00e1ng v\u1edbi th\u1eddi gian v\u00e0 c\u00f4ng s\u1ee9c c\u1ee7a b\u1ea1n.<\/p>\n<h3>S\u00f2ng b\u1ea1c mi\u1ec5n ph\u00ed kh\u00f4ng c\u1ea7n \u0111\u1eb7t c\u1ecdc<\/h3>\n<p>\u0110\u00e3 x\u00e1c \u0111\u1ecbnh \u0111\u1ee7 c\u01a1 h\u1ed9i. H\u00e3y \u0111\u1ebfn v\u00e0 t\u1eadn h\u01b0\u1edfng v\u00f2ng quay mi\u1ec5n ph\u00ed. C\u00e1c c\u01a1 s\u1edf c\u1edd b\u1ea1c kh\u00f4ng ph\u1ea3i tr\u1ea3 tr\u01b0\u1edbc. H\u1ecd l\u00e0 ch\u1ee7 s\u1edf h\u1eefu t\u00e0i kho\u1ea3n m\u1edbi. Cung c\u1ea5p 50 v\u00f2ng quay mi\u1ec5n ph\u00ed. V\u00e0 c\u00e1c tr\u00f2 ch\u01a1i tr\u1ef1c tuy\u1ebfn s\u00f2ng b\u1ea1c tr\u1ef1c tuy\u1ebfn kh\u00e1c m\u00e0 kh\u00f4ng y\u00eau c\u1ea7u tr\u1ea3 tr\u01b0\u1edbc.<\/p>\n<p><!-- \/wp:post-content --><\/p>\n<p><!-- wp:paragraph \/--><\/p>\n","protected":false},"excerpt":{"rendered":"<p>Quay mi\u1ec5n ph\u00ed Kh\u00f4ng c\u1ea7n \u0111\u1eb7t c\u1ecdc, Kh\u00e1m ph\u00e1 Khuy\u1ebfn m\u00e3i v\u00e0 Ti\u1ec1n th\u01b0\u1edfng S\u00f2ng b\u1ea1c T\u1ed1t nh\u1ea5t V\u01b0\u01a1ng qu\u1ed1c Anh<\/p>\n<div class=\"hero-cup-section\">\n<div class=\"row mb-4\">\n<div class=\"col-md-7\">\n<div class=\"section-area\">\n<div class=\"section-list\">\n<li style=\"text-align: left\"><img decoding=\"async\" src=\"https:\/\/www.freebetbest.com\/wp-content\/uploads\/2021\/06\/tick.png\" alt=\"C\u00e1c m\u00f4n th\u1ec3 thao\"> Casino th\u1ec3 thao ti\u1ec1n th\u01b0\u1edfng ch\u00e0o m\u1eebng.<\/li>\n<li style=\"text-align: left\"><img decoding=\"async\" src=\"https:\/\/www.freebetbest.com\/wp-content\/uploads\/2021\/06\/tick.png\" alt=\"cung c\u1ea5p tr\u00f2 ch\u01a1i\"> \u01afu \u0111\u00e3i v\u00e0 khuy\u1ebfn m\u00e3i c\u1ee7a nh\u00e0 c\u00e1i tr\u1ef1c tuy\u1ebfn.<\/li>\n<li style=\"text-align: left\"><img decoding=\"async\" src=\"https:\/\/www.freebetbest.com\/wp-content\/uploads\/2021\/06\/tick.png\" alt=\"cung c\u1ea5p tr\u00f2 ch\u01a1i\"> C\u00e1c nh\u00e0 c\u00e1i tr\u1ef1c tuy\u1ebfn t\u1ed1t nh\u1ea5t m\u00e0 b\u1ea1n c\u00f3 th\u1ec3 tin t\u01b0\u1edfng.<\/li>\n<li style=\"text-align: left\"><img decoding=\"async\" src=\"https:\/\/www.freebetbest.com\/wp-content\/uploads\/2021\/06\/tick.png\" alt=\"C\u00f3 th\u1ea9m quy\u1ec1n\"> \u0110\u00e1nh gi\u00e1 c\u00f3 th\u1ea9m quy\u1ec1n An to\u00e0n \u0111\u00e1ng tin c\u1eady.<\/li>\n<li style=\"text-align: left\"><img decoding=\"async\" src=\"https:\/\/www.freebetbest.com\/wp-content\/uploads\/2021\/06\/tick.png\" alt=\"R\u00fat ti\u1ec1n nhanh ch\u00f3ng\"> H\u1ed7 tr\u1ee3 APP di \u0111\u1ed9ng, R\u00fat ti\u1ec1n nhanh ch\u00f3ng.<\/li>\n<li style=\"text-align: left\"><img decoding=\"async\" src=\"https:\/\/www.freebetbest.com\/wp-content\/uploads\/2021\/06\/tick.png\" alt=\"H\u1ed7 tr\u1ee3 kh\u00e1ch h\u00e0ng\"> H\u1ed7 tr\u1ee3 kh\u00e1ch h\u00e0ng: 365 ng\u00e0y, 24 gi\u1edd m\u1ed9t ng\u00e0y.<\/li>\n<\/div>\n<\/div>\n<\/div>\n<div class=\"col-md-5\">\n<div class=\"cup-img\"><img decoding=\"async\" src=\"https:\/\/www.freebetbest.com\/wp-content\/uploads\/2021\/06\/Slot.png\" alt=\"freebetbest\"><\/div>\n<\/div>\n<\/div>\n","protected":false},"author":1,"featured_media":125203,"parent":0,"menu_order":0,"comment_status":"closed","ping_status":"closed","template":"Sports-template.php","meta":{"footnotes":""},"class_list":["post-130627","page","type-page","status-publish","has-post-thumbnail","hentry"],"yoast_head":"<!-- This site is optimized with the Yoast SEO Premium plugin v19.5 (Yoast SEO v27.0) - https:\/\/yoast.com\/product\/yoast-seo-premium-wordpress\/ -->\n<title>Ti\u1ec1n th\u01b0\u1edfng C\u01b0\u1ee3c V\u00f2ng quay Mi\u1ec5n ph\u00ed M\u1edbi nh\u1ea5t Kh\u00e1ch h\u00e0ng m\u1edbi Ph\u1ea7n th\u01b0\u1edfng khi \u0111\u0103ng k\u00fd<\/title>\n<meta name=\"description\" content=\"Ti\u1ec1n th\u01b0\u1edfng C\u01b0\u1ee3c V\u00f2ng quay Mi\u1ec5n ph\u00ed M\u1edbi nh\u1ea5t Nh\u00e0 c\u00e1i tr\u1ef1c tuy\u1ebfn t\u1ed1t nh\u1ea5t, Cung c\u1ea5p c\u00e1 c\u01b0\u1ee3c th\u1ec3 thao, s\u00f2ng b\u1ea1c, poker, bingo &amp; di \u0111\u1ed9ng, C\u01b0\u1ee3c mi\u1ec5n ph\u00ed kh\u00f4ng c\u1ea7n g\u1eedi ti\u1ec1n\" \/>\n<meta name=\"robots\" content=\"index, follow, max-snippet:-1, max-image-preview:large, max-video-preview:-1\" \/>\n<link rel=\"canonical\" href=\"https:\/\/www.freebetbest.com\/vi\/ti%e1%bb%81n-th%c6%b0%e1%bb%9fng-c%c6%b0%e1%bb%a3c-v%c3%b2ng-quay-mi%e1%bb%85n-ph%c3%ad-m%e1%bb%9bi-nh%e1%ba%a5t\/\" \/>\n<meta property=\"og:locale\" content=\"vi_VN\" \/>\n<meta property=\"og:type\" content=\"article\" \/>\n<meta property=\"og:title\" content=\"Ti\u1ec1n th\u01b0\u1edfng C\u01b0\u1ee3c V\u00f2ng quay Mi\u1ec5n ph\u00ed M\u1edbi nh\u1ea5t\" \/>\n<meta property=\"og:description\" content=\"Ti\u1ec1n th\u01b0\u1edfng C\u01b0\u1ee3c V\u00f2ng quay Mi\u1ec5n ph\u00ed M\u1edbi nh\u1ea5t Nh\u00e0 c\u00e1i tr\u1ef1c tuy\u1ebfn t\u1ed1t nh\u1ea5t, Cung c\u1ea5p c\u00e1 c\u01b0\u1ee3c th\u1ec3 thao, s\u00f2ng b\u1ea1c, poker, bingo &amp; di \u0111\u1ed9ng, C\u01b0\u1ee3c mi\u1ec5n ph\u00ed kh\u00f4ng c\u1ea7n g\u1eedi ti\u1ec1n\" \/>\n<meta property=\"og:url\" content=\"https:\/\/www.freebetbest.com\/vi\/ti%e1%bb%81n-th%c6%b0%e1%bb%9fng-c%c6%b0%e1%bb%a3c-v%c3%b2ng-quay-mi%e1%bb%85n-ph%c3%ad-m%e1%bb%9bi-nh%e1%ba%a5t\/\" \/>\n<meta property=\"og:site_name\" content=\"Nh\u00e0 c\u00e1i c\u00e1 c\u01b0\u1ee3c tr\u1ef1c tuy\u1ebfn t\u1ed1t nh\u1ea5t | C\u00e1 C\u01b0\u1ee3c b\u00f3ng \u0111\u00e1 online t\u1ed1t nh\u1ea5t | Th\u00f4ng tin c\u00e1 c\u01b0\u1ee3c mi\u1ec5n ph\u00ed.\" \/>\n<meta property=\"article:modified_time\" content=\"2021-07-28T20:10:36+00:00\" \/>\n<meta property=\"og:image\" content=\"https:\/\/www.freebetbest.com\/wp-content\/uploads\/2021\/06\/free-spins-scaled.jpg\" \/>\n\t<meta property=\"og:image:width\" content=\"298\" \/>\n\t<meta property=\"og:image:height\" content=\"180\" \/>\n\t<meta property=\"og:image:type\" content=\"image\/jpeg\" \/>\n<meta name=\"twitter:card\" content=\"summary_large_image\" \/>\n<meta name=\"twitter:label1\" content=\"Est. reading time\" \/>\n\t<meta name=\"twitter:data1\" content=\"3 minutes\" \/>\n<script type=\"application\/ld+json\" class=\"yoast-schema-graph\">{\"@context\":\"https:\/\/schema.org\",\"@graph\":[{\"@type\":\"WebPage\",\"@id\":\"https:\/\/www.freebetbest.com\/vi\/ti%e1%bb%81n-th%c6%b0%e1%bb%9fng-c%c6%b0%e1%bb%a3c-v%c3%b2ng-quay-mi%e1%bb%85n-ph%c3%ad-m%e1%bb%9bi-nh%e1%ba%a5t\/\",\"url\":\"https:\/\/www.freebetbest.com\/vi\/ti%e1%bb%81n-th%c6%b0%e1%bb%9fng-c%c6%b0%e1%bb%a3c-v%c3%b2ng-quay-mi%e1%bb%85n-ph%c3%ad-m%e1%bb%9bi-nh%e1%ba%a5t\/\",\"name\":\"Ti\u1ec1n th\u01b0\u1edfng C\u01b0\u1ee3c V\u00f2ng quay Mi\u1ec5n ph\u00ed M\u1edbi nh\u1ea5t Kh\u00e1ch h\u00e0ng m\u1edbi Ph\u1ea7n th\u01b0\u1edfng khi \u0111\u0103ng k\u00fd\",\"isPartOf\":{\"@id\":\"https:\/\/www.freebetbest.com\/vi\/#website\"},\"primaryImageOfPage\":{\"@id\":\"https:\/\/www.freebetbest.com\/vi\/ti%e1%bb%81n-th%c6%b0%e1%bb%9fng-c%c6%b0%e1%bb%a3c-v%c3%b2ng-quay-mi%e1%bb%85n-ph%c3%ad-m%e1%bb%9bi-nh%e1%ba%a5t\/#primaryimage\"},\"image\":{\"@id\":\"https:\/\/www.freebetbest.com\/vi\/ti%e1%bb%81n-th%c6%b0%e1%bb%9fng-c%c6%b0%e1%bb%a3c-v%c3%b2ng-quay-mi%e1%bb%85n-ph%c3%ad-m%e1%bb%9bi-nh%e1%ba%a5t\/#primaryimage\"},\"thumbnailUrl\":\"https:\/\/www.freebetbest.com\/wp-content\/uploads\/2021\/06\/free-spins-scaled.jpg\",\"datePublished\":\"2021-06-10T09:11:24+00:00\",\"dateModified\":\"2021-07-28T20:10:36+00:00\",\"description\":\"Ti\u1ec1n th\u01b0\u1edfng C\u01b0\u1ee3c V\u00f2ng quay Mi\u1ec5n ph\u00ed M\u1edbi nh\u1ea5t Nh\u00e0 c\u00e1i tr\u1ef1c tuy\u1ebfn t\u1ed1t nh\u1ea5t, Cung c\u1ea5p c\u00e1 c\u01b0\u1ee3c th\u1ec3 thao, s\u00f2ng b\u1ea1c, poker, bingo & di \u0111\u1ed9ng, C\u01b0\u1ee3c mi\u1ec5n ph\u00ed kh\u00f4ng c\u1ea7n g\u1eedi ti\u1ec1n\",\"breadcrumb\":{\"@id\":\"https:\/\/www.freebetbest.com\/vi\/ti%e1%bb%81n-th%c6%b0%e1%bb%9fng-c%c6%b0%e1%bb%a3c-v%c3%b2ng-quay-mi%e1%bb%85n-ph%c3%ad-m%e1%bb%9bi-nh%e1%ba%a5t\/#breadcrumb\"},\"inLanguage\":\"vi-VN\",\"potentialAction\":[{\"@type\":\"ReadAction\",\"target\":[\"https:\/\/www.freebetbest.com\/vi\/ti%e1%bb%81n-th%c6%b0%e1%bb%9fng-c%c6%b0%e1%bb%a3c-v%c3%b2ng-quay-mi%e1%bb%85n-ph%c3%ad-m%e1%bb%9bi-nh%e1%ba%a5t\/\"]}]},{\"@type\":\"ImageObject\",\"inLanguage\":\"vi-VN\",\"@id\":\"https:\/\/www.freebetbest.com\/vi\/ti%e1%bb%81n-th%c6%b0%e1%bb%9fng-c%c6%b0%e1%bb%a3c-v%c3%b2ng-quay-mi%e1%bb%85n-ph%c3%ad-m%e1%bb%9bi-nh%e1%ba%a5t\/#primaryimage\",\"url\":\"https:\/\/www.freebetbest.com\/wp-content\/uploads\/2021\/06\/free-spins-scaled.jpg\",\"contentUrl\":\"https:\/\/www.freebetbest.com\/wp-content\/uploads\/2021\/06\/free-spins-scaled.jpg\",\"width\":298,\"height\":180,\"caption\":\"v\u00f2ng quay t\u1ef1 do\"},{\"@type\":\"BreadcrumbList\",\"@id\":\"https:\/\/www.freebetbest.com\/vi\/ti%e1%bb%81n-th%c6%b0%e1%bb%9fng-c%c6%b0%e1%bb%a3c-v%c3%b2ng-quay-mi%e1%bb%85n-ph%c3%ad-m%e1%bb%9bi-nh%e1%ba%a5t\/#breadcrumb\",\"itemListElement\":[{\"@type\":\"ListItem\",\"position\":1,\"name\":\"Home\",\"item\":\"https:\/\/www.freebetbest.com\/vi\/\"},{\"@type\":\"ListItem\",\"position\":2,\"name\":\"Ti\u1ec1n th\u01b0\u1edfng C\u01b0\u1ee3c V\u00f2ng quay Mi\u1ec5n ph\u00ed M\u1edbi nh\u1ea5t\"}]},{\"@type\":\"WebSite\",\"@id\":\"https:\/\/www.freebetbest.com\/vi\/#website\",\"url\":\"https:\/\/www.freebetbest.com\/vi\/\",\"name\":\"Nh\u00e0 c\u00e1i c\u00e1 c\u01b0\u1ee3c tr\u1ef1c tuy\u1ebfn t\u1ed1t nh\u1ea5t | C\u00e1 C\u01b0\u1ee3c b\u00f3ng \u0111\u00e1 online t\u1ed1t nh\u1ea5t | Th\u00f4ng tin c\u00e1 c\u01b0\u1ee3c mi\u1ec5n ph\u00ed.\",\"description\":\"Nh\u00e0 c\u00e1i c\u00e1 c\u01b0\u1ee3c tr\u1ef1c tuy\u1ebfn t\u1ed1t nh\u1ea5t, C\u1ed5ng \u0111\u00e1nh b\u1ea1c h\u00e0ng \u0111\u1ea7u th\u1ebf gi\u1edbi, Cung c\u1ea5p th\u1ec3 thao, s\u00f2ng b\u1ea1c, poker, c\u00e1 c\u01b0\u1ee3c l\u00f4 t\u00f4 & di \u0111\u1ed9ng, Th\u00f4ng tin c\u00e1 c\u01b0\u1ee3c mi\u1ec5n ph\u00ed. Nh\u00e0 c\u00e1i c\u00e1 c\u01b0\u1ee3c tr\u1ef1c tuy\u1ebfn t\u1ed1t nh\u1ea5t Vi\u1ec7t Nam\",\"publisher\":{\"@id\":\"https:\/\/www.freebetbest.com\/vi\/#\/schema\/person\/292684ccf388a2362d507874c5b80a69\"},\"potentialAction\":[{\"@type\":\"SearchAction\",\"target\":{\"@type\":\"EntryPoint\",\"urlTemplate\":\"https:\/\/www.freebetbest.com\/vi\/?s={search_term_string}\"},\"query-input\":{\"@type\":\"PropertyValueSpecification\",\"valueRequired\":true,\"valueName\":\"search_term_string\"}}],\"inLanguage\":\"vi-VN\"},{\"@type\":[\"Person\",\"Organization\"],\"@id\":\"https:\/\/www.freebetbest.com\/vi\/#\/schema\/person\/292684ccf388a2362d507874c5b80a69\",\"name\":\"\u7ba1\u7406\",\"image\":{\"@type\":\"ImageObject\",\"inLanguage\":\"vi-VN\",\"@id\":\"https:\/\/www.freebetbest.com\/vi\/#\/schema\/person\/image\/\",\"url\":\"https:\/\/www.freebetbest.com\/wp-content\/litespeed\/avatar\/49696b52fb15293a2168c14964fdd8b9.jpg?ver=1777439934\",\"contentUrl\":\"https:\/\/www.freebetbest.com\/wp-content\/litespeed\/avatar\/49696b52fb15293a2168c14964fdd8b9.jpg?ver=1777439934\",\"caption\":\"\u7ba1\u7406\"},\"logo\":{\"@id\":\"https:\/\/www.freebetbest.com\/vi\/#\/schema\/person\/image\/\"},\"sameAs\":[\"admin\"]}]}<\/script>\n<!-- \/ Yoast SEO Premium plugin. -->","yoast_head_json":{"title":"Ti\u1ec1n th\u01b0\u1edfng C\u01b0\u1ee3c V\u00f2ng quay Mi\u1ec5n ph\u00ed M\u1edbi nh\u1ea5t Kh\u00e1ch h\u00e0ng m\u1edbi Ph\u1ea7n th\u01b0\u1edfng khi \u0111\u0103ng k\u00fd","description":"Ti\u1ec1n th\u01b0\u1edfng C\u01b0\u1ee3c V\u00f2ng quay Mi\u1ec5n ph\u00ed M\u1edbi nh\u1ea5t Nh\u00e0 c\u00e1i tr\u1ef1c tuy\u1ebfn t\u1ed1t nh\u1ea5t, Cung c\u1ea5p c\u00e1 c\u01b0\u1ee3c th\u1ec3 thao, s\u00f2ng b\u1ea1c, poker, bingo & di \u0111\u1ed9ng, C\u01b0\u1ee3c mi\u1ec5n ph\u00ed kh\u00f4ng c\u1ea7n g\u1eedi ti\u1ec1n","robots":{"index":"index","follow":"follow","max-snippet":"max-snippet:-1","max-image-preview":"max-image-preview:large","max-video-preview":"max-video-preview:-1"},"canonical":"https:\/\/www.freebetbest.com\/vi\/ti%e1%bb%81n-th%c6%b0%e1%bb%9fng-c%c6%b0%e1%bb%a3c-v%c3%b2ng-quay-mi%e1%bb%85n-ph%c3%ad-m%e1%bb%9bi-nh%e1%ba%a5t\/","og_locale":"vi_VN","og_type":"article","og_title":"Ti\u1ec1n th\u01b0\u1edfng C\u01b0\u1ee3c V\u00f2ng quay Mi\u1ec5n ph\u00ed M\u1edbi nh\u1ea5t","og_description":"Ti\u1ec1n th\u01b0\u1edfng C\u01b0\u1ee3c V\u00f2ng quay Mi\u1ec5n ph\u00ed M\u1edbi nh\u1ea5t Nh\u00e0 c\u00e1i tr\u1ef1c tuy\u1ebfn t\u1ed1t nh\u1ea5t, Cung c\u1ea5p c\u00e1 c\u01b0\u1ee3c th\u1ec3 thao, s\u00f2ng b\u1ea1c, poker, bingo & di \u0111\u1ed9ng, C\u01b0\u1ee3c mi\u1ec5n ph\u00ed kh\u00f4ng c\u1ea7n g\u1eedi ti\u1ec1n","og_url":"https:\/\/www.freebetbest.com\/vi\/ti%e1%bb%81n-th%c6%b0%e1%bb%9fng-c%c6%b0%e1%bb%a3c-v%c3%b2ng-quay-mi%e1%bb%85n-ph%c3%ad-m%e1%bb%9bi-nh%e1%ba%a5t\/","og_site_name":"Nh\u00e0 c\u00e1i c\u00e1 c\u01b0\u1ee3c tr\u1ef1c tuy\u1ebfn t\u1ed1t nh\u1ea5t | C\u00e1 C\u01b0\u1ee3c b\u00f3ng \u0111\u00e1 online t\u1ed1t nh\u1ea5t | Th\u00f4ng tin c\u00e1 c\u01b0\u1ee3c mi\u1ec5n ph\u00ed.","article_modified_time":"2021-07-28T20:10:36+00:00","og_image":[{"width":298,"height":180,"url":"https:\/\/www.freebetbest.com\/wp-content\/uploads\/2021\/06\/free-spins-scaled.jpg","type":"image\/jpeg"}],"twitter_card":"summary_large_image","twitter_misc":{"Est. reading time":"3 minutes"},"schema":{"@context":"https:\/\/schema.org","@graph":[{"@type":"WebPage","@id":"https:\/\/www.freebetbest.com\/vi\/ti%e1%bb%81n-th%c6%b0%e1%bb%9fng-c%c6%b0%e1%bb%a3c-v%c3%b2ng-quay-mi%e1%bb%85n-ph%c3%ad-m%e1%bb%9bi-nh%e1%ba%a5t\/","url":"https:\/\/www.freebetbest.com\/vi\/ti%e1%bb%81n-th%c6%b0%e1%bb%9fng-c%c6%b0%e1%bb%a3c-v%c3%b2ng-quay-mi%e1%bb%85n-ph%c3%ad-m%e1%bb%9bi-nh%e1%ba%a5t\/","name":"Ti\u1ec1n th\u01b0\u1edfng C\u01b0\u1ee3c V\u00f2ng quay Mi\u1ec5n ph\u00ed M\u1edbi nh\u1ea5t Kh\u00e1ch h\u00e0ng m\u1edbi Ph\u1ea7n th\u01b0\u1edfng khi \u0111\u0103ng k\u00fd","isPartOf":{"@id":"https:\/\/www.freebetbest.com\/vi\/#website"},"primaryImageOfPage":{"@id":"https:\/\/www.freebetbest.com\/vi\/ti%e1%bb%81n-th%c6%b0%e1%bb%9fng-c%c6%b0%e1%bb%a3c-v%c3%b2ng-quay-mi%e1%bb%85n-ph%c3%ad-m%e1%bb%9bi-nh%e1%ba%a5t\/#primaryimage"},"image":{"@id":"https:\/\/www.freebetbest.com\/vi\/ti%e1%bb%81n-th%c6%b0%e1%bb%9fng-c%c6%b0%e1%bb%a3c-v%c3%b2ng-quay-mi%e1%bb%85n-ph%c3%ad-m%e1%bb%9bi-nh%e1%ba%a5t\/#primaryimage"},"thumbnailUrl":"https:\/\/www.freebetbest.com\/wp-content\/uploads\/2021\/06\/free-spins-scaled.jpg","datePublished":"2021-06-10T09:11:24+00:00","dateModified":"2021-07-28T20:10:36+00:00","description":"Ti\u1ec1n th\u01b0\u1edfng C\u01b0\u1ee3c V\u00f2ng quay Mi\u1ec5n ph\u00ed M\u1edbi nh\u1ea5t Nh\u00e0 c\u00e1i tr\u1ef1c tuy\u1ebfn t\u1ed1t nh\u1ea5t, Cung c\u1ea5p c\u00e1 c\u01b0\u1ee3c th\u1ec3 thao, s\u00f2ng b\u1ea1c, poker, bingo & di \u0111\u1ed9ng, C\u01b0\u1ee3c mi\u1ec5n ph\u00ed kh\u00f4ng c\u1ea7n g\u1eedi ti\u1ec1n","breadcrumb":{"@id":"https:\/\/www.freebetbest.com\/vi\/ti%e1%bb%81n-th%c6%b0%e1%bb%9fng-c%c6%b0%e1%bb%a3c-v%c3%b2ng-quay-mi%e1%bb%85n-ph%c3%ad-m%e1%bb%9bi-nh%e1%ba%a5t\/#breadcrumb"},"inLanguage":"vi-VN","potentialAction":[{"@type":"ReadAction","target":["https:\/\/www.freebetbest.com\/vi\/ti%e1%bb%81n-th%c6%b0%e1%bb%9fng-c%c6%b0%e1%bb%a3c-v%c3%b2ng-quay-mi%e1%bb%85n-ph%c3%ad-m%e1%bb%9bi-nh%e1%ba%a5t\/"]}]},{"@type":"ImageObject","inLanguage":"vi-VN","@id":"https:\/\/www.freebetbest.com\/vi\/ti%e1%bb%81n-th%c6%b0%e1%bb%9fng-c%c6%b0%e1%bb%a3c-v%c3%b2ng-quay-mi%e1%bb%85n-ph%c3%ad-m%e1%bb%9bi-nh%e1%ba%a5t\/#primaryimage","url":"https:\/\/www.freebetbest.com\/wp-content\/uploads\/2021\/06\/free-spins-scaled.jpg","contentUrl":"https:\/\/www.freebetbest.com\/wp-content\/uploads\/2021\/06\/free-spins-scaled.jpg","width":298,"height":180,"caption":"v\u00f2ng quay t\u1ef1 do"},{"@type":"BreadcrumbList","@id":"https:\/\/www.freebetbest.com\/vi\/ti%e1%bb%81n-th%c6%b0%e1%bb%9fng-c%c6%b0%e1%bb%a3c-v%c3%b2ng-quay-mi%e1%bb%85n-ph%c3%ad-m%e1%bb%9bi-nh%e1%ba%a5t\/#breadcrumb","itemListElement":[{"@type":"ListItem","position":1,"name":"Home","item":"https:\/\/www.freebetbest.com\/vi\/"},{"@type":"ListItem","position":2,"name":"Ti\u1ec1n th\u01b0\u1edfng C\u01b0\u1ee3c V\u00f2ng quay Mi\u1ec5n ph\u00ed M\u1edbi nh\u1ea5t"}]},{"@type":"WebSite","@id":"https:\/\/www.freebetbest.com\/vi\/#website","url":"https:\/\/www.freebetbest.com\/vi\/","name":"Nh\u00e0 c\u00e1i c\u00e1 c\u01b0\u1ee3c tr\u1ef1c tuy\u1ebfn t\u1ed1t nh\u1ea5t | C\u00e1 C\u01b0\u1ee3c b\u00f3ng \u0111\u00e1 online t\u1ed1t nh\u1ea5t | Th\u00f4ng tin c\u00e1 c\u01b0\u1ee3c mi\u1ec5n ph\u00ed.","description":"Nh\u00e0 c\u00e1i c\u00e1 c\u01b0\u1ee3c tr\u1ef1c tuy\u1ebfn t\u1ed1t nh\u1ea5t, C\u1ed5ng \u0111\u00e1nh b\u1ea1c h\u00e0ng \u0111\u1ea7u th\u1ebf gi\u1edbi, Cung c\u1ea5p th\u1ec3 thao, s\u00f2ng b\u1ea1c, poker, c\u00e1 c\u01b0\u1ee3c l\u00f4 t\u00f4 & di \u0111\u1ed9ng, Th\u00f4ng tin c\u00e1 c\u01b0\u1ee3c mi\u1ec5n ph\u00ed. Nh\u00e0 c\u00e1i c\u00e1 c\u01b0\u1ee3c tr\u1ef1c tuy\u1ebfn t\u1ed1t nh\u1ea5t Vi\u1ec7t Nam","publisher":{"@id":"https:\/\/www.freebetbest.com\/vi\/#\/schema\/person\/292684ccf388a2362d507874c5b80a69"},"potentialAction":[{"@type":"SearchAction","target":{"@type":"EntryPoint","urlTemplate":"https:\/\/www.freebetbest.com\/vi\/?s={search_term_string}"},"query-input":{"@type":"PropertyValueSpecification","valueRequired":true,"valueName":"search_term_string"}}],"inLanguage":"vi-VN"},{"@type":["Person","Organization"],"@id":"https:\/\/www.freebetbest.com\/vi\/#\/schema\/person\/292684ccf388a2362d507874c5b80a69","name":"\u7ba1\u7406","image":{"@type":"ImageObject","inLanguage":"vi-VN","@id":"https:\/\/www.freebetbest.com\/vi\/#\/schema\/person\/image\/","url":"https:\/\/www.freebetbest.com\/wp-content\/litespeed\/avatar\/49696b52fb15293a2168c14964fdd8b9.jpg?ver=1777439934","contentUrl":"https:\/\/www.freebetbest.com\/wp-content\/litespeed\/avatar\/49696b52fb15293a2168c14964fdd8b9.jpg?ver=1777439934","caption":"\u7ba1\u7406"},"logo":{"@id":"https:\/\/www.freebetbest.com\/vi\/#\/schema\/person\/image\/"},"sameAs":["admin"]}]}},"_links":{"self":[{"href":"https:\/\/www.freebetbest.com\/vi\/wp-json\/wp\/v2\/pages\/130627","targetHints":{"allow":["GET"]}}],"collection":[{"href":"https:\/\/www.freebetbest.com\/vi\/wp-json\/wp\/v2\/pages"}],"about":[{"href":"https:\/\/www.freebetbest.com\/vi\/wp-json\/wp\/v2\/types\/page"}],"author":[{"embeddable":true,"href":"https:\/\/www.freebetbest.com\/vi\/wp-json\/wp\/v2\/users\/1"}],"replies":[{"embeddable":true,"href":"https:\/\/www.freebetbest.com\/vi\/wp-json\/wp\/v2\/comments?post=130627"}],"version-history":[{"count":0,"href":"https:\/\/www.freebetbest.com\/vi\/wp-json\/wp\/v2\/pages\/130627\/revisions"}],"wp:featuredmedia":[{"embeddable":true,"href":"https:\/\/www.freebetbest.com\/vi\/wp-json\/wp\/v2\/media\/125203"}],"wp:attachment":[{"href":"https:\/\/www.freebetbest.com\/vi\/wp-json\/wp\/v2\/media?parent=130627"}],"curies":[{"name":"wp","href":"https:\/\/api.w.org\/{rel}","templated":true}]}}