{"id":130316,"date":"2021-06-10T07:19:25","date_gmt":"2021-06-10T07:19:25","guid":{"rendered":"https:\/\/www.freebetbest.com\/moi-nhat-quyen-ca-cuoc-tien-thuong\/"},"modified":"2021-07-28T17:19:00","modified_gmt":"2021-07-28T17:19:00","slug":"moi-nhat-quyen-ca-cuoc-tien-thuong","status":"publish","type":"page","link":"https:\/\/www.freebetbest.com\/vi\/moi-nhat-quyen-ca-cuoc-tien-thuong\/","title":{"rendered":"Ti\u1ec1n th\u01b0\u1edfng c\u00e1 c\u01b0\u1ee3c quy\u1ec1n anh m\u1edbi nh\u1ea5t"},"content":{"rendered":"<h3>Ti\u1ec1n th\u01b0\u1edfng c\u00e1 c\u01b0\u1ee3c quy\u1ec1n anh m\u1edbi nh\u1ea5t<\/h3>\n<p>\u0110\u1ed1i v\u1edbi nh\u1eefng ng\u01b0\u1eddi tr\u00ean trang web. \u0110\u1ed1i v\u1edbi nh\u1eefng ng\u01b0\u1eddi \u0111ang t\u00ecm ki\u1ebfm trang web thi \u0111\u1ea5u \u0111\u01b0\u1ee3c \u1ee7y quy\u1ec1n t\u1ed1t nh\u1ea5t, quy\u1ec1n anh th\u1ef1c s\u1ef1 l\u00e0 m\u1ed9t l\u1ef1a ch\u1ecdn r\u1ea5t ph\u1ed5 bi\u1ebfn. Boxing th\u1ef1c s\u1ef1 l\u00e0 m\u1ed9t m\u00f4n th\u1ec3 thao to\u00e0n c\u1ea7u, v\u1edbi c\u00e1c \u0111\u1ed1i th\u1ee7 \u0111\u1ebfn t\u1eeb kh\u1eafp n\u01a1i tr\u00ean th\u1ebf gi\u1edbi, v\u00ec v\u1eady c\u00e1c tay c\u01b0\u1ee3c \u1edf h\u1ea7u h\u1ebft c\u00e1c m\u00f4i tr\u01b0\u1eddng \u0111\u1ec1u quan t\u00e2m v\u00e0 c\u00e2n nh\u1eafc n\u00f3. \u0110i\u1ec1u n\u00e0y l\u00e0 do Ti\u1ec1n th\u01b0\u1edfng C\u01b0\u1ee3c Quy\u1ec1n Anh M\u1edbi nh\u1ea5t cung c\u1ea5p r\u1ea5t nhi\u1ec1u chi\u1ebft kh\u1ea5u v\u00e0 khuy\u1ebfn m\u00e3i.<\/p>\n<p>Nh\u00e0 c\u00e1i c\u00e1 c\u01b0\u1ee3c tr\u00ean trang web quy\u1ec1n anh t\u1ed1t nh\u1ea5t. \u0110\u1eb7t c\u01b0\u1ee3c v\u00e0o c\u00e1c hi\u1ec7u \u1ee9ng \u0111\u01a1n gi\u1ea3n, ch\u1eb3ng h\u1ea1n nh\u01b0 m\u1ed9t chi\u1ebfn th\u1eafng ho\u00e0n to\u00e0n. L\u00e0m th\u1ebf n\u00e0o v\u00e0 nhi\u1ec1u l\u1ef1a ch\u1ecdn kh\u00f3 kh\u0103n h\u01a1n, c\u00e1c v\u00f2ng kh\u00e1c nhau ho\u1eb7c cu\u1ed9c \u0111\u1ed5 b\u1ed9 quy\u1ec1n anh.<\/p>\n<h3>Th\u1ea3o lu\u1eadn v\u1ec1 c\u1edd b\u1ea1c quy\u1ec1n anh tr\u00ean Internet<\/h3>\n<p>C\u00e1c nh\u00e0 c\u00e1i cung c\u1ea5p c\u00e1c t\u00f9y ch\u1ecdn quy\u1ec1n anh s\u1eed d\u1ee5ng t\u1ef7 l\u1ec7 c\u01b0\u1ee3c ki\u1ec3u M\u1ef9. Th\u1eafng hay thua. Ti\u1ec1n th\u01b0\u1edfng C\u01b0\u1ee3c Quy\u1ec1n Anh m\u1edbi nh\u1ea5t \u0111\u01b0\u1ee3c s\u1eed d\u1ee5ng cho tr\u1eadn chi\u1ebfn. Th\u01b0\u1eddng l\u00e0 ba con s\u1ed1, ch\u00fang hi\u1ec3n th\u1ecb ch\u00ednh x\u00e1c m\u1ed9t ng\u01b0\u1eddi. B\u1ea1n c\u00f3 th\u1ec3 nh\u1eadn \u0111\u01b0\u1ee3c bao nhi\u00eau l\u1ee3i nhu\u1eadn t\u1eeb vi\u1ec7c \u0111\u1eb7t c\u01b0\u1ee3c c\u00f3 l\u00e3i.<\/p>\n<p>M\u1ed9t s\u1ed1 \u00e2m c\u00f3 ngh\u0129a l\u00e0 m\u1ed9t v\u00f5 s\u0129 mu\u1ed1n v\u01b0\u1ee3t qua v\u00e0 ki\u1ebfm \u0111\u01b0\u1ee3c 100 \u0111\u00f4 la. S\u1ed1 ti\u1ec1n ph\u1ea3i \u0111\u1eb7t c\u01b0\u1ee3c. Con s\u1ed1 l\u1ea1c quan l\u00e0 nh\u00e0 c\u00e1i. Ng\u01b0\u1eddi thua cu\u1ed9c \u0111\u01b0\u1ee3c coi l\u00e0 trong tr\u00f2 ch\u01a1i, \u0111\u00f3 l\u00e0 l\u1ee3i nhu\u1eadn m\u00e0 m\u1ed9t ng\u01b0\u1eddi th\u1eafng khi \u0111\u1eb7t c\u01b0\u1ee3c 100 \u0111\u00f4 la.<\/p>\n<h3>\u0110\u1ec3 b\u1ea1n c\u00f3 th\u1ec3 gi\u00e0nh chi\u1ebfn th\u1eafng trong tr\u1eadn chi\u1ebfn n\u00e0y tr\u00ean Ti\u1ec1n th\u01b0\u1edfng C\u01b0\u1ee3c Quy\u1ec1n Anh M\u1edbi Nh\u1ea5t.<\/h3>\n<p>\u0110\u1eb7t c\u01b0\u1ee3c \u0111\u1ec3 t\u1ea1o ra l\u1ee3i nhu\u1eadn l\u00e0 100 \u0111\u00f4 la, b\u1ea1n ph\u1ea3i \u0111\u1eb7t c\u01b0\u1ee3c 450 \u0111\u00f4 la v\u00e0o Mayweather. \u0110\u1ec3 c\u00f3 th\u1ec3 th\u1eafng 300 \u0111\u00f4 la ti\u1ec1n c\u01b0\u1ee3c cho McGregor, th\u00ec n\u00ean \u0111\u1eb7t c\u01b0\u1ee3c 100 \u0111\u00f4 la cho McGregor. Cu\u1ed1i c\u00f9ng, n\u1ebfu tr\u00f2 ch\u01a1i k\u1ebft th\u00fac v\u1edbi t\u1ef7 s\u1ed1 h\u00f2a, \u0111\u1eb7t c\u01b0\u1ee3c 100 \u0111\u00f4 la s\u1ebd t\u1ea1o ra l\u1ee3i nhu\u1eadn 1.600 \u0111\u00f4 la.<\/p>\n<h3>Trang web \u0111\u00e1nh b\u1ea1c quy\u1ec1n anh t\u1ed1t nh\u1ea5t l\u00e0 g\u00ec?<\/h3>\n<p>T\u00ecm trang web t\u1ed1t nh\u1ea5t \u0111\u1ec3 ch\u1ecdn quy\u1ec1n anh. \u0110\u00f3 l\u00e0 v\u1ec1 vi\u1ec7c so s\u00e1nh t\u1ef7 l\u1ec7 c\u01b0\u1ee3c c\u1ee7a c\u00e1c<a href=\"https:\/\/www.freebetbest.com\/vi\/trung-quoc-nha-cai-tien-thuong\/\"> nh\u00e0 c\u00e1i<\/a> \u0111\u1ec3 x\u00e1c \u0111\u1ecbnh k\u1ebft qu\u1ea3 t\u1ed1t nh\u1ea5t \u0111\u1ec3 th\u1eafng c\u01b0\u1ee3c. Trong t\u00ecnh hu\u1ed1ng s\u1eafp t\u1edbi, t\u1ef7 l\u1ec7 c\u01b0\u1ee3c c\u00f3 th\u1ec3 thay \u0111\u1ed5i r\u1ea5t nhi\u1ec1u, v\u00ec v\u1eady h\u00e3y t\u00ecm ki\u1ebfm tr\u1ef1c tuy\u1ebfn t\u1ed1t nh\u1ea5t. B\u1ea5t k\u1ef3 lo\u1ea1i h\u00ecnh mua s\u1eafm tr\u1ef1c tuy\u1ebfn n\u00e0o kh\u00e1c c\u0169ng r\u1ea5t gi\u1ed1ng nhau.<\/p>\n<p>Ngo\u00e0i ra, m\u1ed9t s\u1ed1 nh\u00e0 c\u00e1i cung c\u1ea5p c\u00e1c t\u00f9y ch\u1ecdn c\u00e1 c\u01b0\u1ee3c kh\u00e1c nhau cho tr\u1eadn chi\u1ebfn s\u1eafp t\u1edbi, T\u00f3m l\u1ea1i, bao g\u1ed3m c\u00e1c ch\u1ee7 \u0111\u1ec1 kh\u00e1c nhau nh\u01b0 li\u1ec7u tr\u1eadn chi\u1ebfn c\u00f3 n\u00ean \u0111\u01b0\u1ee3c ti\u1ebfn h\u00e0nh hay kh\u00f4ng v\u00e0 l\u00e0m th\u1ebf n\u00e0o \u0111\u1ec3 gi\u00e0nh chi\u1ebfn th\u1eafng trong tr\u1eadn chi\u1ebfn. S\u1ed1 v\u00f2ng ho\u00e0n ch\u1ec9nh c\u1ee7a tr\u1eadn chi\u1ebfn.<\/p>\n<p>T\u1ef7 l\u1ec7 c\u01b0\u1ee3c c\u1ee7a lo\u1ea1i c\u01b0\u1ee3c n\u00e0y. S\u1ebd mang l\u1ea1i t\u1ef7 su\u1ea5t l\u1ee3i nhu\u1eadn cao h\u01a1n, b\u1edfi v\u00ec ch\u00fang l\u00e0 lo\u1ea1i c\u01b0\u1ee3c c\u00f3 t\u00ednh ch\u1ecdn l\u1ecdc cao h\u01a1n ch\u1ee9 kh\u00f4ng ch\u1ec9 l\u00e0 s\u1ef1 l\u1ef1a ch\u1ecdn \u0111\u01a1n thu\u1ea7n. Cu\u1ed1i c\u00f9ng, v\u00f5 s\u0129 n\u00e0o s\u1ebd gi\u00e0nh chi\u1ebfn th\u1eafng trong hi\u1ec7p \u0111\u1ea5u.<\/p>\n<h3>Ti\u1ec1n th\u01b0\u1edfng quy\u1ec1n anh m\u1edbi nh\u1ea5t<\/h3>\n<p>S\u1ebd lu\u00f4n c\u00f3 m\u1ed9t v\u00e0i tr\u1eadn chi\u1ebfn l\u1edbn trong nh\u1eefng th\u00e1ng m\u00f9a h\u00e8, v\u00ec v\u1eady ch\u00fang t\u00f4i th\u1ef1c s\u1ef1 kh\u00f4ng th\u1ec3 ch\u1edd \u0111\u1ee3i. Mu\u1ed1n \u0111\u1eb7t c\u01b0\u1ee3c.<\/p>\n<p>Tr\u01b0\u1edbc khi ch\u00fang t\u00f4i nh\u1eadn \u0111\u01b0\u1ee3c n\u00f3, v\u00e0 t\u1eeb c\u00e1c nh\u00e0 qu\u1ea3ng b\u00e1 kh\u00e1c nhau. C\u00e1c tr\u1eadn chi\u1ebfn m\u00f9a h\u00e8 l\u1edbn \u0111\u00e3 \u0111\u01b0\u1ee3c th\u00f4ng b\u00e1o \u1edf \u0111\u00f3, v\u00e0 ch\u00fang t\u00f4i \u0111\u00e3 c\u00f3 m\u1ed9t s\u1ed1 tr\u1eadn \u0111\u1ea5u b\u00e2y gi\u1edd. S\u1eafc xu\u00e2n chi\u1ebfn \u0111\u1ec3 k\u00edch th\u00edch \u0103n ngon.<\/p>\n<h3>Quy\u1ec1n anh d\u01b0\u1eddng nh\u01b0 l\u00e0 ph\u1ed5 bi\u1ebfn nh\u1ea5t.<\/h3>\n<p>T\u00edn \u0111\u1ed3 quy\u1ec1n anh c\u1ee7a Anh. Sau \u0111\u00f3, h\u00e3y l\u1ea5y Daniel Du Bois. H\u00e3y ch\u1edd \u0111\u1ee3i cu\u1ed9c xung \u0111\u1ed9t n\u1eb7ng k\u00fd v\u1edbi Joe Joyce. Joyce b\u01b0\u1edbc v\u00e0o th\u1ebf gi\u1edbi quy\u1ec1n anh theo c\u00e1ch n\u00e0y. Anh \u1ea5y l\u00e0 m\u1ed9t nh\u00e2n v\u1eadt ph\u00e2n c\u1ef1c, nh\u01b0ng anh \u1ea5y ch\u1eafc ch\u1eafn c\u00f3 ph\u1ea9m ch\u1ea5t cao, v\u00e0 anh \u1ea5y c\u0169ng r\u1ea5t mong mu\u1ed1n \u0111\u01b0\u1ee3c ch\u1ee9ng minh \u0111i\u1ec1u \u0111\u00f3. H\u00e0nh vi sai tr\u00e1i c\u1ee7a k\u1ebb nghi ng\u1edd.<\/p>\n<p>Tuy nhi\u00ean, r\u1ea5t kh\u00f3 \u0111\u1ec3 xu\u1ea5t hi\u1ec7n th\u00f4ng qua Du Bois \u0111ang \u0111\u1ebfn g\u1ea7n. Ph\u1ea3i c\u00f3 nhi\u1ec1u l\u00fd do gi\u1ea3i th\u00edch cho d\u1ef1 lu\u1eadt c\u1ee7a anh ta, v\u00e0 nh\u1eefng ng\u01b0\u1eddi \u0111am m\u00ea Anh kh\u00f3 c\u00f3 th\u1ec3 l\u00e0m nh\u01b0 v\u1eady. Dereck Chisora \u200b\u200bg\u1ea7n nh\u01b0 ch\u1eafc ch\u1eafn s\u1ebd l\u00e0. C\u1ed5 v\u0169 qu\u00e1 m\u1ee9c b\u1eb1ng c\u00e1ch c\u1ea1nh tranh v\u1edbi Oleksandr Usyk, ng\u01b0\u1eddi c\u00f3 th\u1ec3 l\u00e0m vi\u1ec7c v\u1edbi William Hillside.<\/p>\n<p>B\u1ea1n lu\u00f4n c\u00f3 th\u1ec3 th\u1eed. C\u00f3 \u0111\u01b0\u1ee3c ki\u1ebfn th\u1ee9c chuy\u00ean m\u00f4n t\u1eeb nh\u1eefng tr\u1eadn chi\u1ebfn g\u1ea7n v\u00e0 nh\u1eefng tr\u1eadn chi\u1ebfn n\u00e0y. C\u00e1c<a href=\"https:\/\/www.freebetsinfo.co.uk\/free-bets\/\"> nh\u00e0 c\u00e1i c\u00e1 c\u01b0\u1ee3c t\u1ed1t nh\u1ea5t<\/a> . S\u1ebd tham gia m\u1ed9t tr\u1eadn chi\u1ebfn m\u00e0 c\u00f3 th\u1ec3 ch\u01b0a \u0111\u1ecbnh ng\u00e0y. Cung c\u1ea5p c\u01a1 h\u1ed9i quy\u1ec1n anh. V\u00ec v\u1eady, h\u00e3y xem l\u1ea1i nh\u1eefng c\u01a1 h\u1ed9i n\u00e0y.<\/p>\n<p><!-- \/wp:post-content --><\/p>\n<p><!-- wp:paragraph \/--><\/p>\n","protected":false},"excerpt":{"rendered":"<p>C\u00e1 c\u01b0\u1ee3c Boxing l\u00e0 m\u1ed9t trong nh\u1eefng l\u1ef1a ch\u1ecdn ph\u1ed5 bi\u1ebfn nh\u1ea5t c\u1ee7a d\u00e2n c\u00e1 c\u01b0\u1ee3c. B\u1ea1n c\u00f3 th\u1ec3 ki\u1ebfm ti\u1ec1n th\u00f4ng qua c\u00e1 c\u01b0\u1ee3c quy\u1ec1n anh b\u1eb1ng nhi\u1ec1u c\u00e1ch.<\/p>\n<div class=\"hero-cup-section\">\n<div class=\"row mb-4\">\n<div class=\"col-md-7\">\n<div class=\"section-area\">\n<div class=\"section-list\">\n<li style=\"text-align: left\"><img decoding=\"async\" src=\"https:\/\/www.freebetbest.com\/wp-content\/uploads\/2021\/06\/tick.png\" alt=\"C\u00e1c m\u00f4n th\u1ec3 thao\"> Casino th\u1ec3 thao ti\u1ec1n th\u01b0\u1edfng ch\u00e0o m\u1eebng.<\/li>\n<li style=\"text-align: left\"><img decoding=\"async\" src=\"https:\/\/www.freebetbest.com\/wp-content\/uploads\/2021\/06\/tick.png\" alt=\"cung c\u1ea5p tr\u00f2 ch\u01a1i\"> \u01afu \u0111\u00e3i v\u00e0 khuy\u1ebfn m\u00e3i c\u1ee7a nh\u00e0 c\u00e1i tr\u1ef1c tuy\u1ebfn.<\/li>\n<li style=\"text-align: left\"><img decoding=\"async\" src=\"https:\/\/www.freebetbest.com\/wp-content\/uploads\/2021\/06\/tick.png\" alt=\"cung c\u1ea5p tr\u00f2 ch\u01a1i\"> C\u00e1c nh\u00e0 c\u00e1i tr\u1ef1c tuy\u1ebfn t\u1ed1t nh\u1ea5t m\u00e0 b\u1ea1n c\u00f3 th\u1ec3 tin t\u01b0\u1edfng.<\/li>\n<li style=\"text-align: left\"><img decoding=\"async\" src=\"https:\/\/www.freebetbest.com\/wp-content\/uploads\/2021\/06\/tick.png\" alt=\"C\u00f3 th\u1ea9m quy\u1ec1n\"> \u0110\u00e1nh gi\u00e1 c\u00f3 th\u1ea9m quy\u1ec1n An to\u00e0n \u0111\u00e1ng tin c\u1eady.<\/li>\n<li style=\"text-align: left\"><img decoding=\"async\" src=\"https:\/\/www.freebetbest.com\/wp-content\/uploads\/2021\/06\/tick.png\" alt=\"R\u00fat ti\u1ec1n nhanh ch\u00f3ng\"> H\u1ed7 tr\u1ee3 APP di \u0111\u1ed9ng, R\u00fat ti\u1ec1n nhanh ch\u00f3ng.<\/li>\n<li style=\"text-align: left\"><img decoding=\"async\" src=\"https:\/\/www.freebetbest.com\/wp-content\/uploads\/2021\/06\/tick.png\" alt=\"H\u1ed7 tr\u1ee3 kh\u00e1ch h\u00e0ng\"> H\u1ed7 tr\u1ee3 kh\u00e1ch h\u00e0ng: 365 ng\u00e0y, 24 gi\u1edd m\u1ed9t ng\u00e0y.<\/li>\n<\/div>\n<\/div>\n<\/div>\n<div class=\"col-md-5\">\n<div class=\"cup-img\"><img decoding=\"async\" src=\"https:\/\/www.freebetbest.com\/wp-content\/uploads\/2021\/06\/Boxing-Betting.png\" alt=\"freebetbest\"><\/div>\n<\/div>\n<\/div>\n","protected":false},"author":1,"featured_media":126197,"parent":0,"menu_order":0,"comment_status":"closed","ping_status":"closed","template":"Sports-template.php","meta":{"footnotes":""},"class_list":["post-130316","page","type-page","status-publish","has-post-thumbnail","hentry"],"yoast_head":"<!-- This site is optimized with the Yoast SEO Premium plugin v19.5 (Yoast SEO v27.0) - https:\/\/yoast.com\/product\/yoast-seo-premium-wordpress\/ -->\n<title>Ti\u1ec1n th\u01b0\u1edfng c\u00e1 c\u01b0\u1ee3c quy\u1ec1n anh m\u1edbi nh\u1ea5t Kh\u00e1ch h\u00e0ng m\u1edbi Ph\u1ea7n th\u01b0\u1edfng khi \u0111\u0103ng k\u00fd<\/title>\n<meta name=\"description\" content=\"Ti\u1ec1n th\u01b0\u1edfng c\u00e1 c\u01b0\u1ee3c quy\u1ec1n anh m\u1edbi nh\u1ea5t Nh\u00e0 c\u00e1i tr\u1ef1c tuy\u1ebfn t\u1ed1t nh\u1ea5t, Cung c\u1ea5p c\u00e1 c\u01b0\u1ee3c th\u1ec3 thao, s\u00f2ng b\u1ea1c, poker, bingo &amp; di \u0111\u1ed9ng, C\u01b0\u1ee3c mi\u1ec5n ph\u00ed kh\u00f4ng c\u1ea7n g\u1eedi ti\u1ec1n\" \/>\n<meta name=\"robots\" content=\"index, follow, max-snippet:-1, max-image-preview:large, max-video-preview:-1\" \/>\n<link rel=\"canonical\" href=\"https:\/\/www.freebetbest.com\/vi\/moi-nhat-quyen-ca-cuoc-tien-thuong\/\" \/>\n<meta property=\"og:locale\" content=\"vi_VN\" \/>\n<meta property=\"og:type\" content=\"article\" \/>\n<meta property=\"og:title\" content=\"Ti\u1ec1n th\u01b0\u1edfng c\u00e1 c\u01b0\u1ee3c quy\u1ec1n anh m\u1edbi nh\u1ea5t\" \/>\n<meta property=\"og:description\" content=\"Ti\u1ec1n th\u01b0\u1edfng c\u00e1 c\u01b0\u1ee3c quy\u1ec1n anh m\u1edbi nh\u1ea5t Nh\u00e0 c\u00e1i tr\u1ef1c tuy\u1ebfn t\u1ed1t nh\u1ea5t, Cung c\u1ea5p c\u00e1 c\u01b0\u1ee3c th\u1ec3 thao, s\u00f2ng b\u1ea1c, poker, bingo &amp; di \u0111\u1ed9ng, C\u01b0\u1ee3c mi\u1ec5n ph\u00ed kh\u00f4ng c\u1ea7n g\u1eedi ti\u1ec1n\" \/>\n<meta property=\"og:url\" content=\"https:\/\/www.freebetbest.com\/vi\/moi-nhat-quyen-ca-cuoc-tien-thuong\/\" \/>\n<meta property=\"og:site_name\" content=\"Nh\u00e0 c\u00e1i c\u00e1 c\u01b0\u1ee3c tr\u1ef1c tuy\u1ebfn t\u1ed1t nh\u1ea5t | C\u00e1 C\u01b0\u1ee3c b\u00f3ng \u0111\u00e1 online t\u1ed1t nh\u1ea5t | Th\u00f4ng tin c\u00e1 c\u01b0\u1ee3c mi\u1ec5n ph\u00ed.\" \/>\n<meta property=\"article:modified_time\" content=\"2021-07-28T17:19:00+00:00\" \/>\n<meta property=\"og:image\" content=\"https:\/\/www.freebetbest.com\/wp-content\/uploads\/2021\/06\/boxing-bet-scaled.jpg\" \/>\n\t<meta property=\"og:image:width\" content=\"500\" \/>\n\t<meta property=\"og:image:height\" content=\"175\" \/>\n\t<meta property=\"og:image:type\" content=\"image\/jpeg\" \/>\n<meta name=\"twitter:card\" content=\"summary_large_image\" \/>\n<meta name=\"twitter:label1\" content=\"Est. reading time\" \/>\n\t<meta name=\"twitter:data1\" content=\"3 minutes\" \/>\n<script type=\"application\/ld+json\" class=\"yoast-schema-graph\">{\"@context\":\"https:\/\/schema.org\",\"@graph\":[{\"@type\":\"WebPage\",\"@id\":\"https:\/\/www.freebetbest.com\/vi\/moi-nhat-quyen-ca-cuoc-tien-thuong\/\",\"url\":\"https:\/\/www.freebetbest.com\/vi\/moi-nhat-quyen-ca-cuoc-tien-thuong\/\",\"name\":\"Ti\u1ec1n th\u01b0\u1edfng c\u00e1 c\u01b0\u1ee3c quy\u1ec1n anh m\u1edbi nh\u1ea5t Kh\u00e1ch h\u00e0ng m\u1edbi Ph\u1ea7n th\u01b0\u1edfng khi \u0111\u0103ng k\u00fd\",\"isPartOf\":{\"@id\":\"https:\/\/www.freebetbest.com\/vi\/#website\"},\"primaryImageOfPage\":{\"@id\":\"https:\/\/www.freebetbest.com\/vi\/moi-nhat-quyen-ca-cuoc-tien-thuong\/#primaryimage\"},\"image\":{\"@id\":\"https:\/\/www.freebetbest.com\/vi\/moi-nhat-quyen-ca-cuoc-tien-thuong\/#primaryimage\"},\"thumbnailUrl\":\"https:\/\/www.freebetbest.com\/wp-content\/uploads\/2021\/06\/boxing-bet-scaled.jpg\",\"datePublished\":\"2021-06-10T07:19:25+00:00\",\"dateModified\":\"2021-07-28T17:19:00+00:00\",\"description\":\"Ti\u1ec1n th\u01b0\u1edfng c\u00e1 c\u01b0\u1ee3c quy\u1ec1n anh m\u1edbi nh\u1ea5t Nh\u00e0 c\u00e1i tr\u1ef1c tuy\u1ebfn t\u1ed1t nh\u1ea5t, Cung c\u1ea5p c\u00e1 c\u01b0\u1ee3c th\u1ec3 thao, s\u00f2ng b\u1ea1c, poker, bingo & di \u0111\u1ed9ng, C\u01b0\u1ee3c mi\u1ec5n ph\u00ed kh\u00f4ng c\u1ea7n g\u1eedi ti\u1ec1n\",\"breadcrumb\":{\"@id\":\"https:\/\/www.freebetbest.com\/vi\/moi-nhat-quyen-ca-cuoc-tien-thuong\/#breadcrumb\"},\"inLanguage\":\"vi-VN\",\"potentialAction\":[{\"@type\":\"ReadAction\",\"target\":[\"https:\/\/www.freebetbest.com\/vi\/moi-nhat-quyen-ca-cuoc-tien-thuong\/\"]}]},{\"@type\":\"ImageObject\",\"inLanguage\":\"vi-VN\",\"@id\":\"https:\/\/www.freebetbest.com\/vi\/moi-nhat-quyen-ca-cuoc-tien-thuong\/#primaryimage\",\"url\":\"https:\/\/www.freebetbest.com\/wp-content\/uploads\/2021\/06\/boxing-bet-scaled.jpg\",\"contentUrl\":\"https:\/\/www.freebetbest.com\/wp-content\/uploads\/2021\/06\/boxing-bet-scaled.jpg\",\"width\":500,\"height\":175,\"caption\":\"Ti\u1ec1n th\u01b0\u1edfng c\u00e1 c\u01b0\u1ee3c quy\u1ec1n anh m\u1edbi nh\u1ea5t\"},{\"@type\":\"BreadcrumbList\",\"@id\":\"https:\/\/www.freebetbest.com\/vi\/moi-nhat-quyen-ca-cuoc-tien-thuong\/#breadcrumb\",\"itemListElement\":[{\"@type\":\"ListItem\",\"position\":1,\"name\":\"Home\",\"item\":\"https:\/\/www.freebetbest.com\/vi\/\"},{\"@type\":\"ListItem\",\"position\":2,\"name\":\"Ti\u1ec1n th\u01b0\u1edfng c\u00e1 c\u01b0\u1ee3c quy\u1ec1n anh m\u1edbi nh\u1ea5t\"}]},{\"@type\":\"WebSite\",\"@id\":\"https:\/\/www.freebetbest.com\/vi\/#website\",\"url\":\"https:\/\/www.freebetbest.com\/vi\/\",\"name\":\"Nh\u00e0 c\u00e1i c\u00e1 c\u01b0\u1ee3c tr\u1ef1c tuy\u1ebfn t\u1ed1t nh\u1ea5t | C\u00e1 C\u01b0\u1ee3c b\u00f3ng \u0111\u00e1 online t\u1ed1t nh\u1ea5t | Th\u00f4ng tin c\u00e1 c\u01b0\u1ee3c mi\u1ec5n ph\u00ed.\",\"description\":\"Nh\u00e0 c\u00e1i c\u00e1 c\u01b0\u1ee3c tr\u1ef1c tuy\u1ebfn t\u1ed1t nh\u1ea5t, C\u1ed5ng \u0111\u00e1nh b\u1ea1c h\u00e0ng \u0111\u1ea7u th\u1ebf gi\u1edbi, Cung c\u1ea5p th\u1ec3 thao, s\u00f2ng b\u1ea1c, poker, c\u00e1 c\u01b0\u1ee3c l\u00f4 t\u00f4 & di \u0111\u1ed9ng, Th\u00f4ng tin c\u00e1 c\u01b0\u1ee3c mi\u1ec5n ph\u00ed. Nh\u00e0 c\u00e1i c\u00e1 c\u01b0\u1ee3c tr\u1ef1c tuy\u1ebfn t\u1ed1t nh\u1ea5t Vi\u1ec7t Nam\",\"publisher\":{\"@id\":\"https:\/\/www.freebetbest.com\/vi\/#\/schema\/person\/292684ccf388a2362d507874c5b80a69\"},\"potentialAction\":[{\"@type\":\"SearchAction\",\"target\":{\"@type\":\"EntryPoint\",\"urlTemplate\":\"https:\/\/www.freebetbest.com\/vi\/?s={search_term_string}\"},\"query-input\":{\"@type\":\"PropertyValueSpecification\",\"valueRequired\":true,\"valueName\":\"search_term_string\"}}],\"inLanguage\":\"vi-VN\"},{\"@type\":[\"Person\",\"Organization\"],\"@id\":\"https:\/\/www.freebetbest.com\/vi\/#\/schema\/person\/292684ccf388a2362d507874c5b80a69\",\"name\":\"\u7ba1\u7406\",\"image\":{\"@type\":\"ImageObject\",\"inLanguage\":\"vi-VN\",\"@id\":\"https:\/\/www.freebetbest.com\/vi\/#\/schema\/person\/image\/\",\"url\":\"https:\/\/www.freebetbest.com\/wp-content\/litespeed\/avatar\/49696b52fb15293a2168c14964fdd8b9.jpg?ver=1777439934\",\"contentUrl\":\"https:\/\/www.freebetbest.com\/wp-content\/litespeed\/avatar\/49696b52fb15293a2168c14964fdd8b9.jpg?ver=1777439934\",\"caption\":\"\u7ba1\u7406\"},\"logo\":{\"@id\":\"https:\/\/www.freebetbest.com\/vi\/#\/schema\/person\/image\/\"},\"sameAs\":[\"admin\"]}]}<\/script>\n<!-- \/ Yoast SEO Premium plugin. -->","yoast_head_json":{"title":"Ti\u1ec1n th\u01b0\u1edfng c\u00e1 c\u01b0\u1ee3c quy\u1ec1n anh m\u1edbi nh\u1ea5t Kh\u00e1ch h\u00e0ng m\u1edbi Ph\u1ea7n th\u01b0\u1edfng khi \u0111\u0103ng k\u00fd","description":"Ti\u1ec1n th\u01b0\u1edfng c\u00e1 c\u01b0\u1ee3c quy\u1ec1n anh m\u1edbi nh\u1ea5t Nh\u00e0 c\u00e1i tr\u1ef1c tuy\u1ebfn t\u1ed1t nh\u1ea5t, Cung c\u1ea5p c\u00e1 c\u01b0\u1ee3c th\u1ec3 thao, s\u00f2ng b\u1ea1c, poker, bingo & di \u0111\u1ed9ng, C\u01b0\u1ee3c mi\u1ec5n ph\u00ed kh\u00f4ng c\u1ea7n g\u1eedi ti\u1ec1n","robots":{"index":"index","follow":"follow","max-snippet":"max-snippet:-1","max-image-preview":"max-image-preview:large","max-video-preview":"max-video-preview:-1"},"canonical":"https:\/\/www.freebetbest.com\/vi\/moi-nhat-quyen-ca-cuoc-tien-thuong\/","og_locale":"vi_VN","og_type":"article","og_title":"Ti\u1ec1n th\u01b0\u1edfng c\u00e1 c\u01b0\u1ee3c quy\u1ec1n anh m\u1edbi nh\u1ea5t","og_description":"Ti\u1ec1n th\u01b0\u1edfng c\u00e1 c\u01b0\u1ee3c quy\u1ec1n anh m\u1edbi nh\u1ea5t Nh\u00e0 c\u00e1i tr\u1ef1c tuy\u1ebfn t\u1ed1t nh\u1ea5t, Cung c\u1ea5p c\u00e1 c\u01b0\u1ee3c th\u1ec3 thao, s\u00f2ng b\u1ea1c, poker, bingo & di \u0111\u1ed9ng, C\u01b0\u1ee3c mi\u1ec5n ph\u00ed kh\u00f4ng c\u1ea7n g\u1eedi ti\u1ec1n","og_url":"https:\/\/www.freebetbest.com\/vi\/moi-nhat-quyen-ca-cuoc-tien-thuong\/","og_site_name":"Nh\u00e0 c\u00e1i c\u00e1 c\u01b0\u1ee3c tr\u1ef1c tuy\u1ebfn t\u1ed1t nh\u1ea5t | C\u00e1 C\u01b0\u1ee3c b\u00f3ng \u0111\u00e1 online t\u1ed1t nh\u1ea5t | Th\u00f4ng tin c\u00e1 c\u01b0\u1ee3c mi\u1ec5n ph\u00ed.","article_modified_time":"2021-07-28T17:19:00+00:00","og_image":[{"width":500,"height":175,"url":"https:\/\/www.freebetbest.com\/wp-content\/uploads\/2021\/06\/boxing-bet-scaled.jpg","type":"image\/jpeg"}],"twitter_card":"summary_large_image","twitter_misc":{"Est. reading time":"3 minutes"},"schema":{"@context":"https:\/\/schema.org","@graph":[{"@type":"WebPage","@id":"https:\/\/www.freebetbest.com\/vi\/moi-nhat-quyen-ca-cuoc-tien-thuong\/","url":"https:\/\/www.freebetbest.com\/vi\/moi-nhat-quyen-ca-cuoc-tien-thuong\/","name":"Ti\u1ec1n th\u01b0\u1edfng c\u00e1 c\u01b0\u1ee3c quy\u1ec1n anh m\u1edbi nh\u1ea5t Kh\u00e1ch h\u00e0ng m\u1edbi Ph\u1ea7n th\u01b0\u1edfng khi \u0111\u0103ng k\u00fd","isPartOf":{"@id":"https:\/\/www.freebetbest.com\/vi\/#website"},"primaryImageOfPage":{"@id":"https:\/\/www.freebetbest.com\/vi\/moi-nhat-quyen-ca-cuoc-tien-thuong\/#primaryimage"},"image":{"@id":"https:\/\/www.freebetbest.com\/vi\/moi-nhat-quyen-ca-cuoc-tien-thuong\/#primaryimage"},"thumbnailUrl":"https:\/\/www.freebetbest.com\/wp-content\/uploads\/2021\/06\/boxing-bet-scaled.jpg","datePublished":"2021-06-10T07:19:25+00:00","dateModified":"2021-07-28T17:19:00+00:00","description":"Ti\u1ec1n th\u01b0\u1edfng c\u00e1 c\u01b0\u1ee3c quy\u1ec1n anh m\u1edbi nh\u1ea5t Nh\u00e0 c\u00e1i tr\u1ef1c tuy\u1ebfn t\u1ed1t nh\u1ea5t, Cung c\u1ea5p c\u00e1 c\u01b0\u1ee3c th\u1ec3 thao, s\u00f2ng b\u1ea1c, poker, bingo & di \u0111\u1ed9ng, C\u01b0\u1ee3c mi\u1ec5n ph\u00ed kh\u00f4ng c\u1ea7n g\u1eedi ti\u1ec1n","breadcrumb":{"@id":"https:\/\/www.freebetbest.com\/vi\/moi-nhat-quyen-ca-cuoc-tien-thuong\/#breadcrumb"},"inLanguage":"vi-VN","potentialAction":[{"@type":"ReadAction","target":["https:\/\/www.freebetbest.com\/vi\/moi-nhat-quyen-ca-cuoc-tien-thuong\/"]}]},{"@type":"ImageObject","inLanguage":"vi-VN","@id":"https:\/\/www.freebetbest.com\/vi\/moi-nhat-quyen-ca-cuoc-tien-thuong\/#primaryimage","url":"https:\/\/www.freebetbest.com\/wp-content\/uploads\/2021\/06\/boxing-bet-scaled.jpg","contentUrl":"https:\/\/www.freebetbest.com\/wp-content\/uploads\/2021\/06\/boxing-bet-scaled.jpg","width":500,"height":175,"caption":"Ti\u1ec1n th\u01b0\u1edfng c\u00e1 c\u01b0\u1ee3c quy\u1ec1n anh m\u1edbi nh\u1ea5t"},{"@type":"BreadcrumbList","@id":"https:\/\/www.freebetbest.com\/vi\/moi-nhat-quyen-ca-cuoc-tien-thuong\/#breadcrumb","itemListElement":[{"@type":"ListItem","position":1,"name":"Home","item":"https:\/\/www.freebetbest.com\/vi\/"},{"@type":"ListItem","position":2,"name":"Ti\u1ec1n th\u01b0\u1edfng c\u00e1 c\u01b0\u1ee3c quy\u1ec1n anh m\u1edbi nh\u1ea5t"}]},{"@type":"WebSite","@id":"https:\/\/www.freebetbest.com\/vi\/#website","url":"https:\/\/www.freebetbest.com\/vi\/","name":"Nh\u00e0 c\u00e1i c\u00e1 c\u01b0\u1ee3c tr\u1ef1c tuy\u1ebfn t\u1ed1t nh\u1ea5t | C\u00e1 C\u01b0\u1ee3c b\u00f3ng \u0111\u00e1 online t\u1ed1t nh\u1ea5t | Th\u00f4ng tin c\u00e1 c\u01b0\u1ee3c mi\u1ec5n ph\u00ed.","description":"Nh\u00e0 c\u00e1i c\u00e1 c\u01b0\u1ee3c tr\u1ef1c tuy\u1ebfn t\u1ed1t nh\u1ea5t, C\u1ed5ng \u0111\u00e1nh b\u1ea1c h\u00e0ng \u0111\u1ea7u th\u1ebf gi\u1edbi, Cung c\u1ea5p th\u1ec3 thao, s\u00f2ng b\u1ea1c, poker, c\u00e1 c\u01b0\u1ee3c l\u00f4 t\u00f4 & di \u0111\u1ed9ng, Th\u00f4ng tin c\u00e1 c\u01b0\u1ee3c mi\u1ec5n ph\u00ed. Nh\u00e0 c\u00e1i c\u00e1 c\u01b0\u1ee3c tr\u1ef1c tuy\u1ebfn t\u1ed1t nh\u1ea5t Vi\u1ec7t Nam","publisher":{"@id":"https:\/\/www.freebetbest.com\/vi\/#\/schema\/person\/292684ccf388a2362d507874c5b80a69"},"potentialAction":[{"@type":"SearchAction","target":{"@type":"EntryPoint","urlTemplate":"https:\/\/www.freebetbest.com\/vi\/?s={search_term_string}"},"query-input":{"@type":"PropertyValueSpecification","valueRequired":true,"valueName":"search_term_string"}}],"inLanguage":"vi-VN"},{"@type":["Person","Organization"],"@id":"https:\/\/www.freebetbest.com\/vi\/#\/schema\/person\/292684ccf388a2362d507874c5b80a69","name":"\u7ba1\u7406","image":{"@type":"ImageObject","inLanguage":"vi-VN","@id":"https:\/\/www.freebetbest.com\/vi\/#\/schema\/person\/image\/","url":"https:\/\/www.freebetbest.com\/wp-content\/litespeed\/avatar\/49696b52fb15293a2168c14964fdd8b9.jpg?ver=1777439934","contentUrl":"https:\/\/www.freebetbest.com\/wp-content\/litespeed\/avatar\/49696b52fb15293a2168c14964fdd8b9.jpg?ver=1777439934","caption":"\u7ba1\u7406"},"logo":{"@id":"https:\/\/www.freebetbest.com\/vi\/#\/schema\/person\/image\/"},"sameAs":["admin"]}]}},"_links":{"self":[{"href":"https:\/\/www.freebetbest.com\/vi\/wp-json\/wp\/v2\/pages\/130316","targetHints":{"allow":["GET"]}}],"collection":[{"href":"https:\/\/www.freebetbest.com\/vi\/wp-json\/wp\/v2\/pages"}],"about":[{"href":"https:\/\/www.freebetbest.com\/vi\/wp-json\/wp\/v2\/types\/page"}],"author":[{"embeddable":true,"href":"https:\/\/www.freebetbest.com\/vi\/wp-json\/wp\/v2\/users\/1"}],"replies":[{"embeddable":true,"href":"https:\/\/www.freebetbest.com\/vi\/wp-json\/wp\/v2\/comments?post=130316"}],"version-history":[{"count":0,"href":"https:\/\/www.freebetbest.com\/vi\/wp-json\/wp\/v2\/pages\/130316\/revisions"}],"wp:featuredmedia":[{"embeddable":true,"href":"https:\/\/www.freebetbest.com\/vi\/wp-json\/wp\/v2\/media\/126197"}],"wp:attachment":[{"href":"https:\/\/www.freebetbest.com\/vi\/wp-json\/wp\/v2\/media?parent=130316"}],"curies":[{"name":"wp","href":"https:\/\/api.w.org\/{rel}","templated":true}]}}