{"id":130257,"date":"2021-06-10T08:32:23","date_gmt":"2021-06-10T08:32:23","guid":{"rendered":"https:\/\/www.freebetbest.com\/moi-nhat-bong-ro-ca-cuoc-tien-thuong\/"},"modified":"2021-07-28T17:10:51","modified_gmt":"2021-07-28T17:10:51","slug":"moi-nhat-bong-ro-ca-cuoc-tien-thuong","status":"publish","type":"page","link":"https:\/\/www.freebetbest.com\/vi\/moi-nhat-bong-ro-ca-cuoc-tien-thuong\/","title":{"rendered":"Ti\u1ec1n th\u01b0\u1edfng C\u01b0\u1ee3c B\u00f3ng r\u1ed5 M\u1edbi nh\u1ea5t"},"content":{"rendered":"<h2>B\u00f3ng r\u1ed5 m\u1edbi nh\u1ea5t<a href=\"https:\/\/www.freebetbest.com\/vi\/trang-web-ca-cuoc\/\"> Ti\u1ec1n th\u01b0\u1edfng c\u00e1 c\u01b0\u1ee3c<\/a> trong c\u00e1c ho\u1ea1t \u0111\u1ed9ng th\u1ec3 thao<\/h2>\n<p>Nh\u01b0ng n\u00f3 \u0111\u1eb7c bi\u1ec7t th\u00edch h\u1ee3p cho nh\u1eefng t\u00edn \u0111\u1ed3 b\u00f3ng r\u1ed5 \u0111\u1ea1i h\u1ecdc. \u0110\u00e2y l\u00e0 boogie quan tr\u1ecdng. ph\u00e1t \u0111i\u00ean. Trong cu\u1ed9c thi phi h\u00e0nh \u0111o\u00e0n 68, \u0111\u1ed9i b\u00f3ng ch\u00e0y c\u1ee7a tr\u01b0\u1eddng \u0111\u1ea1i h\u1ecdc \u0111\u00e3 c\u1ea1nh tranh quy\u1ebft li\u1ec7t v\u00e0 gi\u00e0nh ch\u1ee9c v\u00f4 \u0111\u1ecbch li\u00ean bang. C\u00e1c \u0111\u1ed9i n\u00e0y ch\u1ec9 tham gia m\u1ed9t gi\u1ea3i \u0111\u1ea5u gi\u00e0n gi\u00e1o gi\u1ea3m d\u1ea7n, v\u00e0 cu\u1ed1i c\u00f9ng \u0111\u1ea1t \u0111\u1ebfn cao tr\u00e0o trong tr\u1eadn \u0111\u1ea5u cu\u1ed1i c\u00f9ng \u0111\u1ec3 ch\u1ecdn ra nh\u00e0 v\u00f4 \u0111\u1ecbch k\u00e9o d\u00e0i c\u1ea3 n\u0103m. Ki\u1ec3m tra Ti\u1ec1n th\u01b0\u1edfng C\u01b0\u1ee3c B\u00f3ng r\u1ed5 M\u1edbi nh\u1ea5t \u0111\u1ec3 bi\u1ebft th\u00eam.<\/p>\n<h3>C\u00e1c Ti\u1ec1n th\u01b0\u1edfng C\u01b0\u1ee3c B\u00f3ng r\u1ed5 M\u1edbi nh\u1ea5t<\/h3>\n<p>S\u1ed1 l\u01b0\u1ee3ng c\u00e1c \u0111\u1ed9ng t\u00e1c l\u1ed9n x\u1ed9n, m\u00e1y \u0111\u1eadp c\u00f2i v\u00e0 c\u00e1c m\u00e0n bi\u1ec3u di\u1ec5n c\u1eafn m\u00f3ng tay l\u00e0 \u0111\u1ee7 \u0111\u1ec3 cho ph\u00e9p b\u1ea1n th\u1ef1c hi\u1ec7n m\u1ed9t c\u00e1ch \u0111i\u00ean cu\u1ed3ng. \u0110\u00f3 l\u00e0 mong mu\u1ed1n c\u1ee7a m\u1ed9t ng\u01b0\u1eddi h\u00e2m m\u1ed9 c\u00e1c ho\u1ea1t \u0111\u1ed9ng th\u1ec3 thao c\u00f9ng v\u1edbi \u0111\u1ecba h\u00ecnh th\u1ea7n th\u00e1nh c\u1ee7a m\u1ed9t tay c\u00e1 c\u01b0\u1ee3c th\u1ec3 thao. S\u1ef1 th\u1eadt<\/p>\n<h3>N\u1ebfm v\u00e0 \u0111\u00e1nh gi\u00e1 cao. Ch\u00eca kh\u00f3a cho m\u1ed9t tr\u1ea3i nghi\u1ec7m ho\u00e0n ch\u1ec9nh l\u00e0 n\u1eafm b\u1eaft \u0111\u1ea7y \u0111\u1ee7 c\u00e1c kh\u1ea3 n\u0103ng trong tr\u00f2 ch\u01a1i.<\/h3>\n<p>Ch\u00fang t\u00f4i s\u1ebd h\u01b0\u1edbng d\u1eabn b\u1ea1n t\u1eebng b\u01b0\u1edbc. Gi\u1edbi thi\u1ec7u v\u1ec1 trang web c\u00e1 c\u01b0\u1ee3c Mar Madness. Th\u00f4ng tin b\u1ea1n c\u00f3 th\u1ec3 c\u1ea7n bi\u1ebft v\u00e0 th\u00eam th\u00f4ng tin \u0111\u1ec3 b\u1ea1n c\u00f3 th\u1ec3 t\u1eadn h\u01b0\u1edfng \u0111\u1ea7y \u0111\u1ee7. T\u1ea5t c\u1ea3 n\u1ed9i dung \u0111\u01b0\u1ee3c cung c\u1ea5p trong b\u1ed1n tu\u1ea7n tuy\u1ec7t v\u1eddi n\u00e0y. Ch\u00fang t\u00f4i c\u0169ng s\u1ebd gi\u1ea3i th\u00edch cho b\u1ea1n c\u00e1ch x\u00e1c \u0111\u1ecbnh trang web ch\u01a1i game Mar Madness hi\u1ec7u qu\u1ea3 nh\u1ea5t \u0111\u1ec3 \u0111\u1ea3m b\u1ea3o cho b\u1ea1n. K\u1ebft lu\u1eadn, Gamble tr\u00ean trang web \u0111\u00e1ng tin c\u1eady nh\u1ea5t c\u00f3 th\u1ec3 truy c\u1eadp.<\/p>\n<h3>B\u1ed9 \u0111\u1ed3 ch\u01a1i h\u00ecnh c\u1ea7u ban \u0111\u1ea7u quan tr\u1ecdng nh\u1ea5t c\u1ee7a Mar Madness<\/h3>\n<p>N\u1ebfu b\u1ea1n \u0111ang r\u1ea5t ph\u1ea5n kh\u00edch cho gi\u1ea3i \u0111\u1ea5u n\u0103m nay, b\u1ea1n c\u00f3 th\u1ec3 l\u00e0 m\u1ed9t trong s\u1ed1 r\u1ea5t nhi\u1ec1u ng\u01b0\u1eddi. Ch\u00fang t\u00f4i h\u01b0\u1edbng t\u1edbi b\u1eefa ti\u1ec7c quan tr\u1ecdng h\u00e0ng n\u0103m v\u00e0 kh\u00f4ng th\u1ec3 thi\u1ebfu h\u00e0nh \u0111\u1ed9ng c\u1ee7a m\u00ecnh. Nh\u01b0 \u0111\u00e3 n\u00f3i, c\u00f3 r\u1ea5t nhi\u1ec1u trang web v\u00e0 s\u00e1ch th\u1ec3 thao d\u1ef1a tr\u00ean internet \u0111\u1ec3 b\u1ea1n l\u1ef1a ch\u1ecdn \u0111\u1ec3 ch\u01a1i Mar Madness. K\u1ebft lu\u1eadn, Th\u00e0nh th\u1eadt m\u00e0 n\u00f3i, n\u00f3 c\u00f3 th\u1ec3 \u0111ang ch\u1ebf ng\u1ef1. R\u1ea5t may, ch\u00fang t\u00f4i \u1edf \u0111\u00e2y \u0111\u1ec3 gi\u00fap \u0111\u1ee1.<\/p>\n<h3>T\u1ea1i sao l\u1ea1i c\u00f3 c\u00e1c trang web c\u1edd b\u1ea1c \u0111i\u00ean r\u1ed3 trong th\u00e1ng 3 n\u00e0y?<\/h3>\n<p>Tin t\u1ed1t cho b\u1ea1n, ch\u00fang t\u00f4i kh\u00f4ng ch\u1ec9 l\u1ea5y t\u00ean c\u1ee7a c\u00e1c trang web tr\u00ean ra kh\u1ecfi m\u1ed9t c\u00e1i m\u0169. Ngo\u00e0i ra, ch\u00fang t\u00f4i \u0111\u00e3 d\u00e0nh r\u1ea5t nhi\u1ec1u th\u1eddi gian \u0111\u1ec3 ph\u00e2n t\u00edch m\u1ecdi quy tr\u00ecnh ph\u1eabu thu\u1eadt \u0111\u01b0\u1ee3c cung c\u1ea5p v\u1edbi m\u1ee5c ti\u00eau cu\u1ed1i c\u00f9ng l\u00e0 t\u00ecm ra Mar hi\u1ec7u qu\u1ea3 nh\u1ea5t Ti\u1ec1n th\u01b0\u1edfng c\u01b0\u1ee3c b\u00f3ng r\u1ed5 m\u1edbi nh\u1ea5t c\u1ee7a Madness . D\u01b0\u1edbi \u0111\u00e2y, ph\u1ea7n k\u1ebft lu\u1eadn, ch\u00fang t\u00f4i c\u00f3 th\u00eam m\u1ed9t s\u1ed1 th\u00f4ng tin chi ti\u1ebft \u0111\u1ec3 b\u1ea1n s\u1ebd c\u00f3 th\u00eam th\u00f4ng tin chi ti\u1ebft v\u1ec1 quy tr\u00ecnh \u0111a d\u1ea1ng chi ti\u1ebft c\u1ee7a ch\u00fang t\u00f4i h\u1eefu \u00edch \u0111\u1ec3 gi\u00fap ch\u00fang t\u00f4i thi\u1ebft l\u1eadp kem d\u01b0\u1ee1ng da c\u1ee7a c\u00e2y tr\u1ed3ng.<\/p>\n<h3>C\u00e1ch t\u1ed1i \u01b0u h\u00f3a b\u00f3ng r\u1ed5 c\u1ee7a b\u1ea1n<a href=\"https:\/\/www.freebetsinfo.co.uk\/free-bets\/\"> ti\u1ec1n th\u01b0\u1edfng tr\u00f2 ch\u01a1i<\/a><\/h3>\n<p>T\u1ea5t c\u1ea3 ti\u1ec1n th\u01b0\u1edfng NBA. V\u00e0 c\u00e1c ch\u01b0\u01a1ng tr\u00ecnh khuy\u1ebfn m\u00e3i ti\u1ebfp th\u1ecb c\u00e1 c\u01b0\u1ee3c th\u1ec3 thao n\u00f3i chung. M\u1ed7i ng\u01b0\u1eddi c\u00f3 m\u1ed9t ho\u00e0n c\u1ea3nh ri\u00eang. Th\u00f4ng th\u01b0\u1eddng, b\u1ea1n c\u1ea7n \u0111\u1eb7t m\u1ed9t s\u1ed1 c\u01b0\u1ee3c \u0111\u00e3 \u0111\u1ecbnh \u0111\u1ec3 lo\u1ea1i b\u1ecf l\u1ee3i th\u1ebf c\u1ee7a ti\u1ec1n th\u01b0\u1edfng.<\/p>\n<p>Tuy nhi\u00ean, nh\u1eefng ng\u01b0\u1eddi \u0111\u1eb7t c\u01b0\u1ee3c c\u00f3 k\u1ef9 n\u0103ng s\u1ebd h\u1ecdc h\u1ecfi \u0111\u01b0\u1ee3c. L\u00e0m th\u1ebf n\u00e0o \u0111\u1ec3 t\u1eadn d\u1ee5ng t\u1ed1i \u0111a nh\u1eefng \u01b0u \u0111\u00e3i n\u00e0y. C\u1ed1 g\u1eafng tr\u00e1nh gi\u1ea3m gi\u00e1 l\u00e0m t\u0103ng ph\u00ed l\u0103n b\u00e1nh. B\u1edfi v\u00ec ch\u00fang kh\u00f3 \u0111\u01b0\u1ee3c r\u00f5 r\u00e0ng.<\/p>\n<h3>C\u00f4ng ngh\u1ec7 \u0111a d\u1ea1ng<\/h3>\n<p>Khi v\u1ea5n \u0111\u1ec1 c\u1ee7a h\u1ecd \u0111\u01b0\u1ee3c \u0111\u00e1p \u1ee9ng, b\u1ea1n c\u00f3 th\u1ec3 t\u00ecm nhi\u1ec1u c\u00e1ch kh\u00e1c nhau. Quy \u0111\u1ed5i s\u1ed1 ti\u1ec1n khuy\u1ebfn m\u00e3i th\u00e0nh. Thu nh\u1eadp b\u1ed5 sung th\u1ef1c t\u1ebf trong t\u00e0i kho\u1ea3n c\u1ee7a b\u1ea1n.<\/p>\n<p>V\u00ed d\u1ee5, trong h\u1ea7u h\u1ebft m\u1ecdi tr\u01b0\u1eddng h\u1ee3p, vi\u1ec7c tham gia ti\u1ebfp th\u1ecb l\u00e0 mi\u1ec5n ph\u00ed. N\u00f3 l\u00e0 h\u1ee3p l\u00fd cho kho\u1ea3n thanh to\u00e1n ban \u0111\u1ea7u c\u1ee7a b\u1ea1n. N\u1ebfu ngu\u1ed3n cung c\u1ea5p \u0111\u00e1ng tin c\u1eady, b\u1ea1n ph\u1ea3i trong kh\u1ea3 n\u0103ng c\u1ee7a m\u00ecnh. L\u00e0m m\u1ecdi th\u1ee9 c\u00f3 th\u1ec3 \u0111\u1ec3 nh\u1eadn \u0111\u01b0\u1ee3c s\u1ed1 ti\u1ec1n l\u1edbn nh\u1ea5t.<\/p>\n<p>N\u1ebfu \u0111\u01b0\u1ee3c cung c\u1ea5p b\u1edfi trang web c\u00e1 c\u01b0\u1ee3c. L\u00ean \u0111\u1ebfn 50% ti\u1ec1n th\u01b0\u1edfng ph\u00f9 h\u1ee3p v\u1edbi 1.000 \u0111\u00f4 la, vui l\u00f2ng th\u1eed tr\u1ea3 2.000 \u0111\u00f4 la. \u0110\u1ec3 nh\u1eadn ph\u1ea7n th\u01b0\u1edfng l\u00ean \u0111\u1ebfn 1.000 \u0111\u00f4 la. T\u1eeb \u0111\u00f3, b\u1ea1n c\u00f3 th\u1ec3 th\u1eed nhi\u1ec1u lo\u1ea1i c\u01b0\u1ee3c. V\u00e0 tham gia mi\u1ec5n ph\u00ed.<\/p>\n<h3>Ph\u1ea7n th\u01b0\u1edfng l\u0103n b\u00e1nh<\/h3>\n<p>Rollovers c\u00f3 trong t\u1ea5t c\u1ea3 c\u00e1c cu\u1ed9c thi th\u1ec3 thao. M\u1ed9t trong nh\u1eefng ch\u1ee7 \u0111\u1ec1 b\u1ecb hi\u1ec3u l\u1ea7m. N\u1ebfu b\u1ea1n \u0111\u0103ng k\u00fd tr\u00ean trang web c\u1edd b\u1ea1c NBA, b\u1ea1n s\u1ebd nh\u1eadn \u0111\u01b0\u1ee3c ti\u1ec1n th\u01b0\u1edfng ti\u1ec1n g\u1eedi trong h\u1ea7u h\u1ebft c\u00e1c tr\u01b0\u1eddng h\u1ee3p. Ph\u1ea7n th\u01b0\u1edfng n\u00e0y l\u00e0 m\u1ed9t tr\u00f2 ch\u01a1i mi\u1ec5n ph\u00ed. Ho\u1eb7c t\u00e0i tr\u1ee3 ti\u1ec1n th\u01b0\u1edfng b\u1ed5 sung \u0111\u01b0\u1ee3c cung c\u1ea5p.<\/p>\n<p>Ti\u1ec1n th\u01b0\u1edfng t\u1ed1t h\u01a1n ti\u1ec1n th\u01b0\u1edfng tr\u00f2 ch\u01a1i mi\u1ec5n ph\u00ed. C\u00f3 nhi\u1ec1u l\u1ee3i \u00edch h\u01a1n, nh\u01b0ng n\u01b0\u1edbc ch\u1ea3y c\u00f3 t\u00e1c d\u1ee5ng nh\u01b0 nhau \u0111\u1ed1i v\u1edbi c\u1ea3 hai lo\u1ea1i.<\/p>\n<p>Doanh thu l\u00e0 s\u1ed1 ti\u1ec1n b\u1ea1n n\u00ean \u0111\u1eb7t c\u01b0\u1ee3c \u0111\u1ec3 b\u1ea1n c\u00f3 th\u1ec3 &#8220;x\u00f3a&#8221; ti\u1ec1n th\u01b0\u1edfng th\u00eam c\u1ee7a m\u00ecnh, v\u1ec1 c\u01a1 b\u1ea3n tr\u01b0\u1edbc khi b\u1ea1n r\u00fat b\u1ea5t k\u1ef3 kho\u1ea3n thu nh\u1eadp n\u00e0o. S\u1ed1 ti\u1ec1n ph\u1ea3i \u0111\u01b0\u1ee3c \u0111\u00e1nh b\u1ea1c.<\/p>\n<p><!-- \/wp:post-content --><\/p>\n<p><!-- wp:paragraph \/--><\/p>\n","protected":false},"excerpt":{"rendered":"<p>V\u1edbi s\u1ef1 gia t\u0103ng c\u1ee7a c\u00e1c ho\u1ea1t \u0111\u1ed9ng th\u1ec3 thao h\u1ee3p ph\u00e1p, nh\u00f3m t\u1ed5ng quan c\u1ee7a ch\u00fang t\u00f4i ki\u1ec3m so\u00e1t t\u1ea5t c\u1ea3 c\u00e1c \u01b0u \u0111\u00e3i v\u00e0 thay \u0111\u1ed5i ti\u1ec1n th\u01b0\u1edfng m\u1edbi nh\u1ea5t \u0111\u1ed1i v\u1edbi c\u00e1c \u1ee9ng d\u1ee5ng c\u00e1 c\u01b0\u1ee3c v\u00e0 c\u00e1 c\u01b0\u1ee3c b\u00f3ng r\u1ed5 h\u00e0ng \u0111\u1ea7u<\/p>\n<div class=\"hero-cup-section\">\n<div class=\"row mb-4\">\n<div class=\"col-md-7\">\n<div class=\"section-area\">\n<div class=\"section-list\">\n<li style=\"text-align: left\"><img decoding=\"async\" src=\"https:\/\/www.freebetbest.com\/wp-content\/uploads\/2021\/06\/tick.png\" alt=\"C\u00e1c m\u00f4n th\u1ec3 thao\"> Casino th\u1ec3 thao ti\u1ec1n th\u01b0\u1edfng ch\u00e0o m\u1eebng.<\/li>\n<li style=\"text-align: left\"><img decoding=\"async\" src=\"https:\/\/www.freebetbest.com\/wp-content\/uploads\/2021\/06\/tick.png\" alt=\"cung c\u1ea5p tr\u00f2 ch\u01a1i\"> \u01afu \u0111\u00e3i v\u00e0 khuy\u1ebfn m\u00e3i c\u1ee7a nh\u00e0 c\u00e1i tr\u1ef1c tuy\u1ebfn.<\/li>\n<li style=\"text-align: left\"><img decoding=\"async\" src=\"https:\/\/www.freebetbest.com\/wp-content\/uploads\/2021\/06\/tick.png\" alt=\"cung c\u1ea5p tr\u00f2 ch\u01a1i\"> C\u00e1c nh\u00e0 c\u00e1i tr\u1ef1c tuy\u1ebfn t\u1ed1t nh\u1ea5t m\u00e0 b\u1ea1n c\u00f3 th\u1ec3 tin t\u01b0\u1edfng.<\/li>\n<li style=\"text-align: left\"><img decoding=\"async\" src=\"https:\/\/www.freebetbest.com\/wp-content\/uploads\/2021\/06\/tick.png\" alt=\"C\u00f3 th\u1ea9m quy\u1ec1n\"> \u0110\u00e1nh gi\u00e1 c\u00f3 th\u1ea9m quy\u1ec1n An to\u00e0n \u0111\u00e1ng tin c\u1eady.<\/li>\n<li style=\"text-align: left\"><img decoding=\"async\" src=\"https:\/\/www.freebetbest.com\/wp-content\/uploads\/2021\/06\/tick.png\" alt=\"R\u00fat ti\u1ec1n nhanh ch\u00f3ng\"> H\u1ed7 tr\u1ee3 APP di \u0111\u1ed9ng, R\u00fat ti\u1ec1n nhanh ch\u00f3ng.<\/li>\n<li style=\"text-align: left\"><img decoding=\"async\" src=\"https:\/\/www.freebetbest.com\/wp-content\/uploads\/2021\/06\/tick.png\" alt=\"H\u1ed7 tr\u1ee3 kh\u00e1ch h\u00e0ng\"> H\u1ed7 tr\u1ee3 kh\u00e1ch h\u00e0ng: 365 ng\u00e0y, 24 gi\u1edd m\u1ed9t ng\u00e0y.<\/li>\n<\/div>\n<\/div>\n<\/div>\n<div class=\"col-md-5\">\n<div class=\"cup-img\"><img decoding=\"async\" src=\"https:\/\/www.freebetbest.com\/wp-content\/uploads\/2021\/06\/sport-2.png\" alt=\"freebetbest\"><\/div>\n<\/div>\n<\/div>\n","protected":false},"author":1,"featured_media":125099,"parent":0,"menu_order":0,"comment_status":"closed","ping_status":"closed","template":"Sports-template.php","meta":{"footnotes":""},"class_list":["post-130257","page","type-page","status-publish","has-post-thumbnail","hentry"],"yoast_head":"<!-- This site is optimized with the Yoast SEO Premium plugin v19.5 (Yoast SEO v27.0) - https:\/\/yoast.com\/product\/yoast-seo-premium-wordpress\/ -->\n<title>Ti\u1ec1n th\u01b0\u1edfng C\u01b0\u1ee3c B\u00f3ng r\u1ed5 M\u1edbi nh\u1ea5t Kh\u00e1ch h\u00e0ng m\u1edbi Ph\u1ea7n th\u01b0\u1edfng khi \u0111\u0103ng k\u00fd<\/title>\n<meta name=\"description\" content=\"Ti\u1ec1n th\u01b0\u1edfng C\u01b0\u1ee3c B\u00f3ng r\u1ed5 M\u1edbi nh\u1ea5t Nh\u00e0 c\u00e1i tr\u1ef1c tuy\u1ebfn t\u1ed1t nh\u1ea5t, Cung c\u1ea5p c\u00e1 c\u01b0\u1ee3c th\u1ec3 thao, s\u00f2ng b\u1ea1c, poker, bingo &amp; di \u0111\u1ed9ng, C\u01b0\u1ee3c mi\u1ec5n ph\u00ed kh\u00f4ng c\u1ea7n g\u1eedi ti\u1ec1n\" \/>\n<meta name=\"robots\" content=\"index, follow, max-snippet:-1, max-image-preview:large, max-video-preview:-1\" \/>\n<link rel=\"canonical\" href=\"https:\/\/www.freebetbest.com\/vi\/moi-nhat-bong-ro-ca-cuoc-tien-thuong\/\" \/>\n<meta property=\"og:locale\" content=\"vi_VN\" \/>\n<meta property=\"og:type\" content=\"article\" \/>\n<meta property=\"og:title\" content=\"Ti\u1ec1n th\u01b0\u1edfng C\u01b0\u1ee3c B\u00f3ng r\u1ed5 M\u1edbi nh\u1ea5t\" \/>\n<meta property=\"og:description\" content=\"Ti\u1ec1n th\u01b0\u1edfng C\u01b0\u1ee3c B\u00f3ng r\u1ed5 M\u1edbi nh\u1ea5t Nh\u00e0 c\u00e1i tr\u1ef1c tuy\u1ebfn t\u1ed1t nh\u1ea5t, Cung c\u1ea5p c\u00e1 c\u01b0\u1ee3c th\u1ec3 thao, s\u00f2ng b\u1ea1c, poker, bingo &amp; di \u0111\u1ed9ng, C\u01b0\u1ee3c mi\u1ec5n ph\u00ed kh\u00f4ng c\u1ea7n g\u1eedi ti\u1ec1n\" \/>\n<meta property=\"og:url\" content=\"https:\/\/www.freebetbest.com\/vi\/moi-nhat-bong-ro-ca-cuoc-tien-thuong\/\" \/>\n<meta property=\"og:site_name\" content=\"Nh\u00e0 c\u00e1i c\u00e1 c\u01b0\u1ee3c tr\u1ef1c tuy\u1ebfn t\u1ed1t nh\u1ea5t | C\u00e1 C\u01b0\u1ee3c b\u00f3ng \u0111\u00e1 online t\u1ed1t nh\u1ea5t | Th\u00f4ng tin c\u00e1 c\u01b0\u1ee3c mi\u1ec5n ph\u00ed.\" \/>\n<meta property=\"article:modified_time\" content=\"2021-07-28T17:10:51+00:00\" \/>\n<meta property=\"og:image\" content=\"https:\/\/www.freebetbest.com\/wp-content\/uploads\/2021\/06\/basketball-betting-scaled.jpg\" \/>\n\t<meta property=\"og:image:width\" content=\"500\" \/>\n\t<meta property=\"og:image:height\" content=\"120\" \/>\n\t<meta property=\"og:image:type\" content=\"image\/jpeg\" \/>\n<meta name=\"twitter:card\" content=\"summary_large_image\" \/>\n<meta name=\"twitter:label1\" content=\"Est. reading time\" \/>\n\t<meta name=\"twitter:data1\" content=\"3 minutes\" \/>\n<script type=\"application\/ld+json\" class=\"yoast-schema-graph\">{\"@context\":\"https:\/\/schema.org\",\"@graph\":[{\"@type\":\"WebPage\",\"@id\":\"https:\/\/www.freebetbest.com\/vi\/moi-nhat-bong-ro-ca-cuoc-tien-thuong\/\",\"url\":\"https:\/\/www.freebetbest.com\/vi\/moi-nhat-bong-ro-ca-cuoc-tien-thuong\/\",\"name\":\"Ti\u1ec1n th\u01b0\u1edfng C\u01b0\u1ee3c B\u00f3ng r\u1ed5 M\u1edbi nh\u1ea5t Kh\u00e1ch h\u00e0ng m\u1edbi Ph\u1ea7n th\u01b0\u1edfng khi \u0111\u0103ng k\u00fd\",\"isPartOf\":{\"@id\":\"https:\/\/www.freebetbest.com\/vi\/#website\"},\"primaryImageOfPage\":{\"@id\":\"https:\/\/www.freebetbest.com\/vi\/moi-nhat-bong-ro-ca-cuoc-tien-thuong\/#primaryimage\"},\"image\":{\"@id\":\"https:\/\/www.freebetbest.com\/vi\/moi-nhat-bong-ro-ca-cuoc-tien-thuong\/#primaryimage\"},\"thumbnailUrl\":\"https:\/\/www.freebetbest.com\/wp-content\/uploads\/2021\/06\/basketball-betting-scaled.jpg\",\"datePublished\":\"2021-06-10T08:32:23+00:00\",\"dateModified\":\"2021-07-28T17:10:51+00:00\",\"description\":\"Ti\u1ec1n th\u01b0\u1edfng C\u01b0\u1ee3c B\u00f3ng r\u1ed5 M\u1edbi nh\u1ea5t Nh\u00e0 c\u00e1i tr\u1ef1c tuy\u1ebfn t\u1ed1t nh\u1ea5t, Cung c\u1ea5p c\u00e1 c\u01b0\u1ee3c th\u1ec3 thao, s\u00f2ng b\u1ea1c, poker, bingo & di \u0111\u1ed9ng, C\u01b0\u1ee3c mi\u1ec5n ph\u00ed kh\u00f4ng c\u1ea7n g\u1eedi ti\u1ec1n\",\"breadcrumb\":{\"@id\":\"https:\/\/www.freebetbest.com\/vi\/moi-nhat-bong-ro-ca-cuoc-tien-thuong\/#breadcrumb\"},\"inLanguage\":\"vi-VN\",\"potentialAction\":[{\"@type\":\"ReadAction\",\"target\":[\"https:\/\/www.freebetbest.com\/vi\/moi-nhat-bong-ro-ca-cuoc-tien-thuong\/\"]}]},{\"@type\":\"ImageObject\",\"inLanguage\":\"vi-VN\",\"@id\":\"https:\/\/www.freebetbest.com\/vi\/moi-nhat-bong-ro-ca-cuoc-tien-thuong\/#primaryimage\",\"url\":\"https:\/\/www.freebetbest.com\/wp-content\/uploads\/2021\/06\/basketball-betting-scaled.jpg\",\"contentUrl\":\"https:\/\/www.freebetbest.com\/wp-content\/uploads\/2021\/06\/basketball-betting-scaled.jpg\",\"width\":500,\"height\":120,\"caption\":\"b\u00f3ng r\u1ed5-c\u00e1 c\u01b0\u1ee3c\"},{\"@type\":\"BreadcrumbList\",\"@id\":\"https:\/\/www.freebetbest.com\/vi\/moi-nhat-bong-ro-ca-cuoc-tien-thuong\/#breadcrumb\",\"itemListElement\":[{\"@type\":\"ListItem\",\"position\":1,\"name\":\"Home\",\"item\":\"https:\/\/www.freebetbest.com\/vi\/\"},{\"@type\":\"ListItem\",\"position\":2,\"name\":\"Ti\u1ec1n th\u01b0\u1edfng C\u01b0\u1ee3c B\u00f3ng r\u1ed5 M\u1edbi nh\u1ea5t\"}]},{\"@type\":\"WebSite\",\"@id\":\"https:\/\/www.freebetbest.com\/vi\/#website\",\"url\":\"https:\/\/www.freebetbest.com\/vi\/\",\"name\":\"Nh\u00e0 c\u00e1i c\u00e1 c\u01b0\u1ee3c tr\u1ef1c tuy\u1ebfn t\u1ed1t nh\u1ea5t | C\u00e1 C\u01b0\u1ee3c b\u00f3ng \u0111\u00e1 online t\u1ed1t nh\u1ea5t | Th\u00f4ng tin c\u00e1 c\u01b0\u1ee3c mi\u1ec5n ph\u00ed.\",\"description\":\"Nh\u00e0 c\u00e1i c\u00e1 c\u01b0\u1ee3c tr\u1ef1c tuy\u1ebfn t\u1ed1t nh\u1ea5t, C\u1ed5ng \u0111\u00e1nh b\u1ea1c h\u00e0ng \u0111\u1ea7u th\u1ebf gi\u1edbi, Cung c\u1ea5p th\u1ec3 thao, s\u00f2ng b\u1ea1c, poker, c\u00e1 c\u01b0\u1ee3c l\u00f4 t\u00f4 & di \u0111\u1ed9ng, Th\u00f4ng tin c\u00e1 c\u01b0\u1ee3c mi\u1ec5n ph\u00ed. Nh\u00e0 c\u00e1i c\u00e1 c\u01b0\u1ee3c tr\u1ef1c tuy\u1ebfn t\u1ed1t nh\u1ea5t Vi\u1ec7t Nam\",\"publisher\":{\"@id\":\"https:\/\/www.freebetbest.com\/vi\/#\/schema\/person\/292684ccf388a2362d507874c5b80a69\"},\"potentialAction\":[{\"@type\":\"SearchAction\",\"target\":{\"@type\":\"EntryPoint\",\"urlTemplate\":\"https:\/\/www.freebetbest.com\/vi\/?s={search_term_string}\"},\"query-input\":{\"@type\":\"PropertyValueSpecification\",\"valueRequired\":true,\"valueName\":\"search_term_string\"}}],\"inLanguage\":\"vi-VN\"},{\"@type\":[\"Person\",\"Organization\"],\"@id\":\"https:\/\/www.freebetbest.com\/vi\/#\/schema\/person\/292684ccf388a2362d507874c5b80a69\",\"name\":\"\u7ba1\u7406\",\"image\":{\"@type\":\"ImageObject\",\"inLanguage\":\"vi-VN\",\"@id\":\"https:\/\/www.freebetbest.com\/vi\/#\/schema\/person\/image\/\",\"url\":\"https:\/\/www.freebetbest.com\/wp-content\/litespeed\/avatar\/49696b52fb15293a2168c14964fdd8b9.jpg?ver=1777439934\",\"contentUrl\":\"https:\/\/www.freebetbest.com\/wp-content\/litespeed\/avatar\/49696b52fb15293a2168c14964fdd8b9.jpg?ver=1777439934\",\"caption\":\"\u7ba1\u7406\"},\"logo\":{\"@id\":\"https:\/\/www.freebetbest.com\/vi\/#\/schema\/person\/image\/\"},\"sameAs\":[\"admin\"]}]}<\/script>\n<!-- \/ Yoast SEO Premium plugin. -->","yoast_head_json":{"title":"Ti\u1ec1n th\u01b0\u1edfng C\u01b0\u1ee3c B\u00f3ng r\u1ed5 M\u1edbi nh\u1ea5t Kh\u00e1ch h\u00e0ng m\u1edbi Ph\u1ea7n th\u01b0\u1edfng khi \u0111\u0103ng k\u00fd","description":"Ti\u1ec1n th\u01b0\u1edfng C\u01b0\u1ee3c B\u00f3ng r\u1ed5 M\u1edbi nh\u1ea5t Nh\u00e0 c\u00e1i tr\u1ef1c tuy\u1ebfn t\u1ed1t nh\u1ea5t, Cung c\u1ea5p c\u00e1 c\u01b0\u1ee3c th\u1ec3 thao, s\u00f2ng b\u1ea1c, poker, bingo & di \u0111\u1ed9ng, C\u01b0\u1ee3c mi\u1ec5n ph\u00ed kh\u00f4ng c\u1ea7n g\u1eedi ti\u1ec1n","robots":{"index":"index","follow":"follow","max-snippet":"max-snippet:-1","max-image-preview":"max-image-preview:large","max-video-preview":"max-video-preview:-1"},"canonical":"https:\/\/www.freebetbest.com\/vi\/moi-nhat-bong-ro-ca-cuoc-tien-thuong\/","og_locale":"vi_VN","og_type":"article","og_title":"Ti\u1ec1n th\u01b0\u1edfng C\u01b0\u1ee3c B\u00f3ng r\u1ed5 M\u1edbi nh\u1ea5t","og_description":"Ti\u1ec1n th\u01b0\u1edfng C\u01b0\u1ee3c B\u00f3ng r\u1ed5 M\u1edbi nh\u1ea5t Nh\u00e0 c\u00e1i tr\u1ef1c tuy\u1ebfn t\u1ed1t nh\u1ea5t, Cung c\u1ea5p c\u00e1 c\u01b0\u1ee3c th\u1ec3 thao, s\u00f2ng b\u1ea1c, poker, bingo & di \u0111\u1ed9ng, C\u01b0\u1ee3c mi\u1ec5n ph\u00ed kh\u00f4ng c\u1ea7n g\u1eedi ti\u1ec1n","og_url":"https:\/\/www.freebetbest.com\/vi\/moi-nhat-bong-ro-ca-cuoc-tien-thuong\/","og_site_name":"Nh\u00e0 c\u00e1i c\u00e1 c\u01b0\u1ee3c tr\u1ef1c tuy\u1ebfn t\u1ed1t nh\u1ea5t | C\u00e1 C\u01b0\u1ee3c b\u00f3ng \u0111\u00e1 online t\u1ed1t nh\u1ea5t | Th\u00f4ng tin c\u00e1 c\u01b0\u1ee3c mi\u1ec5n ph\u00ed.","article_modified_time":"2021-07-28T17:10:51+00:00","og_image":[{"width":500,"height":120,"url":"https:\/\/www.freebetbest.com\/wp-content\/uploads\/2021\/06\/basketball-betting-scaled.jpg","type":"image\/jpeg"}],"twitter_card":"summary_large_image","twitter_misc":{"Est. reading time":"3 minutes"},"schema":{"@context":"https:\/\/schema.org","@graph":[{"@type":"WebPage","@id":"https:\/\/www.freebetbest.com\/vi\/moi-nhat-bong-ro-ca-cuoc-tien-thuong\/","url":"https:\/\/www.freebetbest.com\/vi\/moi-nhat-bong-ro-ca-cuoc-tien-thuong\/","name":"Ti\u1ec1n th\u01b0\u1edfng C\u01b0\u1ee3c B\u00f3ng r\u1ed5 M\u1edbi nh\u1ea5t Kh\u00e1ch h\u00e0ng m\u1edbi Ph\u1ea7n th\u01b0\u1edfng khi \u0111\u0103ng k\u00fd","isPartOf":{"@id":"https:\/\/www.freebetbest.com\/vi\/#website"},"primaryImageOfPage":{"@id":"https:\/\/www.freebetbest.com\/vi\/moi-nhat-bong-ro-ca-cuoc-tien-thuong\/#primaryimage"},"image":{"@id":"https:\/\/www.freebetbest.com\/vi\/moi-nhat-bong-ro-ca-cuoc-tien-thuong\/#primaryimage"},"thumbnailUrl":"https:\/\/www.freebetbest.com\/wp-content\/uploads\/2021\/06\/basketball-betting-scaled.jpg","datePublished":"2021-06-10T08:32:23+00:00","dateModified":"2021-07-28T17:10:51+00:00","description":"Ti\u1ec1n th\u01b0\u1edfng C\u01b0\u1ee3c B\u00f3ng r\u1ed5 M\u1edbi nh\u1ea5t Nh\u00e0 c\u00e1i tr\u1ef1c tuy\u1ebfn t\u1ed1t nh\u1ea5t, Cung c\u1ea5p c\u00e1 c\u01b0\u1ee3c th\u1ec3 thao, s\u00f2ng b\u1ea1c, poker, bingo & di \u0111\u1ed9ng, C\u01b0\u1ee3c mi\u1ec5n ph\u00ed kh\u00f4ng c\u1ea7n g\u1eedi ti\u1ec1n","breadcrumb":{"@id":"https:\/\/www.freebetbest.com\/vi\/moi-nhat-bong-ro-ca-cuoc-tien-thuong\/#breadcrumb"},"inLanguage":"vi-VN","potentialAction":[{"@type":"ReadAction","target":["https:\/\/www.freebetbest.com\/vi\/moi-nhat-bong-ro-ca-cuoc-tien-thuong\/"]}]},{"@type":"ImageObject","inLanguage":"vi-VN","@id":"https:\/\/www.freebetbest.com\/vi\/moi-nhat-bong-ro-ca-cuoc-tien-thuong\/#primaryimage","url":"https:\/\/www.freebetbest.com\/wp-content\/uploads\/2021\/06\/basketball-betting-scaled.jpg","contentUrl":"https:\/\/www.freebetbest.com\/wp-content\/uploads\/2021\/06\/basketball-betting-scaled.jpg","width":500,"height":120,"caption":"b\u00f3ng r\u1ed5-c\u00e1 c\u01b0\u1ee3c"},{"@type":"BreadcrumbList","@id":"https:\/\/www.freebetbest.com\/vi\/moi-nhat-bong-ro-ca-cuoc-tien-thuong\/#breadcrumb","itemListElement":[{"@type":"ListItem","position":1,"name":"Home","item":"https:\/\/www.freebetbest.com\/vi\/"},{"@type":"ListItem","position":2,"name":"Ti\u1ec1n th\u01b0\u1edfng C\u01b0\u1ee3c B\u00f3ng r\u1ed5 M\u1edbi nh\u1ea5t"}]},{"@type":"WebSite","@id":"https:\/\/www.freebetbest.com\/vi\/#website","url":"https:\/\/www.freebetbest.com\/vi\/","name":"Nh\u00e0 c\u00e1i c\u00e1 c\u01b0\u1ee3c tr\u1ef1c tuy\u1ebfn t\u1ed1t nh\u1ea5t | C\u00e1 C\u01b0\u1ee3c b\u00f3ng \u0111\u00e1 online t\u1ed1t nh\u1ea5t | Th\u00f4ng tin c\u00e1 c\u01b0\u1ee3c mi\u1ec5n ph\u00ed.","description":"Nh\u00e0 c\u00e1i c\u00e1 c\u01b0\u1ee3c tr\u1ef1c tuy\u1ebfn t\u1ed1t nh\u1ea5t, C\u1ed5ng \u0111\u00e1nh b\u1ea1c h\u00e0ng \u0111\u1ea7u th\u1ebf gi\u1edbi, Cung c\u1ea5p th\u1ec3 thao, s\u00f2ng b\u1ea1c, poker, c\u00e1 c\u01b0\u1ee3c l\u00f4 t\u00f4 & di \u0111\u1ed9ng, Th\u00f4ng tin c\u00e1 c\u01b0\u1ee3c mi\u1ec5n ph\u00ed. Nh\u00e0 c\u00e1i c\u00e1 c\u01b0\u1ee3c tr\u1ef1c tuy\u1ebfn t\u1ed1t nh\u1ea5t Vi\u1ec7t Nam","publisher":{"@id":"https:\/\/www.freebetbest.com\/vi\/#\/schema\/person\/292684ccf388a2362d507874c5b80a69"},"potentialAction":[{"@type":"SearchAction","target":{"@type":"EntryPoint","urlTemplate":"https:\/\/www.freebetbest.com\/vi\/?s={search_term_string}"},"query-input":{"@type":"PropertyValueSpecification","valueRequired":true,"valueName":"search_term_string"}}],"inLanguage":"vi-VN"},{"@type":["Person","Organization"],"@id":"https:\/\/www.freebetbest.com\/vi\/#\/schema\/person\/292684ccf388a2362d507874c5b80a69","name":"\u7ba1\u7406","image":{"@type":"ImageObject","inLanguage":"vi-VN","@id":"https:\/\/www.freebetbest.com\/vi\/#\/schema\/person\/image\/","url":"https:\/\/www.freebetbest.com\/wp-content\/litespeed\/avatar\/49696b52fb15293a2168c14964fdd8b9.jpg?ver=1777439934","contentUrl":"https:\/\/www.freebetbest.com\/wp-content\/litespeed\/avatar\/49696b52fb15293a2168c14964fdd8b9.jpg?ver=1777439934","caption":"\u7ba1\u7406"},"logo":{"@id":"https:\/\/www.freebetbest.com\/vi\/#\/schema\/person\/image\/"},"sameAs":["admin"]}]}},"_links":{"self":[{"href":"https:\/\/www.freebetbest.com\/vi\/wp-json\/wp\/v2\/pages\/130257","targetHints":{"allow":["GET"]}}],"collection":[{"href":"https:\/\/www.freebetbest.com\/vi\/wp-json\/wp\/v2\/pages"}],"about":[{"href":"https:\/\/www.freebetbest.com\/vi\/wp-json\/wp\/v2\/types\/page"}],"author":[{"embeddable":true,"href":"https:\/\/www.freebetbest.com\/vi\/wp-json\/wp\/v2\/users\/1"}],"replies":[{"embeddable":true,"href":"https:\/\/www.freebetbest.com\/vi\/wp-json\/wp\/v2\/comments?post=130257"}],"version-history":[{"count":0,"href":"https:\/\/www.freebetbest.com\/vi\/wp-json\/wp\/v2\/pages\/130257\/revisions"}],"wp:featuredmedia":[{"embeddable":true,"href":"https:\/\/www.freebetbest.com\/vi\/wp-json\/wp\/v2\/media\/125099"}],"wp:attachment":[{"href":"https:\/\/www.freebetbest.com\/vi\/wp-json\/wp\/v2\/media?parent=130257"}],"curies":[{"name":"wp","href":"https:\/\/api.w.org\/{rel}","templated":true}]}}