{"id":130213,"date":"2021-06-10T07:49:43","date_gmt":"2021-06-10T07:49:43","guid":{"rendered":"https:\/\/www.freebetbest.com\/moi-nhat-bong-chay-ca-cuoc-tien-thuong\/"},"modified":"2021-07-28T17:09:13","modified_gmt":"2021-07-28T17:09:13","slug":"moi-nhat-bong-chay-ca-cuoc-tien-thuong","status":"publish","type":"page","link":"https:\/\/www.freebetbest.com\/vi\/moi-nhat-bong-chay-ca-cuoc-tien-thuong\/","title":{"rendered":"Ti\u1ec1n th\u01b0\u1edfng c\u01b0\u1ee3c b\u00f3ng ch\u00e0y m\u1edbi nh\u1ea5t"},"content":{"rendered":"<h3 class=\"level_0\">B\u00f3ng ch\u00e0y m\u1edbi nh\u1ea5t<a href=\"https:\/\/www.freebetsinfo.co.uk\/free-bets\/\"> Ti\u1ec1n th\u01b0\u1edfng c\u00e1 c\u01b0\u1ee3c<\/a> tr\u00f2 ch\u01a1i c\u00e1 c\u01b0\u1ee3c<\/h3>\n<p>V\u00ed d\u1ee5: n\u1ebfu St. Louis l\u00e0 +150 v\u00e0 Cincinnati l\u00e0 -170, th\u00ec Cincinnati l\u00e0 \u0111\u1ed9i n\u1ed5i ti\u1ebfng nh\u1ea5t v\u00e0 b\u1ea1n c\u1ea7n \u0111\u1eb7t c\u01b0\u1ee3c 170 \u0111\u00f4 la \u0111\u1ec3 gi\u00e0nh \u0111\u01b0\u1ee3c 100 \u0111\u00f4 la. N\u1ebfu b\u1ea1n \u0111\u1eb7t 100 \u0111\u00f4 la v\u00e0o St. Louis v\u00e0 h\u1ecd th\u1eafng, b\u1ea1n s\u1ebd th\u1eafng 150 \u0111\u00f4 la. ch\u1eafc ch\u1eafn. B\u1ea1n c\u00f3 th\u1ec3 s\u1eed d\u1ee5ng Ti\u1ec1n th\u01b0\u1edfng C\u01b0\u1ee3c B\u00f3ng ch\u00e0y M\u1edbi nh\u1ea5t. \u0110\u1eb7t c\u01b0\u1ee3c<\/p>\n<h3 class=\"level_0\">Ti\u1ec1n th\u01b0\u1edfng c\u01b0\u1ee3c b\u00f3ng ch\u00e0y m\u1edbi nh\u1ea5t tr\u00ean m\u1ed9t \u0111\u1ed9i y\u1ebfu h\u01a1n c\u00f3 th\u1ec3 mang l\u1ea1i chi\u1ebfn th\u1eafng \u0111\u00e1ng k\u1ec3 n\u1ebfu h\u1ecd xoay s\u1edf \u0111\u1ec3 v\u01b0\u1ee3t qua n\u1ed7i bu\u1ed3n V\u1edbi r\u1ea5t nhi\u1ec1u tr\u1eadn \u0111\u1ea5u m\u00f9a gi\u1ea3i th\u01b0\u1eddng xuy\u00ean<\/h3>\n<p class=\"level_0\">\u0110i\u1ec1u quan tr\u1ecdng l\u00e0 ph\u1ea3i bi\u1ebft c\u00e1c \u0111\u1ed9i \u0111ang c\u00f3 xu h\u01b0\u1edbng nh\u01b0 th\u1ebf n\u00e0o v\u00e0 b\u00ecnh \u0111\u1eb3ng, ch\u00fa \u00fd \u0111\u1ebfn nh\u1eefng ng\u01b0\u1eddi \u0111ang ch\u01a1i trong m\u1ed7i \u0111\u1ed9i, \u0111\u1eb7c bi\u1ec7t l\u00e0 ng\u01b0\u1eddi n\u00e9m b\u00f3ng xu\u1ea5t ph\u00e1t. T\u00ecm ki\u1ebfm c\u00e1c l\u01b0\u1ee3t n\u00e9m b\u00f3ng, s\u1ed1 l\u1ea7n \u0111i b\u1ed9 c\u1ed9ng v\u1edbi s\u1ed1 l\u1ea7n \u0111\u00e1nh cho m\u1ed7i l\u01b0\u1ee3t ch\u01a1i \u0111\u01b0\u1ee3c n\u00e9m, m\u1ee9c trung b\u00ecnh ki\u1ebfm \u0111\u01b0\u1ee3c v\u00e0 chi\u1ebfn th\u1eafng tr\u00ean s\u1ed1 li\u1ec7u th\u1ed1ng k\u00ea c\u1ee7a c\u1ea7u th\u1ee7 thay th\u1ebf cho nh\u1eefng ng\u01b0\u1eddi n\u00e9m b\u00f3ng b\u1eaft \u0111\u1ea7u \u0111\u1ec3 gi\u00fap quy\u1ebft \u0111\u1ecbnh \u0111\u1eb7t c\u01b0\u1ee3c v\u00e0o \u0111\u1ed9i n\u00e0o.<\/p>\n<p class=\"level_0\">\u0110\u01b0\u1eddng ch\u1ea1y \u0110\u01b0\u1eddng ch\u1ea1y \u0110\u01b0\u1eddng ch\u1ea1y b\u00f3ng ch\u00e0y l\u00e0 m\u1ed9t c\u01b0\u1ee3c ch\u1ea5p \u0111i\u1ec3m ho\u1eb7c c\u01b0\u1ee3c ch\u1ea5p. C\u01b0\u1ee3c d\u1ef1a tr\u00ean m\u1ee9c ch\u00eanh l\u1ec7ch 1,5 \u0111i\u1ec3m. V\u00ec v\u1eady, n\u1ebfu Houston \u0111ang \u1edf m\u1ee9c +1,5 ch\u1ea1y v\u1edbi t\u1ef7 l\u1ec7 c\u01b0\u1ee3c +140 v\u00e0 Chicago l\u00e0 -1,5 l\u1ea7n ch\u1ea1y -110, \u0111\u1eb7t c\u01b0\u1ee3c 110 \u0111\u00f4 la v\u00e0o Chicago s\u1ebd \u0111\u01b0\u1ee3c y\u00eau c\u1ea7u gi\u00e0nh \u0111\u01b0\u1ee3c 100 \u0111\u00f4 la n\u1ebfu h\u1ecd th\u1eafng 1,5 l\u1ea7n tr\u1edf l\u00ean. S\u1ebd ph\u1ea3i tr\u1ea3 71,43 \u0111\u00f4 la \u0111\u1ec3 th\u1eafng 100 \u0111\u00f4 la khi \u0111\u1eb7t c\u01b0\u1ee3c r\u1eb1ng Houston s\u1ebd kh\u00f4ng thua qu\u00e1 m\u1ed9t l\u1ea7n.<\/p>\n<h3 class=\"level_0\"><a href=\"https:\/\/www.freebetbest.com\/vi\/trang-web-ca-cuoc\/\">Ti\u1ec1n th\u01b0\u1edfng c\u01b0\u1ee3c<\/a> b\u00f3ng ch\u00e0y m\u1edbi nh\u1ea5t C\u00e1c \u0111\u01b0\u1eddng ch\u1ea1y th\u01b0\u1eddng c\u00f3 th\u1ec3 c\u00f3 t\u1ef7 l\u1ec7 c\u01b0\u1ee3c r\u1ea5t kh\u00e1c nhau<\/h3>\n<p class=\"level_0\">so v\u1edbi c\u01b0\u1ee3c d\u00f2ng ti\u1ec1n, v\u00ec th\u1eafng c\u01b0\u1ee3c y\u00eau c\u1ea7u ph\u1ea3i \u0111\u1ea1t ng\u01b0\u1ee1ng 1,5 \u0111i\u1ec3m ngo\u00e0i vi\u1ec7c th\u1eafng tr\u00f2 ch\u01a1i v\u00e0 thua tr\u00f2 ch\u01a1i v\u1eabn c\u00f3 th\u1ec3 d\u1eabn \u0111\u1ebfn th\u1eafng c\u01b0\u1ee3c n\u1ebfu \u0111\u1ed9i kh\u00f4ng thua nhi\u1ec1u h\u01a1n m\u1ee9c ch\u00eanh l\u1ec7ch.<\/p>\n<p class=\"level_0\">T\u1ed5ng s\u1ed1 T\u1ed5ng ti\u1ec1n th\u01b0\u1edfng C\u01b0\u1ee3c B\u00f3ng ch\u00e0y M\u1edbi nh\u1ea5t l\u00e0 c\u01b0\u1ee3c d\u1ef1a tr\u00ean t\u1ed5ng s\u1ed1 l\u1ea7n ch\u1ea1y \u0111\u01b0\u1ee3c ghi trong m\u1ed9t tr\u00f2 ch\u01a1i. B\u1ea1n \u0111\u1eb7t c\u01b0\u1ee3c v\u00e0o vi\u1ec7c t\u1ed5ng s\u1ed1 l\u1ea7n ch\u1ea1y s\u1ebd l\u1edbn h\u01a1n hay th\u1ea5p h\u01a1n m\u1ed9t con s\u1ed1 do c\u00e1c nh\u00e0 cung c\u1ea5p t\u1ef7 l\u1ec7 c\u01b0\u1ee3c \u0111\u1eb7t. N\u1ebfu tr\u00ean \/ d\u01b0\u1edbi c\u1ee7a Seattle v\u00e0 Philadelphia l\u00e0 8, b\u1ea1n s\u1ebd c\u1ea7n \u00edt nh\u1ea5t 9 l\u1ea7n ch\u1ea1y \u0111\u01b0\u1ee3c ghi \u0111\u1ec3 gi\u00e0nh chi\u1ebfn th\u1eafng tr\u00ean v\u00e0 t\u1ed1i \u0111a 7 l\u1ea7n ghi \u0111\u01b0\u1ee3c \u0111\u1ec3 gi\u00e0nh chi\u1ebfn th\u1eafng d\u01b0\u1edbi.<\/p>\n<p class=\"level_0\">N\u1ebfu t\u1ef7 s\u1ed1 cu\u1ed1i c\u00f9ng l\u00e0 4-5, v\u1edbi t\u1ed5ng s\u1ed1 9 l\u01b0\u1ee3t ch\u1ea1y v\u00e0 b\u1ea1n \u0111\u1eb7t c\u01b0\u1ee3c v\u00e0o h\u01a1n, b\u1ea1n s\u1ebd th\u1eafng c\u01b0\u1ee3c.<\/p>\n<h3 class=\"level_0\">T\u1ed5ng s\u1ed1 b\u00f3ng ch\u00e0y th\u01b0\u1eddng \u0111\u01b0\u1ee3c \u0111\u1eb7t \u1edf m\u1ed9t con s\u1ed1 nh\u01b0 8,5.<\/h3>\n<p class=\"level_0\">\u0110i\u1ec1u n\u00e0y c\u00f3 ngh\u0129a l\u00e0 t\u1ed5ng \u0111i\u1ec3m. C\u00f3 th\u1ec3 m\u1ea5t 8 l\u1ea7n ho\u1eb7c \u00edt h\u01a1n. \u0111\u1ec3 th\u1eafng d\u01b0\u1edbi m\u1ec7nh ho\u1eb7c ph\u1ea3i m\u1ea5t 9 l\u1ea7n. \u0111\u1ec3 gi\u00e0nh chi\u1ebfn th\u1eafng l\u1edbn. \u0110i\u1ec1u n\u00e0y gi\u00fap tr\u00e1nh nh\u1eefng t\u00ecnh hu\u1ed1ng m\u00e0 l\u01b0\u1ee3t ch\u1ea1y cu\u1ed1i c\u00f9ng b\u1eb1ng t\u1ed5ng (g\u1ecdi l\u00e0 &#8220;push&#8221;). V\u00ec \u0111i\u1ec1u n\u00e0y kh\u00f4ng qu\u00e1 c\u0169ng kh\u00f4ng d\u01b0\u1edbi, s\u1ed1 ti\u1ec1n \u0111\u1eb7t c\u01b0\u1ee3c s\u1ebd \u0111\u01b0\u1ee3c ho\u00e0n tr\u1ea3. S\u1eed d\u1ee5ng s\u1ed1 nguy\u00ean cho b\u00f3ng ch\u00e0y. T\u1ed5ng c\u00e1 c\u01b0\u1ee3c c\u00f3 ngh\u0129a l\u00e0 th\u1ec9nh tho\u1ea3ng. S\u1ebd kh\u00f4ng c\u00f3 k\u1ebb th\u1eafng ng\u01b0\u1eddi thua. C\u01b0\u1ee3c xi\u00ean C\u01b0\u1ee3c xi\u00ean l\u00e0 \u0111\u1eb7t c\u01b0\u1ee3c v\u00e0o nhi\u1ec1u k\u1ebft qu\u1ea3 v\u00e0 b\u1ea1n c\u1ea7n ch\u1ecdn k\u1ebft qu\u1ea3 ch\u00ednh x\u00e1c.<\/p>\n<p class=\"level_0\">T\u1ea5t c\u1ea3 c\u00e1c k\u1ebft qu\u1ea3 s\u1ebd chi\u1ebfn th\u1eafng. V\u00ed d\u1ee5: n\u1ebfu b\u1ea1n \u0111\u1eb7t c\u01b0\u1ee3c 100 \u0111\u00f4 la \u1edf New York v\u00e0 Los Angeles, b\u1ea1n c\u1ea7n c\u1ea3 hai \u0111\u1ed9i c\u00f9ng th\u1eafng. \u0110\u1ec3 th\u1eafng c\u01b0\u1ee3c. Cho r\u1eb1ng b\u1ea1n c\u1ea7n \u0111\u1eb7t c\u01b0\u1ee3c v\u00e0o to\u00e0n b\u1ed9 ti\u1ec1n c\u01b0\u1ee3c. X\u1eed l\u00fd ch\u00ednh x\u00e1c t\u1eebng k\u1ebft qu\u1ea3, ph\u1ea7n th\u01b0\u1edfng qu\u00e1 cao l\u00e0 m\u1ed9t lo\u1ea1i h\u00ecnh c\u00e1 c\u01b0\u1ee3c b\u00f3ng ch\u00e0y c\u00f3 r\u1ee7i ro cao h\u01a1n, nh\u01b0ng s\u1ebd mang l\u1ea1i l\u1ee3i nhu\u1eadn l\u1edbn h\u01a1n.<\/p>\n<p><!-- \/wp:post-content --><\/p>\n<p><!-- wp:paragraph \/--><\/p>\n","protected":false},"excerpt":{"rendered":"<p>V\u1edbi t\u1ea5t c\u1ea3 vi\u1ec7c m\u1edf r\u1ed9ng c\u1edd b\u1ea1c th\u1ec3 thao \u0111\u01b0\u1ee3c \u1ee7y quy\u1ec1n, nh\u00f3m t\u1ed5ng quan c\u1ee7a ch\u00fang t\u00f4i ki\u1ec3m so\u00e1t m\u1ecdi l\u1ee3i \u00edch v\u00e0 thay \u0111\u1ed5i m\u1edbi nh\u1ea5t c\u1ee7a c\u00e1c \u1ee9ng d\u1ee5ng tr\u00f2 ch\u01a1i v\u00e0 c\u00e1 c\u01b0\u1ee3c b\u00f3ng ch\u00e0y h\u00e0ng \u0111\u1ea7u<\/p>\n<div class=\"hero-cup-section\">\n<div class=\"row mb-4\">\n<div class=\"col-md-7\">\n<div class=\"section-area\">\n<div class=\"section-list\">\n<li style=\"text-align: left\"><img decoding=\"async\" src=\"https:\/\/www.freebetbest.com\/wp-content\/uploads\/2021\/06\/tick.png\" alt=\"C\u00e1c m\u00f4n th\u1ec3 thao\"> Casino th\u1ec3 thao ti\u1ec1n th\u01b0\u1edfng ch\u00e0o m\u1eebng.<\/li>\n<li style=\"text-align: left\"><img decoding=\"async\" src=\"https:\/\/www.freebetbest.com\/wp-content\/uploads\/2021\/06\/tick.png\" alt=\"cung c\u1ea5p tr\u00f2 ch\u01a1i\"> \u01afu \u0111\u00e3i v\u00e0 khuy\u1ebfn m\u00e3i c\u1ee7a nh\u00e0 c\u00e1i tr\u1ef1c tuy\u1ebfn.<\/li>\n<li style=\"text-align: left\"><img decoding=\"async\" src=\"https:\/\/www.freebetbest.com\/wp-content\/uploads\/2021\/06\/tick.png\" alt=\"cung c\u1ea5p tr\u00f2 ch\u01a1i\"> C\u00e1c nh\u00e0 c\u00e1i tr\u1ef1c tuy\u1ebfn t\u1ed1t nh\u1ea5t m\u00e0 b\u1ea1n c\u00f3 th\u1ec3 tin t\u01b0\u1edfng.<\/li>\n<li style=\"text-align: left\"><img decoding=\"async\" src=\"https:\/\/www.freebetbest.com\/wp-content\/uploads\/2021\/06\/tick.png\" alt=\"C\u00f3 th\u1ea9m quy\u1ec1n\"> \u0110\u00e1nh gi\u00e1 c\u00f3 th\u1ea9m quy\u1ec1n An to\u00e0n \u0111\u00e1ng tin c\u1eady.<\/li>\n<li style=\"text-align: left\"><img decoding=\"async\" src=\"https:\/\/www.freebetbest.com\/wp-content\/uploads\/2021\/06\/tick.png\" alt=\"R\u00fat ti\u1ec1n nhanh ch\u00f3ng\"> H\u1ed7 tr\u1ee3 APP di \u0111\u1ed9ng, R\u00fat ti\u1ec1n nhanh ch\u00f3ng.<\/li>\n<li style=\"text-align: left\"><img decoding=\"async\" src=\"https:\/\/www.freebetbest.com\/wp-content\/uploads\/2021\/06\/tick.png\" alt=\"H\u1ed7 tr\u1ee3 kh\u00e1ch h\u00e0ng\"> H\u1ed7 tr\u1ee3 kh\u00e1ch h\u00e0ng: 365 ng\u00e0y, 24 gi\u1edd m\u1ed9t ng\u00e0y.<\/li>\n<\/div>\n<\/div>\n<\/div>\n<div class=\"col-md-5\">\n<div class=\"cup-img\"><img decoding=\"async\" src=\"https:\/\/www.freebetbest.com\/wp-content\/uploads\/2021\/06\/Cricket-Betting.png\" alt=\"freebetbest\"><\/div>\n<\/div>\n<\/div>\n","protected":false},"author":1,"featured_media":125068,"parent":0,"menu_order":0,"comment_status":"closed","ping_status":"closed","template":"Spins-template.php","meta":{"footnotes":""},"class_list":["post-130213","page","type-page","status-publish","has-post-thumbnail","hentry"],"yoast_head":"<!-- This site is optimized with the Yoast SEO Premium plugin v19.5 (Yoast SEO v27.0) - https:\/\/yoast.com\/product\/yoast-seo-premium-wordpress\/ -->\n<title>Ti\u1ec1n th\u01b0\u1edfng c\u01b0\u1ee3c b\u00f3ng ch\u00e0y m\u1edbi nh\u1ea5t Kh\u00e1ch h\u00e0ng m\u1edbi Ph\u1ea7n th\u01b0\u1edfng khi \u0111\u0103ng k\u00fd<\/title>\n<meta name=\"description\" content=\"Ti\u1ec1n th\u01b0\u1edfng c\u01b0\u1ee3c b\u00f3ng ch\u00e0y m\u1edbi nh\u1ea5t Nh\u00e0 c\u00e1i tr\u1ef1c tuy\u1ebfn t\u1ed1t nh\u1ea5t, Ti\u1ec1n th\u01b0\u1edfng c\u01b0\u1ee3c g\u00f4n m\u1edbi nh\u1ea5t, poker, bingo &amp; c\u00e1 c\u01b0\u1ee3c di \u0111\u1ed9ng, C\u01b0\u1ee3c mi\u1ec5n ph\u00ed kh\u00f4ng c\u1ea7n g\u1eedi ti\u1ec1n\" \/>\n<meta name=\"robots\" content=\"index, follow, max-snippet:-1, max-image-preview:large, max-video-preview:-1\" \/>\n<link rel=\"canonical\" href=\"https:\/\/www.freebetbest.com\/vi\/moi-nhat-bong-chay-ca-cuoc-tien-thuong\/\" \/>\n<meta property=\"og:locale\" content=\"vi_VN\" \/>\n<meta property=\"og:type\" content=\"article\" \/>\n<meta property=\"og:title\" content=\"Ti\u1ec1n th\u01b0\u1edfng c\u01b0\u1ee3c b\u00f3ng ch\u00e0y m\u1edbi nh\u1ea5t\" \/>\n<meta property=\"og:description\" content=\"Ti\u1ec1n th\u01b0\u1edfng c\u01b0\u1ee3c b\u00f3ng ch\u00e0y m\u1edbi nh\u1ea5t Nh\u00e0 c\u00e1i tr\u1ef1c tuy\u1ebfn t\u1ed1t nh\u1ea5t, Ti\u1ec1n th\u01b0\u1edfng c\u01b0\u1ee3c g\u00f4n m\u1edbi nh\u1ea5t, poker, bingo &amp; c\u00e1 c\u01b0\u1ee3c di \u0111\u1ed9ng, C\u01b0\u1ee3c mi\u1ec5n ph\u00ed kh\u00f4ng c\u1ea7n g\u1eedi ti\u1ec1n\" \/>\n<meta property=\"og:url\" content=\"https:\/\/www.freebetbest.com\/vi\/moi-nhat-bong-chay-ca-cuoc-tien-thuong\/\" \/>\n<meta property=\"og:site_name\" content=\"Nh\u00e0 c\u00e1i c\u00e1 c\u01b0\u1ee3c tr\u1ef1c tuy\u1ebfn t\u1ed1t nh\u1ea5t | C\u00e1 C\u01b0\u1ee3c b\u00f3ng \u0111\u00e1 online t\u1ed1t nh\u1ea5t | Th\u00f4ng tin c\u00e1 c\u01b0\u1ee3c mi\u1ec5n ph\u00ed.\" \/>\n<meta property=\"article:modified_time\" content=\"2021-07-28T17:09:13+00:00\" \/>\n<meta property=\"og:image\" content=\"https:\/\/www.freebetbest.com\/wp-content\/uploads\/2021\/06\/baseball-betting-scaled.jpg\" \/>\n\t<meta property=\"og:image:width\" content=\"464\" \/>\n\t<meta property=\"og:image:height\" content=\"180\" \/>\n\t<meta property=\"og:image:type\" content=\"image\/jpeg\" \/>\n<meta name=\"twitter:card\" content=\"summary_large_image\" \/>\n<meta name=\"twitter:label1\" content=\"Est. reading time\" \/>\n\t<meta name=\"twitter:data1\" content=\"3 minutes\" \/>\n<script type=\"application\/ld+json\" class=\"yoast-schema-graph\">{\"@context\":\"https:\/\/schema.org\",\"@graph\":[{\"@type\":\"WebPage\",\"@id\":\"https:\/\/www.freebetbest.com\/vi\/moi-nhat-bong-chay-ca-cuoc-tien-thuong\/\",\"url\":\"https:\/\/www.freebetbest.com\/vi\/moi-nhat-bong-chay-ca-cuoc-tien-thuong\/\",\"name\":\"Ti\u1ec1n th\u01b0\u1edfng c\u01b0\u1ee3c b\u00f3ng ch\u00e0y m\u1edbi nh\u1ea5t Kh\u00e1ch h\u00e0ng m\u1edbi Ph\u1ea7n th\u01b0\u1edfng khi \u0111\u0103ng k\u00fd\",\"isPartOf\":{\"@id\":\"https:\/\/www.freebetbest.com\/vi\/#website\"},\"primaryImageOfPage\":{\"@id\":\"https:\/\/www.freebetbest.com\/vi\/moi-nhat-bong-chay-ca-cuoc-tien-thuong\/#primaryimage\"},\"image\":{\"@id\":\"https:\/\/www.freebetbest.com\/vi\/moi-nhat-bong-chay-ca-cuoc-tien-thuong\/#primaryimage\"},\"thumbnailUrl\":\"https:\/\/www.freebetbest.com\/wp-content\/uploads\/2021\/06\/baseball-betting-scaled.jpg\",\"datePublished\":\"2021-06-10T07:49:43+00:00\",\"dateModified\":\"2021-07-28T17:09:13+00:00\",\"description\":\"Ti\u1ec1n th\u01b0\u1edfng c\u01b0\u1ee3c b\u00f3ng ch\u00e0y m\u1edbi nh\u1ea5t Nh\u00e0 c\u00e1i tr\u1ef1c tuy\u1ebfn t\u1ed1t nh\u1ea5t, Ti\u1ec1n th\u01b0\u1edfng c\u01b0\u1ee3c g\u00f4n m\u1edbi nh\u1ea5t, poker, bingo & c\u00e1 c\u01b0\u1ee3c di \u0111\u1ed9ng, C\u01b0\u1ee3c mi\u1ec5n ph\u00ed kh\u00f4ng c\u1ea7n g\u1eedi ti\u1ec1n\",\"breadcrumb\":{\"@id\":\"https:\/\/www.freebetbest.com\/vi\/moi-nhat-bong-chay-ca-cuoc-tien-thuong\/#breadcrumb\"},\"inLanguage\":\"vi-VN\",\"potentialAction\":[{\"@type\":\"ReadAction\",\"target\":[\"https:\/\/www.freebetbest.com\/vi\/moi-nhat-bong-chay-ca-cuoc-tien-thuong\/\"]}]},{\"@type\":\"ImageObject\",\"inLanguage\":\"vi-VN\",\"@id\":\"https:\/\/www.freebetbest.com\/vi\/moi-nhat-bong-chay-ca-cuoc-tien-thuong\/#primaryimage\",\"url\":\"https:\/\/www.freebetbest.com\/wp-content\/uploads\/2021\/06\/baseball-betting-scaled.jpg\",\"contentUrl\":\"https:\/\/www.freebetbest.com\/wp-content\/uploads\/2021\/06\/baseball-betting-scaled.jpg\",\"width\":464,\"height\":180,\"caption\":\"c\u00e1 c\u01b0\u1ee3c b\u00f3ng ch\u00e0y\"},{\"@type\":\"BreadcrumbList\",\"@id\":\"https:\/\/www.freebetbest.com\/vi\/moi-nhat-bong-chay-ca-cuoc-tien-thuong\/#breadcrumb\",\"itemListElement\":[{\"@type\":\"ListItem\",\"position\":1,\"name\":\"Home\",\"item\":\"https:\/\/www.freebetbest.com\/vi\/\"},{\"@type\":\"ListItem\",\"position\":2,\"name\":\"Ti\u1ec1n th\u01b0\u1edfng c\u01b0\u1ee3c b\u00f3ng ch\u00e0y m\u1edbi nh\u1ea5t\"}]},{\"@type\":\"WebSite\",\"@id\":\"https:\/\/www.freebetbest.com\/vi\/#website\",\"url\":\"https:\/\/www.freebetbest.com\/vi\/\",\"name\":\"Nh\u00e0 c\u00e1i c\u00e1 c\u01b0\u1ee3c tr\u1ef1c tuy\u1ebfn t\u1ed1t nh\u1ea5t | C\u00e1 C\u01b0\u1ee3c b\u00f3ng \u0111\u00e1 online t\u1ed1t nh\u1ea5t | Th\u00f4ng tin c\u00e1 c\u01b0\u1ee3c mi\u1ec5n ph\u00ed.\",\"description\":\"Nh\u00e0 c\u00e1i c\u00e1 c\u01b0\u1ee3c tr\u1ef1c tuy\u1ebfn t\u1ed1t nh\u1ea5t, C\u1ed5ng \u0111\u00e1nh b\u1ea1c h\u00e0ng \u0111\u1ea7u th\u1ebf gi\u1edbi, Cung c\u1ea5p th\u1ec3 thao, s\u00f2ng b\u1ea1c, poker, c\u00e1 c\u01b0\u1ee3c l\u00f4 t\u00f4 & di \u0111\u1ed9ng, Th\u00f4ng tin c\u00e1 c\u01b0\u1ee3c mi\u1ec5n ph\u00ed. Nh\u00e0 c\u00e1i c\u00e1 c\u01b0\u1ee3c tr\u1ef1c tuy\u1ebfn t\u1ed1t nh\u1ea5t Vi\u1ec7t Nam\",\"publisher\":{\"@id\":\"https:\/\/www.freebetbest.com\/vi\/#\/schema\/person\/292684ccf388a2362d507874c5b80a69\"},\"potentialAction\":[{\"@type\":\"SearchAction\",\"target\":{\"@type\":\"EntryPoint\",\"urlTemplate\":\"https:\/\/www.freebetbest.com\/vi\/?s={search_term_string}\"},\"query-input\":{\"@type\":\"PropertyValueSpecification\",\"valueRequired\":true,\"valueName\":\"search_term_string\"}}],\"inLanguage\":\"vi-VN\"},{\"@type\":[\"Person\",\"Organization\"],\"@id\":\"https:\/\/www.freebetbest.com\/vi\/#\/schema\/person\/292684ccf388a2362d507874c5b80a69\",\"name\":\"\u7ba1\u7406\",\"image\":{\"@type\":\"ImageObject\",\"inLanguage\":\"vi-VN\",\"@id\":\"https:\/\/www.freebetbest.com\/vi\/#\/schema\/person\/image\/\",\"url\":\"https:\/\/www.freebetbest.com\/wp-content\/litespeed\/avatar\/49696b52fb15293a2168c14964fdd8b9.jpg?ver=1777439934\",\"contentUrl\":\"https:\/\/www.freebetbest.com\/wp-content\/litespeed\/avatar\/49696b52fb15293a2168c14964fdd8b9.jpg?ver=1777439934\",\"caption\":\"\u7ba1\u7406\"},\"logo\":{\"@id\":\"https:\/\/www.freebetbest.com\/vi\/#\/schema\/person\/image\/\"},\"sameAs\":[\"admin\"]}]}<\/script>\n<!-- \/ Yoast SEO Premium plugin. -->","yoast_head_json":{"title":"Ti\u1ec1n th\u01b0\u1edfng c\u01b0\u1ee3c b\u00f3ng ch\u00e0y m\u1edbi nh\u1ea5t Kh\u00e1ch h\u00e0ng m\u1edbi Ph\u1ea7n th\u01b0\u1edfng khi \u0111\u0103ng k\u00fd","description":"Ti\u1ec1n th\u01b0\u1edfng c\u01b0\u1ee3c b\u00f3ng ch\u00e0y m\u1edbi nh\u1ea5t Nh\u00e0 c\u00e1i tr\u1ef1c tuy\u1ebfn t\u1ed1t nh\u1ea5t, Ti\u1ec1n th\u01b0\u1edfng c\u01b0\u1ee3c g\u00f4n m\u1edbi nh\u1ea5t, poker, bingo & c\u00e1 c\u01b0\u1ee3c di \u0111\u1ed9ng, C\u01b0\u1ee3c mi\u1ec5n ph\u00ed kh\u00f4ng c\u1ea7n g\u1eedi ti\u1ec1n","robots":{"index":"index","follow":"follow","max-snippet":"max-snippet:-1","max-image-preview":"max-image-preview:large","max-video-preview":"max-video-preview:-1"},"canonical":"https:\/\/www.freebetbest.com\/vi\/moi-nhat-bong-chay-ca-cuoc-tien-thuong\/","og_locale":"vi_VN","og_type":"article","og_title":"Ti\u1ec1n th\u01b0\u1edfng c\u01b0\u1ee3c b\u00f3ng ch\u00e0y m\u1edbi nh\u1ea5t","og_description":"Ti\u1ec1n th\u01b0\u1edfng c\u01b0\u1ee3c b\u00f3ng ch\u00e0y m\u1edbi nh\u1ea5t Nh\u00e0 c\u00e1i tr\u1ef1c tuy\u1ebfn t\u1ed1t nh\u1ea5t, Ti\u1ec1n th\u01b0\u1edfng c\u01b0\u1ee3c g\u00f4n m\u1edbi nh\u1ea5t, poker, bingo & c\u00e1 c\u01b0\u1ee3c di \u0111\u1ed9ng, C\u01b0\u1ee3c mi\u1ec5n ph\u00ed kh\u00f4ng c\u1ea7n g\u1eedi ti\u1ec1n","og_url":"https:\/\/www.freebetbest.com\/vi\/moi-nhat-bong-chay-ca-cuoc-tien-thuong\/","og_site_name":"Nh\u00e0 c\u00e1i c\u00e1 c\u01b0\u1ee3c tr\u1ef1c tuy\u1ebfn t\u1ed1t nh\u1ea5t | C\u00e1 C\u01b0\u1ee3c b\u00f3ng \u0111\u00e1 online t\u1ed1t nh\u1ea5t | Th\u00f4ng tin c\u00e1 c\u01b0\u1ee3c mi\u1ec5n ph\u00ed.","article_modified_time":"2021-07-28T17:09:13+00:00","og_image":[{"width":464,"height":180,"url":"https:\/\/www.freebetbest.com\/wp-content\/uploads\/2021\/06\/baseball-betting-scaled.jpg","type":"image\/jpeg"}],"twitter_card":"summary_large_image","twitter_misc":{"Est. reading time":"3 minutes"},"schema":{"@context":"https:\/\/schema.org","@graph":[{"@type":"WebPage","@id":"https:\/\/www.freebetbest.com\/vi\/moi-nhat-bong-chay-ca-cuoc-tien-thuong\/","url":"https:\/\/www.freebetbest.com\/vi\/moi-nhat-bong-chay-ca-cuoc-tien-thuong\/","name":"Ti\u1ec1n th\u01b0\u1edfng c\u01b0\u1ee3c b\u00f3ng ch\u00e0y m\u1edbi nh\u1ea5t Kh\u00e1ch h\u00e0ng m\u1edbi Ph\u1ea7n th\u01b0\u1edfng khi \u0111\u0103ng k\u00fd","isPartOf":{"@id":"https:\/\/www.freebetbest.com\/vi\/#website"},"primaryImageOfPage":{"@id":"https:\/\/www.freebetbest.com\/vi\/moi-nhat-bong-chay-ca-cuoc-tien-thuong\/#primaryimage"},"image":{"@id":"https:\/\/www.freebetbest.com\/vi\/moi-nhat-bong-chay-ca-cuoc-tien-thuong\/#primaryimage"},"thumbnailUrl":"https:\/\/www.freebetbest.com\/wp-content\/uploads\/2021\/06\/baseball-betting-scaled.jpg","datePublished":"2021-06-10T07:49:43+00:00","dateModified":"2021-07-28T17:09:13+00:00","description":"Ti\u1ec1n th\u01b0\u1edfng c\u01b0\u1ee3c b\u00f3ng ch\u00e0y m\u1edbi nh\u1ea5t Nh\u00e0 c\u00e1i tr\u1ef1c tuy\u1ebfn t\u1ed1t nh\u1ea5t, Ti\u1ec1n th\u01b0\u1edfng c\u01b0\u1ee3c g\u00f4n m\u1edbi nh\u1ea5t, poker, bingo & c\u00e1 c\u01b0\u1ee3c di \u0111\u1ed9ng, C\u01b0\u1ee3c mi\u1ec5n ph\u00ed kh\u00f4ng c\u1ea7n g\u1eedi ti\u1ec1n","breadcrumb":{"@id":"https:\/\/www.freebetbest.com\/vi\/moi-nhat-bong-chay-ca-cuoc-tien-thuong\/#breadcrumb"},"inLanguage":"vi-VN","potentialAction":[{"@type":"ReadAction","target":["https:\/\/www.freebetbest.com\/vi\/moi-nhat-bong-chay-ca-cuoc-tien-thuong\/"]}]},{"@type":"ImageObject","inLanguage":"vi-VN","@id":"https:\/\/www.freebetbest.com\/vi\/moi-nhat-bong-chay-ca-cuoc-tien-thuong\/#primaryimage","url":"https:\/\/www.freebetbest.com\/wp-content\/uploads\/2021\/06\/baseball-betting-scaled.jpg","contentUrl":"https:\/\/www.freebetbest.com\/wp-content\/uploads\/2021\/06\/baseball-betting-scaled.jpg","width":464,"height":180,"caption":"c\u00e1 c\u01b0\u1ee3c b\u00f3ng ch\u00e0y"},{"@type":"BreadcrumbList","@id":"https:\/\/www.freebetbest.com\/vi\/moi-nhat-bong-chay-ca-cuoc-tien-thuong\/#breadcrumb","itemListElement":[{"@type":"ListItem","position":1,"name":"Home","item":"https:\/\/www.freebetbest.com\/vi\/"},{"@type":"ListItem","position":2,"name":"Ti\u1ec1n th\u01b0\u1edfng c\u01b0\u1ee3c b\u00f3ng ch\u00e0y m\u1edbi nh\u1ea5t"}]},{"@type":"WebSite","@id":"https:\/\/www.freebetbest.com\/vi\/#website","url":"https:\/\/www.freebetbest.com\/vi\/","name":"Nh\u00e0 c\u00e1i c\u00e1 c\u01b0\u1ee3c tr\u1ef1c tuy\u1ebfn t\u1ed1t nh\u1ea5t | C\u00e1 C\u01b0\u1ee3c b\u00f3ng \u0111\u00e1 online t\u1ed1t nh\u1ea5t | Th\u00f4ng tin c\u00e1 c\u01b0\u1ee3c mi\u1ec5n ph\u00ed.","description":"Nh\u00e0 c\u00e1i c\u00e1 c\u01b0\u1ee3c tr\u1ef1c tuy\u1ebfn t\u1ed1t nh\u1ea5t, C\u1ed5ng \u0111\u00e1nh b\u1ea1c h\u00e0ng \u0111\u1ea7u th\u1ebf gi\u1edbi, Cung c\u1ea5p th\u1ec3 thao, s\u00f2ng b\u1ea1c, poker, c\u00e1 c\u01b0\u1ee3c l\u00f4 t\u00f4 & di \u0111\u1ed9ng, Th\u00f4ng tin c\u00e1 c\u01b0\u1ee3c mi\u1ec5n ph\u00ed. Nh\u00e0 c\u00e1i c\u00e1 c\u01b0\u1ee3c tr\u1ef1c tuy\u1ebfn t\u1ed1t nh\u1ea5t Vi\u1ec7t Nam","publisher":{"@id":"https:\/\/www.freebetbest.com\/vi\/#\/schema\/person\/292684ccf388a2362d507874c5b80a69"},"potentialAction":[{"@type":"SearchAction","target":{"@type":"EntryPoint","urlTemplate":"https:\/\/www.freebetbest.com\/vi\/?s={search_term_string}"},"query-input":{"@type":"PropertyValueSpecification","valueRequired":true,"valueName":"search_term_string"}}],"inLanguage":"vi-VN"},{"@type":["Person","Organization"],"@id":"https:\/\/www.freebetbest.com\/vi\/#\/schema\/person\/292684ccf388a2362d507874c5b80a69","name":"\u7ba1\u7406","image":{"@type":"ImageObject","inLanguage":"vi-VN","@id":"https:\/\/www.freebetbest.com\/vi\/#\/schema\/person\/image\/","url":"https:\/\/www.freebetbest.com\/wp-content\/litespeed\/avatar\/49696b52fb15293a2168c14964fdd8b9.jpg?ver=1777439934","contentUrl":"https:\/\/www.freebetbest.com\/wp-content\/litespeed\/avatar\/49696b52fb15293a2168c14964fdd8b9.jpg?ver=1777439934","caption":"\u7ba1\u7406"},"logo":{"@id":"https:\/\/www.freebetbest.com\/vi\/#\/schema\/person\/image\/"},"sameAs":["admin"]}]}},"_links":{"self":[{"href":"https:\/\/www.freebetbest.com\/vi\/wp-json\/wp\/v2\/pages\/130213","targetHints":{"allow":["GET"]}}],"collection":[{"href":"https:\/\/www.freebetbest.com\/vi\/wp-json\/wp\/v2\/pages"}],"about":[{"href":"https:\/\/www.freebetbest.com\/vi\/wp-json\/wp\/v2\/types\/page"}],"author":[{"embeddable":true,"href":"https:\/\/www.freebetbest.com\/vi\/wp-json\/wp\/v2\/users\/1"}],"replies":[{"embeddable":true,"href":"https:\/\/www.freebetbest.com\/vi\/wp-json\/wp\/v2\/comments?post=130213"}],"version-history":[{"count":0,"href":"https:\/\/www.freebetbest.com\/vi\/wp-json\/wp\/v2\/pages\/130213\/revisions"}],"wp:featuredmedia":[{"embeddable":true,"href":"https:\/\/www.freebetbest.com\/vi\/wp-json\/wp\/v2\/media\/125068"}],"wp:attachment":[{"href":"https:\/\/www.freebetbest.com\/vi\/wp-json\/wp\/v2\/media?parent=130213"}],"curies":[{"name":"wp","href":"https:\/\/api.w.org\/{rel}","templated":true}]}}