{"id":130169,"date":"2021-06-10T14:40:50","date_gmt":"2021-06-10T14:40:50","guid":{"rendered":"https:\/\/www.freebetbest.com\/tien-thuong-cua-nha-cai-han-quoc\/"},"modified":"2021-07-28T17:06:07","modified_gmt":"2021-07-28T17:06:07","slug":"tien-thuong-cua-nha-cai-han-quoc","status":"publish","type":"page","link":"https:\/\/www.freebetbest.com\/vi\/tien-thuong-cua-nha-cai-han-quoc\/","title":{"rendered":"Ti\u1ec1n th\u01b0\u1edfng cho nh\u00e0 c\u00e1i H\u00e0n Qu\u1ed1c"},"content":{"rendered":"<h2>Gi\u1edbi thi\u1ec7u v\u1ec1 ti\u1ec1n th\u01b0\u1edfng cho nh\u00e0 c\u00e1i c\u00e1 c\u01b0\u1ee3c H\u00e0n Qu\u1ed1c<\/h2>\nTi\u1ec1n th\u01b0\u1edfng cho nh\u00e0 c\u00e1i H\u00e0n Qu\u1ed1c. B\u1ed9 m\u00f4n th\u1ec3 thao \u0111i\u1ec7n t\u1eed Li\u00ean Minh Huy\u1ec1n Tho\u1ea1i hay nh\u1ea5t. Cu\u1ed9c thi c\u1ee7a b\u1ea1n \u0111\u01b0\u1ee3c ph\u00e1t \u0111\u1ed9ng v\u00e0o n\u0103m 2012 v\u00e0 \u0111\u01b0\u1ee3c nhi\u1ec1u ng\u01b0\u1eddi coi l\u00e0 nh\u01b0 v\u1eady. Gi\u1ea3i \u0111\u1ea5u d\u00e2n c\u01b0 m\u1ea1nh nh\u1ea5t th\u1ebf gi\u1edbi, \u0111\u1ed9i tuy\u1ec3n H\u00e0n Qu\u1ed1c 2013-2017. Gi\u00e0nh ch\u1ee9c v\u00f4 \u0111\u1ecbch th\u1ebf gi\u1edbi Story League n\u0103m l\u1ea7n li\u00ean ti\u1ebfp.\n<h2>Global StarCraft II League<a href=\"https:\/\/www.freebetbest.com\/latest-free-betting-bonus\/\"> Nh\u00e0 c\u00e1i c\u00e1 c\u01b0\u1ee3c<\/a> Ti\u1ec1n th\u01b0\u1edfng<\/h2>\nS\u1ef1 l\u1edbn m\u1ea1nh c\u1ee7a th\u1ec3 thao \u0111i\u1ec7n t\u1eed H\u00e0n Qu\u1ed1c. N\u00f3 b\u1eaft \u0111\u1ea7u v\u00e0o \u0111\u1ea7u nh\u1eefng n\u0103m 2000. T\u1ea5t c\u1ea3 c\u00e1c tr\u00f2 ch\u01a1i StarCraft. B\u1ea5t ch\u1ea5p nhu c\u1ea7u ng\u00e0y c\u00e0ng t\u0103ng \u0111\u1ed1i v\u1edbi c\u00e1c tr\u00f2 ch\u01a1i \u0111i\u1ec7n t\u1eed bao g\u1ed3m Kitchen Counterattack: Global Offensive, Dota 2 v\u00e0 League of Legends, StarCraft II eSports v\u00e0 GSL, n\u00f3 v\u1eabn thu h\u00fat m\u1ed9t l\u01b0\u1ee3ng l\u1edbn ng\u01b0\u1eddi h\u00e2m m\u1ed9 t\u1ea1i H\u00e0n Qu\u1ed1c.\n<h3>M\u1ea1ng c\u1ed9ng \u0111\u1ed3ng ti\u1ec1n th\u01b0\u1edfng c\u1ee7a nh\u00e0 c\u00e1i c\u00e1 c\u01b0\u1ee3c H\u00e0n Qu\u1ed1c<\/h3>\nTi\u1ec1n th\u01b0\u1edfng c\u1ee7a c\u00f4ng ty c\u00e1 c\u01b0\u1ee3c H\u00e0n Qu\u1ed1c. Qu\u1ea3n l\u00fd tr\u00f2 ch\u01a1i tr\u1ef1c tuy\u1ebfn th\u1ee9 4 tr\u00ean th\u1ebf gi\u1edbi, \u0111\u01b0\u1ee3c t\u1ed5 ch\u1ee9c l\u1ea7n \u0111\u1ea7u ti\u00ean t\u1ea1i Yongin v\u00e0o n\u0103m 2000. \u0110\u01b0\u1ee3c g\u1ecdi l\u00e0 cu\u1ed9c thi &#8220;Th\u1ebf v\u1eadn h\u1ed9i th\u1ec3 thao \u0111i\u1ec7n t\u1eed&#8221;. N\u00f3 \u0111\u01b0\u1ee3c t\u1ed5 ch\u1ee9c m\u1ed7i n\u0103m m\u1ed9t l\u1ea7n cho \u0111\u1ebfn n\u0103m 2013, v\u00e0 c\u00f3 t\u1edbi 78 qu\u1ed1c gia. WCG c\u00f3 k\u1ebf ho\u1ea1ch ph\u1ee5c h\u1ed3i sau th\u1eddi gian gi\u00e1n \u0111o\u1ea1n 6-12 th\u00e1ng v\u00e0o n\u0103m 2019.\n<h3>C\u00e1c nh\u00f3m th\u1ec3 thao \u0111i\u1ec7n t\u1eed h\u00e0ng \u0111\u1ea7u t\u1eeb H\u00e0n Qu\u1ed1c<\/h3>\nH\u00e0n Qu\u1ed1c \u0111\u00e3 s\u1ea3n xu\u1ea5t m\u1ed9t s\u1ed1. \u0110\u1ed9i th\u1ec3 thao \u0111i\u1ec7n t\u1eed th\u00e0nh c\u00f4ng nh\u1ea5t tr\u00ean th\u1ebf gi\u1edbi. C\u00e1c nh\u00f3m \u0111\u01b0\u1ee3c bi\u1ebft \u0111\u1ebfn tr\u00ean kh\u1eafp th\u1ebf gi\u1edbi bao g\u1ed3m:\n<h3>H\u1ed7 tr\u1ee3 vi\u1ec5n th\u00f4ng c\u1ee7a Korea Gaming Corporation<\/h3>\nV\u1edbi s\u1ef1 h\u1ed7 tr\u1ee3 c\u1ee7a m\u1ed9t trong nh\u1eefng c\u00f4ng ty vi\u1ec5n th\u00f4ng h\u00e0ng \u0111\u1ea7u c\u1ee7a H\u00e0n Qu\u1ed1c, SK Telecom T1 \u0111\u00e3 c\u00f3 m\u1eb7t trong gi\u1ea3i Star League k\u1ef3 c\u1ef1u. \u0110\u00e3 \u1edf v\u1ecb tr\u00ed d\u1eabn \u0111\u1ea7u v\u00e0 ti\u1ebfp t\u1ee5c gi\u00e0nh chi\u1ebfn th\u1eafng th\u01b0\u1eddng xuy\u00ean. Nh\u00e0 v\u00f4 \u0111\u1ecbch c\u1ee7a StarCraft II. \u0110\u1ed9i c\u0169ng th\u00edch tham gia li\u00ean minh c\u00e2u chuy\u1ec7n. \u0110\u1ea1t th\u00e0nh t\u00edch kh\u00e1 t\u1ed1t, t\u1eeb 2013 \u0111\u1ebfn 2016 3 l\u1ea7n thay ng\u00f4i qu\u00e1n qu\u00e2n c\u1ed9ng \u0111\u1ed3ng Haha.\n<h3>Ti\u1ec1n th\u01b0\u1edfng tr\u00f2 ch\u01a1i c\u00e1 c\u01b0\u1ee3c H\u00e0n Qu\u1ed1c<\/h3>\nKT Rolster, c\u0169ng \u0111\u01b0\u1ee3c t\u00e0i tr\u1ee3 b\u1edfi ng\u00e0nh vi\u1ec5n th\u00f4ng H\u00e0n Qu\u1ed1c. \u0110\u01b0\u1ee3c g\u1ecdi l\u00e0 &#8220;t\u00e0u l\u01b0\u1ee3n si\u00eau t\u1ed1c&#8221;. N\u00f3 l\u00e0 m\u1ed9t g\u00e3 kh\u1ed5ng l\u1ed3 trong l\u0129nh v\u1ef1c th\u1ec3 thao \u0111i\u1ec7n t\u1eed StarCraft. H\u1ecd \u0111\u00e3 th\u1eafng 3 l\u1ea7n. StarCraft Proleague hi\u1ec7n \u0111\u00e3 kh\u00f4ng c\u00f2n t\u1ed3n t\u1ea1i, c\u0169ng th\u00edch m\u1ed9t s\u1ed1 th\u00e0nh t\u00edch trong l\u0129nh v\u1ef1c li\u00ean minh c\u1ed1t truy\u1ec7n, \u0111\u00e3 gi\u00e0nh ch\u1ee9c v\u00f4 \u0111\u1ecbch LCK M\u00f9a H\u00e8 2018.\n<h2>Nh\u00e0 c\u00e1i H\u00e0n Qu\u1ed1c th\u01b0\u1edfng H\u1ed7 tr\u1ee3 tr\u1ef1c tuy\u1ebfn c\u1ee7a Samsung<\/h2>\nM\u1ed9t trong nh\u1eefng th\u01b0\u01a1ng hi\u1ec7u n\u1ed5i ti\u1ebfng nh\u1ea5t tr\u00ean th\u1ebf gi\u1edbi. M\u1ed9t trong s\u1ed1 \u00edt c\u00e1c th\u01b0\u01a1ng hi\u1ec7u c\u00f4ng ngh\u1ec7 th\u1ef1c s\u1ef1 l\u00e0 nh\u00e2n v\u1eadt ch\u00ednh c\u1ee7a th\u1ec3 thao \u0111i\u1ec7n t\u1eed H\u00e0n Qu\u1ed1c t\u1eeb n\u0103m 2000 \u0111\u1ebfn n\u0103m 2017. \u0110\u1ed9i Samsung Galaxy \u0111\u00e3 th\u1ec3 hi\u1ec7n \u0111\u1eb7c bi\u1ec7t n\u1ed5i b\u1eadt trong Li\u00ean Minh Huy\u1ec1n Tho\u1ea1i, t\u1ea1i LCK M\u00f9a Xu\u00e2n 2014. N\u00f3 \u0111\u00e3 th\u00e0nh c\u00f4ng v\u00e0 gi\u00e0nh ch\u1ee9c v\u00f4 \u0111\u1ecbch th\u1ebf gi\u1edbi Lmao. Trong hai tr\u01b0\u1eddng h\u1ee3p.\n<h3>C\u1edd b\u1ea1c tr\u1ef1c tuy\u1ebfn \u1edf H\u00e0n Qu\u1ed1c<\/h3>\nH\u00e0n Qu\u1ed1c c\u00f3 m\u1ed9t m\u1ed1i li\u00ean h\u1ec7 th\u00fa v\u1ecb v\u1edbi c\u00e1c s\u00f2ng b\u1ea1c. Sau khi chi\u1ebfn tranh th\u1ebf gi\u1edbi ti\u1ebfp theo b\u00f9ng n\u1ed5, t\u1ea5t c\u1ea3 c\u00e1c h\u00ecnh th\u1ee9c c\u1edd b\u1ea1c \u0111\u1ec1u b\u1ecb c\u1ea5m sau khi l\u1eadp qu\u1ed1c. C\u00f4ng d\u00e2n Tri\u1ec1u Ti\u00ean c\u0169ng t\u1eebng b\u1ecb c\u1ea5m trong qu\u00e1 kh\u1ee9. \u0110\u00e1nh b\u1ea1c nhi\u1ec1u l\u1ea7n khi \u0111i du l\u1ecbch n\u01b0\u1edbc ngo\u00e0i.\n<h3>S\u1eed d\u1ee5ng v\u00ed \u0111i\u1ec7n t\u1eed \u0111\u1ec3 g\u1eedi ti\u1ec1n sang H\u00e0n Qu\u1ed1c<a href=\"https:\/\/www.freebetsinfo.co.uk\/free-bets\/\"> nh\u00e0 c\u00e1i<\/a><\/h3>\n\u0110\u1ea7u ti\u00ean. B\u1ea1n c\u1ea7n m\u1ed9t v\u00ed \u0111i\u1ec7n t\u1eed. Cung c\u1ea5p kinh ph\u00ed cho c\u00e1c c\u00f4ng ty game H\u00e0n Qu\u1ed1c. Ngo\u00e0i ra, sau khi ki\u1ebfm ti\u1ec1n th\u00e0nh c\u00f4ng. B\u1ea1n c\u0169ng c\u1ea7n ph\u1ea3i c\u00f3 m\u1ed9t ng\u00e2n s\u00e1ch \u0111i\u1ec7n t\u1eed \u0111\u1ec3 thanh to\u00e1n. V\u00ed \u0111i\u1ec7n t\u1eed t\u01b0\u01a1ng \u0111\u01b0\u01a1ng v\u1edbi c\u00e1c t\u1ed5 ch\u1ee9c t\u00e0i ch\u00ednh tr\u1ef1c tuy\u1ebfn. Ch\u00fang t\u00f4i khuy\u00ean b\u1ea1n n\u00ean ch\u1ecdn \u0111\u1ed3ng euro cu\u1ed1i c\u00f9ng. L\u00e0 \u0111\u01a1n v\u1ecb ti\u1ec1n t\u1ec7 t\u00e0i kho\u1ea3n c\u1ee7a b\u1ea1n\n<h3>G\u1eedi ti\u1ec1n qua th\u01b0 cho c\u00e1c c\u00f4ng ty tr\u00f2 ch\u01a1i H\u00e0n Qu\u1ed1c<\/h3>\nCh\u1ec9 c\u1ea7n \u0111\u0103ng k\u00fd v\u00e0 b\u1ea1n c\u00f3 th\u1ec3 s\u1eed d\u1ee5ng n\u00f3 sau khi m\u1edf t\u00e0i kho\u1ea3n. V\u00ed \u0111i\u1ec7n t\u1eed tr\u1ef1c tuy\u1ebfn. N\u1ed9p ti\u1ec1n m\u1eb7t. Khi b\u1ea1n c\u00f3 ng\u00e2n h\u00e0ng ti\u00eau d\u00f9ng tr\u1ef1c tuy\u1ebfn, b\u1ea1n c\u00f3 th\u1ec3 th\u1ef1c hi\u1ec7n vi\u1ec7c n\u00e0y tr\u00ean Internet. Ti\u1ec1n s\u1ebd s\u1edbm xu\u1ea5t hi\u1ec7n. Trong t\u00e0i kho\u1ea3n c\u00e1 c\u01b0\u1ee3c c\u1ee7a b\u1ea1n.\n\n<!-- \/wp:post-content -->","protected":false},"excerpt":{"rendered":"<p>Ti\u1ec1n th\u01b0\u1edfng ch\u00e0o m\u1eebng c\u00e1 c\u01b0\u1ee3c t\u1ed1t nh\u1ea5t \u1edf H\u00e0n Qu\u1ed1c. S\u00f2ng b\u1ea1c tr\u1ef1c tuy\u1ebfn H\u00e0n Qu\u1ed1c cung c\u1ea5p v\u00e0 khuy\u1ebfn m\u1ea1i ti\u1ec1n th\u01b0\u1edfng ch\u00e0o m\u1eebng, c\u00f4ng ty c\u00e1 c\u01b0\u1ee3c tr\u1ef1c tuy\u1ebfn \u0111\u00e1ng tin c\u1eady nh\u1ea5t.<\/p>\n<div class=\"hero-cup-section\">\n<div class=\"row mb-4\">\n<div class=\"col-md-7\">\n<div class=\"section-area\">\n<div class=\"section-list\">\n<li style=\"text-align: left\"><img decoding=\"async\" src=\"https:\/\/www.freebetbest.com\/wp-content\/uploads\/2021\/06\/tick.png\" alt=\"C\u00e1c m\u00f4n th\u1ec3 thao\"> Casino th\u1ec3 thao ti\u1ec1n th\u01b0\u1edfng ch\u00e0o m\u1eebng.<\/li>\n<li style=\"text-align: left\"><img decoding=\"async\" src=\"https:\/\/www.freebetbest.com\/wp-content\/uploads\/2021\/06\/tick.png\" alt=\"cung c\u1ea5p tr\u00f2 ch\u01a1i\"> \u01afu \u0111\u00e3i v\u00e0 khuy\u1ebfn m\u00e3i c\u1ee7a nh\u00e0 c\u00e1i tr\u1ef1c tuy\u1ebfn.<\/li>\n<li style=\"text-align: left\"><img decoding=\"async\" src=\"https:\/\/www.freebetbest.com\/wp-content\/uploads\/2021\/06\/tick.png\" alt=\"cung c\u1ea5p tr\u00f2 ch\u01a1i\"> C\u00e1c nh\u00e0 c\u00e1i tr\u1ef1c tuy\u1ebfn t\u1ed1t nh\u1ea5t m\u00e0 b\u1ea1n c\u00f3 th\u1ec3 tin t\u01b0\u1edfng.<\/li>\n<li style=\"text-align: left\"><img decoding=\"async\" src=\"https:\/\/www.freebetbest.com\/wp-content\/uploads\/2021\/06\/tick.png\" alt=\"C\u00f3 th\u1ea9m quy\u1ec1n\"> \u0110\u00e1nh gi\u00e1 c\u00f3 th\u1ea9m quy\u1ec1n An to\u00e0n \u0111\u00e1ng tin c\u1eady.<\/li>\n<li style=\"text-align: left\"><img decoding=\"async\" src=\"https:\/\/www.freebetbest.com\/wp-content\/uploads\/2021\/06\/tick.png\" alt=\"R\u00fat ti\u1ec1n nhanh ch\u00f3ng\"> H\u1ed7 tr\u1ee3 APP di \u0111\u1ed9ng, R\u00fat ti\u1ec1n nhanh ch\u00f3ng.<\/li>\n<li style=\"text-align: left\"><img decoding=\"async\" src=\"https:\/\/www.freebetbest.com\/wp-content\/uploads\/2021\/06\/tick.png\" alt=\"H\u1ed7 tr\u1ee3 kh\u00e1ch h\u00e0ng\"> H\u1ed7 tr\u1ee3 kh\u00e1ch h\u00e0ng: 365 ng\u00e0y, 24 gi\u1edd m\u1ed9t ng\u00e0y.<\/li>\n<\/div>\n<\/div>\n<\/div>\n<div class=\"col-md-5\">\n<div class=\"cup-img\"><img decoding=\"async\" src=\"https:\/\/www.freebetbest.com\/wp-content\/uploads\/2021\/06\/korea11.png\" alt=\"freebetbest\"><\/div>\n<\/div>\n<\/div>\n","protected":false},"author":1,"featured_media":125278,"parent":0,"menu_order":0,"comment_status":"closed","ping_status":"closed","template":"Korea-template.php","meta":{"footnotes":""},"class_list":["post-130169","page","type-page","status-publish","has-post-thumbnail","hentry"],"yoast_head":"<!-- This site is optimized with the Yoast SEO Premium plugin v19.5 (Yoast SEO v27.0) - https:\/\/yoast.com\/product\/yoast-seo-premium-wordpress\/ -->\n<title>Ti\u1ec1n th\u01b0\u1edfng cho nh\u00e0 c\u00e1i H\u00e0n Qu\u1ed1c , Khuy\u1ebfn m\u00e3i kho\u1ea3n ti\u1ec1n g\u1eedi l\u1ea7n \u0111\u1ea7u ti\u00ean<\/title>\n<meta name=\"description\" content=\"Ti\u1ec1n th\u01b0\u1edfng cho nh\u00e0 c\u00e1i H\u00e0n Qu\u1ed1c , \u0110\u1eb7t c\u01b0\u1ee3c mi\u1ec5n ph\u00ed Ti\u1ec1n th\u01b0\u1edfng kh\u00f4ng c\u1ea7n g\u1eedi ti\u1ec1n \uff0c ch\u00e0o m\u1eebng M\u00e3 ti\u1ec1n th\u01b0\u1edfng G\u1eedi ti\u1ec1n l\u1ea7n \u0111\u1ea7u, M\u00e3 ti\u1ec1n th\u01b0\u1edfng \u0110\u0103ng k\u00fd. Y\u00eau c\u1ea7u ti\u1ec1n th\u01b0\u1edfng ch\u00e0o m\u1eebng c\u1ee7a b\u1ea1n ngay h\u00f4m nay\" \/>\n<meta name=\"robots\" content=\"index, follow, max-snippet:-1, max-image-preview:large, max-video-preview:-1\" \/>\n<link rel=\"canonical\" href=\"https:\/\/www.freebetbest.com\/vi\/tien-thuong-cua-nha-cai-han-quoc\/\" \/>\n<meta property=\"og:locale\" content=\"vi_VN\" \/>\n<meta property=\"og:type\" content=\"article\" \/>\n<meta property=\"og:title\" content=\"Ti\u1ec1n th\u01b0\u1edfng cho nh\u00e0 c\u00e1i H\u00e0n Qu\u1ed1c\" \/>\n<meta property=\"og:description\" content=\"Ti\u1ec1n th\u01b0\u1edfng cho nh\u00e0 c\u00e1i H\u00e0n Qu\u1ed1c , \u0110\u1eb7t c\u01b0\u1ee3c mi\u1ec5n ph\u00ed Ti\u1ec1n th\u01b0\u1edfng kh\u00f4ng c\u1ea7n g\u1eedi ti\u1ec1n \uff0c ch\u00e0o m\u1eebng M\u00e3 ti\u1ec1n th\u01b0\u1edfng G\u1eedi ti\u1ec1n l\u1ea7n \u0111\u1ea7u, M\u00e3 ti\u1ec1n th\u01b0\u1edfng \u0110\u0103ng k\u00fd. Y\u00eau c\u1ea7u ti\u1ec1n th\u01b0\u1edfng ch\u00e0o m\u1eebng c\u1ee7a b\u1ea1n ngay h\u00f4m nay\" \/>\n<meta property=\"og:url\" content=\"https:\/\/www.freebetbest.com\/vi\/tien-thuong-cua-nha-cai-han-quoc\/\" \/>\n<meta property=\"og:site_name\" content=\"Nh\u00e0 c\u00e1i c\u00e1 c\u01b0\u1ee3c tr\u1ef1c tuy\u1ebfn t\u1ed1t nh\u1ea5t | C\u00e1 C\u01b0\u1ee3c b\u00f3ng \u0111\u00e1 online t\u1ed1t nh\u1ea5t | Th\u00f4ng tin c\u00e1 c\u01b0\u1ee3c mi\u1ec5n ph\u00ed.\" \/>\n<meta property=\"article:modified_time\" content=\"2021-07-28T17:06:07+00:00\" \/>\n<meta property=\"og:image\" content=\"https:\/\/www.freebetbest.com\/wp-content\/uploads\/2021\/06\/Bookmakers-scaled.jpg\" \/>\n\t<meta property=\"og:image:width\" content=\"417\" \/>\n\t<meta property=\"og:image:height\" content=\"180\" \/>\n\t<meta property=\"og:image:type\" content=\"image\/jpeg\" \/>\n<meta name=\"twitter:card\" content=\"summary_large_image\" \/>\n<meta name=\"twitter:label1\" content=\"Est. reading time\" \/>\n\t<meta name=\"twitter:data1\" content=\"3 minutes\" \/>\n<script type=\"application\/ld+json\" class=\"yoast-schema-graph\">{\"@context\":\"https:\/\/schema.org\",\"@graph\":[{\"@type\":\"WebPage\",\"@id\":\"https:\/\/www.freebetbest.com\/vi\/tien-thuong-cua-nha-cai-han-quoc\/\",\"url\":\"https:\/\/www.freebetbest.com\/vi\/tien-thuong-cua-nha-cai-han-quoc\/\",\"name\":\"Ti\u1ec1n th\u01b0\u1edfng cho nh\u00e0 c\u00e1i H\u00e0n Qu\u1ed1c , Khuy\u1ebfn m\u00e3i kho\u1ea3n ti\u1ec1n g\u1eedi l\u1ea7n \u0111\u1ea7u ti\u00ean\",\"isPartOf\":{\"@id\":\"https:\/\/www.freebetbest.com\/vi\/#website\"},\"primaryImageOfPage\":{\"@id\":\"https:\/\/www.freebetbest.com\/vi\/tien-thuong-cua-nha-cai-han-quoc\/#primaryimage\"},\"image\":{\"@id\":\"https:\/\/www.freebetbest.com\/vi\/tien-thuong-cua-nha-cai-han-quoc\/#primaryimage\"},\"thumbnailUrl\":\"https:\/\/www.freebetbest.com\/wp-content\/uploads\/2021\/06\/Bookmakers-scaled.jpg\",\"datePublished\":\"2021-06-10T14:40:50+00:00\",\"dateModified\":\"2021-07-28T17:06:07+00:00\",\"description\":\"Ti\u1ec1n th\u01b0\u1edfng cho nh\u00e0 c\u00e1i H\u00e0n Qu\u1ed1c , \u0110\u1eb7t c\u01b0\u1ee3c mi\u1ec5n ph\u00ed Ti\u1ec1n th\u01b0\u1edfng kh\u00f4ng c\u1ea7n g\u1eedi ti\u1ec1n \uff0c ch\u00e0o m\u1eebng M\u00e3 ti\u1ec1n th\u01b0\u1edfng G\u1eedi ti\u1ec1n l\u1ea7n \u0111\u1ea7u, M\u00e3 ti\u1ec1n th\u01b0\u1edfng \u0110\u0103ng k\u00fd. Y\u00eau c\u1ea7u ti\u1ec1n th\u01b0\u1edfng ch\u00e0o m\u1eebng c\u1ee7a b\u1ea1n ngay h\u00f4m nay\",\"breadcrumb\":{\"@id\":\"https:\/\/www.freebetbest.com\/vi\/tien-thuong-cua-nha-cai-han-quoc\/#breadcrumb\"},\"inLanguage\":\"vi-VN\",\"potentialAction\":[{\"@type\":\"ReadAction\",\"target\":[\"https:\/\/www.freebetbest.com\/vi\/tien-thuong-cua-nha-cai-han-quoc\/\"]}]},{\"@type\":\"ImageObject\",\"inLanguage\":\"vi-VN\",\"@id\":\"https:\/\/www.freebetbest.com\/vi\/tien-thuong-cua-nha-cai-han-quoc\/#primaryimage\",\"url\":\"https:\/\/www.freebetbest.com\/wp-content\/uploads\/2021\/06\/Bookmakers-scaled.jpg\",\"contentUrl\":\"https:\/\/www.freebetbest.com\/wp-content\/uploads\/2021\/06\/Bookmakers-scaled.jpg\",\"width\":417,\"height\":180,\"caption\":\"Ti\u1ec1n th\u01b0\u1edfng cho nh\u00e0 c\u00e1i Trung Qu\u1ed1c\"},{\"@type\":\"BreadcrumbList\",\"@id\":\"https:\/\/www.freebetbest.com\/vi\/tien-thuong-cua-nha-cai-han-quoc\/#breadcrumb\",\"itemListElement\":[{\"@type\":\"ListItem\",\"position\":1,\"name\":\"Home\",\"item\":\"https:\/\/www.freebetbest.com\/vi\/\"},{\"@type\":\"ListItem\",\"position\":2,\"name\":\"Ti\u1ec1n th\u01b0\u1edfng cho nh\u00e0 c\u00e1i H\u00e0n Qu\u1ed1c\"}]},{\"@type\":\"WebSite\",\"@id\":\"https:\/\/www.freebetbest.com\/vi\/#website\",\"url\":\"https:\/\/www.freebetbest.com\/vi\/\",\"name\":\"Nh\u00e0 c\u00e1i c\u00e1 c\u01b0\u1ee3c tr\u1ef1c tuy\u1ebfn t\u1ed1t nh\u1ea5t | C\u00e1 C\u01b0\u1ee3c b\u00f3ng \u0111\u00e1 online t\u1ed1t nh\u1ea5t | Th\u00f4ng tin c\u00e1 c\u01b0\u1ee3c mi\u1ec5n ph\u00ed.\",\"description\":\"Nh\u00e0 c\u00e1i c\u00e1 c\u01b0\u1ee3c tr\u1ef1c tuy\u1ebfn t\u1ed1t nh\u1ea5t, C\u1ed5ng \u0111\u00e1nh b\u1ea1c h\u00e0ng \u0111\u1ea7u th\u1ebf gi\u1edbi, Cung c\u1ea5p th\u1ec3 thao, s\u00f2ng b\u1ea1c, poker, c\u00e1 c\u01b0\u1ee3c l\u00f4 t\u00f4 & di \u0111\u1ed9ng, Th\u00f4ng tin c\u00e1 c\u01b0\u1ee3c mi\u1ec5n ph\u00ed. Nh\u00e0 c\u00e1i c\u00e1 c\u01b0\u1ee3c tr\u1ef1c tuy\u1ebfn t\u1ed1t nh\u1ea5t Vi\u1ec7t Nam\",\"publisher\":{\"@id\":\"https:\/\/www.freebetbest.com\/vi\/#\/schema\/person\/292684ccf388a2362d507874c5b80a69\"},\"potentialAction\":[{\"@type\":\"SearchAction\",\"target\":{\"@type\":\"EntryPoint\",\"urlTemplate\":\"https:\/\/www.freebetbest.com\/vi\/?s={search_term_string}\"},\"query-input\":{\"@type\":\"PropertyValueSpecification\",\"valueRequired\":true,\"valueName\":\"search_term_string\"}}],\"inLanguage\":\"vi-VN\"},{\"@type\":[\"Person\",\"Organization\"],\"@id\":\"https:\/\/www.freebetbest.com\/vi\/#\/schema\/person\/292684ccf388a2362d507874c5b80a69\",\"name\":\"\u7ba1\u7406\",\"image\":{\"@type\":\"ImageObject\",\"inLanguage\":\"vi-VN\",\"@id\":\"https:\/\/www.freebetbest.com\/vi\/#\/schema\/person\/image\/\",\"url\":\"https:\/\/www.freebetbest.com\/wp-content\/litespeed\/avatar\/49696b52fb15293a2168c14964fdd8b9.jpg?ver=1777439934\",\"contentUrl\":\"https:\/\/www.freebetbest.com\/wp-content\/litespeed\/avatar\/49696b52fb15293a2168c14964fdd8b9.jpg?ver=1777439934\",\"caption\":\"\u7ba1\u7406\"},\"logo\":{\"@id\":\"https:\/\/www.freebetbest.com\/vi\/#\/schema\/person\/image\/\"},\"sameAs\":[\"admin\"]}]}<\/script>\n<!-- \/ Yoast SEO Premium plugin. -->","yoast_head_json":{"title":"Ti\u1ec1n th\u01b0\u1edfng cho nh\u00e0 c\u00e1i H\u00e0n Qu\u1ed1c , Khuy\u1ebfn m\u00e3i kho\u1ea3n ti\u1ec1n g\u1eedi l\u1ea7n \u0111\u1ea7u ti\u00ean","description":"Ti\u1ec1n th\u01b0\u1edfng cho nh\u00e0 c\u00e1i H\u00e0n Qu\u1ed1c , \u0110\u1eb7t c\u01b0\u1ee3c mi\u1ec5n ph\u00ed Ti\u1ec1n th\u01b0\u1edfng kh\u00f4ng c\u1ea7n g\u1eedi ti\u1ec1n \uff0c ch\u00e0o m\u1eebng M\u00e3 ti\u1ec1n th\u01b0\u1edfng G\u1eedi ti\u1ec1n l\u1ea7n \u0111\u1ea7u, M\u00e3 ti\u1ec1n th\u01b0\u1edfng \u0110\u0103ng k\u00fd. Y\u00eau c\u1ea7u ti\u1ec1n th\u01b0\u1edfng ch\u00e0o m\u1eebng c\u1ee7a b\u1ea1n ngay h\u00f4m nay","robots":{"index":"index","follow":"follow","max-snippet":"max-snippet:-1","max-image-preview":"max-image-preview:large","max-video-preview":"max-video-preview:-1"},"canonical":"https:\/\/www.freebetbest.com\/vi\/tien-thuong-cua-nha-cai-han-quoc\/","og_locale":"vi_VN","og_type":"article","og_title":"Ti\u1ec1n th\u01b0\u1edfng cho nh\u00e0 c\u00e1i H\u00e0n Qu\u1ed1c","og_description":"Ti\u1ec1n th\u01b0\u1edfng cho nh\u00e0 c\u00e1i H\u00e0n Qu\u1ed1c , \u0110\u1eb7t c\u01b0\u1ee3c mi\u1ec5n ph\u00ed Ti\u1ec1n th\u01b0\u1edfng kh\u00f4ng c\u1ea7n g\u1eedi ti\u1ec1n \uff0c ch\u00e0o m\u1eebng M\u00e3 ti\u1ec1n th\u01b0\u1edfng G\u1eedi ti\u1ec1n l\u1ea7n \u0111\u1ea7u, M\u00e3 ti\u1ec1n th\u01b0\u1edfng \u0110\u0103ng k\u00fd. Y\u00eau c\u1ea7u ti\u1ec1n th\u01b0\u1edfng ch\u00e0o m\u1eebng c\u1ee7a b\u1ea1n ngay h\u00f4m nay","og_url":"https:\/\/www.freebetbest.com\/vi\/tien-thuong-cua-nha-cai-han-quoc\/","og_site_name":"Nh\u00e0 c\u00e1i c\u00e1 c\u01b0\u1ee3c tr\u1ef1c tuy\u1ebfn t\u1ed1t nh\u1ea5t | C\u00e1 C\u01b0\u1ee3c b\u00f3ng \u0111\u00e1 online t\u1ed1t nh\u1ea5t | Th\u00f4ng tin c\u00e1 c\u01b0\u1ee3c mi\u1ec5n ph\u00ed.","article_modified_time":"2021-07-28T17:06:07+00:00","og_image":[{"width":417,"height":180,"url":"https:\/\/www.freebetbest.com\/wp-content\/uploads\/2021\/06\/Bookmakers-scaled.jpg","type":"image\/jpeg"}],"twitter_card":"summary_large_image","twitter_misc":{"Est. reading time":"3 minutes"},"schema":{"@context":"https:\/\/schema.org","@graph":[{"@type":"WebPage","@id":"https:\/\/www.freebetbest.com\/vi\/tien-thuong-cua-nha-cai-han-quoc\/","url":"https:\/\/www.freebetbest.com\/vi\/tien-thuong-cua-nha-cai-han-quoc\/","name":"Ti\u1ec1n th\u01b0\u1edfng cho nh\u00e0 c\u00e1i H\u00e0n Qu\u1ed1c , Khuy\u1ebfn m\u00e3i kho\u1ea3n ti\u1ec1n g\u1eedi l\u1ea7n \u0111\u1ea7u ti\u00ean","isPartOf":{"@id":"https:\/\/www.freebetbest.com\/vi\/#website"},"primaryImageOfPage":{"@id":"https:\/\/www.freebetbest.com\/vi\/tien-thuong-cua-nha-cai-han-quoc\/#primaryimage"},"image":{"@id":"https:\/\/www.freebetbest.com\/vi\/tien-thuong-cua-nha-cai-han-quoc\/#primaryimage"},"thumbnailUrl":"https:\/\/www.freebetbest.com\/wp-content\/uploads\/2021\/06\/Bookmakers-scaled.jpg","datePublished":"2021-06-10T14:40:50+00:00","dateModified":"2021-07-28T17:06:07+00:00","description":"Ti\u1ec1n th\u01b0\u1edfng cho nh\u00e0 c\u00e1i H\u00e0n Qu\u1ed1c , \u0110\u1eb7t c\u01b0\u1ee3c mi\u1ec5n ph\u00ed Ti\u1ec1n th\u01b0\u1edfng kh\u00f4ng c\u1ea7n g\u1eedi ti\u1ec1n \uff0c ch\u00e0o m\u1eebng M\u00e3 ti\u1ec1n th\u01b0\u1edfng G\u1eedi ti\u1ec1n l\u1ea7n \u0111\u1ea7u, M\u00e3 ti\u1ec1n th\u01b0\u1edfng \u0110\u0103ng k\u00fd. Y\u00eau c\u1ea7u ti\u1ec1n th\u01b0\u1edfng ch\u00e0o m\u1eebng c\u1ee7a b\u1ea1n ngay h\u00f4m nay","breadcrumb":{"@id":"https:\/\/www.freebetbest.com\/vi\/tien-thuong-cua-nha-cai-han-quoc\/#breadcrumb"},"inLanguage":"vi-VN","potentialAction":[{"@type":"ReadAction","target":["https:\/\/www.freebetbest.com\/vi\/tien-thuong-cua-nha-cai-han-quoc\/"]}]},{"@type":"ImageObject","inLanguage":"vi-VN","@id":"https:\/\/www.freebetbest.com\/vi\/tien-thuong-cua-nha-cai-han-quoc\/#primaryimage","url":"https:\/\/www.freebetbest.com\/wp-content\/uploads\/2021\/06\/Bookmakers-scaled.jpg","contentUrl":"https:\/\/www.freebetbest.com\/wp-content\/uploads\/2021\/06\/Bookmakers-scaled.jpg","width":417,"height":180,"caption":"Ti\u1ec1n th\u01b0\u1edfng cho nh\u00e0 c\u00e1i Trung Qu\u1ed1c"},{"@type":"BreadcrumbList","@id":"https:\/\/www.freebetbest.com\/vi\/tien-thuong-cua-nha-cai-han-quoc\/#breadcrumb","itemListElement":[{"@type":"ListItem","position":1,"name":"Home","item":"https:\/\/www.freebetbest.com\/vi\/"},{"@type":"ListItem","position":2,"name":"Ti\u1ec1n th\u01b0\u1edfng cho nh\u00e0 c\u00e1i H\u00e0n Qu\u1ed1c"}]},{"@type":"WebSite","@id":"https:\/\/www.freebetbest.com\/vi\/#website","url":"https:\/\/www.freebetbest.com\/vi\/","name":"Nh\u00e0 c\u00e1i c\u00e1 c\u01b0\u1ee3c tr\u1ef1c tuy\u1ebfn t\u1ed1t nh\u1ea5t | C\u00e1 C\u01b0\u1ee3c b\u00f3ng \u0111\u00e1 online t\u1ed1t nh\u1ea5t | Th\u00f4ng tin c\u00e1 c\u01b0\u1ee3c mi\u1ec5n ph\u00ed.","description":"Nh\u00e0 c\u00e1i c\u00e1 c\u01b0\u1ee3c tr\u1ef1c tuy\u1ebfn t\u1ed1t nh\u1ea5t, C\u1ed5ng \u0111\u00e1nh b\u1ea1c h\u00e0ng \u0111\u1ea7u th\u1ebf gi\u1edbi, Cung c\u1ea5p th\u1ec3 thao, s\u00f2ng b\u1ea1c, poker, c\u00e1 c\u01b0\u1ee3c l\u00f4 t\u00f4 & di \u0111\u1ed9ng, Th\u00f4ng tin c\u00e1 c\u01b0\u1ee3c mi\u1ec5n ph\u00ed. Nh\u00e0 c\u00e1i c\u00e1 c\u01b0\u1ee3c tr\u1ef1c tuy\u1ebfn t\u1ed1t nh\u1ea5t Vi\u1ec7t Nam","publisher":{"@id":"https:\/\/www.freebetbest.com\/vi\/#\/schema\/person\/292684ccf388a2362d507874c5b80a69"},"potentialAction":[{"@type":"SearchAction","target":{"@type":"EntryPoint","urlTemplate":"https:\/\/www.freebetbest.com\/vi\/?s={search_term_string}"},"query-input":{"@type":"PropertyValueSpecification","valueRequired":true,"valueName":"search_term_string"}}],"inLanguage":"vi-VN"},{"@type":["Person","Organization"],"@id":"https:\/\/www.freebetbest.com\/vi\/#\/schema\/person\/292684ccf388a2362d507874c5b80a69","name":"\u7ba1\u7406","image":{"@type":"ImageObject","inLanguage":"vi-VN","@id":"https:\/\/www.freebetbest.com\/vi\/#\/schema\/person\/image\/","url":"https:\/\/www.freebetbest.com\/wp-content\/litespeed\/avatar\/49696b52fb15293a2168c14964fdd8b9.jpg?ver=1777439934","contentUrl":"https:\/\/www.freebetbest.com\/wp-content\/litespeed\/avatar\/49696b52fb15293a2168c14964fdd8b9.jpg?ver=1777439934","caption":"\u7ba1\u7406"},"logo":{"@id":"https:\/\/www.freebetbest.com\/vi\/#\/schema\/person\/image\/"},"sameAs":["admin"]}]}},"_links":{"self":[{"href":"https:\/\/www.freebetbest.com\/vi\/wp-json\/wp\/v2\/pages\/130169","targetHints":{"allow":["GET"]}}],"collection":[{"href":"https:\/\/www.freebetbest.com\/vi\/wp-json\/wp\/v2\/pages"}],"about":[{"href":"https:\/\/www.freebetbest.com\/vi\/wp-json\/wp\/v2\/types\/page"}],"author":[{"embeddable":true,"href":"https:\/\/www.freebetbest.com\/vi\/wp-json\/wp\/v2\/users\/1"}],"replies":[{"embeddable":true,"href":"https:\/\/www.freebetbest.com\/vi\/wp-json\/wp\/v2\/comments?post=130169"}],"version-history":[{"count":0,"href":"https:\/\/www.freebetbest.com\/vi\/wp-json\/wp\/v2\/pages\/130169\/revisions"}],"wp:featuredmedia":[{"embeddable":true,"href":"https:\/\/www.freebetbest.com\/vi\/wp-json\/wp\/v2\/media\/125278"}],"wp:attachment":[{"href":"https:\/\/www.freebetbest.com\/vi\/wp-json\/wp\/v2\/media?parent=130169"}],"curies":[{"name":"wp","href":"https:\/\/api.w.org\/{rel}","templated":true}]}}