{"id":129362,"date":"2021-06-10T10:04:52","date_gmt":"2021-06-10T10:04:52","guid":{"rendered":"https:\/\/www.freebetbest.com\/nhat-ban-nha-cai-tien-thuong\/"},"modified":"2021-07-28T20:16:10","modified_gmt":"2021-07-28T20:16:10","slug":"ti%e1%bb%81n-th%c6%b0%e1%bb%9fng-cho-nh%c3%a0-c%c3%a1i-nh%e1%ba%adt-b%e1%ba%a3n","status":"publish","type":"page","link":"https:\/\/www.freebetbest.com\/vi\/ti%e1%bb%81n-th%c6%b0%e1%bb%9fng-cho-nh%c3%a0-c%c3%a1i-nh%e1%ba%adt-b%e1%ba%a3n\/","title":{"rendered":"Ti\u1ec1n th\u01b0\u1edfng cho nh\u00e0 c\u00e1i Nh\u1eadt B\u1ea3n"},"content":{"rendered":"<h2>Trang web th\u01b0\u1edfng nh\u00e0 c\u00e1i t\u1ed1t nh\u1ea5t Nh\u1eadt B\u1ea3n<\/h2>\nCh\u00fang t\u00f4i cung c\u1ea5p c\u00e1c li\u00ean k\u1ebft. Gi\u00fap b\u1ea1n \u0111\u0103ng k\u00fd m\u1ed9t t\u00e0i kho\u1ea3n mi\u1ec5n ph\u00ed. V\u00e0 l\u00e0m th\u1ebf n\u00e0o \u0111\u1ec3 \u0111\u0103ng k\u00fd trong th\u1eddi gian nhanh nh\u1ea5t c\u00f3 th\u1ec3, l\u00e0m th\u1ebf n\u00e0o \u0111\u1ec3 nh\u1eadn \u0111\u01b0\u1ee3c Ti\u1ec1n th\u01b0\u1edfng c\u1ee7a Nh\u00e0 c\u00e1i Nh\u1eadt B\u1ea3n. V\u00e0 ch\u00e0o m\u1eebng ti\u1ec1n th\u01b0\u1edfng mi\u1ec5n ph\u00ed.\n\nHo\u1ea1t \u0111\u1ed9ng \u0111o\u00e1n ph\u1ed5 bi\u1ebfn nh\u1ea5t \u1edf Nh\u1eadt B\u1ea3n l\u00e0 b\u00f3ng ch\u00e0y. R\u1ea5t nhi\u1ec1u c\u01b0\u1ee3c \u0111\u01b0\u1ee3c \u0111\u1eb7t v\u00e0o k\u1ebft qu\u1ea3 c\u1ee7a tr\u00f2 ch\u01a1i l\u1edbn nh\u1ea5t m\u1ed7i ng\u00e0y.\n\nB\u1ea1n c\u00f3 bi\u1ebft c\u00e1c t\u00f9y ch\u1ecdn c\u00f3 s\u1eb5n cho<a href=\"https:\/\/www.freebetbest.com\/latest-free-betting-bonus\/\"> c\u00e1 c\u01b0\u1ee3c th\u1ec3 thao<\/a> \u1ede Nh\u1eadt? B\u00e0i b\u00e1o n\u00e0y l\u00e0m r\u00f5 t\u1ea5t c\u1ea3 \u0111i\u1ec1u n\u00e0y. Tr\u00ean trang n\u00e0y, nh\u00f3m chuy\u00ean gia c\u1ee7a ch\u00fang t\u00f4i \u0111\u00e3 ph\u00e2n t\u00edch c\u00e1c trang web v\u00e0 ch\u01b0\u01a1ng tr\u00ecnh l\u1edbn v\u00e0 ti\u1ebft l\u1ed9 trang web tr\u00f2 ch\u01a1i l\u1edbn nh\u1ea5t \u1edf Nh\u1eadt B\u1ea3n.\n<h3>C\u1edd b\u1ea1c \u1edf Trung Qu\u1ed1c c\u00f3 m\u1ed9t qu\u00e1 kh\u1ee9 l\u1ecbch s\u1eed \u0111\u1ed9c \u0111\u00e1o v\u00e0 h\u1ea5p d\u1eabn.<\/h3>\nKh\u00e1n gi\u1ea3 t\u1eadp trung v\u00e0o s\u1ed1 \u0111i\u1ec7n tho\u1ea1i \u0111\u1ec3 xem c\u00e1c s\u1ef1 ki\u1ec7n th\u1ec3 thao, tr\u1eadn \u0111\u1ea5u v\u00e0 c\u00e1c b\u00e0i ki\u1ec3m tra t\u1ed1c \u0111\u1ed9 ho\u1eb7c n\u0103ng l\u01b0\u1ee3ng, v\u00e0 \u0111\u1eb7t c\u01b0\u1ee3c c\u00e1c qu\u1ef9 ho\u1eb7c c\u00e1c h\u1ea1ng m\u1ee5c trong k\u1ebft qu\u1ea3. T\u00ecnh h\u00ecnh c\u00e1 c\u01b0\u1ee3c l\u00e0 t\u1eeb c\u00e1c s\u00f2ng b\u1ea1c tr\u1ef1c tuy\u1ebfn do ng\u01b0\u1eddi ph\u01b0\u01a1ng T\u00e2y m\u1edf ra. Ch\u01a1i tr\u00f2 ch\u01a1i tr\u1ef1c tuy\u1ebfn th\u1ebb t\u00edn d\u1ee5ng.\n<h3>\u0110\u1ecbnh h\u01b0\u1edbng v\u00e0 quan tr\u1ecdng nh\u1ea5t c\u1ee7a b\u1ea1n trong th\u1eddi hi\u1ec7n \u0111\u1ea1i.<\/h3>\nTi\u1ec1n th\u01b0\u1edfng cho nh\u00e0 c\u00e1i Nh\u1eadt B\u1ea3n. N\u00f3 ho\u00e0n to\u00e0n kh\u00e1c khi n\u00f3i \u0111\u1ebfn vi\u1ec7c gi\u1ea3m thi\u1ec3u r\u1ee7i ro. \u0110\u1eb7t c\u01b0\u1ee3c th\u00f4ng qua c\u00e1 c\u01b0\u1ee3c tr\u1ef1c tuy\u1ebfn,\n<h3>Ti\u1ec1n th\u01b0\u1edfng cho nh\u00e0 c\u00e1i Nh\u1eadt B\u1ea3n H\u1ea7u h\u1ebft c\u00e1c c\u01b0\u1ee3c v\u1eabn h\u1ee3p ph\u00e1p.<\/h3>\nKh\u00f4ng c\u00f3 g\u00ec ng\u0103n c\u1ea3n nh\u1eefng k\u1ebf ho\u1ea1ch t\u1eeb tr\u01b0\u1edbc \u0111\u1ebfn nay. \u0110\u1eb7t c\u01b0\u1ee3c h\u1ea5p d\u1eabn nh\u1ea5t l\u00e0 ng\u01b0\u1eddi t\u1ea1o ra l\u1ee3i nhu\u1eadn. Ph\u1ea7n l\u1edbn ti\u1ec1n c\u01b0\u1ee3c \u0111\u01b0\u1ee3c \u0111\u1ea7u t\u01b0 v\u00e0o c\u00e1c c\u00f4ng ty c\u00e1 c\u01b0\u1ee3c h\u1ee3p ph\u00e1p.\n<h3>Ti\u1ec1n th\u01b0\u1edfng cho nh\u00e0 c\u00e1i Nh\u1eadt B\u1ea3n Ch\u01a1i tr\u1ef1c tuy\u1ebfn \u1edf Nh\u1eadt B\u1ea3n<\/h3>\nS\u1ef1 c\u00f4ng nh\u1eadn c\u1ee7a tr\u00f2 ch\u01a1i tr\u00ean internet ti\u1ebfp t\u1ee5c ph\u00e1t tri\u1ec3n \u1edf Nh\u1eadt B\u1ea3n. Ch\u1eafc ch\u1eafn, th\u1ecb tr\u01b0\u1eddng ch\u01a1i th\u1ec3 thao tr\u1ef1c tuy\u1ebfn hi\u1ec7n nay r\u1ea5t c\u1ea1nh tranh h\u01a1n so v\u1edbi tr\u01b0\u1edbc \u0111\u00e2y, nh\u01b0ng \u0111\u00f3 l\u00e0 th\u00f4ng tin tuy\u1ec7t v\u1eddi cho nh\u1eefng ng\u01b0\u1eddi \u0111\u1eb7t c\u01b0\u1ee3c. B\u1ea1n c\u00f3 m\u1ed9t s\u1ef1 l\u1ef1a ch\u1ecdn li\u00ean quan \u0111\u1ebfn nh\u00e0 c\u00e1i c\u00e1 c\u01b0\u1ee3c \u0111\u1ec3 \u0111\u00e1nh b\u1ea1c.\n<h3>Ti\u1ec1n th\u01b0\u1edfng cho nh\u00e0 c\u00e1i Nh\u1eadt B\u1ea3n<a href=\"https:\/\/www.freebetsinfo.co.uk\/free-bets\/\"> C\u00e1 c\u01b0\u1ee3c th\u1ec3 thao tr\u1ef1c tuy\u1ebfn<\/a><\/h3>\n\u0110\u1eb7t c\u01b0\u1ee3c v\u00e0o n\u00f3 c\u0169ng l\u00e0 Nh\u1eadt B\u1ea3n. M\u1ed9t s\u1edf th\u00edch \u0111\u01b0\u1ee3c h\u00e0ng ng\u00e0n ng\u01b0\u1eddi \u0111\u00e1nh gi\u00e1 cao. Ch\u00fang t\u00f4i \u0111\u00e3 c\u00f3 \u0111\u01b0\u1ee3c. M\u1ed9t s\u1ed1 l\u01b0\u1ee3ng l\u1edbn c\u00e1c trang g\u1ee3i \u00fd. Gi\u00fap b\u1ea1n trong c\u00e1 c\u01b0\u1ee3c th\u1ec3 thao, nh\u01b0ng ch\u00fang t\u00f4i c\u0169ng cung c\u1ea5p n\u00f3 cho b\u1ea1n. Ti\u1ec1n th\u01b0\u1edfng c\u1ee7a nh\u00e0 c\u00e1i c\u00e1 c\u01b0\u1ee3c Nh\u1eadt B\u1ea3n t\u1ed1t nh\u1ea5t tr\u00ean th\u1ebf gi\u1edbi.\n\nM\u1ecdi nh\u00e0 c\u00e1i c\u00e1 c\u01b0\u1ee3c c\u1ee7a Nh\u1eadt B\u1ea3n. C\u1ea3 hai \u0111\u1ec1u b\u1ea3o v\u1ec7 c\u00e1c gi\u1ea3i v\u00f4 \u0111\u1ecbch c\u1ed9ng \u0111\u1ed3ng v\u00e0 li\u00ean bang, ch\u1eb3ng h\u1ea1n nh\u01b0 J1 League v\u00e0 NPB, c\u0169ng nh\u01b0 Th\u1ebf v\u1eadn h\u1ed9i, World Cup v\u00e0 UEFA Champions League. Nhi\u1ec1u ho\u1ea1t \u0111\u1ed9ng th\u1ec3 thao l\u1edbn kh\u00e1c, ch\u1eb3ng h\u1ea1n nh\u01b0 c\u00e1c gi\u1ea3i \u0111\u1ea5u. C\u00e1c s\u1ef1 ki\u1ec7n l\u1edbn tr\u00ean th\u1ebf gi\u1edbi.\n\nN\u1ebfu b\u1ea1n d\u1ef1 \u0111\u1ecbnh. \u0110\u1eb7t c\u01b0\u1ee3c v\u00e0o c\u00e1c s\u1ef1 ki\u1ec7n nh\u1ecf \u1edf Nh\u1eadt B\u1ea3n, \u0111\u1ecdc c\u00e1c lo\u1ea1i \u0111\u1ecbnh d\u1ea1ng t\u1ef7 l\u1ec7 c\u01b0\u1ee3c kh\u00e1c nhau ho\u1eb7c \u0111o\u00e1n nh\u00e0 v\u00f4 \u0111\u1ecbch World Cup b\u00f3ng r\u1ed5 ti\u1ebfp theo, \u0111i\u1ec1u \u0111\u00f3 kh\u00f4ng c\u00f3 v\u1ea5n \u0111\u1ec1 g\u00ec. T\u1ea5t c\u1ea3 nh\u1eefng th\u1ee9 n\u00e0y \u0111\u1ec1u c\u00f3 th\u1ec3 \u1edf trong. \u0110\u00e3 ho\u00e0n th\u00e0nh trong danh s\u00e1ch c\u00e1c nh\u00e0 c\u00e1i Nh\u1eadt B\u1ea3n c\u1ee7a ch\u00fang t\u00f4i.\n<h3>S\u00f2ng b\u1ea1c tr\u1ef1c tuy\u1ebfn \u1edf Nh\u1eadt B\u1ea3n<\/h3>\nTham gia v\u00e0o s\u00f2ng b\u1ea1c tr\u1ef1c tuy\u1ebfn. Nh\u01b0 m\u1ed9t s\u1ef1 thay th\u1ebf cho phi\u00ean b\u1ea3n \u0111\u1eddi th\u1ef1c. c\u00f3 nhi\u1ec1u l\u1ee3i \u00edch. Tr\u01b0\u1edbc h\u1ebft, b\u1ea1n c\u00f3 th\u1ec3 tham gia. Th\u01b0\u1edfng th\u1ee9c n\u00f3 \u1edf nh\u00e0 ho\u1eb7c tr\u00ean \u0111\u01b0\u1eddng \u0111i, v\u00ec v\u1eady n\u00f3 d\u1ec5 d\u00e0ng h\u01a1n. Ngo\u00e0i ra, c\u0169ng gi\u1ed1ng nh\u01b0 nh\u1eefng ng\u01b0\u1eddi trong cu\u1ed9c s\u1ed1ng th\u1ef1c h\u00e0ng ng\u00e0y. K\u1ebft lu\u1eadn, Nh\u1eefng ng\u01b0\u1eddi \u0111\u00e3 ch\u01a1i trong s\u00f2ng b\u1ea1c Internet. Nh\u01b0 b\u1ea1n \u0111\u00e3 bi\u1ebft, c\u00e1 c\u01b0\u1ee3c c\u00f3 th\u1ec3 khi\u1ebfn b\u1ea1n n\u1ea3n l\u00f2ng.\n\nNh\u01b0 ti\u00eau \u0111\u1ec1 c\u1ee7a tr\u00f2 ch\u01a1i ng\u01b0\u1eddi chia b\u00e0i tr\u1ef1c ti\u1ebfp, c\u01a1 s\u1edf \u0111\u00e1nh b\u1ea1c t\u1ea1i nh\u00e0. Tr\u1ea3i nghi\u1ec7m th\u1ef1c t\u1ebf tr\u1edf n\u00ean hi\u1ec7u qu\u1ea3 nh\u01b0 s\u1ea3n ph\u1ea9m ch\u00ednh h\u00e3ng. B\u1ea1n c\u00f3 th\u1ec3 ch\u01a1i blackjack, roulette, baccarat v\u00e0 c\u00e1c tr\u00f2 ch\u01a1i kh\u00e1c, h\u00e3y \u0111\u1ec3 nh\u1eefng ng\u01b0\u1eddi th\u1ef1c \u0111\u00e1p \u1ee9ng nhu c\u1ea7u c\u1ee7a b\u1ea1n v\u00e0 s\u1ed1ng trong m\u1ed9t s\u00f2ng b\u1ea1c th\u1ef1c s\u1ef1.\n<h3>Nh\u00e0 c\u00e1i Nh\u1eadt B\u1ea3n C\u00e1c l\u1ef1a ch\u1ecdn \u0111\u1ea7u t\u01b0 c\u00f3 th\u01b0\u1edfng<\/h3>\nch\u00fang t\u00f4i bi\u1ebft. N\u00f3 c\u00f3 th\u1ec3 d\u1ec5 d\u00e0ng v\u00e0o v\u00e0 ra b\u1eb1ng c\u00e1c ph\u01b0\u01a1ng ph\u00e1p ph\u00f9 h\u1ee3p v\u1edbi b\u1ea1n, \u0111i\u1ec1u n\u00e0y r\u1ea5t quan tr\u1ecdng trong c\u1edd b\u1ea1c tr\u1ef1c tuy\u1ebfn. \u0110\u00f3 l\u00e0 l\u00fd do t\u1ea1i sao. Ch\u00fang t\u00f4i mu\u1ed1n l\u00e0m h\u1ebft s\u1ee9c m\u00ecnh. T\u00f3m l\u1ea1i, Mang \u0111\u1ebfn cho b\u1ea1n m\u1ed9t s\u1ed1 trang web cung c\u1ea5p nhi\u1ec1u l\u1ef1a ch\u1ecdn ng\u00e2n h\u00e0ng cho c\u00e1c v\u1eadn \u0111\u1ed9ng vi\u00ean Nh\u1eadt B\u1ea3n\n\n<!-- \/wp:post-content -->","protected":false},"excerpt":{"rendered":"<p>\u0110\u0103ng k\u00fd m\u1ed9t t\u00e0i kho\u1ea3n mi\u1ec5n ph\u00ed, v\u00e0 \u0111\u0103ng k\u00fd trong th\u1eddi gian nhanh nh\u1ea5t c\u00f3 th\u1ec3, v\u00e0 l\u00e0m th\u1ebf n\u00e0o \u0111\u1ec3 nh\u1eadn \u0111\u01b0\u1ee3c ph\u1ea7n th\u01b0\u1edfng ch\u00e0o m\u1eebng s\u1eb5n s\u00e0ng t\u1ed1t nh\u1ea5t v\u00e0 ph\u1ea7n th\u01b0\u1edfng mi\u1ec5n ph\u00ed.<\/p>\n<div class=\"hero-cup-section\">\n<div class=\"row mb-4\">\n<div class=\"col-md-7\">\n<div class=\"section-area\">\n<div class=\"section-list\">\n<li style=\"text-align: left\"><img decoding=\"async\" src=\"https:\/\/www.freebetbest.com\/wp-content\/uploads\/2021\/06\/tick.png\" alt=\"C\u00e1c m\u00f4n th\u1ec3 thao\"> Casino th\u1ec3 thao ti\u1ec1n th\u01b0\u1edfng ch\u00e0o m\u1eebng.<\/li>\n<li style=\"text-align: left\"><img decoding=\"async\" src=\"https:\/\/www.freebetbest.com\/wp-content\/uploads\/2021\/06\/tick.png\" alt=\"cung c\u1ea5p tr\u00f2 ch\u01a1i\"> \u01afu \u0111\u00e3i v\u00e0 khuy\u1ebfn m\u00e3i c\u1ee7a nh\u00e0 c\u00e1i tr\u1ef1c tuy\u1ebfn.<\/li>\n<li style=\"text-align: left\"><img decoding=\"async\" src=\"https:\/\/www.freebetbest.com\/wp-content\/uploads\/2021\/06\/tick.png\" alt=\"cung c\u1ea5p tr\u00f2 ch\u01a1i\"> C\u00e1c nh\u00e0 c\u00e1i tr\u1ef1c tuy\u1ebfn t\u1ed1t nh\u1ea5t m\u00e0 b\u1ea1n c\u00f3 th\u1ec3 tin t\u01b0\u1edfng.<\/li>\n<li style=\"text-align: left\"><img decoding=\"async\" src=\"https:\/\/www.freebetbest.com\/wp-content\/uploads\/2021\/06\/tick.png\" alt=\"C\u00f3 th\u1ea9m quy\u1ec1n\"> \u0110\u00e1nh gi\u00e1 c\u00f3 th\u1ea9m quy\u1ec1n An to\u00e0n \u0111\u00e1ng tin c\u1eady.<\/li>\n<li style=\"text-align: left\"><img decoding=\"async\" src=\"https:\/\/www.freebetbest.com\/wp-content\/uploads\/2021\/06\/tick.png\" alt=\"R\u00fat ti\u1ec1n nhanh ch\u00f3ng\"> H\u1ed7 tr\u1ee3 APP di \u0111\u1ed9ng, R\u00fat ti\u1ec1n nhanh ch\u00f3ng.<\/li>\n<li style=\"text-align: left\"><img decoding=\"async\" src=\"https:\/\/www.freebetbest.com\/wp-content\/uploads\/2021\/06\/tick.png\" alt=\"H\u1ed7 tr\u1ee3 kh\u00e1ch h\u00e0ng\"> H\u1ed7 tr\u1ee3 kh\u00e1ch h\u00e0ng: 365 ng\u00e0y, 24 gi\u1edd m\u1ed9t ng\u00e0y.<\/li>\n<\/div>\n<\/div>\n<\/div>\n<div class=\"col-md-5\">\n<div class=\"cup-img\"><img decoding=\"async\" src=\"https:\/\/www.freebetbest.com\/wp-content\/uploads\/2021\/06\/japan1-1.png\" alt=\"freebetbest\"><\/div>\n<\/div>\n<\/div>\n","protected":false},"author":1,"featured_media":125278,"parent":0,"menu_order":0,"comment_status":"closed","ping_status":"closed","template":"japan-template.php","meta":{"footnotes":""},"class_list":["post-129362","page","type-page","status-publish","has-post-thumbnail","hentry"],"yoast_head":"<!-- This site is optimized with the Yoast SEO Premium plugin v19.5 (Yoast SEO v27.0) - https:\/\/yoast.com\/product\/yoast-seo-premium-wordpress\/ -->\n<title>Ti\u1ec1n th\u01b0\u1edfng cho nh\u00e0 c\u00e1i Nh\u1eadt B\u1ea3n , Khuy\u1ebfn m\u00e3i kho\u1ea3n ti\u1ec1n g\u1eedi l\u1ea7n \u0111\u1ea7u ti\u00ean<\/title>\n<meta name=\"description\" content=\"Ti\u1ec1n th\u01b0\u1edfng cho nh\u00e0 c\u00e1i Nh\u1eadt B\u1ea3n , \u0110\u1eb7t c\u01b0\u1ee3c mi\u1ec5n ph\u00ed Ti\u1ec1n th\u01b0\u1edfng kh\u00f4ng c\u1ea7n g\u1eedi ti\u1ec1n \uff0c \u01afu \u0111\u00e3i C\u01b0\u1ee3c Mi\u1ec5n ph\u00ed Tr\u1ef1c tuy\u1ebfn H\u00e0ng \u0111\u1ea7u. T\u1ef7 l\u1ec7 c\u01b0\u1ee3c t\u1ed1t nh\u1ea5t cho c\u00e1 c\u01b0\u1ee3c th\u1ec3 thao. \u01afu \u0111\u00e3i \u0111\u1ed9c quy\u1ec1n. Nh\u1eadn x\u00e9t t\u1ed1t nh\u1ea5t.\" \/>\n<meta name=\"robots\" content=\"index, follow, max-snippet:-1, max-image-preview:large, max-video-preview:-1\" \/>\n<link rel=\"canonical\" href=\"https:\/\/www.freebetbest.com\/vi\/ti%e1%bb%81n-th%c6%b0%e1%bb%9fng-cho-nh%c3%a0-c%c3%a1i-nh%e1%ba%adt-b%e1%ba%a3n\/\" \/>\n<meta property=\"og:locale\" content=\"vi_VN\" \/>\n<meta property=\"og:type\" content=\"article\" \/>\n<meta property=\"og:title\" content=\"Ti\u1ec1n th\u01b0\u1edfng cho nh\u00e0 c\u00e1i Nh\u1eadt B\u1ea3n\" \/>\n<meta property=\"og:description\" content=\"Ti\u1ec1n th\u01b0\u1edfng cho nh\u00e0 c\u00e1i Nh\u1eadt B\u1ea3n , \u0110\u1eb7t c\u01b0\u1ee3c mi\u1ec5n ph\u00ed Ti\u1ec1n th\u01b0\u1edfng kh\u00f4ng c\u1ea7n g\u1eedi ti\u1ec1n \uff0c \u01afu \u0111\u00e3i C\u01b0\u1ee3c Mi\u1ec5n ph\u00ed Tr\u1ef1c tuy\u1ebfn H\u00e0ng \u0111\u1ea7u. T\u1ef7 l\u1ec7 c\u01b0\u1ee3c t\u1ed1t nh\u1ea5t cho c\u00e1 c\u01b0\u1ee3c th\u1ec3 thao. \u01afu \u0111\u00e3i \u0111\u1ed9c quy\u1ec1n. Nh\u1eadn x\u00e9t t\u1ed1t nh\u1ea5t.\" \/>\n<meta property=\"og:url\" content=\"https:\/\/www.freebetbest.com\/vi\/ti%e1%bb%81n-th%c6%b0%e1%bb%9fng-cho-nh%c3%a0-c%c3%a1i-nh%e1%ba%adt-b%e1%ba%a3n\/\" \/>\n<meta property=\"og:site_name\" content=\"Nh\u00e0 c\u00e1i c\u00e1 c\u01b0\u1ee3c tr\u1ef1c tuy\u1ebfn t\u1ed1t nh\u1ea5t | C\u00e1 C\u01b0\u1ee3c b\u00f3ng \u0111\u00e1 online t\u1ed1t nh\u1ea5t | Th\u00f4ng tin c\u00e1 c\u01b0\u1ee3c mi\u1ec5n ph\u00ed.\" \/>\n<meta property=\"article:modified_time\" content=\"2021-07-28T20:16:10+00:00\" \/>\n<meta property=\"og:image\" content=\"https:\/\/www.freebetbest.com\/wp-content\/uploads\/2021\/06\/Bookmakers-scaled.jpg\" \/>\n\t<meta property=\"og:image:width\" content=\"417\" \/>\n\t<meta property=\"og:image:height\" content=\"180\" \/>\n\t<meta property=\"og:image:type\" content=\"image\/jpeg\" \/>\n<meta name=\"twitter:card\" content=\"summary_large_image\" \/>\n<meta name=\"twitter:label1\" content=\"Est. reading time\" \/>\n\t<meta name=\"twitter:data1\" content=\"3 minutes\" \/>\n<script type=\"application\/ld+json\" class=\"yoast-schema-graph\">{\"@context\":\"https:\/\/schema.org\",\"@graph\":[{\"@type\":\"WebPage\",\"@id\":\"https:\/\/www.freebetbest.com\/vi\/ti%e1%bb%81n-th%c6%b0%e1%bb%9fng-cho-nh%c3%a0-c%c3%a1i-nh%e1%ba%adt-b%e1%ba%a3n\/\",\"url\":\"https:\/\/www.freebetbest.com\/vi\/ti%e1%bb%81n-th%c6%b0%e1%bb%9fng-cho-nh%c3%a0-c%c3%a1i-nh%e1%ba%adt-b%e1%ba%a3n\/\",\"name\":\"Ti\u1ec1n th\u01b0\u1edfng cho nh\u00e0 c\u00e1i Nh\u1eadt B\u1ea3n , Khuy\u1ebfn m\u00e3i kho\u1ea3n ti\u1ec1n g\u1eedi l\u1ea7n \u0111\u1ea7u ti\u00ean\",\"isPartOf\":{\"@id\":\"https:\/\/www.freebetbest.com\/vi\/#website\"},\"primaryImageOfPage\":{\"@id\":\"https:\/\/www.freebetbest.com\/vi\/ti%e1%bb%81n-th%c6%b0%e1%bb%9fng-cho-nh%c3%a0-c%c3%a1i-nh%e1%ba%adt-b%e1%ba%a3n\/#primaryimage\"},\"image\":{\"@id\":\"https:\/\/www.freebetbest.com\/vi\/ti%e1%bb%81n-th%c6%b0%e1%bb%9fng-cho-nh%c3%a0-c%c3%a1i-nh%e1%ba%adt-b%e1%ba%a3n\/#primaryimage\"},\"thumbnailUrl\":\"https:\/\/www.freebetbest.com\/wp-content\/uploads\/2021\/06\/Bookmakers-scaled.jpg\",\"datePublished\":\"2021-06-10T10:04:52+00:00\",\"dateModified\":\"2021-07-28T20:16:10+00:00\",\"description\":\"Ti\u1ec1n th\u01b0\u1edfng cho nh\u00e0 c\u00e1i Nh\u1eadt B\u1ea3n , \u0110\u1eb7t c\u01b0\u1ee3c mi\u1ec5n ph\u00ed Ti\u1ec1n th\u01b0\u1edfng kh\u00f4ng c\u1ea7n g\u1eedi ti\u1ec1n \uff0c \u01afu \u0111\u00e3i C\u01b0\u1ee3c Mi\u1ec5n ph\u00ed Tr\u1ef1c tuy\u1ebfn H\u00e0ng \u0111\u1ea7u. T\u1ef7 l\u1ec7 c\u01b0\u1ee3c t\u1ed1t nh\u1ea5t cho c\u00e1 c\u01b0\u1ee3c th\u1ec3 thao. \u01afu \u0111\u00e3i \u0111\u1ed9c quy\u1ec1n. Nh\u1eadn x\u00e9t t\u1ed1t nh\u1ea5t.\",\"breadcrumb\":{\"@id\":\"https:\/\/www.freebetbest.com\/vi\/ti%e1%bb%81n-th%c6%b0%e1%bb%9fng-cho-nh%c3%a0-c%c3%a1i-nh%e1%ba%adt-b%e1%ba%a3n\/#breadcrumb\"},\"inLanguage\":\"vi-VN\",\"potentialAction\":[{\"@type\":\"ReadAction\",\"target\":[\"https:\/\/www.freebetbest.com\/vi\/ti%e1%bb%81n-th%c6%b0%e1%bb%9fng-cho-nh%c3%a0-c%c3%a1i-nh%e1%ba%adt-b%e1%ba%a3n\/\"]}]},{\"@type\":\"ImageObject\",\"inLanguage\":\"vi-VN\",\"@id\":\"https:\/\/www.freebetbest.com\/vi\/ti%e1%bb%81n-th%c6%b0%e1%bb%9fng-cho-nh%c3%a0-c%c3%a1i-nh%e1%ba%adt-b%e1%ba%a3n\/#primaryimage\",\"url\":\"https:\/\/www.freebetbest.com\/wp-content\/uploads\/2021\/06\/Bookmakers-scaled.jpg\",\"contentUrl\":\"https:\/\/www.freebetbest.com\/wp-content\/uploads\/2021\/06\/Bookmakers-scaled.jpg\",\"width\":417,\"height\":180,\"caption\":\"Ti\u1ec1n th\u01b0\u1edfng cho nh\u00e0 c\u00e1i Trung Qu\u1ed1c\"},{\"@type\":\"BreadcrumbList\",\"@id\":\"https:\/\/www.freebetbest.com\/vi\/ti%e1%bb%81n-th%c6%b0%e1%bb%9fng-cho-nh%c3%a0-c%c3%a1i-nh%e1%ba%adt-b%e1%ba%a3n\/#breadcrumb\",\"itemListElement\":[{\"@type\":\"ListItem\",\"position\":1,\"name\":\"Home\",\"item\":\"https:\/\/www.freebetbest.com\/vi\/\"},{\"@type\":\"ListItem\",\"position\":2,\"name\":\"Ti\u1ec1n th\u01b0\u1edfng cho nh\u00e0 c\u00e1i Nh\u1eadt B\u1ea3n\"}]},{\"@type\":\"WebSite\",\"@id\":\"https:\/\/www.freebetbest.com\/vi\/#website\",\"url\":\"https:\/\/www.freebetbest.com\/vi\/\",\"name\":\"Nh\u00e0 c\u00e1i c\u00e1 c\u01b0\u1ee3c tr\u1ef1c tuy\u1ebfn t\u1ed1t nh\u1ea5t | C\u00e1 C\u01b0\u1ee3c b\u00f3ng \u0111\u00e1 online t\u1ed1t nh\u1ea5t | Th\u00f4ng tin c\u00e1 c\u01b0\u1ee3c mi\u1ec5n ph\u00ed.\",\"description\":\"Nh\u00e0 c\u00e1i c\u00e1 c\u01b0\u1ee3c tr\u1ef1c tuy\u1ebfn t\u1ed1t nh\u1ea5t, C\u1ed5ng \u0111\u00e1nh b\u1ea1c h\u00e0ng \u0111\u1ea7u th\u1ebf gi\u1edbi, Cung c\u1ea5p th\u1ec3 thao, s\u00f2ng b\u1ea1c, poker, c\u00e1 c\u01b0\u1ee3c l\u00f4 t\u00f4 & di \u0111\u1ed9ng, Th\u00f4ng tin c\u00e1 c\u01b0\u1ee3c mi\u1ec5n ph\u00ed. Nh\u00e0 c\u00e1i c\u00e1 c\u01b0\u1ee3c tr\u1ef1c tuy\u1ebfn t\u1ed1t nh\u1ea5t Vi\u1ec7t Nam\",\"publisher\":{\"@id\":\"https:\/\/www.freebetbest.com\/vi\/#\/schema\/person\/292684ccf388a2362d507874c5b80a69\"},\"potentialAction\":[{\"@type\":\"SearchAction\",\"target\":{\"@type\":\"EntryPoint\",\"urlTemplate\":\"https:\/\/www.freebetbest.com\/vi\/?s={search_term_string}\"},\"query-input\":{\"@type\":\"PropertyValueSpecification\",\"valueRequired\":true,\"valueName\":\"search_term_string\"}}],\"inLanguage\":\"vi-VN\"},{\"@type\":[\"Person\",\"Organization\"],\"@id\":\"https:\/\/www.freebetbest.com\/vi\/#\/schema\/person\/292684ccf388a2362d507874c5b80a69\",\"name\":\"\u7ba1\u7406\",\"image\":{\"@type\":\"ImageObject\",\"inLanguage\":\"vi-VN\",\"@id\":\"https:\/\/www.freebetbest.com\/vi\/#\/schema\/person\/image\/\",\"url\":\"https:\/\/www.freebetbest.com\/wp-content\/litespeed\/avatar\/49696b52fb15293a2168c14964fdd8b9.jpg?ver=1777439934\",\"contentUrl\":\"https:\/\/www.freebetbest.com\/wp-content\/litespeed\/avatar\/49696b52fb15293a2168c14964fdd8b9.jpg?ver=1777439934\",\"caption\":\"\u7ba1\u7406\"},\"logo\":{\"@id\":\"https:\/\/www.freebetbest.com\/vi\/#\/schema\/person\/image\/\"},\"sameAs\":[\"admin\"]}]}<\/script>\n<!-- \/ Yoast SEO Premium plugin. -->","yoast_head_json":{"title":"Ti\u1ec1n th\u01b0\u1edfng cho nh\u00e0 c\u00e1i Nh\u1eadt B\u1ea3n , Khuy\u1ebfn m\u00e3i kho\u1ea3n ti\u1ec1n g\u1eedi l\u1ea7n \u0111\u1ea7u ti\u00ean","description":"Ti\u1ec1n th\u01b0\u1edfng cho nh\u00e0 c\u00e1i Nh\u1eadt B\u1ea3n , \u0110\u1eb7t c\u01b0\u1ee3c mi\u1ec5n ph\u00ed Ti\u1ec1n th\u01b0\u1edfng kh\u00f4ng c\u1ea7n g\u1eedi ti\u1ec1n \uff0c \u01afu \u0111\u00e3i C\u01b0\u1ee3c Mi\u1ec5n ph\u00ed Tr\u1ef1c tuy\u1ebfn H\u00e0ng \u0111\u1ea7u. T\u1ef7 l\u1ec7 c\u01b0\u1ee3c t\u1ed1t nh\u1ea5t cho c\u00e1 c\u01b0\u1ee3c th\u1ec3 thao. \u01afu \u0111\u00e3i \u0111\u1ed9c quy\u1ec1n. Nh\u1eadn x\u00e9t t\u1ed1t nh\u1ea5t.","robots":{"index":"index","follow":"follow","max-snippet":"max-snippet:-1","max-image-preview":"max-image-preview:large","max-video-preview":"max-video-preview:-1"},"canonical":"https:\/\/www.freebetbest.com\/vi\/ti%e1%bb%81n-th%c6%b0%e1%bb%9fng-cho-nh%c3%a0-c%c3%a1i-nh%e1%ba%adt-b%e1%ba%a3n\/","og_locale":"vi_VN","og_type":"article","og_title":"Ti\u1ec1n th\u01b0\u1edfng cho nh\u00e0 c\u00e1i Nh\u1eadt B\u1ea3n","og_description":"Ti\u1ec1n th\u01b0\u1edfng cho nh\u00e0 c\u00e1i Nh\u1eadt B\u1ea3n , \u0110\u1eb7t c\u01b0\u1ee3c mi\u1ec5n ph\u00ed Ti\u1ec1n th\u01b0\u1edfng kh\u00f4ng c\u1ea7n g\u1eedi ti\u1ec1n \uff0c \u01afu \u0111\u00e3i C\u01b0\u1ee3c Mi\u1ec5n ph\u00ed Tr\u1ef1c tuy\u1ebfn H\u00e0ng \u0111\u1ea7u. T\u1ef7 l\u1ec7 c\u01b0\u1ee3c t\u1ed1t nh\u1ea5t cho c\u00e1 c\u01b0\u1ee3c th\u1ec3 thao. \u01afu \u0111\u00e3i \u0111\u1ed9c quy\u1ec1n. Nh\u1eadn x\u00e9t t\u1ed1t nh\u1ea5t.","og_url":"https:\/\/www.freebetbest.com\/vi\/ti%e1%bb%81n-th%c6%b0%e1%bb%9fng-cho-nh%c3%a0-c%c3%a1i-nh%e1%ba%adt-b%e1%ba%a3n\/","og_site_name":"Nh\u00e0 c\u00e1i c\u00e1 c\u01b0\u1ee3c tr\u1ef1c tuy\u1ebfn t\u1ed1t nh\u1ea5t | C\u00e1 C\u01b0\u1ee3c b\u00f3ng \u0111\u00e1 online t\u1ed1t nh\u1ea5t | Th\u00f4ng tin c\u00e1 c\u01b0\u1ee3c mi\u1ec5n ph\u00ed.","article_modified_time":"2021-07-28T20:16:10+00:00","og_image":[{"width":417,"height":180,"url":"https:\/\/www.freebetbest.com\/wp-content\/uploads\/2021\/06\/Bookmakers-scaled.jpg","type":"image\/jpeg"}],"twitter_card":"summary_large_image","twitter_misc":{"Est. reading time":"3 minutes"},"schema":{"@context":"https:\/\/schema.org","@graph":[{"@type":"WebPage","@id":"https:\/\/www.freebetbest.com\/vi\/ti%e1%bb%81n-th%c6%b0%e1%bb%9fng-cho-nh%c3%a0-c%c3%a1i-nh%e1%ba%adt-b%e1%ba%a3n\/","url":"https:\/\/www.freebetbest.com\/vi\/ti%e1%bb%81n-th%c6%b0%e1%bb%9fng-cho-nh%c3%a0-c%c3%a1i-nh%e1%ba%adt-b%e1%ba%a3n\/","name":"Ti\u1ec1n th\u01b0\u1edfng cho nh\u00e0 c\u00e1i Nh\u1eadt B\u1ea3n , Khuy\u1ebfn m\u00e3i kho\u1ea3n ti\u1ec1n g\u1eedi l\u1ea7n \u0111\u1ea7u ti\u00ean","isPartOf":{"@id":"https:\/\/www.freebetbest.com\/vi\/#website"},"primaryImageOfPage":{"@id":"https:\/\/www.freebetbest.com\/vi\/ti%e1%bb%81n-th%c6%b0%e1%bb%9fng-cho-nh%c3%a0-c%c3%a1i-nh%e1%ba%adt-b%e1%ba%a3n\/#primaryimage"},"image":{"@id":"https:\/\/www.freebetbest.com\/vi\/ti%e1%bb%81n-th%c6%b0%e1%bb%9fng-cho-nh%c3%a0-c%c3%a1i-nh%e1%ba%adt-b%e1%ba%a3n\/#primaryimage"},"thumbnailUrl":"https:\/\/www.freebetbest.com\/wp-content\/uploads\/2021\/06\/Bookmakers-scaled.jpg","datePublished":"2021-06-10T10:04:52+00:00","dateModified":"2021-07-28T20:16:10+00:00","description":"Ti\u1ec1n th\u01b0\u1edfng cho nh\u00e0 c\u00e1i Nh\u1eadt B\u1ea3n , \u0110\u1eb7t c\u01b0\u1ee3c mi\u1ec5n ph\u00ed Ti\u1ec1n th\u01b0\u1edfng kh\u00f4ng c\u1ea7n g\u1eedi ti\u1ec1n \uff0c \u01afu \u0111\u00e3i C\u01b0\u1ee3c Mi\u1ec5n ph\u00ed Tr\u1ef1c tuy\u1ebfn H\u00e0ng \u0111\u1ea7u. T\u1ef7 l\u1ec7 c\u01b0\u1ee3c t\u1ed1t nh\u1ea5t cho c\u00e1 c\u01b0\u1ee3c th\u1ec3 thao. \u01afu \u0111\u00e3i \u0111\u1ed9c quy\u1ec1n. Nh\u1eadn x\u00e9t t\u1ed1t nh\u1ea5t.","breadcrumb":{"@id":"https:\/\/www.freebetbest.com\/vi\/ti%e1%bb%81n-th%c6%b0%e1%bb%9fng-cho-nh%c3%a0-c%c3%a1i-nh%e1%ba%adt-b%e1%ba%a3n\/#breadcrumb"},"inLanguage":"vi-VN","potentialAction":[{"@type":"ReadAction","target":["https:\/\/www.freebetbest.com\/vi\/ti%e1%bb%81n-th%c6%b0%e1%bb%9fng-cho-nh%c3%a0-c%c3%a1i-nh%e1%ba%adt-b%e1%ba%a3n\/"]}]},{"@type":"ImageObject","inLanguage":"vi-VN","@id":"https:\/\/www.freebetbest.com\/vi\/ti%e1%bb%81n-th%c6%b0%e1%bb%9fng-cho-nh%c3%a0-c%c3%a1i-nh%e1%ba%adt-b%e1%ba%a3n\/#primaryimage","url":"https:\/\/www.freebetbest.com\/wp-content\/uploads\/2021\/06\/Bookmakers-scaled.jpg","contentUrl":"https:\/\/www.freebetbest.com\/wp-content\/uploads\/2021\/06\/Bookmakers-scaled.jpg","width":417,"height":180,"caption":"Ti\u1ec1n th\u01b0\u1edfng cho nh\u00e0 c\u00e1i Trung Qu\u1ed1c"},{"@type":"BreadcrumbList","@id":"https:\/\/www.freebetbest.com\/vi\/ti%e1%bb%81n-th%c6%b0%e1%bb%9fng-cho-nh%c3%a0-c%c3%a1i-nh%e1%ba%adt-b%e1%ba%a3n\/#breadcrumb","itemListElement":[{"@type":"ListItem","position":1,"name":"Home","item":"https:\/\/www.freebetbest.com\/vi\/"},{"@type":"ListItem","position":2,"name":"Ti\u1ec1n th\u01b0\u1edfng cho nh\u00e0 c\u00e1i Nh\u1eadt B\u1ea3n"}]},{"@type":"WebSite","@id":"https:\/\/www.freebetbest.com\/vi\/#website","url":"https:\/\/www.freebetbest.com\/vi\/","name":"Nh\u00e0 c\u00e1i c\u00e1 c\u01b0\u1ee3c tr\u1ef1c tuy\u1ebfn t\u1ed1t nh\u1ea5t | C\u00e1 C\u01b0\u1ee3c b\u00f3ng \u0111\u00e1 online t\u1ed1t nh\u1ea5t | Th\u00f4ng tin c\u00e1 c\u01b0\u1ee3c mi\u1ec5n ph\u00ed.","description":"Nh\u00e0 c\u00e1i c\u00e1 c\u01b0\u1ee3c tr\u1ef1c tuy\u1ebfn t\u1ed1t nh\u1ea5t, C\u1ed5ng \u0111\u00e1nh b\u1ea1c h\u00e0ng \u0111\u1ea7u th\u1ebf gi\u1edbi, Cung c\u1ea5p th\u1ec3 thao, s\u00f2ng b\u1ea1c, poker, c\u00e1 c\u01b0\u1ee3c l\u00f4 t\u00f4 & di \u0111\u1ed9ng, Th\u00f4ng tin c\u00e1 c\u01b0\u1ee3c mi\u1ec5n ph\u00ed. Nh\u00e0 c\u00e1i c\u00e1 c\u01b0\u1ee3c tr\u1ef1c tuy\u1ebfn t\u1ed1t nh\u1ea5t Vi\u1ec7t Nam","publisher":{"@id":"https:\/\/www.freebetbest.com\/vi\/#\/schema\/person\/292684ccf388a2362d507874c5b80a69"},"potentialAction":[{"@type":"SearchAction","target":{"@type":"EntryPoint","urlTemplate":"https:\/\/www.freebetbest.com\/vi\/?s={search_term_string}"},"query-input":{"@type":"PropertyValueSpecification","valueRequired":true,"valueName":"search_term_string"}}],"inLanguage":"vi-VN"},{"@type":["Person","Organization"],"@id":"https:\/\/www.freebetbest.com\/vi\/#\/schema\/person\/292684ccf388a2362d507874c5b80a69","name":"\u7ba1\u7406","image":{"@type":"ImageObject","inLanguage":"vi-VN","@id":"https:\/\/www.freebetbest.com\/vi\/#\/schema\/person\/image\/","url":"https:\/\/www.freebetbest.com\/wp-content\/litespeed\/avatar\/49696b52fb15293a2168c14964fdd8b9.jpg?ver=1777439934","contentUrl":"https:\/\/www.freebetbest.com\/wp-content\/litespeed\/avatar\/49696b52fb15293a2168c14964fdd8b9.jpg?ver=1777439934","caption":"\u7ba1\u7406"},"logo":{"@id":"https:\/\/www.freebetbest.com\/vi\/#\/schema\/person\/image\/"},"sameAs":["admin"]}]}},"_links":{"self":[{"href":"https:\/\/www.freebetbest.com\/vi\/wp-json\/wp\/v2\/pages\/129362","targetHints":{"allow":["GET"]}}],"collection":[{"href":"https:\/\/www.freebetbest.com\/vi\/wp-json\/wp\/v2\/pages"}],"about":[{"href":"https:\/\/www.freebetbest.com\/vi\/wp-json\/wp\/v2\/types\/page"}],"author":[{"embeddable":true,"href":"https:\/\/www.freebetbest.com\/vi\/wp-json\/wp\/v2\/users\/1"}],"replies":[{"embeddable":true,"href":"https:\/\/www.freebetbest.com\/vi\/wp-json\/wp\/v2\/comments?post=129362"}],"version-history":[{"count":0,"href":"https:\/\/www.freebetbest.com\/vi\/wp-json\/wp\/v2\/pages\/129362\/revisions"}],"wp:featuredmedia":[{"embeddable":true,"href":"https:\/\/www.freebetbest.com\/vi\/wp-json\/wp\/v2\/media\/125278"}],"wp:attachment":[{"href":"https:\/\/www.freebetbest.com\/vi\/wp-json\/wp\/v2\/media?parent=129362"}],"curies":[{"name":"wp","href":"https:\/\/api.w.org\/{rel}","templated":true}]}}