{"id":129334,"date":"2021-06-10T15:46:03","date_gmt":"2021-06-10T15:46:03","guid":{"rendered":"https:\/\/www.freebetbest.com\/indonesia-nha-cai-tien-thuong\/"},"modified":"2021-07-28T17:02:57","modified_gmt":"2021-07-28T17:02:57","slug":"indonesia-nha-cai-tien-thuong","status":"publish","type":"page","link":"https:\/\/www.freebetbest.com\/vi\/indonesia-nha-cai-tien-thuong\/","title":{"rendered":"Ti\u1ec1n th\u01b0\u1edfng cho nh\u00e0 c\u00e1i Indonesia"},"content":{"rendered":"<h2>C\u00e1ch ch\u1ecdn trang web Ti\u1ec1n th\u01b0\u1edfng c\u1ee7a Nh\u00e0 c\u00e1i Indonesia t\u1ed1t nh\u1ea5t<\/h2>\nC\u00f3 nhi\u1ec1u y\u1ebfu t\u1ed1 c\u1ea7n xem x\u00e9t khi x\u00e1c \u0111\u1ecbnh Ti\u1ec1n th\u01b0\u1edfng cho nh\u00e0 c\u00e1i Indonesia t\u1ed1t nh\u1ea5t. T\u1ef7 l\u1ec7 c\u01b0\u1ee3c c\u1ea1nh tranh c\u1edd b\u1ea1c. L\u00e0 kh\u00eda c\u1ea1nh quan tr\u1ecdng nh\u1ea5t, b\u1edfi v\u00ec n\u00f3 l\u00e0 \u0111\u1ea7u ti\u00ean v\u00e0 quan tr\u1ecdng nh\u1ea5t. Nghi\u00ean c\u1ee9u v\u1ec1 ti\u1ec1n c\u01b0\u1ee3c khi ch\u01a1i tr\u00f2 ch\u01a1i. N\u00f3i ng\u1eafn g\u1ecdn. B\u1ea1n n\u00ean th\u1eed t\u00ecm m\u1ed9t c\u00e1i. C\u00e1c c\u00e1ch \u0111\u1ec3 t\u0103ng thu nh\u1eadp c\u1ee7a b\u1ea1n.\n\nH\u1ed7 tr\u1ee3 kh\u00e1ch h\u00e0ng tuy\u1ec7t v\u1eddi t\u1eeb Nh\u00e0 c\u00e1i Indonesia. N\u00f3 c\u0169ng \u0111\u00f3ng m\u1ed9t vai tr\u00f2 quan tr\u1ecdng v\u00ec n\u00f3 c\u00f3 th\u1ec3 thu h\u00fat nhi\u1ec1u ng\u01b0\u1eddi \u0111\u0103ng k\u00fd h\u01a1n. V\u00e0 cung c\u1ea5p tr\u1ee3 gi\u00fap khi b\u1ea1n g\u1eb7p s\u1ef1 c\u1ed1. \u1ee8ng d\u1ee5ng \u0111i\u1ec7n tho\u1ea1i di \u0111\u1ed9ng. V\u00e0 t\u00ednh di \u0111\u1ed9ng ch\u00ednh x\u00e1c c\u1ee7a c\u00e1c d\u1ecbch v\u1ee5 tr\u00ean trang web. C\u1ea3i thi\u1ec7n t\u00ednh linh ho\u1ea1t khi truy c\u1eadp.\n\nNhi\u1ec1u ph\u01b0\u01a1ng th\u1ee9c giao d\u1ecbch r\u1ea5t quan tr\u1ecdng v\u00ec n\u00f3 l\u00e0 g\u1eedi ti\u1ec1n m\u1eb7t. Cung c\u1ea5p nhi\u1ec1u t\u00f9y ch\u1ecdn. Cu\u1ed1i c\u00f9ng, m\u1ed9t trang web r\u1ea5t ph\u1ed5 bi\u1ebfn. \u0110\u1ec3 ch\u1ecdn Ti\u1ec1n th\u01b0\u1edfng cho Nh\u00e0 c\u00e1i Indonesia t\u1ed1t nh\u1ea5t. N\u00f3 r\u1ea5t quan tr\u1ecdng, ch\u1ee7 y\u1ebfu l\u00e0 v\u00ec n\u00f3 l\u00e0 m\u1ed9t d\u1ea5u hi\u1ec7u t\u1ed1t.\n<h3>Ph\u01b0\u01a1ng th\u1ee9c thanh to\u00e1n r\u00fat ti\u1ec1n m\u1eb7t c\u1ee7a Nh\u00e0 c\u00e1i Indonesia<\/h3>\nKhi g\u1eedi ti\u1ec1n \u0111\u00f4 la M\u1ef9, b\u1ea1n n\u00ean s\u1eed d\u1ee5ng v\u00ed \u0111i\u1ec7n t\u1eed nh\u01b0 nhi\u1ec1u trang web c\u00e1 c\u01b0\u1ee3c. Kh\u00f4ng s\u1eed d\u1ee5ng c\u00e1c chi\u1ebfn l\u01b0\u1ee3c ng\u00e2n h\u00e0ng c\u1ee7a Indonesia, ch\u1eb3ng h\u1ea1n nh\u01b0 trao \u0111\u1ed5i t\u00edn d\u1ee5ng v\u00e0 th\u1ebb ghi n\u1ee3. V\u00ed \u0111i\u1ec7n t\u1eed ph\u1ed5 bi\u1ebfn nh\u1ea5t. \u0110\u00f3 ch\u1eafc ch\u1eafn l\u00e0 m\u1ed9t t\u00e0i kho\u1ea3n ng\u00e2n h\u00e0ng Entropay. Sau khi m\u1edf t\u00e0i kho\u1ea3n ng\u01b0\u1eddi b\u00e1n, b\u1ea1n ngay l\u1eadp t\u1ee9c s\u1eed d\u1ee5ng th\u1ebb MasterCard. Ho\u1eb7c th\u1ebb t\u00edn d\u1ee5ng c\u00f3 bi\u1ec3u t\u01b0\u1ee3ng Visa. N\u1ea1p ti\u1ec1n v\u00e0o t\u00e0i kho\u1ea3n Nh\u00e0 c\u00e1i.\n<h3><a href=\"https:\/\/www.freebetbest.com\/latest-free-betting-bonus\/\">C\u00e1 \u0111\u1ed9 b\u00f3ng \u0111\u00e1<\/a> t\u1ea1i Indonesia<\/h3>\nTi\u1ec1n th\u01b0\u1edfng cho nh\u00e0 c\u00e1i Indonesia . C\u01b0\u1ee3c mi\u1ec5n ph\u00ed \u0111\u01b0\u1ee3c cung c\u1ea5p. C\u00e1c ch\u01b0\u01a1ng tr\u00ecnh khuy\u1ebfn m\u00e3i ti\u1ebfp th\u1ecb kh\u00e1c\nKh\u00f4ng c\u00f3 ti\u1ec1n \u0111\u1eb7t c\u01b0\u1ee3c v\u1ec1 c\u01a1 b\u1ea3n c\u00f3 ngh\u0129a l\u00e0. \u0110\u1ed1i v\u1edbi nh\u1eefng nh\u00e0 c\u00e1i s\u1eb5n s\u00e0ng tr\u1ea3 ti\u1ec1n cho m\u00ecnh. B\u1ea5t k\u1ef3 ph\u1ecfng \u0111o\u00e1n v\u1ec1 s\u1ed1 l\u01b0\u1ee3ng quy \u0111\u1ecbnh. V\u1edbi lo\u1ea1i h\u00ecnh c\u00e1 c\u01b0\u1ee3c mi\u1ec5n ph\u00ed. N\u00f3i ng\u1eafn g\u1ecdn. S\u1ef1 kh\u00e1c bi\u1ec7t ph\u1ed5 bi\u1ebfn nh\u1ea5t ch\u1eafc ch\u1eafn l\u00e0. M\u1edf t\u00e0i kho\u1ea3n c\u00e1 c\u01b0\u1ee3c mi\u1ec5n ph\u00ed. Ti\u1ec1n th\u01b0\u1edfng ch\u00e0o m\u1eebng cho ng\u01b0\u1eddi ti\u00eau d\u00f9ng.\n\nC\u00e1c phi\u00ean b\u1ea3n kh\u00e1c bao g\u1ed3m c\u00e1 c\u01b0\u1ee3c ho\u00e0n to\u00e0n mi\u1ec5n ph\u00ed, v\u1ec1 c\u01a1 b\u1ea3n ch\u1ec9 ra r\u1eb1ng b\u1ea1n \u0111\u01b0\u1ee3c ph\u00e9p. Kh\u00e1m ph\u00e1 \u0111\u1eb7t c\u01b0\u1ee3c v\u00e0 khi b\u1ea1n tho\u00e1t kh\u1ecfi n\u00f3. \u0110\u01b0\u1ee3c ho\u00e0n l\u1ea1i ti\u1ec1n cho c\u00e1c giao d\u1ecbch thu nh\u1eadp ho\u1eb7c ti\u1ec1n th\u01b0\u1edfng. Cu\u1ed1i c\u00f9ng, c\u00f3 nh\u1eefng ph\u1ea7n th\u01b0\u1edfng th\u1ef1c s\u1ef1 \u0111\u01b0\u1ee3c h\u1ee9a h\u1eb9n v\u00e0 cho ph\u00e9p b\u1ea1n ch\u1ecdn c\u00e1c t\u00f9y ch\u1ecdn v\u1edbi s\u1ed1 ti\u1ec1n c\u1ee5 th\u1ec3 v\u00e0 nh\u1eadn th\u00eam ti\u1ec1n th\u01b0\u1edfng.\n<h3>C\u01b0\u1ee3c th\u01b0\u1edfng ho\u00e0n to\u00e0n mi\u1ec5n ph\u00ed c\u1ee7a Nh\u00e0 c\u00e1i Indonesia.<\/h3>\nC\u00f3 th\u1ec3 \u0111\u01b0\u1ee3c s\u1eed d\u1ee5ng \u0111\u1ec3 v\u01b0\u1ee3t qua c\u01b0\u1ee3c. B\u1ea1n \u0111\u00e3 tr\u1ea3i nghi\u1ec7m n\u00f3 trong t\u00e2m tr\u00ed c\u1ee7a b\u1ea1n. Nh\u01b0ng kh\u00f4ng c\u00f3 s\u1ef1 thay th\u1ebf n\u00e0o cho ti\u1ec1n m\u1eb7t. \u0110\u1ec3 t\u0103ng thu nh\u1eadp c\u1ee7a b\u1ea1n v\u00e0 gi\u1ea3m c\u00e1c m\u1ed1i \u0111e d\u1ecda th\u00f4ng qua ph\u1ecfng \u0111o\u00e1n, k\u1ebft qu\u1ea3 l\u00e0 m\u1ed9t ch\u00fat th\u00e1ch th\u1ee9c v\u00e0 c\u0169ng c\u00f3 th\u1ec3 \u0111\u01b0\u1ee3c s\u1eed d\u1ee5ng. Chuy\u1ec3n ti\u1ec1n c\u01b0\u1ee3c mi\u1ec5n ph\u00ed th\u00e0nh ti\u1ec1n. H\u1ecd cung c\u1ea5p c\u01b0\u1ee3c mi\u1ec5n ph\u00ed. \u0110\u1ec3 khuy\u1ebfn kh\u00edch ng\u01b0\u1eddi mua tham gia, ti\u1ebfp t\u1ee5c g\u1eedi ti\u1ec1n v\u00e0o d\u1eef li\u1ec7u c\u00e1 nh\u00e2n c\u1ee7a h\u1ecd v\u00e0 hy v\u1ecdng r\u1eb1ng h\u1ecd s\u1ebd trung th\u00e0nh v\u1edbi ch\u00fang.\n<h3>Tham gia m\u00f4n th\u1ec3 thao ph\u1ed5 bi\u1ebfn nh\u1ea5t \u1edf Indonesia<\/h3>\n\u1ede Indonesia, m\u1ecdi ng\u01b0\u1eddi c\u00f3 th\u1ec3 \u0111\u1eb7t c\u01b0\u1ee3c. C\u00e1c tr\u00f2 ch\u01a1i \u0111i\u1ec7n t\u1eed n\u1ed5i ti\u1ebfng nh\u1ea5t l\u00e0 b\u00f3ng \u0111\u00e1, b\u00f3ng r\u1ed5 v\u00e0 v\u00f5 thu\u1eadt, r\u1ea5t ph\u1ed5 bi\u1ebfn \u1edf Malaysia, Singapore v\u00e0 Th\u00e1i Lan. C\u00e1c m\u00f4n th\u1ec3 thao c\u1ea7u l\u00f4ng v\u00e0 qu\u1ea7n v\u1ee3t, b\u00f3ng qu\u1ea7n v\u00e0 v\u1ee3t, v.v. Kh\u00e1 nhi\u1ec1u ho\u1ea1t \u0111\u1ed9ng k\u1ebft h\u1ee3p. C\u00e1c m\u00f4n th\u1ec3 thao \u0111i\u1ec1n kinh n\u1ed5i ti\u1ebfng kh\u00e1c bao g\u1ed3m cricket v\u00e0 \u0111\u1ea1p xe.\n<h3>Indonesia c\u00f3 nh\u1eefng trang web c\u00e1 c\u01b0\u1ee3c n\u00e0o<a href=\"https:\/\/www.freebetsinfo.co.uk\/free-bets\/\"> Nh\u00e0 c\u00e1i<\/a> Ti\u1ec1n th\u01b0\u1edfng c\u00f3?<\/h3>\n\u0110\u00e1nh b\u1ea1c tr\u1ef1c tuy\u1ebfn \u1edf Indonesia. N\u00f3 c\u00f3 th\u1ec3 kh\u00f4ng c\u00f2n h\u1ee3p ph\u00e1p n\u1eefa, nh\u01b0ng b\u1ea1n th\u1ef1c s\u1ef1 c\u00f3 th\u1ec3 nh\u1eadp h\u00e0ng ngh\u00ecn c\u00e1i trong s\u1ed1 ch\u00fang. C\u00e1c trang c\u00e1 c\u01b0\u1ee3c Ch\u00e2u \u00c1 v\u00e0 Ch\u00e2u \u00c2u. N\u00f3i ng\u1eafn g\u1ecdn. \u0110\u1ec3 \u0111\u1ea3m b\u1ea3o r\u1eb1ng m\u1ecdi th\u1ee9 ch\u1ea1y hi\u1ec7u qu\u1ea3, vui l\u00f2ng xem x\u00e9t s\u1eed d\u1ee5ng VPN v\u00e0 c\u00e1c k\u1ef9 thu\u1eadt giao d\u1ecbch th\u1eadn tr\u1ecdng.\n<h3>Nh\u1eadn Ti\u1ec1n th\u01b0\u1edfng cho Nh\u00e0 c\u00e1i Indonesia c\u00f3 an to\u00e0n kh\u00f4ng?<\/h3>\nC\u00f3, nh\u01b0ng b\u1ea1n ph\u1ea3i th\u1ef1c hi\u1ec7n nhi\u1ec1u bi\u1ec7n ph\u00e1p. \u0110\u1ec3 \u0111\u1eb7t c\u01b0\u1ee3c an to\u00e0n tr\u00ean Internet \u1edf Indonesia. Ch\u00fang t\u00f4i khuy\u00ean b\u1ea1n n\u00ean quy\u1ebft \u0111\u1ecbnh c\u00e1c trang web c\u00e1 c\u01b0\u1ee3c th\u1ec3 thao. M\u1ed9t ph\u01b0\u01a1ng th\u1ee9c thanh to\u00e1n tinh t\u1ebf cho c\u00e1c kho\u1ea3n ti\u1ec1n g\u1eedi v\u00e0 s\u1eed d\u1ee5ng c\u1ed9ng \u0111\u1ed3ng c\u00e1 nh\u00e2n tr\u1ef1c tuy\u1ebfn (VPN) \u0111\u1ec3 che gi\u1ea5u v\u1ecb tr\u00ed c\u1ee7a b\u1ea1n.\n<h3>C\u00e1 c\u01b0\u1ee3c tr\u1ef1c tuy\u1ebfn c\u1ee7a Nh\u00e0 c\u00e1i Indonesia<\/h3>\nGi\u1ea3i b\u00f3ng \u0111\u00e1 h\u00e0ng \u0111\u1ea7u Indonesia n\u00ean M\u1ef9 d\u1ec5 \u0111o\u00e1n. M\u1ed9t s\u1ed1 trang web c\u00e1 c\u01b0\u1ee3c b\u00f3ng \u0111\u00e1 t\u1ed1t nh\u1ea5t. N\u1ebfu b\u1ea1n c\u1ea7n gi\u00fap \u0111\u1ee1 trong vi\u1ec7c l\u1ef1a ch\u1ecdn, h\u00e3y xem danh s\u00e1ch c\u00e1c Nh\u00e0 c\u00e1i Indonesia \u0111\u01b0\u1ee3c \u0111\u1ec1 xu\u1ea5t trong b\u00e0i vi\u1ebft n\u00e0y.\n<h3>C\u00e1c trang web c\u1edd b\u1ea1c tr\u1ef1c tuy\u1ebfn c\u00f3 t\u00ednh ph\u00ed IDR kh\u00f4ng?<\/h3>\nN\u1ebfu b\u1ea1n \u0111\u00e3 \u0111\u0103ng k\u00fd. C\u00e1c trang web ch\u1ea5p nh\u1eadn c\u1edd b\u1ea1c c\u1ee7a Indonesia, b\u1ea1n th\u01b0\u1eddng c\u00f3 th\u1ec3 \u0111\u1ea7u t\u01b0. Sau \u0111\u00f3 \u0111\u1eb7t c\u01b0\u1ee3c b\u1eb1ng \u0111\u1ed3ng Rupiah c\u1ee7a Indonesia. N\u00f3i ng\u1eafn g\u1ecdn. N\u1ebfu b\u1ea1n \u0111ang s\u1eed d\u1ee5ng m\u1ed9t trang web Ch\u00e2u \u00c2u, n\u00f3 th\u01b0\u1eddng s\u1ebd t\u1ef1 \u0111\u1ed9ng. Chuy\u1ec3n \u0111\u1ed5i Rupiah Indonesia c\u1ee7a b\u1ea1n sang Euro.\n\n<!-- \/wp:post-content -->","protected":false},"excerpt":{"rendered":"<p>Ti\u1ec1n th\u01b0\u1edfng ch\u00e0o m\u1eebng c\u00e1 c\u01b0\u1ee3c t\u1ed1t nh\u1ea5t \u1edf Indonesia. S\u00f2ng b\u1ea1c tr\u1ef1c tuy\u1ebfn Indonesia cung c\u1ea5p v\u00e0 khuy\u1ebfn m\u1ea1i ti\u1ec1n th\u01b0\u1edfng ch\u00e0o m\u1eebng, c\u00f4ng ty c\u00e1 c\u01b0\u1ee3c tr\u1ef1c tuy\u1ebfn \u0111\u00e1ng tin c\u1eady nh\u1ea5t.<\/p>\n<div class=\"hero-cup-section\">\n<div class=\"row mb-4\">\n<div class=\"col-md-7\">\n<div class=\"section-area\">\n<div class=\"section-list\">\n<li style=\"text-align: left\"><img decoding=\"async\" src=\"https:\/\/www.freebetbest.com\/wp-content\/uploads\/2021\/06\/tick.png\" alt=\"C\u00e1c m\u00f4n th\u1ec3 thao\"> Casino th\u1ec3 thao ti\u1ec1n th\u01b0\u1edfng ch\u00e0o m\u1eebng.<\/li>\n<li style=\"text-align: left\"><img decoding=\"async\" src=\"https:\/\/www.freebetbest.com\/wp-content\/uploads\/2021\/06\/tick.png\" alt=\"cung c\u1ea5p tr\u00f2 ch\u01a1i\"> \u01afu \u0111\u00e3i v\u00e0 khuy\u1ebfn m\u00e3i c\u1ee7a nh\u00e0 c\u00e1i tr\u1ef1c tuy\u1ebfn.<\/li>\n<li style=\"text-align: left\"><img decoding=\"async\" src=\"https:\/\/www.freebetbest.com\/wp-content\/uploads\/2021\/06\/tick.png\" alt=\"cung c\u1ea5p tr\u00f2 ch\u01a1i\"> C\u00e1c nh\u00e0 c\u00e1i tr\u1ef1c tuy\u1ebfn t\u1ed1t nh\u1ea5t m\u00e0 b\u1ea1n c\u00f3 th\u1ec3 tin t\u01b0\u1edfng.<\/li>\n<li style=\"text-align: left\"><img decoding=\"async\" src=\"https:\/\/www.freebetbest.com\/wp-content\/uploads\/2021\/06\/tick.png\" alt=\"C\u00f3 th\u1ea9m quy\u1ec1n\"> \u0110\u00e1nh gi\u00e1 c\u00f3 th\u1ea9m quy\u1ec1n An to\u00e0n \u0111\u00e1ng tin c\u1eady.<\/li>\n<li style=\"text-align: left\"><img decoding=\"async\" src=\"https:\/\/www.freebetbest.com\/wp-content\/uploads\/2021\/06\/tick.png\" alt=\"R\u00fat ti\u1ec1n nhanh ch\u00f3ng\"> H\u1ed7 tr\u1ee3 APP di \u0111\u1ed9ng, R\u00fat ti\u1ec1n nhanh ch\u00f3ng.<\/li>\n<li style=\"text-align: left\"><img decoding=\"async\" src=\"https:\/\/www.freebetbest.com\/wp-content\/uploads\/2021\/06\/tick.png\" alt=\"H\u1ed7 tr\u1ee3 kh\u00e1ch h\u00e0ng\"> H\u1ed7 tr\u1ee3 kh\u00e1ch h\u00e0ng: 365 ng\u00e0y, 24 gi\u1edd m\u1ed9t ng\u00e0y.<\/li>\n<\/div>\n<\/div>\n<\/div>\n<div class=\"col-md-5\">\n<div class=\"cup-img\"><img decoding=\"async\" src=\"https:\/\/www.freebetbest.com\/wp-content\/uploads\/2021\/06\/Indonesian-1.png\" alt=\"freebetbest\"><\/div>\n<\/div>\n<\/div>\n","protected":false},"author":1,"featured_media":125278,"parent":0,"menu_order":0,"comment_status":"closed","ping_status":"closed","template":"Indonesia-template.php","meta":{"footnotes":""},"class_list":["post-129334","page","type-page","status-publish","has-post-thumbnail","hentry"],"yoast_head":"<!-- This site is optimized with the Yoast SEO Premium plugin v19.5 (Yoast SEO v27.0) - https:\/\/yoast.com\/product\/yoast-seo-premium-wordpress\/ -->\n<title>Ti\u1ec1n th\u01b0\u1edfng cho nh\u00e0 c\u00e1i Indonesia , Ti\u1ec1n th\u01b0\u1edfng t\u1eeb s\u00f2ng b\u1ea1c khuy\u1ebfn m\u00e3i ti\u1ec1n g\u1eedi l\u1ea7n \u0111\u1ea7u ti\u00ean<\/title>\n<meta name=\"description\" content=\"Ti\u1ec1n th\u01b0\u1edfng cho nh\u00e0 c\u00e1i Indonesia , \u0110\u1eb7t c\u01b0\u1ee3c mi\u1ec5n ph\u00ed Ti\u1ec1n th\u01b0\u1edfng kh\u00f4ng c\u1ea7n g\u1eedi ti\u1ec1n \uff0c ch\u00e0o m\u1eebng M\u00e3 ti\u1ec1n th\u01b0\u1edfng G\u1eedi ti\u1ec1n l\u1ea7n \u0111\u1ea7u, M\u00e3 ti\u1ec1n th\u01b0\u1edfng \u0110\u0103ng k\u00fd. Nh\u00e0 c\u00e1i Ch\u00e2u \u00c1 t\u1ed1t nh\u1ea5t\" \/>\n<meta name=\"robots\" content=\"index, follow, max-snippet:-1, max-image-preview:large, max-video-preview:-1\" \/>\n<link rel=\"canonical\" href=\"https:\/\/www.freebetbest.com\/vi\/indonesia-nha-cai-tien-thuong\/\" \/>\n<meta property=\"og:locale\" content=\"vi_VN\" \/>\n<meta property=\"og:type\" content=\"article\" \/>\n<meta property=\"og:title\" content=\"Ti\u1ec1n th\u01b0\u1edfng cho nh\u00e0 c\u00e1i Indonesia\" \/>\n<meta property=\"og:description\" content=\"Ti\u1ec1n th\u01b0\u1edfng cho nh\u00e0 c\u00e1i Indonesia , \u0110\u1eb7t c\u01b0\u1ee3c mi\u1ec5n ph\u00ed Ti\u1ec1n th\u01b0\u1edfng kh\u00f4ng c\u1ea7n g\u1eedi ti\u1ec1n \uff0c ch\u00e0o m\u1eebng M\u00e3 ti\u1ec1n th\u01b0\u1edfng G\u1eedi ti\u1ec1n l\u1ea7n \u0111\u1ea7u, M\u00e3 ti\u1ec1n th\u01b0\u1edfng \u0110\u0103ng k\u00fd. Nh\u00e0 c\u00e1i Ch\u00e2u \u00c1 t\u1ed1t nh\u1ea5t\" \/>\n<meta property=\"og:url\" content=\"https:\/\/www.freebetbest.com\/vi\/indonesia-nha-cai-tien-thuong\/\" \/>\n<meta property=\"og:site_name\" content=\"Nh\u00e0 c\u00e1i c\u00e1 c\u01b0\u1ee3c tr\u1ef1c tuy\u1ebfn t\u1ed1t nh\u1ea5t | C\u00e1 C\u01b0\u1ee3c b\u00f3ng \u0111\u00e1 online t\u1ed1t nh\u1ea5t | Th\u00f4ng tin c\u00e1 c\u01b0\u1ee3c mi\u1ec5n ph\u00ed.\" \/>\n<meta property=\"article:modified_time\" content=\"2021-07-28T17:02:57+00:00\" \/>\n<meta property=\"og:image\" content=\"https:\/\/www.freebetbest.com\/wp-content\/uploads\/2021\/06\/Bookmakers-scaled.jpg\" \/>\n\t<meta property=\"og:image:width\" content=\"417\" \/>\n\t<meta property=\"og:image:height\" content=\"180\" \/>\n\t<meta property=\"og:image:type\" content=\"image\/jpeg\" \/>\n<meta name=\"twitter:card\" content=\"summary_large_image\" \/>\n<meta name=\"twitter:label1\" content=\"Est. reading time\" \/>\n\t<meta name=\"twitter:data1\" content=\"3 minutes\" \/>\n<script type=\"application\/ld+json\" class=\"yoast-schema-graph\">{\"@context\":\"https:\/\/schema.org\",\"@graph\":[{\"@type\":\"WebPage\",\"@id\":\"https:\/\/www.freebetbest.com\/vi\/indonesia-nha-cai-tien-thuong\/\",\"url\":\"https:\/\/www.freebetbest.com\/vi\/indonesia-nha-cai-tien-thuong\/\",\"name\":\"Ti\u1ec1n th\u01b0\u1edfng cho nh\u00e0 c\u00e1i Indonesia , Ti\u1ec1n th\u01b0\u1edfng t\u1eeb s\u00f2ng b\u1ea1c khuy\u1ebfn m\u00e3i ti\u1ec1n g\u1eedi l\u1ea7n \u0111\u1ea7u ti\u00ean\",\"isPartOf\":{\"@id\":\"https:\/\/www.freebetbest.com\/vi\/#website\"},\"primaryImageOfPage\":{\"@id\":\"https:\/\/www.freebetbest.com\/vi\/indonesia-nha-cai-tien-thuong\/#primaryimage\"},\"image\":{\"@id\":\"https:\/\/www.freebetbest.com\/vi\/indonesia-nha-cai-tien-thuong\/#primaryimage\"},\"thumbnailUrl\":\"https:\/\/www.freebetbest.com\/wp-content\/uploads\/2021\/06\/Bookmakers-scaled.jpg\",\"datePublished\":\"2021-06-10T15:46:03+00:00\",\"dateModified\":\"2021-07-28T17:02:57+00:00\",\"description\":\"Ti\u1ec1n th\u01b0\u1edfng cho nh\u00e0 c\u00e1i Indonesia , \u0110\u1eb7t c\u01b0\u1ee3c mi\u1ec5n ph\u00ed Ti\u1ec1n th\u01b0\u1edfng kh\u00f4ng c\u1ea7n g\u1eedi ti\u1ec1n \uff0c ch\u00e0o m\u1eebng M\u00e3 ti\u1ec1n th\u01b0\u1edfng G\u1eedi ti\u1ec1n l\u1ea7n \u0111\u1ea7u, M\u00e3 ti\u1ec1n th\u01b0\u1edfng \u0110\u0103ng k\u00fd. Nh\u00e0 c\u00e1i Ch\u00e2u \u00c1 t\u1ed1t nh\u1ea5t\",\"breadcrumb\":{\"@id\":\"https:\/\/www.freebetbest.com\/vi\/indonesia-nha-cai-tien-thuong\/#breadcrumb\"},\"inLanguage\":\"vi-VN\",\"potentialAction\":[{\"@type\":\"ReadAction\",\"target\":[\"https:\/\/www.freebetbest.com\/vi\/indonesia-nha-cai-tien-thuong\/\"]}]},{\"@type\":\"ImageObject\",\"inLanguage\":\"vi-VN\",\"@id\":\"https:\/\/www.freebetbest.com\/vi\/indonesia-nha-cai-tien-thuong\/#primaryimage\",\"url\":\"https:\/\/www.freebetbest.com\/wp-content\/uploads\/2021\/06\/Bookmakers-scaled.jpg\",\"contentUrl\":\"https:\/\/www.freebetbest.com\/wp-content\/uploads\/2021\/06\/Bookmakers-scaled.jpg\",\"width\":417,\"height\":180,\"caption\":\"Ti\u1ec1n th\u01b0\u1edfng cho nh\u00e0 c\u00e1i Trung Qu\u1ed1c\"},{\"@type\":\"BreadcrumbList\",\"@id\":\"https:\/\/www.freebetbest.com\/vi\/indonesia-nha-cai-tien-thuong\/#breadcrumb\",\"itemListElement\":[{\"@type\":\"ListItem\",\"position\":1,\"name\":\"Home\",\"item\":\"https:\/\/www.freebetbest.com\/vi\/\"},{\"@type\":\"ListItem\",\"position\":2,\"name\":\"Ti\u1ec1n th\u01b0\u1edfng cho nh\u00e0 c\u00e1i Indonesia\"}]},{\"@type\":\"WebSite\",\"@id\":\"https:\/\/www.freebetbest.com\/vi\/#website\",\"url\":\"https:\/\/www.freebetbest.com\/vi\/\",\"name\":\"Nh\u00e0 c\u00e1i c\u00e1 c\u01b0\u1ee3c tr\u1ef1c tuy\u1ebfn t\u1ed1t nh\u1ea5t | C\u00e1 C\u01b0\u1ee3c b\u00f3ng \u0111\u00e1 online t\u1ed1t nh\u1ea5t | Th\u00f4ng tin c\u00e1 c\u01b0\u1ee3c mi\u1ec5n ph\u00ed.\",\"description\":\"Nh\u00e0 c\u00e1i c\u00e1 c\u01b0\u1ee3c tr\u1ef1c tuy\u1ebfn t\u1ed1t nh\u1ea5t, C\u1ed5ng \u0111\u00e1nh b\u1ea1c h\u00e0ng \u0111\u1ea7u th\u1ebf gi\u1edbi, Cung c\u1ea5p th\u1ec3 thao, s\u00f2ng b\u1ea1c, poker, c\u00e1 c\u01b0\u1ee3c l\u00f4 t\u00f4 & di \u0111\u1ed9ng, Th\u00f4ng tin c\u00e1 c\u01b0\u1ee3c mi\u1ec5n ph\u00ed. Nh\u00e0 c\u00e1i c\u00e1 c\u01b0\u1ee3c tr\u1ef1c tuy\u1ebfn t\u1ed1t nh\u1ea5t Vi\u1ec7t Nam\",\"publisher\":{\"@id\":\"https:\/\/www.freebetbest.com\/vi\/#\/schema\/person\/292684ccf388a2362d507874c5b80a69\"},\"potentialAction\":[{\"@type\":\"SearchAction\",\"target\":{\"@type\":\"EntryPoint\",\"urlTemplate\":\"https:\/\/www.freebetbest.com\/vi\/?s={search_term_string}\"},\"query-input\":{\"@type\":\"PropertyValueSpecification\",\"valueRequired\":true,\"valueName\":\"search_term_string\"}}],\"inLanguage\":\"vi-VN\"},{\"@type\":[\"Person\",\"Organization\"],\"@id\":\"https:\/\/www.freebetbest.com\/vi\/#\/schema\/person\/292684ccf388a2362d507874c5b80a69\",\"name\":\"\u7ba1\u7406\",\"image\":{\"@type\":\"ImageObject\",\"inLanguage\":\"vi-VN\",\"@id\":\"https:\/\/www.freebetbest.com\/vi\/#\/schema\/person\/image\/\",\"url\":\"https:\/\/www.freebetbest.com\/wp-content\/litespeed\/avatar\/49696b52fb15293a2168c14964fdd8b9.jpg?ver=1777439934\",\"contentUrl\":\"https:\/\/www.freebetbest.com\/wp-content\/litespeed\/avatar\/49696b52fb15293a2168c14964fdd8b9.jpg?ver=1777439934\",\"caption\":\"\u7ba1\u7406\"},\"logo\":{\"@id\":\"https:\/\/www.freebetbest.com\/vi\/#\/schema\/person\/image\/\"},\"sameAs\":[\"admin\"]}]}<\/script>\n<!-- \/ Yoast SEO Premium plugin. -->","yoast_head_json":{"title":"Ti\u1ec1n th\u01b0\u1edfng cho nh\u00e0 c\u00e1i Indonesia , Ti\u1ec1n th\u01b0\u1edfng t\u1eeb s\u00f2ng b\u1ea1c khuy\u1ebfn m\u00e3i ti\u1ec1n g\u1eedi l\u1ea7n \u0111\u1ea7u ti\u00ean","description":"Ti\u1ec1n th\u01b0\u1edfng cho nh\u00e0 c\u00e1i Indonesia , \u0110\u1eb7t c\u01b0\u1ee3c mi\u1ec5n ph\u00ed Ti\u1ec1n th\u01b0\u1edfng kh\u00f4ng c\u1ea7n g\u1eedi ti\u1ec1n \uff0c ch\u00e0o m\u1eebng M\u00e3 ti\u1ec1n th\u01b0\u1edfng G\u1eedi ti\u1ec1n l\u1ea7n \u0111\u1ea7u, M\u00e3 ti\u1ec1n th\u01b0\u1edfng \u0110\u0103ng k\u00fd. Nh\u00e0 c\u00e1i Ch\u00e2u \u00c1 t\u1ed1t nh\u1ea5t","robots":{"index":"index","follow":"follow","max-snippet":"max-snippet:-1","max-image-preview":"max-image-preview:large","max-video-preview":"max-video-preview:-1"},"canonical":"https:\/\/www.freebetbest.com\/vi\/indonesia-nha-cai-tien-thuong\/","og_locale":"vi_VN","og_type":"article","og_title":"Ti\u1ec1n th\u01b0\u1edfng cho nh\u00e0 c\u00e1i Indonesia","og_description":"Ti\u1ec1n th\u01b0\u1edfng cho nh\u00e0 c\u00e1i Indonesia , \u0110\u1eb7t c\u01b0\u1ee3c mi\u1ec5n ph\u00ed Ti\u1ec1n th\u01b0\u1edfng kh\u00f4ng c\u1ea7n g\u1eedi ti\u1ec1n \uff0c ch\u00e0o m\u1eebng M\u00e3 ti\u1ec1n th\u01b0\u1edfng G\u1eedi ti\u1ec1n l\u1ea7n \u0111\u1ea7u, M\u00e3 ti\u1ec1n th\u01b0\u1edfng \u0110\u0103ng k\u00fd. Nh\u00e0 c\u00e1i Ch\u00e2u \u00c1 t\u1ed1t nh\u1ea5t","og_url":"https:\/\/www.freebetbest.com\/vi\/indonesia-nha-cai-tien-thuong\/","og_site_name":"Nh\u00e0 c\u00e1i c\u00e1 c\u01b0\u1ee3c tr\u1ef1c tuy\u1ebfn t\u1ed1t nh\u1ea5t | C\u00e1 C\u01b0\u1ee3c b\u00f3ng \u0111\u00e1 online t\u1ed1t nh\u1ea5t | Th\u00f4ng tin c\u00e1 c\u01b0\u1ee3c mi\u1ec5n ph\u00ed.","article_modified_time":"2021-07-28T17:02:57+00:00","og_image":[{"width":417,"height":180,"url":"https:\/\/www.freebetbest.com\/wp-content\/uploads\/2021\/06\/Bookmakers-scaled.jpg","type":"image\/jpeg"}],"twitter_card":"summary_large_image","twitter_misc":{"Est. reading time":"3 minutes"},"schema":{"@context":"https:\/\/schema.org","@graph":[{"@type":"WebPage","@id":"https:\/\/www.freebetbest.com\/vi\/indonesia-nha-cai-tien-thuong\/","url":"https:\/\/www.freebetbest.com\/vi\/indonesia-nha-cai-tien-thuong\/","name":"Ti\u1ec1n th\u01b0\u1edfng cho nh\u00e0 c\u00e1i Indonesia , Ti\u1ec1n th\u01b0\u1edfng t\u1eeb s\u00f2ng b\u1ea1c khuy\u1ebfn m\u00e3i ti\u1ec1n g\u1eedi l\u1ea7n \u0111\u1ea7u ti\u00ean","isPartOf":{"@id":"https:\/\/www.freebetbest.com\/vi\/#website"},"primaryImageOfPage":{"@id":"https:\/\/www.freebetbest.com\/vi\/indonesia-nha-cai-tien-thuong\/#primaryimage"},"image":{"@id":"https:\/\/www.freebetbest.com\/vi\/indonesia-nha-cai-tien-thuong\/#primaryimage"},"thumbnailUrl":"https:\/\/www.freebetbest.com\/wp-content\/uploads\/2021\/06\/Bookmakers-scaled.jpg","datePublished":"2021-06-10T15:46:03+00:00","dateModified":"2021-07-28T17:02:57+00:00","description":"Ti\u1ec1n th\u01b0\u1edfng cho nh\u00e0 c\u00e1i Indonesia , \u0110\u1eb7t c\u01b0\u1ee3c mi\u1ec5n ph\u00ed Ti\u1ec1n th\u01b0\u1edfng kh\u00f4ng c\u1ea7n g\u1eedi ti\u1ec1n \uff0c ch\u00e0o m\u1eebng M\u00e3 ti\u1ec1n th\u01b0\u1edfng G\u1eedi ti\u1ec1n l\u1ea7n \u0111\u1ea7u, M\u00e3 ti\u1ec1n th\u01b0\u1edfng \u0110\u0103ng k\u00fd. Nh\u00e0 c\u00e1i Ch\u00e2u \u00c1 t\u1ed1t nh\u1ea5t","breadcrumb":{"@id":"https:\/\/www.freebetbest.com\/vi\/indonesia-nha-cai-tien-thuong\/#breadcrumb"},"inLanguage":"vi-VN","potentialAction":[{"@type":"ReadAction","target":["https:\/\/www.freebetbest.com\/vi\/indonesia-nha-cai-tien-thuong\/"]}]},{"@type":"ImageObject","inLanguage":"vi-VN","@id":"https:\/\/www.freebetbest.com\/vi\/indonesia-nha-cai-tien-thuong\/#primaryimage","url":"https:\/\/www.freebetbest.com\/wp-content\/uploads\/2021\/06\/Bookmakers-scaled.jpg","contentUrl":"https:\/\/www.freebetbest.com\/wp-content\/uploads\/2021\/06\/Bookmakers-scaled.jpg","width":417,"height":180,"caption":"Ti\u1ec1n th\u01b0\u1edfng cho nh\u00e0 c\u00e1i Trung Qu\u1ed1c"},{"@type":"BreadcrumbList","@id":"https:\/\/www.freebetbest.com\/vi\/indonesia-nha-cai-tien-thuong\/#breadcrumb","itemListElement":[{"@type":"ListItem","position":1,"name":"Home","item":"https:\/\/www.freebetbest.com\/vi\/"},{"@type":"ListItem","position":2,"name":"Ti\u1ec1n th\u01b0\u1edfng cho nh\u00e0 c\u00e1i Indonesia"}]},{"@type":"WebSite","@id":"https:\/\/www.freebetbest.com\/vi\/#website","url":"https:\/\/www.freebetbest.com\/vi\/","name":"Nh\u00e0 c\u00e1i c\u00e1 c\u01b0\u1ee3c tr\u1ef1c tuy\u1ebfn t\u1ed1t nh\u1ea5t | C\u00e1 C\u01b0\u1ee3c b\u00f3ng \u0111\u00e1 online t\u1ed1t nh\u1ea5t | Th\u00f4ng tin c\u00e1 c\u01b0\u1ee3c mi\u1ec5n ph\u00ed.","description":"Nh\u00e0 c\u00e1i c\u00e1 c\u01b0\u1ee3c tr\u1ef1c tuy\u1ebfn t\u1ed1t nh\u1ea5t, C\u1ed5ng \u0111\u00e1nh b\u1ea1c h\u00e0ng \u0111\u1ea7u th\u1ebf gi\u1edbi, Cung c\u1ea5p th\u1ec3 thao, s\u00f2ng b\u1ea1c, poker, c\u00e1 c\u01b0\u1ee3c l\u00f4 t\u00f4 & di \u0111\u1ed9ng, Th\u00f4ng tin c\u00e1 c\u01b0\u1ee3c mi\u1ec5n ph\u00ed. Nh\u00e0 c\u00e1i c\u00e1 c\u01b0\u1ee3c tr\u1ef1c tuy\u1ebfn t\u1ed1t nh\u1ea5t Vi\u1ec7t Nam","publisher":{"@id":"https:\/\/www.freebetbest.com\/vi\/#\/schema\/person\/292684ccf388a2362d507874c5b80a69"},"potentialAction":[{"@type":"SearchAction","target":{"@type":"EntryPoint","urlTemplate":"https:\/\/www.freebetbest.com\/vi\/?s={search_term_string}"},"query-input":{"@type":"PropertyValueSpecification","valueRequired":true,"valueName":"search_term_string"}}],"inLanguage":"vi-VN"},{"@type":["Person","Organization"],"@id":"https:\/\/www.freebetbest.com\/vi\/#\/schema\/person\/292684ccf388a2362d507874c5b80a69","name":"\u7ba1\u7406","image":{"@type":"ImageObject","inLanguage":"vi-VN","@id":"https:\/\/www.freebetbest.com\/vi\/#\/schema\/person\/image\/","url":"https:\/\/www.freebetbest.com\/wp-content\/litespeed\/avatar\/49696b52fb15293a2168c14964fdd8b9.jpg?ver=1777439934","contentUrl":"https:\/\/www.freebetbest.com\/wp-content\/litespeed\/avatar\/49696b52fb15293a2168c14964fdd8b9.jpg?ver=1777439934","caption":"\u7ba1\u7406"},"logo":{"@id":"https:\/\/www.freebetbest.com\/vi\/#\/schema\/person\/image\/"},"sameAs":["admin"]}]}},"_links":{"self":[{"href":"https:\/\/www.freebetbest.com\/vi\/wp-json\/wp\/v2\/pages\/129334","targetHints":{"allow":["GET"]}}],"collection":[{"href":"https:\/\/www.freebetbest.com\/vi\/wp-json\/wp\/v2\/pages"}],"about":[{"href":"https:\/\/www.freebetbest.com\/vi\/wp-json\/wp\/v2\/types\/page"}],"author":[{"embeddable":true,"href":"https:\/\/www.freebetbest.com\/vi\/wp-json\/wp\/v2\/users\/1"}],"replies":[{"embeddable":true,"href":"https:\/\/www.freebetbest.com\/vi\/wp-json\/wp\/v2\/comments?post=129334"}],"version-history":[{"count":0,"href":"https:\/\/www.freebetbest.com\/vi\/wp-json\/wp\/v2\/pages\/129334\/revisions"}],"wp:featuredmedia":[{"embeddable":true,"href":"https:\/\/www.freebetbest.com\/vi\/wp-json\/wp\/v2\/media\/125278"}],"wp:attachment":[{"href":"https:\/\/www.freebetbest.com\/vi\/wp-json\/wp\/v2\/media?parent=129334"}],"curies":[{"name":"wp","href":"https:\/\/api.w.org\/{rel}","templated":true}]}}