{"id":129297,"date":"2021-06-10T16:12:08","date_gmt":"2021-06-10T16:12:08","guid":{"rendered":"https:\/\/www.freebetbest.com\/an-do-nha-cai-tien-thuong\/"},"modified":"2021-07-28T17:00:44","modified_gmt":"2021-07-28T17:00:44","slug":"an-do-nha-cai-tien-thuong","status":"publish","type":"page","link":"https:\/\/www.freebetbest.com\/vi\/an-do-nha-cai-tien-thuong\/","title":{"rendered":"Ti\u1ec1n th\u01b0\u1edfng cho nh\u00e0 c\u00e1i \u1ea4n \u0110\u1ed9"},"content":{"rendered":"<h2>\u0110i\u1ec1u ki\u1ec7n Ti\u1ec1n th\u01b0\u1edfng c\u1ee7a Nh\u00e0 c\u00e1i \u1ea4n \u0110\u1ed9<\/h2>\nCh\u00fang t\u00f4i \u0111\u00e3 l\u00e0m vi\u1ec7c ch\u0103m ch\u1ec9 \u0111\u1ec3 \u0111\u1ea3m b\u1ea3o. Ch\u00fang t\u00f4i l\u00e0 Nh\u00e0 c\u00e1i \u1ea4n \u0110\u1ed9 Ti\u1ec1n th\u01b0\u1edfng cho c\u1edd b\u1ea1c tr\u1ef1c tuy\u1ebfn. Cung c\u1ea5p l\u1eddi khuy\u00ean trong t\u1eebng l\u0129nh v\u1ef1c. Ngo\u00e0i vi\u1ec7c cung c\u1ea5p cho b\u1ea1n nh\u1eefng \u01b0u \u0111\u00e3i c\u00f3 l\u1ee3i nh\u1ea5t, ch\u00fang t\u00f4i th\u1eadm ch\u00ed s\u1ebd t\u00ecm hi\u1ec3u. S\u00f2ng b\u1ea1c tr\u1ef1c tuy\u1ebfn l\u00fd t\u01b0\u1edfng, c\u00e1c chi\u1ebfn l\u01b0\u1ee3c h\u1eefu \u00edch nh\u1ea5t v\u00e0 c\u00e1c ph\u01b0\u01a1ng ph\u00e1p giao d\u1ecbch ph\u1ed5 bi\u1ebfn nh\u1ea5t.\n<h2><a href=\"https:\/\/www.freebetbest.com\/latest-free-betting-bonus\/\">S\u00f2ng b\u00e0i tr\u1ef1c tuy\u1ebfn<\/a> s\u1ef1 so s\u00e1nh<\/h2>\nHo\u1ea1t \u0111\u1ed9ng \u1edf \u1ea4n \u0110\u1ed9. T\u1ea5t c\u1ea3 c\u00e1c trang web Ti\u1ec1n th\u01b0\u1edfng Nh\u00e0 c\u00e1i \u1ea4n \u0110\u1ed9 tr\u1ef1c tuy\u1ebfn. V\u1edbi \u0111\u00e1nh gi\u00e1 n\u00e0y, b\u1ea1n c\u00f3 th\u1ec3 th\u1ea5y ngay \u0111i\u1ec1u \u0111\u00f3. H\u1ed7 tr\u1ee3 tr\u00f2 ch\u01a1i chung c\u00f3 th\u1ec3 nh\u1eadn \u0111\u01b0\u1ee3c t\u1eeb c\u00e1c trang web n\u00e0y. Cho d\u00f9 b\u1ea1n \u0111ang ch\u01a1i m\u00e1y \u0111\u00e1nh b\u1ea1c hay tr\u00f2 ch\u01a1i tr\u00ean b\u00e0n, t\u1ea5t c\u1ea3 \u0111i\u1ec1u n\u00e0y c\u00f3 ngh\u0129a l\u00e0 b\u1ea1n s\u1ebd qu\u1ea3n l\u00fd \u0111\u01b0\u1ee3c tr\u00ean m\u1ed9t trang web tr\u00f2 ch\u01a1i \u0111i\u1ec7n t\u1eed tr\u1ef1c tuy\u1ebfn. T\u00ecm n\u1ed9i dung tuy\u1ec7t v\u1eddi c\u1ee7a b\u1ea1n.\n<h3>Ti\u1ec1n th\u01b0\u1edfng cho nh\u00e0 c\u00e1i \u1ea4n \u0110\u1ed9<\/h3>\n\u1ede \u0111\u00e2y ch\u00fang t\u00f4i \u0111ang c\u00f3 m\u1eb7t tr\u00ean th\u1ecb tr\u01b0\u1eddng ng\u00e0y h\u00f4m nay. M\u1ed7i ph\u1ea7n th\u01b0\u1edfng \u0111\u01b0\u1ee3c x\u1ebfp h\u1ea1ng v\u00e0 t\u00ednh \u0111i\u1ec3m. \u0110i\u1ec1u n\u00e0y c\u00f3 th\u1ec3 cho b\u1ea1n bi\u1ebft v\u1ec1 m\u1ecdi ho\u1ea1t \u0111\u1ed9ng th\u1ec3 thao. N\u00f3i ng\u1eafn g\u1ecdn. Ti\u1ec1n th\u01b0\u1edfng c\u1edd b\u1ea1c v\u00e0 tr\u00f2 ch\u01a1i \u0111i\u1ec7n t\u1eed s\u00f2ng b\u1ea1c tr\u1ef1c tuy\u1ebfn. K\u00edch th\u01b0\u1edbc chung \u0111\u01b0\u1ee3c cung c\u1ea5p \u0111\u1eb7c bi\u1ec7t cho b\u1ea1n.\n<h3>\u0110\u00e1nh gi\u00e1 ti\u1ec1n th\u01b0\u1edfng c\u1ee7a nh\u00e0 c\u00e1i \u1ea4n \u0110\u1ed9<\/h3>\n\u0110\u00e2y l\u00e0 l\u00fd do t\u1ea1i sao ch\u00fang ta ph\u1ea3i nghi\u00ean c\u1ee9u k\u1ef9 l\u01b0\u1ee1ng. C\u00e1c t\u00ednh n\u0103ng c\u1ee7a m\u1ed7i trang web Ti\u1ec1n th\u01b0\u1edfng c\u1ee7a Nh\u00e0 c\u00e1i \u1ea4n \u0110\u1ed9. Ch\u00fang t\u00f4i s\u1ebd gi\u1ea3i th\u00edch cho b\u1ea1n v\u1ec1 n\u00f3. T\u1ea5t c\u1ea3 n\u1ed9i dung c\u1ee7a c\u00e1c t\u00f9y ch\u1ecdn ph\u00e1t l\u1ea1i c\u1ee7a m\u1ed7i trang web v\u00e0 ph\u00e2n t\u00edch c\u00e1c bi\u1ec7n ph\u00e1p b\u1ea3o m\u1eadt ch\u00ednh nh\u01b0 ph\u01b0\u01a1ng th\u1ee9c x\u00e1c th\u1ef1c v\u00e0 ho\u00e0n tr\u1ea3.\n\nCh\u00fang t\u00f4i s\u1ebd cho ph\u00e9p b\u1ea1n \u0111\u1eb7t. C\u00e1c nh\u00e0 khai th\u00e1c v\u1edbi c\u00e1c ch\u1ee9c n\u0103ng c\u1ee5 th\u1ec3 gi\u1ed1ng nh\u01b0 c\u00e1c trang web c\u1edd b\u1ea1c t\u1ed1t nh\u1ea5t \u1edf \u1ea4n \u0110\u1ed9. Ch\u00fang t\u00f4i b\u00ecnh lu\u1eadn v\u1ec1 ti\u1ec1n th\u01b0\u1edfng. M\u1ed9t ph\u01b0\u01a1ng ph\u00e1p \u0111i\u1ec1u tr\u1ecb t\u01b0\u01a1ng t\u1ef1 \u0111\u00e3 \u0111\u01b0\u1ee3c th\u1ef1c hi\u1ec7n \u0111\u1ec3 gi\u00fap b\u1ea1n hi\u1ec3u nh\u1eefng \u0111i\u1ec1u nh\u01b0. N\u00f3i ng\u1eafn g\u1ecdn. Nh\u1eefng th\u1ee9 nh\u01b0 v\u1ea5n \u0111\u1ec1 c\u00e1 c\u01b0\u1ee3c. L\u00e0m th\u1ebf n\u00e0o \u0111\u1ec3 \u1ea3nh h\u01b0\u1edfng \u0111\u1ebfn quy\u1ebft \u0111\u1ecbnh cu\u1ed1i c\u00f9ng c\u1ee7a b\u1ea1n \u0111\u1ec3 c\u00f3 \u0111\u01b0\u1ee3c m\u1ed9t trong nh\u1eefng giao d\u1ecbch n\u00e0y.\n<h3>Tr\u00f2 ch\u01a1i \u0111i\u1ec7n t\u1eed \/ m\u00e1y \u0111\u00e1nh b\u1ea1c<\/h3>\nCh\u00fang t\u00f4i s\u1ebd gi\u00fap. T\u00ecm l\u00fd t\u01b0\u1edfng trong th\u1ecb tr\u01b0\u1eddng ng\u00e0y nay. Tr\u00f2 ch\u01a1i tr\u1ef1c tuy\u1ebfn casino tr\u1ef1c tuy\u1ebfn. T\u1eeb m\u1ed9t s\u1ed1 tr\u00f2 ch\u01a1i x\u00e8ng xu\u1ea5t s\u1eafc. \u0110\u1ebfn m\u1ed9t s\u1ed1 tr\u00f2 ch\u01a1i tr\u00ean b\u00e0n h\u1ea5p d\u1eabn, ch\u00fang t\u00f4i s\u1ebd \u0111\u1ea3m b\u1ea3o b\u1ea1n s\u1ebd b\u1eaft \u0111\u1ea7u. M\u1ecdi tr\u00f2 ch\u01a1i nh\u00e0 c\u00e1i c\u1edd b\u1ea1c ph\u1ed5 bi\u1ebfn nh\u1ea5t. N\u00f3i ng\u1eafn g\u1ecdn. Ch\u00fang t\u00f4i th\u1eadm ch\u00ed s\u1ebd cung c\u1ea5p n\u00f3 cho b\u1ea1n. M\u1ed9t s\u1ed1 \u00fd t\u01b0\u1edfng s\u1ebd l\u00e0 tr\u00f2 ch\u01a1i video s\u00f2ng b\u1ea1c tr\u1ef1c tuy\u1ebfn c\u1ee7a b\u1ea1n. Mang n\u00f3 \u0111\u1ebfn c\u1ea5p \u0111\u1ed9 ti\u1ebfp theo.\n<h3>C\u00e1c c\u01b0\u1ee3c t\u1ed1t nh\u1ea5t cho \u1ea4n \u0110\u1ed9 C\u00e2u h\u1ecfi th\u01b0\u1eddng g\u1eb7p<\/h3>\nTi\u1ec1n th\u01b0\u1edfng c\u1edd b\u1ea1c t\u1ed1t nh\u1ea5t \u1edf \u1ea4n \u0110\u1ed9 l\u00e0 g\u00ec?\n\nTh\u00f4ng b\u00e1o ti\u1ec1n th\u01b0\u1edfng c\u00e1 c\u01b0\u1ee3c t\u1ed1t nh\u1ea5t s\u1ebd \u0111\u01b0\u1ee3c. C\u1ea3i thi\u1ec7n tr\u1ea3i nghi\u1ec7m c\u1edd b\u1ea1c t\u1ed5ng th\u1ec3 c\u1ee7a b\u1ea1n. M\u1ed9t c\u00e1ch th\u00edch h\u1ee3p, c\u00f3 m\u1ed9t s\u1ed1 ti\u1ec1n th\u01b0\u1edfng c\u1edd b\u1ea1c th\u00fa v\u1ecb. C\u00f3 s\u1eb5n cho ng\u01b0\u1eddi mua \u1ea4n \u0110\u1ed9. B\u1ea1n c\u00f3 mu\u1ed1n t\u00ecm hi\u1ec3u ti\u1ec1n th\u01b0\u1edfng c\u00e1 c\u01b0\u1ee3c t\u1ed1t nh\u1ea5t \u1edf \u1ea4n \u0110\u1ed9? Sau \u0111\u00f3, h\u00e3y truy c\u1eadp trang ph\u1ea7n th\u01b0\u1edfng c\u1edd b\u1ea1c c\u1ee7a freebetbest.com. B\u1ea1n s\u1ebd t\u00ecm th\u1ea5y th\u00f4ng tin v\u1ec1 \u1ea4n \u0110\u1ed9 trong \u0111\u00f3. M\u1ecdi th\u00f4ng tin v\u1ec1 c\u00e1c giao d\u1ecbch ti\u1ec1n th\u01b0\u1edfng quan tr\u1ecdng nh\u1ea5t.\n<h3>Ch\u00fang t\u00f4i<a href=\"https:\/\/www.freebetsinfo.co.uk\/free-bets\/\"> trang web c\u00e1 c\u01b0\u1ee3c<\/a> h\u1ee3p ph\u00e1p \u1edf \u1ea4n \u0110\u1ed9?<\/h3>\nS\u1eed d\u1ee5ng c\u00e1c trang web c\u00e1 c\u01b0\u1ee3c Ti\u1ec1n th\u01b0\u1edfng c\u1ee7a Nh\u00e0 c\u00e1i \u1ea4n \u0110\u1ed9 h\u1ee3p ph\u00e1p. S\u1ebd gi\u00fap \u0111\u1ea3m b\u1ea3o m\u1ed9t cu\u1ed9c phi\u00eau l\u01b0u tr\u00f2 ch\u01a1i an to\u00e0n. Nghi\u00ean c\u1ee9u c\u00e1c v\u1ea5n \u0111\u1ec1 trong l\u0129nh v\u1ef1c ph\u00e1p l\u00fd c\u00f3 th\u1ec3 ph\u1ee9c t\u1ea1p. Tuy nhi\u00ean, ch\u00fang t\u00f4i \u0111\u00e3 ho\u00e0n thi\u1ec7n n\u00f3 tr\u00ean freebetbest.com. T\u1ea5t c\u1ea3 c\u00e1c th\u00f4ng tin b\u1ea1n c\u1ea7n bi\u1ebft. Ngo\u00e0i ra, ch\u00fang t\u00f4i s\u1ebd gi\u00fap b\u1ea1n. T\u00ecm nh\u1eefng c\u00e1i c\u00f3 s\u1eb5n cho kh\u00e1ch h\u00e0ng \u1ea4n \u0110\u1ed9. Giao d\u1ecbch ti\u1ec1n th\u01b0\u1edfng c\u00e1 c\u01b0\u1ee3c hi\u1ec7u qu\u1ea3 nh\u1ea5t.\n<h3>\u0110\u1eb7t c\u01b0\u1ee3c ho\u00e0n to\u00e0n mi\u1ec5n ph\u00ed t\u1ed1t nh\u1ea5t?<\/h3>\nCu\u1ed1i c\u00f9ng n\u00f3 ph\u1ee5 thu\u1ed9c v\u00e0o nh\u1eefng g\u00ec b\u1ea1n \u0111ang t\u00ecm ki\u1ebfm. M\u1ed9t s\u1ed1 ng\u01b0\u1eddi \u0111am m\u00ea th\u1ec3 thao. Hy v\u1ecdng s\u1ebd nh\u1eadn \u0111\u01b0\u1ee3c ph\u1ea7n th\u01b0\u1edfng cho h\u1ecd. M\u1ee9c cao nh\u1ea5t c\u1ee7a qu\u1ef9 c\u1edd b\u1ea1c b\u1ed5 sung, m\u00e0 nh\u1eefng ng\u01b0\u1eddi kh\u00e1c th\u00edch. T\u00ecm ki\u1ebfm gi\u00e1 tr\u1ecb t\u1ed1t h\u01a1n. Ngo\u00e0i ra, m\u1ed9t s\u1ed1 ph\u1ea7n th\u01b0\u1edfng c\u0169ng c\u00f3 th\u1ec3 \u0111\u01b0\u1ee3c s\u1eed d\u1ee5ng cho c\u00e1c tr\u00f2 ch\u01a1i s\u00f2ng b\u1ea1c tr\u1ef1c tuy\u1ebfn. V\u00ec v\u1eady, vui l\u00f2ng xem h\u01b0\u1edbng d\u1eabn c\u1ee7a ch\u00fang t\u00f4i \u0111\u1ec3 gi\u00fap nh\u1eadn ph\u1ea7n th\u01b0\u1edfng c\u1edd b\u1ea1c, t\u00f3m l\u1ea1i. Bi\u1ebft giao d\u1ecbch n\u00e0o. Ph\u00f9 h\u1ee3p nh\u1ea5t v\u1edbi nhu c\u1ea7u c\u1ee5 th\u1ec3 c\u1ee7a c\u00e1 nh\u00e2n b\u1ea1n.\n<h3>B\u1ea5t c\u1ee9 ai c\u00f3 th\u1ec3 nh\u1eadn \u0111\u01b0\u1ee3c ti\u1ec1n th\u01b0\u1edfng kh\u00f4ng c\u00f3 ti\u1ec1n g\u1eedi?<\/h3>\nKhi b\u1ea1n nh\u00ecn v\u00e0o \u1ea4n \u0110\u1ed9. B\u1ea1n s\u1ebd bi\u1ebft v\u1ec1 nhi\u1ec1u giao d\u1ecbch Ti\u1ec1n th\u01b0\u1edfng c\u1ee7a Nh\u00e0 c\u00e1i \u1ea4n \u0110\u1ed9 t\u1ed1t nh\u1ea5t. H\u1ea7u h\u1ebft trong s\u1ed1 h\u1ecd ch\u1ec9 c\u00f3 th\u1ec3 v\u01b0\u1ee3t qua. Th\u00eam c\u00e1c kho\u1ea3n ti\u1ec1n g\u1eedi \u0111\u1ee7 \u0111i\u1ec1u ki\u1ec7n xu\u1ed1ng \u0111\u1ec3 b\u00e1o c\u00e1o. Nh\u01b0ng \u0111i\u1ec1u n\u00e0y kh\u00f4ng ph\u1ea3i \u0111\u1ec3 n\u00f3i. B\u1ea1n s\u1ebd kh\u00f4ng nh\u1eadn \u0111\u01b0\u1ee3c m\u1ed9t s\u1ed1 ti\u1ec1n th\u01b0\u1edfng ho\u00e0n to\u00e0n mi\u1ec5n ph\u00ed.\nV\u00ec v\u1eady, xin vui l\u00f2ng \u0111\u1ecdc n\u00f3 m\u1ed9t c\u00e1ch c\u1ea9n th\u1eadn. H\u01b0\u1edbng d\u1eabn tr\u1ee3 gi\u00fap c\u1ee7a ch\u00fang t\u00f4i \u0111\u01b0\u1ee3c th\u01b0\u1edfng khi ch\u01a1i, v\u00ec v\u1eady ch\u00fang t\u00f4i s\u1ebd ti\u1ebft l\u1ed9 c\u00e1c \u01b0u \u0111\u00e3i m\u1edbi nh\u1ea5t \u0111\u1ec3 tr\u1edf th\u00e0nh ng\u01b0\u1eddi t\u1ed1t nh\u1ea5t \u1edf \u1ea4n \u0110\u1ed9. N\u00f3i ng\u1eafn g\u1ecdn. Ch\u01a1i tr\u00f2 ch\u01a1i tr\u00ean c\u00e1c trang web tr\u00f2 ch\u01a1i m\u00e0 kh\u00f4ng b\u1ecb h\u1ea1 th\u1ea5p. Ti\u1ec1n c\u00e1 nh\u00e2n c\u1ee7a b\u1ea1n.\n\n<!-- \/wp:post-content -->","protected":false},"excerpt":{"rendered":"<p>Ti\u1ec1n th\u01b0\u1edfng ch\u00e0o m\u1eebng c\u00e1 c\u01b0\u1ee3c t\u1ed1t nh\u1ea5t c\u1ee7a \u1ea4n \u0110\u1ed9. S\u00f2ng b\u1ea1c tr\u1ef1c tuy\u1ebfn \u1ea4n \u0110\u1ed9 cung c\u1ea5p v\u00e0 khuy\u1ebfn m\u1ea1i ti\u1ec1n th\u01b0\u1edfng ch\u00e0o m\u1eebng, nh\u00e0 c\u00e1i c\u00e1 c\u01b0\u1ee3c tr\u1ef1c tuy\u1ebfn \u0111\u00e1ng tin c\u1eady nh\u1ea5t.<\/p>\n<div class=\"hero-cup-section\">\n<div class=\"row mb-4\">\n<div class=\"col-md-7\">\n<div class=\"section-area\">\n<div class=\"section-list\">\n<li style=\"text-align: left\"><img decoding=\"async\" src=\"https:\/\/www.freebetbest.com\/wp-content\/uploads\/2021\/06\/tick.png\" alt=\"C\u00e1c m\u00f4n th\u1ec3 thao\"> Casino th\u1ec3 thao ti\u1ec1n th\u01b0\u1edfng ch\u00e0o m\u1eebng.<\/li>\n<li style=\"text-align: left\"><img decoding=\"async\" src=\"https:\/\/www.freebetbest.com\/wp-content\/uploads\/2021\/06\/tick.png\" alt=\"cung c\u1ea5p tr\u00f2 ch\u01a1i\"> \u01afu \u0111\u00e3i v\u00e0 khuy\u1ebfn m\u00e3i c\u1ee7a nh\u00e0 c\u00e1i tr\u1ef1c tuy\u1ebfn.<\/li>\n<li style=\"text-align: left\"><img decoding=\"async\" src=\"https:\/\/www.freebetbest.com\/wp-content\/uploads\/2021\/06\/tick.png\" alt=\"cung c\u1ea5p tr\u00f2 ch\u01a1i\"> C\u00e1c nh\u00e0 c\u00e1i tr\u1ef1c tuy\u1ebfn t\u1ed1t nh\u1ea5t m\u00e0 b\u1ea1n c\u00f3 th\u1ec3 tin t\u01b0\u1edfng.<\/li>\n<li style=\"text-align: left\"><img decoding=\"async\" src=\"https:\/\/www.freebetbest.com\/wp-content\/uploads\/2021\/06\/tick.png\" alt=\"C\u00f3 th\u1ea9m quy\u1ec1n\"> \u0110\u00e1nh gi\u00e1 c\u00f3 th\u1ea9m quy\u1ec1n An to\u00e0n \u0111\u00e1ng tin c\u1eady.<\/li>\n<li style=\"text-align: left\"><img decoding=\"async\" src=\"https:\/\/www.freebetbest.com\/wp-content\/uploads\/2021\/06\/tick.png\" alt=\"R\u00fat ti\u1ec1n nhanh ch\u00f3ng\"> H\u1ed7 tr\u1ee3 APP di \u0111\u1ed9ng, R\u00fat ti\u1ec1n nhanh ch\u00f3ng.<\/li>\n<li style=\"text-align: left\"><img decoding=\"async\" src=\"https:\/\/www.freebetbest.com\/wp-content\/uploads\/2021\/06\/tick.png\" alt=\"H\u1ed7 tr\u1ee3 kh\u00e1ch h\u00e0ng\"> H\u1ed7 tr\u1ee3 kh\u00e1ch h\u00e0ng: 365 ng\u00e0y, 24 gi\u1edd m\u1ed9t ng\u00e0y.<\/li>\n<\/div>\n<\/div>\n<\/div>\n<div class=\"col-md-5\">\n<div class=\"cup-img\"><img decoding=\"async\" src=\"https:\/\/www.freebetbest.com\/wp-content\/uploads\/2021\/06\/Thailand2.png\" alt=\"freebetbest\"><\/div>\n<\/div>\n<\/div>\n","protected":false},"author":1,"featured_media":125278,"parent":0,"menu_order":0,"comment_status":"closed","ping_status":"closed","template":"Indian-template.php","meta":{"footnotes":""},"class_list":["post-129297","page","type-page","status-publish","has-post-thumbnail","hentry"],"yoast_head":"<!-- This site is optimized with the Yoast SEO Premium plugin v19.5 (Yoast SEO v27.0) - https:\/\/yoast.com\/product\/yoast-seo-premium-wordpress\/ -->\n<title>Ti\u1ec1n th\u01b0\u1edfng cho nh\u00e0 c\u00e1i \u1ea4n \u0110\u1ed9 , \u01afu \u0111\u00e3i C\u01b0\u1ee3c Mi\u1ec5n ph\u00ed Tr\u1ef1c tuy\u1ebfn H\u00e0ng \u0111\u1ea7u<\/title>\n<meta name=\"description\" content=\"Ti\u1ec1n th\u01b0\u1edfng cho nh\u00e0 c\u00e1i \u1ea4n \u0110\u1ed9 , \u01afu \u0111\u00e3i C\u01b0\u1ee3c Mi\u1ec5n ph\u00ed Tr\u1ef1c tuy\u1ebfn H\u00e0ng \u0111\u1ea7uC\u00e1c T\u1ef7 l\u1ec7 T\u1ed1t nh\u1ea5t \u0110\u1ed1i v\u1edbi C\u00e1 c\u01b0\u1ee3c Th\u1ec3 thao. T\u1ef7 l\u1ec7 c\u01b0\u1ee3c t\u1ed1t nh\u1ea5t cho c\u00e1 c\u01b0\u1ee3c th\u1ec3 thao. \u0110\u1ec1 ngh\u1ecb \u0111\u0103ng k\u00fd.\" \/>\n<meta name=\"robots\" content=\"index, follow, max-snippet:-1, max-image-preview:large, max-video-preview:-1\" \/>\n<link rel=\"canonical\" href=\"https:\/\/www.freebetbest.com\/vi\/an-do-nha-cai-tien-thuong\/\" \/>\n<meta property=\"og:locale\" content=\"vi_VN\" \/>\n<meta property=\"og:type\" content=\"article\" \/>\n<meta property=\"og:title\" content=\"Ti\u1ec1n th\u01b0\u1edfng cho nh\u00e0 c\u00e1i \u1ea4n \u0110\u1ed9\" \/>\n<meta property=\"og:description\" content=\"Ti\u1ec1n th\u01b0\u1edfng cho nh\u00e0 c\u00e1i \u1ea4n \u0110\u1ed9 , \u01afu \u0111\u00e3i C\u01b0\u1ee3c Mi\u1ec5n ph\u00ed Tr\u1ef1c tuy\u1ebfn H\u00e0ng \u0111\u1ea7uC\u00e1c T\u1ef7 l\u1ec7 T\u1ed1t nh\u1ea5t \u0110\u1ed1i v\u1edbi C\u00e1 c\u01b0\u1ee3c Th\u1ec3 thao. T\u1ef7 l\u1ec7 c\u01b0\u1ee3c t\u1ed1t nh\u1ea5t cho c\u00e1 c\u01b0\u1ee3c th\u1ec3 thao. \u0110\u1ec1 ngh\u1ecb \u0111\u0103ng k\u00fd.\" \/>\n<meta property=\"og:url\" content=\"https:\/\/www.freebetbest.com\/vi\/an-do-nha-cai-tien-thuong\/\" \/>\n<meta property=\"og:site_name\" content=\"Nh\u00e0 c\u00e1i c\u00e1 c\u01b0\u1ee3c tr\u1ef1c tuy\u1ebfn t\u1ed1t nh\u1ea5t | C\u00e1 C\u01b0\u1ee3c b\u00f3ng \u0111\u00e1 online t\u1ed1t nh\u1ea5t | Th\u00f4ng tin c\u00e1 c\u01b0\u1ee3c mi\u1ec5n ph\u00ed.\" \/>\n<meta property=\"article:modified_time\" content=\"2021-07-28T17:00:44+00:00\" \/>\n<meta property=\"og:image\" content=\"https:\/\/www.freebetbest.com\/wp-content\/uploads\/2021\/06\/Bookmakers-scaled.jpg\" \/>\n\t<meta property=\"og:image:width\" content=\"417\" \/>\n\t<meta property=\"og:image:height\" content=\"180\" \/>\n\t<meta property=\"og:image:type\" content=\"image\/jpeg\" \/>\n<meta name=\"twitter:card\" content=\"summary_large_image\" \/>\n<meta name=\"twitter:label1\" content=\"Est. reading time\" \/>\n\t<meta name=\"twitter:data1\" content=\"3 minutes\" \/>\n<script type=\"application\/ld+json\" class=\"yoast-schema-graph\">{\"@context\":\"https:\/\/schema.org\",\"@graph\":[{\"@type\":\"WebPage\",\"@id\":\"https:\/\/www.freebetbest.com\/vi\/an-do-nha-cai-tien-thuong\/\",\"url\":\"https:\/\/www.freebetbest.com\/vi\/an-do-nha-cai-tien-thuong\/\",\"name\":\"Ti\u1ec1n th\u01b0\u1edfng cho nh\u00e0 c\u00e1i \u1ea4n \u0110\u1ed9 , \u01afu \u0111\u00e3i C\u01b0\u1ee3c Mi\u1ec5n ph\u00ed Tr\u1ef1c tuy\u1ebfn H\u00e0ng \u0111\u1ea7u\",\"isPartOf\":{\"@id\":\"https:\/\/www.freebetbest.com\/vi\/#website\"},\"primaryImageOfPage\":{\"@id\":\"https:\/\/www.freebetbest.com\/vi\/an-do-nha-cai-tien-thuong\/#primaryimage\"},\"image\":{\"@id\":\"https:\/\/www.freebetbest.com\/vi\/an-do-nha-cai-tien-thuong\/#primaryimage\"},\"thumbnailUrl\":\"https:\/\/www.freebetbest.com\/wp-content\/uploads\/2021\/06\/Bookmakers-scaled.jpg\",\"datePublished\":\"2021-06-10T16:12:08+00:00\",\"dateModified\":\"2021-07-28T17:00:44+00:00\",\"description\":\"Ti\u1ec1n th\u01b0\u1edfng cho nh\u00e0 c\u00e1i \u1ea4n \u0110\u1ed9 , \u01afu \u0111\u00e3i C\u01b0\u1ee3c Mi\u1ec5n ph\u00ed Tr\u1ef1c tuy\u1ebfn H\u00e0ng \u0111\u1ea7uC\u00e1c T\u1ef7 l\u1ec7 T\u1ed1t nh\u1ea5t \u0110\u1ed1i v\u1edbi C\u00e1 c\u01b0\u1ee3c Th\u1ec3 thao. T\u1ef7 l\u1ec7 c\u01b0\u1ee3c t\u1ed1t nh\u1ea5t cho c\u00e1 c\u01b0\u1ee3c th\u1ec3 thao. \u0110\u1ec1 ngh\u1ecb \u0111\u0103ng k\u00fd.\",\"breadcrumb\":{\"@id\":\"https:\/\/www.freebetbest.com\/vi\/an-do-nha-cai-tien-thuong\/#breadcrumb\"},\"inLanguage\":\"vi-VN\",\"potentialAction\":[{\"@type\":\"ReadAction\",\"target\":[\"https:\/\/www.freebetbest.com\/vi\/an-do-nha-cai-tien-thuong\/\"]}]},{\"@type\":\"ImageObject\",\"inLanguage\":\"vi-VN\",\"@id\":\"https:\/\/www.freebetbest.com\/vi\/an-do-nha-cai-tien-thuong\/#primaryimage\",\"url\":\"https:\/\/www.freebetbest.com\/wp-content\/uploads\/2021\/06\/Bookmakers-scaled.jpg\",\"contentUrl\":\"https:\/\/www.freebetbest.com\/wp-content\/uploads\/2021\/06\/Bookmakers-scaled.jpg\",\"width\":417,\"height\":180,\"caption\":\"Ti\u1ec1n th\u01b0\u1edfng cho nh\u00e0 c\u00e1i Trung Qu\u1ed1c\"},{\"@type\":\"BreadcrumbList\",\"@id\":\"https:\/\/www.freebetbest.com\/vi\/an-do-nha-cai-tien-thuong\/#breadcrumb\",\"itemListElement\":[{\"@type\":\"ListItem\",\"position\":1,\"name\":\"Home\",\"item\":\"https:\/\/www.freebetbest.com\/vi\/\"},{\"@type\":\"ListItem\",\"position\":2,\"name\":\"Ti\u1ec1n th\u01b0\u1edfng cho nh\u00e0 c\u00e1i \u1ea4n \u0110\u1ed9\"}]},{\"@type\":\"WebSite\",\"@id\":\"https:\/\/www.freebetbest.com\/vi\/#website\",\"url\":\"https:\/\/www.freebetbest.com\/vi\/\",\"name\":\"Nh\u00e0 c\u00e1i c\u00e1 c\u01b0\u1ee3c tr\u1ef1c tuy\u1ebfn t\u1ed1t nh\u1ea5t | C\u00e1 C\u01b0\u1ee3c b\u00f3ng \u0111\u00e1 online t\u1ed1t nh\u1ea5t | Th\u00f4ng tin c\u00e1 c\u01b0\u1ee3c mi\u1ec5n ph\u00ed.\",\"description\":\"Nh\u00e0 c\u00e1i c\u00e1 c\u01b0\u1ee3c tr\u1ef1c tuy\u1ebfn t\u1ed1t nh\u1ea5t, C\u1ed5ng \u0111\u00e1nh b\u1ea1c h\u00e0ng \u0111\u1ea7u th\u1ebf gi\u1edbi, Cung c\u1ea5p th\u1ec3 thao, s\u00f2ng b\u1ea1c, poker, c\u00e1 c\u01b0\u1ee3c l\u00f4 t\u00f4 & di \u0111\u1ed9ng, Th\u00f4ng tin c\u00e1 c\u01b0\u1ee3c mi\u1ec5n ph\u00ed. Nh\u00e0 c\u00e1i c\u00e1 c\u01b0\u1ee3c tr\u1ef1c tuy\u1ebfn t\u1ed1t nh\u1ea5t Vi\u1ec7t Nam\",\"publisher\":{\"@id\":\"https:\/\/www.freebetbest.com\/vi\/#\/schema\/person\/292684ccf388a2362d507874c5b80a69\"},\"potentialAction\":[{\"@type\":\"SearchAction\",\"target\":{\"@type\":\"EntryPoint\",\"urlTemplate\":\"https:\/\/www.freebetbest.com\/vi\/?s={search_term_string}\"},\"query-input\":{\"@type\":\"PropertyValueSpecification\",\"valueRequired\":true,\"valueName\":\"search_term_string\"}}],\"inLanguage\":\"vi-VN\"},{\"@type\":[\"Person\",\"Organization\"],\"@id\":\"https:\/\/www.freebetbest.com\/vi\/#\/schema\/person\/292684ccf388a2362d507874c5b80a69\",\"name\":\"\u7ba1\u7406\",\"image\":{\"@type\":\"ImageObject\",\"inLanguage\":\"vi-VN\",\"@id\":\"https:\/\/www.freebetbest.com\/vi\/#\/schema\/person\/image\/\",\"url\":\"https:\/\/www.freebetbest.com\/wp-content\/litespeed\/avatar\/49696b52fb15293a2168c14964fdd8b9.jpg?ver=1777439934\",\"contentUrl\":\"https:\/\/www.freebetbest.com\/wp-content\/litespeed\/avatar\/49696b52fb15293a2168c14964fdd8b9.jpg?ver=1777439934\",\"caption\":\"\u7ba1\u7406\"},\"logo\":{\"@id\":\"https:\/\/www.freebetbest.com\/vi\/#\/schema\/person\/image\/\"},\"sameAs\":[\"admin\"]}]}<\/script>\n<!-- \/ Yoast SEO Premium plugin. -->","yoast_head_json":{"title":"Ti\u1ec1n th\u01b0\u1edfng cho nh\u00e0 c\u00e1i \u1ea4n \u0110\u1ed9 , \u01afu \u0111\u00e3i C\u01b0\u1ee3c Mi\u1ec5n ph\u00ed Tr\u1ef1c tuy\u1ebfn H\u00e0ng \u0111\u1ea7u","description":"Ti\u1ec1n th\u01b0\u1edfng cho nh\u00e0 c\u00e1i \u1ea4n \u0110\u1ed9 , \u01afu \u0111\u00e3i C\u01b0\u1ee3c Mi\u1ec5n ph\u00ed Tr\u1ef1c tuy\u1ebfn H\u00e0ng \u0111\u1ea7uC\u00e1c T\u1ef7 l\u1ec7 T\u1ed1t nh\u1ea5t \u0110\u1ed1i v\u1edbi C\u00e1 c\u01b0\u1ee3c Th\u1ec3 thao. T\u1ef7 l\u1ec7 c\u01b0\u1ee3c t\u1ed1t nh\u1ea5t cho c\u00e1 c\u01b0\u1ee3c th\u1ec3 thao. \u0110\u1ec1 ngh\u1ecb \u0111\u0103ng k\u00fd.","robots":{"index":"index","follow":"follow","max-snippet":"max-snippet:-1","max-image-preview":"max-image-preview:large","max-video-preview":"max-video-preview:-1"},"canonical":"https:\/\/www.freebetbest.com\/vi\/an-do-nha-cai-tien-thuong\/","og_locale":"vi_VN","og_type":"article","og_title":"Ti\u1ec1n th\u01b0\u1edfng cho nh\u00e0 c\u00e1i \u1ea4n \u0110\u1ed9","og_description":"Ti\u1ec1n th\u01b0\u1edfng cho nh\u00e0 c\u00e1i \u1ea4n \u0110\u1ed9 , \u01afu \u0111\u00e3i C\u01b0\u1ee3c Mi\u1ec5n ph\u00ed Tr\u1ef1c tuy\u1ebfn H\u00e0ng \u0111\u1ea7uC\u00e1c T\u1ef7 l\u1ec7 T\u1ed1t nh\u1ea5t \u0110\u1ed1i v\u1edbi C\u00e1 c\u01b0\u1ee3c Th\u1ec3 thao. T\u1ef7 l\u1ec7 c\u01b0\u1ee3c t\u1ed1t nh\u1ea5t cho c\u00e1 c\u01b0\u1ee3c th\u1ec3 thao. \u0110\u1ec1 ngh\u1ecb \u0111\u0103ng k\u00fd.","og_url":"https:\/\/www.freebetbest.com\/vi\/an-do-nha-cai-tien-thuong\/","og_site_name":"Nh\u00e0 c\u00e1i c\u00e1 c\u01b0\u1ee3c tr\u1ef1c tuy\u1ebfn t\u1ed1t nh\u1ea5t | C\u00e1 C\u01b0\u1ee3c b\u00f3ng \u0111\u00e1 online t\u1ed1t nh\u1ea5t | Th\u00f4ng tin c\u00e1 c\u01b0\u1ee3c mi\u1ec5n ph\u00ed.","article_modified_time":"2021-07-28T17:00:44+00:00","og_image":[{"width":417,"height":180,"url":"https:\/\/www.freebetbest.com\/wp-content\/uploads\/2021\/06\/Bookmakers-scaled.jpg","type":"image\/jpeg"}],"twitter_card":"summary_large_image","twitter_misc":{"Est. reading time":"3 minutes"},"schema":{"@context":"https:\/\/schema.org","@graph":[{"@type":"WebPage","@id":"https:\/\/www.freebetbest.com\/vi\/an-do-nha-cai-tien-thuong\/","url":"https:\/\/www.freebetbest.com\/vi\/an-do-nha-cai-tien-thuong\/","name":"Ti\u1ec1n th\u01b0\u1edfng cho nh\u00e0 c\u00e1i \u1ea4n \u0110\u1ed9 , \u01afu \u0111\u00e3i C\u01b0\u1ee3c Mi\u1ec5n ph\u00ed Tr\u1ef1c tuy\u1ebfn H\u00e0ng \u0111\u1ea7u","isPartOf":{"@id":"https:\/\/www.freebetbest.com\/vi\/#website"},"primaryImageOfPage":{"@id":"https:\/\/www.freebetbest.com\/vi\/an-do-nha-cai-tien-thuong\/#primaryimage"},"image":{"@id":"https:\/\/www.freebetbest.com\/vi\/an-do-nha-cai-tien-thuong\/#primaryimage"},"thumbnailUrl":"https:\/\/www.freebetbest.com\/wp-content\/uploads\/2021\/06\/Bookmakers-scaled.jpg","datePublished":"2021-06-10T16:12:08+00:00","dateModified":"2021-07-28T17:00:44+00:00","description":"Ti\u1ec1n th\u01b0\u1edfng cho nh\u00e0 c\u00e1i \u1ea4n \u0110\u1ed9 , \u01afu \u0111\u00e3i C\u01b0\u1ee3c Mi\u1ec5n ph\u00ed Tr\u1ef1c tuy\u1ebfn H\u00e0ng \u0111\u1ea7uC\u00e1c T\u1ef7 l\u1ec7 T\u1ed1t nh\u1ea5t \u0110\u1ed1i v\u1edbi C\u00e1 c\u01b0\u1ee3c Th\u1ec3 thao. T\u1ef7 l\u1ec7 c\u01b0\u1ee3c t\u1ed1t nh\u1ea5t cho c\u00e1 c\u01b0\u1ee3c th\u1ec3 thao. \u0110\u1ec1 ngh\u1ecb \u0111\u0103ng k\u00fd.","breadcrumb":{"@id":"https:\/\/www.freebetbest.com\/vi\/an-do-nha-cai-tien-thuong\/#breadcrumb"},"inLanguage":"vi-VN","potentialAction":[{"@type":"ReadAction","target":["https:\/\/www.freebetbest.com\/vi\/an-do-nha-cai-tien-thuong\/"]}]},{"@type":"ImageObject","inLanguage":"vi-VN","@id":"https:\/\/www.freebetbest.com\/vi\/an-do-nha-cai-tien-thuong\/#primaryimage","url":"https:\/\/www.freebetbest.com\/wp-content\/uploads\/2021\/06\/Bookmakers-scaled.jpg","contentUrl":"https:\/\/www.freebetbest.com\/wp-content\/uploads\/2021\/06\/Bookmakers-scaled.jpg","width":417,"height":180,"caption":"Ti\u1ec1n th\u01b0\u1edfng cho nh\u00e0 c\u00e1i Trung Qu\u1ed1c"},{"@type":"BreadcrumbList","@id":"https:\/\/www.freebetbest.com\/vi\/an-do-nha-cai-tien-thuong\/#breadcrumb","itemListElement":[{"@type":"ListItem","position":1,"name":"Home","item":"https:\/\/www.freebetbest.com\/vi\/"},{"@type":"ListItem","position":2,"name":"Ti\u1ec1n th\u01b0\u1edfng cho nh\u00e0 c\u00e1i \u1ea4n \u0110\u1ed9"}]},{"@type":"WebSite","@id":"https:\/\/www.freebetbest.com\/vi\/#website","url":"https:\/\/www.freebetbest.com\/vi\/","name":"Nh\u00e0 c\u00e1i c\u00e1 c\u01b0\u1ee3c tr\u1ef1c tuy\u1ebfn t\u1ed1t nh\u1ea5t | C\u00e1 C\u01b0\u1ee3c b\u00f3ng \u0111\u00e1 online t\u1ed1t nh\u1ea5t | Th\u00f4ng tin c\u00e1 c\u01b0\u1ee3c mi\u1ec5n ph\u00ed.","description":"Nh\u00e0 c\u00e1i c\u00e1 c\u01b0\u1ee3c tr\u1ef1c tuy\u1ebfn t\u1ed1t nh\u1ea5t, C\u1ed5ng \u0111\u00e1nh b\u1ea1c h\u00e0ng \u0111\u1ea7u th\u1ebf gi\u1edbi, Cung c\u1ea5p th\u1ec3 thao, s\u00f2ng b\u1ea1c, poker, c\u00e1 c\u01b0\u1ee3c l\u00f4 t\u00f4 & di \u0111\u1ed9ng, Th\u00f4ng tin c\u00e1 c\u01b0\u1ee3c mi\u1ec5n ph\u00ed. Nh\u00e0 c\u00e1i c\u00e1 c\u01b0\u1ee3c tr\u1ef1c tuy\u1ebfn t\u1ed1t nh\u1ea5t Vi\u1ec7t Nam","publisher":{"@id":"https:\/\/www.freebetbest.com\/vi\/#\/schema\/person\/292684ccf388a2362d507874c5b80a69"},"potentialAction":[{"@type":"SearchAction","target":{"@type":"EntryPoint","urlTemplate":"https:\/\/www.freebetbest.com\/vi\/?s={search_term_string}"},"query-input":{"@type":"PropertyValueSpecification","valueRequired":true,"valueName":"search_term_string"}}],"inLanguage":"vi-VN"},{"@type":["Person","Organization"],"@id":"https:\/\/www.freebetbest.com\/vi\/#\/schema\/person\/292684ccf388a2362d507874c5b80a69","name":"\u7ba1\u7406","image":{"@type":"ImageObject","inLanguage":"vi-VN","@id":"https:\/\/www.freebetbest.com\/vi\/#\/schema\/person\/image\/","url":"https:\/\/www.freebetbest.com\/wp-content\/litespeed\/avatar\/49696b52fb15293a2168c14964fdd8b9.jpg?ver=1777439934","contentUrl":"https:\/\/www.freebetbest.com\/wp-content\/litespeed\/avatar\/49696b52fb15293a2168c14964fdd8b9.jpg?ver=1777439934","caption":"\u7ba1\u7406"},"logo":{"@id":"https:\/\/www.freebetbest.com\/vi\/#\/schema\/person\/image\/"},"sameAs":["admin"]}]}},"_links":{"self":[{"href":"https:\/\/www.freebetbest.com\/vi\/wp-json\/wp\/v2\/pages\/129297","targetHints":{"allow":["GET"]}}],"collection":[{"href":"https:\/\/www.freebetbest.com\/vi\/wp-json\/wp\/v2\/pages"}],"about":[{"href":"https:\/\/www.freebetbest.com\/vi\/wp-json\/wp\/v2\/types\/page"}],"author":[{"embeddable":true,"href":"https:\/\/www.freebetbest.com\/vi\/wp-json\/wp\/v2\/users\/1"}],"replies":[{"embeddable":true,"href":"https:\/\/www.freebetbest.com\/vi\/wp-json\/wp\/v2\/comments?post=129297"}],"version-history":[{"count":0,"href":"https:\/\/www.freebetbest.com\/vi\/wp-json\/wp\/v2\/pages\/129297\/revisions"}],"wp:featuredmedia":[{"embeddable":true,"href":"https:\/\/www.freebetbest.com\/vi\/wp-json\/wp\/v2\/media\/125278"}],"wp:attachment":[{"href":"https:\/\/www.freebetbest.com\/vi\/wp-json\/wp\/v2\/media?parent=129297"}],"curies":[{"name":"wp","href":"https:\/\/api.w.org\/{rel}","templated":true}]}}