{"id":129281,"date":"2021-06-10T11:36:03","date_gmt":"2021-06-10T11:36:03","guid":{"rendered":"https:\/\/www.freebetbest.com\/tien-thuong-cua-nha-cai-chau-au\/"},"modified":"2021-07-28T19:56:03","modified_gmt":"2021-07-28T19:56:03","slug":"ti%e1%bb%81n-th%c6%b0%e1%bb%9fng-cho-nh%c3%a0-c%c3%a1i-ch%c3%a2u-%c3%82u","status":"publish","type":"page","link":"https:\/\/www.freebetbest.com\/vi\/ti%e1%bb%81n-th%c6%b0%e1%bb%9fng-cho-nh%c3%a0-c%c3%a1i-ch%c3%a2u-%c3%82u\/","title":{"rendered":"Ti\u1ec1n th\u01b0\u1edfng cho nh\u00e0 c\u00e1i Ch\u00e2u \u00c2u"},"content":{"rendered":"<h2>Ti\u1ec1n th\u01b0\u1edfng c\u1ee7a Nh\u00e0 c\u00e1i Ch\u00e2u \u00c2u Ph\u1ea7n th\u01b0\u1edfng<\/h2>\nTi\u1ec1n th\u01b0\u1edfng b\u1ed5 sung cho c\u00e1 c\u01b0\u1ee3c th\u1ec3 thao. N\u00f3 \u0111\u00e3 l\u00e0 c\u01a1 s\u1edf c\u1ee7a c\u00e1 c\u01b0\u1ee3c. L\u00fd do \u0111\u1eb1ng sau \u0111i\u1ec1u n\u00e0y l\u00e0. B\u1ed3i th\u01b0\u1eddng cho ng\u01b0\u1eddi ch\u01a1i m\u1edbi. Ch\u1ecdn Ph\u1ea7n th\u01b0\u1edfng Nh\u00e0 c\u00e1i Ch\u00e2u \u00c2u ch\u00ednh x\u00e1c v\u00e0 cung c\u1ea5p cho h\u1ecd ph\u1ea7n th\u01b0\u1edfng b\u1ed5 sung. T\u1ea1o m\u1ed9t kho\u1ea3n thanh to\u00e1n tr\u01b0\u1edbc v\u00e0 b\u1eaft \u0111\u1ea7u tr\u00f2 ch\u01a1i.\n<h3>\u0110\u1eb7c bi\u1ec7t l\u00e0 khi b\u1ea1n c\u00f3 th\u1ec3 th\u1eed n\u00f3 ban \u0111\u1ea7u.<a href=\"https:\/\/www.freebetsinfo.co.uk\/europe-bookmakers\/\"> Nh\u00e0 c\u00e1i Ch\u00e2u \u00c2u<\/a> th\u01b0\u1edfng<\/h3>\nTi\u1ec1n th\u01b0\u1edfng t\u1eeb nh\u00e0 c\u00e1i. N\u00f3 c\u00f3 th\u1ec3 \u1ea3nh h\u01b0\u1edfng \u0111\u1ebfn s\u1ef1 ki\u00ean tr\u00ec c\u1ee7a b\u1ea1n v\u1edbi n\u00f3. Theo c\u00e1c c\u00f4ng ty c\u00e1 c\u01b0\u1ee3c th\u1ec3 thao, l\u1eddi \u0111\u1ec1 ngh\u1ecb d\u1ec5 ch\u1ecbu ph\u1ed5 bi\u1ebfn nh\u1ea5t. L\u00e0 th\u00eam ti\u1ec1n th\u01b0\u1edfng, t\u1ee9c l\u00e0, trong l\u1ea7n tr\u1ea3 tr\u01b0\u1edbc \u0111\u1ea7u ti\u00ean c\u1ee7a b\u1ea1n. Th\u00eam m\u1ed9t s\u1ed1 ti\u1ec1n th\u01b0\u1edfng nh\u1ea5t \u0111\u1ecbnh, s\u1ed1 ti\u1ec1n c\u00f3 th\u1ec3 thay \u0111\u1ed5i t\u1eeb 50% \u0111\u1ebfn 200%.\n<h3>L\u00e0m r\u00f5 r\u00e0ng Ti\u1ec1n th\u01b0\u1edfng c\u1ee7a Nh\u00e0 c\u00e1i Ch\u00e2u \u00c2u<\/h3>\nB\u1ea1n ph\u1ea3i bi\u1ebft nh\u00e0 c\u00e1i c\u00e1 c\u01b0\u1ee3c. Cung c\u1ea5p cho b\u1ea1n nh\u1eefng ph\u1ea7n th\u01b0\u1edfng s\u00e1ng t\u1ea1o t\u1ed1t nh\u1ea5t. Nh\u01b0 b\u1ea1n s\u1ebd th\u1ea5y, vi\u1ec7c tr\u1ea3 l\u1eddi kh\u00f4ng d\u1ec5 d\u00e0ng v\u00e0 c\u00e1c y\u1ebfu t\u1ed1 nh\u01b0 thu\u1eadt ng\u1eef \u1ea9n \u0111\u00f3ng m\u1ed9t vai tr\u00f2 quan tr\u1ecdng. Ngo\u00e0i ra, th\u1ef1c t\u1ebf c\u00f3 x\u1ebfp h\u1ea1ng hi\u1ec7n t\u1ea1i d\u1ef1a tr\u00ean ph\u1ea3n h\u1ed3i c\u1ee7a ng\u01b0\u1eddi ch\u01a1i v\u00e0 c\u00e1c b\u00e0i ki\u1ec3m tra c\u00e1 nh\u00e2n c\u1ee7a freebetbest.com.\n<h3>Ti\u1ec1n th\u01b0\u1edfng c\u1ee7a Nh\u00e0 c\u00e1i Ch\u00e2u \u00c2u. L\u00e0m th\u1ebf n\u00e0o n\u00f3 ho\u1ea1t \u0111\u1ed9ng?<\/h3>\n\u0110\u1ec3 b\u1eaft \u0111\u1ea7u c\u00f3 l\u00e3i<a href=\"https:\/\/www.freebetbest.com\/europe-bookmakers-bonus\/\"> c\u00e1 c\u01b0\u1ee3c th\u1ec3 thao<\/a> , b\u1ea1n ph\u1ea3i bi\u1ebft r\u1eb1ng c\u00e1 c\u01b0\u1ee3c th\u1ec3 thao \u0111ang di\u1ec5n ra. Ti\u1ec1n th\u01b0\u1edfng t\u0103ng l\u00ean s\u1ebd c\u1ea3i thi\u1ec7n t\u00ecnh h\u00ecnh t\u00e0i ch\u00ednh c\u1ee7a b\u1ea1n.\n<h3>C\u01a1 h\u1ed9i th\u00e0nh c\u00f4ng c\u1ee7a b\u1ea1n.<\/h3>\nM\u1ed7i khi b\u1ea1n tham gia m\u1ed9t c\u00f4ng ty c\u00e1 c\u01b0\u1ee3c. Khi thanh to\u00e1n kho\u1ea3n tr\u1ea3 tr\u01b0\u1edbc, b\u1ea1n c\u00f3 th\u1ec3 ch\u1ecdn \u0111\u01b0a ra \u0111\u1ec1 xu\u1ea5t \u0111\u1ec3 t\u0103ng \u0111\u00e1ng k\u1ec3 s\u1ed1 ti\u1ec1n c\u1ee7a m\u00ecnh.\n\n\u0110i\u1ec1u n\u00e0y c\u00f3 th\u1ec3 thay \u0111\u1ed5i t\u1eeb 25% \u0111\u1ebfn 200%. B\u1eb1ng nh\u1eefng t\u1eeb v\u00e0 c\u1ee5m t\u1eeb c\u01a1 b\u1ea3n, b\u1ea1n s\u1ebd c\u00f3 th\u00eam thu nh\u1eadp. \u0110\u1ec3 \u0111\u1eb7t c\u01b0\u1ee3c l\u1edbn h\u01a1n. Ho\u1eb7c \u0111\u1eb7t c\u01b0\u1ee3c v\u00e0o nh\u1eefng d\u1ecbp kh\u00e1c.\n\nTuy nhi\u00ean, m\u1ed9t s\u1ed1 \u0111i\u1ec1u ki\u1ec7n nh\u1ea5t \u0111\u1ecbnh gi\u00fap b\u1ea1n d\u1ec5 d\u00e0ng ki\u1ebfm ti\u1ec1n th\u01b0\u1edfng ti\u1ec1n g\u1eedi c\u1edd b\u1ea1c. Quy\u1ebft \u0111\u1ecbnh tr\u1edf n\u00ean hi\u1ec7u qu\u1ea3 ho\u1eb7c c\u00f3 th\u1ec3 sai.\n\nM\u1ed7i qu\u1ea3ng c\u00e1o \u0111\u1ec1u c\u00f3 nh\u1eefng y\u00eau c\u1ea7u nh\u1ea5t \u0111\u1ecbnh, n\u1ebfu b\u1ea1n mu\u1ed1n r\u00fat ti\u1ec1n th\u01b0\u1edfng, b\u1ea1n ph\u1ea3i \u0111\u00e1p \u1ee9ng nh\u1eefng y\u00eau c\u1ea7u n\u00e0y.\n\nKh\u00f4ng m\u1ed9t th\u1ee9 nguy\u00ean n\u00e0o c\u00f3 th\u1ec3 \u0111\u00e1p \u1ee9ng t\u1ea5t c\u1ea3 c\u00e1c ngu\u1ed3n cung c\u1ea5p. So v\u1edbi l\u1ee3i \u00edch c\u1ee7a vi\u1ec7c khuy\u1ebfn kh\u00edch \u0111\u1ea7y \u0111\u1ee7, vi\u1ec7c ph\u00e1t h\u00e0nh c\u01b0\u1ee3c Mi\u1ec5n ph\u00ed c\u00f3 th\u1ec3 nh\u1ecf h\u01a1n, nh\u01b0ng c\u00e1c y\u00eau c\u1ea7u \u0111\u01b0\u1ee3c n\u1edbi l\u1ecfng h\u01a1n, \u0111i\u1ec1u n\u00e0y s\u1ebd l\u00e0m t\u0103ng m\u1ee9c \u0111\u1ed9 t\u00e0i nguy\u00ean, nh\u01b0ng c\u00e1c \u0111i\u1ec1u ki\u1ec7n nghi\u00eam ng\u1eb7t h\u01a1n.\n<h3>Nh\u00e0 c\u00e1i Ch\u00e2u \u00c2u Bonus th\u1ea5y r\u1eb1ng ph\u1ea7n th\u01b0\u1edfng c\u00e1 c\u01b0\u1ee3c th\u1ec3 thao l\u00e0 r\u1ea5t quan tr\u1ecdng.<\/h3>\nH\u1ecd bi\u1ebft \u0111\u1ee7 l\u1eddi \u0111\u1ec1 ngh\u1ecb ch\u00e0o \u0111\u00f3n. S\u1ebd thu h\u00fat c\u00e1c v\u1eadn \u0111\u1ed9ng vi\u00ean m\u1edbi. V\u00e0 cung c\u1ea5p b\u1ed3i th\u01b0\u1eddng r\u1ea5t t\u1ed1t. Ngo\u00e0i ra, n\u00f3 c\u00f3 th\u1ec3 \u0111\u01b0\u1ee3c thi\u1ebft l\u1eadp r\u1eb1ng m\u1ed9t s\u1ebd ti\u1ebfp t\u1ee5c \u0111\u01b0\u1ee3c duy tr\u00ec. M\u1ed9t c\u01a1 s\u1edf ng\u01b0\u1eddi tham gia trung th\u00e0nh v\u00e0 cung c\u1ea5p cho c\u00e1c nh\u00e0 c\u00e1i. T\u00f3m l\u1ea1i, Cu\u1ed9c tr\u00f2 chuy\u1ec7n t\u1ed1t v\u00e0 danh ti\u1ebfng t\u1ed1t v\u1ec1 th\u1ecb tr\u01b0\u1eddng c\u1ee7a b\u1ea1n.\n<h3>Giao d\u1ecbch ti\u1ec1n th\u01b0\u1edfng c\u1ee7a nh\u00e0 c\u00e1i n\u00e0o mang l\u1ea1i l\u1ee3i nhu\u1eadn cao nh\u1ea5t<\/h3>\nGiao d\u1ecbch ti\u1ec1n th\u01b0\u1edfng c\u00e1 c\u01b0\u1ee3c th\u1ec3 thao n\u00e0o c\u00f3 l\u1ee3i nh\u1ea5t? B\u1ea1n v\u1eeba m\u1edbi tham gia v\u00e0o nh\u00e0 c\u00e1i c\u00e1 c\u01b0\u1ee3c c\u1ee7a m\u00ecnh. \u0110\u00e3 k\u00fd h\u1ee3p \u0111\u1ed3ng, b\u1ea1n mu\u1ed1n xem. Ph\u1ea7n th\u01b0\u1edfng c\u1ee7a kho\u1ea3n \u0111\u1ea7u t\u01b0 ban \u0111\u1ea7u. B\u1ea1n c\u00f3 th\u1ec3 mong \u0111\u1ee3i s\u1ef1 \u0111\u1ed9ng vi\u00ean c\u1ee7a b\u1ea1n. T\u00f3m l\u1ea1i, n\u00f3 c\u00f3 th\u1ec3 mi\u1ec5n ph\u00ed cho b\u1ea1n, nh\u01b0ng nhi\u1ec1u ph\u1ea7n th\u01b0\u1edfng c\u00e1 c\u01b0\u1ee3c th\u1ec3 thao \u0111\u00e3 \u0111\u01b0\u1ee3c h\u1ecdc h\u1ecfi.\n<h3>\u0110\u00e2y l\u00e0 m\u1ed9t \u0111i\u1ec1u r\u1ea5t c\u00f3 gi\u00e1 tr\u1ecb, mi\u1ec5n l\u00e0 b\u1ea1n bi\u1ebft \u0111i\u1ec1u ki\u1ec7n b\u00e1o gi\u00e1 c\u1ee7a t\u1eebng thanh ghi.<\/h3>\nTi\u1ec1n th\u01b0\u1edfng \u0111\u1ea7y \u0111\u1ee7 t\u1eeb ti\u00eau chu\u1ea9n c\u1ee7a b\u1ea1n. Giao h\u00e0ng mi\u1ec5n ph\u00ed c\u01b0\u1ee3c ho\u1eb7c \u0111\u1ea7u t\u01b0 ph\u00f9 h\u1ee3p. V\u00e0 m\u1ecdi th\u1ee9 li\u00ean quan.\n<h3>Gi\u1ea3i th\u01b0\u1edfng Nh\u00e0 c\u00e1i T\u1ed1t nh\u1ea5t Ch\u00e2u \u00c2u<\/h3>\nX\u00e1c \u0111\u1ecbnh c\u00f4ng ty c\u00e1 c\u01b0\u1ee3c h\u00e0ng \u0111\u1ea7u. Th\u01b0\u1edfng giao d\u1ecbch. T\u1eeb ph\u1ea7n th\u01b0\u1edfng c\u00e1 c\u01b0\u1ee3c. Th\u1ef1c hi\u1ec7n c\u00e1c l\u1ef1a ch\u1ecdn, ch\u1eb3ng h\u1ea1n nh\u01b0 \u0111\u1eb7t c\u01b0\u1ee3c mi\u1ec5n ph\u00ed, kh\u00f4ng c\u00f3 ti\u1ec1n th\u01b0\u1edfng ti\u1ec1n g\u1eedi. V\u00e0 h\u01b0\u1edbng d\u1eabn \u0111\u01b0\u1ee3c cung c\u1ea5p cho c\u00e1c n\u01b0\u1edbc Ch\u00e2u \u00c2u. C\u00f4ng ty tr\u00f2 ch\u01a1i \u0111\u00e3 \u0111\u0103ng k\u00fd l\u1edbn nh\u1ea5t. Th\u00f4ng b\u00e1o t\u1ed1t nh\u1ea5t \u1edf \u0111\u00e2y. K\u1ebft lu\u1eadn, Ph\u1ea7n th\u01b0\u1edfng c\u1edd b\u1ea1c tr\u1ef1c tuy\u1ebfn cao nh\u1ea5t!\n<h3>Doanh thu c\u1ee7a c\u00f4ng ty tr\u00f2 ch\u01a1i<\/h3>\nNh\u00e0 c\u00e1i cung c\u1ea5p nhi\u1ec1u lo\u1ea1i c\u01b0\u1ee3c. \u0110\u01b0\u1ee3c c\u00f4ng nh\u1eadn \u0111\u1ec3 c\u00f3 th\u00eam ti\u1ec1n th\u01b0\u1edfng. \u0110\u0103ng k\u00fd v\u00e0 s\u1edf h\u1eefu m\u1ed9t c\u00f4ng ty tr\u00f2 ch\u01a1i. Th\u01b0\u1eddng mang \u0111\u1ebfn cho b\u1ea1n. Ph\u1ea7n th\u01b0\u1edfng ch\u00e0o m\u1eebng t\u1ed1t \u0111\u1eb9p. Nhi\u1ec1u nh\u00e0 c\u00e1i \u1edf \u0111\u00f3. C\u1ed1 g\u1eafng thu h\u00fat b\u1ea1n v\u1edbi t\u01b0 c\u00e1ch l\u00e0 m\u1ed9t ng\u01b0\u1eddi ch\u01a1i. Ch\u1ecdn h\u1ecd l\u00e0m c\u00f4ng ty c\u00e1 c\u01b0\u1ee3c. Ch\u01a1i tr\u00f2 ch\u01a1i.\n\nNh\u01b0ng ngay c\u1ea3 khi b\u1ea1n \u0111\u00e3 s\u1eed d\u1ee5ng internet. C\u00e1c nh\u00e0 c\u00e1i \u0111\u00e3 l\u1eabn l\u1ed9n trong m\u1ed9t th\u1eddi gian, v\u00e0 b\u1ea1n c\u0169ng c\u00f3 th\u1ec3 \u1edf trong nhi\u1ec1u t\u00ecnh hu\u1ed1ng. T\u1ea1o \u0111\u00f4 la tr\u00f2 ch\u01a1i. Ho\u1eb7c n\u00f3 c\u00f3 th\u1ec3 l\u00e0 m\u1ed9t cu\u1ed9c \u0111\u1eb7t c\u01b0\u1ee3c mi\u1ec5n ph\u00ed. S\u1eed d\u1ee5ng danh s\u00e1ch ti\u1ec1n th\u01b0\u1edfng h\u1eefu \u00edch c\u1ee7a ch\u00fang t\u00f4i, b\u1ea1n c\u00f3 th\u1ec3 bi\u1ebft ch\u00ednh x\u00e1c. Nh\u00e0 c\u00e1i r\u1ea5t mong b\u1ea1n. Cu\u1ed1i c\u00f9ng, nh\u1eefng ph\u1ea7n th\u01b0\u1edfng hi\u1ec7n c\u00f3 \u0111\u00e3 \u0111\u01b0\u1ee3c nh\u1eadn!\n\n<!-- \/wp:post-content -->","protected":false},"excerpt":{"rendered":"<p>Ti\u1ec1n th\u01b0\u1edfng cho Nh\u00e0 c\u00e1i Ch\u00e2u \u00c2u, Gi\u00fap b\u1ea1n c\u00e1ch nh\u1eadn ph\u1ea7n th\u01b0\u1edfng ch\u00e0o m\u1eebng t\u1ed1t nh\u1ea5t v\u00e0 ti\u1ec1n th\u01b0\u1edfng mi\u1ec5n ph\u00ed<\/p>\n<div class=\"hero-cup-section\">\n<div class=\"row mb-4\">\n<div class=\"col-md-7\">\n<div class=\"section-area\">\n<div class=\"section-list\">\n<li style=\"text-align: left\"><img decoding=\"async\" src=\"https:\/\/www.freebetbest.com\/wp-content\/uploads\/2021\/06\/tick.png\" alt=\"C\u00e1c m\u00f4n th\u1ec3 thao\"> Casino th\u1ec3 thao ti\u1ec1n th\u01b0\u1edfng ch\u00e0o m\u1eebng.<\/li>\n<li style=\"text-align: left\"><img decoding=\"async\" src=\"https:\/\/www.freebetbest.com\/wp-content\/uploads\/2021\/06\/tick.png\" alt=\"cung c\u1ea5p tr\u00f2 ch\u01a1i\"> \u01afu \u0111\u00e3i v\u00e0 khuy\u1ebfn m\u00e3i c\u1ee7a nh\u00e0 c\u00e1i tr\u1ef1c tuy\u1ebfn.<\/li>\n<li style=\"text-align: left\"><img decoding=\"async\" src=\"https:\/\/www.freebetbest.com\/wp-content\/uploads\/2021\/06\/tick.png\" alt=\"cung c\u1ea5p tr\u00f2 ch\u01a1i\"> C\u00e1c nh\u00e0 c\u00e1i tr\u1ef1c tuy\u1ebfn t\u1ed1t nh\u1ea5t m\u00e0 b\u1ea1n c\u00f3 th\u1ec3 tin t\u01b0\u1edfng.<\/li>\n<li style=\"text-align: left\"><img decoding=\"async\" src=\"https:\/\/www.freebetbest.com\/wp-content\/uploads\/2021\/06\/tick.png\" alt=\"C\u00f3 th\u1ea9m quy\u1ec1n\"> \u0110\u00e1nh gi\u00e1 c\u00f3 th\u1ea9m quy\u1ec1n An to\u00e0n \u0111\u00e1ng tin c\u1eady.<\/li>\n<li style=\"text-align: left\"><img decoding=\"async\" src=\"https:\/\/www.freebetbest.com\/wp-content\/uploads\/2021\/06\/tick.png\" alt=\"R\u00fat ti\u1ec1n nhanh ch\u00f3ng\"> H\u1ed7 tr\u1ee3 APP di \u0111\u1ed9ng, R\u00fat ti\u1ec1n nhanh ch\u00f3ng.<\/li>\n<li style=\"text-align: left\"><img decoding=\"async\" src=\"https:\/\/www.freebetbest.com\/wp-content\/uploads\/2021\/06\/tick.png\" alt=\"H\u1ed7 tr\u1ee3 kh\u00e1ch h\u00e0ng\"> H\u1ed7 tr\u1ee3 kh\u00e1ch h\u00e0ng: 365 ng\u00e0y, 24 gi\u1edd m\u1ed9t ng\u00e0y.<\/li>\n<\/div>\n<\/div>\n<\/div>\n<div class=\"col-md-5\">\n<div class=\"cup-img\"><img decoding=\"async\" src=\"https:\/\/www.freebetbest.com\/wp-content\/uploads\/2021\/06\/Europe.png\" alt=\"freebetbest\"><\/div>\n<\/div>\n<\/div>\n","protected":false},"author":1,"featured_media":125278,"parent":0,"menu_order":0,"comment_status":"closed","ping_status":"closed","template":"europe-template.php","meta":{"footnotes":""},"class_list":["post-129281","page","type-page","status-publish","has-post-thumbnail","hentry"],"yoast_head":"<!-- This site is optimized with the Yoast SEO Premium plugin v19.5 (Yoast SEO v27.5) - https:\/\/yoast.com\/product\/yoast-seo-premium-wordpress\/ -->\n<title>Ti\u1ec1n th\u01b0\u1edfng cho nh\u00e0 c\u00e1i Ch\u00e2u \u00c2u , \u01afu \u0111\u00e3i \u0111\u0103ng k\u00fd. Trang web An to\u00e0n &amp; B\u1ea3o m\u1eadt.<\/title>\n<meta name=\"description\" content=\"Ti\u1ec1n th\u01b0\u1edfng cho nh\u00e0 c\u00e1i Ch\u00e2u \u00c2u , Ti\u1ec1n th\u01b0\u1edfng g\u1eedi ti\u1ec1n l\u1ea7n \u0111\u1ea7u, Ti\u1ec1n th\u01b0\u1edfng \u0111\u1eb7t c\u01b0\u1ee3c mi\u1ec5n ph\u00ed Kh\u00f4ng c\u00f3 ti\u1ec1n g\u1eedi \uff0c \u01afu \u0111\u00e3i khi \u0111\u0103ng k\u00fd. Trang web An to\u00e0n &amp; B\u1ea3o m\u1eadt. Ti\u1ec1n th\u01b0\u1edfng ch\u00e0o m\u1eebng cao nh\u1ea5t\" \/>\n<meta name=\"robots\" content=\"index, follow, max-snippet:-1, max-image-preview:large, max-video-preview:-1\" \/>\n<link rel=\"canonical\" href=\"https:\/\/www.freebetbest.com\/vi\/ti%e1%bb%81n-th%c6%b0%e1%bb%9fng-cho-nh%c3%a0-c%c3%a1i-ch%c3%a2u-%c3%82u\/\" \/>\n<meta property=\"og:locale\" content=\"vi_VN\" \/>\n<meta property=\"og:type\" content=\"article\" \/>\n<meta property=\"og:title\" content=\"Ti\u1ec1n th\u01b0\u1edfng cho nh\u00e0 c\u00e1i Ch\u00e2u \u00c2u\" \/>\n<meta property=\"og:description\" content=\"Ti\u1ec1n th\u01b0\u1edfng cho nh\u00e0 c\u00e1i Ch\u00e2u \u00c2u , Ti\u1ec1n th\u01b0\u1edfng g\u1eedi ti\u1ec1n l\u1ea7n \u0111\u1ea7u, Ti\u1ec1n th\u01b0\u1edfng \u0111\u1eb7t c\u01b0\u1ee3c mi\u1ec5n ph\u00ed Kh\u00f4ng c\u00f3 ti\u1ec1n g\u1eedi \uff0c \u01afu \u0111\u00e3i khi \u0111\u0103ng k\u00fd. Trang web An to\u00e0n &amp; B\u1ea3o m\u1eadt. Ti\u1ec1n th\u01b0\u1edfng ch\u00e0o m\u1eebng cao nh\u1ea5t\" \/>\n<meta property=\"og:url\" content=\"https:\/\/www.freebetbest.com\/vi\/ti%e1%bb%81n-th%c6%b0%e1%bb%9fng-cho-nh%c3%a0-c%c3%a1i-ch%c3%a2u-%c3%82u\/\" \/>\n<meta property=\"og:site_name\" content=\"Nh\u00e0 c\u00e1i c\u00e1 c\u01b0\u1ee3c tr\u1ef1c tuy\u1ebfn t\u1ed1t nh\u1ea5t | C\u00e1 C\u01b0\u1ee3c b\u00f3ng \u0111\u00e1 online t\u1ed1t nh\u1ea5t | Th\u00f4ng tin c\u00e1 c\u01b0\u1ee3c mi\u1ec5n ph\u00ed.\" \/>\n<meta property=\"article:modified_time\" content=\"2021-07-28T19:56:03+00:00\" \/>\n<meta property=\"og:image\" content=\"https:\/\/www.freebetbest.com\/wp-content\/uploads\/2021\/06\/Bookmakers-scaled.jpg\" \/>\n\t<meta property=\"og:image:width\" content=\"417\" \/>\n\t<meta property=\"og:image:height\" content=\"180\" \/>\n\t<meta property=\"og:image:type\" content=\"image\/jpeg\" \/>\n<meta name=\"twitter:card\" content=\"summary_large_image\" \/>\n<meta name=\"twitter:label1\" content=\"Est. reading time\" \/>\n\t<meta name=\"twitter:data1\" content=\"3 minutes\" \/>\n<script type=\"application\/ld+json\" class=\"yoast-schema-graph\">{\"@context\":\"https:\\\/\\\/schema.org\",\"@graph\":[{\"@type\":\"WebPage\",\"@id\":\"https:\\\/\\\/www.freebetbest.com\\\/vi\\\/ti%e1%bb%81n-th%c6%b0%e1%bb%9fng-cho-nh%c3%a0-c%c3%a1i-ch%c3%a2u-%c3%82u\\\/\",\"url\":\"https:\\\/\\\/www.freebetbest.com\\\/vi\\\/ti%e1%bb%81n-th%c6%b0%e1%bb%9fng-cho-nh%c3%a0-c%c3%a1i-ch%c3%a2u-%c3%82u\\\/\",\"name\":\"Ti\u1ec1n th\u01b0\u1edfng cho nh\u00e0 c\u00e1i Ch\u00e2u \u00c2u , \u01afu \u0111\u00e3i \u0111\u0103ng k\u00fd. Trang web An to\u00e0n & B\u1ea3o m\u1eadt.\",\"isPartOf\":{\"@id\":\"https:\\\/\\\/www.freebetbest.com\\\/vi\\\/#website\"},\"primaryImageOfPage\":{\"@id\":\"https:\\\/\\\/www.freebetbest.com\\\/vi\\\/ti%e1%bb%81n-th%c6%b0%e1%bb%9fng-cho-nh%c3%a0-c%c3%a1i-ch%c3%a2u-%c3%82u\\\/#primaryimage\"},\"image\":{\"@id\":\"https:\\\/\\\/www.freebetbest.com\\\/vi\\\/ti%e1%bb%81n-th%c6%b0%e1%bb%9fng-cho-nh%c3%a0-c%c3%a1i-ch%c3%a2u-%c3%82u\\\/#primaryimage\"},\"thumbnailUrl\":\"https:\\\/\\\/www.freebetbest.com\\\/wp-content\\\/uploads\\\/2021\\\/06\\\/Bookmakers-scaled.jpg\",\"datePublished\":\"2021-06-10T11:36:03+00:00\",\"dateModified\":\"2021-07-28T19:56:03+00:00\",\"description\":\"Ti\u1ec1n th\u01b0\u1edfng cho nh\u00e0 c\u00e1i Ch\u00e2u \u00c2u , Ti\u1ec1n th\u01b0\u1edfng g\u1eedi ti\u1ec1n l\u1ea7n \u0111\u1ea7u, Ti\u1ec1n th\u01b0\u1edfng \u0111\u1eb7t c\u01b0\u1ee3c mi\u1ec5n ph\u00ed Kh\u00f4ng c\u00f3 ti\u1ec1n g\u1eedi \uff0c \u01afu \u0111\u00e3i khi \u0111\u0103ng k\u00fd. Trang web An to\u00e0n & B\u1ea3o m\u1eadt. Ti\u1ec1n th\u01b0\u1edfng ch\u00e0o m\u1eebng cao nh\u1ea5t\",\"breadcrumb\":{\"@id\":\"https:\\\/\\\/www.freebetbest.com\\\/vi\\\/ti%e1%bb%81n-th%c6%b0%e1%bb%9fng-cho-nh%c3%a0-c%c3%a1i-ch%c3%a2u-%c3%82u\\\/#breadcrumb\"},\"inLanguage\":\"vi-VN\",\"potentialAction\":[{\"@type\":\"ReadAction\",\"target\":[\"https:\\\/\\\/www.freebetbest.com\\\/vi\\\/ti%e1%bb%81n-th%c6%b0%e1%bb%9fng-cho-nh%c3%a0-c%c3%a1i-ch%c3%a2u-%c3%82u\\\/\"]}]},{\"@type\":\"ImageObject\",\"inLanguage\":\"vi-VN\",\"@id\":\"https:\\\/\\\/www.freebetbest.com\\\/vi\\\/ti%e1%bb%81n-th%c6%b0%e1%bb%9fng-cho-nh%c3%a0-c%c3%a1i-ch%c3%a2u-%c3%82u\\\/#primaryimage\",\"url\":\"https:\\\/\\\/www.freebetbest.com\\\/wp-content\\\/uploads\\\/2021\\\/06\\\/Bookmakers-scaled.jpg\",\"contentUrl\":\"https:\\\/\\\/www.freebetbest.com\\\/wp-content\\\/uploads\\\/2021\\\/06\\\/Bookmakers-scaled.jpg\",\"width\":417,\"height\":180,\"caption\":\"Ti\u1ec1n th\u01b0\u1edfng cho nh\u00e0 c\u00e1i Trung Qu\u1ed1c\"},{\"@type\":\"BreadcrumbList\",\"@id\":\"https:\\\/\\\/www.freebetbest.com\\\/vi\\\/ti%e1%bb%81n-th%c6%b0%e1%bb%9fng-cho-nh%c3%a0-c%c3%a1i-ch%c3%a2u-%c3%82u\\\/#breadcrumb\",\"itemListElement\":[{\"@type\":\"ListItem\",\"position\":1,\"name\":\"Home\",\"item\":\"https:\\\/\\\/www.freebetbest.com\\\/vi\\\/\"},{\"@type\":\"ListItem\",\"position\":2,\"name\":\"Ti\u1ec1n th\u01b0\u1edfng cho nh\u00e0 c\u00e1i Ch\u00e2u \u00c2u\"}]},{\"@type\":\"WebSite\",\"@id\":\"https:\\\/\\\/www.freebetbest.com\\\/vi\\\/#website\",\"url\":\"https:\\\/\\\/www.freebetbest.com\\\/vi\\\/\",\"name\":\"Nh\u00e0 c\u00e1i c\u00e1 c\u01b0\u1ee3c tr\u1ef1c tuy\u1ebfn t\u1ed1t nh\u1ea5t | C\u00e1 C\u01b0\u1ee3c b\u00f3ng \u0111\u00e1 online t\u1ed1t nh\u1ea5t | Th\u00f4ng tin c\u00e1 c\u01b0\u1ee3c mi\u1ec5n ph\u00ed.\",\"description\":\"Nh\u00e0 c\u00e1i c\u00e1 c\u01b0\u1ee3c tr\u1ef1c tuy\u1ebfn t\u1ed1t nh\u1ea5t, C\u1ed5ng \u0111\u00e1nh b\u1ea1c h\u00e0ng \u0111\u1ea7u th\u1ebf gi\u1edbi, Cung c\u1ea5p th\u1ec3 thao, s\u00f2ng b\u1ea1c, poker, c\u00e1 c\u01b0\u1ee3c l\u00f4 t\u00f4 & di \u0111\u1ed9ng, Th\u00f4ng tin c\u00e1 c\u01b0\u1ee3c mi\u1ec5n ph\u00ed. Nh\u00e0 c\u00e1i c\u00e1 c\u01b0\u1ee3c tr\u1ef1c tuy\u1ebfn t\u1ed1t nh\u1ea5t Vi\u1ec7t Nam\",\"publisher\":{\"@id\":\"https:\\\/\\\/www.freebetbest.com\\\/vi\\\/#\\\/schema\\\/person\\\/292684ccf388a2362d507874c5b80a69\"},\"potentialAction\":[{\"@type\":\"SearchAction\",\"target\":{\"@type\":\"EntryPoint\",\"urlTemplate\":\"https:\\\/\\\/www.freebetbest.com\\\/vi\\\/?s={search_term_string}\"},\"query-input\":{\"@type\":\"PropertyValueSpecification\",\"valueRequired\":true,\"valueName\":\"search_term_string\"}}],\"inLanguage\":\"vi-VN\"},{\"@type\":[\"Person\",\"Organization\"],\"@id\":\"https:\\\/\\\/www.freebetbest.com\\\/vi\\\/#\\\/schema\\\/person\\\/292684ccf388a2362d507874c5b80a69\",\"name\":\"\u7ba1\u7406\",\"image\":{\"@type\":\"ImageObject\",\"inLanguage\":\"vi-VN\",\"@id\":\"https:\\\/\\\/www.freebetbest.com\\\/wp-content\\\/litespeed\\\/avatar\\\/49696b52fb15293a2168c14964fdd8b9.jpg?ver=1778044739\",\"url\":\"https:\\\/\\\/www.freebetbest.com\\\/wp-content\\\/litespeed\\\/avatar\\\/49696b52fb15293a2168c14964fdd8b9.jpg?ver=1778044739\",\"contentUrl\":\"https:\\\/\\\/www.freebetbest.com\\\/wp-content\\\/litespeed\\\/avatar\\\/49696b52fb15293a2168c14964fdd8b9.jpg?ver=1778044739\",\"caption\":\"\u7ba1\u7406\"},\"logo\":{\"@id\":\"https:\\\/\\\/www.freebetbest.com\\\/wp-content\\\/litespeed\\\/avatar\\\/49696b52fb15293a2168c14964fdd8b9.jpg?ver=1778044739\"},\"sameAs\":[\"admin\"]}]}<\/script>\n<!-- \/ Yoast SEO Premium plugin. -->","yoast_head_json":{"title":"Ti\u1ec1n th\u01b0\u1edfng cho nh\u00e0 c\u00e1i Ch\u00e2u \u00c2u , \u01afu \u0111\u00e3i \u0111\u0103ng k\u00fd. Trang web An to\u00e0n & B\u1ea3o m\u1eadt.","description":"Ti\u1ec1n th\u01b0\u1edfng cho nh\u00e0 c\u00e1i Ch\u00e2u \u00c2u , Ti\u1ec1n th\u01b0\u1edfng g\u1eedi ti\u1ec1n l\u1ea7n \u0111\u1ea7u, Ti\u1ec1n th\u01b0\u1edfng \u0111\u1eb7t c\u01b0\u1ee3c mi\u1ec5n ph\u00ed Kh\u00f4ng c\u00f3 ti\u1ec1n g\u1eedi \uff0c \u01afu \u0111\u00e3i khi \u0111\u0103ng k\u00fd. Trang web An to\u00e0n & B\u1ea3o m\u1eadt. Ti\u1ec1n th\u01b0\u1edfng ch\u00e0o m\u1eebng cao nh\u1ea5t","robots":{"index":"index","follow":"follow","max-snippet":"max-snippet:-1","max-image-preview":"max-image-preview:large","max-video-preview":"max-video-preview:-1"},"canonical":"https:\/\/www.freebetbest.com\/vi\/ti%e1%bb%81n-th%c6%b0%e1%bb%9fng-cho-nh%c3%a0-c%c3%a1i-ch%c3%a2u-%c3%82u\/","og_locale":"vi_VN","og_type":"article","og_title":"Ti\u1ec1n th\u01b0\u1edfng cho nh\u00e0 c\u00e1i Ch\u00e2u \u00c2u","og_description":"Ti\u1ec1n th\u01b0\u1edfng cho nh\u00e0 c\u00e1i Ch\u00e2u \u00c2u , Ti\u1ec1n th\u01b0\u1edfng g\u1eedi ti\u1ec1n l\u1ea7n \u0111\u1ea7u, Ti\u1ec1n th\u01b0\u1edfng \u0111\u1eb7t c\u01b0\u1ee3c mi\u1ec5n ph\u00ed Kh\u00f4ng c\u00f3 ti\u1ec1n g\u1eedi \uff0c \u01afu \u0111\u00e3i khi \u0111\u0103ng k\u00fd. Trang web An to\u00e0n & B\u1ea3o m\u1eadt. Ti\u1ec1n th\u01b0\u1edfng ch\u00e0o m\u1eebng cao nh\u1ea5t","og_url":"https:\/\/www.freebetbest.com\/vi\/ti%e1%bb%81n-th%c6%b0%e1%bb%9fng-cho-nh%c3%a0-c%c3%a1i-ch%c3%a2u-%c3%82u\/","og_site_name":"Nh\u00e0 c\u00e1i c\u00e1 c\u01b0\u1ee3c tr\u1ef1c tuy\u1ebfn t\u1ed1t nh\u1ea5t | C\u00e1 C\u01b0\u1ee3c b\u00f3ng \u0111\u00e1 online t\u1ed1t nh\u1ea5t | Th\u00f4ng tin c\u00e1 c\u01b0\u1ee3c mi\u1ec5n ph\u00ed.","article_modified_time":"2021-07-28T19:56:03+00:00","og_image":[{"width":417,"height":180,"url":"https:\/\/www.freebetbest.com\/wp-content\/uploads\/2021\/06\/Bookmakers-scaled.jpg","type":"image\/jpeg"}],"twitter_card":"summary_large_image","twitter_misc":{"Est. reading time":"3 minutes"},"schema":{"@context":"https:\/\/schema.org","@graph":[{"@type":"WebPage","@id":"https:\/\/www.freebetbest.com\/vi\/ti%e1%bb%81n-th%c6%b0%e1%bb%9fng-cho-nh%c3%a0-c%c3%a1i-ch%c3%a2u-%c3%82u\/","url":"https:\/\/www.freebetbest.com\/vi\/ti%e1%bb%81n-th%c6%b0%e1%bb%9fng-cho-nh%c3%a0-c%c3%a1i-ch%c3%a2u-%c3%82u\/","name":"Ti\u1ec1n th\u01b0\u1edfng cho nh\u00e0 c\u00e1i Ch\u00e2u \u00c2u , \u01afu \u0111\u00e3i \u0111\u0103ng k\u00fd. Trang web An to\u00e0n & B\u1ea3o m\u1eadt.","isPartOf":{"@id":"https:\/\/www.freebetbest.com\/vi\/#website"},"primaryImageOfPage":{"@id":"https:\/\/www.freebetbest.com\/vi\/ti%e1%bb%81n-th%c6%b0%e1%bb%9fng-cho-nh%c3%a0-c%c3%a1i-ch%c3%a2u-%c3%82u\/#primaryimage"},"image":{"@id":"https:\/\/www.freebetbest.com\/vi\/ti%e1%bb%81n-th%c6%b0%e1%bb%9fng-cho-nh%c3%a0-c%c3%a1i-ch%c3%a2u-%c3%82u\/#primaryimage"},"thumbnailUrl":"https:\/\/www.freebetbest.com\/wp-content\/uploads\/2021\/06\/Bookmakers-scaled.jpg","datePublished":"2021-06-10T11:36:03+00:00","dateModified":"2021-07-28T19:56:03+00:00","description":"Ti\u1ec1n th\u01b0\u1edfng cho nh\u00e0 c\u00e1i Ch\u00e2u \u00c2u , Ti\u1ec1n th\u01b0\u1edfng g\u1eedi ti\u1ec1n l\u1ea7n \u0111\u1ea7u, Ti\u1ec1n th\u01b0\u1edfng \u0111\u1eb7t c\u01b0\u1ee3c mi\u1ec5n ph\u00ed Kh\u00f4ng c\u00f3 ti\u1ec1n g\u1eedi \uff0c \u01afu \u0111\u00e3i khi \u0111\u0103ng k\u00fd. Trang web An to\u00e0n & B\u1ea3o m\u1eadt. Ti\u1ec1n th\u01b0\u1edfng ch\u00e0o m\u1eebng cao nh\u1ea5t","breadcrumb":{"@id":"https:\/\/www.freebetbest.com\/vi\/ti%e1%bb%81n-th%c6%b0%e1%bb%9fng-cho-nh%c3%a0-c%c3%a1i-ch%c3%a2u-%c3%82u\/#breadcrumb"},"inLanguage":"vi-VN","potentialAction":[{"@type":"ReadAction","target":["https:\/\/www.freebetbest.com\/vi\/ti%e1%bb%81n-th%c6%b0%e1%bb%9fng-cho-nh%c3%a0-c%c3%a1i-ch%c3%a2u-%c3%82u\/"]}]},{"@type":"ImageObject","inLanguage":"vi-VN","@id":"https:\/\/www.freebetbest.com\/vi\/ti%e1%bb%81n-th%c6%b0%e1%bb%9fng-cho-nh%c3%a0-c%c3%a1i-ch%c3%a2u-%c3%82u\/#primaryimage","url":"https:\/\/www.freebetbest.com\/wp-content\/uploads\/2021\/06\/Bookmakers-scaled.jpg","contentUrl":"https:\/\/www.freebetbest.com\/wp-content\/uploads\/2021\/06\/Bookmakers-scaled.jpg","width":417,"height":180,"caption":"Ti\u1ec1n th\u01b0\u1edfng cho nh\u00e0 c\u00e1i Trung Qu\u1ed1c"},{"@type":"BreadcrumbList","@id":"https:\/\/www.freebetbest.com\/vi\/ti%e1%bb%81n-th%c6%b0%e1%bb%9fng-cho-nh%c3%a0-c%c3%a1i-ch%c3%a2u-%c3%82u\/#breadcrumb","itemListElement":[{"@type":"ListItem","position":1,"name":"Home","item":"https:\/\/www.freebetbest.com\/vi\/"},{"@type":"ListItem","position":2,"name":"Ti\u1ec1n th\u01b0\u1edfng cho nh\u00e0 c\u00e1i Ch\u00e2u \u00c2u"}]},{"@type":"WebSite","@id":"https:\/\/www.freebetbest.com\/vi\/#website","url":"https:\/\/www.freebetbest.com\/vi\/","name":"Nh\u00e0 c\u00e1i c\u00e1 c\u01b0\u1ee3c tr\u1ef1c tuy\u1ebfn t\u1ed1t nh\u1ea5t | C\u00e1 C\u01b0\u1ee3c b\u00f3ng \u0111\u00e1 online t\u1ed1t nh\u1ea5t | Th\u00f4ng tin c\u00e1 c\u01b0\u1ee3c mi\u1ec5n ph\u00ed.","description":"Nh\u00e0 c\u00e1i c\u00e1 c\u01b0\u1ee3c tr\u1ef1c tuy\u1ebfn t\u1ed1t nh\u1ea5t, C\u1ed5ng \u0111\u00e1nh b\u1ea1c h\u00e0ng \u0111\u1ea7u th\u1ebf gi\u1edbi, Cung c\u1ea5p th\u1ec3 thao, s\u00f2ng b\u1ea1c, poker, c\u00e1 c\u01b0\u1ee3c l\u00f4 t\u00f4 & di \u0111\u1ed9ng, Th\u00f4ng tin c\u00e1 c\u01b0\u1ee3c mi\u1ec5n ph\u00ed. Nh\u00e0 c\u00e1i c\u00e1 c\u01b0\u1ee3c tr\u1ef1c tuy\u1ebfn t\u1ed1t nh\u1ea5t Vi\u1ec7t Nam","publisher":{"@id":"https:\/\/www.freebetbest.com\/vi\/#\/schema\/person\/292684ccf388a2362d507874c5b80a69"},"potentialAction":[{"@type":"SearchAction","target":{"@type":"EntryPoint","urlTemplate":"https:\/\/www.freebetbest.com\/vi\/?s={search_term_string}"},"query-input":{"@type":"PropertyValueSpecification","valueRequired":true,"valueName":"search_term_string"}}],"inLanguage":"vi-VN"},{"@type":["Person","Organization"],"@id":"https:\/\/www.freebetbest.com\/vi\/#\/schema\/person\/292684ccf388a2362d507874c5b80a69","name":"\u7ba1\u7406","image":{"@type":"ImageObject","inLanguage":"vi-VN","@id":"https:\/\/www.freebetbest.com\/wp-content\/litespeed\/avatar\/49696b52fb15293a2168c14964fdd8b9.jpg?ver=1778044739","url":"https:\/\/www.freebetbest.com\/wp-content\/litespeed\/avatar\/49696b52fb15293a2168c14964fdd8b9.jpg?ver=1778044739","contentUrl":"https:\/\/www.freebetbest.com\/wp-content\/litespeed\/avatar\/49696b52fb15293a2168c14964fdd8b9.jpg?ver=1778044739","caption":"\u7ba1\u7406"},"logo":{"@id":"https:\/\/www.freebetbest.com\/wp-content\/litespeed\/avatar\/49696b52fb15293a2168c14964fdd8b9.jpg?ver=1778044739"},"sameAs":["admin"]}]}},"_links":{"self":[{"href":"https:\/\/www.freebetbest.com\/vi\/wp-json\/wp\/v2\/pages\/129281","targetHints":{"allow":["GET"]}}],"collection":[{"href":"https:\/\/www.freebetbest.com\/vi\/wp-json\/wp\/v2\/pages"}],"about":[{"href":"https:\/\/www.freebetbest.com\/vi\/wp-json\/wp\/v2\/types\/page"}],"author":[{"embeddable":true,"href":"https:\/\/www.freebetbest.com\/vi\/wp-json\/wp\/v2\/users\/1"}],"replies":[{"embeddable":true,"href":"https:\/\/www.freebetbest.com\/vi\/wp-json\/wp\/v2\/comments?post=129281"}],"version-history":[{"count":0,"href":"https:\/\/www.freebetbest.com\/vi\/wp-json\/wp\/v2\/pages\/129281\/revisions"}],"wp:featuredmedia":[{"embeddable":true,"href":"https:\/\/www.freebetbest.com\/vi\/wp-json\/wp\/v2\/media\/125278"}],"wp:attachment":[{"href":"https:\/\/www.freebetbest.com\/vi\/wp-json\/wp\/v2\/media?parent=129281"}],"curies":[{"name":"wp","href":"https:\/\/api.w.org\/{rel}","templated":true}]}}