{"id":4485,"date":"2019-06-14T08:55:11","date_gmt":"2019-06-14T08:55:11","guid":{"rendered":"https:\/\/www.freebetbest.com\/homepage\/"},"modified":"2021-07-30T16:52:23","modified_gmt":"2021-07-30T16:52:23","slug":"melhores-casas-de-apostas","status":"publish","type":"page","link":"https:\/\/www.freebetbest.com\/pt-pt\/","title":{"rendered":"P\u00e1gina inicial"},"content":{"rendered":"<h2>O melhor site de apostas online. Melhores casas de apostas<\/h2>\n<p>A casa de apostas online recomendamos, atrav\u00e9s das nossas casas de apostas experientes, recomendar-lhe as melhores casas de apostas. Para n\u00e3o desperdi\u00e7\u00e1-lo quando n\u00e3o pode registar-se. Sua conta de apostas. Tempo passado com casas de apostas online. Acima, ver\u00e3o a nossa funda\u00e7\u00e3o. Em conclus\u00e3o, todos os sites de apostas asi\u00e1ticos s\u00e3o classificados de acordo com os crit\u00e9rios mais importantes.<\/p>\n<p>A nossa lista de empresas de <a href=\"https:\/\/www.freebetsinfo.co.uk\/asia-bookmakers\/\">apostas online,<\/a> que est\u00e3o dispon\u00edveis para o mundo. Detalhes importantes sobre cada aposta. Para fornecer-lhe um site multil\u00edngue, clique no \u00edcone de idioma acima ou abaixo. Podes mudar para a tua l\u00edngua preferida.<\/p>\n<h2>Op\u00e7\u00f5es banc\u00e1rias para <a href=\"https:\/\/www.freebetbest.com\/pt-pt\/sites-de-apostas\/\">apostas desportivas online.<\/a><\/h2>\n<p>Para concluir, poder\u00e1 s\u00ea-lo sem esfor\u00e7o. Pague pagamentos e levantamentos sem taxas. N\u00f3s defendemos. As empresas de jogos fornecem pagamentos r\u00e1pidos, protegem a banca de consumo e a credibilidade.<\/p>\n<p>N\u00f3s s\u00f3 recomendamos. Tecnologia moderna de encripta\u00e7\u00e3o avan\u00e7ada. Sites de jogos online, para que possa ter certeza. Os seus factos espec\u00edficos s\u00e3o seguros.<\/p>\n<p>A maioria dos sites de jogos online. Todos usam uma variedade de m\u00e9todos de pagamento, incluindo cart\u00f5es de cr\u00e9dito, PayPal e at\u00e9 mesmo Bitcoin. Para concluir, se n\u00e3o tem a certeza do que mais lhe conv\u00e9m, fizemos a escolha financeira mais famosa. Est\u00e1 montado um guia de autoajuda para os clientes.<\/p>\n<h3>Como avaliar as melhores casas de apostas online<\/h3>\n<p>Classificamos as casas de apostas com base em alguns aspetos importantes. Isto \u00e9 o que procuramos:<\/p>\n<h3>Pagamento de jogo aprovado<\/h3>\n<p>N\u00f3s apenas defendemos. Certificado por autoridades nacionais como o Casino do Reino Unido (UKGC). Em conclus\u00e3o, um dos sites de apostas mais seguros. Para garantir uma boa qualidade e fiabilidade.<\/p>\n<h3>Mercado de apostas de atividades desportivas emocionantes<\/h3>\n<p>Uma vasta gama de atividades desportivas. Alternativas s\u00e3o necess\u00e1rias, assumimos algo como futebol. Em conclus\u00e3o, h\u00e1 muitas apostas em desportos l\u00edderes. Quando vamos valorizar o mercado. Quando colocados em qualquer lugar, queremos ter certeza de que voc\u00ea pode descontar<\/p>\n<h3>Apostas e promo\u00e7\u00f5es gratuitas em destaque<\/h3>\n<p>Em conclus\u00e3o, b\u00f3nus de primeiro dep\u00f3sito eficaz. \u00c9 uma boa t\u00e9cnica de partida. Tamb\u00e9m lhe fornecemos os normais. Apostas gratuitas, aumento acumulador e fidelidade. Site de apostas na Internet para transa\u00e7\u00f5es de b\u00f3nus.<\/p>\n<h3>Apoio ao Cliente<\/h3>\n<p>Qualquer bom apostador. Deve ser providenciado para si. Valioso e profissional apoio ao cliente. Comparamos casas de apostas. N\u00edvel de ajuda e qualidade de servi\u00e7o.<\/p>\n<h3>Melhor banca de casas de apostas<\/h3>\n<p>S\u00f3 promovemos a conformidade. Prote\u00e7\u00e3o dos procedimentos banc\u00e1rios comerciais. Neg\u00f3cio de apostas desportivas online. Quer o seu acordo espec\u00edfico. Os detalhes s\u00e3o seguros, ent\u00e3o levamos isto muito a s\u00e9rio.<\/p>\n<h3>aplica\u00e7\u00e3o m\u00f3vel<\/h3>\n<p>Gostamos de ti na casa de apostas da Internet. Obtenha as classifica\u00e7\u00f5es mais altas no Android e iOS. Encontre excelentes aplicativos celulares. Se estiver no trabalho. Ou apostar em movimento, precisa de acesso instant\u00e2neo via telem\u00f3vel.<\/p>\n<h3>Melhores casas de apostas ao vivo<\/h3>\n<p>Apostas instant\u00e2neas significam. Podes adivinhar imediatamente, e nunca vais perder o pontap\u00e9 de sa\u00edda. E perca a maravilhosa aposta! Pode tamb\u00e9m. Responda aos jogos online porque v\u00e3o apostar para o desporto. Fornecer novas recompensas.<\/p>\n<h3>Produ\u00e7\u00e3o parcial do rendimento<\/h3>\n<p>Se a sua aposta. Parece lucrativo e pode descontar com anteced\u00eancia. E continuar a ganhar rendimento sem atrasar o objetivo. E destrua a sua escolha. A retirada parcial dos fundos \u00e9 ainda melhor porque se pode travar os lucros. Em conclus\u00e3o, e deixe parte da sua aposta correr. Para ver se cai.<\/p>\n<h3>Melhores casas de apostas Continuam a ser transmitidos<\/h3>\n<p>Quando se tem menos dinheiro, n\u00e3o se pode vencer eventos desportivos ao vivo, e o streaming \u00e9 fornecido. As casas de apostas com notas de cr\u00e9dito tamb\u00e9m s\u00e3o muito boas. Aproxima-te da atividade e podes fazer melhores apostas enquanto desfrutas.<\/p>\n<h3>Depois apostas desportivas online. Como \u00e9 que funciona?<\/h3>\n<p>\u00c9 f\u00e1cil! Uma vez que tenha criado um. Conta de apostas baseada na Internet e inseri-la para aprender sobre atividades desportivas. E selecione um evento. Escolha um dos v\u00e1rios cen\u00e1rios para ver todos os mercados de negocia\u00e7\u00e3o de jogo prontos. E as suas oportunidades pessoais. Toque uma apresenta\u00e7\u00e3o de diapositivos para si. Introduza uma vari\u00e1vel, introduza uma soma e clique em &#8220;Verificar&#8221; para colocar o seu palpite.<\/p>\n<h3>As apostas desportivas na Internet s\u00e3o populares?<\/h3>\n<p>Em atividades desportivas online, com cada vez mais pessoas. Combinando o seu amor por este jogo com apostas, a reputa\u00e7\u00e3o do jogo continua a aumentar em todo o mundo. Nos Estados Unidos, o mais famoso projeto de apostas desportivas. \u00c9 futebol americano e basebol.<\/p>\n<h3>Qual \u00e9 o melhor site de apostas de atividade desportiva?<\/h3>\n<p>Estamos em v\u00e1rios fatores. Exemplos incluem os melhores pre\u00e7os, b\u00f3nus e banca de consumo. Pela alternativa. Sites de apostas desportivas idealmente classificados. Pode ler aqui. Cr\u00edticas de casas de apostas verdadeiras para ajud\u00e1-lo a encontrar. Em conclus\u00e3o, Recomendado por profissionais. Melhor site de jogo.<\/p>\n<p><!-- \/wp:post-content --><\/p>\n<p><!-- wp:paragraph \/--><\/p>\n","protected":false},"excerpt":{"rendered":"<p>O melhor site de apostas online. Melhores casas de apostas A casa de apostas online recomendamos, atrav\u00e9s das nossas casas de apostas experientes, recomendar-lhe as melhores casas de apostas. Para n\u00e3o desperdi\u00e7\u00e1-lo quando n\u00e3o pode registar-se. Sua conta de apostas. Tempo passado com casas de apostas online. Acima, ver\u00e3o a nossa funda\u00e7\u00e3o. Em conclus\u00e3o, todos [&hellip;]<\/p>\n","protected":false},"author":1,"featured_media":0,"parent":0,"menu_order":0,"comment_status":"closed","ping_status":"closed","template":"","meta":{"footnotes":""},"class_list":["post-4485","page","type-page","status-publish","hentry"],"yoast_head":"<!-- This site is optimized with the Yoast SEO Premium plugin v19.5 (Yoast SEO v27.0) - https:\/\/yoast.com\/product\/yoast-seo-premium-wordpress\/ -->\n<title>Aposta Gr\u00e1tis | Cassino online | Apostas de futebol | Melhor Aposta Gr\u00e1tis<\/title>\n<meta name=\"description\" content=\"Melhores casas de apostas online,Ofertas de esportes, casino, poker, bingo &amp; mobile apostas, Promo\u00e7\u00f5es de apostas gr\u00e1tis, Sem Dep\u00f3sito Gr\u00e1tis Aposta. Site de apostas online.\" \/>\n<meta name=\"robots\" content=\"index, follow, max-snippet:-1, max-image-preview:large, max-video-preview:-1\" \/>\n<link rel=\"canonical\" href=\"https:\/\/www.freebetbest.com\/pt-pt\/\" \/>\n<meta property=\"og:locale\" content=\"pt_PT\" \/>\n<meta property=\"og:type\" content=\"article\" \/>\n<meta property=\"og:title\" content=\"P\u00e1gina inicial\" \/>\n<meta property=\"og:description\" content=\"Melhores casas de apostas online,Ofertas de esportes, casino, poker, bingo &amp; mobile apostas, Promo\u00e7\u00f5es de apostas gr\u00e1tis, Sem Dep\u00f3sito Gr\u00e1tis Aposta. Site de apostas online.\" \/>\n<meta property=\"og:url\" content=\"https:\/\/www.freebetbest.com\/pt-pt\/\" \/>\n<meta property=\"og:site_name\" content=\"Aposta Gr\u00e1tis | Cassino online | Apostas de futebol | Melhor Aposta Gr\u00e1tis\" \/>\n<meta property=\"article:modified_time\" content=\"2021-07-30T16:52:23+00:00\" \/>\n<meta name=\"twitter:card\" content=\"summary_large_image\" \/>\n<meta name=\"twitter:label1\" content=\"Tempo estimado de leitura\" \/>\n\t<meta name=\"twitter:data1\" content=\"4 minutos\" \/>\n<script type=\"application\/ld+json\" class=\"yoast-schema-graph\">{\"@context\":\"https:\/\/schema.org\",\"@graph\":[{\"@type\":\"WebPage\",\"@id\":\"https:\/\/www.freebetbest.com\/pt-pt\/\",\"url\":\"https:\/\/www.freebetbest.com\/pt-pt\/\",\"name\":\"Aposta Gr\u00e1tis | Cassino online | Apostas de futebol | Melhor Aposta Gr\u00e1tis\",\"isPartOf\":{\"@id\":\"https:\/\/www.freebetbest.com\/pt-pt\/#website\"},\"datePublished\":\"2019-06-14T08:55:11+00:00\",\"dateModified\":\"2021-07-30T16:52:23+00:00\",\"description\":\"Melhores casas de apostas online,Ofertas de esportes, casino, poker, bingo & mobile apostas, Promo\u00e7\u00f5es de apostas gr\u00e1tis, Sem Dep\u00f3sito Gr\u00e1tis Aposta. Site de apostas online.\",\"breadcrumb\":{\"@id\":\"https:\/\/www.freebetbest.com\/pt-pt\/#breadcrumb\"},\"inLanguage\":\"pt-PT\",\"potentialAction\":[{\"@type\":\"ReadAction\",\"target\":[\"https:\/\/www.freebetbest.com\/pt-pt\/\"]}]},{\"@type\":\"BreadcrumbList\",\"@id\":\"https:\/\/www.freebetbest.com\/pt-pt\/#breadcrumb\",\"itemListElement\":[{\"@type\":\"ListItem\",\"position\":1,\"name\":\"Home\",\"item\":\"https:\/\/www.freebetbest.com\/pt-pt\/\"},{\"@type\":\"ListItem\",\"position\":2,\"name\":\"P\u00e1gina inicial\"}]},{\"@type\":\"WebSite\",\"@id\":\"https:\/\/www.freebetbest.com\/pt-pt\/#website\",\"url\":\"https:\/\/www.freebetbest.com\/pt-pt\/\",\"name\":\"Aposta Gr\u00e1tis | Cassino online | Apostas de futebol | Melhor Aposta Gr\u00e1tis\",\"description\":\"As melhores casas de apostas on-line, Oferecem esportes, cassino, p\u00f4quer, bingo e apostas m\u00f3veis, Cassino online ,Apostas de futebol, Melhor Aposta Gr\u00e1tis,  Os principais portais de jogos de azar do mundo.\",\"publisher\":{\"@id\":\"https:\/\/www.freebetbest.com\/pt-pt\/#\/schema\/person\/292684ccf388a2362d507874c5b80a69\"},\"potentialAction\":[{\"@type\":\"SearchAction\",\"target\":{\"@type\":\"EntryPoint\",\"urlTemplate\":\"https:\/\/www.freebetbest.com\/pt-pt\/?s={search_term_string}\"},\"query-input\":{\"@type\":\"PropertyValueSpecification\",\"valueRequired\":true,\"valueName\":\"search_term_string\"}}],\"inLanguage\":\"pt-PT\"},{\"@type\":[\"Person\",\"Organization\"],\"@id\":\"https:\/\/www.freebetbest.com\/pt-pt\/#\/schema\/person\/292684ccf388a2362d507874c5b80a69\",\"name\":\"\u7ba1\u7406\",\"image\":{\"@type\":\"ImageObject\",\"inLanguage\":\"pt-PT\",\"@id\":\"https:\/\/www.freebetbest.com\/pt-pt\/#\/schema\/person\/image\/\",\"url\":\"https:\/\/www.freebetbest.com\/wp-content\/litespeed\/avatar\/49696b52fb15293a2168c14964fdd8b9.jpg?ver=1777439934\",\"contentUrl\":\"https:\/\/www.freebetbest.com\/wp-content\/litespeed\/avatar\/49696b52fb15293a2168c14964fdd8b9.jpg?ver=1777439934\",\"caption\":\"\u7ba1\u7406\"},\"logo\":{\"@id\":\"https:\/\/www.freebetbest.com\/pt-pt\/#\/schema\/person\/image\/\"},\"sameAs\":[\"admin\"]}]}<\/script>\n<!-- \/ Yoast SEO Premium plugin. -->","yoast_head_json":{"title":"Aposta Gr\u00e1tis | Cassino online | Apostas de futebol | Melhor Aposta Gr\u00e1tis","description":"Melhores casas de apostas online,Ofertas de esportes, casino, poker, bingo & mobile apostas, Promo\u00e7\u00f5es de apostas gr\u00e1tis, Sem Dep\u00f3sito Gr\u00e1tis Aposta. Site de apostas online.","robots":{"index":"index","follow":"follow","max-snippet":"max-snippet:-1","max-image-preview":"max-image-preview:large","max-video-preview":"max-video-preview:-1"},"canonical":"https:\/\/www.freebetbest.com\/pt-pt\/","og_locale":"pt_PT","og_type":"article","og_title":"P\u00e1gina inicial","og_description":"Melhores casas de apostas online,Ofertas de esportes, casino, poker, bingo & mobile apostas, Promo\u00e7\u00f5es de apostas gr\u00e1tis, Sem Dep\u00f3sito Gr\u00e1tis Aposta. Site de apostas online.","og_url":"https:\/\/www.freebetbest.com\/pt-pt\/","og_site_name":"Aposta Gr\u00e1tis | Cassino online | Apostas de futebol | Melhor Aposta Gr\u00e1tis","article_modified_time":"2021-07-30T16:52:23+00:00","twitter_card":"summary_large_image","twitter_misc":{"Tempo estimado de leitura":"4 minutos"},"schema":{"@context":"https:\/\/schema.org","@graph":[{"@type":"WebPage","@id":"https:\/\/www.freebetbest.com\/pt-pt\/","url":"https:\/\/www.freebetbest.com\/pt-pt\/","name":"Aposta Gr\u00e1tis | Cassino online | Apostas de futebol | Melhor Aposta Gr\u00e1tis","isPartOf":{"@id":"https:\/\/www.freebetbest.com\/pt-pt\/#website"},"datePublished":"2019-06-14T08:55:11+00:00","dateModified":"2021-07-30T16:52:23+00:00","description":"Melhores casas de apostas online,Ofertas de esportes, casino, poker, bingo & mobile apostas, Promo\u00e7\u00f5es de apostas gr\u00e1tis, Sem Dep\u00f3sito Gr\u00e1tis Aposta. Site de apostas online.","breadcrumb":{"@id":"https:\/\/www.freebetbest.com\/pt-pt\/#breadcrumb"},"inLanguage":"pt-PT","potentialAction":[{"@type":"ReadAction","target":["https:\/\/www.freebetbest.com\/pt-pt\/"]}]},{"@type":"BreadcrumbList","@id":"https:\/\/www.freebetbest.com\/pt-pt\/#breadcrumb","itemListElement":[{"@type":"ListItem","position":1,"name":"Home","item":"https:\/\/www.freebetbest.com\/pt-pt\/"},{"@type":"ListItem","position":2,"name":"P\u00e1gina inicial"}]},{"@type":"WebSite","@id":"https:\/\/www.freebetbest.com\/pt-pt\/#website","url":"https:\/\/www.freebetbest.com\/pt-pt\/","name":"Aposta Gr\u00e1tis | Cassino online | Apostas de futebol | Melhor Aposta Gr\u00e1tis","description":"As melhores casas de apostas on-line, Oferecem esportes, cassino, p\u00f4quer, bingo e apostas m\u00f3veis, Cassino online ,Apostas de futebol, Melhor Aposta Gr\u00e1tis,  Os principais portais de jogos de azar do mundo.","publisher":{"@id":"https:\/\/www.freebetbest.com\/pt-pt\/#\/schema\/person\/292684ccf388a2362d507874c5b80a69"},"potentialAction":[{"@type":"SearchAction","target":{"@type":"EntryPoint","urlTemplate":"https:\/\/www.freebetbest.com\/pt-pt\/?s={search_term_string}"},"query-input":{"@type":"PropertyValueSpecification","valueRequired":true,"valueName":"search_term_string"}}],"inLanguage":"pt-PT"},{"@type":["Person","Organization"],"@id":"https:\/\/www.freebetbest.com\/pt-pt\/#\/schema\/person\/292684ccf388a2362d507874c5b80a69","name":"\u7ba1\u7406","image":{"@type":"ImageObject","inLanguage":"pt-PT","@id":"https:\/\/www.freebetbest.com\/pt-pt\/#\/schema\/person\/image\/","url":"https:\/\/www.freebetbest.com\/wp-content\/litespeed\/avatar\/49696b52fb15293a2168c14964fdd8b9.jpg?ver=1777439934","contentUrl":"https:\/\/www.freebetbest.com\/wp-content\/litespeed\/avatar\/49696b52fb15293a2168c14964fdd8b9.jpg?ver=1777439934","caption":"\u7ba1\u7406"},"logo":{"@id":"https:\/\/www.freebetbest.com\/pt-pt\/#\/schema\/person\/image\/"},"sameAs":["admin"]}]}},"_links":{"self":[{"href":"https:\/\/www.freebetbest.com\/pt-pt\/wp-json\/wp\/v2\/pages\/4485","targetHints":{"allow":["GET"]}}],"collection":[{"href":"https:\/\/www.freebetbest.com\/pt-pt\/wp-json\/wp\/v2\/pages"}],"about":[{"href":"https:\/\/www.freebetbest.com\/pt-pt\/wp-json\/wp\/v2\/types\/page"}],"author":[{"embeddable":true,"href":"https:\/\/www.freebetbest.com\/pt-pt\/wp-json\/wp\/v2\/users\/1"}],"replies":[{"embeddable":true,"href":"https:\/\/www.freebetbest.com\/pt-pt\/wp-json\/wp\/v2\/comments?post=4485"}],"version-history":[{"count":0,"href":"https:\/\/www.freebetbest.com\/pt-pt\/wp-json\/wp\/v2\/pages\/4485\/revisions"}],"wp:attachment":[{"href":"https:\/\/www.freebetbest.com\/pt-pt\/wp-json\/wp\/v2\/media?parent=4485"}],"curies":[{"name":"wp","href":"https:\/\/api.w.org\/{rel}","templated":true}]}}