{"id":4483,"date":"2019-06-18T07:42:34","date_gmt":"2019-06-18T07:42:34","guid":{"rendered":"https:\/\/www.freebetbest.com\/apostas-online-de-futebol\/"},"modified":"2021-08-16T04:36:59","modified_gmt":"2021-08-16T04:36:59","slug":"futebol-online-apostas","status":"publish","type":"page","link":"https:\/\/www.freebetbest.com\/pt-pt\/futebol-online-apostas\/","title":{"rendered":"B\u00f3nus de apostas de futebol mais recentes"},"content":{"rendered":"\n<div class=\"text-area__container\">\n<div class=\"text-area__content\">\n<h2>B\u00f3nus de apostas de futebol mais recentes<\/h2>\n\u00daltimo b\u00f3nus de apostas de futebol. O futebol \u00e9 usado. Uma das mais extensas atividades desportivas de equipa, os seus participantes em todos os aspetos. Todo o desejo de estar satisfeito. N\u00e3o s\u00e3o precisos dedos. Passe a bola para a baliza do advers\u00e1rio. Seja nos pa\u00edses da CEI.\n<h3>Muitas casas de apostas apostam no \u00faltimo b\u00f3nus <a href=\"https:\/\/www.freebetbest.com\/pt-pt\/sites-de-apostas\/\">de apostas de futebol<\/a><\/h3>\nA atividade desportiva mais popular do mundo. A melhor escolha nos rankings de pesquisa. Alguns f\u00e3s apostam. Nunca contornem os jogos de basquetebol. E efetivamente ganhar apostas de futebol\n<h3>Bot\u00e3o b\u00f3nus de apostas de futebol mais recente<\/h3>\nApostas de futebol online. Se trabalhar esfor\u00e7adamente, apostar no futebol online. Pode ser a principal fonte de rendimento. Classifica\u00e7\u00e3o de informa\u00e7\u00e3o, avalia\u00e7\u00e3o pr\u00e9-jogo e revis\u00e3o das empresas de apostas. Proporcione-lhe os maiores descontos. Ser\u00e1 a base para escolher uma aposta.\n<h3>Ao considerar a melhor maneira de mais recente b\u00f3nus de apostas de futebol<\/h3>\nLembrem-se que o primeiro grupo ganha. Trauma, doen\u00e7as de aconselhamento, mau estado mental, baixa economia de jogo. Tudo isto \u00e9 f\u00e1cil de mudar. A vit\u00f3ria aparentemente \u00f3bvia. Apostar em uniformes de basquetebol \u00e9 definitivamente um. Uma profiss\u00e3o antiga que pode trazer grande riqueza a muitas pessoas.\n<h3>Para cada jogo de B\u00f3nus de Apostas de Futebol, encontrar\u00e1 apostas previstas.<\/h3>\n\u00c9 necess\u00e1rio considerar o n\u00famero de campe\u00f5es. Em suma, por exemplo, nos Campeonatos Alem\u00e3es na Alemanha, bem como nos jogos do campeonato em Fran\u00e7a e It\u00e1lia, pode ver-se muitos golos. Claro que n\u00e3o teve um bom desempenho. A primeira coisa a considerar nesta atividade\n<h3>O principal guarda-redes do futebol<\/h3>\nAssim como a linha defensiva do jogador e o tipo de recolha de ataque. Resumindo, em circunst\u00e2ncias normais, a falta de defesa dos principais jogadores no \u00faltimo jogo, e mesmo o desempenho insuficiente dos dois avan\u00e7ados, conduzir\u00e1 a um total maior e mais compacto.\n<h3>Em suma, o site de apostas da empresa de apostas<\/h3>\nTodos os f\u00e3s de apostas. Ambos fornecem as condi\u00e7\u00f5es mais simples. A melhor e mais eficaz oportunidade de jogo online. Permite-lhe beneficiar de oportunidades especiais sem trabalho extremo e compras de dinheiro. Pode ganhar rendimento.\n<h3>A chave para o <a href=\"https:\/\/www.freebetsinfo.co.uk\/asia-bookmakers\/\">b\u00f3nus<\/a> de apostas bem-sucedido<\/h3>\nEm conclus\u00e3o, Escolha o jogo e a estrat\u00e9gia financeira mais adequados. Em suma, aumentar\u00e1 significativamente a probabilidade de ganhar o jogador, permitindo-lhe aumentar significativamente o pagamento inicial do apostador.\n<h3>Recompensa incr\u00edvel<\/h3>\nUma das melhores raz\u00f5es para experimentar apostas online. \u00c9 uma excelente oferta de b\u00f3nus adicionais. S\u00f3 procuramos os dispon\u00edveis nas casas de apostas. O maior e maior b\u00f3nus. Estas promo\u00e7\u00f5es de marketing. Ir\u00e1 proporcionar-lhe mais experi\u00eancia em dinheiro, e geralmente tamb\u00e9m incluem outros benef\u00edcios, como apostas gratuitas. Ou quando desistes de apostas de b\u00f3nus extra. Dinheiro garantido de volta.\n<h3>Muitos mercados<\/h3>\nA empresa de apostas de internet mais eficaz. Permitir-lhe-\u00e1 ver de todo o mundo. Apostando em v\u00e1rios eventos e eventos desportivos. O nosso site de apostas favorito. N\u00e3o s\u00f3 permite fazer apostas em eventos que ocorrem em todo o mundo, como tamb\u00e9m lhe permite. Qualquer futebol ou h\u00f3quei que ocorra em outros pa\u00edses\/regi\u00f5es do mundo. Ou outros eventos desportivos para apostas. Quanto mais segmentos de mercado fornecermos, mais prov\u00e1vel \u00e9 a nossa empresa. Fornecer sugest\u00f5es para o site.\n<h3>Primeiro dep\u00f3sito f\u00e1cil<\/h3>\nOs sites de apostas podem possuir. Todas as caracter\u00edsticas dos melhores do mundo, mas a menos que possa facilmente. Deposite dinheiro na sua conta ou n\u00e3o poder\u00e1 aproveit\u00e1-la. O nosso site recomendado. N\u00e3o s\u00f3 para si. V\u00e1rios m\u00e9todos de dep\u00f3sito diferentes, mas tamb\u00e9m fazem o processo financeiro. Mantenha-o o mais simples poss\u00edvel para que possa. Concentre-se em gerar apostas sem se preocupar com o seu dinheiro.\n\n<\/div>\n<\/div>\n","protected":false},"excerpt":{"rendered":"<p>As melhores probabilidades da empresa de apostas para apostas de futebol &#8211; aposte num jogo de futebol e ganhe imediatamente.<\/p>\n<div class=\"hero-cup-section\">\n<div class=\"row mb-4\">\n<div class=\"col-md-7\">\n<div class=\"section-area\">\n<div class=\"section-list\">\n<li style=\"text-align: left\"><img decoding=\"async\" src=\"https:\/\/www.freebetbest.com\/wp-content\/uploads\/2021\/06\/tick.png\" alt=\"Esportes\">  B\u00f3nus de boas-vindas do Casino Desportivo.<\/li>\n<li style=\"text-align: left\"><img decoding=\"async\" src=\"https:\/\/www.freebetbest.com\/wp-content\/uploads\/2021\/06\/tick.png\" alt=\"ofertas de jogos\">  Os corretores online oferecem &amp; promo\u00e7\u00f5es.<\/li>\n<li style=\"text-align: left\"><img decoding=\"async\" src=\"https:\/\/www.freebetbest.com\/wp-content\/uploads\/2021\/06\/tick.png\" alt=\"ofertas de jogos\">  Os melhores apostadores online em que pode confiar.<\/li>\n<li style=\"text-align: left\"><img decoding=\"async\" src=\"https:\/\/www.freebetbest.com\/wp-content\/uploads\/2021\/06\/tick.png\" alt=\"Autorit\u00e1rio\">  Revis\u00e3o autorit\u00e1ria Seguro fi\u00e1vel.<\/li>\n<li style=\"text-align: left\"><img decoding=\"async\" src=\"https:\/\/www.freebetbest.com\/wp-content\/uploads\/2021\/06\/tick.png\" alt=\"Levantamentos r\u00e1pidos\">  Suporte de APLICATIVO M\u00f3vel, Levantamentos R\u00e1pidos.<\/li>\n<li style=\"text-align: left\"><img decoding=\"async\" src=\"https:\/\/www.freebetbest.com\/wp-content\/uploads\/2021\/06\/tick.png\" alt=\"Apoio ao cliente\">  Suporte ao cliente: 365 dias, 24 horas por dia.<\/li>\n<\/div>\n<\/div>\n<\/div>\n<div class=\"col-md-5\">\n<div class=\"cup-img\"><img decoding=\"async\" src=\"https:\/\/www.freebetbest.com\/wp-content\/uploads\/2021\/06\/asia.png\" alt=\"Esportes\"><\/div>\n<\/div>\n<\/div>\n","protected":false},"author":1,"featured_media":4484,"parent":0,"menu_order":0,"comment_status":"closed","ping_status":"closed","template":"template-betting.php","meta":{"footnotes":""},"class_list":["post-4483","page","type-page","status-publish","has-post-thumbnail","hentry"],"yoast_head":"<!-- This site is optimized with the Yoast SEO Premium plugin v19.5 (Yoast SEO v27.0) - https:\/\/yoast.com\/product\/yoast-seo-premium-wordpress\/ -->\n<title>B\u00f3nus de apostas de futebol mais recentes, Promo\u00e7\u00e3o de Dep\u00f3sitos pela primeira vez<\/title>\n<meta name=\"description\" content=\"B\u00f3nus de apostas de futebol mais recentes ,Aposta gr\u00e1tis Sem b\u00f3nus de dep\u00f3sito,welcome First Deposit bonus code, Sign up Bonus code. Melhores probabilidades para apostas desportivas\" \/>\n<meta name=\"robots\" content=\"index, follow, max-snippet:-1, max-image-preview:large, max-video-preview:-1\" \/>\n<link rel=\"canonical\" href=\"https:\/\/www.freebetbest.com\/pt-pt\/futebol-online-apostas\/\" \/>\n<meta property=\"og:locale\" content=\"pt_PT\" \/>\n<meta property=\"og:type\" content=\"article\" \/>\n<meta property=\"og:title\" content=\"B\u00f3nus de apostas de futebol mais recentes\" \/>\n<meta property=\"og:description\" content=\"B\u00f3nus de apostas de futebol mais recentes ,Aposta gr\u00e1tis Sem b\u00f3nus de dep\u00f3sito,welcome First Deposit bonus code, Sign up Bonus code. Melhores probabilidades para apostas desportivas\" \/>\n<meta property=\"og:url\" content=\"https:\/\/www.freebetbest.com\/pt-pt\/futebol-online-apostas\/\" \/>\n<meta property=\"og:site_name\" content=\"Aposta Gr\u00e1tis | Cassino online | Apostas de futebol | Melhor Aposta Gr\u00e1tis\" \/>\n<meta property=\"article:modified_time\" content=\"2021-08-16T04:36:59+00:00\" \/>\n<meta property=\"og:image\" content=\"https:\/\/www.freebetbest.com\/wp-content\/uploads\/2019\/07\/6-60171_football-wallpaper-football-wallpaper-hd.jpg\" \/>\n\t<meta property=\"og:image:width\" content=\"320\" \/>\n\t<meta property=\"og:image:height\" content=\"180\" \/>\n\t<meta property=\"og:image:type\" content=\"image\/jpeg\" \/>\n<meta name=\"twitter:card\" content=\"summary_large_image\" \/>\n<meta name=\"twitter:label1\" content=\"Tempo estimado de leitura\" \/>\n\t<meta name=\"twitter:data1\" content=\"3 minutos\" \/>\n<script type=\"application\/ld+json\" class=\"yoast-schema-graph\">{\"@context\":\"https:\/\/schema.org\",\"@graph\":[{\"@type\":\"WebPage\",\"@id\":\"https:\/\/www.freebetbest.com\/pt-pt\/futebol-online-apostas\/\",\"url\":\"https:\/\/www.freebetbest.com\/pt-pt\/futebol-online-apostas\/\",\"name\":\"B\u00f3nus de apostas de futebol mais recentes, Promo\u00e7\u00e3o de Dep\u00f3sitos pela primeira vez\",\"isPartOf\":{\"@id\":\"https:\/\/www.freebetbest.com\/pt-pt\/#website\"},\"primaryImageOfPage\":{\"@id\":\"https:\/\/www.freebetbest.com\/pt-pt\/futebol-online-apostas\/#primaryimage\"},\"image\":{\"@id\":\"https:\/\/www.freebetbest.com\/pt-pt\/futebol-online-apostas\/#primaryimage\"},\"thumbnailUrl\":\"https:\/\/www.freebetbest.com\/wp-content\/uploads\/2019\/07\/6-60171_football-wallpaper-football-wallpaper-hd.jpg\",\"datePublished\":\"2019-06-18T07:42:34+00:00\",\"dateModified\":\"2021-08-16T04:36:59+00:00\",\"description\":\"B\u00f3nus de apostas de futebol mais recentes ,Aposta gr\u00e1tis Sem b\u00f3nus de dep\u00f3sito,welcome First Deposit bonus code, Sign up Bonus code. Melhores probabilidades para apostas desportivas\",\"breadcrumb\":{\"@id\":\"https:\/\/www.freebetbest.com\/pt-pt\/futebol-online-apostas\/#breadcrumb\"},\"inLanguage\":\"pt-PT\",\"potentialAction\":[{\"@type\":\"ReadAction\",\"target\":[\"https:\/\/www.freebetbest.com\/pt-pt\/futebol-online-apostas\/\"]}]},{\"@type\":\"ImageObject\",\"inLanguage\":\"pt-PT\",\"@id\":\"https:\/\/www.freebetbest.com\/pt-pt\/futebol-online-apostas\/#primaryimage\",\"url\":\"https:\/\/www.freebetbest.com\/wp-content\/uploads\/2019\/07\/6-60171_football-wallpaper-football-wallpaper-hd.jpg\",\"contentUrl\":\"https:\/\/www.freebetbest.com\/wp-content\/uploads\/2019\/07\/6-60171_football-wallpaper-football-wallpaper-hd.jpg\",\"width\":320,\"height\":180,\"caption\":\"B\u00f3nus de apostas de futebol mais recentes\"},{\"@type\":\"BreadcrumbList\",\"@id\":\"https:\/\/www.freebetbest.com\/pt-pt\/futebol-online-apostas\/#breadcrumb\",\"itemListElement\":[{\"@type\":\"ListItem\",\"position\":1,\"name\":\"Home\",\"item\":\"https:\/\/www.freebetbest.com\/pt-pt\/\"},{\"@type\":\"ListItem\",\"position\":2,\"name\":\"B\u00f3nus de apostas de futebol mais recentes\"}]},{\"@type\":\"WebSite\",\"@id\":\"https:\/\/www.freebetbest.com\/pt-pt\/#website\",\"url\":\"https:\/\/www.freebetbest.com\/pt-pt\/\",\"name\":\"Aposta Gr\u00e1tis | Cassino online | Apostas de futebol | Melhor Aposta Gr\u00e1tis\",\"description\":\"As melhores casas de apostas on-line, Oferecem esportes, cassino, p\u00f4quer, bingo e apostas m\u00f3veis, Cassino online ,Apostas de futebol, Melhor Aposta Gr\u00e1tis,  Os principais portais de jogos de azar do mundo.\",\"publisher\":{\"@id\":\"https:\/\/www.freebetbest.com\/pt-pt\/#\/schema\/person\/292684ccf388a2362d507874c5b80a69\"},\"potentialAction\":[{\"@type\":\"SearchAction\",\"target\":{\"@type\":\"EntryPoint\",\"urlTemplate\":\"https:\/\/www.freebetbest.com\/pt-pt\/?s={search_term_string}\"},\"query-input\":{\"@type\":\"PropertyValueSpecification\",\"valueRequired\":true,\"valueName\":\"search_term_string\"}}],\"inLanguage\":\"pt-PT\"},{\"@type\":[\"Person\",\"Organization\"],\"@id\":\"https:\/\/www.freebetbest.com\/pt-pt\/#\/schema\/person\/292684ccf388a2362d507874c5b80a69\",\"name\":\"\u7ba1\u7406\",\"image\":{\"@type\":\"ImageObject\",\"inLanguage\":\"pt-PT\",\"@id\":\"https:\/\/www.freebetbest.com\/pt-pt\/#\/schema\/person\/image\/\",\"url\":\"https:\/\/www.freebetbest.com\/wp-content\/litespeed\/avatar\/49696b52fb15293a2168c14964fdd8b9.jpg?ver=1777439934\",\"contentUrl\":\"https:\/\/www.freebetbest.com\/wp-content\/litespeed\/avatar\/49696b52fb15293a2168c14964fdd8b9.jpg?ver=1777439934\",\"caption\":\"\u7ba1\u7406\"},\"logo\":{\"@id\":\"https:\/\/www.freebetbest.com\/pt-pt\/#\/schema\/person\/image\/\"},\"sameAs\":[\"admin\"]}]}<\/script>\n<!-- \/ Yoast SEO Premium plugin. -->","yoast_head_json":{"title":"B\u00f3nus de apostas de futebol mais recentes, Promo\u00e7\u00e3o de Dep\u00f3sitos pela primeira vez","description":"B\u00f3nus de apostas de futebol mais recentes ,Aposta gr\u00e1tis Sem b\u00f3nus de dep\u00f3sito,welcome First Deposit bonus code, Sign up Bonus code. Melhores probabilidades para apostas desportivas","robots":{"index":"index","follow":"follow","max-snippet":"max-snippet:-1","max-image-preview":"max-image-preview:large","max-video-preview":"max-video-preview:-1"},"canonical":"https:\/\/www.freebetbest.com\/pt-pt\/futebol-online-apostas\/","og_locale":"pt_PT","og_type":"article","og_title":"B\u00f3nus de apostas de futebol mais recentes","og_description":"B\u00f3nus de apostas de futebol mais recentes ,Aposta gr\u00e1tis Sem b\u00f3nus de dep\u00f3sito,welcome First Deposit bonus code, Sign up Bonus code. Melhores probabilidades para apostas desportivas","og_url":"https:\/\/www.freebetbest.com\/pt-pt\/futebol-online-apostas\/","og_site_name":"Aposta Gr\u00e1tis | Cassino online | Apostas de futebol | Melhor Aposta Gr\u00e1tis","article_modified_time":"2021-08-16T04:36:59+00:00","og_image":[{"width":320,"height":180,"url":"https:\/\/www.freebetbest.com\/wp-content\/uploads\/2019\/07\/6-60171_football-wallpaper-football-wallpaper-hd.jpg","type":"image\/jpeg"}],"twitter_card":"summary_large_image","twitter_misc":{"Tempo estimado de leitura":"3 minutos"},"schema":{"@context":"https:\/\/schema.org","@graph":[{"@type":"WebPage","@id":"https:\/\/www.freebetbest.com\/pt-pt\/futebol-online-apostas\/","url":"https:\/\/www.freebetbest.com\/pt-pt\/futebol-online-apostas\/","name":"B\u00f3nus de apostas de futebol mais recentes, Promo\u00e7\u00e3o de Dep\u00f3sitos pela primeira vez","isPartOf":{"@id":"https:\/\/www.freebetbest.com\/pt-pt\/#website"},"primaryImageOfPage":{"@id":"https:\/\/www.freebetbest.com\/pt-pt\/futebol-online-apostas\/#primaryimage"},"image":{"@id":"https:\/\/www.freebetbest.com\/pt-pt\/futebol-online-apostas\/#primaryimage"},"thumbnailUrl":"https:\/\/www.freebetbest.com\/wp-content\/uploads\/2019\/07\/6-60171_football-wallpaper-football-wallpaper-hd.jpg","datePublished":"2019-06-18T07:42:34+00:00","dateModified":"2021-08-16T04:36:59+00:00","description":"B\u00f3nus de apostas de futebol mais recentes ,Aposta gr\u00e1tis Sem b\u00f3nus de dep\u00f3sito,welcome First Deposit bonus code, Sign up Bonus code. Melhores probabilidades para apostas desportivas","breadcrumb":{"@id":"https:\/\/www.freebetbest.com\/pt-pt\/futebol-online-apostas\/#breadcrumb"},"inLanguage":"pt-PT","potentialAction":[{"@type":"ReadAction","target":["https:\/\/www.freebetbest.com\/pt-pt\/futebol-online-apostas\/"]}]},{"@type":"ImageObject","inLanguage":"pt-PT","@id":"https:\/\/www.freebetbest.com\/pt-pt\/futebol-online-apostas\/#primaryimage","url":"https:\/\/www.freebetbest.com\/wp-content\/uploads\/2019\/07\/6-60171_football-wallpaper-football-wallpaper-hd.jpg","contentUrl":"https:\/\/www.freebetbest.com\/wp-content\/uploads\/2019\/07\/6-60171_football-wallpaper-football-wallpaper-hd.jpg","width":320,"height":180,"caption":"B\u00f3nus de apostas de futebol mais recentes"},{"@type":"BreadcrumbList","@id":"https:\/\/www.freebetbest.com\/pt-pt\/futebol-online-apostas\/#breadcrumb","itemListElement":[{"@type":"ListItem","position":1,"name":"Home","item":"https:\/\/www.freebetbest.com\/pt-pt\/"},{"@type":"ListItem","position":2,"name":"B\u00f3nus de apostas de futebol mais recentes"}]},{"@type":"WebSite","@id":"https:\/\/www.freebetbest.com\/pt-pt\/#website","url":"https:\/\/www.freebetbest.com\/pt-pt\/","name":"Aposta Gr\u00e1tis | Cassino online | Apostas de futebol | Melhor Aposta Gr\u00e1tis","description":"As melhores casas de apostas on-line, Oferecem esportes, cassino, p\u00f4quer, bingo e apostas m\u00f3veis, Cassino online ,Apostas de futebol, Melhor Aposta Gr\u00e1tis,  Os principais portais de jogos de azar do mundo.","publisher":{"@id":"https:\/\/www.freebetbest.com\/pt-pt\/#\/schema\/person\/292684ccf388a2362d507874c5b80a69"},"potentialAction":[{"@type":"SearchAction","target":{"@type":"EntryPoint","urlTemplate":"https:\/\/www.freebetbest.com\/pt-pt\/?s={search_term_string}"},"query-input":{"@type":"PropertyValueSpecification","valueRequired":true,"valueName":"search_term_string"}}],"inLanguage":"pt-PT"},{"@type":["Person","Organization"],"@id":"https:\/\/www.freebetbest.com\/pt-pt\/#\/schema\/person\/292684ccf388a2362d507874c5b80a69","name":"\u7ba1\u7406","image":{"@type":"ImageObject","inLanguage":"pt-PT","@id":"https:\/\/www.freebetbest.com\/pt-pt\/#\/schema\/person\/image\/","url":"https:\/\/www.freebetbest.com\/wp-content\/litespeed\/avatar\/49696b52fb15293a2168c14964fdd8b9.jpg?ver=1777439934","contentUrl":"https:\/\/www.freebetbest.com\/wp-content\/litespeed\/avatar\/49696b52fb15293a2168c14964fdd8b9.jpg?ver=1777439934","caption":"\u7ba1\u7406"},"logo":{"@id":"https:\/\/www.freebetbest.com\/pt-pt\/#\/schema\/person\/image\/"},"sameAs":["admin"]}]}},"_links":{"self":[{"href":"https:\/\/www.freebetbest.com\/pt-pt\/wp-json\/wp\/v2\/pages\/4483","targetHints":{"allow":["GET"]}}],"collection":[{"href":"https:\/\/www.freebetbest.com\/pt-pt\/wp-json\/wp\/v2\/pages"}],"about":[{"href":"https:\/\/www.freebetbest.com\/pt-pt\/wp-json\/wp\/v2\/types\/page"}],"author":[{"embeddable":true,"href":"https:\/\/www.freebetbest.com\/pt-pt\/wp-json\/wp\/v2\/users\/1"}],"replies":[{"embeddable":true,"href":"https:\/\/www.freebetbest.com\/pt-pt\/wp-json\/wp\/v2\/comments?post=4483"}],"version-history":[{"count":0,"href":"https:\/\/www.freebetbest.com\/pt-pt\/wp-json\/wp\/v2\/pages\/4483\/revisions"}],"wp:featuredmedia":[{"embeddable":true,"href":"https:\/\/www.freebetbest.com\/pt-pt\/wp-json\/wp\/v2\/media\/4484"}],"wp:attachment":[{"href":"https:\/\/www.freebetbest.com\/pt-pt\/wp-json\/wp\/v2\/media?parent=4483"}],"curies":[{"name":"wp","href":"https:\/\/api.w.org\/{rel}","templated":true}]}}