{"id":4477,"date":"2019-06-18T12:57:28","date_gmt":"2019-06-18T12:57:28","guid":{"rendered":"https:\/\/www.freebetbest.com\/online-free-betting-site-em-2019-reino-unido\/"},"modified":"2021-07-28T16:50:20","modified_gmt":"2021-07-28T16:50:20","slug":"sites-de-apostas","status":"publish","type":"page","link":"https:\/\/www.freebetbest.com\/pt-pt\/sites-de-apostas\/","title":{"rendered":"B\u00f3nus de apostas de casas de apostas"},"content":{"rendered":"<h3>A que deve ser prestada a aten\u00e7\u00e3o \u00e0 casa de apostas no \u00faltimo b\u00f3nus de apostas?<\/h3>\n<p>Nem todas as recompensas de b\u00f3nus s\u00e3o as mesmas. \u00daltimo B\u00f3nus de Apostas em apostas desportivas. Haver\u00e1 altera\u00e7\u00f5es em algum momento, que podem aumentar ou diminuir o seu rendimento. Pode ser importante estar familiarizado com as condi\u00e7\u00f5es comuns, tais como apostas e pagamento m\u00ednimo a tipos complicados, tais como grandes restri\u00e7\u00f5es kyc e retirada. Al\u00e9m disso, listaremos todos os sinais de recompensas fraudulentas da empresa de apostas para evitar quaisquer acidentes.<\/p>\n<h3>A que casas de apostas devem prestar aten\u00e7\u00e3o pelas recompensas<\/h3>\n<p>Nem todas as recompensas de b\u00f3nus s\u00e3o as mesmas. Nas apostas desportivas. Certas coisas v\u00e3o mudar e podem aumentar ou diminuir o seu rendimento. Pode ser importante estar familiarizado com as condi\u00e7\u00f5es comuns, como um pagamento m\u00ednimo inicial.<\/p>\n<h3>Apostas <a href=\"https:\/\/www.freebetsinfo.co.uk\/\">desportivas populares.<\/a> Cl\u00e1usula de b\u00f3nus adicionada<\/h3>\n<p>Termos t\u00edpicos de b\u00f3nus de apostas desportivas t\u00edpicas. Muitos jogadores apostam em desporto. Ou n\u00e3o prestar\u00e1 aten\u00e7\u00e3o aos termos e condi\u00e7\u00f5es ap\u00f3s a declara\u00e7\u00e3o do b\u00f3nus. Isto \u00e9, naturalmente, completamente desajeitado, porque quando as suas finan\u00e7as est\u00e3o em perigo, desempenham um papel fundamental.<br \/><img decoding=\"async\" src=\"https:\/\/www.freebetbest.com\/wp-content\/uploads\/2021\/06\/Casino-Games.jpg\"><\/p>\n<h3>Cada cliente\/IP ativa uma conta banc\u00e1ria<\/h3>\n<p>\u00c9 muito f\u00e1cil. Tente n\u00e3o tentar nas mesmas apostas desportivas. Abra outra conta banc\u00e1ria e solicite b\u00f3nus.<\/p>\n<h3>Requisitos de apostas<\/h3>\n<p>O primeiro pr\u00e9mio de pagamento por cada atividade desportiva. Haver\u00e1 v\u00e1rias extens\u00f5es (entre 5 e 20 vezes) para retirar o seu b\u00f3nus. Al\u00e9m disso, deve estar antes de pedir o pagamento. Role o seu investimento inicial uma vez.<\/p>\n<h3><a href=\"https:\/\/www.freebetbest.com\/pt-pt\/futebol-online-apostas\/\">Casas de apostas<\/a> B\u00f3nus de apostas mais recentes A alternativa de menos hip\u00f3teses:<\/h3>\n<p>Cada mercado que decidir escolher. Todos devem exceder a import\u00e2ncia pr\u00e9-determinada. A gama de produtos na maioria das apostas desportivas \u00e9 geralmente entre 1,50 e 2,00. A sele\u00e7\u00e3o total no seu pr\u00f3prio boletim de apostas, assim como o tema. Geralmente, precisa incluir 1-3 op\u00e7\u00f5es.<\/p>\n<h3>Pagamento m\u00ednimo inicial:<\/h3>\n<p>Antes de decidir candidatar-se a suprimentos, tem primeiro de fazer um pagamento de entrada qualificado. Isto s\u00f3 pode ser \u20ac\/\u00a35 ou \u20ac\/\u00a310, embora alguns sejam agrad\u00e1veis. As ofertas podem come\u00e7ar por \u20ac\/\u00a31.<\/p>\n<h3>Confirmar e restringir os m\u00e9todos de transa\u00e7\u00e3o:<\/h3>\n<p>Muitos sites de jogos restringem Skrill e Neteller etc. Forne\u00e7a carteiras com descontos especiais. Isto \u00e9 porque atraem abusadores. Se depositar com cart\u00e3o de cr\u00e9dito\/d\u00e9bito ou PayPal, a maioria das apostas desportivas. Vai trazer-lhe um rendimento agrad\u00e1vel.<\/p>\n<h3>B\u00f3nus m\u00e1ximo<\/h3>\n<p>Algumas casas de apostas podem. Reduza o valor m\u00e1ximo de b\u00f3nus que podem ser retirados Isto significa que, por muito bem sucedido que seja, pode facilmente cancelar apostas desportivas. A maior redu\u00e7\u00e3o de pre\u00e7o alcan\u00e7ada.<\/p>\n<h3>Restri\u00e7\u00e3o mais recente do mercado de b\u00f3nus de apostas<\/h3>\n<p>Muitos segmentos de mercado n\u00e3o contar\u00e3o para apostas descontadas, anuladas ou canceladas. Al\u00e9m disso, as restri\u00e7\u00f5es podem incluir diferentes atividades desportivas, ligas e realizar apostas.<\/p>\n<h3>Data de validade do B\u00f3nus de Apostas mais recente<\/h3>\n<p>Preste muita aten\u00e7\u00e3o \u00e0s suas atividades desportivas. A data em que o subs\u00eddio de jogo termina. Isto geralmente pode ser entre 7 e 30 dias. No entanto, em alguns casos, a estrutura do tempo \u00e9 geralmente t\u00e3o baixa como 3 dias.<\/p>\n<h3>Aposta m\u00e1xima por aposta<\/h3>\n<p>Pode estar em cada mercado ou aposta. O conte\u00fado selecionado pode ser restringido. Isto aplica-se para dissuadir ca\u00e7adores de b\u00f3nus extra e apostadores de arbitragem. Normalmente, \u00e9 50% do valor da recompensa. Al\u00e9m disso, muitas casas de apostas t\u00eam restri\u00e7\u00f5es ao uso de oportunidades m\u00e1ximas (por exemplo, 3,50).<\/p>\n<h3>Restri\u00e7\u00e3o do pa\u00eds<\/h3>\n<p>As transa\u00e7\u00f5es de b\u00f3nus de inscri\u00e7\u00e3o s\u00e3o normalmente. N\u00e3o dispon\u00edvel em todo o mundo. Por exemplo, os pa\u00edses da Europa Oriental podem ser exclu\u00eddos. Fale sempre com os termos e condi\u00e7\u00f5es para saber esta lista de locais restritos.<\/p>\n<p>Adicione c\u00f3digos b\u00f3nus dispon\u00edveis: \u00c0s vezes, tem de estar na p\u00e1gina de dep\u00f3sito. Introduza o c\u00f3digo manualmente, o que significa que os seus fundos podem ser melhorados.<\/p>\n<p><!-- \/wp:post-content --><\/p>\n<p><!-- wp:heading {\"level\":4} \/--><\/p>\n","protected":false},"excerpt":{"rendered":"<p>Maximize a sua experi\u00eancia de apostas desportivas<br \/>\nFant\u00e1sticos b\u00f3nus de boas-vindas<br \/>\nUma vasta gama de desportos para apostar com probabilidades imbat\u00edveis<br \/>\nBookies revistos e aprovados pelos nossos especialistas<\/p>\n<div class=\"hero-cup-section\">\n<div class=\"row mb-4\">\n<div class=\"col-md-7\">\n<div class=\"section-area\">\n<div class=\"section-list\">\n<li style=\"text-align: left\"><img decoding=\"async\" src=\"https:\/\/www.freebetbest.com\/wp-content\/uploads\/2021\/06\/tick.png\" alt=\"Esportes\">  B\u00f3nus de boas-vindas do Casino Desportivo.<\/li>\n<li style=\"text-align: left\"><img decoding=\"async\" src=\"https:\/\/www.freebetbest.com\/wp-content\/uploads\/2021\/06\/tick.png\" alt=\"ofertas de jogos\">  Os corretores online oferecem &amp; promo\u00e7\u00f5es.<\/li>\n<li style=\"text-align: left\"><img decoding=\"async\" src=\"https:\/\/www.freebetbest.com\/wp-content\/uploads\/2021\/06\/tick.png\" alt=\"ofertas de jogos\">  Os melhores apostadores online em que pode confiar.<\/li>\n<li style=\"text-align: left\"><img decoding=\"async\" src=\"https:\/\/www.freebetbest.com\/wp-content\/uploads\/2021\/06\/tick.png\" alt=\"Autorit\u00e1rio\">  Revis\u00e3o autorit\u00e1ria Seguro fi\u00e1vel.<\/li>\n<li style=\"text-align: left\"><img decoding=\"async\" src=\"https:\/\/www.freebetbest.com\/wp-content\/uploads\/2021\/06\/tick.png\" alt=\"Levantamentos r\u00e1pidos\">  Suporte de APLICATIVO M\u00f3vel, Levantamentos R\u00e1pidos.<\/li>\n<li style=\"text-align: left\"><img decoding=\"async\" src=\"https:\/\/www.freebetbest.com\/wp-content\/uploads\/2021\/06\/tick.png\" alt=\"Apoio ao cliente\">  Suporte ao cliente: 365 dias, 24 horas por dia.<\/li>\n<\/div>\n<\/div>\n<\/div>\n<div class=\"col-md-5\">\n<div class=\"cup-img\"><img decoding=\"async\" src=\"https:\/\/www.freebetbest.com\/wp-content\/uploads\/2021\/06\/freebetsinfo.png\" alt=\"freebetbest\"><\/div>\n<\/div>\n<\/div>\n","protected":false},"author":1,"featured_media":4481,"parent":0,"menu_order":0,"comment_status":"closed","ping_status":"closed","template":"Bookmaker-List-Template.php","meta":{"footnotes":""},"class_list":["post-4477","page","type-page","status-publish","has-post-thumbnail","hentry"],"yoast_head":"<!-- This site is optimized with the Yoast SEO Premium plugin v19.5 (Yoast SEO v27.5) - https:\/\/yoast.com\/product\/yoast-seo-premium-wordpress\/ -->\n<title>B\u00f3nus de apostas de casas de apostasdas casas de apostas asi\u00e1ticas Novo B\u00f3nus do Cliente.<\/title>\n<meta name=\"description\" content=\"B\u00f3nus de apostas de casas de apostasMelhores casas de apostas online, casinos, poker, Site de Apostas Gr\u00e1tis Online, casas de apostas asi\u00e1ticas Novo Cliente Inscreva-se B\u00f3nus.\" \/>\n<meta name=\"robots\" content=\"index, follow, max-snippet:-1, max-image-preview:large, max-video-preview:-1\" \/>\n<link rel=\"canonical\" href=\"https:\/\/www.freebetbest.com\/pt-pt\/sites-de-apostas\/\" \/>\n<meta property=\"og:locale\" content=\"pt_PT\" \/>\n<meta property=\"og:type\" content=\"article\" \/>\n<meta property=\"og:title\" content=\"B\u00f3nus de apostas de casas de apostas\" \/>\n<meta property=\"og:description\" content=\"B\u00f3nus de apostas de casas de apostasMelhores casas de apostas online, casinos, poker, Site de Apostas Gr\u00e1tis Online, casas de apostas asi\u00e1ticas Novo Cliente Inscreva-se B\u00f3nus.\" \/>\n<meta property=\"og:url\" content=\"https:\/\/www.freebetbest.com\/pt-pt\/sites-de-apostas\/\" \/>\n<meta property=\"og:site_name\" content=\"Aposta Gr\u00e1tis | Cassino online | Apostas de futebol | Melhor Aposta Gr\u00e1tis\" \/>\n<meta property=\"article:modified_time\" content=\"2021-07-28T16:50:20+00:00\" \/>\n<meta property=\"og:image\" content=\"https:\/\/www.freebetbest.com\/wp-content\/uploads\/2019\/07\/banner.jpg\" \/>\n\t<meta property=\"og:image:width\" content=\"449\" \/>\n\t<meta property=\"og:image:height\" content=\"180\" \/>\n\t<meta property=\"og:image:type\" content=\"image\/jpeg\" \/>\n<meta name=\"twitter:card\" content=\"summary_large_image\" \/>\n<meta name=\"twitter:label1\" content=\"Tempo estimado de leitura\" \/>\n\t<meta name=\"twitter:data1\" content=\"3 minutos\" \/>\n<script type=\"application\/ld+json\" class=\"yoast-schema-graph\">{\"@context\":\"https:\\\/\\\/schema.org\",\"@graph\":[{\"@type\":\"WebPage\",\"@id\":\"https:\\\/\\\/www.freebetbest.com\\\/pt-pt\\\/sites-de-apostas\\\/\",\"url\":\"https:\\\/\\\/www.freebetbest.com\\\/pt-pt\\\/sites-de-apostas\\\/\",\"name\":\"B\u00f3nus de apostas de casas de apostasdas casas de apostas asi\u00e1ticas Novo B\u00f3nus do Cliente.\",\"isPartOf\":{\"@id\":\"https:\\\/\\\/www.freebetbest.com\\\/pt-pt\\\/#website\"},\"primaryImageOfPage\":{\"@id\":\"https:\\\/\\\/www.freebetbest.com\\\/pt-pt\\\/sites-de-apostas\\\/#primaryimage\"},\"image\":{\"@id\":\"https:\\\/\\\/www.freebetbest.com\\\/pt-pt\\\/sites-de-apostas\\\/#primaryimage\"},\"thumbnailUrl\":\"https:\\\/\\\/www.freebetbest.com\\\/wp-content\\\/uploads\\\/2019\\\/07\\\/banner.jpg\",\"datePublished\":\"2019-06-18T12:57:28+00:00\",\"dateModified\":\"2021-07-28T16:50:20+00:00\",\"description\":\"B\u00f3nus de apostas de casas de apostasMelhores casas de apostas online, casinos, poker, Site de Apostas Gr\u00e1tis Online, casas de apostas asi\u00e1ticas Novo Cliente Inscreva-se B\u00f3nus.\",\"breadcrumb\":{\"@id\":\"https:\\\/\\\/www.freebetbest.com\\\/pt-pt\\\/sites-de-apostas\\\/#breadcrumb\"},\"inLanguage\":\"pt-PT\",\"potentialAction\":[{\"@type\":\"ReadAction\",\"target\":[\"https:\\\/\\\/www.freebetbest.com\\\/pt-pt\\\/sites-de-apostas\\\/\"]}]},{\"@type\":\"ImageObject\",\"inLanguage\":\"pt-PT\",\"@id\":\"https:\\\/\\\/www.freebetbest.com\\\/pt-pt\\\/sites-de-apostas\\\/#primaryimage\",\"url\":\"https:\\\/\\\/www.freebetbest.com\\\/wp-content\\\/uploads\\\/2019\\\/07\\\/banner.jpg\",\"contentUrl\":\"https:\\\/\\\/www.freebetbest.com\\\/wp-content\\\/uploads\\\/2019\\\/07\\\/banner.jpg\",\"width\":449,\"height\":180,\"caption\":\"Site de apostas gr\u00e1tis online no Reino Unido\"},{\"@type\":\"BreadcrumbList\",\"@id\":\"https:\\\/\\\/www.freebetbest.com\\\/pt-pt\\\/sites-de-apostas\\\/#breadcrumb\",\"itemListElement\":[{\"@type\":\"ListItem\",\"position\":1,\"name\":\"Home\",\"item\":\"https:\\\/\\\/www.freebetbest.com\\\/pt-pt\\\/\"},{\"@type\":\"ListItem\",\"position\":2,\"name\":\"B\u00f3nus de apostas de casas de apostas\"}]},{\"@type\":\"WebSite\",\"@id\":\"https:\\\/\\\/www.freebetbest.com\\\/pt-pt\\\/#website\",\"url\":\"https:\\\/\\\/www.freebetbest.com\\\/pt-pt\\\/\",\"name\":\"Aposta Gr\u00e1tis | Cassino online | Apostas de futebol | Melhor Aposta Gr\u00e1tis\",\"description\":\"As melhores casas de apostas on-line, Oferecem esportes, cassino, p\u00f4quer, bingo e apostas m\u00f3veis, Cassino online ,Apostas de futebol, Melhor Aposta Gr\u00e1tis,  Os principais portais de jogos de azar do mundo.\",\"publisher\":{\"@id\":\"https:\\\/\\\/www.freebetbest.com\\\/pt-pt\\\/#\\\/schema\\\/person\\\/292684ccf388a2362d507874c5b80a69\"},\"potentialAction\":[{\"@type\":\"SearchAction\",\"target\":{\"@type\":\"EntryPoint\",\"urlTemplate\":\"https:\\\/\\\/www.freebetbest.com\\\/pt-pt\\\/?s={search_term_string}\"},\"query-input\":{\"@type\":\"PropertyValueSpecification\",\"valueRequired\":true,\"valueName\":\"search_term_string\"}}],\"inLanguage\":\"pt-PT\"},{\"@type\":[\"Person\",\"Organization\"],\"@id\":\"https:\\\/\\\/www.freebetbest.com\\\/pt-pt\\\/#\\\/schema\\\/person\\\/292684ccf388a2362d507874c5b80a69\",\"name\":\"\u7ba1\u7406\",\"image\":{\"@type\":\"ImageObject\",\"inLanguage\":\"pt-PT\",\"@id\":\"https:\\\/\\\/www.freebetbest.com\\\/wp-content\\\/litespeed\\\/avatar\\\/49696b52fb15293a2168c14964fdd8b9.jpg?ver=1778044739\",\"url\":\"https:\\\/\\\/www.freebetbest.com\\\/wp-content\\\/litespeed\\\/avatar\\\/49696b52fb15293a2168c14964fdd8b9.jpg?ver=1778044739\",\"contentUrl\":\"https:\\\/\\\/www.freebetbest.com\\\/wp-content\\\/litespeed\\\/avatar\\\/49696b52fb15293a2168c14964fdd8b9.jpg?ver=1778044739\",\"caption\":\"\u7ba1\u7406\"},\"logo\":{\"@id\":\"https:\\\/\\\/www.freebetbest.com\\\/wp-content\\\/litespeed\\\/avatar\\\/49696b52fb15293a2168c14964fdd8b9.jpg?ver=1778044739\"},\"sameAs\":[\"admin\"]}]}<\/script>\n<!-- \/ Yoast SEO Premium plugin. -->","yoast_head_json":{"title":"B\u00f3nus de apostas de casas de apostasdas casas de apostas asi\u00e1ticas Novo B\u00f3nus do Cliente.","description":"B\u00f3nus de apostas de casas de apostasMelhores casas de apostas online, casinos, poker, Site de Apostas Gr\u00e1tis Online, casas de apostas asi\u00e1ticas Novo Cliente Inscreva-se B\u00f3nus.","robots":{"index":"index","follow":"follow","max-snippet":"max-snippet:-1","max-image-preview":"max-image-preview:large","max-video-preview":"max-video-preview:-1"},"canonical":"https:\/\/www.freebetbest.com\/pt-pt\/sites-de-apostas\/","og_locale":"pt_PT","og_type":"article","og_title":"B\u00f3nus de apostas de casas de apostas","og_description":"B\u00f3nus de apostas de casas de apostasMelhores casas de apostas online, casinos, poker, Site de Apostas Gr\u00e1tis Online, casas de apostas asi\u00e1ticas Novo Cliente Inscreva-se B\u00f3nus.","og_url":"https:\/\/www.freebetbest.com\/pt-pt\/sites-de-apostas\/","og_site_name":"Aposta Gr\u00e1tis | Cassino online | Apostas de futebol | Melhor Aposta Gr\u00e1tis","article_modified_time":"2021-07-28T16:50:20+00:00","og_image":[{"width":449,"height":180,"url":"https:\/\/www.freebetbest.com\/wp-content\/uploads\/2019\/07\/banner.jpg","type":"image\/jpeg"}],"twitter_card":"summary_large_image","twitter_misc":{"Tempo estimado de leitura":"3 minutos"},"schema":{"@context":"https:\/\/schema.org","@graph":[{"@type":"WebPage","@id":"https:\/\/www.freebetbest.com\/pt-pt\/sites-de-apostas\/","url":"https:\/\/www.freebetbest.com\/pt-pt\/sites-de-apostas\/","name":"B\u00f3nus de apostas de casas de apostasdas casas de apostas asi\u00e1ticas Novo B\u00f3nus do Cliente.","isPartOf":{"@id":"https:\/\/www.freebetbest.com\/pt-pt\/#website"},"primaryImageOfPage":{"@id":"https:\/\/www.freebetbest.com\/pt-pt\/sites-de-apostas\/#primaryimage"},"image":{"@id":"https:\/\/www.freebetbest.com\/pt-pt\/sites-de-apostas\/#primaryimage"},"thumbnailUrl":"https:\/\/www.freebetbest.com\/wp-content\/uploads\/2019\/07\/banner.jpg","datePublished":"2019-06-18T12:57:28+00:00","dateModified":"2021-07-28T16:50:20+00:00","description":"B\u00f3nus de apostas de casas de apostasMelhores casas de apostas online, casinos, poker, Site de Apostas Gr\u00e1tis Online, casas de apostas asi\u00e1ticas Novo Cliente Inscreva-se B\u00f3nus.","breadcrumb":{"@id":"https:\/\/www.freebetbest.com\/pt-pt\/sites-de-apostas\/#breadcrumb"},"inLanguage":"pt-PT","potentialAction":[{"@type":"ReadAction","target":["https:\/\/www.freebetbest.com\/pt-pt\/sites-de-apostas\/"]}]},{"@type":"ImageObject","inLanguage":"pt-PT","@id":"https:\/\/www.freebetbest.com\/pt-pt\/sites-de-apostas\/#primaryimage","url":"https:\/\/www.freebetbest.com\/wp-content\/uploads\/2019\/07\/banner.jpg","contentUrl":"https:\/\/www.freebetbest.com\/wp-content\/uploads\/2019\/07\/banner.jpg","width":449,"height":180,"caption":"Site de apostas gr\u00e1tis online no Reino Unido"},{"@type":"BreadcrumbList","@id":"https:\/\/www.freebetbest.com\/pt-pt\/sites-de-apostas\/#breadcrumb","itemListElement":[{"@type":"ListItem","position":1,"name":"Home","item":"https:\/\/www.freebetbest.com\/pt-pt\/"},{"@type":"ListItem","position":2,"name":"B\u00f3nus de apostas de casas de apostas"}]},{"@type":"WebSite","@id":"https:\/\/www.freebetbest.com\/pt-pt\/#website","url":"https:\/\/www.freebetbest.com\/pt-pt\/","name":"Aposta Gr\u00e1tis | Cassino online | Apostas de futebol | Melhor Aposta Gr\u00e1tis","description":"As melhores casas de apostas on-line, Oferecem esportes, cassino, p\u00f4quer, bingo e apostas m\u00f3veis, Cassino online ,Apostas de futebol, Melhor Aposta Gr\u00e1tis,  Os principais portais de jogos de azar do mundo.","publisher":{"@id":"https:\/\/www.freebetbest.com\/pt-pt\/#\/schema\/person\/292684ccf388a2362d507874c5b80a69"},"potentialAction":[{"@type":"SearchAction","target":{"@type":"EntryPoint","urlTemplate":"https:\/\/www.freebetbest.com\/pt-pt\/?s={search_term_string}"},"query-input":{"@type":"PropertyValueSpecification","valueRequired":true,"valueName":"search_term_string"}}],"inLanguage":"pt-PT"},{"@type":["Person","Organization"],"@id":"https:\/\/www.freebetbest.com\/pt-pt\/#\/schema\/person\/292684ccf388a2362d507874c5b80a69","name":"\u7ba1\u7406","image":{"@type":"ImageObject","inLanguage":"pt-PT","@id":"https:\/\/www.freebetbest.com\/wp-content\/litespeed\/avatar\/49696b52fb15293a2168c14964fdd8b9.jpg?ver=1778044739","url":"https:\/\/www.freebetbest.com\/wp-content\/litespeed\/avatar\/49696b52fb15293a2168c14964fdd8b9.jpg?ver=1778044739","contentUrl":"https:\/\/www.freebetbest.com\/wp-content\/litespeed\/avatar\/49696b52fb15293a2168c14964fdd8b9.jpg?ver=1778044739","caption":"\u7ba1\u7406"},"logo":{"@id":"https:\/\/www.freebetbest.com\/wp-content\/litespeed\/avatar\/49696b52fb15293a2168c14964fdd8b9.jpg?ver=1778044739"},"sameAs":["admin"]}]}},"_links":{"self":[{"href":"https:\/\/www.freebetbest.com\/pt-pt\/wp-json\/wp\/v2\/pages\/4477","targetHints":{"allow":["GET"]}}],"collection":[{"href":"https:\/\/www.freebetbest.com\/pt-pt\/wp-json\/wp\/v2\/pages"}],"about":[{"href":"https:\/\/www.freebetbest.com\/pt-pt\/wp-json\/wp\/v2\/types\/page"}],"author":[{"embeddable":true,"href":"https:\/\/www.freebetbest.com\/pt-pt\/wp-json\/wp\/v2\/users\/1"}],"replies":[{"embeddable":true,"href":"https:\/\/www.freebetbest.com\/pt-pt\/wp-json\/wp\/v2\/comments?post=4477"}],"version-history":[{"count":0,"href":"https:\/\/www.freebetbest.com\/pt-pt\/wp-json\/wp\/v2\/pages\/4477\/revisions"}],"wp:featuredmedia":[{"embeddable":true,"href":"https:\/\/www.freebetbest.com\/pt-pt\/wp-json\/wp\/v2\/media\/4481"}],"wp:attachment":[{"href":"https:\/\/www.freebetbest.com\/pt-pt\/wp-json\/wp\/v2\/media?parent=4477"}],"curies":[{"name":"wp","href":"https:\/\/api.w.org\/{rel}","templated":true}]}}