{"id":4476,"date":"2019-06-18T13:06:20","date_gmt":"2019-06-18T13:06:20","guid":{"rendered":"https:\/\/www.freebetbest.com\/apostas-online-de-corridas-de-cavalos\/"},"modified":"2021-07-28T16:58:48","modified_gmt":"2021-07-28T16:58:48","slug":"cavalo-racing-online-apostas","status":"publish","type":"page","link":"https:\/\/www.freebetbest.com\/pt-pt\/cavalo-racing-online-apostas\/","title":{"rendered":"Apostas online de corridas de cavalos"},"content":{"rendered":"<h2>Apostas online de corridas de cavalos<\/h2>\n<p>A Horse Racing Online Betting (Horse Racing <a href=\"https:\/\/www.freebetsinfo.co.uk\/asia-bookmakers\/\">Online Betting)<\/a>sempre foi uma forma de apostar, fornece os seus pr\u00f3prios f\u00e3s, encontrar\u00e1 muitas escolhas no resultado final e, por vezes, at\u00e9 resultados completamente imprevis\u00edveis.<\/p>\n<p>Muitas pessoas gostam de prestar aten\u00e7\u00e3o. Melhorias em todo o mundo e imediatamente ganhar dinheiro com os seus cavalos favoritos. Se voc\u00ea tiver a oportunidade de visitar a pista, as apostas de corridas de cavalos ser\u00e3o uma aventura maravilhosa. Da maneira certa, apostar em corridas de cavalos pode n\u00e3o s\u00f3 melhorar o seu humor, mas tamb\u00e9m aumentar a sua carteira.<\/p>\n<h2>Corrida de cavalos apostas on-line apostas de cavalos apostando crescimento no passado<\/h2>\n<p>Corrida de cavalos \u00e9 um tipo de desporto equestre. Esta \u00e9 uma competi\u00e7\u00e3o entre cavalos e cavaleiros, na esperan\u00e7a de conquistar o primeiro lugar no seu videojogo. Desde os tempos antigos, os indiv\u00edduos t\u00eam tido a oportunidade de escolher. Animais de estima\u00e7\u00e3o pr\u00f3prios em troca de dinheiro, ouro e produtos, depende do pa\u00eds que organiza o n\u00edvel de concorr\u00eancia. Nessa altura, os videojogos eram jogados em carruagens, por isso os cavalos tinham uma sombra de tropas.<\/p>\n<p>Nas corridas de cavalos, encontrar\u00e1 um guia para determinar o campe\u00e3o. Neste hor\u00e1rio, a organiza\u00e7\u00e3o de videojogos oferece muitas op\u00e7\u00f5es diferentes <a href=\"https:\/\/www.freebetbest.com\/pt-pt\/sites-de-apostas\/\">de apostas de corridas de cavalos:<\/a><\/p>\n<h3>Como fazer apostas online em corridas de cavalos<\/h3>\n<p>Em termos de apostas de corridas de cavalos, existem geralmente v\u00e1rios tipos de jogadores. Algu\u00e9m participa todos os anos. Apostas completamente gratuitas, criar cavalos com as melhores etiquetas. Algumas pessoas t\u00eam apostas amig\u00e1veis e n\u00e3o sabem nada menos do que estudar probabilidades, cavalos e j\u00f3queis, e depois algumas pessoas v\u00e3o de dentro para fora. Todos entendem as atividades desportivas.<\/p>\n<h3>Para aqueles que n\u00e3o est\u00e3o familiarizados com as corridas de cavalos, voc\u00ea pode fazer muitas escolhas.<\/h3>\n<p>Um pouco mais complicado. \u00c9 definitivamente uma aposta em todos os sentidos. J\u00e1 deve ter ouvido falar. Uma destas figuras pendentes, mas pode n\u00e3o reconhecer totalmente o que \u00e9. Uma aposta s\u00f3 de ida est\u00e1 em andamento. H\u00e1 duas apostas, uma aposta no cavalo e a outra aposta no cavalo. As probabilidades de adivinhar em cada local. Normalmente \u00e9 um quarto da sua principal hip\u00f3tese.<\/p>\n<p>Isto significa que se. Se fizeres uma \u00fanica aposta de 5 libra\u00a3 num cavalo outra vez com 10\/1 odds, vais apostar 10 libras. Quando ganhar, ter\u00e1 o produto das duas apostas. Portanto, receber\u00e1 um lucro de \u00a350. Adicione as suas a\u00e7\u00f5es de 5 libras. Em seguida, ganhar\u00e1 \u00a312,50 da aposta de ida, mais \u00a35 em principal. Isto vai dar-lhe \u00a372,50.<\/p>\n<p>Se conseguires todos os sentidos. Al\u00e9m da posi\u00e7\u00e3o dos cavalos, s\u00f3 precisar\u00e1 de \u00a312,50 mais uma aposta de \u00a35 para cada m\u00e9todo.<\/p>\n<h3>Aposta \u00fanica<\/h3>\n<p>Este \u00e9 o tipo mais b\u00e1sico de corrida de cavalos, essencialmente voc\u00ea est\u00e1 numa corrida. Apoiar um cavalo no jogo. Esta pode ser uma op\u00e7\u00e3o de aquisi\u00e7\u00e3o, ou pode ser todo o tipo de especula\u00e7\u00e3o.<\/p>\n<h3>Algumas apostas<\/h3>\n<p>Isto \u00e9 muito parecido com um acumulador de futebol, s\u00f3 precisas de apostar uma vez. Pode suportar v\u00e1rios cavalos. Vais ter uma probabilidade combinada, e quando um cavalo te desapontar, vais perder todas as tuas apostas.<\/p>\n<h3>Previs\u00e3o direta<\/h3>\n<p>Chong Ma prev\u00ea diretamente oportunidades. Sim, tens de seguir a ordem correta. Preveja as apostas nos dois primeiros cavalos na corrida.<\/p>\n<h3>Olhe para tr\u00e1s<\/h3>\n<p>Este \u00e9 basicamente um modelo preditivo para qualquer aposta \u00fanica, exigindo duas apostas, mas permitir\u00e1 que os cavalos terminem em quase qualquer ordem.<\/p>\n<h3>Apostas online de corrida de cavalos triplos<\/h3>\n<p>Em conclus\u00e3o, este pode ser um palpite muito \u00fatil, exigindo que uma pessoa preveja os tr\u00eas melhores finalistas.<\/p>\n<p>Al\u00e9m disso, tem de verificar o \u00faltimo pacote. E os dados do seu cavalo. Estes detalhes ser\u00e3o os elementos b\u00e1sicos da sua escolha. Se escolher corretamente. A casa de apostas verificou a situa\u00e7\u00e3o com anteced\u00eancia, e pode apostar neste jogo. Receba enormes b\u00f3nus extra. Boa sorte e rendimento das apostas de corridas de cavalos!<\/p>\n<p><!-- \/wp:post-content --><\/p>\n<p><!-- wp:heading {\"level\":4} \/--><\/p>\n<p><!-- wp:heading {\"level\":4} \/--><\/p>\n","protected":false},"excerpt":{"rendered":"<p>Para as apostas de corridas de cavalos de internet, voc\u00ea precisa escolher um excelente neg\u00f3cio de apostas online, apostas que.nos fornecer\u00e3o condi\u00e7\u00f5es de apostas decentes.<\/p>\n<div class=\"hero-cup-section\">\n<div class=\"row mb-4\">\n<div class=\"col-md-7\">\n<div class=\"section-area\">\n<div class=\"section-list\">\n<li style=\"text-align: left\"><img decoding=\"async\" src=\"https:\/\/www.freebetbest.com\/wp-content\/uploads\/2021\/06\/tick.png\" alt=\"Esportes\">  B\u00f3nus de boas-vindas do Casino Desportivo.<\/li>\n<li style=\"text-align: left\"><img decoding=\"async\" src=\"https:\/\/www.freebetbest.com\/wp-content\/uploads\/2021\/06\/tick.png\" alt=\"ofertas de jogos\">  Os corretores online oferecem &amp; promo\u00e7\u00f5es.<\/li>\n<li style=\"text-align: left\"><img decoding=\"async\" src=\"https:\/\/www.freebetbest.com\/wp-content\/uploads\/2021\/06\/tick.png\" alt=\"ofertas de jogos\">  Os melhores apostadores online em que pode confiar.<\/li>\n<li style=\"text-align: left\"><img decoding=\"async\" src=\"https:\/\/www.freebetbest.com\/wp-content\/uploads\/2021\/06\/tick.png\" alt=\"Autorit\u00e1rio\">  Revis\u00e3o autorit\u00e1ria Seguro fi\u00e1vel.<\/li>\n<li style=\"text-align: left\"><img decoding=\"async\" src=\"https:\/\/www.freebetbest.com\/wp-content\/uploads\/2021\/06\/tick.png\" alt=\"Levantamentos r\u00e1pidos\">  Suporte de APLICATIVO M\u00f3vel, Levantamentos R\u00e1pidos.<\/li>\n<li style=\"text-align: left\"><img decoding=\"async\" src=\"https:\/\/www.freebetbest.com\/wp-content\/uploads\/2021\/06\/tick.png\" alt=\"Apoio ao cliente\">  Suporte ao cliente: 365 dias, 24 horas por dia.<\/li>\n<\/div>\n<\/div>\n<\/div>\n<div class=\"col-md-5\">\n<div class=\"cup-img\"><img decoding=\"async\" src=\"https:\/\/www.freebetsinfo.co.uk\/wp-content\/uploads\/2021\/06\/horse-horse-racing.png\" alt=\"Esportes\"><\/div>\n<\/div>\n<\/div>\n","protected":false},"author":1,"featured_media":4479,"parent":0,"menu_order":0,"comment_status":"closed","ping_status":"closed","template":"Sports-template.php","meta":{"footnotes":""},"class_list":["post-4476","page","type-page","status-publish","has-post-thumbnail","hentry"],"yoast_head":"<!-- This site is optimized with the Yoast SEO Premium plugin v19.5 (Yoast SEO v27.0) - https:\/\/yoast.com\/product\/yoast-seo-premium-wordpress\/ -->\n<title>Apostas online de corridas de cavalos Casas de apostas. Novo B\u00f3nus de Inscri\u00e7\u00e3o de Clientes.<\/title>\n<meta name=\"description\" content=\"Apostas online de corridas de cavalos Casas de apostas. Novo cliente Inscreva-se B\u00f3nus, Apostas On-line de corridas de cavalos,bem-vindo c\u00f3digo de b\u00f3nus de primeiro dep\u00f3sito,\" \/>\n<meta name=\"robots\" content=\"index, follow, max-snippet:-1, max-image-preview:large, max-video-preview:-1\" \/>\n<link rel=\"canonical\" href=\"https:\/\/www.freebetbest.com\/pt-pt\/cavalo-racing-online-apostas\/\" \/>\n<meta property=\"og:locale\" content=\"pt_PT\" \/>\n<meta property=\"og:type\" content=\"article\" \/>\n<meta property=\"og:title\" content=\"Apostas online de corridas de cavalos\" \/>\n<meta property=\"og:description\" content=\"Apostas online de corridas de cavalos Casas de apostas. Novo cliente Inscreva-se B\u00f3nus, Apostas On-line de corridas de cavalos,bem-vindo c\u00f3digo de b\u00f3nus de primeiro dep\u00f3sito,\" \/>\n<meta property=\"og:url\" content=\"https:\/\/www.freebetbest.com\/pt-pt\/cavalo-racing-online-apostas\/\" \/>\n<meta property=\"og:site_name\" content=\"Aposta Gr\u00e1tis | Cassino online | Apostas de futebol | Melhor Aposta Gr\u00e1tis\" \/>\n<meta property=\"article:modified_time\" content=\"2021-07-28T16:58:48+00:00\" \/>\n<meta property=\"og:image\" content=\"https:\/\/www.freebetbest.com\/wp-content\/uploads\/2019\/07\/Horse-racing_hero2.jpg\" \/>\n\t<meta property=\"og:image:width\" content=\"368\" \/>\n\t<meta property=\"og:image:height\" content=\"180\" \/>\n\t<meta property=\"og:image:type\" content=\"image\/jpeg\" \/>\n<meta name=\"twitter:card\" content=\"summary_large_image\" \/>\n<meta name=\"twitter:label1\" content=\"Tempo estimado de leitura\" \/>\n\t<meta name=\"twitter:data1\" content=\"3 minutos\" \/>\n<script type=\"application\/ld+json\" class=\"yoast-schema-graph\">{\"@context\":\"https:\/\/schema.org\",\"@graph\":[{\"@type\":\"WebPage\",\"@id\":\"https:\/\/www.freebetbest.com\/pt-pt\/cavalo-racing-online-apostas\/\",\"url\":\"https:\/\/www.freebetbest.com\/pt-pt\/cavalo-racing-online-apostas\/\",\"name\":\"Apostas online de corridas de cavalos Casas de apostas. Novo B\u00f3nus de Inscri\u00e7\u00e3o de Clientes.\",\"isPartOf\":{\"@id\":\"https:\/\/www.freebetbest.com\/pt-pt\/#website\"},\"primaryImageOfPage\":{\"@id\":\"https:\/\/www.freebetbest.com\/pt-pt\/cavalo-racing-online-apostas\/#primaryimage\"},\"image\":{\"@id\":\"https:\/\/www.freebetbest.com\/pt-pt\/cavalo-racing-online-apostas\/#primaryimage\"},\"thumbnailUrl\":\"https:\/\/www.freebetbest.com\/wp-content\/uploads\/2019\/07\/Horse-racing_hero2.jpg\",\"datePublished\":\"2019-06-18T13:06:20+00:00\",\"dateModified\":\"2021-07-28T16:58:48+00:00\",\"description\":\"Apostas online de corridas de cavalos Casas de apostas. Novo cliente Inscreva-se B\u00f3nus, Apostas On-line de corridas de cavalos,bem-vindo c\u00f3digo de b\u00f3nus de primeiro dep\u00f3sito,\",\"breadcrumb\":{\"@id\":\"https:\/\/www.freebetbest.com\/pt-pt\/cavalo-racing-online-apostas\/#breadcrumb\"},\"inLanguage\":\"pt-PT\",\"potentialAction\":[{\"@type\":\"ReadAction\",\"target\":[\"https:\/\/www.freebetbest.com\/pt-pt\/cavalo-racing-online-apostas\/\"]}]},{\"@type\":\"ImageObject\",\"inLanguage\":\"pt-PT\",\"@id\":\"https:\/\/www.freebetbest.com\/pt-pt\/cavalo-racing-online-apostas\/#primaryimage\",\"url\":\"https:\/\/www.freebetbest.com\/wp-content\/uploads\/2019\/07\/Horse-racing_hero2.jpg\",\"contentUrl\":\"https:\/\/www.freebetbest.com\/wp-content\/uploads\/2019\/07\/Horse-racing_hero2.jpg\",\"width\":368,\"height\":180,\"caption\":\"Apostas online de corridas de cavalos\"},{\"@type\":\"BreadcrumbList\",\"@id\":\"https:\/\/www.freebetbest.com\/pt-pt\/cavalo-racing-online-apostas\/#breadcrumb\",\"itemListElement\":[{\"@type\":\"ListItem\",\"position\":1,\"name\":\"Home\",\"item\":\"https:\/\/www.freebetbest.com\/pt-pt\/\"},{\"@type\":\"ListItem\",\"position\":2,\"name\":\"Apostas online de corridas de cavalos\"}]},{\"@type\":\"WebSite\",\"@id\":\"https:\/\/www.freebetbest.com\/pt-pt\/#website\",\"url\":\"https:\/\/www.freebetbest.com\/pt-pt\/\",\"name\":\"Aposta Gr\u00e1tis | Cassino online | Apostas de futebol | Melhor Aposta Gr\u00e1tis\",\"description\":\"As melhores casas de apostas on-line, Oferecem esportes, cassino, p\u00f4quer, bingo e apostas m\u00f3veis, Cassino online ,Apostas de futebol, Melhor Aposta Gr\u00e1tis,  Os principais portais de jogos de azar do mundo.\",\"publisher\":{\"@id\":\"https:\/\/www.freebetbest.com\/pt-pt\/#\/schema\/person\/292684ccf388a2362d507874c5b80a69\"},\"potentialAction\":[{\"@type\":\"SearchAction\",\"target\":{\"@type\":\"EntryPoint\",\"urlTemplate\":\"https:\/\/www.freebetbest.com\/pt-pt\/?s={search_term_string}\"},\"query-input\":{\"@type\":\"PropertyValueSpecification\",\"valueRequired\":true,\"valueName\":\"search_term_string\"}}],\"inLanguage\":\"pt-PT\"},{\"@type\":[\"Person\",\"Organization\"],\"@id\":\"https:\/\/www.freebetbest.com\/pt-pt\/#\/schema\/person\/292684ccf388a2362d507874c5b80a69\",\"name\":\"\u7ba1\u7406\",\"image\":{\"@type\":\"ImageObject\",\"inLanguage\":\"pt-PT\",\"@id\":\"https:\/\/www.freebetbest.com\/pt-pt\/#\/schema\/person\/image\/\",\"url\":\"https:\/\/www.freebetbest.com\/wp-content\/litespeed\/avatar\/49696b52fb15293a2168c14964fdd8b9.jpg?ver=1776230299\",\"contentUrl\":\"https:\/\/www.freebetbest.com\/wp-content\/litespeed\/avatar\/49696b52fb15293a2168c14964fdd8b9.jpg?ver=1776230299\",\"caption\":\"\u7ba1\u7406\"},\"logo\":{\"@id\":\"https:\/\/www.freebetbest.com\/pt-pt\/#\/schema\/person\/image\/\"},\"sameAs\":[\"admin\"]}]}<\/script>\n<!-- \/ Yoast SEO Premium plugin. -->","yoast_head_json":{"title":"Apostas online de corridas de cavalos Casas de apostas. Novo B\u00f3nus de Inscri\u00e7\u00e3o de Clientes.","description":"Apostas online de corridas de cavalos Casas de apostas. Novo cliente Inscreva-se B\u00f3nus, Apostas On-line de corridas de cavalos,bem-vindo c\u00f3digo de b\u00f3nus de primeiro dep\u00f3sito,","robots":{"index":"index","follow":"follow","max-snippet":"max-snippet:-1","max-image-preview":"max-image-preview:large","max-video-preview":"max-video-preview:-1"},"canonical":"https:\/\/www.freebetbest.com\/pt-pt\/cavalo-racing-online-apostas\/","og_locale":"pt_PT","og_type":"article","og_title":"Apostas online de corridas de cavalos","og_description":"Apostas online de corridas de cavalos Casas de apostas. Novo cliente Inscreva-se B\u00f3nus, Apostas On-line de corridas de cavalos,bem-vindo c\u00f3digo de b\u00f3nus de primeiro dep\u00f3sito,","og_url":"https:\/\/www.freebetbest.com\/pt-pt\/cavalo-racing-online-apostas\/","og_site_name":"Aposta Gr\u00e1tis | Cassino online | Apostas de futebol | Melhor Aposta Gr\u00e1tis","article_modified_time":"2021-07-28T16:58:48+00:00","og_image":[{"width":368,"height":180,"url":"https:\/\/www.freebetbest.com\/wp-content\/uploads\/2019\/07\/Horse-racing_hero2.jpg","type":"image\/jpeg"}],"twitter_card":"summary_large_image","twitter_misc":{"Tempo estimado de leitura":"3 minutos"},"schema":{"@context":"https:\/\/schema.org","@graph":[{"@type":"WebPage","@id":"https:\/\/www.freebetbest.com\/pt-pt\/cavalo-racing-online-apostas\/","url":"https:\/\/www.freebetbest.com\/pt-pt\/cavalo-racing-online-apostas\/","name":"Apostas online de corridas de cavalos Casas de apostas. Novo B\u00f3nus de Inscri\u00e7\u00e3o de Clientes.","isPartOf":{"@id":"https:\/\/www.freebetbest.com\/pt-pt\/#website"},"primaryImageOfPage":{"@id":"https:\/\/www.freebetbest.com\/pt-pt\/cavalo-racing-online-apostas\/#primaryimage"},"image":{"@id":"https:\/\/www.freebetbest.com\/pt-pt\/cavalo-racing-online-apostas\/#primaryimage"},"thumbnailUrl":"https:\/\/www.freebetbest.com\/wp-content\/uploads\/2019\/07\/Horse-racing_hero2.jpg","datePublished":"2019-06-18T13:06:20+00:00","dateModified":"2021-07-28T16:58:48+00:00","description":"Apostas online de corridas de cavalos Casas de apostas. Novo cliente Inscreva-se B\u00f3nus, Apostas On-line de corridas de cavalos,bem-vindo c\u00f3digo de b\u00f3nus de primeiro dep\u00f3sito,","breadcrumb":{"@id":"https:\/\/www.freebetbest.com\/pt-pt\/cavalo-racing-online-apostas\/#breadcrumb"},"inLanguage":"pt-PT","potentialAction":[{"@type":"ReadAction","target":["https:\/\/www.freebetbest.com\/pt-pt\/cavalo-racing-online-apostas\/"]}]},{"@type":"ImageObject","inLanguage":"pt-PT","@id":"https:\/\/www.freebetbest.com\/pt-pt\/cavalo-racing-online-apostas\/#primaryimage","url":"https:\/\/www.freebetbest.com\/wp-content\/uploads\/2019\/07\/Horse-racing_hero2.jpg","contentUrl":"https:\/\/www.freebetbest.com\/wp-content\/uploads\/2019\/07\/Horse-racing_hero2.jpg","width":368,"height":180,"caption":"Apostas online de corridas de cavalos"},{"@type":"BreadcrumbList","@id":"https:\/\/www.freebetbest.com\/pt-pt\/cavalo-racing-online-apostas\/#breadcrumb","itemListElement":[{"@type":"ListItem","position":1,"name":"Home","item":"https:\/\/www.freebetbest.com\/pt-pt\/"},{"@type":"ListItem","position":2,"name":"Apostas online de corridas de cavalos"}]},{"@type":"WebSite","@id":"https:\/\/www.freebetbest.com\/pt-pt\/#website","url":"https:\/\/www.freebetbest.com\/pt-pt\/","name":"Aposta Gr\u00e1tis | Cassino online | Apostas de futebol | Melhor Aposta Gr\u00e1tis","description":"As melhores casas de apostas on-line, Oferecem esportes, cassino, p\u00f4quer, bingo e apostas m\u00f3veis, Cassino online ,Apostas de futebol, Melhor Aposta Gr\u00e1tis,  Os principais portais de jogos de azar do mundo.","publisher":{"@id":"https:\/\/www.freebetbest.com\/pt-pt\/#\/schema\/person\/292684ccf388a2362d507874c5b80a69"},"potentialAction":[{"@type":"SearchAction","target":{"@type":"EntryPoint","urlTemplate":"https:\/\/www.freebetbest.com\/pt-pt\/?s={search_term_string}"},"query-input":{"@type":"PropertyValueSpecification","valueRequired":true,"valueName":"search_term_string"}}],"inLanguage":"pt-PT"},{"@type":["Person","Organization"],"@id":"https:\/\/www.freebetbest.com\/pt-pt\/#\/schema\/person\/292684ccf388a2362d507874c5b80a69","name":"\u7ba1\u7406","image":{"@type":"ImageObject","inLanguage":"pt-PT","@id":"https:\/\/www.freebetbest.com\/pt-pt\/#\/schema\/person\/image\/","url":"https:\/\/www.freebetbest.com\/wp-content\/litespeed\/avatar\/49696b52fb15293a2168c14964fdd8b9.jpg?ver=1776230299","contentUrl":"https:\/\/www.freebetbest.com\/wp-content\/litespeed\/avatar\/49696b52fb15293a2168c14964fdd8b9.jpg?ver=1776230299","caption":"\u7ba1\u7406"},"logo":{"@id":"https:\/\/www.freebetbest.com\/pt-pt\/#\/schema\/person\/image\/"},"sameAs":["admin"]}]}},"_links":{"self":[{"href":"https:\/\/www.freebetbest.com\/pt-pt\/wp-json\/wp\/v2\/pages\/4476","targetHints":{"allow":["GET"]}}],"collection":[{"href":"https:\/\/www.freebetbest.com\/pt-pt\/wp-json\/wp\/v2\/pages"}],"about":[{"href":"https:\/\/www.freebetbest.com\/pt-pt\/wp-json\/wp\/v2\/types\/page"}],"author":[{"embeddable":true,"href":"https:\/\/www.freebetbest.com\/pt-pt\/wp-json\/wp\/v2\/users\/1"}],"replies":[{"embeddable":true,"href":"https:\/\/www.freebetbest.com\/pt-pt\/wp-json\/wp\/v2\/comments?post=4476"}],"version-history":[{"count":0,"href":"https:\/\/www.freebetbest.com\/pt-pt\/wp-json\/wp\/v2\/pages\/4476\/revisions"}],"wp:featuredmedia":[{"embeddable":true,"href":"https:\/\/www.freebetbest.com\/pt-pt\/wp-json\/wp\/v2\/media\/4479"}],"wp:attachment":[{"href":"https:\/\/www.freebetbest.com\/pt-pt\/wp-json\/wp\/v2\/media?parent=4476"}],"curies":[{"name":"wp","href":"https:\/\/api.w.org\/{rel}","templated":true}]}}