{"id":4473,"date":"2019-06-19T14:03:44","date_gmt":"2019-06-19T14:03:44","guid":{"rendered":"https:\/\/www.freebetbest.com\/apostas-desportivas-a-z\/"},"modified":"2021-07-28T17:43:07","modified_gmt":"2021-07-28T17:43:07","slug":"apostas-desportivas","status":"publish","type":"page","link":"https:\/\/www.freebetbest.com\/pt-pt\/apostas-desportivas\/","title":{"rendered":"Apostas de casino esportiva"},"content":{"rendered":"<h2>Apostas desportivas &#8211; como escolher a certa para si online<\/h2>\n<p>Um fator importante para encontrar as apostas desportivas certas para si. Confie em prefer\u00eancias personalizadas, mas tamb\u00e9m h\u00e1 algumas esperan\u00e7as normais listadas. As coisas favoritas da maioria dos consumidores, como uma plataforma s\u00f3lida e uma variedade de produtos promocionais.<\/p>\n<p>Vamos verificar um pouco. Operadores que marcam em todas estas \u00e1reas. Al\u00e9m das necessidades, vai querer encontrar uma. Pode fornecer alguns para os seus fundos. Uma reserva de valor fi\u00e1vel, bem como um propriet\u00e1rio que se foca em empresas de apostas.<\/p>\n<h2>Obtenha a melhor oportunidade em apostas desportivas<\/h2>\n<p>E vais encontrar a maioria deles. Existem relativamente poucos tipos de operadores importantes. Aqueles que n\u00e3o foram notados ser\u00e3o notados, se isso acontecer, apostadores bem definidos. Vai saltar por cima. Escolha uma <a href=\"https:\/\/www.freebetsinfo.co.uk\/europe-bookmakers\/\">casa de apostas<\/a> para um desporto espec\u00edfico. Encontre in\u00fameras ofertas de apostas desportivas e novos b\u00f3nus de inscri\u00e7\u00e3o s\u00e3o as primeiras condi\u00e7\u00f5es.<\/p>\n<h3>Site de Jogo de Atividades Desportivas<\/h3>\n<p>Qualquer aposta desportiva. Todos t\u00eam programas de fideliza\u00e7\u00e3o de clientes. Se puder executar qualquer aposta. Fazer b\u00f3nus adicionais \u00e9 uma vantagem muito grande. Operadores de apostas desportivas. Continuam a existir formas de combinar casinos com o desporto a este respeito, mas alguns operadores est\u00e3o \u00e0 frente dos jogos online. H\u00e1 algumas casas de apostas muito boas que oferecem aplica\u00e7\u00f5es reais. Software de recompensa para os jogadores.<\/p>\n<h3>B\u00f3nus e promo\u00e7\u00f5es<\/h3>\n<p>As apostas desportivas s\u00e3o fornecidas. Muitas recompensas e promo\u00e7\u00f5es. Este pode ser um ponto \u00fanico, ou pode ser uma escolha cont\u00ednua, h\u00e1 muitos no mercado. Pontos para escolher. Segue-se uma breve introdu\u00e7\u00e3o a alguns dos tipos mais comuns.<\/p>\n<h3>Op\u00e7\u00f5es para atividades desportivas online escolhem o jogo<\/h3>\n<p>Fant\u00e1stico site de apostas desportivas. Para jogos online. Outra forma de obter alguns b\u00f3nus e descontos, por favor, considere os desportos di\u00e1rios. Com uma base de clientes muito leal, o neg\u00f3cio continuar\u00e1 a manter um forte impulso e haver\u00e1 muito espa\u00e7o. Fa\u00e7a os novos utilizadores finais felizes.<\/p>\n<h3>Os sites de apostas oferecem v\u00e1rias grandes atividades desportivas<\/h3>\n<p>Pode considerar a sua probabilidade de participar no torneio, o que d\u00e1 quase sim. A tua oportunidade de duplicar os teus ganhos, ou escolher usar uma aposta em larga escala. Garantindo o entusiasmo do torneio de prize pool.<\/p>\n<p>Tem o maxilar a cair. O primeiro pr\u00e9mio \u00e9 de um milh\u00e3o de d\u00f3lares americanos. Podem trazer o maior n\u00famero de utilizadores. E fornecer o maior retorno, mas para os indiv\u00edduos que procuram combin\u00e1-lo, na verdade h\u00e1 apenas pequenas op\u00e7\u00f5es. Encontrar\u00e1 mais na nossa lista de casas de <a href=\"https:\/\/www.freebetbest.com\/betting-sites\/\">apostas.<\/a><\/p>\n<h3>Aplicativo de apostas desportivas<\/h3>\n<p>Aplica\u00e7\u00e3o de apostas de atividade desportiva. Fornece gama alta para os utilizadores finais. Apostas desportivas genu\u00ednas. A maioria dos melhores operadores. Todos t\u00eam clientes m\u00f3veis. Estes n\u00e3o t\u00eam aplica\u00e7\u00f5es em alguns mercados. Normalmente, o seu website est\u00e1 totalmente otimizado para ser eficaz nos telem\u00f3veis.<\/p>\n<p>Usando os nossos backlinks exclusivos. Depois de criar uma conta, poder\u00e1 come\u00e7ar a receber aplica\u00e7\u00f5es a partir do site do operador. Uma vez executado este est\u00e1gio, basta iniciar sess\u00e3o no port\u00e1til e pode come\u00e7ar a apostar.<\/p>\n<h3>Segmento de mercado de apostas desportivas<\/h3>\n<p>Pode geri-lo online. Deve gerir tudo menos requisitos espec\u00edficos. Nas apostas desportivas. Registo masculino ou feminino para apostas desportivas. Em alguns casos, sim. Tenha algumas informa\u00e7\u00f5es detalhadas sobre a especifica\u00e7\u00e3o condi\u00e7\u00e3o por condi\u00e7\u00e3o.<\/p>\n<p>Para descobrir completamente a aposta, voc\u00ea precisa estar dentro de um esbo\u00e7o claro. Para poder verificar a sua identidade, o operador utiliza-a. Comumente referido como monitoriza\u00e7\u00e3o de geolocaliza\u00e7\u00e3o. Isto \u00e9 depois da aquisi\u00e7\u00e3o b\u00e1sica. Logo no hist\u00f3rico. A \u00e1rea do programa de software em execu\u00e7\u00e3o.<\/p>\n<h3>Como obter as melhores oportunidades de apostas e b\u00f3nus ricos<\/h3>\n<p>Antes de fazer uma aposta, tome tempo para ter certeza. Tem o custo perfeito. \u00c9 sempre uma boa ideia. Algumas apostas diferem significativamente. Pode n\u00e3o parecer grande, mas a longo prazo, pode definitivamente ter uma vantagem. Recomenda-se a utiliza\u00e7\u00e3o de casas de apostas com maiores probabilidades.<\/p>\n<p>As nossas probabilidades em tempo real. Proporciona uma excelente localiza\u00e7\u00e3o para verificar de forma r\u00e1pida e f\u00e1cil as taxas de c\u00e2mbio em v\u00e1rios locais. Estamos em v\u00e1rios guias. Rastreia o pre\u00e7o, o que significa que. N\u00e3o precisas de fazer isto, por isso certifica-te que o marcas. E esteja pronto para ver a qualquer momento.<\/p>\n","protected":false},"excerpt":{"rendered":"<p>Apostas de casinos desportivos &#8211; todas as ofertas de apostas de casinos desportivos e novos b\u00f3nus de clientes est\u00e3o listados aqui<\/p>\n<div class=\"hero-cup-section\">\n<div class=\"row mb-4\">\n<div class=\"col-md-7\">\n<div class=\"section-area\">\n<div class=\"section-list\">\n<li style=\"text-align: left\"><img decoding=\"async\" src=\"https:\/\/www.freebetbest.com\/wp-content\/uploads\/2021\/06\/tick.png\" alt=\"Esportes\">  B\u00f3nus de boas-vindas do Casino Desportivo.<\/li>\n<li style=\"text-align: left\"><img decoding=\"async\" src=\"https:\/\/www.freebetbest.com\/wp-content\/uploads\/2021\/06\/tick.png\" alt=\"ofertas de jogos\">  Os corretores online oferecem &amp; promo\u00e7\u00f5es.<\/li>\n<li style=\"text-align: left\"><img decoding=\"async\" src=\"https:\/\/www.freebetbest.com\/wp-content\/uploads\/2021\/06\/tick.png\" alt=\"ofertas de jogos\">  Os melhores apostadores online em que pode confiar.<\/li>\n<li style=\"text-align: left\"><img decoding=\"async\" src=\"https:\/\/www.freebetbest.com\/wp-content\/uploads\/2021\/06\/tick.png\" alt=\"Autorit\u00e1rio\">  Revis\u00e3o autorit\u00e1ria Seguro fi\u00e1vel.<\/li>\n<li style=\"text-align: left\"><img decoding=\"async\" src=\"https:\/\/www.freebetbest.com\/wp-content\/uploads\/2021\/06\/tick.png\" alt=\"Levantamentos r\u00e1pidos\">  Suporte de APLICATIVO M\u00f3vel, Levantamentos R\u00e1pidos.<\/li>\n<li style=\"text-align: left\"><img decoding=\"async\" src=\"https:\/\/www.freebetbest.com\/wp-content\/uploads\/2021\/06\/tick.png\" alt=\"Apoio ao cliente\">  Suporte ao cliente: 365 dias, 24 horas por dia.<\/li>\n<\/div>\n<\/div>\n<\/div>\n<div class=\"col-md-5\">\n<div class=\"cup-img\"><img decoding=\"async\" src=\"https:\/\/www.freebetbest.com\/wp-content\/uploads\/2021\/06\/sports-casino.png\" alt=\"freebetbest\"><\/div>\n<\/div>\n<\/div>\n","protected":false},"author":1,"featured_media":129072,"parent":0,"menu_order":0,"comment_status":"closed","ping_status":"closed","template":"all-az-template.php","meta":{"footnotes":""},"class_list":["post-4473","page","type-page","status-publish","has-post-thumbnail","hentry"],"yoast_head":"<!-- This site is optimized with the Yoast SEO Premium plugin v19.5 (Yoast SEO v27.0) - https:\/\/yoast.com\/product\/yoast-seo-premium-wordpress\/ -->\n<title>| de apostas desportivas Melhores casas de apostas | Sem apostas livres de dep\u00f3sitos<\/title>\n<meta name=\"description\" content=\"Melhores casas de apostas online, casinos, poker, bingo e apostas m\u00f3veis, Apostas de casino esportiva casinos online, melhor site de apostas online.\" \/>\n<meta name=\"robots\" content=\"index, follow, max-snippet:-1, max-image-preview:large, max-video-preview:-1\" \/>\n<link rel=\"canonical\" href=\"https:\/\/www.freebetbest.com\/pt-pt\/apostas-desportivas\/\" \/>\n<meta property=\"og:locale\" content=\"pt_PT\" \/>\n<meta property=\"og:type\" content=\"article\" \/>\n<meta property=\"og:title\" content=\"Apostas de casino esportiva\" \/>\n<meta property=\"og:description\" content=\"Melhores casas de apostas online, casinos, poker, bingo e apostas m\u00f3veis, Apostas de casino esportiva casinos online, melhor site de apostas online.\" \/>\n<meta property=\"og:url\" content=\"https:\/\/www.freebetbest.com\/pt-pt\/apostas-desportivas\/\" \/>\n<meta property=\"og:site_name\" content=\"Aposta Gr\u00e1tis | Cassino online | Apostas de futebol | Melhor Aposta Gr\u00e1tis\" \/>\n<meta property=\"article:modified_time\" content=\"2021-07-28T17:43:07+00:00\" \/>\n<meta property=\"og:image\" content=\"https:\/\/www.freebetbest.com\/wp-content\/uploads\/2021\/06\/all-sports-casino-1.jpg\" \/>\n\t<meta property=\"og:image:width\" content=\"650\" \/>\n\t<meta property=\"og:image:height\" content=\"371\" \/>\n\t<meta property=\"og:image:type\" content=\"image\/jpeg\" \/>\n<meta name=\"twitter:card\" content=\"summary_large_image\" \/>\n<meta name=\"twitter:label1\" content=\"Tempo estimado de leitura\" \/>\n\t<meta name=\"twitter:data1\" content=\"3 minutos\" \/>\n<script type=\"application\/ld+json\" class=\"yoast-schema-graph\">{\"@context\":\"https:\/\/schema.org\",\"@graph\":[{\"@type\":\"WebPage\",\"@id\":\"https:\/\/www.freebetbest.com\/pt-pt\/apostas-desportivas\/\",\"url\":\"https:\/\/www.freebetbest.com\/pt-pt\/apostas-desportivas\/\",\"name\":\"| de apostas desportivas Melhores casas de apostas | Sem apostas livres de dep\u00f3sitos\",\"isPartOf\":{\"@id\":\"https:\/\/www.freebetbest.com\/pt-pt\/#website\"},\"primaryImageOfPage\":{\"@id\":\"https:\/\/www.freebetbest.com\/pt-pt\/apostas-desportivas\/#primaryimage\"},\"image\":{\"@id\":\"https:\/\/www.freebetbest.com\/pt-pt\/apostas-desportivas\/#primaryimage\"},\"thumbnailUrl\":\"https:\/\/www.freebetbest.com\/wp-content\/uploads\/2021\/06\/all-sports-casino-1.jpg\",\"datePublished\":\"2019-06-19T14:03:44+00:00\",\"dateModified\":\"2021-07-28T17:43:07+00:00\",\"description\":\"Melhores casas de apostas online, casinos, poker, bingo e apostas m\u00f3veis, Apostas de casino esportiva casinos online, melhor site de apostas online.\",\"breadcrumb\":{\"@id\":\"https:\/\/www.freebetbest.com\/pt-pt\/apostas-desportivas\/#breadcrumb\"},\"inLanguage\":\"pt-PT\",\"potentialAction\":[{\"@type\":\"ReadAction\",\"target\":[\"https:\/\/www.freebetbest.com\/pt-pt\/apostas-desportivas\/\"]}]},{\"@type\":\"ImageObject\",\"inLanguage\":\"pt-PT\",\"@id\":\"https:\/\/www.freebetbest.com\/pt-pt\/apostas-desportivas\/#primaryimage\",\"url\":\"https:\/\/www.freebetbest.com\/wp-content\/uploads\/2021\/06\/all-sports-casino-1.jpg\",\"contentUrl\":\"https:\/\/www.freebetbest.com\/wp-content\/uploads\/2021\/06\/all-sports-casino-1.jpg\",\"width\":650,\"height\":371,\"caption\":\"todos os casinos de esportes\"},{\"@type\":\"BreadcrumbList\",\"@id\":\"https:\/\/www.freebetbest.com\/pt-pt\/apostas-desportivas\/#breadcrumb\",\"itemListElement\":[{\"@type\":\"ListItem\",\"position\":1,\"name\":\"Home\",\"item\":\"https:\/\/www.freebetbest.com\/pt-pt\/\"},{\"@type\":\"ListItem\",\"position\":2,\"name\":\"Apostas de casino esportiva\"}]},{\"@type\":\"WebSite\",\"@id\":\"https:\/\/www.freebetbest.com\/pt-pt\/#website\",\"url\":\"https:\/\/www.freebetbest.com\/pt-pt\/\",\"name\":\"Aposta Gr\u00e1tis | Cassino online | Apostas de futebol | Melhor Aposta Gr\u00e1tis\",\"description\":\"As melhores casas de apostas on-line, Oferecem esportes, cassino, p\u00f4quer, bingo e apostas m\u00f3veis, Cassino online ,Apostas de futebol, Melhor Aposta Gr\u00e1tis,  Os principais portais de jogos de azar do mundo.\",\"publisher\":{\"@id\":\"https:\/\/www.freebetbest.com\/pt-pt\/#\/schema\/person\/292684ccf388a2362d507874c5b80a69\"},\"potentialAction\":[{\"@type\":\"SearchAction\",\"target\":{\"@type\":\"EntryPoint\",\"urlTemplate\":\"https:\/\/www.freebetbest.com\/pt-pt\/?s={search_term_string}\"},\"query-input\":{\"@type\":\"PropertyValueSpecification\",\"valueRequired\":true,\"valueName\":\"search_term_string\"}}],\"inLanguage\":\"pt-PT\"},{\"@type\":[\"Person\",\"Organization\"],\"@id\":\"https:\/\/www.freebetbest.com\/pt-pt\/#\/schema\/person\/292684ccf388a2362d507874c5b80a69\",\"name\":\"\u7ba1\u7406\",\"image\":{\"@type\":\"ImageObject\",\"inLanguage\":\"pt-PT\",\"@id\":\"https:\/\/www.freebetbest.com\/pt-pt\/#\/schema\/person\/image\/\",\"url\":\"https:\/\/www.freebetbest.com\/wp-content\/litespeed\/avatar\/49696b52fb15293a2168c14964fdd8b9.jpg?ver=1778044739\",\"contentUrl\":\"https:\/\/www.freebetbest.com\/wp-content\/litespeed\/avatar\/49696b52fb15293a2168c14964fdd8b9.jpg?ver=1778044739\",\"caption\":\"\u7ba1\u7406\"},\"logo\":{\"@id\":\"https:\/\/www.freebetbest.com\/pt-pt\/#\/schema\/person\/image\/\"},\"sameAs\":[\"admin\"]}]}<\/script>\n<!-- \/ Yoast SEO Premium plugin. -->","yoast_head_json":{"title":"| de apostas desportivas Melhores casas de apostas | Sem apostas livres de dep\u00f3sitos","description":"Melhores casas de apostas online, casinos, poker, bingo e apostas m\u00f3veis, Apostas de casino esportiva casinos online, melhor site de apostas online.","robots":{"index":"index","follow":"follow","max-snippet":"max-snippet:-1","max-image-preview":"max-image-preview:large","max-video-preview":"max-video-preview:-1"},"canonical":"https:\/\/www.freebetbest.com\/pt-pt\/apostas-desportivas\/","og_locale":"pt_PT","og_type":"article","og_title":"Apostas de casino esportiva","og_description":"Melhores casas de apostas online, casinos, poker, bingo e apostas m\u00f3veis, Apostas de casino esportiva casinos online, melhor site de apostas online.","og_url":"https:\/\/www.freebetbest.com\/pt-pt\/apostas-desportivas\/","og_site_name":"Aposta Gr\u00e1tis | Cassino online | Apostas de futebol | Melhor Aposta Gr\u00e1tis","article_modified_time":"2021-07-28T17:43:07+00:00","og_image":[{"width":650,"height":371,"url":"https:\/\/www.freebetbest.com\/wp-content\/uploads\/2021\/06\/all-sports-casino-1.jpg","type":"image\/jpeg"}],"twitter_card":"summary_large_image","twitter_misc":{"Tempo estimado de leitura":"3 minutos"},"schema":{"@context":"https:\/\/schema.org","@graph":[{"@type":"WebPage","@id":"https:\/\/www.freebetbest.com\/pt-pt\/apostas-desportivas\/","url":"https:\/\/www.freebetbest.com\/pt-pt\/apostas-desportivas\/","name":"| de apostas desportivas Melhores casas de apostas | Sem apostas livres de dep\u00f3sitos","isPartOf":{"@id":"https:\/\/www.freebetbest.com\/pt-pt\/#website"},"primaryImageOfPage":{"@id":"https:\/\/www.freebetbest.com\/pt-pt\/apostas-desportivas\/#primaryimage"},"image":{"@id":"https:\/\/www.freebetbest.com\/pt-pt\/apostas-desportivas\/#primaryimage"},"thumbnailUrl":"https:\/\/www.freebetbest.com\/wp-content\/uploads\/2021\/06\/all-sports-casino-1.jpg","datePublished":"2019-06-19T14:03:44+00:00","dateModified":"2021-07-28T17:43:07+00:00","description":"Melhores casas de apostas online, casinos, poker, bingo e apostas m\u00f3veis, Apostas de casino esportiva casinos online, melhor site de apostas online.","breadcrumb":{"@id":"https:\/\/www.freebetbest.com\/pt-pt\/apostas-desportivas\/#breadcrumb"},"inLanguage":"pt-PT","potentialAction":[{"@type":"ReadAction","target":["https:\/\/www.freebetbest.com\/pt-pt\/apostas-desportivas\/"]}]},{"@type":"ImageObject","inLanguage":"pt-PT","@id":"https:\/\/www.freebetbest.com\/pt-pt\/apostas-desportivas\/#primaryimage","url":"https:\/\/www.freebetbest.com\/wp-content\/uploads\/2021\/06\/all-sports-casino-1.jpg","contentUrl":"https:\/\/www.freebetbest.com\/wp-content\/uploads\/2021\/06\/all-sports-casino-1.jpg","width":650,"height":371,"caption":"todos os casinos de esportes"},{"@type":"BreadcrumbList","@id":"https:\/\/www.freebetbest.com\/pt-pt\/apostas-desportivas\/#breadcrumb","itemListElement":[{"@type":"ListItem","position":1,"name":"Home","item":"https:\/\/www.freebetbest.com\/pt-pt\/"},{"@type":"ListItem","position":2,"name":"Apostas de casino esportiva"}]},{"@type":"WebSite","@id":"https:\/\/www.freebetbest.com\/pt-pt\/#website","url":"https:\/\/www.freebetbest.com\/pt-pt\/","name":"Aposta Gr\u00e1tis | Cassino online | Apostas de futebol | Melhor Aposta Gr\u00e1tis","description":"As melhores casas de apostas on-line, Oferecem esportes, cassino, p\u00f4quer, bingo e apostas m\u00f3veis, Cassino online ,Apostas de futebol, Melhor Aposta Gr\u00e1tis,  Os principais portais de jogos de azar do mundo.","publisher":{"@id":"https:\/\/www.freebetbest.com\/pt-pt\/#\/schema\/person\/292684ccf388a2362d507874c5b80a69"},"potentialAction":[{"@type":"SearchAction","target":{"@type":"EntryPoint","urlTemplate":"https:\/\/www.freebetbest.com\/pt-pt\/?s={search_term_string}"},"query-input":{"@type":"PropertyValueSpecification","valueRequired":true,"valueName":"search_term_string"}}],"inLanguage":"pt-PT"},{"@type":["Person","Organization"],"@id":"https:\/\/www.freebetbest.com\/pt-pt\/#\/schema\/person\/292684ccf388a2362d507874c5b80a69","name":"\u7ba1\u7406","image":{"@type":"ImageObject","inLanguage":"pt-PT","@id":"https:\/\/www.freebetbest.com\/pt-pt\/#\/schema\/person\/image\/","url":"https:\/\/www.freebetbest.com\/wp-content\/litespeed\/avatar\/49696b52fb15293a2168c14964fdd8b9.jpg?ver=1778044739","contentUrl":"https:\/\/www.freebetbest.com\/wp-content\/litespeed\/avatar\/49696b52fb15293a2168c14964fdd8b9.jpg?ver=1778044739","caption":"\u7ba1\u7406"},"logo":{"@id":"https:\/\/www.freebetbest.com\/pt-pt\/#\/schema\/person\/image\/"},"sameAs":["admin"]}]}},"_links":{"self":[{"href":"https:\/\/www.freebetbest.com\/pt-pt\/wp-json\/wp\/v2\/pages\/4473","targetHints":{"allow":["GET"]}}],"collection":[{"href":"https:\/\/www.freebetbest.com\/pt-pt\/wp-json\/wp\/v2\/pages"}],"about":[{"href":"https:\/\/www.freebetbest.com\/pt-pt\/wp-json\/wp\/v2\/types\/page"}],"author":[{"embeddable":true,"href":"https:\/\/www.freebetbest.com\/pt-pt\/wp-json\/wp\/v2\/users\/1"}],"replies":[{"embeddable":true,"href":"https:\/\/www.freebetbest.com\/pt-pt\/wp-json\/wp\/v2\/comments?post=4473"}],"version-history":[{"count":0,"href":"https:\/\/www.freebetbest.com\/pt-pt\/wp-json\/wp\/v2\/pages\/4473\/revisions"}],"wp:featuredmedia":[{"embeddable":true,"href":"https:\/\/www.freebetbest.com\/pt-pt\/wp-json\/wp\/v2\/media\/129072"}],"wp:attachment":[{"href":"https:\/\/www.freebetbest.com\/pt-pt\/wp-json\/wp\/v2\/media?parent=4473"}],"curies":[{"name":"wp","href":"https:\/\/api.w.org\/{rel}","templated":true}]}}