{"id":4469,"date":"2019-07-15T08:14:02","date_gmt":"2019-07-15T08:14:02","guid":{"rendered":"https:\/\/www.freebetbest.com\/cricket-apostas-online\/"},"modified":"2021-07-28T17:19:36","modified_gmt":"2021-07-28T17:19:36","slug":"cricket-online-apostas","status":"publish","type":"page","link":"https:\/\/www.freebetbest.com\/pt-pt\/cricket-online-apostas\/","title":{"rendered":"\u00daltimas Apostas Online de Cricket"},"content":{"rendered":"<h3>Apostas Online de Cricket: Guia, Funcionalidades e Ofertas para <a href=\"https:\/\/www.freebetbest.com\/pt-pt\/sites-de-apostas\/\">Casas de Apostas<\/a><\/h3>\n<p>Apostas online no cr\u00edquete. \u00c9 um evento coletivo com um grande n\u00famero de f\u00e3s. Isto \u00e9 principalmente por causa do cr\u00edquete. Est\u00e1 a tornar-se cada vez mais popular na \u00cdndia, com mais de mil milh\u00f5es de pessoas a ficarem, e gra\u00e7as aos entusiastas indianos, de acordo com alguns recursos, o cr\u00edquete tornar-se-\u00e1 na Terra. O segundo maior desporto depois do futebol. Os videojogos acontecem durante todo o ano, a possibilidade de Apostas Online de Cricket. \u00c9 quase infinito.<\/p>\n<h3>A forma de apostas de cr\u00edquete.<\/h3>\n<p>H\u00e1 um empate dentro do primeiro cr\u00edquete, por isso a probabilidade do resultado final do teste \u00e9 de tr\u00eas vias. Os resultados da atra\u00e7\u00e3o n\u00e3o s\u00e3o t\u00e3o regulares como o basquetebol, mas \u00e9 mais prov\u00e1vel, semelhante ao h\u00f3quei. Num formato \u00fanico, a casa de apostas &#8220;Vinte&#8221; oferece-lhe dois resultados, mas \u00e9 imposs\u00edvel atrair.<\/p>\n<h3>Aumentar as oportunidades.<\/h3>\n<p>\u00c0 semelhan\u00e7a de apostar em torno de resultados, s\u00f3 pode aumentar a probabilidade. Resumir estes dois resultados a um pre\u00e7o mais baixo. Por exemplo, n\u00e3o atrair ou um dos funcion\u00e1rios. N\u00e3o vai pelo menos cair.<\/p>\n<h3>Um bom come\u00e7o.<\/h3>\n<p>Aqui, pode prever os benef\u00edcios que a equipa vai ganhar, ou pode n\u00e3o criar mais obst\u00e1culos para o advers\u00e1rio. Por exemplo, nos jogos de teste entre equipas fortes, absolutamente nenhuma probabilidade \u00e9 popular.<\/p>\n<h3>Generalizar.<\/h3>\n<p>Aposte no n\u00famero de feridas por atividade ou num \u00fanico est\u00e1gio ap\u00f3s 5, 10, etc. e 15 vezes. Pode ser o n\u00famero total de cada membro da tripula\u00e7\u00e3o. E o n\u00famero total de pessoas.<\/p>\n<h3>Dados dos participantes.<\/h3>\n<p>No mais alto n\u00edvel de cr\u00edquete, em geral, voc\u00ea pode encontrar o suficiente. Pensamentos sobre as realiza\u00e7\u00f5es pessoais dos jogadores. Os sinais s\u00e3o muito diferentes: o n\u00famero de les\u00f5es ou 6 remates, de acordo com os numerosos campe\u00f5es do videojogo. O melhor batedor ou melhor jogador da conven\u00e7\u00e3o.<\/p>\n<h3>Estat\u00edsticas de atividade.<\/h3>\n<p>Cricket tem uma grande quantidade de dados e pequenas ocasi\u00f5es. Num campo sobre o n\u00famero de ressaltos. Ou o melhor resultado da primeira coopera\u00e7\u00e3o. No caminho para uma concorr\u00eancia em grande escala, n\u00e3o \u00e9 realmente dif\u00edcil encontrar uma cota\u00e7\u00e3o. Al\u00e9m disso, muitos edif\u00edcios de escrit\u00f3rios tamb\u00e9m s\u00e3o recomendados. Como destruir a primeira porta.<\/p>\n<h3>As apostas online do Cricket est\u00e3o no primeiro jogo.<\/h3>\n<p>No teste a longo prazo dos concorrentes, o mercado de apostas favorito, porque voc\u00ea precisa encontrar. N\u00e3o tens de esperar pacientemente por uns dias pelos resultados do jogo inicial. Geralmente pode ser encontrado perto do primeiro assalto. As v\u00e1rias apostas mencionadas anteriormente.<\/p>\n<h3>Visite o sorteio da sorte.<\/h3>\n<p>As casas de apostas podem estar em todos os jogos principais. Fa\u00e7a a previs\u00e3o mais realista. A probabilidade de especula\u00e7\u00e3o no primeiro grupo \u00e9 de 50 a 50. Quando jogares o jogo durante muito tempo, ainda vais perder dinheiro \u00e0 beira da casa de apostas.<\/p>\n<h3>Estrat\u00e9gia de apostas on-line de cr\u00edquete<\/h3>\n<p>A melhor previs\u00e3o para o cr\u00edquete. Os fatores s\u00e3o elementos ben\u00e9ficos. Tem um significado real, que se deve principalmente \u00e0 sua tecnologia \u00fanica de apostas. Existem muitas formas de combinar an\u00e1lise, independentemente do formato da partida. Ao escolher uma aposta de cr\u00edquete, pode encontrar cinco. Os principais fatores a ter em conta.<\/p>\n<h3>B\u00f3nus de apostas<\/h3>\n<p>Este processo \u00e9 para obter a melhor oferta. E derrotar o obst\u00e1culo do problema da recompensa. A nossa empresa est\u00e1 aqui para ajud\u00e1-lo. Determinar que ofertas de jogo. Vale o seu tempo e esfor\u00e7o, quais devem bloquear, e quais sites de jogo. Forne\u00e7a-lhe as melhores ofertas de jogo.<\/p>\n<h3>Ofertas de apostas de cr\u00edquete: <a href=\"https:\/\/www.freebetsinfo.co.uk\/free-bets\/\">apostas gratuitas<\/a><\/h3>\n<p>O cr\u00edquete n\u00e3o \u00e9 apenas o mais comum na Terra. Taco on-line e jogo de golfe. Trata-se, de facto, de jogos de internet. O evento desportivo mais din\u00e2mico com um p\u00fablico global enorme. Os operadores s\u00e3o estas pessoas. Proporciona muito atraente. Competitividade das apostas de cr\u00edquete.<\/p>\n<p><!-- \/wp:post-content --><\/p>\n<p><!-- wp:paragraph \/--><\/p>\n","protected":false},"excerpt":{"rendered":"<p>Apostas de cr\u00edquete: as diretrizes, caracter\u00edsticas e caracter\u00edsticas das casas de apostas<\/p>\n<div class=\"hero-cup-section\">\n<div class=\"row mb-4\">\n<div class=\"col-md-7\">\n<div class=\"section-area\">\n<div class=\"section-list\">\n<li style=\"text-align: left\"><img decoding=\"async\" src=\"https:\/\/www.freebetbest.com\/wp-content\/uploads\/2021\/06\/tick.png\" alt=\"Esportes\">  B\u00f3nus de boas-vindas do Casino Desportivo.<\/li>\n<li style=\"text-align: left\"><img decoding=\"async\" src=\"https:\/\/www.freebetbest.com\/wp-content\/uploads\/2021\/06\/tick.png\" alt=\"ofertas de jogos\">  Os corretores online oferecem &amp; promo\u00e7\u00f5es.<\/li>\n<li style=\"text-align: left\"><img decoding=\"async\" src=\"https:\/\/www.freebetbest.com\/wp-content\/uploads\/2021\/06\/tick.png\" alt=\"ofertas de jogos\">  Os melhores apostadores online em que pode confiar.<\/li>\n<li style=\"text-align: left\"><img decoding=\"async\" src=\"https:\/\/www.freebetbest.com\/wp-content\/uploads\/2021\/06\/tick.png\" alt=\"Autorit\u00e1rio\">  Revis\u00e3o autorit\u00e1ria Seguro fi\u00e1vel.<\/li>\n<li style=\"text-align: left\"><img decoding=\"async\" src=\"https:\/\/www.freebetbest.com\/wp-content\/uploads\/2021\/06\/tick.png\" alt=\"Levantamentos r\u00e1pidos\">  Suporte de APLICATIVO M\u00f3vel, Levantamentos R\u00e1pidos.<\/li>\n<li style=\"text-align: left\"><img decoding=\"async\" src=\"https:\/\/www.freebetbest.com\/wp-content\/uploads\/2021\/06\/tick.png\" alt=\"Apoio ao cliente\">  Suporte ao cliente: 365 dias, 24 horas por dia.<\/li>\n<\/div>\n<\/div>\n<\/div>\n<div class=\"col-md-5\">\n<div class=\"cup-img\"><img decoding=\"async\" src=\"https:\/\/www.freebetbest.com\/wp-content\/uploads\/2021\/06\/asia.png\" alt=\"Esportes\"><\/div>\n<\/div>\n<\/div>\n","protected":false},"author":1,"featured_media":4470,"parent":0,"menu_order":0,"comment_status":"closed","ping_status":"closed","template":"Sports-template.php","meta":{"footnotes":""},"class_list":["post-4469","page","type-page","status-publish","has-post-thumbnail","hentry"],"yoast_head":"<!-- This site is optimized with the Yoast SEO Premium plugin v19.5 (Yoast SEO v27.0) - https:\/\/yoast.com\/product\/yoast-seo-premium-wordpress\/ -->\n<title>\u00daltimas Apostas Online de Cricket Novo B\u00f3nus de Inscri\u00e7\u00e3o de Clientes<\/title>\n<meta name=\"description\" content=\"\u00daltimas Apostas Online de Cricket Melhores casas de apostas online,Ofertas de esportes, casino, poker, bingo &amp; mobile apostas, Sem Deposit Free Bet\" \/>\n<meta name=\"robots\" content=\"index, follow, max-snippet:-1, max-image-preview:large, max-video-preview:-1\" \/>\n<link rel=\"canonical\" href=\"https:\/\/www.freebetbest.com\/pt-pt\/cricket-online-apostas\/\" \/>\n<meta property=\"og:locale\" content=\"pt_PT\" \/>\n<meta property=\"og:type\" content=\"article\" \/>\n<meta property=\"og:title\" content=\"\u00daltimas Apostas Online de Cricket\" \/>\n<meta property=\"og:description\" content=\"\u00daltimas Apostas Online de Cricket Melhores casas de apostas online,Ofertas de esportes, casino, poker, bingo &amp; mobile apostas, Sem Deposit Free Bet\" \/>\n<meta property=\"og:url\" content=\"https:\/\/www.freebetbest.com\/pt-pt\/cricket-online-apostas\/\" \/>\n<meta property=\"og:site_name\" content=\"Aposta Gr\u00e1tis | Cassino online | Apostas de futebol | Melhor Aposta Gr\u00e1tis\" \/>\n<meta property=\"article:modified_time\" content=\"2021-07-28T17:19:36+00:00\" \/>\n<meta property=\"og:image\" content=\"https:\/\/www.freebetbest.com\/wp-content\/uploads\/2019\/07\/Cricket.jpg\" \/>\n\t<meta property=\"og:image:width\" content=\"500\" \/>\n\t<meta property=\"og:image:height\" content=\"175\" \/>\n\t<meta property=\"og:image:type\" content=\"image\/jpeg\" \/>\n<meta name=\"twitter:card\" content=\"summary_large_image\" \/>\n<meta name=\"twitter:label1\" content=\"Tempo estimado de leitura\" \/>\n\t<meta name=\"twitter:data1\" content=\"3 minutos\" \/>\n<script type=\"application\/ld+json\" class=\"yoast-schema-graph\">{\"@context\":\"https:\/\/schema.org\",\"@graph\":[{\"@type\":\"WebPage\",\"@id\":\"https:\/\/www.freebetbest.com\/pt-pt\/cricket-online-apostas\/\",\"url\":\"https:\/\/www.freebetbest.com\/pt-pt\/cricket-online-apostas\/\",\"name\":\"\u00daltimas Apostas Online de Cricket Novo B\u00f3nus de Inscri\u00e7\u00e3o de Clientes\",\"isPartOf\":{\"@id\":\"https:\/\/www.freebetbest.com\/pt-pt\/#website\"},\"primaryImageOfPage\":{\"@id\":\"https:\/\/www.freebetbest.com\/pt-pt\/cricket-online-apostas\/#primaryimage\"},\"image\":{\"@id\":\"https:\/\/www.freebetbest.com\/pt-pt\/cricket-online-apostas\/#primaryimage\"},\"thumbnailUrl\":\"https:\/\/www.freebetbest.com\/wp-content\/uploads\/2019\/07\/Cricket.jpg\",\"datePublished\":\"2019-07-15T08:14:02+00:00\",\"dateModified\":\"2021-07-28T17:19:36+00:00\",\"description\":\"\u00daltimas Apostas Online de Cricket Melhores casas de apostas online,Ofertas de esportes, casino, poker, bingo & mobile apostas, Sem Deposit Free Bet\",\"breadcrumb\":{\"@id\":\"https:\/\/www.freebetbest.com\/pt-pt\/cricket-online-apostas\/#breadcrumb\"},\"inLanguage\":\"pt-PT\",\"potentialAction\":[{\"@type\":\"ReadAction\",\"target\":[\"https:\/\/www.freebetbest.com\/pt-pt\/cricket-online-apostas\/\"]}]},{\"@type\":\"ImageObject\",\"inLanguage\":\"pt-PT\",\"@id\":\"https:\/\/www.freebetbest.com\/pt-pt\/cricket-online-apostas\/#primaryimage\",\"url\":\"https:\/\/www.freebetbest.com\/wp-content\/uploads\/2019\/07\/Cricket.jpg\",\"contentUrl\":\"https:\/\/www.freebetbest.com\/wp-content\/uploads\/2019\/07\/Cricket.jpg\",\"width\":500,\"height\":175,\"caption\":\"Apostas Online de Cricket\"},{\"@type\":\"BreadcrumbList\",\"@id\":\"https:\/\/www.freebetbest.com\/pt-pt\/cricket-online-apostas\/#breadcrumb\",\"itemListElement\":[{\"@type\":\"ListItem\",\"position\":1,\"name\":\"Home\",\"item\":\"https:\/\/www.freebetbest.com\/pt-pt\/\"},{\"@type\":\"ListItem\",\"position\":2,\"name\":\"\u00daltimas Apostas Online de Cricket\"}]},{\"@type\":\"WebSite\",\"@id\":\"https:\/\/www.freebetbest.com\/pt-pt\/#website\",\"url\":\"https:\/\/www.freebetbest.com\/pt-pt\/\",\"name\":\"Aposta Gr\u00e1tis | Cassino online | Apostas de futebol | Melhor Aposta Gr\u00e1tis\",\"description\":\"As melhores casas de apostas on-line, Oferecem esportes, cassino, p\u00f4quer, bingo e apostas m\u00f3veis, Cassino online ,Apostas de futebol, Melhor Aposta Gr\u00e1tis,  Os principais portais de jogos de azar do mundo.\",\"publisher\":{\"@id\":\"https:\/\/www.freebetbest.com\/pt-pt\/#\/schema\/person\/292684ccf388a2362d507874c5b80a69\"},\"potentialAction\":[{\"@type\":\"SearchAction\",\"target\":{\"@type\":\"EntryPoint\",\"urlTemplate\":\"https:\/\/www.freebetbest.com\/pt-pt\/?s={search_term_string}\"},\"query-input\":{\"@type\":\"PropertyValueSpecification\",\"valueRequired\":true,\"valueName\":\"search_term_string\"}}],\"inLanguage\":\"pt-PT\"},{\"@type\":[\"Person\",\"Organization\"],\"@id\":\"https:\/\/www.freebetbest.com\/pt-pt\/#\/schema\/person\/292684ccf388a2362d507874c5b80a69\",\"name\":\"\u7ba1\u7406\",\"image\":{\"@type\":\"ImageObject\",\"inLanguage\":\"pt-PT\",\"@id\":\"https:\/\/www.freebetbest.com\/pt-pt\/#\/schema\/person\/image\/\",\"url\":\"https:\/\/www.freebetbest.com\/wp-content\/litespeed\/avatar\/49696b52fb15293a2168c14964fdd8b9.jpg?ver=1775625495\",\"contentUrl\":\"https:\/\/www.freebetbest.com\/wp-content\/litespeed\/avatar\/49696b52fb15293a2168c14964fdd8b9.jpg?ver=1775625495\",\"caption\":\"\u7ba1\u7406\"},\"logo\":{\"@id\":\"https:\/\/www.freebetbest.com\/pt-pt\/#\/schema\/person\/image\/\"},\"sameAs\":[\"admin\"]}]}<\/script>\n<!-- \/ Yoast SEO Premium plugin. -->","yoast_head_json":{"title":"\u00daltimas Apostas Online de Cricket Novo B\u00f3nus de Inscri\u00e7\u00e3o de Clientes","description":"\u00daltimas Apostas Online de Cricket Melhores casas de apostas online,Ofertas de esportes, casino, poker, bingo & mobile apostas, Sem Deposit Free Bet","robots":{"index":"index","follow":"follow","max-snippet":"max-snippet:-1","max-image-preview":"max-image-preview:large","max-video-preview":"max-video-preview:-1"},"canonical":"https:\/\/www.freebetbest.com\/pt-pt\/cricket-online-apostas\/","og_locale":"pt_PT","og_type":"article","og_title":"\u00daltimas Apostas Online de Cricket","og_description":"\u00daltimas Apostas Online de Cricket Melhores casas de apostas online,Ofertas de esportes, casino, poker, bingo & mobile apostas, Sem Deposit Free Bet","og_url":"https:\/\/www.freebetbest.com\/pt-pt\/cricket-online-apostas\/","og_site_name":"Aposta Gr\u00e1tis | Cassino online | Apostas de futebol | Melhor Aposta Gr\u00e1tis","article_modified_time":"2021-07-28T17:19:36+00:00","og_image":[{"width":500,"height":175,"url":"https:\/\/www.freebetbest.com\/wp-content\/uploads\/2019\/07\/Cricket.jpg","type":"image\/jpeg"}],"twitter_card":"summary_large_image","twitter_misc":{"Tempo estimado de leitura":"3 minutos"},"schema":{"@context":"https:\/\/schema.org","@graph":[{"@type":"WebPage","@id":"https:\/\/www.freebetbest.com\/pt-pt\/cricket-online-apostas\/","url":"https:\/\/www.freebetbest.com\/pt-pt\/cricket-online-apostas\/","name":"\u00daltimas Apostas Online de Cricket Novo B\u00f3nus de Inscri\u00e7\u00e3o de Clientes","isPartOf":{"@id":"https:\/\/www.freebetbest.com\/pt-pt\/#website"},"primaryImageOfPage":{"@id":"https:\/\/www.freebetbest.com\/pt-pt\/cricket-online-apostas\/#primaryimage"},"image":{"@id":"https:\/\/www.freebetbest.com\/pt-pt\/cricket-online-apostas\/#primaryimage"},"thumbnailUrl":"https:\/\/www.freebetbest.com\/wp-content\/uploads\/2019\/07\/Cricket.jpg","datePublished":"2019-07-15T08:14:02+00:00","dateModified":"2021-07-28T17:19:36+00:00","description":"\u00daltimas Apostas Online de Cricket Melhores casas de apostas online,Ofertas de esportes, casino, poker, bingo & mobile apostas, Sem Deposit Free Bet","breadcrumb":{"@id":"https:\/\/www.freebetbest.com\/pt-pt\/cricket-online-apostas\/#breadcrumb"},"inLanguage":"pt-PT","potentialAction":[{"@type":"ReadAction","target":["https:\/\/www.freebetbest.com\/pt-pt\/cricket-online-apostas\/"]}]},{"@type":"ImageObject","inLanguage":"pt-PT","@id":"https:\/\/www.freebetbest.com\/pt-pt\/cricket-online-apostas\/#primaryimage","url":"https:\/\/www.freebetbest.com\/wp-content\/uploads\/2019\/07\/Cricket.jpg","contentUrl":"https:\/\/www.freebetbest.com\/wp-content\/uploads\/2019\/07\/Cricket.jpg","width":500,"height":175,"caption":"Apostas Online de Cricket"},{"@type":"BreadcrumbList","@id":"https:\/\/www.freebetbest.com\/pt-pt\/cricket-online-apostas\/#breadcrumb","itemListElement":[{"@type":"ListItem","position":1,"name":"Home","item":"https:\/\/www.freebetbest.com\/pt-pt\/"},{"@type":"ListItem","position":2,"name":"\u00daltimas Apostas Online de Cricket"}]},{"@type":"WebSite","@id":"https:\/\/www.freebetbest.com\/pt-pt\/#website","url":"https:\/\/www.freebetbest.com\/pt-pt\/","name":"Aposta Gr\u00e1tis | Cassino online | Apostas de futebol | Melhor Aposta Gr\u00e1tis","description":"As melhores casas de apostas on-line, Oferecem esportes, cassino, p\u00f4quer, bingo e apostas m\u00f3veis, Cassino online ,Apostas de futebol, Melhor Aposta Gr\u00e1tis,  Os principais portais de jogos de azar do mundo.","publisher":{"@id":"https:\/\/www.freebetbest.com\/pt-pt\/#\/schema\/person\/292684ccf388a2362d507874c5b80a69"},"potentialAction":[{"@type":"SearchAction","target":{"@type":"EntryPoint","urlTemplate":"https:\/\/www.freebetbest.com\/pt-pt\/?s={search_term_string}"},"query-input":{"@type":"PropertyValueSpecification","valueRequired":true,"valueName":"search_term_string"}}],"inLanguage":"pt-PT"},{"@type":["Person","Organization"],"@id":"https:\/\/www.freebetbest.com\/pt-pt\/#\/schema\/person\/292684ccf388a2362d507874c5b80a69","name":"\u7ba1\u7406","image":{"@type":"ImageObject","inLanguage":"pt-PT","@id":"https:\/\/www.freebetbest.com\/pt-pt\/#\/schema\/person\/image\/","url":"https:\/\/www.freebetbest.com\/wp-content\/litespeed\/avatar\/49696b52fb15293a2168c14964fdd8b9.jpg?ver=1775625495","contentUrl":"https:\/\/www.freebetbest.com\/wp-content\/litespeed\/avatar\/49696b52fb15293a2168c14964fdd8b9.jpg?ver=1775625495","caption":"\u7ba1\u7406"},"logo":{"@id":"https:\/\/www.freebetbest.com\/pt-pt\/#\/schema\/person\/image\/"},"sameAs":["admin"]}]}},"_links":{"self":[{"href":"https:\/\/www.freebetbest.com\/pt-pt\/wp-json\/wp\/v2\/pages\/4469","targetHints":{"allow":["GET"]}}],"collection":[{"href":"https:\/\/www.freebetbest.com\/pt-pt\/wp-json\/wp\/v2\/pages"}],"about":[{"href":"https:\/\/www.freebetbest.com\/pt-pt\/wp-json\/wp\/v2\/types\/page"}],"author":[{"embeddable":true,"href":"https:\/\/www.freebetbest.com\/pt-pt\/wp-json\/wp\/v2\/users\/1"}],"replies":[{"embeddable":true,"href":"https:\/\/www.freebetbest.com\/pt-pt\/wp-json\/wp\/v2\/comments?post=4469"}],"version-history":[{"count":0,"href":"https:\/\/www.freebetbest.com\/pt-pt\/wp-json\/wp\/v2\/pages\/4469\/revisions"}],"wp:featuredmedia":[{"embeddable":true,"href":"https:\/\/www.freebetbest.com\/pt-pt\/wp-json\/wp\/v2\/media\/4470"}],"wp:attachment":[{"href":"https:\/\/www.freebetbest.com\/pt-pt\/wp-json\/wp\/v2\/media?parent=4469"}],"curies":[{"name":"wp","href":"https:\/\/api.w.org\/{rel}","templated":true}]}}