{"id":4464,"date":"2019-07-18T03:47:29","date_gmt":"2019-07-18T03:47:29","guid":{"rendered":"https:\/\/www.freebetbest.com\/apostas-online-no-casino\/"},"modified":"2021-07-29T09:54:58","modified_gmt":"2021-07-29T09:54:58","slug":"mais-recente-casino-apostas-bonus","status":"publish","type":"page","link":"https:\/\/www.freebetbest.com\/pt-pt\/mais-recente-casino-apostas-bonus\/","title":{"rendered":"mais recente casino apostas bonus"},"content":{"rendered":"\n<h2>Introdu\u00e7\u00e3o ao mais recente b\u00f3nus de apostas do Casino<\/h2>\n<p>Registe-se consigo para o \u00faltimo b\u00f3nus de apostas do Casino. E antes de come\u00e7ar o jogo, entenda a defini\u00e7\u00e3o de uma ag\u00eancia de jogos na Internet. Vai definitivamente ajudar. A jogar num casino online pela primeira vez. \u00c9 emocionante. Mesmo que s\u00f3 queiras ficar online. Encontre algum divertimento e divers\u00e3o, e compreenda o que estes sites t\u00eam em comum. E como aproveitar ao m\u00e1ximo \u00e9 tamb\u00e9m muito importante.<\/p>\n<h2>Saiba mais sobre apostas online de casino<\/h2>\n<p>Obtenha uma ag\u00eancia de apostas segura. Como escolher um casino online. O primeiro item que deve procurar \u00e9 a p\u00e1gina &#8220;Sobre N\u00f3s&#8221;. A\u00ed, precisa esperar ver. Fortale\u00e7a os detalhes das fun\u00e7\u00f5es de casino online, estas fun\u00e7\u00f5es devem ser-lhe dadas. Um sentimento de confian\u00e7a. S\u00e3o jurisdi\u00e7\u00f5es r\u00edgidas e s\u00f3 se preocupam com a forma como a comunidade empresarial as v\u00ea.<\/p>\n<h3>O melhor conselho vem dos participantes do casino da <a href=\"https:\/\/www.freebetbest.com\/pt-pt\/sites-de-apostas\/\">Internet<\/a><\/h3>\n<p>Partilh\u00e1mos muito no f\u00f3rum comunit\u00e1rio. Devia l\u00ea-lo com cuidado. Avalia\u00e7\u00e3o de ag\u00eancias de jogo online. Saiba mais sobre os pr\u00f3s e contras dos casinos online. E toda a informa\u00e7\u00e3o sobre opera\u00e7\u00f5es internas.<\/p>\n<p>Ag\u00eancia de jogos online importante. Consulte uma ag\u00eancia de jogos online antes de continuar. Antes de configurar a sua conta, conhecimentos importantes sobre casinos online<\/p>\n<p>Jogo de casino online. Nas institui\u00e7\u00f5es de jogos de apostas na Internet, os videojogos contam com sorte. Jogos online A sua casa ganha sempre. Ganhar dinheiro n\u00e3o \u00e9 dif\u00edcil. A riqueza n\u00e3o \u00e9 o \u00fanico elemento real.<\/p>\n<p>Impacto nos jogos de casino online. Depende de eventos aleat\u00f3rios. Isto pode envolver a convers\u00e3o de cart\u00f5es de sauda\u00e7\u00e3o, rodas girat\u00f3rias ou at\u00e9 mesmo dados rolantes. Sem eles, podes ter qualquer controlo.<\/p>\n<h3><a href=\"https:\/\/www.freebetsinfo.co.uk\/free-bets\/\">Os casinos online<\/a> n\u00e3o precisam de sorte para ganhar dinheiro.<\/h3>\n<p>Devido aos seus algoritmos e aspetos matematicamente positivos, a possibilidade de te tornares um jogador. Nem sempre \u00e9 grande. Isto resume-se \u00e0 lei da possibilidade, mas o tribunal geralmente apoia a vantagem do jogador.<\/p>\n<h3>Cada vez que gosta \u00e9 divertido apostar<\/h3>\n<p>A referida regra da probabilidade. Tamb\u00e9m pode ser ben\u00e9fico para si. Lembre-se que as vantagens dos casinos online s\u00e3o \u00fateis a longo prazo. Isto significa, a curto prazo. Com um pouco de sorte e grande riqueza, n\u00e3o tens nenhuma raz\u00e3o. N\u00e3o deve ser bem sucedido em casinos online.<\/p>\n<h3>B\u00f3nus gratuito do casino<\/h3>\n<p>Recompensas da ag\u00eancia de jogos. Compensado por casinos online. Clientes e clientes existentes, e usados para atrair novos clientes, mantendo novos clientes. Estes b\u00f3nus do casino. Pode fazer um dep\u00f3sito sozinho. Usados da mesma forma, mas podem ter diferentes requisitos de apostas.<\/p>\n<h3>Que site de apostas oferece as melhores recompensas do casino?<\/h3>\n<p>Porque v\u00e1rios casinos online est\u00e3o sempre l\u00e1. Troca de casino online por b\u00f3nus extra. Qual casino aumenta melhor os b\u00f3nus para si, tamb\u00e9m pode basear-se nele. A quantia de dep\u00f3sito que planeia fazer. \u00c9 diferente. o mais importante \u00e9. Passas e compreendes as condi\u00e7\u00f5es.<\/p>\n<p>Circunst\u00e2ncias relacionadas com interesses particularmente atraentes. Normalmente, um pequeno pr\u00e9-requisito para apostas. Isto significa que esta \u00e9 uma boa receita de casino online. Mas n\u00e3o se esque\u00e7a de verificar. Prazo de validade da recompensa e outros conte\u00fados.<\/p>\n<h3>O que s\u00e3o exatamente as voltas gr\u00e1tis?<\/h3>\n<p>Comparado com apostas gr\u00e1tis, as voltas gr\u00e1tis podem apanhar-te. Aproveite o jogo sem pagar. Se voc\u00ea participar nas rota\u00e7\u00f5es gratuitas do casino online, voc\u00ea pode desfrutar de jogos de slot completamente gratuitos, que permitem uma rota\u00e7\u00e3o completamente gratuita.<\/p>\n","protected":false},"excerpt":{"rendered":"<p>Todos os seus jogos de casino online favoritos! O nosso software \u00e9 sempre o melhor. Comece agora com um b\u00f4nus de boas-vindas gratuito e um download gratuito!<\/p>\n<div class=\"hero-cup-section\">\n<div class=\"row mb-4\">\n<div class=\"col-md-7\">\n<div class=\"section-area\">\n<div class=\"section-list\">\n<li style=\"text-align: left\"><img decoding=\"async\" src=\"https:\/\/www.freebetbest.com\/wp-content\/uploads\/2021\/06\/tick.png\" alt=\"Esportes\">  B\u00f3nus de boas-vindas do Casino Desportivo.<\/li>\n<li style=\"text-align: left\"><img decoding=\"async\" src=\"https:\/\/www.freebetbest.com\/wp-content\/uploads\/2021\/06\/tick.png\" alt=\"ofertas de jogos\">  Os corretores online oferecem &amp; promo\u00e7\u00f5es.<\/li>\n<li style=\"text-align: left\"><img decoding=\"async\" src=\"https:\/\/www.freebetbest.com\/wp-content\/uploads\/2021\/06\/tick.png\" alt=\"ofertas de jogos\">  Os melhores apostadores online em que pode confiar.<\/li>\n<li style=\"text-align: left\"><img decoding=\"async\" src=\"https:\/\/www.freebetbest.com\/wp-content\/uploads\/2021\/06\/tick.png\" alt=\"Autorit\u00e1rio\">  Revis\u00e3o autorit\u00e1ria Seguro fi\u00e1vel.<\/li>\n<li style=\"text-align: left\"><img decoding=\"async\" src=\"https:\/\/www.freebetbest.com\/wp-content\/uploads\/2021\/06\/tick.png\" alt=\"Levantamentos r\u00e1pidos\">  Suporte de APLICATIVO M\u00f3vel, Levantamentos R\u00e1pidos.<\/li>\n<li style=\"text-align: left\"><img decoding=\"async\" src=\"https:\/\/www.freebetbest.com\/wp-content\/uploads\/2021\/06\/tick.png\" alt=\"Apoio ao cliente\">  Suporte ao cliente: 365 dias, 24 horas por dia.<\/li>\n<\/div>\n<\/div>\n<\/div>\n<div class=\"col-md-5\">\n<div class=\"cup-img\"><img decoding=\"async\" src=\"https:\/\/www.freebetbest.com\/wp-content\/uploads\/2021\/06\/Casino.png\" alt=\"Casino\"><\/div>\n<\/div>\n<\/div>\n","protected":false},"author":1,"featured_media":4465,"parent":0,"menu_order":0,"comment_status":"closed","ping_status":"closed","template":"casino-template.php","meta":{"footnotes":""},"class_list":["post-4464","page","type-page","status-publish","has-post-thumbnail","hentry"],"yoast_head":"<!-- This site is optimized with the Yoast SEO Premium plugin v19.5 (Yoast SEO v27.0) - https:\/\/yoast.com\/product\/yoast-seo-premium-wordpress\/ -->\n<title>mais recente casino apostas bonus Sem dep\u00f3sito livre, b\u00f3nus de casino online<\/title>\n<meta name=\"description\" content=\"Melhores casas de apostas online,Oferece esportes, casino, poker, bingo &amp; mobile apostas, C\u00f3digos de B\u00f3nus de Casino Online,Os l\u00edderes mundiais de portais de jogo\" \/>\n<meta name=\"robots\" content=\"index, follow, max-snippet:-1, max-image-preview:large, max-video-preview:-1\" \/>\n<link rel=\"canonical\" href=\"https:\/\/www.freebetbest.com\/pt-pt\/mais-recente-casino-apostas-bonus\/\" \/>\n<meta property=\"og:locale\" content=\"pt_PT\" \/>\n<meta property=\"og:type\" content=\"article\" \/>\n<meta property=\"og:title\" content=\"mais recente casino apostas bonus\" \/>\n<meta property=\"og:description\" content=\"Melhores casas de apostas online,Oferece esportes, casino, poker, bingo &amp; mobile apostas, C\u00f3digos de B\u00f3nus de Casino Online,Os l\u00edderes mundiais de portais de jogo\" \/>\n<meta property=\"og:url\" content=\"https:\/\/www.freebetbest.com\/pt-pt\/mais-recente-casino-apostas-bonus\/\" \/>\n<meta property=\"og:site_name\" content=\"Aposta Gr\u00e1tis | Cassino online | Apostas de futebol | Melhor Aposta Gr\u00e1tis\" \/>\n<meta property=\"article:modified_time\" content=\"2021-07-29T09:54:58+00:00\" \/>\n<meta property=\"og:image\" content=\"https:\/\/www.freebetbest.com\/wp-content\/uploads\/2019\/07\/casino-gambling_ys_ys.jpg\" \/>\n\t<meta property=\"og:image:width\" content=\"380\" \/>\n\t<meta property=\"og:image:height\" content=\"191\" \/>\n\t<meta property=\"og:image:type\" content=\"image\/jpeg\" \/>\n<meta name=\"twitter:card\" content=\"summary_large_image\" \/>\n<meta name=\"twitter:label1\" content=\"Tempo estimado de leitura\" \/>\n\t<meta name=\"twitter:data1\" content=\"3 minutos\" \/>\n<script type=\"application\/ld+json\" class=\"yoast-schema-graph\">{\"@context\":\"https:\/\/schema.org\",\"@graph\":[{\"@type\":\"WebPage\",\"@id\":\"https:\/\/www.freebetbest.com\/pt-pt\/mais-recente-casino-apostas-bonus\/\",\"url\":\"https:\/\/www.freebetbest.com\/pt-pt\/mais-recente-casino-apostas-bonus\/\",\"name\":\"mais recente casino apostas bonus Sem dep\u00f3sito livre, b\u00f3nus de casino online\",\"isPartOf\":{\"@id\":\"https:\/\/www.freebetbest.com\/pt-pt\/#website\"},\"primaryImageOfPage\":{\"@id\":\"https:\/\/www.freebetbest.com\/pt-pt\/mais-recente-casino-apostas-bonus\/#primaryimage\"},\"image\":{\"@id\":\"https:\/\/www.freebetbest.com\/pt-pt\/mais-recente-casino-apostas-bonus\/#primaryimage\"},\"thumbnailUrl\":\"https:\/\/www.freebetbest.com\/wp-content\/uploads\/2019\/07\/casino-gambling_ys_ys.jpg\",\"datePublished\":\"2019-07-18T03:47:29+00:00\",\"dateModified\":\"2021-07-29T09:54:58+00:00\",\"description\":\"Melhores casas de apostas online,Oferece esportes, casino, poker, bingo & mobile apostas, C\u00f3digos de B\u00f3nus de Casino Online,Os l\u00edderes mundiais de portais de jogo\",\"breadcrumb\":{\"@id\":\"https:\/\/www.freebetbest.com\/pt-pt\/mais-recente-casino-apostas-bonus\/#breadcrumb\"},\"inLanguage\":\"pt-PT\",\"potentialAction\":[{\"@type\":\"ReadAction\",\"target\":[\"https:\/\/www.freebetbest.com\/pt-pt\/mais-recente-casino-apostas-bonus\/\"]}]},{\"@type\":\"ImageObject\",\"inLanguage\":\"pt-PT\",\"@id\":\"https:\/\/www.freebetbest.com\/pt-pt\/mais-recente-casino-apostas-bonus\/#primaryimage\",\"url\":\"https:\/\/www.freebetbest.com\/wp-content\/uploads\/2019\/07\/casino-gambling_ys_ys.jpg\",\"contentUrl\":\"https:\/\/www.freebetbest.com\/wp-content\/uploads\/2019\/07\/casino-gambling_ys_ys.jpg\",\"width\":380,\"height\":191},{\"@type\":\"BreadcrumbList\",\"@id\":\"https:\/\/www.freebetbest.com\/pt-pt\/mais-recente-casino-apostas-bonus\/#breadcrumb\",\"itemListElement\":[{\"@type\":\"ListItem\",\"position\":1,\"name\":\"Home\",\"item\":\"https:\/\/www.freebetbest.com\/pt-pt\/\"},{\"@type\":\"ListItem\",\"position\":2,\"name\":\"mais recente casino apostas bonus\"}]},{\"@type\":\"WebSite\",\"@id\":\"https:\/\/www.freebetbest.com\/pt-pt\/#website\",\"url\":\"https:\/\/www.freebetbest.com\/pt-pt\/\",\"name\":\"Aposta Gr\u00e1tis | Cassino online | Apostas de futebol | Melhor Aposta Gr\u00e1tis\",\"description\":\"As melhores casas de apostas on-line, Oferecem esportes, cassino, p\u00f4quer, bingo e apostas m\u00f3veis, Cassino online ,Apostas de futebol, Melhor Aposta Gr\u00e1tis,  Os principais portais de jogos de azar do mundo.\",\"publisher\":{\"@id\":\"https:\/\/www.freebetbest.com\/pt-pt\/#\/schema\/person\/292684ccf388a2362d507874c5b80a69\"},\"potentialAction\":[{\"@type\":\"SearchAction\",\"target\":{\"@type\":\"EntryPoint\",\"urlTemplate\":\"https:\/\/www.freebetbest.com\/pt-pt\/?s={search_term_string}\"},\"query-input\":{\"@type\":\"PropertyValueSpecification\",\"valueRequired\":true,\"valueName\":\"search_term_string\"}}],\"inLanguage\":\"pt-PT\"},{\"@type\":[\"Person\",\"Organization\"],\"@id\":\"https:\/\/www.freebetbest.com\/pt-pt\/#\/schema\/person\/292684ccf388a2362d507874c5b80a69\",\"name\":\"\u7ba1\u7406\",\"image\":{\"@type\":\"ImageObject\",\"inLanguage\":\"pt-PT\",\"@id\":\"https:\/\/www.freebetbest.com\/pt-pt\/#\/schema\/person\/image\/\",\"url\":\"https:\/\/www.freebetbest.com\/wp-content\/litespeed\/avatar\/49696b52fb15293a2168c14964fdd8b9.jpg?ver=1777439934\",\"contentUrl\":\"https:\/\/www.freebetbest.com\/wp-content\/litespeed\/avatar\/49696b52fb15293a2168c14964fdd8b9.jpg?ver=1777439934\",\"caption\":\"\u7ba1\u7406\"},\"logo\":{\"@id\":\"https:\/\/www.freebetbest.com\/pt-pt\/#\/schema\/person\/image\/\"},\"sameAs\":[\"admin\"]}]}<\/script>\n<!-- \/ Yoast SEO Premium plugin. -->","yoast_head_json":{"title":"mais recente casino apostas bonus Sem dep\u00f3sito livre, b\u00f3nus de casino online","description":"Melhores casas de apostas online,Oferece esportes, casino, poker, bingo & mobile apostas, C\u00f3digos de B\u00f3nus de Casino Online,Os l\u00edderes mundiais de portais de jogo","robots":{"index":"index","follow":"follow","max-snippet":"max-snippet:-1","max-image-preview":"max-image-preview:large","max-video-preview":"max-video-preview:-1"},"canonical":"https:\/\/www.freebetbest.com\/pt-pt\/mais-recente-casino-apostas-bonus\/","og_locale":"pt_PT","og_type":"article","og_title":"mais recente casino apostas bonus","og_description":"Melhores casas de apostas online,Oferece esportes, casino, poker, bingo & mobile apostas, C\u00f3digos de B\u00f3nus de Casino Online,Os l\u00edderes mundiais de portais de jogo","og_url":"https:\/\/www.freebetbest.com\/pt-pt\/mais-recente-casino-apostas-bonus\/","og_site_name":"Aposta Gr\u00e1tis | Cassino online | Apostas de futebol | Melhor Aposta Gr\u00e1tis","article_modified_time":"2021-07-29T09:54:58+00:00","og_image":[{"width":380,"height":191,"url":"https:\/\/www.freebetbest.com\/wp-content\/uploads\/2019\/07\/casino-gambling_ys_ys.jpg","type":"image\/jpeg"}],"twitter_card":"summary_large_image","twitter_misc":{"Tempo estimado de leitura":"3 minutos"},"schema":{"@context":"https:\/\/schema.org","@graph":[{"@type":"WebPage","@id":"https:\/\/www.freebetbest.com\/pt-pt\/mais-recente-casino-apostas-bonus\/","url":"https:\/\/www.freebetbest.com\/pt-pt\/mais-recente-casino-apostas-bonus\/","name":"mais recente casino apostas bonus Sem dep\u00f3sito livre, b\u00f3nus de casino online","isPartOf":{"@id":"https:\/\/www.freebetbest.com\/pt-pt\/#website"},"primaryImageOfPage":{"@id":"https:\/\/www.freebetbest.com\/pt-pt\/mais-recente-casino-apostas-bonus\/#primaryimage"},"image":{"@id":"https:\/\/www.freebetbest.com\/pt-pt\/mais-recente-casino-apostas-bonus\/#primaryimage"},"thumbnailUrl":"https:\/\/www.freebetbest.com\/wp-content\/uploads\/2019\/07\/casino-gambling_ys_ys.jpg","datePublished":"2019-07-18T03:47:29+00:00","dateModified":"2021-07-29T09:54:58+00:00","description":"Melhores casas de apostas online,Oferece esportes, casino, poker, bingo & mobile apostas, C\u00f3digos de B\u00f3nus de Casino Online,Os l\u00edderes mundiais de portais de jogo","breadcrumb":{"@id":"https:\/\/www.freebetbest.com\/pt-pt\/mais-recente-casino-apostas-bonus\/#breadcrumb"},"inLanguage":"pt-PT","potentialAction":[{"@type":"ReadAction","target":["https:\/\/www.freebetbest.com\/pt-pt\/mais-recente-casino-apostas-bonus\/"]}]},{"@type":"ImageObject","inLanguage":"pt-PT","@id":"https:\/\/www.freebetbest.com\/pt-pt\/mais-recente-casino-apostas-bonus\/#primaryimage","url":"https:\/\/www.freebetbest.com\/wp-content\/uploads\/2019\/07\/casino-gambling_ys_ys.jpg","contentUrl":"https:\/\/www.freebetbest.com\/wp-content\/uploads\/2019\/07\/casino-gambling_ys_ys.jpg","width":380,"height":191},{"@type":"BreadcrumbList","@id":"https:\/\/www.freebetbest.com\/pt-pt\/mais-recente-casino-apostas-bonus\/#breadcrumb","itemListElement":[{"@type":"ListItem","position":1,"name":"Home","item":"https:\/\/www.freebetbest.com\/pt-pt\/"},{"@type":"ListItem","position":2,"name":"mais recente casino apostas bonus"}]},{"@type":"WebSite","@id":"https:\/\/www.freebetbest.com\/pt-pt\/#website","url":"https:\/\/www.freebetbest.com\/pt-pt\/","name":"Aposta Gr\u00e1tis | Cassino online | Apostas de futebol | Melhor Aposta Gr\u00e1tis","description":"As melhores casas de apostas on-line, Oferecem esportes, cassino, p\u00f4quer, bingo e apostas m\u00f3veis, Cassino online ,Apostas de futebol, Melhor Aposta Gr\u00e1tis,  Os principais portais de jogos de azar do mundo.","publisher":{"@id":"https:\/\/www.freebetbest.com\/pt-pt\/#\/schema\/person\/292684ccf388a2362d507874c5b80a69"},"potentialAction":[{"@type":"SearchAction","target":{"@type":"EntryPoint","urlTemplate":"https:\/\/www.freebetbest.com\/pt-pt\/?s={search_term_string}"},"query-input":{"@type":"PropertyValueSpecification","valueRequired":true,"valueName":"search_term_string"}}],"inLanguage":"pt-PT"},{"@type":["Person","Organization"],"@id":"https:\/\/www.freebetbest.com\/pt-pt\/#\/schema\/person\/292684ccf388a2362d507874c5b80a69","name":"\u7ba1\u7406","image":{"@type":"ImageObject","inLanguage":"pt-PT","@id":"https:\/\/www.freebetbest.com\/pt-pt\/#\/schema\/person\/image\/","url":"https:\/\/www.freebetbest.com\/wp-content\/litespeed\/avatar\/49696b52fb15293a2168c14964fdd8b9.jpg?ver=1777439934","contentUrl":"https:\/\/www.freebetbest.com\/wp-content\/litespeed\/avatar\/49696b52fb15293a2168c14964fdd8b9.jpg?ver=1777439934","caption":"\u7ba1\u7406"},"logo":{"@id":"https:\/\/www.freebetbest.com\/pt-pt\/#\/schema\/person\/image\/"},"sameAs":["admin"]}]}},"_links":{"self":[{"href":"https:\/\/www.freebetbest.com\/pt-pt\/wp-json\/wp\/v2\/pages\/4464","targetHints":{"allow":["GET"]}}],"collection":[{"href":"https:\/\/www.freebetbest.com\/pt-pt\/wp-json\/wp\/v2\/pages"}],"about":[{"href":"https:\/\/www.freebetbest.com\/pt-pt\/wp-json\/wp\/v2\/types\/page"}],"author":[{"embeddable":true,"href":"https:\/\/www.freebetbest.com\/pt-pt\/wp-json\/wp\/v2\/users\/1"}],"replies":[{"embeddable":true,"href":"https:\/\/www.freebetbest.com\/pt-pt\/wp-json\/wp\/v2\/comments?post=4464"}],"version-history":[{"count":0,"href":"https:\/\/www.freebetbest.com\/pt-pt\/wp-json\/wp\/v2\/pages\/4464\/revisions"}],"wp:featuredmedia":[{"embeddable":true,"href":"https:\/\/www.freebetbest.com\/pt-pt\/wp-json\/wp\/v2\/media\/4465"}],"wp:attachment":[{"href":"https:\/\/www.freebetbest.com\/pt-pt\/wp-json\/wp\/v2\/media?parent=4464"}],"curies":[{"name":"wp","href":"https:\/\/api.w.org\/{rel}","templated":true}]}}