{"id":4459,"date":"2019-07-15T09:02:03","date_gmt":"2019-07-15T09:02:03","guid":{"rendered":"https:\/\/www.freebetbest.com\/apostas-online-de-motogp\/"},"modified":"2021-08-16T07:35:11","modified_gmt":"2021-08-16T07:35:11","slug":"mais-recente-corrida-online-apostas","status":"publish","type":"page","link":"https:\/\/www.freebetbest.com\/pt-pt\/mais-recente-corrida-online-apostas\/","title":{"rendered":"\u00daltimas apostas online da Racing"},"content":{"rendered":"\n<div class=\"text-area__container\">\n<div class=\"text-area__content\">\n<h2>Apostas online de corridas<\/h2>\n<p>Tal como a maioria das apostas online da Racing, muita da aten\u00e7\u00e3o em torno do MotoGP concentra-se em torno do vencedor da corrida, enquanto outros mercados como a pole position e para terminar dentro do top 10 tamb\u00e9m s\u00e3o de interesse e m\u00e9todos muito populares de <a href=\"https:\/\/www.freebetbest.com\/pt-pt\/sites-de-apostas\/\">apostas.<\/a><\/p>\n<h3>O clima atual do MotoGP significa que<\/h3>\n<p>Em compara\u00e7\u00e3o com a F1, por exemplo, as corridas s\u00e3o muito mais disputadas com o vencedor mais dif\u00edcil de prever. Isto d\u00e1 melhores probabilidades e uma melhor hip\u00f3tese de ganhar em grande quando se aposta no MotoGP. O mesmo se aplica \u00e0s apostas de antepost<\/p>\n<h3>que se estendem por toda a temporada de MotoGP<\/h3>\n<p>com os t\u00edtulos de pilotos e construtores para agarrar entre v\u00e1rias equipas. adicionando \u00e0 excita\u00e7\u00e3o, bem como a possibilidade de encontrar um vencedor a um pre\u00e7o maior.<\/p>\n<h3>Apostas online de corridas Casas de apostas<\/h3>\n<p>Embora o MotoGP j\u00e1 c\u00e1 esteja h\u00e1 muito tempo e sempre tenha tido um grande culto, n\u00e3o chegou ao mainstream tanto como outros desportos como a F1. Isso est\u00e1 a mudar, no entanto, e com os apostadores a cobrirem cada vez mais desportos e eventos a cada ano que passa, \u00e9 mais f\u00e1cil do que nunca apostar no MotoGP.<\/p>\n<h3>A maioria das principais casas de apostas agora oferecem odds<\/h3>\n<p>tanto nos mercados de antepost e corridas individuais com uma variedade de mercados dispon\u00edveis a cada ronda do calend\u00e1rio de MotoGP. N\u00f3s o ajudamos no ranking de apostas de MotoGP, ent\u00e3o use o gr\u00e1fico acima para obter grandes probabilidades e ofertas para cada corrida de MotoGP.<\/p>\n<h3>Apostas online ao vivo Racing<\/h3>\n<p>O MotoGP \u00e9 um dos desportos motorizados mais emocionantes com corridas de motocicletas de alta velocidade sempre emocionantes, com muitas ultrapassagens arriscadas e corridas altamente competitivas. Apostar no MotoGP est\u00e1 a aumentar de popularidade \u00e0 medida que o desporto atinge um p\u00fablico totalmente novo<\/p>\n<h3>com muitos dos f\u00e3s movendo-se mais de<\/h3>\n<p>F\u00f3rmula 1 para encontrar um meio de corrida muito mais interessante com mais chances de ganhar muito dinheiro quando aposta devido \u00e0 natureza mais imprevis\u00edvel da modalidade. Torna-se uma grande visualiza\u00e7\u00e3o e um desporto fant\u00e1stico para apostar. Certifique-se de usar grandes apostadores de MotoGP e para obter ofertas e promo\u00e7\u00f5es incr\u00edveis usando freebetbest.com.<\/p>\n<h3>Probabilidades loucas aumentadas<\/h3>\n<p>Para aquele grande pa\u00eds, algumas empresas de apostas. Abrindo uma nova conta banc\u00e1ria para qualquer um. Forne\u00e7a informa\u00e7\u00f5es sobre os mais procurados. Ou um grande n\u00famero dos corredores mais famosos. Aumentar a probabilidade de atrair novos clientes.<\/p>\n<p>Este tipo de cita\u00e7\u00e3o. Normalmente traz um risco m\u00e1ximo bastante pequeno. Normalmente entre 1 e 5 libras. . Se o cavalo est\u00e1 a pensar nisso. Eventualmente, tenha sucesso na competi\u00e7\u00e3o, o seu rendimento ser\u00e1 muitas vezes baseado nisto. O custo inicial dos cavalos \u00e9 compensado em dinheiro, que \u00e9 completamente gratuito. <a href=\"https:\/\/www.freebetsinfo.co.uk\/asia-bookmakers\/\">As apostas<\/a> pagam mais odds e, assim, recebem mais b\u00f3nus.<\/p>\n<h3>Resumo de apostas on-line de corrida<\/h3>\n<p>Alguns locais de corrida de cavalos fornecem. Apostas completamente gr\u00e1tis. Deixam-te escolher um cavalo. Se continuar a ganhar rendimentos, pode definitivamente obter um reembolso.<\/p>\n<p>Normalmente, a sua op\u00e7\u00e3o gratuita. Os fundos ser\u00e3o reembolsados de acordo com as suas necessidades, pode retirar ou apostar novamente, mas \u00e0s vezes vai funcionar. As apostas gratuitas que n\u00e3o pode retirar ser\u00e3o reembolsadas. Certifique-se de que est\u00e1 a rever os termos e condi\u00e7\u00f5es para realmente alcan\u00e7ar as suas expectativas.<\/p>\n<h3>Fornecer aos consumidores atuais descontos de transmiss\u00e3o nacionais fant\u00e1sticos<\/h3>\n<p>Quase todos os produtos est\u00e3o completamente focados em novos neg\u00f3cios. Ainda assim, as casas de apostas s\u00e3o tamb\u00e9m clientes que criam apostas unidirecionais. Crie algumas condi\u00e7\u00f5es incomuns no local.<\/p>\n<p><a href=\"https:\/\/www.freebetsinfo.co.uk\"><span style=\"vertical-align: inherit;\">Em conclus\u00e3o, <\/span>\n  \n<\/a> <a href=\"https:\/\/www.freebetsinfo.co.uk\"> <span style=\"vertical-align: inherit;\">n\u00e3o \u00e9 adequado, confira o site do nosso parceiro<\/span>\n  \n<\/a><\/p>\n<\/div>\n<\/div>\n","protected":false},"excerpt":{"rendered":"<p>Apostas online competitivas e emocionantes da \u00daltima Racing, com muitas ultrapassagens e corridas de pregos, trazendo grande excita\u00e7\u00e3o ao mundo do automobilismo. Confira as nossas classifica\u00e7\u00f5es, coment\u00e1rios e informa\u00e7\u00f5es de b\u00f3nus e encontre o corretor de apostas certo para si.<\/p>\n<div class=\"hero-cup-section\">\n<div class=\"row mb-4\">\n<div class=\"col-md-7\">\n<div class=\"section-area\">\n<div class=\"section-list\">\n<li style=\"text-align: left\"><img decoding=\"async\" src=\"https:\/\/www.freebetbest.com\/wp-content\/uploads\/2021\/06\/tick.png\" alt=\"Esportes\">  B\u00f3nus de boas-vindas do Casino Desportivo.<\/li>\n<li style=\"text-align: left\"><img decoding=\"async\" src=\"https:\/\/www.freebetbest.com\/wp-content\/uploads\/2021\/06\/tick.png\" alt=\"ofertas de jogos\">  Os corretores online oferecem &amp; promo\u00e7\u00f5es.<\/li>\n<li style=\"text-align: left\"><img decoding=\"async\" src=\"https:\/\/www.freebetbest.com\/wp-content\/uploads\/2021\/06\/tick.png\" alt=\"ofertas de jogos\">  Os melhores apostadores online em que pode confiar.<\/li>\n<li style=\"text-align: left\"><img decoding=\"async\" src=\"https:\/\/www.freebetbest.com\/wp-content\/uploads\/2021\/06\/tick.png\" alt=\"Autorit\u00e1rio\">  Revis\u00e3o autorit\u00e1ria Seguro fi\u00e1vel.<\/li>\n<li style=\"text-align: left\"><img decoding=\"async\" src=\"https:\/\/www.freebetbest.com\/wp-content\/uploads\/2021\/06\/tick.png\" alt=\"Levantamentos r\u00e1pidos\">  Suporte de APLICATIVO M\u00f3vel, Levantamentos R\u00e1pidos.<\/li>\n<li style=\"text-align: left\"><img decoding=\"async\" src=\"https:\/\/www.freebetbest.com\/wp-content\/uploads\/2021\/06\/tick.png\" alt=\"Apoio ao cliente\">  Suporte ao cliente: 365 dias, 24 horas por dia.<\/li>\n<\/div>\n<\/div>\n<\/div>\n<div class=\"col-md-5\">\n<div class=\"cup-img\"><img decoding=\"async\" src=\"https:\/\/www.freebetbest.com\/wp-content\/uploads\/2021\/06\/Racing-1.png\" alt=\"Corrida\"><\/div>\n<\/div>\n<\/div>\n","protected":false},"author":1,"featured_media":4460,"parent":0,"menu_order":0,"comment_status":"closed","ping_status":"closed","template":"Sports-template.php","meta":{"footnotes":""},"class_list":["post-4459","page","type-page","status-publish","has-post-thumbnail","hentry"],"yoast_head":"<!-- This site is optimized with the Yoast SEO Premium plugin v19.5 (Yoast SEO v27.0) - https:\/\/yoast.com\/product\/yoast-seo-premium-wordpress\/ -->\n<title>\u00daltimas apostas online da Racing, Promo\u00e7\u00e3o de Dep\u00f3sitos pela primeira vez<\/title>\n<meta name=\"description\" content=\"\u00daltimas apostas online da Racing Melhores casas de apostas online, casinos, poker, bingo e apostas m\u00f3veis, casinos online, apostas de futebol.\" \/>\n<meta name=\"robots\" content=\"index, follow, max-snippet:-1, max-image-preview:large, max-video-preview:-1\" \/>\n<link rel=\"canonical\" href=\"https:\/\/www.freebetbest.com\/pt-pt\/mais-recente-corrida-online-apostas\/\" \/>\n<meta property=\"og:locale\" content=\"pt_PT\" \/>\n<meta property=\"og:type\" content=\"article\" \/>\n<meta property=\"og:title\" content=\"\u00daltimas apostas online da Racing\" \/>\n<meta property=\"og:description\" content=\"\u00daltimas apostas online da Racing Melhores casas de apostas online, casinos, poker, bingo e apostas m\u00f3veis, casinos online, apostas de futebol.\" \/>\n<meta property=\"og:url\" content=\"https:\/\/www.freebetbest.com\/pt-pt\/mais-recente-corrida-online-apostas\/\" \/>\n<meta property=\"og:site_name\" content=\"Aposta Gr\u00e1tis | Cassino online | Apostas de futebol | Melhor Aposta Gr\u00e1tis\" \/>\n<meta property=\"article:modified_time\" content=\"2021-08-16T07:35:11+00:00\" \/>\n<meta property=\"og:image\" content=\"https:\/\/www.freebetbest.com\/wp-content\/uploads\/2019\/07\/title-banner-major-event-motogp.jpg\" \/>\n\t<meta property=\"og:image:width\" content=\"500\" \/>\n\t<meta property=\"og:image:height\" content=\"156\" \/>\n\t<meta property=\"og:image:type\" content=\"image\/jpeg\" \/>\n<meta name=\"twitter:card\" content=\"summary_large_image\" \/>\n<meta name=\"twitter:label1\" content=\"Tempo estimado de leitura\" \/>\n\t<meta name=\"twitter:data1\" content=\"3 minutos\" \/>\n<script type=\"application\/ld+json\" class=\"yoast-schema-graph\">{\"@context\":\"https:\/\/schema.org\",\"@graph\":[{\"@type\":\"WebPage\",\"@id\":\"https:\/\/www.freebetbest.com\/pt-pt\/mais-recente-corrida-online-apostas\/\",\"url\":\"https:\/\/www.freebetbest.com\/pt-pt\/mais-recente-corrida-online-apostas\/\",\"name\":\"\u00daltimas apostas online da Racing, Promo\u00e7\u00e3o de Dep\u00f3sitos pela primeira vez\",\"isPartOf\":{\"@id\":\"https:\/\/www.freebetbest.com\/pt-pt\/#website\"},\"primaryImageOfPage\":{\"@id\":\"https:\/\/www.freebetbest.com\/pt-pt\/mais-recente-corrida-online-apostas\/#primaryimage\"},\"image\":{\"@id\":\"https:\/\/www.freebetbest.com\/pt-pt\/mais-recente-corrida-online-apostas\/#primaryimage\"},\"thumbnailUrl\":\"https:\/\/www.freebetbest.com\/wp-content\/uploads\/2019\/07\/title-banner-major-event-motogp.jpg\",\"datePublished\":\"2019-07-15T09:02:03+00:00\",\"dateModified\":\"2021-08-16T07:35:11+00:00\",\"description\":\"\u00daltimas apostas online da Racing Melhores casas de apostas online, casinos, poker, bingo e apostas m\u00f3veis, casinos online, apostas de futebol.\",\"breadcrumb\":{\"@id\":\"https:\/\/www.freebetbest.com\/pt-pt\/mais-recente-corrida-online-apostas\/#breadcrumb\"},\"inLanguage\":\"pt-PT\",\"potentialAction\":[{\"@type\":\"ReadAction\",\"target\":[\"https:\/\/www.freebetbest.com\/pt-pt\/mais-recente-corrida-online-apostas\/\"]}]},{\"@type\":\"ImageObject\",\"inLanguage\":\"pt-PT\",\"@id\":\"https:\/\/www.freebetbest.com\/pt-pt\/mais-recente-corrida-online-apostas\/#primaryimage\",\"url\":\"https:\/\/www.freebetbest.com\/wp-content\/uploads\/2019\/07\/title-banner-major-event-motogp.jpg\",\"contentUrl\":\"https:\/\/www.freebetbest.com\/wp-content\/uploads\/2019\/07\/title-banner-major-event-motogp.jpg\",\"width\":500,\"height\":156,\"caption\":\"Competindo apostas online\"},{\"@type\":\"BreadcrumbList\",\"@id\":\"https:\/\/www.freebetbest.com\/pt-pt\/mais-recente-corrida-online-apostas\/#breadcrumb\",\"itemListElement\":[{\"@type\":\"ListItem\",\"position\":1,\"name\":\"Home\",\"item\":\"https:\/\/www.freebetbest.com\/pt-pt\/\"},{\"@type\":\"ListItem\",\"position\":2,\"name\":\"\u00daltimas apostas online da Racing\"}]},{\"@type\":\"WebSite\",\"@id\":\"https:\/\/www.freebetbest.com\/pt-pt\/#website\",\"url\":\"https:\/\/www.freebetbest.com\/pt-pt\/\",\"name\":\"Aposta Gr\u00e1tis | Cassino online | Apostas de futebol | Melhor Aposta Gr\u00e1tis\",\"description\":\"As melhores casas de apostas on-line, Oferecem esportes, cassino, p\u00f4quer, bingo e apostas m\u00f3veis, Cassino online ,Apostas de futebol, Melhor Aposta Gr\u00e1tis,  Os principais portais de jogos de azar do mundo.\",\"publisher\":{\"@id\":\"https:\/\/www.freebetbest.com\/pt-pt\/#\/schema\/person\/292684ccf388a2362d507874c5b80a69\"},\"potentialAction\":[{\"@type\":\"SearchAction\",\"target\":{\"@type\":\"EntryPoint\",\"urlTemplate\":\"https:\/\/www.freebetbest.com\/pt-pt\/?s={search_term_string}\"},\"query-input\":{\"@type\":\"PropertyValueSpecification\",\"valueRequired\":true,\"valueName\":\"search_term_string\"}}],\"inLanguage\":\"pt-PT\"},{\"@type\":[\"Person\",\"Organization\"],\"@id\":\"https:\/\/www.freebetbest.com\/pt-pt\/#\/schema\/person\/292684ccf388a2362d507874c5b80a69\",\"name\":\"\u7ba1\u7406\",\"image\":{\"@type\":\"ImageObject\",\"inLanguage\":\"pt-PT\",\"@id\":\"https:\/\/www.freebetbest.com\/pt-pt\/#\/schema\/person\/image\/\",\"url\":\"https:\/\/www.freebetbest.com\/wp-content\/litespeed\/avatar\/49696b52fb15293a2168c14964fdd8b9.jpg?ver=1778044739\",\"contentUrl\":\"https:\/\/www.freebetbest.com\/wp-content\/litespeed\/avatar\/49696b52fb15293a2168c14964fdd8b9.jpg?ver=1778044739\",\"caption\":\"\u7ba1\u7406\"},\"logo\":{\"@id\":\"https:\/\/www.freebetbest.com\/pt-pt\/#\/schema\/person\/image\/\"},\"sameAs\":[\"admin\"]}]}<\/script>\n<!-- \/ Yoast SEO Premium plugin. -->","yoast_head_json":{"title":"\u00daltimas apostas online da Racing, Promo\u00e7\u00e3o de Dep\u00f3sitos pela primeira vez","description":"\u00daltimas apostas online da Racing Melhores casas de apostas online, casinos, poker, bingo e apostas m\u00f3veis, casinos online, apostas de futebol.","robots":{"index":"index","follow":"follow","max-snippet":"max-snippet:-1","max-image-preview":"max-image-preview:large","max-video-preview":"max-video-preview:-1"},"canonical":"https:\/\/www.freebetbest.com\/pt-pt\/mais-recente-corrida-online-apostas\/","og_locale":"pt_PT","og_type":"article","og_title":"\u00daltimas apostas online da Racing","og_description":"\u00daltimas apostas online da Racing Melhores casas de apostas online, casinos, poker, bingo e apostas m\u00f3veis, casinos online, apostas de futebol.","og_url":"https:\/\/www.freebetbest.com\/pt-pt\/mais-recente-corrida-online-apostas\/","og_site_name":"Aposta Gr\u00e1tis | Cassino online | Apostas de futebol | Melhor Aposta Gr\u00e1tis","article_modified_time":"2021-08-16T07:35:11+00:00","og_image":[{"width":500,"height":156,"url":"https:\/\/www.freebetbest.com\/wp-content\/uploads\/2019\/07\/title-banner-major-event-motogp.jpg","type":"image\/jpeg"}],"twitter_card":"summary_large_image","twitter_misc":{"Tempo estimado de leitura":"3 minutos"},"schema":{"@context":"https:\/\/schema.org","@graph":[{"@type":"WebPage","@id":"https:\/\/www.freebetbest.com\/pt-pt\/mais-recente-corrida-online-apostas\/","url":"https:\/\/www.freebetbest.com\/pt-pt\/mais-recente-corrida-online-apostas\/","name":"\u00daltimas apostas online da Racing, Promo\u00e7\u00e3o de Dep\u00f3sitos pela primeira vez","isPartOf":{"@id":"https:\/\/www.freebetbest.com\/pt-pt\/#website"},"primaryImageOfPage":{"@id":"https:\/\/www.freebetbest.com\/pt-pt\/mais-recente-corrida-online-apostas\/#primaryimage"},"image":{"@id":"https:\/\/www.freebetbest.com\/pt-pt\/mais-recente-corrida-online-apostas\/#primaryimage"},"thumbnailUrl":"https:\/\/www.freebetbest.com\/wp-content\/uploads\/2019\/07\/title-banner-major-event-motogp.jpg","datePublished":"2019-07-15T09:02:03+00:00","dateModified":"2021-08-16T07:35:11+00:00","description":"\u00daltimas apostas online da Racing Melhores casas de apostas online, casinos, poker, bingo e apostas m\u00f3veis, casinos online, apostas de futebol.","breadcrumb":{"@id":"https:\/\/www.freebetbest.com\/pt-pt\/mais-recente-corrida-online-apostas\/#breadcrumb"},"inLanguage":"pt-PT","potentialAction":[{"@type":"ReadAction","target":["https:\/\/www.freebetbest.com\/pt-pt\/mais-recente-corrida-online-apostas\/"]}]},{"@type":"ImageObject","inLanguage":"pt-PT","@id":"https:\/\/www.freebetbest.com\/pt-pt\/mais-recente-corrida-online-apostas\/#primaryimage","url":"https:\/\/www.freebetbest.com\/wp-content\/uploads\/2019\/07\/title-banner-major-event-motogp.jpg","contentUrl":"https:\/\/www.freebetbest.com\/wp-content\/uploads\/2019\/07\/title-banner-major-event-motogp.jpg","width":500,"height":156,"caption":"Competindo apostas online"},{"@type":"BreadcrumbList","@id":"https:\/\/www.freebetbest.com\/pt-pt\/mais-recente-corrida-online-apostas\/#breadcrumb","itemListElement":[{"@type":"ListItem","position":1,"name":"Home","item":"https:\/\/www.freebetbest.com\/pt-pt\/"},{"@type":"ListItem","position":2,"name":"\u00daltimas apostas online da Racing"}]},{"@type":"WebSite","@id":"https:\/\/www.freebetbest.com\/pt-pt\/#website","url":"https:\/\/www.freebetbest.com\/pt-pt\/","name":"Aposta Gr\u00e1tis | Cassino online | Apostas de futebol | Melhor Aposta Gr\u00e1tis","description":"As melhores casas de apostas on-line, Oferecem esportes, cassino, p\u00f4quer, bingo e apostas m\u00f3veis, Cassino online ,Apostas de futebol, Melhor Aposta Gr\u00e1tis,  Os principais portais de jogos de azar do mundo.","publisher":{"@id":"https:\/\/www.freebetbest.com\/pt-pt\/#\/schema\/person\/292684ccf388a2362d507874c5b80a69"},"potentialAction":[{"@type":"SearchAction","target":{"@type":"EntryPoint","urlTemplate":"https:\/\/www.freebetbest.com\/pt-pt\/?s={search_term_string}"},"query-input":{"@type":"PropertyValueSpecification","valueRequired":true,"valueName":"search_term_string"}}],"inLanguage":"pt-PT"},{"@type":["Person","Organization"],"@id":"https:\/\/www.freebetbest.com\/pt-pt\/#\/schema\/person\/292684ccf388a2362d507874c5b80a69","name":"\u7ba1\u7406","image":{"@type":"ImageObject","inLanguage":"pt-PT","@id":"https:\/\/www.freebetbest.com\/pt-pt\/#\/schema\/person\/image\/","url":"https:\/\/www.freebetbest.com\/wp-content\/litespeed\/avatar\/49696b52fb15293a2168c14964fdd8b9.jpg?ver=1778044739","contentUrl":"https:\/\/www.freebetbest.com\/wp-content\/litespeed\/avatar\/49696b52fb15293a2168c14964fdd8b9.jpg?ver=1778044739","caption":"\u7ba1\u7406"},"logo":{"@id":"https:\/\/www.freebetbest.com\/pt-pt\/#\/schema\/person\/image\/"},"sameAs":["admin"]}]}},"_links":{"self":[{"href":"https:\/\/www.freebetbest.com\/pt-pt\/wp-json\/wp\/v2\/pages\/4459","targetHints":{"allow":["GET"]}}],"collection":[{"href":"https:\/\/www.freebetbest.com\/pt-pt\/wp-json\/wp\/v2\/pages"}],"about":[{"href":"https:\/\/www.freebetbest.com\/pt-pt\/wp-json\/wp\/v2\/types\/page"}],"author":[{"embeddable":true,"href":"https:\/\/www.freebetbest.com\/pt-pt\/wp-json\/wp\/v2\/users\/1"}],"replies":[{"embeddable":true,"href":"https:\/\/www.freebetbest.com\/pt-pt\/wp-json\/wp\/v2\/comments?post=4459"}],"version-history":[{"count":0,"href":"https:\/\/www.freebetbest.com\/pt-pt\/wp-json\/wp\/v2\/pages\/4459\/revisions"}],"wp:featuredmedia":[{"embeddable":true,"href":"https:\/\/www.freebetbest.com\/pt-pt\/wp-json\/wp\/v2\/media\/4460"}],"wp:attachment":[{"href":"https:\/\/www.freebetbest.com\/pt-pt\/wp-json\/wp\/v2\/media?parent=4459"}],"curies":[{"name":"wp","href":"https:\/\/api.w.org\/{rel}","templated":true}]}}