{"id":4453,"date":"2019-07-18T05:21:08","date_gmt":"2019-07-18T05:21:08","guid":{"rendered":"https:\/\/www.freebetbest.com\/apostas-online-casino-ao-vivo\/"},"modified":"2021-08-16T06:40:27","modified_gmt":"2021-08-16T06:40:27","slug":"mais-recente-e-e-e-e-apostas-bonus","status":"publish","type":"page","link":"https:\/\/www.freebetbest.com\/pt-pt\/mais-recente-e-e-e-e-apostas-bonus\/","title":{"rendered":"B\u00f3nus de apostas mais recentes dos e-espors"},"content":{"rendered":"\n<div class=\"text-area__container\">\n<div class=\"text-area__content\">\n<h2>B\u00f3nus de apostas mais recentes dos e-espors<\/h2>\nO que precisa saber. Todas as atividades de informa\u00e7\u00e3o de jogo. O \u00faltimo B\u00f3nus de Apostas E-espors. Esta \u00e9, de facto, uma tend\u00eancia relativamente nova, mas muitas pessoas est\u00e3o a apostar. Obteve rendimentos consider\u00e1veis. Com e-sports. Come\u00e7ando a penetrar no mainstream, sites de jogos mais tradicionais apareceram, e agora deixam-te tomar um. Uma forma direta e inofensiva. Venha experimentar jogos de e-sports.\n<h2>Site de<a href=\"https:\/\/www.freebetsinfo.co.uk\/free-bets\/\">b\u00f3nus<\/a> de apostas desportivas mais recentes profissionais<\/h2>\nApostas desportivas. H\u00e1 definitivamente muitas op\u00e7\u00f5es. E por causa das fotos de jogos de e-sports. Tornando-se cada vez mais competitivo, por isso h\u00e1 muitos sites de apostas. Ir\u00e1 fornecer alguns servi\u00e7os. Os enormes benef\u00edcios dos jogos de e-sports. Pode atra\u00ed-lo para se inscrever com o seu provedor.\n\nViremos destes sites de jogo. Lide com os melhores b\u00f3nus de e-sports. Realizar uma avalia\u00e7\u00e3o abrangente. Ajudar-te a determinar que tipo de b\u00f3nus. O melhor para as suas apostas exclusivas em e-sports. Ent\u00e3o, por favor, leia. Os nossos e-sports. Guia especial de autoajuda para aprender a usar os seus jogos online favoritos. Obtenha rendimentos de jogo fi\u00e1veis.\n<h3>Lista das mais recentes promo\u00e7\u00f5es de b\u00f3nus de apostas em e-spors<\/h3>\nVoc\u00ea procura por b\u00f3nus de apostas de e-sports on-line, e certamente receber\u00e1 muito. Informa\u00e7\u00e3o sobre uma s\u00e9rie de ofertas especiais. Uma aposta gr\u00e1tis garantida. Site de apostas e-sports. A casa de apostas que oferece o mesmo pre\u00e7o de adivinha\u00e7\u00e3o. Deve haver v\u00e1rias op\u00e7\u00f5es. Independentemente do \u00e2mbito da promo\u00e7\u00e3o, estas ofertas especiais. A maioria tem fun\u00e7\u00f5es muito semelhantes.\n<h3>B\u00f3nus de apostas mais<a href=\"https:\/\/www.freebetbest.com\/pt-pt\/sites-de-apostas\/\">recentes do E-espors<\/a><\/h3>\nNormalmente, primeiro, \u00e9 preciso juntar-se ao fornecedor da marca, e normalmente vai encontr\u00e1-lo. Pode precisar antes. Arranja um dos acordos. Pague o dep\u00f3sito primeiro. Pode at\u00e9 entender. Sites de jogo ocasionais. Ser-lhe-\u00e1 pedido que utilize um c\u00f3digo de computador promocional para que possa iniciar. Os seus acordos promocionais.\n<h3>Antes de assinar uma oferta \u00fanica a partir do site de jogos<\/h3>\nCertifique-se de comprar mais. H\u00e1 uma s\u00e9rie de ofertas promocionais em torno das quais voc\u00ea deve ser capaz de encontrar. E-sports apostando para voc\u00ea. B\u00f3nus adicionais a pedido. Quer esteja \u00e0 procura de um marketing de e-sports em larga escala que lhe convenha, ou apenas \u00e0 procura dele. Um b\u00f3nus de jogo mais b\u00e1sico, podes conseguir rapidamente. Todos passaram a nossa avalia\u00e7\u00e3o de recompensa de jogo. Obtenha informa\u00e7\u00f5es relevantes.\n<h3>A mais recente avalia\u00e7\u00e3o do pr\u00e9mio de b\u00f3nus de apostas e-sports<\/h3>\n\u00c0 medida que as apostas de e-sports se tornam cada vez mais populares, voc\u00ea pode beneficiar da natureza altamente competitiva da cena de apostas e assim obter benef\u00edcios enormes e gratificantes.\n<h3>Seja uma casa de apostas comum<\/h3>\nOu um novo site de apostas e-sports, voc\u00ea pode definitivamente encontrar um desconto que lhe permite aumentar os seus lucros nas apostas iniciais de e-sports.\n\nAlgumas casas de apostas oferecer\u00e3o ofertas especiais que lhe d\u00e3o um desconto de pagamento igual, que \u00e9 quase igual a 200% do seu pagamento inicial original, enquanto outros sites de apostas o fornecer\u00e3o. Op\u00e7\u00f5es de correspond\u00eancia mais simples.\n<h3>O maior recurso de apostas que recebeu.<\/h3>\nO ranking de cada recompensa \u00e9 f\u00e1cil, mas obviamente as coisas n\u00e3o s\u00e3o assim t\u00e3o f\u00e1ceis. Isto deve-se a alguns dos b\u00f3nus adicionais mais importantes. Os consumidores geralmente precisam de pagar mais dinheiro inicial. Ent\u00e3o, quando todas as atividades. Geralmente acompanhado por muitas condi\u00e7\u00f5es e termos. Quando especificar o m\u00e9todo de utiliza\u00e7\u00e3o do b\u00f3nus, deve registar-se e incluir o website de apostas.\n<\/div>\n<\/div>\n","protected":false},"excerpt":{"rendered":"<p>Aqui est\u00e3o os melhores casinos online que podem ser realizados por dinheiro real.<\/p>\n<div class=\"hero-cup-section\">\n<div class=\"row mb-4\">\n<div class=\"col-md-7\">\n<div class=\"section-area\">\n<div class=\"section-list\">\n<li style=\"text-align: left\"><img decoding=\"async\" src=\"https:\/\/www.freebetbest.com\/wp-content\/uploads\/2021\/06\/tick.png\" alt=\"Esportes\">  B\u00f3nus de boas-vindas do Casino Desportivo.<\/li>\n<li style=\"text-align: left\"><img decoding=\"async\" src=\"https:\/\/www.freebetbest.com\/wp-content\/uploads\/2021\/06\/tick.png\" alt=\"ofertas de jogos\">  Os corretores online oferecem &amp; promo\u00e7\u00f5es.<\/li>\n<li style=\"text-align: left\"><img decoding=\"async\" src=\"https:\/\/www.freebetbest.com\/wp-content\/uploads\/2021\/06\/tick.png\" alt=\"ofertas de jogos\">  Os melhores apostadores online em que pode confiar.<\/li>\n<li style=\"text-align: left\"><img decoding=\"async\" src=\"https:\/\/www.freebetbest.com\/wp-content\/uploads\/2021\/06\/tick.png\" alt=\"Autorit\u00e1rio\">  Revis\u00e3o autorit\u00e1ria Seguro fi\u00e1vel.<\/li>\n<li style=\"text-align: left\"><img decoding=\"async\" src=\"https:\/\/www.freebetbest.com\/wp-content\/uploads\/2021\/06\/tick.png\" alt=\"Levantamentos r\u00e1pidos\">  Suporte de APLICATIVO M\u00f3vel, Levantamentos R\u00e1pidos.<\/li>\n<li style=\"text-align: left\"><img decoding=\"async\" src=\"https:\/\/www.freebetbest.com\/wp-content\/uploads\/2021\/06\/tick.png\" alt=\"Apoio ao cliente\">  Suporte ao cliente: 365 dias, 24 horas por dia.<\/li>\n<\/div>\n<\/div>\n<\/div>\n<div class=\"col-md-5\">\n<div class=\"cup-img\"><img decoding=\"async\" src=\"https:\/\/www.freebetbest.com\/wp-content\/uploads\/2021\/06\/e-spors.png\" alt=\"freebetbest\"><\/div>\n<\/div>\n<\/div>\n","protected":false},"author":1,"featured_media":124953,"parent":0,"menu_order":0,"comment_status":"closed","ping_status":"closed","template":"E-spors-template.php","meta":{"footnotes":""},"class_list":["post-4453","page","type-page","status-publish","has-post-thumbnail","hentry"],"yoast_head":"<!-- This site is optimized with the Yoast SEO Premium plugin v19.5 (Yoast SEO v27.5) - https:\/\/yoast.com\/product\/yoast-seo-premium-wordpress\/ -->\n<title>B\u00f3nus de apostas mais recentes dos e-esporsgr\u00e1tis Sem b\u00f3nus de dep\u00f3sito)<\/title>\n<meta name=\"description\" content=\"B\u00f3nus de apostas mais recentes dos e-espors(aposta gr\u00e1tis Sem b\u00f3nus de dep\u00f3sito, Melhores Casas de Apostas, bem-vindo c\u00f3digo b\u00f3nus de primeiro dep\u00f3sito, Inscreva-se no c\u00f3digo B\u00f3nus.\" \/>\n<meta name=\"robots\" content=\"index, follow, max-snippet:-1, max-image-preview:large, max-video-preview:-1\" \/>\n<link rel=\"canonical\" href=\"https:\/\/www.freebetbest.com\/pt-pt\/mais-recente-e-e-e-e-apostas-bonus\/\" \/>\n<meta property=\"og:locale\" content=\"pt_PT\" \/>\n<meta property=\"og:type\" content=\"article\" \/>\n<meta property=\"og:title\" content=\"B\u00f3nus de apostas mais recentes dos e-espors\" \/>\n<meta property=\"og:description\" content=\"B\u00f3nus de apostas mais recentes dos e-espors(aposta gr\u00e1tis Sem b\u00f3nus de dep\u00f3sito, Melhores Casas de Apostas, bem-vindo c\u00f3digo b\u00f3nus de primeiro dep\u00f3sito, Inscreva-se no c\u00f3digo B\u00f3nus.\" \/>\n<meta property=\"og:url\" content=\"https:\/\/www.freebetbest.com\/pt-pt\/mais-recente-e-e-e-e-apostas-bonus\/\" \/>\n<meta property=\"og:site_name\" content=\"Aposta Gr\u00e1tis | Cassino online | Apostas de futebol | Melhor Aposta Gr\u00e1tis\" \/>\n<meta property=\"article:modified_time\" content=\"2021-08-16T06:40:27+00:00\" \/>\n<meta property=\"og:image\" content=\"https:\/\/www.freebetbest.com\/wp-content\/uploads\/2021\/06\/e-spors1.png\" \/>\n\t<meta property=\"og:image:width\" content=\"417\" \/>\n\t<meta property=\"og:image:height\" content=\"180\" \/>\n\t<meta property=\"og:image:type\" content=\"image\/png\" \/>\n<meta name=\"twitter:card\" content=\"summary_large_image\" \/>\n<meta name=\"twitter:label1\" content=\"Tempo estimado de leitura\" \/>\n\t<meta name=\"twitter:data1\" content=\"3 minutos\" \/>\n<script type=\"application\/ld+json\" class=\"yoast-schema-graph\">{\"@context\":\"https:\\\/\\\/schema.org\",\"@graph\":[{\"@type\":\"WebPage\",\"@id\":\"https:\\\/\\\/www.freebetbest.com\\\/pt-pt\\\/mais-recente-e-e-e-e-apostas-bonus\\\/\",\"url\":\"https:\\\/\\\/www.freebetbest.com\\\/pt-pt\\\/mais-recente-e-e-e-e-apostas-bonus\\\/\",\"name\":\"B\u00f3nus de apostas mais recentes dos e-esporsgr\u00e1tis Sem b\u00f3nus de dep\u00f3sito)\",\"isPartOf\":{\"@id\":\"https:\\\/\\\/www.freebetbest.com\\\/pt-pt\\\/#website\"},\"primaryImageOfPage\":{\"@id\":\"https:\\\/\\\/www.freebetbest.com\\\/pt-pt\\\/mais-recente-e-e-e-e-apostas-bonus\\\/#primaryimage\"},\"image\":{\"@id\":\"https:\\\/\\\/www.freebetbest.com\\\/pt-pt\\\/mais-recente-e-e-e-e-apostas-bonus\\\/#primaryimage\"},\"thumbnailUrl\":\"https:\\\/\\\/www.freebetbest.com\\\/wp-content\\\/uploads\\\/2021\\\/06\\\/e-spors1.png\",\"datePublished\":\"2019-07-18T05:21:08+00:00\",\"dateModified\":\"2021-08-16T06:40:27+00:00\",\"description\":\"B\u00f3nus de apostas mais recentes dos e-espors(aposta gr\u00e1tis Sem b\u00f3nus de dep\u00f3sito, Melhores Casas de Apostas, bem-vindo c\u00f3digo b\u00f3nus de primeiro dep\u00f3sito, Inscreva-se no c\u00f3digo B\u00f3nus.\",\"breadcrumb\":{\"@id\":\"https:\\\/\\\/www.freebetbest.com\\\/pt-pt\\\/mais-recente-e-e-e-e-apostas-bonus\\\/#breadcrumb\"},\"inLanguage\":\"pt-PT\",\"potentialAction\":[{\"@type\":\"ReadAction\",\"target\":[\"https:\\\/\\\/www.freebetbest.com\\\/pt-pt\\\/mais-recente-e-e-e-e-apostas-bonus\\\/\"]}]},{\"@type\":\"ImageObject\",\"inLanguage\":\"pt-PT\",\"@id\":\"https:\\\/\\\/www.freebetbest.com\\\/pt-pt\\\/mais-recente-e-e-e-e-apostas-bonus\\\/#primaryimage\",\"url\":\"https:\\\/\\\/www.freebetbest.com\\\/wp-content\\\/uploads\\\/2021\\\/06\\\/e-spors1.png\",\"contentUrl\":\"https:\\\/\\\/www.freebetbest.com\\\/wp-content\\\/uploads\\\/2021\\\/06\\\/e-spors1.png\",\"width\":417,\"height\":180,\"caption\":\"e-espors1\"},{\"@type\":\"BreadcrumbList\",\"@id\":\"https:\\\/\\\/www.freebetbest.com\\\/pt-pt\\\/mais-recente-e-e-e-e-apostas-bonus\\\/#breadcrumb\",\"itemListElement\":[{\"@type\":\"ListItem\",\"position\":1,\"name\":\"Home\",\"item\":\"https:\\\/\\\/www.freebetbest.com\\\/pt-pt\\\/\"},{\"@type\":\"ListItem\",\"position\":2,\"name\":\"B\u00f3nus de apostas mais recentes dos e-espors\"}]},{\"@type\":\"WebSite\",\"@id\":\"https:\\\/\\\/www.freebetbest.com\\\/pt-pt\\\/#website\",\"url\":\"https:\\\/\\\/www.freebetbest.com\\\/pt-pt\\\/\",\"name\":\"Aposta Gr\u00e1tis | Cassino online | Apostas de futebol | Melhor Aposta Gr\u00e1tis\",\"description\":\"As melhores casas de apostas on-line, Oferecem esportes, cassino, p\u00f4quer, bingo e apostas m\u00f3veis, Cassino online ,Apostas de futebol, Melhor Aposta Gr\u00e1tis,  Os principais portais de jogos de azar do mundo.\",\"publisher\":{\"@id\":\"https:\\\/\\\/www.freebetbest.com\\\/pt-pt\\\/#\\\/schema\\\/person\\\/292684ccf388a2362d507874c5b80a69\"},\"potentialAction\":[{\"@type\":\"SearchAction\",\"target\":{\"@type\":\"EntryPoint\",\"urlTemplate\":\"https:\\\/\\\/www.freebetbest.com\\\/pt-pt\\\/?s={search_term_string}\"},\"query-input\":{\"@type\":\"PropertyValueSpecification\",\"valueRequired\":true,\"valueName\":\"search_term_string\"}}],\"inLanguage\":\"pt-PT\"},{\"@type\":[\"Person\",\"Organization\"],\"@id\":\"https:\\\/\\\/www.freebetbest.com\\\/pt-pt\\\/#\\\/schema\\\/person\\\/292684ccf388a2362d507874c5b80a69\",\"name\":\"\u7ba1\u7406\",\"image\":{\"@type\":\"ImageObject\",\"inLanguage\":\"pt-PT\",\"@id\":\"https:\\\/\\\/www.freebetbest.com\\\/wp-content\\\/litespeed\\\/avatar\\\/49696b52fb15293a2168c14964fdd8b9.jpg?ver=1778649583\",\"url\":\"https:\\\/\\\/www.freebetbest.com\\\/wp-content\\\/litespeed\\\/avatar\\\/49696b52fb15293a2168c14964fdd8b9.jpg?ver=1778649583\",\"contentUrl\":\"https:\\\/\\\/www.freebetbest.com\\\/wp-content\\\/litespeed\\\/avatar\\\/49696b52fb15293a2168c14964fdd8b9.jpg?ver=1778649583\",\"caption\":\"\u7ba1\u7406\"},\"logo\":{\"@id\":\"https:\\\/\\\/www.freebetbest.com\\\/wp-content\\\/litespeed\\\/avatar\\\/49696b52fb15293a2168c14964fdd8b9.jpg?ver=1778649583\"},\"sameAs\":[\"admin\"]}]}<\/script>\n<!-- \/ Yoast SEO Premium plugin. -->","yoast_head_json":{"title":"B\u00f3nus de apostas mais recentes dos e-esporsgr\u00e1tis Sem b\u00f3nus de dep\u00f3sito)","description":"B\u00f3nus de apostas mais recentes dos e-espors(aposta gr\u00e1tis Sem b\u00f3nus de dep\u00f3sito, Melhores Casas de Apostas, bem-vindo c\u00f3digo b\u00f3nus de primeiro dep\u00f3sito, Inscreva-se no c\u00f3digo B\u00f3nus.","robots":{"index":"index","follow":"follow","max-snippet":"max-snippet:-1","max-image-preview":"max-image-preview:large","max-video-preview":"max-video-preview:-1"},"canonical":"https:\/\/www.freebetbest.com\/pt-pt\/mais-recente-e-e-e-e-apostas-bonus\/","og_locale":"pt_PT","og_type":"article","og_title":"B\u00f3nus de apostas mais recentes dos e-espors","og_description":"B\u00f3nus de apostas mais recentes dos e-espors(aposta gr\u00e1tis Sem b\u00f3nus de dep\u00f3sito, Melhores Casas de Apostas, bem-vindo c\u00f3digo b\u00f3nus de primeiro dep\u00f3sito, Inscreva-se no c\u00f3digo B\u00f3nus.","og_url":"https:\/\/www.freebetbest.com\/pt-pt\/mais-recente-e-e-e-e-apostas-bonus\/","og_site_name":"Aposta Gr\u00e1tis | Cassino online | Apostas de futebol | Melhor Aposta Gr\u00e1tis","article_modified_time":"2021-08-16T06:40:27+00:00","og_image":[{"width":417,"height":180,"url":"https:\/\/www.freebetbest.com\/wp-content\/uploads\/2021\/06\/e-spors1.png","type":"image\/png"}],"twitter_card":"summary_large_image","twitter_misc":{"Tempo estimado de leitura":"3 minutos"},"schema":{"@context":"https:\/\/schema.org","@graph":[{"@type":"WebPage","@id":"https:\/\/www.freebetbest.com\/pt-pt\/mais-recente-e-e-e-e-apostas-bonus\/","url":"https:\/\/www.freebetbest.com\/pt-pt\/mais-recente-e-e-e-e-apostas-bonus\/","name":"B\u00f3nus de apostas mais recentes dos e-esporsgr\u00e1tis Sem b\u00f3nus de dep\u00f3sito)","isPartOf":{"@id":"https:\/\/www.freebetbest.com\/pt-pt\/#website"},"primaryImageOfPage":{"@id":"https:\/\/www.freebetbest.com\/pt-pt\/mais-recente-e-e-e-e-apostas-bonus\/#primaryimage"},"image":{"@id":"https:\/\/www.freebetbest.com\/pt-pt\/mais-recente-e-e-e-e-apostas-bonus\/#primaryimage"},"thumbnailUrl":"https:\/\/www.freebetbest.com\/wp-content\/uploads\/2021\/06\/e-spors1.png","datePublished":"2019-07-18T05:21:08+00:00","dateModified":"2021-08-16T06:40:27+00:00","description":"B\u00f3nus de apostas mais recentes dos e-espors(aposta gr\u00e1tis Sem b\u00f3nus de dep\u00f3sito, Melhores Casas de Apostas, bem-vindo c\u00f3digo b\u00f3nus de primeiro dep\u00f3sito, Inscreva-se no c\u00f3digo B\u00f3nus.","breadcrumb":{"@id":"https:\/\/www.freebetbest.com\/pt-pt\/mais-recente-e-e-e-e-apostas-bonus\/#breadcrumb"},"inLanguage":"pt-PT","potentialAction":[{"@type":"ReadAction","target":["https:\/\/www.freebetbest.com\/pt-pt\/mais-recente-e-e-e-e-apostas-bonus\/"]}]},{"@type":"ImageObject","inLanguage":"pt-PT","@id":"https:\/\/www.freebetbest.com\/pt-pt\/mais-recente-e-e-e-e-apostas-bonus\/#primaryimage","url":"https:\/\/www.freebetbest.com\/wp-content\/uploads\/2021\/06\/e-spors1.png","contentUrl":"https:\/\/www.freebetbest.com\/wp-content\/uploads\/2021\/06\/e-spors1.png","width":417,"height":180,"caption":"e-espors1"},{"@type":"BreadcrumbList","@id":"https:\/\/www.freebetbest.com\/pt-pt\/mais-recente-e-e-e-e-apostas-bonus\/#breadcrumb","itemListElement":[{"@type":"ListItem","position":1,"name":"Home","item":"https:\/\/www.freebetbest.com\/pt-pt\/"},{"@type":"ListItem","position":2,"name":"B\u00f3nus de apostas mais recentes dos e-espors"}]},{"@type":"WebSite","@id":"https:\/\/www.freebetbest.com\/pt-pt\/#website","url":"https:\/\/www.freebetbest.com\/pt-pt\/","name":"Aposta Gr\u00e1tis | Cassino online | Apostas de futebol | Melhor Aposta Gr\u00e1tis","description":"As melhores casas de apostas on-line, Oferecem esportes, cassino, p\u00f4quer, bingo e apostas m\u00f3veis, Cassino online ,Apostas de futebol, Melhor Aposta Gr\u00e1tis,  Os principais portais de jogos de azar do mundo.","publisher":{"@id":"https:\/\/www.freebetbest.com\/pt-pt\/#\/schema\/person\/292684ccf388a2362d507874c5b80a69"},"potentialAction":[{"@type":"SearchAction","target":{"@type":"EntryPoint","urlTemplate":"https:\/\/www.freebetbest.com\/pt-pt\/?s={search_term_string}"},"query-input":{"@type":"PropertyValueSpecification","valueRequired":true,"valueName":"search_term_string"}}],"inLanguage":"pt-PT"},{"@type":["Person","Organization"],"@id":"https:\/\/www.freebetbest.com\/pt-pt\/#\/schema\/person\/292684ccf388a2362d507874c5b80a69","name":"\u7ba1\u7406","image":{"@type":"ImageObject","inLanguage":"pt-PT","@id":"https:\/\/www.freebetbest.com\/wp-content\/litespeed\/avatar\/49696b52fb15293a2168c14964fdd8b9.jpg?ver=1778649583","url":"https:\/\/www.freebetbest.com\/wp-content\/litespeed\/avatar\/49696b52fb15293a2168c14964fdd8b9.jpg?ver=1778649583","contentUrl":"https:\/\/www.freebetbest.com\/wp-content\/litespeed\/avatar\/49696b52fb15293a2168c14964fdd8b9.jpg?ver=1778649583","caption":"\u7ba1\u7406"},"logo":{"@id":"https:\/\/www.freebetbest.com\/wp-content\/litespeed\/avatar\/49696b52fb15293a2168c14964fdd8b9.jpg?ver=1778649583"},"sameAs":["admin"]}]}},"_links":{"self":[{"href":"https:\/\/www.freebetbest.com\/pt-pt\/wp-json\/wp\/v2\/pages\/4453","targetHints":{"allow":["GET"]}}],"collection":[{"href":"https:\/\/www.freebetbest.com\/pt-pt\/wp-json\/wp\/v2\/pages"}],"about":[{"href":"https:\/\/www.freebetbest.com\/pt-pt\/wp-json\/wp\/v2\/types\/page"}],"author":[{"embeddable":true,"href":"https:\/\/www.freebetbest.com\/pt-pt\/wp-json\/wp\/v2\/users\/1"}],"replies":[{"embeddable":true,"href":"https:\/\/www.freebetbest.com\/pt-pt\/wp-json\/wp\/v2\/comments?post=4453"}],"version-history":[{"count":0,"href":"https:\/\/www.freebetbest.com\/pt-pt\/wp-json\/wp\/v2\/pages\/4453\/revisions"}],"wp:featuredmedia":[{"embeddable":true,"href":"https:\/\/www.freebetbest.com\/pt-pt\/wp-json\/wp\/v2\/media\/124953"}],"wp:attachment":[{"href":"https:\/\/www.freebetbest.com\/pt-pt\/wp-json\/wp\/v2\/media?parent=4453"}],"curies":[{"name":"wp","href":"https:\/\/api.w.org\/{rel}","templated":true}]}}