{"id":4451,"date":"2019-07-18T03:50:22","date_gmt":"2019-07-18T03:50:22","guid":{"rendered":"https:\/\/www.freebetbest.com\/az-casino-jogo\/"},"modified":"2021-07-28T19:09:22","modified_gmt":"2021-07-28T19:09:22","slug":"melhor-casa-de-apostas","status":"publish","type":"page","link":"https:\/\/www.freebetbest.com\/pt-pt\/melhor-casa-de-apostas\/","title":{"rendered":"Melhor Casa de Apostas"},"content":{"rendered":"<h3>Como \u00e9 que a Melhor Casa de Apostas fornece trabalho?<\/h3>\n<p>Melhor B\u00f3nus de Apostas Mais Recentes da Casa de Apostas s\u00e3o comuns para os saldos da primeira vez. Os saldos atuais s\u00e3o padr\u00e3o. Inicialmente analise as ofertas para clientes pela primeira vez, devido ao facto de o cliente pr\u00e9-existente fornecer pode estar em torno de certos atletas e pode ser usado por um pequeno tempo.<\/p>\n<p>Obviamente, forneceremos a todos os compradores existentes com tarifas de desconto de vez em quando, e que vamos assegurar-lhe informa\u00e7\u00f5es.<\/p>\n<p>Muitas casas de apostas fornecem b\u00f3nus de recarga para os participantes atuais que mais uma vez colocaram em a\u00e7\u00e3o. Embora estes possam ser lucrativos, a inscri\u00e7\u00e3o no jogo d\u00e1 tendem a ser melhores no que diz respeito a somas e exig\u00eancias de benef\u00edcios.<\/p>\n<p>No entanto, \u00e9 determinado pelos seus h\u00e1bitos de jogo. No caso de adivinhar muito usando uma casa de apostas, eles lhe dar\u00e3o v\u00e1rias recargas, o que pode em breve somar mais do que a oferta regular de inscri\u00e7\u00e3o. Este tipo de ofertas podem ser apostas gratuitas e ofertas de b\u00f3nus de dep\u00f3sito.<\/p>\n<h3>Melhor casa de apostas mais recente <a href=\"https:\/\/www.freebetsinfo.co.uk\/\">b\u00f3nus<\/a> de jogo<\/h3>\n<p>Idealmente, voc\u00ea precisa para que voc\u00ea possa facilmente transformar o seu b\u00f3nus em dinheiro o mais r\u00e1pido poss\u00edvel. Na verdade, n\u00e3o h\u00e1 necessidades de apostas dentro das melhores cota\u00e7\u00f5es de apostas sem custos, o que significa que o b\u00f3nus adicional do seu jogo gratuito s\u00e3o os fundos que voc\u00ea tem. Um par de entregas de jogo gratuitos t\u00eam necessidades de apostas, mas os correspondentes colocados em recompensas normalmente n\u00e3o s\u00e3o. Para b\u00f3nus adicionais de pagamento, pode querer apostar cerca de 8 per\u00edodos o volume de b\u00f3nus adicionado para ter uma oferta maior, e alguns podem precisar de 50 per\u00edodos a op\u00e7\u00e3o. Pequeno o n\u00famero, mais eficaz.<\/p>\n<h3>Melhor casa de apostas Menos caras<\/h3>\n<p>N\u00e3o estamos apenas focados em apostas gratuitas. A condi\u00e7\u00e3o m\u00ednima de probabilidades para b\u00f3nus adicionais, mas tamb\u00e9m focando-se no que voc\u00ea deve ser recompensado para a descoberta. Apostas eleg\u00edveis feitas. A abertura de \u00a310 Get \u00a330 \u00e9 \u00fatil, mas se a aposta inicial de \u00a310 deve ser uma op\u00e7\u00e3o 4\/1 ou superior, ent\u00e3o \u00e9 mais f\u00e1cil em compara\u00e7\u00e3o com a aposta de 1\/2.<\/p>\n<h3>Casas de apostas Mais recente aposta bonuind\u00fastria qualificada<\/h3>\n<p>Na op\u00e7\u00e3o de utilizar o b\u00f3nus de inscri\u00e7\u00e3o. As melhores ofertas de apostas ao negociar no mercado de jogos. Deve ser fornecido aos apostadores o m\u00e1ximo poss\u00edvel. M\u00e1xima flexibilidade e escolha. Se estiver limitado a fazer apostas. Participe num desporto e consiga os palpites que quiser. Pode ser muito mais dif\u00edcil.<\/p>\n<h3>Padr\u00f5es de casas de apostas sites de <a href=\"https:\/\/www.freebetbest.com\/betting-sites\/\">b\u00f3nus<\/a> de apostas mais recentes<\/h3>\n<p>A oferta de inscri\u00e7\u00e3o \u00e9 uma excelente introdu\u00e7\u00e3o ao site de apostas, mas somos mais dignos do produto global. Se a casa de apostas. Proporcionar algumas situa\u00e7\u00f5es desportivas, handicap, apostas em tempo real, streaming de Internet em tempo real, m\u00e9todos de negocia\u00e7\u00e3o e aplica\u00e7\u00f5es de apostas ideais, ent\u00e3o estamos mais inclinados. Coloque-os no topo da tabela<\/p>\n<p>&nbsp;<\/p>\n","protected":false},"excerpt":{"rendered":"<p>Recolhemos as casas de apostas online mais confi\u00e1veis do mundo, onde voc\u00ea pode encontrar b\u00f3nus de primeiro dep\u00f3sito e sem b\u00f3nus de dep\u00f3sito, as \u00faltimas ofertas e promo\u00e7\u00f5es.<\/p>\n","protected":false},"author":1,"featured_media":0,"parent":0,"menu_order":0,"comment_status":"closed","ping_status":"closed","template":"template-sports.php","meta":{"footnotes":""},"class_list":["post-4451","page","type-page","status-publish","hentry"],"yoast_head":"<!-- This site is optimized with the Yoast SEO Premium plugin v19.5 (Yoast SEO v27.0) - https:\/\/yoast.com\/product\/yoast-seo-premium-wordpress\/ -->\n<title>Melhor Casa de Apostas Sem b\u00f3nus de dep\u00f3sito, Inscreva-se no c\u00f3digo b\u00f3nus<\/title>\n<meta name=\"description\" content=\"Melhor Casa de Apostas . Novo Cliente Inscreva-se B\u00f3nus, Promo\u00e7\u00e3o de Dep\u00f3sitos pela primeira vez, Aposta gr\u00e1tis Sem b\u00f3nus de dep\u00f3sito. Site Safe &amp; Secure.\" \/>\n<meta name=\"robots\" content=\"index, follow, max-snippet:-1, max-image-preview:large, max-video-preview:-1\" \/>\n<link rel=\"canonical\" href=\"https:\/\/www.freebetbest.com\/pt-pt\/melhor-casa-de-apostas\/\" \/>\n<meta property=\"og:locale\" content=\"pt_PT\" \/>\n<meta property=\"og:type\" content=\"article\" \/>\n<meta property=\"og:title\" content=\"Melhor Casa de Apostas\" \/>\n<meta property=\"og:description\" content=\"Melhor Casa de Apostas . Novo Cliente Inscreva-se B\u00f3nus, Promo\u00e7\u00e3o de Dep\u00f3sitos pela primeira vez, Aposta gr\u00e1tis Sem b\u00f3nus de dep\u00f3sito. Site Safe &amp; Secure.\" \/>\n<meta property=\"og:url\" content=\"https:\/\/www.freebetbest.com\/pt-pt\/melhor-casa-de-apostas\/\" \/>\n<meta property=\"og:site_name\" content=\"Aposta Gr\u00e1tis | Cassino online | Apostas de futebol | Melhor Aposta Gr\u00e1tis\" \/>\n<meta property=\"article:modified_time\" content=\"2021-07-28T19:09:22+00:00\" \/>\n<meta name=\"twitter:card\" content=\"summary_large_image\" \/>\n<meta name=\"twitter:label1\" content=\"Tempo estimado de leitura\" \/>\n\t<meta name=\"twitter:data1\" content=\"2 minutos\" \/>\n<script type=\"application\/ld+json\" class=\"yoast-schema-graph\">{\"@context\":\"https:\/\/schema.org\",\"@graph\":[{\"@type\":\"WebPage\",\"@id\":\"https:\/\/www.freebetbest.com\/pt-pt\/melhor-casa-de-apostas\/\",\"url\":\"https:\/\/www.freebetbest.com\/pt-pt\/melhor-casa-de-apostas\/\",\"name\":\"Melhor Casa de Apostas Sem b\u00f3nus de dep\u00f3sito, Inscreva-se no c\u00f3digo b\u00f3nus\",\"isPartOf\":{\"@id\":\"https:\/\/www.freebetbest.com\/pt-pt\/#website\"},\"datePublished\":\"2019-07-18T03:50:22+00:00\",\"dateModified\":\"2021-07-28T19:09:22+00:00\",\"description\":\"Melhor Casa de Apostas . Novo Cliente Inscreva-se B\u00f3nus, Promo\u00e7\u00e3o de Dep\u00f3sitos pela primeira vez, Aposta gr\u00e1tis Sem b\u00f3nus de dep\u00f3sito. Site Safe & Secure.\",\"breadcrumb\":{\"@id\":\"https:\/\/www.freebetbest.com\/pt-pt\/melhor-casa-de-apostas\/#breadcrumb\"},\"inLanguage\":\"pt-PT\",\"potentialAction\":[{\"@type\":\"ReadAction\",\"target\":[\"https:\/\/www.freebetbest.com\/pt-pt\/melhor-casa-de-apostas\/\"]}]},{\"@type\":\"BreadcrumbList\",\"@id\":\"https:\/\/www.freebetbest.com\/pt-pt\/melhor-casa-de-apostas\/#breadcrumb\",\"itemListElement\":[{\"@type\":\"ListItem\",\"position\":1,\"name\":\"Home\",\"item\":\"https:\/\/www.freebetbest.com\/pt-pt\/\"},{\"@type\":\"ListItem\",\"position\":2,\"name\":\"Melhor Casa de Apostas\"}]},{\"@type\":\"WebSite\",\"@id\":\"https:\/\/www.freebetbest.com\/pt-pt\/#website\",\"url\":\"https:\/\/www.freebetbest.com\/pt-pt\/\",\"name\":\"Aposta Gr\u00e1tis | Cassino online | Apostas de futebol | Melhor Aposta Gr\u00e1tis\",\"description\":\"As melhores casas de apostas on-line, Oferecem esportes, cassino, p\u00f4quer, bingo e apostas m\u00f3veis, Cassino online ,Apostas de futebol, Melhor Aposta Gr\u00e1tis,  Os principais portais de jogos de azar do mundo.\",\"publisher\":{\"@id\":\"https:\/\/www.freebetbest.com\/pt-pt\/#\/schema\/person\/292684ccf388a2362d507874c5b80a69\"},\"potentialAction\":[{\"@type\":\"SearchAction\",\"target\":{\"@type\":\"EntryPoint\",\"urlTemplate\":\"https:\/\/www.freebetbest.com\/pt-pt\/?s={search_term_string}\"},\"query-input\":{\"@type\":\"PropertyValueSpecification\",\"valueRequired\":true,\"valueName\":\"search_term_string\"}}],\"inLanguage\":\"pt-PT\"},{\"@type\":[\"Person\",\"Organization\"],\"@id\":\"https:\/\/www.freebetbest.com\/pt-pt\/#\/schema\/person\/292684ccf388a2362d507874c5b80a69\",\"name\":\"\u7ba1\u7406\",\"image\":{\"@type\":\"ImageObject\",\"inLanguage\":\"pt-PT\",\"@id\":\"https:\/\/www.freebetbest.com\/pt-pt\/#\/schema\/person\/image\/\",\"url\":\"https:\/\/www.freebetbest.com\/wp-content\/litespeed\/avatar\/49696b52fb15293a2168c14964fdd8b9.jpg?ver=1777439934\",\"contentUrl\":\"https:\/\/www.freebetbest.com\/wp-content\/litespeed\/avatar\/49696b52fb15293a2168c14964fdd8b9.jpg?ver=1777439934\",\"caption\":\"\u7ba1\u7406\"},\"logo\":{\"@id\":\"https:\/\/www.freebetbest.com\/pt-pt\/#\/schema\/person\/image\/\"},\"sameAs\":[\"admin\"]}]}<\/script>\n<!-- \/ Yoast SEO Premium plugin. -->","yoast_head_json":{"title":"Melhor Casa de Apostas Sem b\u00f3nus de dep\u00f3sito, Inscreva-se no c\u00f3digo b\u00f3nus","description":"Melhor Casa de Apostas . Novo Cliente Inscreva-se B\u00f3nus, Promo\u00e7\u00e3o de Dep\u00f3sitos pela primeira vez, Aposta gr\u00e1tis Sem b\u00f3nus de dep\u00f3sito. Site Safe & Secure.","robots":{"index":"index","follow":"follow","max-snippet":"max-snippet:-1","max-image-preview":"max-image-preview:large","max-video-preview":"max-video-preview:-1"},"canonical":"https:\/\/www.freebetbest.com\/pt-pt\/melhor-casa-de-apostas\/","og_locale":"pt_PT","og_type":"article","og_title":"Melhor Casa de Apostas","og_description":"Melhor Casa de Apostas . Novo Cliente Inscreva-se B\u00f3nus, Promo\u00e7\u00e3o de Dep\u00f3sitos pela primeira vez, Aposta gr\u00e1tis Sem b\u00f3nus de dep\u00f3sito. Site Safe & Secure.","og_url":"https:\/\/www.freebetbest.com\/pt-pt\/melhor-casa-de-apostas\/","og_site_name":"Aposta Gr\u00e1tis | Cassino online | Apostas de futebol | Melhor Aposta Gr\u00e1tis","article_modified_time":"2021-07-28T19:09:22+00:00","twitter_card":"summary_large_image","twitter_misc":{"Tempo estimado de leitura":"2 minutos"},"schema":{"@context":"https:\/\/schema.org","@graph":[{"@type":"WebPage","@id":"https:\/\/www.freebetbest.com\/pt-pt\/melhor-casa-de-apostas\/","url":"https:\/\/www.freebetbest.com\/pt-pt\/melhor-casa-de-apostas\/","name":"Melhor Casa de Apostas Sem b\u00f3nus de dep\u00f3sito, Inscreva-se no c\u00f3digo b\u00f3nus","isPartOf":{"@id":"https:\/\/www.freebetbest.com\/pt-pt\/#website"},"datePublished":"2019-07-18T03:50:22+00:00","dateModified":"2021-07-28T19:09:22+00:00","description":"Melhor Casa de Apostas . Novo Cliente Inscreva-se B\u00f3nus, Promo\u00e7\u00e3o de Dep\u00f3sitos pela primeira vez, Aposta gr\u00e1tis Sem b\u00f3nus de dep\u00f3sito. Site Safe & Secure.","breadcrumb":{"@id":"https:\/\/www.freebetbest.com\/pt-pt\/melhor-casa-de-apostas\/#breadcrumb"},"inLanguage":"pt-PT","potentialAction":[{"@type":"ReadAction","target":["https:\/\/www.freebetbest.com\/pt-pt\/melhor-casa-de-apostas\/"]}]},{"@type":"BreadcrumbList","@id":"https:\/\/www.freebetbest.com\/pt-pt\/melhor-casa-de-apostas\/#breadcrumb","itemListElement":[{"@type":"ListItem","position":1,"name":"Home","item":"https:\/\/www.freebetbest.com\/pt-pt\/"},{"@type":"ListItem","position":2,"name":"Melhor Casa de Apostas"}]},{"@type":"WebSite","@id":"https:\/\/www.freebetbest.com\/pt-pt\/#website","url":"https:\/\/www.freebetbest.com\/pt-pt\/","name":"Aposta Gr\u00e1tis | Cassino online | Apostas de futebol | Melhor Aposta Gr\u00e1tis","description":"As melhores casas de apostas on-line, Oferecem esportes, cassino, p\u00f4quer, bingo e apostas m\u00f3veis, Cassino online ,Apostas de futebol, Melhor Aposta Gr\u00e1tis,  Os principais portais de jogos de azar do mundo.","publisher":{"@id":"https:\/\/www.freebetbest.com\/pt-pt\/#\/schema\/person\/292684ccf388a2362d507874c5b80a69"},"potentialAction":[{"@type":"SearchAction","target":{"@type":"EntryPoint","urlTemplate":"https:\/\/www.freebetbest.com\/pt-pt\/?s={search_term_string}"},"query-input":{"@type":"PropertyValueSpecification","valueRequired":true,"valueName":"search_term_string"}}],"inLanguage":"pt-PT"},{"@type":["Person","Organization"],"@id":"https:\/\/www.freebetbest.com\/pt-pt\/#\/schema\/person\/292684ccf388a2362d507874c5b80a69","name":"\u7ba1\u7406","image":{"@type":"ImageObject","inLanguage":"pt-PT","@id":"https:\/\/www.freebetbest.com\/pt-pt\/#\/schema\/person\/image\/","url":"https:\/\/www.freebetbest.com\/wp-content\/litespeed\/avatar\/49696b52fb15293a2168c14964fdd8b9.jpg?ver=1777439934","contentUrl":"https:\/\/www.freebetbest.com\/wp-content\/litespeed\/avatar\/49696b52fb15293a2168c14964fdd8b9.jpg?ver=1777439934","caption":"\u7ba1\u7406"},"logo":{"@id":"https:\/\/www.freebetbest.com\/pt-pt\/#\/schema\/person\/image\/"},"sameAs":["admin"]}]}},"_links":{"self":[{"href":"https:\/\/www.freebetbest.com\/pt-pt\/wp-json\/wp\/v2\/pages\/4451","targetHints":{"allow":["GET"]}}],"collection":[{"href":"https:\/\/www.freebetbest.com\/pt-pt\/wp-json\/wp\/v2\/pages"}],"about":[{"href":"https:\/\/www.freebetbest.com\/pt-pt\/wp-json\/wp\/v2\/types\/page"}],"author":[{"embeddable":true,"href":"https:\/\/www.freebetbest.com\/pt-pt\/wp-json\/wp\/v2\/users\/1"}],"replies":[{"embeddable":true,"href":"https:\/\/www.freebetbest.com\/pt-pt\/wp-json\/wp\/v2\/comments?post=4451"}],"version-history":[{"count":0,"href":"https:\/\/www.freebetbest.com\/pt-pt\/wp-json\/wp\/v2\/pages\/4451\/revisions"}],"wp:attachment":[{"href":"https:\/\/www.freebetbest.com\/pt-pt\/wp-json\/wp\/v2\/media?parent=4451"}],"curies":[{"name":"wp","href":"https:\/\/api.w.org\/{rel}","templated":true}]}}