{"id":4447,"date":"2019-07-18T06:20:16","date_gmt":"2019-07-18T06:20:16","guid":{"rendered":"https:\/\/www.freebetbest.com\/live-bingo-apostas-online\/"},"modified":"2021-08-16T14:51:20","modified_gmt":"2021-08-16T14:51:20","slug":"as-ultimas-apostas-de-bingo","status":"publish","type":"page","link":"https:\/\/www.freebetbest.com\/pt-pt\/as-ultimas-apostas-de-bingo\/","title":{"rendered":"As \u00faltimas apostas de bingo"},"content":{"rendered":"\n<h2>Mais recente b\u00f3nus de bingo de bingo ao vivo apostando online<\/h2>\n<p>A principal raz\u00e3o para a sua popularidade. S\u00f3 no ano civil de 2000, num jogo de bingo ao vivo. Apostas online, na verdade. \u00c9 um neg\u00f3cio relativamente m\u00ednimo. Mas nos seis anos desde ent\u00e3o, a sua reputa\u00e7\u00e3o explodiu. O mais recente <a href=\"https:\/\/www.freebetsinfo.co.uk\/free-bets\/\">B\u00f3nus de Apostas<\/a> bingo tamb\u00e9m se tornou uma ferramenta promocional<\/p>\n<p>A compreens\u00e3o crescente da Internet. \u00c9 um esclarecimento da difus\u00e3o online do seu jogo. Mas h\u00e1 v\u00e1rias raz\u00f5es espec\u00edficas para que haja tantas pessoas todos os anos. Fique no bingo hall, na sua pr\u00f3pria resid\u00eancia confort\u00e1vel. jogar videojogos.<\/p>\n<p>A maioria dos sites de internet fazem-no por si. Muitas salas de conversa\u00e7\u00e3o s\u00e3o fornecidas. As op\u00e7\u00f5es dividem-se em t\u00f3picos espec\u00edficos, desde as condi\u00e7\u00f5es do jogo de bingo at\u00e9 aos eventos atuais. Se quiser, pode entrar na \u00e1rea de conversa\u00e7\u00e3o de uma certa idade. A amizade pode ser formada com pessoas que nunca se pode alcan\u00e7ar.<\/p>\n<h3>Jogadores de todo o mundo gostam de jogos de bingo ao mesmo tempo.<\/h3>\n<p>Pode fazer amigos do Jap\u00e3o, Hungria ou Eritreia. Estou a falar da \u00faltima \u00e1rea, porque estou no bingo na Internet. Conheci um amigo de l\u00e1. Nunca soube antes. Existe tal na\u00e7\u00e3o. As pessoas que conheces que jogam jogos de bingo online. Estar\u00e1 no bingo ao vivo. O tipo de pessoas que conheci. Eles geralmente s\u00e3o amig\u00e1veis e falador, e adoram jogos de bingo de lazer.<\/p>\n<h3>Apostas online do Bingo ao Vivo<\/h3>\n<p>O f\u00f3rum de discuss\u00e3o \u00e9 organizado pela equipe do site de jogos de bingo online. Isto garante que o jogador de bingo permanece na cole\u00e7\u00e3o.<\/p>\n<p>Quarto de bingo de internet. Aberto 24 horas por dia. De acordo com os seus requisitos de jogo, voc\u00ea pode executar a qualquer quarto de hora ou toda a noite. Se contratar uma babysitter \u00e9 muito trabalho, adie para as crian\u00e7as. V\u00e1 para a cama e procure online. Se o tempo estiver mau, por favor, fique em casa e afetua no computador.<\/p>\n<p>E, claro, se quiseres jogar bingo mas n\u00e3o queres ter problemas com vizinhos falantes, ent\u00e3o podes brincar sozinho. Os encontros na rede permitem que todos. Ambos podem controlar as suas prefer\u00eancias de jogo. Acabaste de dominar a cena.<\/p>\n<h3>B\u00f3nus adicional para o registo<\/h3>\n<p>O site Bingo utiliza transa\u00e7\u00f5es de b\u00f3nus indicativas. Como b\u00f3nus para registar o seu website. Estes b\u00f3nus costumam ser. S\u00f3 pode ser obtido quando o primeiro pagamento inicial for feito. No entanto, alguns sites fornecem-no. Sua primeira acumula\u00e7\u00e3o. Muitos b\u00f3nus de inscri\u00e7\u00e3o distribu\u00eddos.<\/p>\n<p>Normalmente exigem um contrato para depositar uma certa percentagem do seu dep\u00f3sito. Combine com a quantidade dada. Em conclus\u00e3o, pode encontrar indicadores. Um exemplo de aumento de receitas \u00e9 at\u00e9 $400 em receitas totalmente complementadas.<\/p>\n<h3>Recompensas de inscri\u00e7\u00e3o j\u00e1 oferecidas<\/h3>\n<p>Talvez queira ver. Termos e condi\u00e7\u00f5es do site. Alguns b\u00f3nus adicionais. Com a elevada procura de apostas, isto torna os ganhos menos agrad\u00e1veis. Tamb\u00e9m vale a pena notar que deve alcan\u00e7\u00e1-lo primeiro. Estes requisitos espec\u00edficos de apostas s\u00e3o necess\u00e1rios antes de poder retirar uma parte do seu rendimento.<\/p>\n<h3>Sem b\u00f3nus de bingo de dep\u00f3sito<\/h3>\n<p>Sem b\u00f3nus de bingo de dep\u00f3sito. Parece que n\u00e3o tinhas um dep\u00f3sito inicialmente. O mesmo que receber recompensas. Os sites geralmente fornecem estes para garantir que os jogadores t\u00eam uma oportunidade. Considere os seus <a href=\"https:\/\/www.freebetbest.com\/pt-pt\/sites-de-apostas\/\">jogos online<\/a> sem ter de transferir parte dos seus fundos. Coloque-o em risco. Al\u00e9m disso, tentam motivar as pessoas. Em conclus\u00e3o, abra uma conta no seu site.<\/p>\n<p>&nbsp;<\/p>\n","protected":false},"excerpt":{"rendered":"<p>Constru\u00eddo por f\u00e3s de bingo para entusiastas de bingo, este modelo online permite-lhe realizar em &#8230; Este jogo n\u00e3o \u00e9 observado no programa de telem\u00f3vel clique neste link para descobrir todos os jogos online.<\/p>\n<div class=\"hero-cup-section\">\n<div class=\"row mb-4\">\n<div class=\"col-md-7\">\n<div class=\"section-area\">\n<div class=\"section-list\">\n<li style=\"text-align: left\"><img decoding=\"async\" src=\"https:\/\/www.freebetbest.com\/wp-content\/uploads\/2021\/06\/tick.png\" alt=\"Esportes\">  B\u00f3nus de boas-vindas do Casino Desportivo.<\/li>\n<li style=\"text-align: left\"><img decoding=\"async\" src=\"https:\/\/www.freebetbest.com\/wp-content\/uploads\/2021\/06\/tick.png\" alt=\"ofertas de jogos\">  Os corretores online oferecem &amp; promo\u00e7\u00f5es.<\/li>\n<li style=\"text-align: left\"><img decoding=\"async\" src=\"https:\/\/www.freebetbest.com\/wp-content\/uploads\/2021\/06\/tick.png\" alt=\"ofertas de jogos\">  Os melhores apostadores online em que pode confiar.<\/li>\n<li style=\"text-align: left\"><img decoding=\"async\" src=\"https:\/\/www.freebetbest.com\/wp-content\/uploads\/2021\/06\/tick.png\" alt=\"Autorit\u00e1rio\">  Revis\u00e3o autorit\u00e1ria Seguro fi\u00e1vel.<\/li>\n<li style=\"text-align: left\"><img decoding=\"async\" src=\"https:\/\/www.freebetbest.com\/wp-content\/uploads\/2021\/06\/tick.png\" alt=\"Levantamentos r\u00e1pidos\">  Suporte de APLICATIVO M\u00f3vel, Levantamentos R\u00e1pidos.<\/li>\n<li style=\"text-align: left\"><img decoding=\"async\" src=\"https:\/\/www.freebetbest.com\/wp-content\/uploads\/2021\/06\/tick.png\" alt=\"Apoio ao cliente\">  Suporte ao cliente: 365 dias, 24 horas por dia.<\/li>\n<\/div>\n<\/div>\n<\/div>\n<div class=\"col-md-5\">\n<div class=\"cup-img\"><img decoding=\"async\" src=\"https:\/\/www.freebetbest.com\/wp-content\/uploads\/2021\/06\/bingo.png\" alt=\"bingo\"><\/div>\n<\/div>\n<\/div>\n","protected":false},"author":1,"featured_media":4449,"parent":0,"menu_order":0,"comment_status":"closed","ping_status":"closed","template":"bingo-template.php","meta":{"footnotes":""},"class_list":["post-4447","page","type-page","status-publish","has-post-thumbnail","hentry"],"yoast_head":"<!-- This site is optimized with the Yoast SEO Premium plugin v19.5 (Yoast SEO v27.0) - https:\/\/yoast.com\/product\/yoast-seo-premium-wordpress\/ -->\n<title>As \u00faltimas apostas de bingo, Aposta gr\u00e1tis Sem b\u00f3nus de dep\u00f3sito<\/title>\n<meta name=\"description\" content=\"As \u00faltimas apostas de bingo Melhores casas de apostas, aposta gr\u00e1tis Sem b\u00f3nus de dep\u00f3sito, bem-vindo c\u00f3digo de b\u00f3nus de primeiro dep\u00f3sito, B\u00f3nus de inscri\u00e7\u00e3o, B\u00f3nus de inscri\u00e7\u00e3o.\" \/>\n<meta name=\"robots\" content=\"index, follow, max-snippet:-1, max-image-preview:large, max-video-preview:-1\" \/>\n<link rel=\"canonical\" href=\"https:\/\/www.freebetbest.com\/pt-pt\/as-ultimas-apostas-de-bingo\/\" \/>\n<meta property=\"og:locale\" content=\"pt_PT\" \/>\n<meta property=\"og:type\" content=\"article\" \/>\n<meta property=\"og:title\" content=\"As \u00faltimas apostas de bingo\" \/>\n<meta property=\"og:description\" content=\"As \u00faltimas apostas de bingo Melhores casas de apostas, aposta gr\u00e1tis Sem b\u00f3nus de dep\u00f3sito, bem-vindo c\u00f3digo de b\u00f3nus de primeiro dep\u00f3sito, B\u00f3nus de inscri\u00e7\u00e3o, B\u00f3nus de inscri\u00e7\u00e3o.\" \/>\n<meta property=\"og:url\" content=\"https:\/\/www.freebetbest.com\/pt-pt\/as-ultimas-apostas-de-bingo\/\" \/>\n<meta property=\"og:site_name\" content=\"Aposta Gr\u00e1tis | Cassino online | Apostas de futebol | Melhor Aposta Gr\u00e1tis\" \/>\n<meta property=\"article:modified_time\" content=\"2021-08-16T14:51:20+00:00\" \/>\n<meta property=\"og:image\" content=\"https:\/\/www.freebetbest.com\/wp-content\/uploads\/2019\/07\/biggo_ys.jpg\" \/>\n\t<meta property=\"og:image:width\" content=\"514\" \/>\n\t<meta property=\"og:image:height\" content=\"303\" \/>\n\t<meta property=\"og:image:type\" content=\"image\/jpeg\" \/>\n<meta name=\"twitter:card\" content=\"summary_large_image\" \/>\n<meta name=\"twitter:label1\" content=\"Tempo estimado de leitura\" \/>\n\t<meta name=\"twitter:data1\" content=\"3 minutos\" \/>\n<script type=\"application\/ld+json\" class=\"yoast-schema-graph\">{\"@context\":\"https:\/\/schema.org\",\"@graph\":[{\"@type\":\"WebPage\",\"@id\":\"https:\/\/www.freebetbest.com\/pt-pt\/as-ultimas-apostas-de-bingo\/\",\"url\":\"https:\/\/www.freebetbest.com\/pt-pt\/as-ultimas-apostas-de-bingo\/\",\"name\":\"As \u00faltimas apostas de bingo, Aposta gr\u00e1tis Sem b\u00f3nus de dep\u00f3sito\",\"isPartOf\":{\"@id\":\"https:\/\/www.freebetbest.com\/pt-pt\/#website\"},\"primaryImageOfPage\":{\"@id\":\"https:\/\/www.freebetbest.com\/pt-pt\/as-ultimas-apostas-de-bingo\/#primaryimage\"},\"image\":{\"@id\":\"https:\/\/www.freebetbest.com\/pt-pt\/as-ultimas-apostas-de-bingo\/#primaryimage\"},\"thumbnailUrl\":\"https:\/\/www.freebetbest.com\/wp-content\/uploads\/2019\/07\/biggo_ys.jpg\",\"datePublished\":\"2019-07-18T06:20:16+00:00\",\"dateModified\":\"2021-08-16T14:51:20+00:00\",\"description\":\"As \u00faltimas apostas de bingo Melhores casas de apostas, aposta gr\u00e1tis Sem b\u00f3nus de dep\u00f3sito, bem-vindo c\u00f3digo de b\u00f3nus de primeiro dep\u00f3sito, B\u00f3nus de inscri\u00e7\u00e3o, B\u00f3nus de inscri\u00e7\u00e3o.\",\"breadcrumb\":{\"@id\":\"https:\/\/www.freebetbest.com\/pt-pt\/as-ultimas-apostas-de-bingo\/#breadcrumb\"},\"inLanguage\":\"pt-PT\",\"potentialAction\":[{\"@type\":\"ReadAction\",\"target\":[\"https:\/\/www.freebetbest.com\/pt-pt\/as-ultimas-apostas-de-bingo\/\"]}]},{\"@type\":\"ImageObject\",\"inLanguage\":\"pt-PT\",\"@id\":\"https:\/\/www.freebetbest.com\/pt-pt\/as-ultimas-apostas-de-bingo\/#primaryimage\",\"url\":\"https:\/\/www.freebetbest.com\/wp-content\/uploads\/2019\/07\/biggo_ys.jpg\",\"contentUrl\":\"https:\/\/www.freebetbest.com\/wp-content\/uploads\/2019\/07\/biggo_ys.jpg\",\"width\":514,\"height\":303,\"caption\":\"Apostas online em Bingo Ao Vivo\"},{\"@type\":\"BreadcrumbList\",\"@id\":\"https:\/\/www.freebetbest.com\/pt-pt\/as-ultimas-apostas-de-bingo\/#breadcrumb\",\"itemListElement\":[{\"@type\":\"ListItem\",\"position\":1,\"name\":\"Home\",\"item\":\"https:\/\/www.freebetbest.com\/pt-pt\/\"},{\"@type\":\"ListItem\",\"position\":2,\"name\":\"As \u00faltimas apostas de bingo\"}]},{\"@type\":\"WebSite\",\"@id\":\"https:\/\/www.freebetbest.com\/pt-pt\/#website\",\"url\":\"https:\/\/www.freebetbest.com\/pt-pt\/\",\"name\":\"Aposta Gr\u00e1tis | Cassino online | Apostas de futebol | Melhor Aposta Gr\u00e1tis\",\"description\":\"As melhores casas de apostas on-line, Oferecem esportes, cassino, p\u00f4quer, bingo e apostas m\u00f3veis, Cassino online ,Apostas de futebol, Melhor Aposta Gr\u00e1tis,  Os principais portais de jogos de azar do mundo.\",\"publisher\":{\"@id\":\"https:\/\/www.freebetbest.com\/pt-pt\/#\/schema\/person\/292684ccf388a2362d507874c5b80a69\"},\"potentialAction\":[{\"@type\":\"SearchAction\",\"target\":{\"@type\":\"EntryPoint\",\"urlTemplate\":\"https:\/\/www.freebetbest.com\/pt-pt\/?s={search_term_string}\"},\"query-input\":{\"@type\":\"PropertyValueSpecification\",\"valueRequired\":true,\"valueName\":\"search_term_string\"}}],\"inLanguage\":\"pt-PT\"},{\"@type\":[\"Person\",\"Organization\"],\"@id\":\"https:\/\/www.freebetbest.com\/pt-pt\/#\/schema\/person\/292684ccf388a2362d507874c5b80a69\",\"name\":\"\u7ba1\u7406\",\"image\":{\"@type\":\"ImageObject\",\"inLanguage\":\"pt-PT\",\"@id\":\"https:\/\/www.freebetbest.com\/pt-pt\/#\/schema\/person\/image\/\",\"url\":\"https:\/\/www.freebetbest.com\/wp-content\/litespeed\/avatar\/49696b52fb15293a2168c14964fdd8b9.jpg?ver=1778044739\",\"contentUrl\":\"https:\/\/www.freebetbest.com\/wp-content\/litespeed\/avatar\/49696b52fb15293a2168c14964fdd8b9.jpg?ver=1778044739\",\"caption\":\"\u7ba1\u7406\"},\"logo\":{\"@id\":\"https:\/\/www.freebetbest.com\/pt-pt\/#\/schema\/person\/image\/\"},\"sameAs\":[\"admin\"]}]}<\/script>\n<!-- \/ Yoast SEO Premium plugin. -->","yoast_head_json":{"title":"As \u00faltimas apostas de bingo, Aposta gr\u00e1tis Sem b\u00f3nus de dep\u00f3sito","description":"As \u00faltimas apostas de bingo Melhores casas de apostas, aposta gr\u00e1tis Sem b\u00f3nus de dep\u00f3sito, bem-vindo c\u00f3digo de b\u00f3nus de primeiro dep\u00f3sito, B\u00f3nus de inscri\u00e7\u00e3o, B\u00f3nus de inscri\u00e7\u00e3o.","robots":{"index":"index","follow":"follow","max-snippet":"max-snippet:-1","max-image-preview":"max-image-preview:large","max-video-preview":"max-video-preview:-1"},"canonical":"https:\/\/www.freebetbest.com\/pt-pt\/as-ultimas-apostas-de-bingo\/","og_locale":"pt_PT","og_type":"article","og_title":"As \u00faltimas apostas de bingo","og_description":"As \u00faltimas apostas de bingo Melhores casas de apostas, aposta gr\u00e1tis Sem b\u00f3nus de dep\u00f3sito, bem-vindo c\u00f3digo de b\u00f3nus de primeiro dep\u00f3sito, B\u00f3nus de inscri\u00e7\u00e3o, B\u00f3nus de inscri\u00e7\u00e3o.","og_url":"https:\/\/www.freebetbest.com\/pt-pt\/as-ultimas-apostas-de-bingo\/","og_site_name":"Aposta Gr\u00e1tis | Cassino online | Apostas de futebol | Melhor Aposta Gr\u00e1tis","article_modified_time":"2021-08-16T14:51:20+00:00","og_image":[{"width":514,"height":303,"url":"https:\/\/www.freebetbest.com\/wp-content\/uploads\/2019\/07\/biggo_ys.jpg","type":"image\/jpeg"}],"twitter_card":"summary_large_image","twitter_misc":{"Tempo estimado de leitura":"3 minutos"},"schema":{"@context":"https:\/\/schema.org","@graph":[{"@type":"WebPage","@id":"https:\/\/www.freebetbest.com\/pt-pt\/as-ultimas-apostas-de-bingo\/","url":"https:\/\/www.freebetbest.com\/pt-pt\/as-ultimas-apostas-de-bingo\/","name":"As \u00faltimas apostas de bingo, Aposta gr\u00e1tis Sem b\u00f3nus de dep\u00f3sito","isPartOf":{"@id":"https:\/\/www.freebetbest.com\/pt-pt\/#website"},"primaryImageOfPage":{"@id":"https:\/\/www.freebetbest.com\/pt-pt\/as-ultimas-apostas-de-bingo\/#primaryimage"},"image":{"@id":"https:\/\/www.freebetbest.com\/pt-pt\/as-ultimas-apostas-de-bingo\/#primaryimage"},"thumbnailUrl":"https:\/\/www.freebetbest.com\/wp-content\/uploads\/2019\/07\/biggo_ys.jpg","datePublished":"2019-07-18T06:20:16+00:00","dateModified":"2021-08-16T14:51:20+00:00","description":"As \u00faltimas apostas de bingo Melhores casas de apostas, aposta gr\u00e1tis Sem b\u00f3nus de dep\u00f3sito, bem-vindo c\u00f3digo de b\u00f3nus de primeiro dep\u00f3sito, B\u00f3nus de inscri\u00e7\u00e3o, B\u00f3nus de inscri\u00e7\u00e3o.","breadcrumb":{"@id":"https:\/\/www.freebetbest.com\/pt-pt\/as-ultimas-apostas-de-bingo\/#breadcrumb"},"inLanguage":"pt-PT","potentialAction":[{"@type":"ReadAction","target":["https:\/\/www.freebetbest.com\/pt-pt\/as-ultimas-apostas-de-bingo\/"]}]},{"@type":"ImageObject","inLanguage":"pt-PT","@id":"https:\/\/www.freebetbest.com\/pt-pt\/as-ultimas-apostas-de-bingo\/#primaryimage","url":"https:\/\/www.freebetbest.com\/wp-content\/uploads\/2019\/07\/biggo_ys.jpg","contentUrl":"https:\/\/www.freebetbest.com\/wp-content\/uploads\/2019\/07\/biggo_ys.jpg","width":514,"height":303,"caption":"Apostas online em Bingo Ao Vivo"},{"@type":"BreadcrumbList","@id":"https:\/\/www.freebetbest.com\/pt-pt\/as-ultimas-apostas-de-bingo\/#breadcrumb","itemListElement":[{"@type":"ListItem","position":1,"name":"Home","item":"https:\/\/www.freebetbest.com\/pt-pt\/"},{"@type":"ListItem","position":2,"name":"As \u00faltimas apostas de bingo"}]},{"@type":"WebSite","@id":"https:\/\/www.freebetbest.com\/pt-pt\/#website","url":"https:\/\/www.freebetbest.com\/pt-pt\/","name":"Aposta Gr\u00e1tis | Cassino online | Apostas de futebol | Melhor Aposta Gr\u00e1tis","description":"As melhores casas de apostas on-line, Oferecem esportes, cassino, p\u00f4quer, bingo e apostas m\u00f3veis, Cassino online ,Apostas de futebol, Melhor Aposta Gr\u00e1tis,  Os principais portais de jogos de azar do mundo.","publisher":{"@id":"https:\/\/www.freebetbest.com\/pt-pt\/#\/schema\/person\/292684ccf388a2362d507874c5b80a69"},"potentialAction":[{"@type":"SearchAction","target":{"@type":"EntryPoint","urlTemplate":"https:\/\/www.freebetbest.com\/pt-pt\/?s={search_term_string}"},"query-input":{"@type":"PropertyValueSpecification","valueRequired":true,"valueName":"search_term_string"}}],"inLanguage":"pt-PT"},{"@type":["Person","Organization"],"@id":"https:\/\/www.freebetbest.com\/pt-pt\/#\/schema\/person\/292684ccf388a2362d507874c5b80a69","name":"\u7ba1\u7406","image":{"@type":"ImageObject","inLanguage":"pt-PT","@id":"https:\/\/www.freebetbest.com\/pt-pt\/#\/schema\/person\/image\/","url":"https:\/\/www.freebetbest.com\/wp-content\/litespeed\/avatar\/49696b52fb15293a2168c14964fdd8b9.jpg?ver=1778044739","contentUrl":"https:\/\/www.freebetbest.com\/wp-content\/litespeed\/avatar\/49696b52fb15293a2168c14964fdd8b9.jpg?ver=1778044739","caption":"\u7ba1\u7406"},"logo":{"@id":"https:\/\/www.freebetbest.com\/pt-pt\/#\/schema\/person\/image\/"},"sameAs":["admin"]}]}},"_links":{"self":[{"href":"https:\/\/www.freebetbest.com\/pt-pt\/wp-json\/wp\/v2\/pages\/4447","targetHints":{"allow":["GET"]}}],"collection":[{"href":"https:\/\/www.freebetbest.com\/pt-pt\/wp-json\/wp\/v2\/pages"}],"about":[{"href":"https:\/\/www.freebetbest.com\/pt-pt\/wp-json\/wp\/v2\/types\/page"}],"author":[{"embeddable":true,"href":"https:\/\/www.freebetbest.com\/pt-pt\/wp-json\/wp\/v2\/users\/1"}],"replies":[{"embeddable":true,"href":"https:\/\/www.freebetbest.com\/pt-pt\/wp-json\/wp\/v2\/comments?post=4447"}],"version-history":[{"count":0,"href":"https:\/\/www.freebetbest.com\/pt-pt\/wp-json\/wp\/v2\/pages\/4447\/revisions"}],"wp:featuredmedia":[{"embeddable":true,"href":"https:\/\/www.freebetbest.com\/pt-pt\/wp-json\/wp\/v2\/media\/4449"}],"wp:attachment":[{"href":"https:\/\/www.freebetbest.com\/pt-pt\/wp-json\/wp\/v2\/media?parent=4447"}],"curies":[{"name":"wp","href":"https:\/\/api.w.org\/{rel}","templated":true}]}}