{"id":4444,"date":"2019-07-18T06:44:12","date_gmt":"2019-07-18T06:44:12","guid":{"rendered":"https:\/\/www.freebetbest.com\/apostas-online-de-poker\/"},"modified":"2021-08-16T14:54:46","modified_gmt":"2021-08-16T14:54:46","slug":"mais-recente-poker-apostas-bonus","status":"publish","type":"page","link":"https:\/\/www.freebetbest.com\/pt-pt\/mais-recente-poker-apostas-bonus\/","title":{"rendered":"Mais recente poker apostas bonus"},"content":{"rendered":"\n<div class=\"text-area__container\">\n<div class=\"text-area__content\">\n<h2>Apostas online de poker<\/h2>\nSe n\u00e3o estudares o tamanho das apostas, n\u00e3o podes come\u00e7ar do zero. Compreenda totalmente as <a href=\"https:\/\/www.freebetsinfo.co.uk\/asia-bookmakers\/\">apostas online da<\/a>Poker. Suponha que goste de poker. Na mesa-7 advers\u00e1rios. Ficas \u00e0 frente da AK, decides promover.\n\nApostas online poker Voc\u00ea tem uma preocupa\u00e7\u00e3o: &#8220;Quanto \u00e9 que foi enviado?&#8221; Jogadores inexperientes. Muitas vezes o tamanho da aposta errada \u00e9 criado. Ou continuar a mud\u00e1-lo. Este comportamento pode acabar severamente.\n\nQual \u00e9 o tamanho da estaca. Portanto, o tamanho das op\u00e7\u00f5es. Depende do que definirmos. A explica\u00e7\u00e3o da aposta deve ser entendida, n\u00e3o casual. Quando escolhes fazer uma aposta, a coisa mais importante a que deves prestar aten\u00e7\u00e3o \u00e9. A dimens\u00e3o da institui\u00e7\u00e3o financeira.\n<h2>O tamanho da sua aposta depende do tamanho do credor<\/h2>\nClaro, se o banco for de 10 d\u00f3lares, ent\u00e3o a aposta \u00e9 igual a 1 d\u00f3lar. Neste caso, por muito maus que sejam os dedos deles, o teu advers\u00e1rio reagir\u00e1 a ti. Ou fazer um pagamento inicial de $50 para a institui\u00e7\u00e3o banc\u00e1ria, ou $1, em suma. Isto \u00e9 extremamente inapropriado.\n<h3>Poker <a href=\"https:\/\/www.freebetbest.com\/pt-pt\/sites-de-apostas\/\">Aposta online<\/a> aposta de poker online forma de valor de apostas<\/h3>\nSuponha que temos uma m\u00e3o muito forte, e queremos obt\u00ea-la do seu concorrente. Pegue o m\u00e1ximo de fichas poss\u00edvel. Resumindo. Usando combina\u00e7\u00f5es vencedoras, n\u00e3o queremos os nossos advers\u00e1rios.\n\nMais desmoronado que o nosso cart\u00e3o de cr\u00e9dito. Por conseguinte, os grandes investimentos n\u00e3o s\u00e3o rent\u00e1veis. Muitas vezes n\u00e3o entendemos. Mas esta n\u00e3o \u00e9 a escolha suficiente. Neste artigo, precisamos de uma &#8220;forma modesta&#8221;. Onde \u00e9 que ela est\u00e1?\n<h3>Depende do advers\u00e1rio.<\/h3>\nQuer seja um jogador combativo, \u00e9 claro que aposta na estrada e assim por diante. Consist\u00eancia da resposta. Al\u00e9m disso, tamb\u00e9m tens de assumir o teu oponente. Que tipo de cart\u00e3o pode ter, e considere qual o cart\u00e3o de cr\u00e9dito que vai responder. E a parte em que vai entrar em colapso.\n\nMas deves sempre lembrar-te que se deixarmos o nosso oponente ver o pr\u00f3ximo caminho barato, ent\u00e3o a sua m\u00e3o tornar-se-\u00e1 mais forte. A dimens\u00e3o de apostas mais comum \u00e9 1\/2 a 2\/3 do tamanho do recipiente.\n<h3>Pressuposto de seguran\u00e7a de apostas de poker on-line<\/h3>\nPor exemplo, quando apostamos 1\/3 no pote, o oponente paga umas probabilidades lucrativas de contentores. Escolher a nossa aposta geralmente \u00e9 bom. Resumindo. Se achas que o teu advers\u00e1rio tem um empate, ent\u00e3o tens de o empurrar para o colapso, caso contr\u00e1rio \u00e9 caro e n\u00e3o vai atrasar a sua atra\u00e7\u00e3o.\n\nApostas bluff. Se n\u00e3o tiver cartas mistas. E se queres fazer bluff, ent\u00e3o tens de compreender a tua m\u00e3o espec\u00edfica. N\u00e3o h\u00e1 privil\u00e9gios de confronto, por isso deves estar antes do sorteio. For\u00e7ar o oponente a dobrar. Resumindo. Neste caso, o custo excessivo \u00e9 muito elevado.\n\nPode passar por parte da institui\u00e7\u00e3o financeira. Fazer uma aposta para for\u00e7ar o oponente a perder uma grande aposta, e vice-versa, o que significa que esperamos. Pegue uma poderosa palma do oponente. Normalmente, \u00e9 preciso saber. Resumindo. Que desafiante est\u00e1 sentado na nossa frente. Diga-lhe os seus passos com anteced\u00eancia. E compreenda o seu estado na mesa.\n<\/div>\n<\/div>\n","protected":false},"excerpt":{"rendered":"<p>Voc\u00ea definitivamente ter\u00e1 um turbilh\u00e3o totalmente gratuito no dia-a-dia neste videojogo em particular! , atividades desportivas apostam&#8230; participe de uma variedade de pr\u00e9mios girando a nossa roleta de poker!<\/p>\n<div class=\"hero-cup-section\">\n<div class=\"row mb-4\">\n<div class=\"col-md-7\">\n<div class=\"section-area\">\n<div class=\"section-list\">\n<li style=\"text-align: left\"><img decoding=\"async\" src=\"https:\/\/www.freebetbest.com\/wp-content\/uploads\/2021\/06\/tick.png\" alt=\"Esportes\">  B\u00f3nus de boas-vindas do Casino Desportivo.<\/li>\n<li style=\"text-align: left\"><img decoding=\"async\" src=\"https:\/\/www.freebetbest.com\/wp-content\/uploads\/2021\/06\/tick.png\" alt=\"ofertas de jogos\">  Os corretores online oferecem &amp; promo\u00e7\u00f5es.<\/li>\n<li style=\"text-align: left\"><img decoding=\"async\" src=\"https:\/\/www.freebetbest.com\/wp-content\/uploads\/2021\/06\/tick.png\" alt=\"ofertas de jogos\">  Os melhores apostadores online em que pode confiar.<\/li>\n<li style=\"text-align: left\"><img decoding=\"async\" src=\"https:\/\/www.freebetbest.com\/wp-content\/uploads\/2021\/06\/tick.png\" alt=\"Autorit\u00e1rio\">  Revis\u00e3o autorit\u00e1ria Seguro fi\u00e1vel.<\/li>\n<li style=\"text-align: left\"><img decoding=\"async\" src=\"https:\/\/www.freebetbest.com\/wp-content\/uploads\/2021\/06\/tick.png\" alt=\"Levantamentos r\u00e1pidos\">  Suporte de APLICATIVO M\u00f3vel, Levantamentos R\u00e1pidos.<\/li>\n<li style=\"text-align: left\"><img decoding=\"async\" src=\"https:\/\/www.freebetbest.com\/wp-content\/uploads\/2021\/06\/tick.png\" alt=\"Apoio ao cliente\">  Suporte ao cliente: 365 dias, 24 horas por dia.<\/li>\n<\/div>\n<\/div>\n<\/div>\n<div class=\"col-md-5\">\n<div class=\"cup-img\"><img decoding=\"async\" src=\"https:\/\/www.freebetbest.com\/wp-content\/uploads\/2021\/06\/poker1.png\" alt=\"poker\"><\/div>\n<\/div>\n<\/div>\n","protected":false},"author":1,"featured_media":4445,"parent":0,"menu_order":0,"comment_status":"open","ping_status":"closed","template":"poker-template.php","meta":{"footnotes":""},"class_list":["post-4444","page","type-page","status-publish","has-post-thumbnail","hentry"],"yoast_head":"<!-- This site is optimized with the Yoast SEO Premium plugin v19.5 (Yoast SEO v27.0) - https:\/\/yoast.com\/product\/yoast-seo-premium-wordpress\/ -->\n<title>Mais recente poker apostas bonus, Aposta gr\u00e1tis Sem b\u00f3nus de dep\u00f3sito.<\/title>\n<meta name=\"description\" content=\"Mais recente poker apostas bonus, Melhor apostadores Aposta livre Sem b\u00f3nus de dep\u00f3sito,welcome First Deposit bonus code, Inscreva-se c\u00f3digo B\u00f3nus.\" \/>\n<meta name=\"robots\" content=\"index, follow, max-snippet:-1, max-image-preview:large, max-video-preview:-1\" \/>\n<link rel=\"canonical\" href=\"https:\/\/www.freebetbest.com\/pt-pt\/mais-recente-poker-apostas-bonus\/\" \/>\n<meta property=\"og:locale\" content=\"pt_PT\" \/>\n<meta property=\"og:type\" content=\"article\" \/>\n<meta property=\"og:title\" content=\"Mais recente poker apostas bonus\" \/>\n<meta property=\"og:description\" content=\"Mais recente poker apostas bonus, Melhor apostadores Aposta livre Sem b\u00f3nus de dep\u00f3sito,welcome First Deposit bonus code, Inscreva-se c\u00f3digo B\u00f3nus.\" \/>\n<meta property=\"og:url\" content=\"https:\/\/www.freebetbest.com\/pt-pt\/mais-recente-poker-apostas-bonus\/\" \/>\n<meta property=\"og:site_name\" content=\"Aposta Gr\u00e1tis | Cassino online | Apostas de futebol | Melhor Aposta Gr\u00e1tis\" \/>\n<meta property=\"article:modified_time\" content=\"2021-08-16T14:54:46+00:00\" \/>\n<meta property=\"og:image\" content=\"https:\/\/www.freebetbest.com\/wp-content\/uploads\/2019\/07\/1_285_ys.jpg\" \/>\n\t<meta property=\"og:image:width\" content=\"310\" \/>\n\t<meta property=\"og:image:height\" content=\"171\" \/>\n\t<meta property=\"og:image:type\" content=\"image\/jpeg\" \/>\n<meta name=\"twitter:card\" content=\"summary_large_image\" \/>\n<meta name=\"twitter:label1\" content=\"Tempo estimado de leitura\" \/>\n\t<meta name=\"twitter:data1\" content=\"3 minutos\" \/>\n<script type=\"application\/ld+json\" class=\"yoast-schema-graph\">{\"@context\":\"https:\/\/schema.org\",\"@graph\":[{\"@type\":\"WebPage\",\"@id\":\"https:\/\/www.freebetbest.com\/pt-pt\/mais-recente-poker-apostas-bonus\/\",\"url\":\"https:\/\/www.freebetbest.com\/pt-pt\/mais-recente-poker-apostas-bonus\/\",\"name\":\"Mais recente poker apostas bonus, Aposta gr\u00e1tis Sem b\u00f3nus de dep\u00f3sito.\",\"isPartOf\":{\"@id\":\"https:\/\/www.freebetbest.com\/pt-pt\/#website\"},\"primaryImageOfPage\":{\"@id\":\"https:\/\/www.freebetbest.com\/pt-pt\/mais-recente-poker-apostas-bonus\/#primaryimage\"},\"image\":{\"@id\":\"https:\/\/www.freebetbest.com\/pt-pt\/mais-recente-poker-apostas-bonus\/#primaryimage\"},\"thumbnailUrl\":\"https:\/\/www.freebetbest.com\/wp-content\/uploads\/2019\/07\/1_285_ys.jpg\",\"datePublished\":\"2019-07-18T06:44:12+00:00\",\"dateModified\":\"2021-08-16T14:54:46+00:00\",\"description\":\"Mais recente poker apostas bonus, Melhor apostadores Aposta livre Sem b\u00f3nus de dep\u00f3sito,welcome First Deposit bonus code, Inscreva-se c\u00f3digo B\u00f3nus.\",\"breadcrumb\":{\"@id\":\"https:\/\/www.freebetbest.com\/pt-pt\/mais-recente-poker-apostas-bonus\/#breadcrumb\"},\"inLanguage\":\"pt-PT\",\"potentialAction\":[{\"@type\":\"ReadAction\",\"target\":[\"https:\/\/www.freebetbest.com\/pt-pt\/mais-recente-poker-apostas-bonus\/\"]}]},{\"@type\":\"ImageObject\",\"inLanguage\":\"pt-PT\",\"@id\":\"https:\/\/www.freebetbest.com\/pt-pt\/mais-recente-poker-apostas-bonus\/#primaryimage\",\"url\":\"https:\/\/www.freebetbest.com\/wp-content\/uploads\/2019\/07\/1_285_ys.jpg\",\"contentUrl\":\"https:\/\/www.freebetbest.com\/wp-content\/uploads\/2019\/07\/1_285_ys.jpg\",\"width\":310,\"height\":171,\"caption\":\"Apostas online de poker\"},{\"@type\":\"BreadcrumbList\",\"@id\":\"https:\/\/www.freebetbest.com\/pt-pt\/mais-recente-poker-apostas-bonus\/#breadcrumb\",\"itemListElement\":[{\"@type\":\"ListItem\",\"position\":1,\"name\":\"Home\",\"item\":\"https:\/\/www.freebetbest.com\/pt-pt\/\"},{\"@type\":\"ListItem\",\"position\":2,\"name\":\"Mais recente poker apostas bonus\"}]},{\"@type\":\"WebSite\",\"@id\":\"https:\/\/www.freebetbest.com\/pt-pt\/#website\",\"url\":\"https:\/\/www.freebetbest.com\/pt-pt\/\",\"name\":\"Aposta Gr\u00e1tis | Cassino online | Apostas de futebol | Melhor Aposta Gr\u00e1tis\",\"description\":\"As melhores casas de apostas on-line, Oferecem esportes, cassino, p\u00f4quer, bingo e apostas m\u00f3veis, Cassino online ,Apostas de futebol, Melhor Aposta Gr\u00e1tis,  Os principais portais de jogos de azar do mundo.\",\"publisher\":{\"@id\":\"https:\/\/www.freebetbest.com\/pt-pt\/#\/schema\/person\/292684ccf388a2362d507874c5b80a69\"},\"potentialAction\":[{\"@type\":\"SearchAction\",\"target\":{\"@type\":\"EntryPoint\",\"urlTemplate\":\"https:\/\/www.freebetbest.com\/pt-pt\/?s={search_term_string}\"},\"query-input\":{\"@type\":\"PropertyValueSpecification\",\"valueRequired\":true,\"valueName\":\"search_term_string\"}}],\"inLanguage\":\"pt-PT\"},{\"@type\":[\"Person\",\"Organization\"],\"@id\":\"https:\/\/www.freebetbest.com\/pt-pt\/#\/schema\/person\/292684ccf388a2362d507874c5b80a69\",\"name\":\"\u7ba1\u7406\",\"image\":{\"@type\":\"ImageObject\",\"inLanguage\":\"pt-PT\",\"@id\":\"https:\/\/www.freebetbest.com\/pt-pt\/#\/schema\/person\/image\/\",\"url\":\"https:\/\/www.freebetbest.com\/wp-content\/litespeed\/avatar\/49696b52fb15293a2168c14964fdd8b9.jpg?ver=1776835103\",\"contentUrl\":\"https:\/\/www.freebetbest.com\/wp-content\/litespeed\/avatar\/49696b52fb15293a2168c14964fdd8b9.jpg?ver=1776835103\",\"caption\":\"\u7ba1\u7406\"},\"logo\":{\"@id\":\"https:\/\/www.freebetbest.com\/pt-pt\/#\/schema\/person\/image\/\"},\"sameAs\":[\"admin\"]}]}<\/script>\n<!-- \/ Yoast SEO Premium plugin. -->","yoast_head_json":{"title":"Mais recente poker apostas bonus, Aposta gr\u00e1tis Sem b\u00f3nus de dep\u00f3sito.","description":"Mais recente poker apostas bonus, Melhor apostadores Aposta livre Sem b\u00f3nus de dep\u00f3sito,welcome First Deposit bonus code, Inscreva-se c\u00f3digo B\u00f3nus.","robots":{"index":"index","follow":"follow","max-snippet":"max-snippet:-1","max-image-preview":"max-image-preview:large","max-video-preview":"max-video-preview:-1"},"canonical":"https:\/\/www.freebetbest.com\/pt-pt\/mais-recente-poker-apostas-bonus\/","og_locale":"pt_PT","og_type":"article","og_title":"Mais recente poker apostas bonus","og_description":"Mais recente poker apostas bonus, Melhor apostadores Aposta livre Sem b\u00f3nus de dep\u00f3sito,welcome First Deposit bonus code, Inscreva-se c\u00f3digo B\u00f3nus.","og_url":"https:\/\/www.freebetbest.com\/pt-pt\/mais-recente-poker-apostas-bonus\/","og_site_name":"Aposta Gr\u00e1tis | Cassino online | Apostas de futebol | Melhor Aposta Gr\u00e1tis","article_modified_time":"2021-08-16T14:54:46+00:00","og_image":[{"width":310,"height":171,"url":"https:\/\/www.freebetbest.com\/wp-content\/uploads\/2019\/07\/1_285_ys.jpg","type":"image\/jpeg"}],"twitter_card":"summary_large_image","twitter_misc":{"Tempo estimado de leitura":"3 minutos"},"schema":{"@context":"https:\/\/schema.org","@graph":[{"@type":"WebPage","@id":"https:\/\/www.freebetbest.com\/pt-pt\/mais-recente-poker-apostas-bonus\/","url":"https:\/\/www.freebetbest.com\/pt-pt\/mais-recente-poker-apostas-bonus\/","name":"Mais recente poker apostas bonus, Aposta gr\u00e1tis Sem b\u00f3nus de dep\u00f3sito.","isPartOf":{"@id":"https:\/\/www.freebetbest.com\/pt-pt\/#website"},"primaryImageOfPage":{"@id":"https:\/\/www.freebetbest.com\/pt-pt\/mais-recente-poker-apostas-bonus\/#primaryimage"},"image":{"@id":"https:\/\/www.freebetbest.com\/pt-pt\/mais-recente-poker-apostas-bonus\/#primaryimage"},"thumbnailUrl":"https:\/\/www.freebetbest.com\/wp-content\/uploads\/2019\/07\/1_285_ys.jpg","datePublished":"2019-07-18T06:44:12+00:00","dateModified":"2021-08-16T14:54:46+00:00","description":"Mais recente poker apostas bonus, Melhor apostadores Aposta livre Sem b\u00f3nus de dep\u00f3sito,welcome First Deposit bonus code, Inscreva-se c\u00f3digo B\u00f3nus.","breadcrumb":{"@id":"https:\/\/www.freebetbest.com\/pt-pt\/mais-recente-poker-apostas-bonus\/#breadcrumb"},"inLanguage":"pt-PT","potentialAction":[{"@type":"ReadAction","target":["https:\/\/www.freebetbest.com\/pt-pt\/mais-recente-poker-apostas-bonus\/"]}]},{"@type":"ImageObject","inLanguage":"pt-PT","@id":"https:\/\/www.freebetbest.com\/pt-pt\/mais-recente-poker-apostas-bonus\/#primaryimage","url":"https:\/\/www.freebetbest.com\/wp-content\/uploads\/2019\/07\/1_285_ys.jpg","contentUrl":"https:\/\/www.freebetbest.com\/wp-content\/uploads\/2019\/07\/1_285_ys.jpg","width":310,"height":171,"caption":"Apostas online de poker"},{"@type":"BreadcrumbList","@id":"https:\/\/www.freebetbest.com\/pt-pt\/mais-recente-poker-apostas-bonus\/#breadcrumb","itemListElement":[{"@type":"ListItem","position":1,"name":"Home","item":"https:\/\/www.freebetbest.com\/pt-pt\/"},{"@type":"ListItem","position":2,"name":"Mais recente poker apostas bonus"}]},{"@type":"WebSite","@id":"https:\/\/www.freebetbest.com\/pt-pt\/#website","url":"https:\/\/www.freebetbest.com\/pt-pt\/","name":"Aposta Gr\u00e1tis | Cassino online | Apostas de futebol | Melhor Aposta Gr\u00e1tis","description":"As melhores casas de apostas on-line, Oferecem esportes, cassino, p\u00f4quer, bingo e apostas m\u00f3veis, Cassino online ,Apostas de futebol, Melhor Aposta Gr\u00e1tis,  Os principais portais de jogos de azar do mundo.","publisher":{"@id":"https:\/\/www.freebetbest.com\/pt-pt\/#\/schema\/person\/292684ccf388a2362d507874c5b80a69"},"potentialAction":[{"@type":"SearchAction","target":{"@type":"EntryPoint","urlTemplate":"https:\/\/www.freebetbest.com\/pt-pt\/?s={search_term_string}"},"query-input":{"@type":"PropertyValueSpecification","valueRequired":true,"valueName":"search_term_string"}}],"inLanguage":"pt-PT"},{"@type":["Person","Organization"],"@id":"https:\/\/www.freebetbest.com\/pt-pt\/#\/schema\/person\/292684ccf388a2362d507874c5b80a69","name":"\u7ba1\u7406","image":{"@type":"ImageObject","inLanguage":"pt-PT","@id":"https:\/\/www.freebetbest.com\/pt-pt\/#\/schema\/person\/image\/","url":"https:\/\/www.freebetbest.com\/wp-content\/litespeed\/avatar\/49696b52fb15293a2168c14964fdd8b9.jpg?ver=1776835103","contentUrl":"https:\/\/www.freebetbest.com\/wp-content\/litespeed\/avatar\/49696b52fb15293a2168c14964fdd8b9.jpg?ver=1776835103","caption":"\u7ba1\u7406"},"logo":{"@id":"https:\/\/www.freebetbest.com\/pt-pt\/#\/schema\/person\/image\/"},"sameAs":["admin"]}]}},"_links":{"self":[{"href":"https:\/\/www.freebetbest.com\/pt-pt\/wp-json\/wp\/v2\/pages\/4444","targetHints":{"allow":["GET"]}}],"collection":[{"href":"https:\/\/www.freebetbest.com\/pt-pt\/wp-json\/wp\/v2\/pages"}],"about":[{"href":"https:\/\/www.freebetbest.com\/pt-pt\/wp-json\/wp\/v2\/types\/page"}],"author":[{"embeddable":true,"href":"https:\/\/www.freebetbest.com\/pt-pt\/wp-json\/wp\/v2\/users\/1"}],"replies":[{"embeddable":true,"href":"https:\/\/www.freebetbest.com\/pt-pt\/wp-json\/wp\/v2\/comments?post=4444"}],"version-history":[{"count":0,"href":"https:\/\/www.freebetbest.com\/pt-pt\/wp-json\/wp\/v2\/pages\/4444\/revisions"}],"wp:featuredmedia":[{"embeddable":true,"href":"https:\/\/www.freebetbest.com\/pt-pt\/wp-json\/wp\/v2\/media\/4445"}],"wp:attachment":[{"href":"https:\/\/www.freebetbest.com\/pt-pt\/wp-json\/wp\/v2\/media?parent=4444"}],"curies":[{"name":"wp","href":"https:\/\/api.w.org\/{rel}","templated":true}]}}