{"id":4438,"date":"2019-07-19T09:24:55","date_gmt":"2019-07-19T09:24:55","guid":{"rendered":"https:\/\/www.freebetbest.com\/hockey-apostas-online\/"},"modified":"2021-08-16T06:42:16","modified_gmt":"2021-08-16T06:42:16","slug":"hoquei-online-apostas","status":"publish","type":"page","link":"https:\/\/www.freebetbest.com\/pt-pt\/hoquei-online-apostas\/","title":{"rendered":"B\u00f3nus de apostas de h\u00f3quei mais recente"},"content":{"rendered":"\n<div class=\"text-area__container\">\n<div class=\"text-area__content\">\n<p>s\u00e3o colocados em casas de apostas \u00daltimo b\u00f3nus de apostas de h\u00f3quei. Todos t\u00eam como alvo desportos populares. H\u00e1 f\u00e3s deste tipo de videojogos. Na R\u00fassia, n\u00e3o muitos. O h\u00f3quei \u00e9 muito popular na Irlanda ou na Espanha. Muitos seguidores, estas pessoas e casas de apostas que querem ganhar rendimento com apostas est\u00e3o a ver o jogo.<\/p>\n<p>Os \u00faltimos b\u00f3nus de apostas de h\u00f3quei. Na verdade, \u00e9 um jogo de equipa, onde duas equipas incluem 11 pessoas. O prop\u00f3sito dos videojogos. \u00c9 o objetivo do desafiante do relat\u00f3rio. Para esta atividade, eles geralmente usam tacos e bolas de osso especiais.<\/p>\n<p>O videojogo inclui dois fatores da Liga Europeia de H\u00f3quei no Gelo, divididos em duas metades, 50% em cada grupo, e o tempo de jogo \u00e9 de 17,5 minutos. O campe\u00e3o \u00e9 o grupo que vai marcar mais golos.<\/p>\n<h2>Mais recente site de b\u00f3nus de apostas de h\u00f3quei<\/h2>\n<p>No que diz respeito aos principais jogos desportivos, o h\u00f3quei no gelo \u00e9 mais popular do que a sua alternativa. O futebol e o basebol recebem muito menos considera\u00e7\u00e3o. \u00c9 como uma banda que usa muitas op\u00e7\u00f5es de persegui\u00e7\u00e3o.<\/p>\n<p>Muitas pessoas gostam mesmo de videojogos. Muitas pessoas repetiram. Melhores sites de apostas de h\u00f3quei e apostas ao vivo. Mas vem dos holofotes.<\/p>\n<h3>Os mais recentes entusiastas do B\u00f3nus de Apostas de H\u00f3quei.<\/h3>\n<p>E quero usar a sua informa\u00e7\u00e3o de h\u00f3quei. Para ganhar dinheiro a jogar em videojogos, este site ir\u00e1 ajud\u00e1-lo a come\u00e7ar. Se \u00e9s uma pessoa h\u00e1bil. Apostadores desportivos e querem envolver-se em jogos de h\u00f3quei no gelo, ent\u00e3o quase pode.<\/p>\n<p>Encontre tudo o que quiser acima. Teremos certeza. Como pode escolher o h\u00f3quei? E voc\u00ea pode jogar nos melhores locais de jogo de h\u00f3quei. V\u00e1rias apostas feitas. Em conclus\u00e3o, tamb\u00e9m lhe forneceremos algumas diretrizes para ajud\u00e1-lo. Obtenha o maior benef\u00edcio do evento.<\/p>\n<h3>Por que apostas de esportes de h\u00f3quei no gelo on-line oferece-lhe tantas escolhas<\/h3>\n<p>A maioria dos apostadores. Indiferen\u00e7a aos sites de jogos da NHL. Proporciona uma oportunidade \u00fanica. \u00c0s vezes vemos &#8220;lacunas&#8221; nas oportunidades. A raz\u00e3o \u00e9 a seguinte: os setters de probabilidades tentam. Distribua a atividade igualmente em ambos os lados da atividade. Constroem um por. Deixe o maior n\u00famero poss\u00edvel de apostadores. S\u00e9ries interessadas para fazer isto. Divida os pontos igualmente. Em conclus\u00e3o, pode garantir que as apostas desportivas lucram com o &#8220;sumo&#8221;.<\/p>\n<h3>Quando h\u00e1 um monte de medidas<\/h3>\n<p>Por exemplo, isto \u00e9 geralmente conseguido relativamente rapidamente. Milhares de apostas. Ajude os setters de probabilidades a estabelecer rapidamente probabilidades com altera\u00e7\u00f5es m\u00ednimas e mantenha sempre um equil\u00edbrio. Uma vez que a a\u00e7\u00e3o \u00e9 escassa<\/p>\n<p>Nos sites de apostas de h\u00f3quei, este processo leva mais tempo. As apostas escorrem. <a href=\"https:\/\/www.freebetbest.com\/pt-pt\/sites-de-apostas\/\">As apostas desportivas<\/a> fizeram altera\u00e7\u00f5es nos jogos online, mas a um ritmo mais lento. Se terminar o dever de casa mais cedo e o conseguir, em conclus\u00e3o, as suas hip\u00f3teses de ganhar aumentar\u00e3o quando as probabilidades, por vezes, se desviarem.<\/p>\n<p>Claro que n\u00e3o recomendamos jogar jogos online de h\u00f3quei no gelo. Fornecer rendimento garantido. Se isto for verdade, todos o far\u00e3o. Ainda h\u00e1 uma hip\u00f3tese de participar. A ideia \u00e9 que voc\u00ea ver\u00e1 potenciais clientes em sites de apostas, e estes sites est\u00e3o em sites de apostas de futebol e beisebol. N\u00e3o \u00e9 muito comum.<\/p>\n<h3>Conhecimento b\u00e1sico do jogo de h\u00f3quei<\/h3>\n<p>A maioria das apostas de h\u00f3quei no gelo est\u00e3o posicionadas em jogos online da NHL. \u00c0s vezes, v\u00ea-lo no guia de topo. Informa\u00e7\u00e3o suplementar sobre o h\u00f3quei europeu exibida. Mas por causa dos apostadores americanos. Saber o facto do n\u00famero de equipas e participantes nestas ligas complementa os desportos mais pequenos. Em conclus\u00e3o, um punhado de deliciosas apostas desportivas nos Estados Unidos. At\u00e9 mesmo fornecer-lhes.<\/p>\n<p>Em conclus\u00e3o, <a href=\"https:\/\/www.freebetsinfo.co.uk\/free-bets\/\">as apostas desportivas<\/a> da NHL baseiam-se em ganhar ou perder. Fornecem exatamente as mesmas fun\u00e7\u00f5es, tal como atribuir localiza\u00e7\u00f5es. O conjunto tenta tornar todos os lados da aposta satisfat\u00f3rios. A diferen\u00e7a \u00f3bvia entre ganhar e perder ordens e distribui\u00e7\u00e3o de posi\u00e7\u00e3o \u00e9 que o primeiro s\u00f3 considera o vencedor de qualquer videojogo.<\/p>\n<h3>O conceito por tr\u00e1s da linha de caixa<\/h3>\n<p>Todos os jogos de h\u00f3quei. Ambos incluem um popular e um falhado. Porque a maioria das pessoas s\u00f3 adivinha a prefer\u00eancia. Em conclus\u00e3o, todas as outras vari\u00e1veis permanecem inalteradas. Ent\u00e3o, as apostas desportivas tentam. Atraia os apostadores para colocar a a\u00e7\u00e3o no lado oposto. Portanto, os apostadores s\u00e3o necess\u00e1rios. Colocar mais rendimento em maior risco em vez de apostar em vantagens.<\/p>\n<\/div>\n<\/div>\n","protected":false},"excerpt":{"rendered":"<p>A escolha de seu tipo depende da experi\u00eancia do jogador, dos objetivos perseguidos e do or\u00e7amento dispon\u00edvel. as apostas s\u00e3o consideradas as mais bem-sucedidas.<\/p>\n<div class=\"hero-cup-section\">\n<div class=\"row mb-4\">\n<div class=\"col-md-7\">\n<div class=\"section-area\">\n<div class=\"section-list\">\n<li style=\"text-align: left\"><img decoding=\"async\" src=\"https:\/\/www.freebetbest.com\/wp-content\/uploads\/2021\/06\/tick.png\" alt=\"Esportes\">  B\u00f3nus de boas-vindas do Casino Desportivo.<\/li>\n<li style=\"text-align: left\"><img decoding=\"async\" src=\"https:\/\/www.freebetbest.com\/wp-content\/uploads\/2021\/06\/tick.png\" alt=\"ofertas de jogos\">  Os corretores online oferecem &amp; promo\u00e7\u00f5es.<\/li>\n<li style=\"text-align: left\"><img decoding=\"async\" src=\"https:\/\/www.freebetbest.com\/wp-content\/uploads\/2021\/06\/tick.png\" alt=\"ofertas de jogos\">  Os melhores apostadores online em que pode confiar.<\/li>\n<li style=\"text-align: left\"><img decoding=\"async\" src=\"https:\/\/www.freebetbest.com\/wp-content\/uploads\/2021\/06\/tick.png\" alt=\"Autorit\u00e1rio\">  Revis\u00e3o autorit\u00e1ria Seguro fi\u00e1vel.<\/li>\n<li style=\"text-align: left\"><img decoding=\"async\" src=\"https:\/\/www.freebetbest.com\/wp-content\/uploads\/2021\/06\/tick.png\" alt=\"Levantamentos r\u00e1pidos\">  Suporte de APLICATIVO M\u00f3vel, Levantamentos R\u00e1pidos.<\/li>\n<li style=\"text-align: left\"><img decoding=\"async\" src=\"https:\/\/www.freebetbest.com\/wp-content\/uploads\/2021\/06\/tick.png\" alt=\"Apoio ao cliente\">  Suporte ao cliente: 365 dias, 24 horas por dia.<\/li>\n<\/div>\n<\/div>\n<\/div>\n<div class=\"col-md-5\">\n<div class=\"cup-img\"><img decoding=\"async\" src=\"https:\/\/www.freebetbest.com\/wp-content\/uploads\/2021\/06\/Cricket-Betting.png\" alt=\"Esportes\"><\/div>\n<\/div>\n<\/div>\n","protected":false},"author":1,"featured_media":4439,"parent":0,"menu_order":0,"comment_status":"closed","ping_status":"closed","template":"Sports-template.php","meta":{"footnotes":""},"class_list":["post-4438","page","type-page","status-publish","has-post-thumbnail","hentry"],"yoast_head":"<!-- This site is optimized with the Yoast SEO Premium plugin v19.5 (Yoast SEO v27.5) - https:\/\/yoast.com\/product\/yoast-seo-premium-wordpress\/ -->\n<title>B\u00f3nus de apostas de h\u00f3quei mais recente Promo\u00e7\u00e3o de dep\u00f3sitos pela primeira vez<\/title>\n<meta name=\"description\" content=\"B\u00f3nus de apostas de h\u00f3quei mais recente Promo\u00e7\u00e3o de dep\u00f3sito pela primeira vez.Aposta gr\u00e1tis Sem b\u00f3nus de dep\u00f3sito,welcome First Deposit bonus code, Inscreva-se c\u00f3digo B\u00f3nus.\" \/>\n<meta name=\"robots\" content=\"index, follow, max-snippet:-1, max-image-preview:large, max-video-preview:-1\" \/>\n<link rel=\"canonical\" href=\"https:\/\/www.freebetbest.com\/pt-pt\/hoquei-online-apostas\/\" \/>\n<meta property=\"og:locale\" content=\"pt_PT\" \/>\n<meta property=\"og:type\" content=\"article\" \/>\n<meta property=\"og:title\" content=\"B\u00f3nus de apostas de h\u00f3quei mais recente\" \/>\n<meta property=\"og:description\" content=\"B\u00f3nus de apostas de h\u00f3quei mais recente Promo\u00e7\u00e3o de dep\u00f3sito pela primeira vez.Aposta gr\u00e1tis Sem b\u00f3nus de dep\u00f3sito,welcome First Deposit bonus code, Inscreva-se c\u00f3digo B\u00f3nus.\" \/>\n<meta property=\"og:url\" content=\"https:\/\/www.freebetbest.com\/pt-pt\/hoquei-online-apostas\/\" \/>\n<meta property=\"og:site_name\" content=\"Aposta Gr\u00e1tis | Cassino online | Apostas de futebol | Melhor Aposta Gr\u00e1tis\" \/>\n<meta property=\"article:modified_time\" content=\"2021-08-16T06:42:16+00:00\" \/>\n<meta property=\"og:image\" content=\"https:\/\/www.freebetbest.com\/wp-content\/uploads\/2019\/07\/Field-Hockey.jpg\" \/>\n\t<meta property=\"og:image:width\" content=\"315\" \/>\n\t<meta property=\"og:image:height\" content=\"140\" \/>\n\t<meta property=\"og:image:type\" content=\"image\/jpeg\" \/>\n<meta name=\"twitter:card\" content=\"summary_large_image\" \/>\n<meta name=\"twitter:label1\" content=\"Tempo estimado de leitura\" \/>\n\t<meta name=\"twitter:data1\" content=\"4 minutos\" \/>\n<script type=\"application\/ld+json\" class=\"yoast-schema-graph\">{\"@context\":\"https:\\\/\\\/schema.org\",\"@graph\":[{\"@type\":\"WebPage\",\"@id\":\"https:\\\/\\\/www.freebetbest.com\\\/pt-pt\\\/hoquei-online-apostas\\\/\",\"url\":\"https:\\\/\\\/www.freebetbest.com\\\/pt-pt\\\/hoquei-online-apostas\\\/\",\"name\":\"B\u00f3nus de apostas de h\u00f3quei mais recente Promo\u00e7\u00e3o de dep\u00f3sitos pela primeira vez\",\"isPartOf\":{\"@id\":\"https:\\\/\\\/www.freebetbest.com\\\/pt-pt\\\/#website\"},\"primaryImageOfPage\":{\"@id\":\"https:\\\/\\\/www.freebetbest.com\\\/pt-pt\\\/hoquei-online-apostas\\\/#primaryimage\"},\"image\":{\"@id\":\"https:\\\/\\\/www.freebetbest.com\\\/pt-pt\\\/hoquei-online-apostas\\\/#primaryimage\"},\"thumbnailUrl\":\"https:\\\/\\\/www.freebetbest.com\\\/wp-content\\\/uploads\\\/2019\\\/07\\\/Field-Hockey.jpg\",\"datePublished\":\"2019-07-19T09:24:55+00:00\",\"dateModified\":\"2021-08-16T06:42:16+00:00\",\"description\":\"B\u00f3nus de apostas de h\u00f3quei mais recente Promo\u00e7\u00e3o de dep\u00f3sito pela primeira vez.Aposta gr\u00e1tis Sem b\u00f3nus de dep\u00f3sito,welcome First Deposit bonus code, Inscreva-se c\u00f3digo B\u00f3nus.\",\"breadcrumb\":{\"@id\":\"https:\\\/\\\/www.freebetbest.com\\\/pt-pt\\\/hoquei-online-apostas\\\/#breadcrumb\"},\"inLanguage\":\"pt-PT\",\"potentialAction\":[{\"@type\":\"ReadAction\",\"target\":[\"https:\\\/\\\/www.freebetbest.com\\\/pt-pt\\\/hoquei-online-apostas\\\/\"]}]},{\"@type\":\"ImageObject\",\"inLanguage\":\"pt-PT\",\"@id\":\"https:\\\/\\\/www.freebetbest.com\\\/pt-pt\\\/hoquei-online-apostas\\\/#primaryimage\",\"url\":\"https:\\\/\\\/www.freebetbest.com\\\/wp-content\\\/uploads\\\/2019\\\/07\\\/Field-Hockey.jpg\",\"contentUrl\":\"https:\\\/\\\/www.freebetbest.com\\\/wp-content\\\/uploads\\\/2019\\\/07\\\/Field-Hockey.jpg\",\"width\":315,\"height\":140,\"caption\":\"Hockey apostas online\"},{\"@type\":\"BreadcrumbList\",\"@id\":\"https:\\\/\\\/www.freebetbest.com\\\/pt-pt\\\/hoquei-online-apostas\\\/#breadcrumb\",\"itemListElement\":[{\"@type\":\"ListItem\",\"position\":1,\"name\":\"Home\",\"item\":\"https:\\\/\\\/www.freebetbest.com\\\/pt-pt\\\/\"},{\"@type\":\"ListItem\",\"position\":2,\"name\":\"B\u00f3nus de apostas de h\u00f3quei mais recente\"}]},{\"@type\":\"WebSite\",\"@id\":\"https:\\\/\\\/www.freebetbest.com\\\/pt-pt\\\/#website\",\"url\":\"https:\\\/\\\/www.freebetbest.com\\\/pt-pt\\\/\",\"name\":\"Aposta Gr\u00e1tis | Cassino online | Apostas de futebol | Melhor Aposta Gr\u00e1tis\",\"description\":\"As melhores casas de apostas on-line, Oferecem esportes, cassino, p\u00f4quer, bingo e apostas m\u00f3veis, Cassino online ,Apostas de futebol, Melhor Aposta Gr\u00e1tis,  Os principais portais de jogos de azar do mundo.\",\"publisher\":{\"@id\":\"https:\\\/\\\/www.freebetbest.com\\\/pt-pt\\\/#\\\/schema\\\/person\\\/292684ccf388a2362d507874c5b80a69\"},\"potentialAction\":[{\"@type\":\"SearchAction\",\"target\":{\"@type\":\"EntryPoint\",\"urlTemplate\":\"https:\\\/\\\/www.freebetbest.com\\\/pt-pt\\\/?s={search_term_string}\"},\"query-input\":{\"@type\":\"PropertyValueSpecification\",\"valueRequired\":true,\"valueName\":\"search_term_string\"}}],\"inLanguage\":\"pt-PT\"},{\"@type\":[\"Person\",\"Organization\"],\"@id\":\"https:\\\/\\\/www.freebetbest.com\\\/pt-pt\\\/#\\\/schema\\\/person\\\/292684ccf388a2362d507874c5b80a69\",\"name\":\"\u7ba1\u7406\",\"image\":{\"@type\":\"ImageObject\",\"inLanguage\":\"pt-PT\",\"@id\":\"https:\\\/\\\/www.freebetbest.com\\\/wp-content\\\/litespeed\\\/avatar\\\/49696b52fb15293a2168c14964fdd8b9.jpg?ver=1778649583\",\"url\":\"https:\\\/\\\/www.freebetbest.com\\\/wp-content\\\/litespeed\\\/avatar\\\/49696b52fb15293a2168c14964fdd8b9.jpg?ver=1778649583\",\"contentUrl\":\"https:\\\/\\\/www.freebetbest.com\\\/wp-content\\\/litespeed\\\/avatar\\\/49696b52fb15293a2168c14964fdd8b9.jpg?ver=1778649583\",\"caption\":\"\u7ba1\u7406\"},\"logo\":{\"@id\":\"https:\\\/\\\/www.freebetbest.com\\\/wp-content\\\/litespeed\\\/avatar\\\/49696b52fb15293a2168c14964fdd8b9.jpg?ver=1778649583\"},\"sameAs\":[\"admin\"]}]}<\/script>\n<!-- \/ Yoast SEO Premium plugin. -->","yoast_head_json":{"title":"B\u00f3nus de apostas de h\u00f3quei mais recente Promo\u00e7\u00e3o de dep\u00f3sitos pela primeira vez","description":"B\u00f3nus de apostas de h\u00f3quei mais recente Promo\u00e7\u00e3o de dep\u00f3sito pela primeira vez.Aposta gr\u00e1tis Sem b\u00f3nus de dep\u00f3sito,welcome First Deposit bonus code, Inscreva-se c\u00f3digo B\u00f3nus.","robots":{"index":"index","follow":"follow","max-snippet":"max-snippet:-1","max-image-preview":"max-image-preview:large","max-video-preview":"max-video-preview:-1"},"canonical":"https:\/\/www.freebetbest.com\/pt-pt\/hoquei-online-apostas\/","og_locale":"pt_PT","og_type":"article","og_title":"B\u00f3nus de apostas de h\u00f3quei mais recente","og_description":"B\u00f3nus de apostas de h\u00f3quei mais recente Promo\u00e7\u00e3o de dep\u00f3sito pela primeira vez.Aposta gr\u00e1tis Sem b\u00f3nus de dep\u00f3sito,welcome First Deposit bonus code, Inscreva-se c\u00f3digo B\u00f3nus.","og_url":"https:\/\/www.freebetbest.com\/pt-pt\/hoquei-online-apostas\/","og_site_name":"Aposta Gr\u00e1tis | Cassino online | Apostas de futebol | Melhor Aposta Gr\u00e1tis","article_modified_time":"2021-08-16T06:42:16+00:00","og_image":[{"width":315,"height":140,"url":"https:\/\/www.freebetbest.com\/wp-content\/uploads\/2019\/07\/Field-Hockey.jpg","type":"image\/jpeg"}],"twitter_card":"summary_large_image","twitter_misc":{"Tempo estimado de leitura":"4 minutos"},"schema":{"@context":"https:\/\/schema.org","@graph":[{"@type":"WebPage","@id":"https:\/\/www.freebetbest.com\/pt-pt\/hoquei-online-apostas\/","url":"https:\/\/www.freebetbest.com\/pt-pt\/hoquei-online-apostas\/","name":"B\u00f3nus de apostas de h\u00f3quei mais recente Promo\u00e7\u00e3o de dep\u00f3sitos pela primeira vez","isPartOf":{"@id":"https:\/\/www.freebetbest.com\/pt-pt\/#website"},"primaryImageOfPage":{"@id":"https:\/\/www.freebetbest.com\/pt-pt\/hoquei-online-apostas\/#primaryimage"},"image":{"@id":"https:\/\/www.freebetbest.com\/pt-pt\/hoquei-online-apostas\/#primaryimage"},"thumbnailUrl":"https:\/\/www.freebetbest.com\/wp-content\/uploads\/2019\/07\/Field-Hockey.jpg","datePublished":"2019-07-19T09:24:55+00:00","dateModified":"2021-08-16T06:42:16+00:00","description":"B\u00f3nus de apostas de h\u00f3quei mais recente Promo\u00e7\u00e3o de dep\u00f3sito pela primeira vez.Aposta gr\u00e1tis Sem b\u00f3nus de dep\u00f3sito,welcome First Deposit bonus code, Inscreva-se c\u00f3digo B\u00f3nus.","breadcrumb":{"@id":"https:\/\/www.freebetbest.com\/pt-pt\/hoquei-online-apostas\/#breadcrumb"},"inLanguage":"pt-PT","potentialAction":[{"@type":"ReadAction","target":["https:\/\/www.freebetbest.com\/pt-pt\/hoquei-online-apostas\/"]}]},{"@type":"ImageObject","inLanguage":"pt-PT","@id":"https:\/\/www.freebetbest.com\/pt-pt\/hoquei-online-apostas\/#primaryimage","url":"https:\/\/www.freebetbest.com\/wp-content\/uploads\/2019\/07\/Field-Hockey.jpg","contentUrl":"https:\/\/www.freebetbest.com\/wp-content\/uploads\/2019\/07\/Field-Hockey.jpg","width":315,"height":140,"caption":"Hockey apostas online"},{"@type":"BreadcrumbList","@id":"https:\/\/www.freebetbest.com\/pt-pt\/hoquei-online-apostas\/#breadcrumb","itemListElement":[{"@type":"ListItem","position":1,"name":"Home","item":"https:\/\/www.freebetbest.com\/pt-pt\/"},{"@type":"ListItem","position":2,"name":"B\u00f3nus de apostas de h\u00f3quei mais recente"}]},{"@type":"WebSite","@id":"https:\/\/www.freebetbest.com\/pt-pt\/#website","url":"https:\/\/www.freebetbest.com\/pt-pt\/","name":"Aposta Gr\u00e1tis | Cassino online | Apostas de futebol | Melhor Aposta Gr\u00e1tis","description":"As melhores casas de apostas on-line, Oferecem esportes, cassino, p\u00f4quer, bingo e apostas m\u00f3veis, Cassino online ,Apostas de futebol, Melhor Aposta Gr\u00e1tis,  Os principais portais de jogos de azar do mundo.","publisher":{"@id":"https:\/\/www.freebetbest.com\/pt-pt\/#\/schema\/person\/292684ccf388a2362d507874c5b80a69"},"potentialAction":[{"@type":"SearchAction","target":{"@type":"EntryPoint","urlTemplate":"https:\/\/www.freebetbest.com\/pt-pt\/?s={search_term_string}"},"query-input":{"@type":"PropertyValueSpecification","valueRequired":true,"valueName":"search_term_string"}}],"inLanguage":"pt-PT"},{"@type":["Person","Organization"],"@id":"https:\/\/www.freebetbest.com\/pt-pt\/#\/schema\/person\/292684ccf388a2362d507874c5b80a69","name":"\u7ba1\u7406","image":{"@type":"ImageObject","inLanguage":"pt-PT","@id":"https:\/\/www.freebetbest.com\/wp-content\/litespeed\/avatar\/49696b52fb15293a2168c14964fdd8b9.jpg?ver=1778649583","url":"https:\/\/www.freebetbest.com\/wp-content\/litespeed\/avatar\/49696b52fb15293a2168c14964fdd8b9.jpg?ver=1778649583","contentUrl":"https:\/\/www.freebetbest.com\/wp-content\/litespeed\/avatar\/49696b52fb15293a2168c14964fdd8b9.jpg?ver=1778649583","caption":"\u7ba1\u7406"},"logo":{"@id":"https:\/\/www.freebetbest.com\/wp-content\/litespeed\/avatar\/49696b52fb15293a2168c14964fdd8b9.jpg?ver=1778649583"},"sameAs":["admin"]}]}},"_links":{"self":[{"href":"https:\/\/www.freebetbest.com\/pt-pt\/wp-json\/wp\/v2\/pages\/4438","targetHints":{"allow":["GET"]}}],"collection":[{"href":"https:\/\/www.freebetbest.com\/pt-pt\/wp-json\/wp\/v2\/pages"}],"about":[{"href":"https:\/\/www.freebetbest.com\/pt-pt\/wp-json\/wp\/v2\/types\/page"}],"author":[{"embeddable":true,"href":"https:\/\/www.freebetbest.com\/pt-pt\/wp-json\/wp\/v2\/users\/1"}],"replies":[{"embeddable":true,"href":"https:\/\/www.freebetbest.com\/pt-pt\/wp-json\/wp\/v2\/comments?post=4438"}],"version-history":[{"count":0,"href":"https:\/\/www.freebetbest.com\/pt-pt\/wp-json\/wp\/v2\/pages\/4438\/revisions"}],"wp:featuredmedia":[{"embeddable":true,"href":"https:\/\/www.freebetbest.com\/pt-pt\/wp-json\/wp\/v2\/media\/4439"}],"wp:attachment":[{"href":"https:\/\/www.freebetbest.com\/pt-pt\/wp-json\/wp\/v2\/media?parent=4438"}],"curies":[{"name":"wp","href":"https:\/\/api.w.org\/{rel}","templated":true}]}}