{"id":130949,"date":"2021-06-10T09:41:02","date_gmt":"2021-06-10T09:41:02","guid":{"rendered":"https:\/\/www.freebetbest.com\/reino-unido-casas-de-apostas\/"},"modified":"2021-08-16T14:57:09","modified_gmt":"2021-08-16T14:57:09","slug":"b%c3%b4nus-de-casas-de-apostas-brit%c3%a2nicas","status":"publish","type":"page","link":"https:\/\/www.freebetbest.com\/pt-pt\/b%c3%b4nus-de-casas-de-apostas-brit%c3%a2nicas\/","title":{"rendered":"B\u00f4nus de casas de apostas brit\u00e2nicas"},"content":{"rendered":"\n<div class=\"text-area__container\">\n<div class=\"text-area__content\">\n<h2>Apostas brit\u00e2nicas B\u00f3nus Gr\u00e1tis anunciadas<\/h2>\nA op\u00e7\u00e3o completamente gratuita \u00e9, ou em princ\u00edpio deve ser, o palpite que lhe \u00e9 fornecido gratuitamente, e ent\u00e3o voc\u00ea pode encontrar o B\u00f3nus das Casas de Apostas do Reino Unido. E ter a oportunidade de ganhar dinheiro a s\u00e9rio. A verdade \u00e9 que \u00e9 melhor do que investir em todas as <a href=\"https:\/\/www.freebetsinfo.co.uk\/asia-bookmakers\/\">casas de apostas.<\/a> Em torno da sua op\u00e7\u00e3o gratuita ou inscreva-se para dar. As diferentes condi\u00e7\u00f5es e termos s\u00e3o muito mais complicados.\n\nPor causa deste lugar, tentamos ser o mais detalhados poss\u00edvel aqui. O B\u00f3nus de B\u00f3nus e b\u00f3nus de inscri\u00e7\u00e3o do Reino Unido s\u00e3o fornecidos para si, mas deve passar pelos links deste artigo. Clique na <a href=\"https:\/\/www.freebetbest.com\/pt-pt\/futebol-online-apostas\/\">casa de apostas online<\/a> e antes de assinar. Veja as suas condi\u00e7\u00f5es e termos para cima na \u00edntegra.\n<h2>Muitas ofertas de apostas.<\/h2>\nAmbos exigem que pague em dinheiro e fa\u00e7a uma aposta primeiro. Esta aposta principal ou qualifica\u00e7\u00e3o. Adivinhar geralmente tem de ser feito com uma certa oportunidade. Por exemplo, este obst\u00e1culo pode ser assim\n\nNormalmente, d\u00e1s o primeiro palpite. Pode ser que seja obtida uma aposta qualificada, e o n\u00famero dessa aposta corresponder\u00e1. At\u00e9 e incluindo uma certa quantia, aposte exatamente o mesmo valor de gra\u00e7a.\n\nMesmo atrav\u00e9s de op\u00e7\u00f5es mais simples. H\u00e1 muitas mudan\u00e7as para uma op\u00e7\u00e3o gratuita de \u00a310 por \u00a310, uma aposta de \u00a310 por \u00a320, uma aposta de \u00a310 por uma aposta gratuita de \u00a330, e at\u00e9 \u00a320 por uma aposta de \u00a310.\n\nNormalmente, a principal oferta registada de casas de apostas. Pode ser usado para todos os desportos. Mas certifique-se de verificar, porque \u00e0s vezes descontos. Apenas adequado para corridas de cavalos ou basebol.\n<h3>Ofertas de op\u00e7\u00e3o gratuitas e recompensas de inscri\u00e7\u00e3o<\/h3>\nAgora, em sites de apostas no Reino Unido, juntar b\u00f3nus \u00e9 mais popular do que apostas gratuitas. Normalmente, a casa de apostas. Vai combinar o seu investimento com recursos de rendimento.\n\nNo entanto, pode haver requisitos m\u00ednimos, como voc\u00ea pode precisar. Apostar acima de uma certas probabilidades \u00e9 eleg\u00edvel para a recompensa inicial de investimento.\n\nEnt\u00e3o, sobre quantas vezes precisas de escolher. Ou exatamente quantas vezes deve ser pergaminho. Para passar o aumento dos fundos de b\u00f3nus. Retire qualquer b\u00f3nus, pode haver mais termos.\n\nComo sempre, lembre-se de se inscrever na casa de apostas. Reveja cuidadosamente os termos e condi\u00e7\u00f5es fornecidos pela maioria das suposi\u00e7\u00f5es gratuitas e certifique-se de que \u00e9 capaz. E est\u00e3o dispostos a cumprir estas condi\u00e7\u00f5es e termos.\n\nNo entanto, o pagamento inicial pode ser uma boa maneira de come\u00e7ar com a casa de apostas. Alguns oferecem-lhe um b\u00f3nus extra de cerca de \u00a3100 em vez de apostas gr\u00e1tis. Portanto, para o seu primeiro investimento pessoal de \u00a3100, voc\u00ea pode apostar \u00a3200. Isto \u00e9, naturalmente, muito \u00fatil sempre que se pode alcan\u00e7ar o sucesso apostando e cumprindo o termo.\n\nN\u00e3o h\u00e1 pagamento inicial para o jogo. Definitivamente mais conhecido do que apostas gr\u00e1tis sem pagamento. Consulte o nosso site de internet casino para ver os b\u00f3nus de dep\u00f3sito dispon\u00edveis.\n<h2>Uk Bookmakers Bonus Free apostas faq<\/h2>\n<h3>Apostas completamente gratuitas<\/h3>\nApostas sem custos \u00e9 uma aposta fornecida por um site de apostas para qualquer cliente definir e depois desfrutar dos benef\u00edcios. Resumindo. As apostas gratuitas s\u00e3o normalmente usadas como uma oferta bem-vinda para incentivar novas empresas a registar uma. Novo site de apostas.\n<h3>B\u00f3nus das casas de apostas do Reino Unido Aplicam-se a apostas gratuitas<\/h3>\nN\u00e3o importa o quanto gostes, mesmo assim, acabar\u00e1s por ser obrigado a faz\u00ea-lo. Uma conta banc\u00e1ria para cada casa de apostas e, portanto, cada site. Fa\u00e7a uma aposta gratuita para participar, em suma. Pode ter v\u00e1rias contas com diferentes casas de apostas sem restri\u00e7\u00f5es.\n<h3>Como usar apostas gratuitas<\/h3>\nSe necess\u00e1rio, a sua op\u00e7\u00e3o gratuita ser\u00e1 geralmente. Dispon\u00edvel imediatamente ap\u00f3s criar a sua primeira aposta ou aposta qualificada.\n<h3>Declare um b\u00f3nus de jogo completamente gratuito<\/h3>\nSua aposta \u00e9 completamente gratuita. O local onde aparece pode variar de casa de apostas para casa de apostas. Normalmente, vais receber um c\u00f3digo de b\u00f3nus que podes usar, de qualquer forma. Uma vez determinadas as seguintes apostas, normalmente pode utilizar a sua op\u00e7\u00e3o gratuita na aposta.\n\n<\/div>\n<\/div>\n","protected":false},"excerpt":{"rendered":"<p>Aconselhamos sempre que selecione uma casa de apostas licenciada dentro da sua regi\u00e3o para fazer certa conformidade com as regras.<\/p>\n<div class=\"hero-cup-section\">\n<div class=\"row mb-4\">\n<div class=\"col-md-7\">\n<div class=\"section-area\">\n<div class=\"section-list\">\n<li style=\"text-align: left\"><img decoding=\"async\" src=\"https:\/\/www.freebetbest.com\/wp-content\/uploads\/2021\/06\/tick.png\" alt=\"Esportes\">  B\u00f3nus de boas-vindas do Casino Desportivo.<\/li>\n<li style=\"text-align: left\"><img decoding=\"async\" src=\"https:\/\/www.freebetbest.com\/wp-content\/uploads\/2021\/06\/tick.png\" alt=\"ofertas de jogos\">  Os corretores online oferecem &amp; promo\u00e7\u00f5es.<\/li>\n<li style=\"text-align: left\"><img decoding=\"async\" src=\"https:\/\/www.freebetbest.com\/wp-content\/uploads\/2021\/06\/tick.png\" alt=\"ofertas de jogos\">  Os melhores apostadores online em que pode confiar.<\/li>\n<li style=\"text-align: left\"><img decoding=\"async\" src=\"https:\/\/www.freebetbest.com\/wp-content\/uploads\/2021\/06\/tick.png\" alt=\"Autorit\u00e1rio\">  Revis\u00e3o autorit\u00e1ria Seguro fi\u00e1vel.<\/li>\n<li style=\"text-align: left\"><img decoding=\"async\" src=\"https:\/\/www.freebetbest.com\/wp-content\/uploads\/2021\/06\/tick.png\" alt=\"Levantamentos r\u00e1pidos\">  Suporte de APLICATIVO M\u00f3vel, Levantamentos R\u00e1pidos.<\/li>\n<li style=\"text-align: left\"><img decoding=\"async\" src=\"https:\/\/www.freebetbest.com\/wp-content\/uploads\/2021\/06\/tick.png\" alt=\"Apoio ao cliente\">  Suporte ao cliente: 365 dias, 24 horas por dia.<\/li>\n<\/div>\n<\/div>\n<\/div>\n<div class=\"col-md-5\">\n<div class=\"cup-img\"><img decoding=\"async\" src=\"https:\/\/www.freebetbest.com\/wp-content\/uploads\/2021\/06\/uk1.png\" alt=\"freebetbest\"><\/div>\n<\/div>\n<\/div>\n","protected":false},"author":1,"featured_media":125274,"parent":0,"menu_order":0,"comment_status":"closed","ping_status":"closed","template":"uk-template.php","meta":{"footnotes":""},"class_list":["post-130949","page","type-page","status-publish","has-post-thumbnail","hentry"],"yoast_head":"<!-- This site is optimized with the Yoast SEO Premium plugin v19.5 (Yoast SEO v27.0) - https:\/\/yoast.com\/product\/yoast-seo-premium-wordpress\/ -->\n<title>B\u00f4nus de casas de apostas brit\u00e2nicas, Promo\u00e7\u00e3o de Dep\u00f3sitos pela primeira vez. site de apostas on-line<\/title>\n<meta name=\"description\" content=\"B\u00f4nus de casas de apostas brit\u00e2nicas ,Aposta gr\u00e1tis Sem b\u00f3nus de dep\u00f3sito,welcome First Deposit bonus code, Sign up Bonus code. Os mais altos b\u00f3nus de boas-vindas\" \/>\n<meta name=\"robots\" content=\"index, follow, max-snippet:-1, max-image-preview:large, max-video-preview:-1\" \/>\n<link rel=\"canonical\" href=\"https:\/\/www.freebetbest.com\/pt-pt\/b%c3%b4nus-de-casas-de-apostas-brit%c3%a2nicas\/\" \/>\n<meta property=\"og:locale\" content=\"pt_PT\" \/>\n<meta property=\"og:type\" content=\"article\" \/>\n<meta property=\"og:title\" content=\"B\u00f4nus de casas de apostas brit\u00e2nicas\" \/>\n<meta property=\"og:description\" content=\"B\u00f4nus de casas de apostas brit\u00e2nicas ,Aposta gr\u00e1tis Sem b\u00f3nus de dep\u00f3sito,welcome First Deposit bonus code, Sign up Bonus code. Os mais altos b\u00f3nus de boas-vindas\" \/>\n<meta property=\"og:url\" content=\"https:\/\/www.freebetbest.com\/pt-pt\/b%c3%b4nus-de-casas-de-apostas-brit%c3%a2nicas\/\" \/>\n<meta property=\"og:site_name\" content=\"Aposta Gr\u00e1tis | Cassino online | Apostas de futebol | Melhor Aposta Gr\u00e1tis\" \/>\n<meta property=\"article:modified_time\" content=\"2021-08-16T14:57:09+00:00\" \/>\n<meta property=\"og:image\" content=\"https:\/\/www.freebetbest.com\/wp-content\/uploads\/2021\/06\/Bookmakers-scaled.jpg\" \/>\n\t<meta property=\"og:image:width\" content=\"417\" \/>\n\t<meta property=\"og:image:height\" content=\"180\" \/>\n\t<meta property=\"og:image:type\" content=\"image\/jpeg\" \/>\n<meta name=\"twitter:card\" content=\"summary_large_image\" \/>\n<meta name=\"twitter:label1\" content=\"Tempo estimado de leitura\" \/>\n\t<meta name=\"twitter:data1\" content=\"3 minutos\" \/>\n<script type=\"application\/ld+json\" class=\"yoast-schema-graph\">{\"@context\":\"https:\/\/schema.org\",\"@graph\":[{\"@type\":\"WebPage\",\"@id\":\"https:\/\/www.freebetbest.com\/pt-pt\/b%c3%b4nus-de-casas-de-apostas-brit%c3%a2nicas\/\",\"url\":\"https:\/\/www.freebetbest.com\/pt-pt\/b%c3%b4nus-de-casas-de-apostas-brit%c3%a2nicas\/\",\"name\":\"B\u00f4nus de casas de apostas brit\u00e2nicas, Promo\u00e7\u00e3o de Dep\u00f3sitos pela primeira vez. site de apostas on-line\",\"isPartOf\":{\"@id\":\"https:\/\/www.freebetbest.com\/pt-pt\/#website\"},\"primaryImageOfPage\":{\"@id\":\"https:\/\/www.freebetbest.com\/pt-pt\/b%c3%b4nus-de-casas-de-apostas-brit%c3%a2nicas\/#primaryimage\"},\"image\":{\"@id\":\"https:\/\/www.freebetbest.com\/pt-pt\/b%c3%b4nus-de-casas-de-apostas-brit%c3%a2nicas\/#primaryimage\"},\"thumbnailUrl\":\"https:\/\/www.freebetbest.com\/wp-content\/uploads\/2021\/06\/Bookmakers-scaled.jpg\",\"datePublished\":\"2021-06-10T09:41:02+00:00\",\"dateModified\":\"2021-08-16T14:57:09+00:00\",\"description\":\"B\u00f4nus de casas de apostas brit\u00e2nicas ,Aposta gr\u00e1tis Sem b\u00f3nus de dep\u00f3sito,welcome First Deposit bonus code, Sign up Bonus code. Os mais altos b\u00f3nus de boas-vindas\",\"breadcrumb\":{\"@id\":\"https:\/\/www.freebetbest.com\/pt-pt\/b%c3%b4nus-de-casas-de-apostas-brit%c3%a2nicas\/#breadcrumb\"},\"inLanguage\":\"pt-PT\",\"potentialAction\":[{\"@type\":\"ReadAction\",\"target\":[\"https:\/\/www.freebetbest.com\/pt-pt\/b%c3%b4nus-de-casas-de-apostas-brit%c3%a2nicas\/\"]}]},{\"@type\":\"ImageObject\",\"inLanguage\":\"pt-PT\",\"@id\":\"https:\/\/www.freebetbest.com\/pt-pt\/b%c3%b4nus-de-casas-de-apostas-brit%c3%a2nicas\/#primaryimage\",\"url\":\"https:\/\/www.freebetbest.com\/wp-content\/uploads\/2021\/06\/Bookmakers-scaled.jpg\",\"contentUrl\":\"https:\/\/www.freebetbest.com\/wp-content\/uploads\/2021\/06\/Bookmakers-scaled.jpg\",\"width\":417,\"height\":180,\"caption\":\"B\u00f3nus das casas de apostas da China\"},{\"@type\":\"BreadcrumbList\",\"@id\":\"https:\/\/www.freebetbest.com\/pt-pt\/b%c3%b4nus-de-casas-de-apostas-brit%c3%a2nicas\/#breadcrumb\",\"itemListElement\":[{\"@type\":\"ListItem\",\"position\":1,\"name\":\"Home\",\"item\":\"https:\/\/www.freebetbest.com\/pt-pt\/\"},{\"@type\":\"ListItem\",\"position\":2,\"name\":\"B\u00f4nus de casas de apostas brit\u00e2nicas\"}]},{\"@type\":\"WebSite\",\"@id\":\"https:\/\/www.freebetbest.com\/pt-pt\/#website\",\"url\":\"https:\/\/www.freebetbest.com\/pt-pt\/\",\"name\":\"Aposta Gr\u00e1tis | Cassino online | Apostas de futebol | Melhor Aposta Gr\u00e1tis\",\"description\":\"As melhores casas de apostas on-line, Oferecem esportes, cassino, p\u00f4quer, bingo e apostas m\u00f3veis, Cassino online ,Apostas de futebol, Melhor Aposta Gr\u00e1tis,  Os principais portais de jogos de azar do mundo.\",\"publisher\":{\"@id\":\"https:\/\/www.freebetbest.com\/pt-pt\/#\/schema\/person\/292684ccf388a2362d507874c5b80a69\"},\"potentialAction\":[{\"@type\":\"SearchAction\",\"target\":{\"@type\":\"EntryPoint\",\"urlTemplate\":\"https:\/\/www.freebetbest.com\/pt-pt\/?s={search_term_string}\"},\"query-input\":{\"@type\":\"PropertyValueSpecification\",\"valueRequired\":true,\"valueName\":\"search_term_string\"}}],\"inLanguage\":\"pt-PT\"},{\"@type\":[\"Person\",\"Organization\"],\"@id\":\"https:\/\/www.freebetbest.com\/pt-pt\/#\/schema\/person\/292684ccf388a2362d507874c5b80a69\",\"name\":\"\u7ba1\u7406\",\"image\":{\"@type\":\"ImageObject\",\"inLanguage\":\"pt-PT\",\"@id\":\"https:\/\/www.freebetbest.com\/pt-pt\/#\/schema\/person\/image\/\",\"url\":\"https:\/\/www.freebetbest.com\/wp-content\/litespeed\/avatar\/49696b52fb15293a2168c14964fdd8b9.jpg?ver=1777439934\",\"contentUrl\":\"https:\/\/www.freebetbest.com\/wp-content\/litespeed\/avatar\/49696b52fb15293a2168c14964fdd8b9.jpg?ver=1777439934\",\"caption\":\"\u7ba1\u7406\"},\"logo\":{\"@id\":\"https:\/\/www.freebetbest.com\/pt-pt\/#\/schema\/person\/image\/\"},\"sameAs\":[\"admin\"]}]}<\/script>\n<!-- \/ Yoast SEO Premium plugin. -->","yoast_head_json":{"title":"B\u00f4nus de casas de apostas brit\u00e2nicas, Promo\u00e7\u00e3o de Dep\u00f3sitos pela primeira vez. site de apostas on-line","description":"B\u00f4nus de casas de apostas brit\u00e2nicas ,Aposta gr\u00e1tis Sem b\u00f3nus de dep\u00f3sito,welcome First Deposit bonus code, Sign up Bonus code. Os mais altos b\u00f3nus de boas-vindas","robots":{"index":"index","follow":"follow","max-snippet":"max-snippet:-1","max-image-preview":"max-image-preview:large","max-video-preview":"max-video-preview:-1"},"canonical":"https:\/\/www.freebetbest.com\/pt-pt\/b%c3%b4nus-de-casas-de-apostas-brit%c3%a2nicas\/","og_locale":"pt_PT","og_type":"article","og_title":"B\u00f4nus de casas de apostas brit\u00e2nicas","og_description":"B\u00f4nus de casas de apostas brit\u00e2nicas ,Aposta gr\u00e1tis Sem b\u00f3nus de dep\u00f3sito,welcome First Deposit bonus code, Sign up Bonus code. Os mais altos b\u00f3nus de boas-vindas","og_url":"https:\/\/www.freebetbest.com\/pt-pt\/b%c3%b4nus-de-casas-de-apostas-brit%c3%a2nicas\/","og_site_name":"Aposta Gr\u00e1tis | Cassino online | Apostas de futebol | Melhor Aposta Gr\u00e1tis","article_modified_time":"2021-08-16T14:57:09+00:00","og_image":[{"width":417,"height":180,"url":"https:\/\/www.freebetbest.com\/wp-content\/uploads\/2021\/06\/Bookmakers-scaled.jpg","type":"image\/jpeg"}],"twitter_card":"summary_large_image","twitter_misc":{"Tempo estimado de leitura":"3 minutos"},"schema":{"@context":"https:\/\/schema.org","@graph":[{"@type":"WebPage","@id":"https:\/\/www.freebetbest.com\/pt-pt\/b%c3%b4nus-de-casas-de-apostas-brit%c3%a2nicas\/","url":"https:\/\/www.freebetbest.com\/pt-pt\/b%c3%b4nus-de-casas-de-apostas-brit%c3%a2nicas\/","name":"B\u00f4nus de casas de apostas brit\u00e2nicas, Promo\u00e7\u00e3o de Dep\u00f3sitos pela primeira vez. site de apostas on-line","isPartOf":{"@id":"https:\/\/www.freebetbest.com\/pt-pt\/#website"},"primaryImageOfPage":{"@id":"https:\/\/www.freebetbest.com\/pt-pt\/b%c3%b4nus-de-casas-de-apostas-brit%c3%a2nicas\/#primaryimage"},"image":{"@id":"https:\/\/www.freebetbest.com\/pt-pt\/b%c3%b4nus-de-casas-de-apostas-brit%c3%a2nicas\/#primaryimage"},"thumbnailUrl":"https:\/\/www.freebetbest.com\/wp-content\/uploads\/2021\/06\/Bookmakers-scaled.jpg","datePublished":"2021-06-10T09:41:02+00:00","dateModified":"2021-08-16T14:57:09+00:00","description":"B\u00f4nus de casas de apostas brit\u00e2nicas ,Aposta gr\u00e1tis Sem b\u00f3nus de dep\u00f3sito,welcome First Deposit bonus code, Sign up Bonus code. Os mais altos b\u00f3nus de boas-vindas","breadcrumb":{"@id":"https:\/\/www.freebetbest.com\/pt-pt\/b%c3%b4nus-de-casas-de-apostas-brit%c3%a2nicas\/#breadcrumb"},"inLanguage":"pt-PT","potentialAction":[{"@type":"ReadAction","target":["https:\/\/www.freebetbest.com\/pt-pt\/b%c3%b4nus-de-casas-de-apostas-brit%c3%a2nicas\/"]}]},{"@type":"ImageObject","inLanguage":"pt-PT","@id":"https:\/\/www.freebetbest.com\/pt-pt\/b%c3%b4nus-de-casas-de-apostas-brit%c3%a2nicas\/#primaryimage","url":"https:\/\/www.freebetbest.com\/wp-content\/uploads\/2021\/06\/Bookmakers-scaled.jpg","contentUrl":"https:\/\/www.freebetbest.com\/wp-content\/uploads\/2021\/06\/Bookmakers-scaled.jpg","width":417,"height":180,"caption":"B\u00f3nus das casas de apostas da China"},{"@type":"BreadcrumbList","@id":"https:\/\/www.freebetbest.com\/pt-pt\/b%c3%b4nus-de-casas-de-apostas-brit%c3%a2nicas\/#breadcrumb","itemListElement":[{"@type":"ListItem","position":1,"name":"Home","item":"https:\/\/www.freebetbest.com\/pt-pt\/"},{"@type":"ListItem","position":2,"name":"B\u00f4nus de casas de apostas brit\u00e2nicas"}]},{"@type":"WebSite","@id":"https:\/\/www.freebetbest.com\/pt-pt\/#website","url":"https:\/\/www.freebetbest.com\/pt-pt\/","name":"Aposta Gr\u00e1tis | Cassino online | Apostas de futebol | Melhor Aposta Gr\u00e1tis","description":"As melhores casas de apostas on-line, Oferecem esportes, cassino, p\u00f4quer, bingo e apostas m\u00f3veis, Cassino online ,Apostas de futebol, Melhor Aposta Gr\u00e1tis,  Os principais portais de jogos de azar do mundo.","publisher":{"@id":"https:\/\/www.freebetbest.com\/pt-pt\/#\/schema\/person\/292684ccf388a2362d507874c5b80a69"},"potentialAction":[{"@type":"SearchAction","target":{"@type":"EntryPoint","urlTemplate":"https:\/\/www.freebetbest.com\/pt-pt\/?s={search_term_string}"},"query-input":{"@type":"PropertyValueSpecification","valueRequired":true,"valueName":"search_term_string"}}],"inLanguage":"pt-PT"},{"@type":["Person","Organization"],"@id":"https:\/\/www.freebetbest.com\/pt-pt\/#\/schema\/person\/292684ccf388a2362d507874c5b80a69","name":"\u7ba1\u7406","image":{"@type":"ImageObject","inLanguage":"pt-PT","@id":"https:\/\/www.freebetbest.com\/pt-pt\/#\/schema\/person\/image\/","url":"https:\/\/www.freebetbest.com\/wp-content\/litespeed\/avatar\/49696b52fb15293a2168c14964fdd8b9.jpg?ver=1777439934","contentUrl":"https:\/\/www.freebetbest.com\/wp-content\/litespeed\/avatar\/49696b52fb15293a2168c14964fdd8b9.jpg?ver=1777439934","caption":"\u7ba1\u7406"},"logo":{"@id":"https:\/\/www.freebetbest.com\/pt-pt\/#\/schema\/person\/image\/"},"sameAs":["admin"]}]}},"_links":{"self":[{"href":"https:\/\/www.freebetbest.com\/pt-pt\/wp-json\/wp\/v2\/pages\/130949","targetHints":{"allow":["GET"]}}],"collection":[{"href":"https:\/\/www.freebetbest.com\/pt-pt\/wp-json\/wp\/v2\/pages"}],"about":[{"href":"https:\/\/www.freebetbest.com\/pt-pt\/wp-json\/wp\/v2\/types\/page"}],"author":[{"embeddable":true,"href":"https:\/\/www.freebetbest.com\/pt-pt\/wp-json\/wp\/v2\/users\/1"}],"replies":[{"embeddable":true,"href":"https:\/\/www.freebetbest.com\/pt-pt\/wp-json\/wp\/v2\/comments?post=130949"}],"version-history":[{"count":0,"href":"https:\/\/www.freebetbest.com\/pt-pt\/wp-json\/wp\/v2\/pages\/130949\/revisions"}],"wp:featuredmedia":[{"embeddable":true,"href":"https:\/\/www.freebetbest.com\/pt-pt\/wp-json\/wp\/v2\/media\/125274"}],"wp:attachment":[{"href":"https:\/\/www.freebetbest.com\/pt-pt\/wp-json\/wp\/v2\/media?parent=130949"}],"curies":[{"name":"wp","href":"https:\/\/api.w.org\/{rel}","templated":true}]}}