{"id":130899,"date":"2021-06-10T14:16:38","date_gmt":"2021-06-10T14:16:38","guid":{"rendered":"https:\/\/www.freebetbest.com\/russo-casas-de-apostas-bonus\/"},"modified":"2021-07-28T17:36:51","modified_gmt":"2021-07-28T17:36:51","slug":"russo-casas-de-apostas-bonus","status":"publish","type":"page","link":"https:\/\/www.freebetbest.com\/pt-pt\/russo-casas-de-apostas-bonus\/","title":{"rendered":"B\u00f3nus das casas de apostas russas"},"content":{"rendered":"<h2>B\u00f3nus das casas de apostas russas para atividades desportivas<\/h2>\nCasas de apostas online que fornecem incentivos. Este \u00e9 o primeiro incentivo do B\u00f3nus das Casas de Apostas Russas. Clientes que se juntam ao seu site de jogo. Nem todas as <a href=\"https:\/\/www.freebetsinfo.co.uk\/europe-bookmakers\/\">casas de apostas.<\/a> Infelizmente, ambos fornecem a maioria das casas de apostas. Resumindo. N\u00e3o aplic\u00e1vel aos consumidores que vivem na R\u00fassia. Fornecer as suas atividades.\n<h3>Invista em atividades de incentivo.<\/h3>\nRecomenda\u00e7\u00f5es de empresas de <a href=\"https:\/\/www.freebetbest.com\/football-online-betting\/\">apostas desportivas.<\/a> Repor o primeiro dep\u00f3sito do cliente, at\u00e9 um determinado montante. nestas circunst\u00e2ncias.\nSe cumprir os termos da oferta. Satisfeito, o valor do b\u00f3nus em si. Resumindo. Pode eventualmente tornar-se dinheiro real. Retire o dinheiro do comprador.\n<h3>Livre escolha de atividades<\/h3>\nAs casas de apostas oferecem pontos de apostas gratuitos, para que os novos compradores possam fazer o que quiserem. Encontre estes pontos. Se as condi\u00e7\u00f5es de recompensa forem cumpridas, s\u00f3 pode ser fornecida. O dinheiro na sua aposta lucrativa acabar\u00e1 por ser retirado como dinheiro real. Resumindo. Pontos de aposta gr\u00e1tis. Ou quanto deve ser o risco. Devolva-o \u00e0 casa de apostas.\n<h3>Aumentar a promo\u00e7\u00e3o de odds<\/h3>\nAs probabilidades fornecidas pela casa de apostas. Muitas vezes mais alto do que as probabilidades preferidas do cliente, e mesmo adivinhando o resultado de um determinado jogo, esta \u00e9 geralmente uma atividade enorme. Muitas vezes vai descobrir. O n\u00famero m\u00e1ximo de apostas \u00e9 limitado e pode ser ordenado. Aumente as oportunidades para ofertas especiais.\n<h3>O site b\u00f3nus da casa de apostas russa n\u00e3o oferece b\u00f3nus adicionais.<\/h3>\nTodas as casas de apostas. S\u00e3o todos formulados de diferentes maneiras. O plano de estrat\u00e9gia de neg\u00f3cio deles. \u00c0s vezes, a empresa escolhe como aumentar e ajudar. A linha de fundo dos compradores que eles precisam \u00e9 para ti.\nResumindo. Fornecer v\u00e1rias formas de transa\u00e7\u00f5es de b\u00f3nus. Em vez disso, algumas empresas tomaram uma decis\u00e3o. Depois de um tempo. H\u00e1 uma hip\u00f3tese de melhorar. Fornecer valor aos apostadores.\n<h3>Casa de apostas russas B\u00f3nus problema comum<\/h3>\nSe tiver d\u00favidas sobre sites de jogos russos, por favor, consulte as FAQ abaixo. A nossa equipa profissional. Continuar\u00e1 a responder a todas as perguntas.\n<h3>Qual \u00e9 o melhor local de jogo da Federa\u00e7\u00e3o Russa?<\/h3>\nH\u00e1 muitos na R\u00fassia. Grande operador de apostas desportivas. Percorra este site e poder\u00e1 chegar \u00e0 Federa\u00e7\u00e3o Russa. Agora, vamos para a 20 O site de jogo mais aclamado acess\u00edvel.\n<h3>Que torneios posso encontrar nas apostas desportivas russas?<\/h3>\ntalvez. Tal como qualquer mercado de jogo, a R\u00fassia tem muitas ofertas de jogos que podem ser reclamadas tanto por novos jogadores como por jogadores existentes. Por outras palavras. Voc\u00ea poder\u00e1 obter nenhuma oferta de dep\u00f3sito, transa\u00e7\u00f5es de b\u00f3nus grandes agrad\u00e1veis, apostas completamente gratuitas, maiores chances e muito mais.\n<h3>O jogo \u00e9 legal na R\u00fassia?<\/h3>\nVamos dar uma olhada. As leis e regulamentos de jogo russos est\u00e3o altamente fragmentados e dependem de si. A localiza\u00e7\u00e3o depende da legisla\u00e7\u00e3o de apostas desportivas aprovada. Vai descobrir agora. Resumindo. Apenas quatro regi\u00f5es legalizar\u00e3o totalmente as apostas.\n<h3>\u00c9 poss\u00edvel PayPal colocar o B\u00f3nus das Casas de Apostas Russas?<\/h3>\nPayPal pode tornar-se uma popular carteira electr\u00f3nica usada em todo o mundo. solu\u00e7\u00e3o. Pode ser usado em mais de 200 lugares. Resumindo. Na R\u00fassia, n\u00e3o ter\u00e1s dificuldades em usar PayPal para fazer apostas.\n<h3>H\u00e1 novos sites de jogo que possas promover?<\/h3>\npor outras palavras. Como muitos clientes de jogo, estamos sempre \u00e0 procura. Interessante novo site de jogos. Os nossos investigadores. Continuar\u00e1 a trabalhar com novos operadores. Modifique estas p\u00e1ginas em conjunto, por isso certifique-se de que est\u00e1 num futuro pr\u00f3ximo. Volte a verificar connosco.\n<h3>\u00c9 poss\u00edvel continuar a jogar na R\u00fassia?<\/h3>\nTirada na Federa\u00e7\u00e3o Russa. As apostas em tempo real s\u00e3o realmente muito f\u00e1ceis, e h\u00e1 muitas apostas desportivas de qualidade. Prestar este servi\u00e7o. Resumindo. Confira a nossa sobre. Desfrute de uma parte dedicada do jogo na R\u00fassia. Para mais informa\u00e7\u00f5es.\n\n<!-- \/wp:post-content -->","protected":false},"excerpt":{"rendered":"<p>B\u00f3nus de casas de apostas russas e promo\u00e7\u00f5es bem-vindas b\u00f3nus, a empresa de apostas online mais confi\u00e1vel.<\/p>\n<div class=\"hero-cup-section\">\n<div class=\"row mb-4\">\n<div class=\"col-md-7\">\n<div class=\"section-area\">\n<div class=\"section-list\">\n<li style=\"text-align: left\"><img decoding=\"async\" src=\"https:\/\/www.freebetbest.com\/wp-content\/uploads\/2021\/06\/tick.png\" alt=\"Esportes\">  B\u00f3nus de boas-vindas do Casino Desportivo.<\/li>\n<li style=\"text-align: left\"><img decoding=\"async\" src=\"https:\/\/www.freebetbest.com\/wp-content\/uploads\/2021\/06\/tick.png\" alt=\"ofertas de jogos\">  Os corretores online oferecem &amp; promo\u00e7\u00f5es.<\/li>\n<li style=\"text-align: left\"><img decoding=\"async\" src=\"https:\/\/www.freebetbest.com\/wp-content\/uploads\/2021\/06\/tick.png\" alt=\"ofertas de jogos\">  Os melhores apostadores online em que pode confiar.<\/li>\n<li style=\"text-align: left\"><img decoding=\"async\" src=\"https:\/\/www.freebetbest.com\/wp-content\/uploads\/2021\/06\/tick.png\" alt=\"Autorit\u00e1rio\">  Revis\u00e3o autorit\u00e1ria Seguro fi\u00e1vel.<\/li>\n<li style=\"text-align: left\"><img decoding=\"async\" src=\"https:\/\/www.freebetbest.com\/wp-content\/uploads\/2021\/06\/tick.png\" alt=\"Levantamentos r\u00e1pidos\">  Suporte de APLICATIVO M\u00f3vel, Levantamentos R\u00e1pidos.<\/li>\n<li style=\"text-align: left\"><img decoding=\"async\" src=\"https:\/\/www.freebetbest.com\/wp-content\/uploads\/2021\/06\/tick.png\" alt=\"Apoio ao cliente\">  Suporte ao cliente: 365 dias, 24 horas por dia.<\/li>\n<\/div>\n<\/div>\n<\/div>\n<div class=\"col-md-5\">\n<div class=\"cup-img\"><img decoding=\"async\" src=\"https:\/\/www.freebetbest.com\/wp-content\/uploads\/2021\/06\/Russia2.png\" alt=\"freebetbest\"><\/div>\n<\/div>\n<\/div>\n","protected":false},"author":1,"featured_media":125274,"parent":0,"menu_order":0,"comment_status":"closed","ping_status":"closed","template":"Russian-template.php","meta":{"footnotes":""},"class_list":["post-130899","page","type-page","status-publish","has-post-thumbnail","hentry"],"yoast_head":"<!-- This site is optimized with the Yoast SEO Premium plugin v19.5 (Yoast SEO v27.0) - https:\/\/yoast.com\/product\/yoast-seo-premium-wordpress\/ -->\n<title>B\u00f3nus das casas de apostas russas, Promo\u00e7\u00e3o de Dep\u00f3sitos pela primeira vez<\/title>\n<meta name=\"description\" content=\"B\u00f3nus das casas de apostas russas ,Aposta gr\u00e1tis Sem b\u00f3nus de dep\u00f3sito,welcome First Deposit bonus code, Sign up Bonus code. Ofertas de inscri\u00e7\u00e3o.\" \/>\n<meta name=\"robots\" content=\"index, follow, max-snippet:-1, max-image-preview:large, max-video-preview:-1\" \/>\n<link rel=\"canonical\" href=\"https:\/\/www.freebetbest.com\/pt-pt\/russo-casas-de-apostas-bonus\/\" \/>\n<meta property=\"og:locale\" content=\"pt_PT\" \/>\n<meta property=\"og:type\" content=\"article\" \/>\n<meta property=\"og:title\" content=\"B\u00f3nus das casas de apostas russas\" \/>\n<meta property=\"og:description\" content=\"B\u00f3nus das casas de apostas russas ,Aposta gr\u00e1tis Sem b\u00f3nus de dep\u00f3sito,welcome First Deposit bonus code, Sign up Bonus code. Ofertas de inscri\u00e7\u00e3o.\" \/>\n<meta property=\"og:url\" content=\"https:\/\/www.freebetbest.com\/pt-pt\/russo-casas-de-apostas-bonus\/\" \/>\n<meta property=\"og:site_name\" content=\"Aposta Gr\u00e1tis | Cassino online | Apostas de futebol | Melhor Aposta Gr\u00e1tis\" \/>\n<meta property=\"article:modified_time\" content=\"2021-07-28T17:36:51+00:00\" \/>\n<meta property=\"og:image\" content=\"https:\/\/www.freebetbest.com\/wp-content\/uploads\/2021\/06\/Bookmakers-scaled.jpg\" \/>\n\t<meta property=\"og:image:width\" content=\"417\" \/>\n\t<meta property=\"og:image:height\" content=\"180\" \/>\n\t<meta property=\"og:image:type\" content=\"image\/jpeg\" \/>\n<meta name=\"twitter:card\" content=\"summary_large_image\" \/>\n<meta name=\"twitter:label1\" content=\"Tempo estimado de leitura\" \/>\n\t<meta name=\"twitter:data1\" content=\"3 minutos\" \/>\n<script type=\"application\/ld+json\" class=\"yoast-schema-graph\">{\"@context\":\"https:\/\/schema.org\",\"@graph\":[{\"@type\":\"WebPage\",\"@id\":\"https:\/\/www.freebetbest.com\/pt-pt\/russo-casas-de-apostas-bonus\/\",\"url\":\"https:\/\/www.freebetbest.com\/pt-pt\/russo-casas-de-apostas-bonus\/\",\"name\":\"B\u00f3nus das casas de apostas russas, Promo\u00e7\u00e3o de Dep\u00f3sitos pela primeira vez\",\"isPartOf\":{\"@id\":\"https:\/\/www.freebetbest.com\/pt-pt\/#website\"},\"primaryImageOfPage\":{\"@id\":\"https:\/\/www.freebetbest.com\/pt-pt\/russo-casas-de-apostas-bonus\/#primaryimage\"},\"image\":{\"@id\":\"https:\/\/www.freebetbest.com\/pt-pt\/russo-casas-de-apostas-bonus\/#primaryimage\"},\"thumbnailUrl\":\"https:\/\/www.freebetbest.com\/wp-content\/uploads\/2021\/06\/Bookmakers-scaled.jpg\",\"datePublished\":\"2021-06-10T14:16:38+00:00\",\"dateModified\":\"2021-07-28T17:36:51+00:00\",\"description\":\"B\u00f3nus das casas de apostas russas ,Aposta gr\u00e1tis Sem b\u00f3nus de dep\u00f3sito,welcome First Deposit bonus code, Sign up Bonus code. Ofertas de inscri\u00e7\u00e3o.\",\"breadcrumb\":{\"@id\":\"https:\/\/www.freebetbest.com\/pt-pt\/russo-casas-de-apostas-bonus\/#breadcrumb\"},\"inLanguage\":\"pt-PT\",\"potentialAction\":[{\"@type\":\"ReadAction\",\"target\":[\"https:\/\/www.freebetbest.com\/pt-pt\/russo-casas-de-apostas-bonus\/\"]}]},{\"@type\":\"ImageObject\",\"inLanguage\":\"pt-PT\",\"@id\":\"https:\/\/www.freebetbest.com\/pt-pt\/russo-casas-de-apostas-bonus\/#primaryimage\",\"url\":\"https:\/\/www.freebetbest.com\/wp-content\/uploads\/2021\/06\/Bookmakers-scaled.jpg\",\"contentUrl\":\"https:\/\/www.freebetbest.com\/wp-content\/uploads\/2021\/06\/Bookmakers-scaled.jpg\",\"width\":417,\"height\":180,\"caption\":\"B\u00f3nus das casas de apostas da China\"},{\"@type\":\"BreadcrumbList\",\"@id\":\"https:\/\/www.freebetbest.com\/pt-pt\/russo-casas-de-apostas-bonus\/#breadcrumb\",\"itemListElement\":[{\"@type\":\"ListItem\",\"position\":1,\"name\":\"Home\",\"item\":\"https:\/\/www.freebetbest.com\/pt-pt\/\"},{\"@type\":\"ListItem\",\"position\":2,\"name\":\"B\u00f3nus das casas de apostas russas\"}]},{\"@type\":\"WebSite\",\"@id\":\"https:\/\/www.freebetbest.com\/pt-pt\/#website\",\"url\":\"https:\/\/www.freebetbest.com\/pt-pt\/\",\"name\":\"Aposta Gr\u00e1tis | Cassino online | Apostas de futebol | Melhor Aposta Gr\u00e1tis\",\"description\":\"As melhores casas de apostas on-line, Oferecem esportes, cassino, p\u00f4quer, bingo e apostas m\u00f3veis, Cassino online ,Apostas de futebol, Melhor Aposta Gr\u00e1tis,  Os principais portais de jogos de azar do mundo.\",\"publisher\":{\"@id\":\"https:\/\/www.freebetbest.com\/pt-pt\/#\/schema\/person\/292684ccf388a2362d507874c5b80a69\"},\"potentialAction\":[{\"@type\":\"SearchAction\",\"target\":{\"@type\":\"EntryPoint\",\"urlTemplate\":\"https:\/\/www.freebetbest.com\/pt-pt\/?s={search_term_string}\"},\"query-input\":{\"@type\":\"PropertyValueSpecification\",\"valueRequired\":true,\"valueName\":\"search_term_string\"}}],\"inLanguage\":\"pt-PT\"},{\"@type\":[\"Person\",\"Organization\"],\"@id\":\"https:\/\/www.freebetbest.com\/pt-pt\/#\/schema\/person\/292684ccf388a2362d507874c5b80a69\",\"name\":\"\u7ba1\u7406\",\"image\":{\"@type\":\"ImageObject\",\"inLanguage\":\"pt-PT\",\"@id\":\"https:\/\/www.freebetbest.com\/pt-pt\/#\/schema\/person\/image\/\",\"url\":\"https:\/\/www.freebetbest.com\/wp-content\/litespeed\/avatar\/49696b52fb15293a2168c14964fdd8b9.jpg?ver=1777439934\",\"contentUrl\":\"https:\/\/www.freebetbest.com\/wp-content\/litespeed\/avatar\/49696b52fb15293a2168c14964fdd8b9.jpg?ver=1777439934\",\"caption\":\"\u7ba1\u7406\"},\"logo\":{\"@id\":\"https:\/\/www.freebetbest.com\/pt-pt\/#\/schema\/person\/image\/\"},\"sameAs\":[\"admin\"]}]}<\/script>\n<!-- \/ Yoast SEO Premium plugin. -->","yoast_head_json":{"title":"B\u00f3nus das casas de apostas russas, Promo\u00e7\u00e3o de Dep\u00f3sitos pela primeira vez","description":"B\u00f3nus das casas de apostas russas ,Aposta gr\u00e1tis Sem b\u00f3nus de dep\u00f3sito,welcome First Deposit bonus code, Sign up Bonus code. Ofertas de inscri\u00e7\u00e3o.","robots":{"index":"index","follow":"follow","max-snippet":"max-snippet:-1","max-image-preview":"max-image-preview:large","max-video-preview":"max-video-preview:-1"},"canonical":"https:\/\/www.freebetbest.com\/pt-pt\/russo-casas-de-apostas-bonus\/","og_locale":"pt_PT","og_type":"article","og_title":"B\u00f3nus das casas de apostas russas","og_description":"B\u00f3nus das casas de apostas russas ,Aposta gr\u00e1tis Sem b\u00f3nus de dep\u00f3sito,welcome First Deposit bonus code, Sign up Bonus code. Ofertas de inscri\u00e7\u00e3o.","og_url":"https:\/\/www.freebetbest.com\/pt-pt\/russo-casas-de-apostas-bonus\/","og_site_name":"Aposta Gr\u00e1tis | Cassino online | Apostas de futebol | Melhor Aposta Gr\u00e1tis","article_modified_time":"2021-07-28T17:36:51+00:00","og_image":[{"width":417,"height":180,"url":"https:\/\/www.freebetbest.com\/wp-content\/uploads\/2021\/06\/Bookmakers-scaled.jpg","type":"image\/jpeg"}],"twitter_card":"summary_large_image","twitter_misc":{"Tempo estimado de leitura":"3 minutos"},"schema":{"@context":"https:\/\/schema.org","@graph":[{"@type":"WebPage","@id":"https:\/\/www.freebetbest.com\/pt-pt\/russo-casas-de-apostas-bonus\/","url":"https:\/\/www.freebetbest.com\/pt-pt\/russo-casas-de-apostas-bonus\/","name":"B\u00f3nus das casas de apostas russas, Promo\u00e7\u00e3o de Dep\u00f3sitos pela primeira vez","isPartOf":{"@id":"https:\/\/www.freebetbest.com\/pt-pt\/#website"},"primaryImageOfPage":{"@id":"https:\/\/www.freebetbest.com\/pt-pt\/russo-casas-de-apostas-bonus\/#primaryimage"},"image":{"@id":"https:\/\/www.freebetbest.com\/pt-pt\/russo-casas-de-apostas-bonus\/#primaryimage"},"thumbnailUrl":"https:\/\/www.freebetbest.com\/wp-content\/uploads\/2021\/06\/Bookmakers-scaled.jpg","datePublished":"2021-06-10T14:16:38+00:00","dateModified":"2021-07-28T17:36:51+00:00","description":"B\u00f3nus das casas de apostas russas ,Aposta gr\u00e1tis Sem b\u00f3nus de dep\u00f3sito,welcome First Deposit bonus code, Sign up Bonus code. Ofertas de inscri\u00e7\u00e3o.","breadcrumb":{"@id":"https:\/\/www.freebetbest.com\/pt-pt\/russo-casas-de-apostas-bonus\/#breadcrumb"},"inLanguage":"pt-PT","potentialAction":[{"@type":"ReadAction","target":["https:\/\/www.freebetbest.com\/pt-pt\/russo-casas-de-apostas-bonus\/"]}]},{"@type":"ImageObject","inLanguage":"pt-PT","@id":"https:\/\/www.freebetbest.com\/pt-pt\/russo-casas-de-apostas-bonus\/#primaryimage","url":"https:\/\/www.freebetbest.com\/wp-content\/uploads\/2021\/06\/Bookmakers-scaled.jpg","contentUrl":"https:\/\/www.freebetbest.com\/wp-content\/uploads\/2021\/06\/Bookmakers-scaled.jpg","width":417,"height":180,"caption":"B\u00f3nus das casas de apostas da China"},{"@type":"BreadcrumbList","@id":"https:\/\/www.freebetbest.com\/pt-pt\/russo-casas-de-apostas-bonus\/#breadcrumb","itemListElement":[{"@type":"ListItem","position":1,"name":"Home","item":"https:\/\/www.freebetbest.com\/pt-pt\/"},{"@type":"ListItem","position":2,"name":"B\u00f3nus das casas de apostas russas"}]},{"@type":"WebSite","@id":"https:\/\/www.freebetbest.com\/pt-pt\/#website","url":"https:\/\/www.freebetbest.com\/pt-pt\/","name":"Aposta Gr\u00e1tis | Cassino online | Apostas de futebol | Melhor Aposta Gr\u00e1tis","description":"As melhores casas de apostas on-line, Oferecem esportes, cassino, p\u00f4quer, bingo e apostas m\u00f3veis, Cassino online ,Apostas de futebol, Melhor Aposta Gr\u00e1tis,  Os principais portais de jogos de azar do mundo.","publisher":{"@id":"https:\/\/www.freebetbest.com\/pt-pt\/#\/schema\/person\/292684ccf388a2362d507874c5b80a69"},"potentialAction":[{"@type":"SearchAction","target":{"@type":"EntryPoint","urlTemplate":"https:\/\/www.freebetbest.com\/pt-pt\/?s={search_term_string}"},"query-input":{"@type":"PropertyValueSpecification","valueRequired":true,"valueName":"search_term_string"}}],"inLanguage":"pt-PT"},{"@type":["Person","Organization"],"@id":"https:\/\/www.freebetbest.com\/pt-pt\/#\/schema\/person\/292684ccf388a2362d507874c5b80a69","name":"\u7ba1\u7406","image":{"@type":"ImageObject","inLanguage":"pt-PT","@id":"https:\/\/www.freebetbest.com\/pt-pt\/#\/schema\/person\/image\/","url":"https:\/\/www.freebetbest.com\/wp-content\/litespeed\/avatar\/49696b52fb15293a2168c14964fdd8b9.jpg?ver=1777439934","contentUrl":"https:\/\/www.freebetbest.com\/wp-content\/litespeed\/avatar\/49696b52fb15293a2168c14964fdd8b9.jpg?ver=1777439934","caption":"\u7ba1\u7406"},"logo":{"@id":"https:\/\/www.freebetbest.com\/pt-pt\/#\/schema\/person\/image\/"},"sameAs":["admin"]}]}},"_links":{"self":[{"href":"https:\/\/www.freebetbest.com\/pt-pt\/wp-json\/wp\/v2\/pages\/130899","targetHints":{"allow":["GET"]}}],"collection":[{"href":"https:\/\/www.freebetbest.com\/pt-pt\/wp-json\/wp\/v2\/pages"}],"about":[{"href":"https:\/\/www.freebetbest.com\/pt-pt\/wp-json\/wp\/v2\/types\/page"}],"author":[{"embeddable":true,"href":"https:\/\/www.freebetbest.com\/pt-pt\/wp-json\/wp\/v2\/users\/1"}],"replies":[{"embeddable":true,"href":"https:\/\/www.freebetbest.com\/pt-pt\/wp-json\/wp\/v2\/comments?post=130899"}],"version-history":[{"count":0,"href":"https:\/\/www.freebetbest.com\/pt-pt\/wp-json\/wp\/v2\/pages\/130899\/revisions"}],"wp:featuredmedia":[{"embeddable":true,"href":"https:\/\/www.freebetbest.com\/pt-pt\/wp-json\/wp\/v2\/media\/125274"}],"wp:attachment":[{"href":"https:\/\/www.freebetbest.com\/pt-pt\/wp-json\/wp\/v2\/media?parent=130899"}],"curies":[{"name":"wp","href":"https:\/\/api.w.org\/{rel}","templated":true}]}}