{"id":130860,"date":"2021-06-10T08:56:34","date_gmt":"2021-06-10T08:56:34","guid":{"rendered":"https:\/\/www.freebetbest.com\/mais-recente-tenis-apostas-bonus\/"},"modified":"2021-07-28T17:27:03","modified_gmt":"2021-07-28T17:27:03","slug":"mais-recente-tenis-apostas-bonus","status":"publish","type":"page","link":"https:\/\/www.freebetbest.com\/pt-pt\/mais-recente-tenis-apostas-bonus\/","title":{"rendered":"B\u00f3nus de apostas de t\u00e9nis mais recentes"},"content":{"rendered":"<h2>Deixe funcionar o \u00faltimo b\u00f3nus de apostas de t\u00e9nis<\/h2>\n<p>Ao procurar atividades desportivas de jogo, voc\u00ea pode n\u00e3o considerar o \u00faltimo b\u00f3nus de apostas de t\u00e9nis. Mas apostar no jogo de t\u00e9nis \u00e9 f\u00e1cil, e \u00e9 f\u00e1cil ganhar grandes pr\u00e9mios. Deixe-nos ver. Como funcionam as apostas de t\u00e9nis. E como obt\u00ea-lo de qualquer aposta. T\u00e9cnicas para obter o maior benef\u00edcio. Para concluir, tem de verificar. Que apostas est\u00e3o abertas, como apostas alternativas divulgadas pelas casas de apostas.<\/p>\n<h3>Jogo Espalhado<\/h3>\n<p>Uma aposta distribu\u00edda de jogo refere-se a como algu\u00e9m vai ter sucesso com v\u00e1rios jogos online. Voltando \u00e0 ilustra\u00e7\u00e3o de Nadal e Djokovic, Nadal poderia ter um spread de -1,5, embora Djokovic inclua um spread de +2,5. Podes escolher o palpite de propaga\u00e7\u00e3o declarando que Nadal pode ter nada menos do que duas vit\u00f3rias em videojogos do que Djokovic. Tamb\u00e9m pode ir em frente e tomar outro lado e afirmar que Djokovic ou vai ganhar mais t\u00edtulos de jogo ou ter um ou dois muito menos vit\u00f3rias de jogo durante a partida.<\/p>\n<h3>Jogo online Full<\/h3>\n<p>O completar refere-se \u00e0 quantidade de videojogos que ocorrer\u00e1 no complemento. Isto faz parte do jogo de t\u00e9nis que requer a decis\u00e3o sobre se haver\u00e1 muito mais ou menos t\u00edtulos de jogo do que o que a linha de pesca mostra. Podes posicionar uma op\u00e7\u00e3o que um jogo ter\u00e1 muito mais do que 20.5 jogos, ou outro declarando que vais encontrar menos de 20.5 jogos.<\/p>\n<h3>Mais recente b\u00f3nus de apostas de t\u00e9nis Configurar distribuir<\/h3>\n<p>A configura\u00e7\u00e3o distribu\u00edda \u00e9 um adicional das escolhas para utilizar. O palpite envolve quem pode suceder a uma das mais cole\u00e7\u00f5es dentro de um complemento. A configura\u00e7\u00e3o espalhada parece em -1.5 geralmente na maioria das condi\u00e7\u00f5es, com a maioria dos torneios implicando um melhor de tr\u00eas ou cinco layouts.<\/p>\n<h3>Mais recente b\u00f3nus de apostas de t\u00e9nis configurado completo<\/h3>\n<p>A configura\u00e7\u00e3o geral \u00e9 muito parecida com o jogo geral, porque implica escolher no caso de uma atividade ter basicamente quando comparada com um n\u00famero distinto de unidades. O over\/under \u00e9 normalmente 2.5 para o melhor de tr\u00eas partidas ou 4.5 para qualquer melhor de cinco ocasi\u00f5es. Considere este elemento de jogos de t\u00e9nis jogando como algo o lugar que voc\u00ea sente que a competi\u00e7\u00e3o deve ir todo o caminho para a variedade m\u00e1xima de pacotes que poderia surgir.<\/p>\n<p>Os jogos de t\u00e9nis s\u00e3o fornecidos na forma<\/p>\n<p>Do provido de apostas desportivas. Em compara\u00e7\u00e3o com apostar em jogos de t\u00e9nis, tem uma gama consider\u00e1vel. Temos de dar uma vista de olhos. Tr\u00eas das condi\u00e7\u00f5es de inscri\u00e7\u00e3o mais t\u00edpicas do torneio de t\u00e9nis, voc\u00ea vai conhecer todas as empresas de apostas do mercado.<\/p>\n<p>Apostas gratuitas<\/p>\n<p>Fale sobre o que pode ser usado para posicionar apostas. Hist\u00f3rico de cr\u00e9dito social. Voc\u00ea pode usar uma oferta de apostas completamente <a href=\"https:\/\/www.freebetbest.com\/pt-pt\/b%c3%b3nus-de-apostas-gr%c3%a1tis-mais-recente\/\">gratuita.<\/a> Para calcular total ou parcialmente a sua aposta no t\u00e9nis. Devias saber que este tipo de registo de torneios de t\u00e9nis. O servi\u00e7o prestado n\u00e3o ser\u00e1 concebido como uma desvantagem. Por favor, consulte apostas completamente gratuitas. Relacionamento de fornecimento e requisitos de apostas compat\u00edveis para retirar quaisquer b\u00f3nus.<\/p>\n<p>Correspond\u00eancia de pagamento inicial<\/p>\n<p>Isto s\u00e3o muitas apostas desportivas. A forma mais popular de se juntar ao t\u00e9nis. Os prestadores de servi\u00e7os costumam dizer. Seguir\u00e3o uma certa percentagem ou espec\u00edfica. Em conclus\u00e3o, Reduza para corresponder ao seu primeiro dep\u00f3sito.<\/p>\n<p>Apostas<a href=\"https:\/\/www.freebetsinfo.co.uk\/asia-bookmakers\/\">sem risco<\/a><\/p>\n<p>Mais uma aposta desportiva para jogos de t\u00e9nis. O favorito \u00e9 apostar sem risco. Na verdade, est\u00e1 relacionado com adivinha\u00e7\u00e3o gr\u00e1tis. \u00c9 exatamente o mesmo na sensa\u00e7\u00e3o de obter cr\u00e9dito de apostas desportivas. Em conclus\u00e3o, este jogo oferece. Isto garante que, se perder a sua primeira aposta, ter\u00e1 uma pontua\u00e7\u00e3o de cr\u00e9dito como op\u00e7\u00e3o gratuita. Pegue a sua aposta de volta.<\/p>\n<p><!-- \/wp:post-content --><\/p>\n<p><!-- wp:paragraph \/--><\/p>\n","protected":false},"excerpt":{"rendered":"<p>Com a expans\u00e3o das atividades desportivas legais, podemos controlar as atualiza\u00e7\u00f5es de cada um dos mais recentes benef\u00edcios e as melhores aplica\u00e7\u00f5es desportivas de t\u00e9nis e apostas<\/p>\n<div class=\"hero-cup-section\">\n<div class=\"row mb-4\">\n<div class=\"col-md-7\">\n<div class=\"section-area\">\n<div class=\"section-list\">\n<li style=\"text-align: left\"><img decoding=\"async\" src=\"https:\/\/www.freebetbest.com\/wp-content\/uploads\/2021\/06\/tick.png\" alt=\"Esportes\">  B\u00f3nus de boas-vindas do Casino Desportivo.<\/li>\n<li style=\"text-align: left\"><img decoding=\"async\" src=\"https:\/\/www.freebetbest.com\/wp-content\/uploads\/2021\/06\/tick.png\" alt=\"ofertas de jogos\">  Os corretores online oferecem &amp; promo\u00e7\u00f5es.<\/li>\n<li style=\"text-align: left\"><img decoding=\"async\" src=\"https:\/\/www.freebetbest.com\/wp-content\/uploads\/2021\/06\/tick.png\" alt=\"ofertas de jogos\">  Os melhores apostadores online em que pode confiar.<\/li>\n<li style=\"text-align: left\"><img decoding=\"async\" src=\"https:\/\/www.freebetbest.com\/wp-content\/uploads\/2021\/06\/tick.png\" alt=\"Autorit\u00e1rio\">  Revis\u00e3o autorit\u00e1ria Seguro fi\u00e1vel.<\/li>\n<li style=\"text-align: left\"><img decoding=\"async\" src=\"https:\/\/www.freebetbest.com\/wp-content\/uploads\/2021\/06\/tick.png\" alt=\"Levantamentos r\u00e1pidos\">  Suporte de APLICATIVO M\u00f3vel, Levantamentos R\u00e1pidos.<\/li>\n<li style=\"text-align: left\"><img decoding=\"async\" src=\"https:\/\/www.freebetbest.com\/wp-content\/uploads\/2021\/06\/tick.png\" alt=\"Apoio ao cliente\">  Suporte ao cliente: 365 dias, 24 horas por dia.<\/li>\n<\/div>\n<\/div>\n<\/div>\n<div class=\"col-md-5\">\n<div class=\"cup-img\"><img decoding=\"async\" src=\"https:\/\/www.freebetbest.com\/wp-content\/uploads\/2021\/06\/Cricket-Betting.png\" alt=\"freebetbest\"><\/div>\n<\/div>\n<\/div>\n","protected":false},"author":1,"featured_media":125169,"parent":0,"menu_order":0,"comment_status":"closed","ping_status":"closed","template":"Sports-template.php","meta":{"footnotes":""},"class_list":["post-130860","page","type-page","status-publish","has-post-thumbnail","hentry"],"yoast_head":"<!-- This site is optimized with the Yoast SEO Premium plugin v19.5 (Yoast SEO v27.0) - https:\/\/yoast.com\/product\/yoast-seo-premium-wordpress\/ -->\n<title>B\u00f3nus de apostas de t\u00e9nis mais recentes Novo B\u00f3nus de Inscri\u00e7\u00e3o de Clientes<\/title>\n<meta name=\"description\" content=\"B\u00f3nus de apostas de t\u00e9nis mais recentes Melhores casas de apostas online,Ofertas de esportes, casino, poker, bingo &amp; mobile apostas, Sem Deposit Free Bet\" \/>\n<meta name=\"robots\" content=\"index, follow, max-snippet:-1, max-image-preview:large, max-video-preview:-1\" \/>\n<link rel=\"canonical\" href=\"https:\/\/www.freebetbest.com\/pt-pt\/mais-recente-tenis-apostas-bonus\/\" \/>\n<meta property=\"og:locale\" content=\"pt_PT\" \/>\n<meta property=\"og:type\" content=\"article\" \/>\n<meta property=\"og:title\" content=\"B\u00f3nus de apostas de t\u00e9nis mais recentes\" \/>\n<meta property=\"og:description\" content=\"B\u00f3nus de apostas de t\u00e9nis mais recentes Melhores casas de apostas online,Ofertas de esportes, casino, poker, bingo &amp; mobile apostas, Sem Deposit Free Bet\" \/>\n<meta property=\"og:url\" content=\"https:\/\/www.freebetbest.com\/pt-pt\/mais-recente-tenis-apostas-bonus\/\" \/>\n<meta property=\"og:site_name\" content=\"Aposta Gr\u00e1tis | Cassino online | Apostas de futebol | Melhor Aposta Gr\u00e1tis\" \/>\n<meta property=\"article:modified_time\" content=\"2021-07-28T17:27:03+00:00\" \/>\n<meta property=\"og:image\" content=\"https:\/\/www.freebetbest.com\/wp-content\/uploads\/2021\/06\/tennis-betting-scaled.jpg\" \/>\n\t<meta property=\"og:image:width\" content=\"415\" \/>\n\t<meta property=\"og:image:height\" content=\"180\" \/>\n\t<meta property=\"og:image:type\" content=\"image\/jpeg\" \/>\n<meta name=\"twitter:card\" content=\"summary_large_image\" \/>\n<meta name=\"twitter:label1\" content=\"Tempo estimado de leitura\" \/>\n\t<meta name=\"twitter:data1\" content=\"3 minutos\" \/>\n<script type=\"application\/ld+json\" class=\"yoast-schema-graph\">{\"@context\":\"https:\/\/schema.org\",\"@graph\":[{\"@type\":\"WebPage\",\"@id\":\"https:\/\/www.freebetbest.com\/pt-pt\/mais-recente-tenis-apostas-bonus\/\",\"url\":\"https:\/\/www.freebetbest.com\/pt-pt\/mais-recente-tenis-apostas-bonus\/\",\"name\":\"B\u00f3nus de apostas de t\u00e9nis mais recentes Novo B\u00f3nus de Inscri\u00e7\u00e3o de Clientes\",\"isPartOf\":{\"@id\":\"https:\/\/www.freebetbest.com\/pt-pt\/#website\"},\"primaryImageOfPage\":{\"@id\":\"https:\/\/www.freebetbest.com\/pt-pt\/mais-recente-tenis-apostas-bonus\/#primaryimage\"},\"image\":{\"@id\":\"https:\/\/www.freebetbest.com\/pt-pt\/mais-recente-tenis-apostas-bonus\/#primaryimage\"},\"thumbnailUrl\":\"https:\/\/www.freebetbest.com\/wp-content\/uploads\/2021\/06\/tennis-betting-scaled.jpg\",\"datePublished\":\"2021-06-10T08:56:34+00:00\",\"dateModified\":\"2021-07-28T17:27:03+00:00\",\"description\":\"B\u00f3nus de apostas de t\u00e9nis mais recentes Melhores casas de apostas online,Ofertas de esportes, casino, poker, bingo & mobile apostas, Sem Deposit Free Bet\",\"breadcrumb\":{\"@id\":\"https:\/\/www.freebetbest.com\/pt-pt\/mais-recente-tenis-apostas-bonus\/#breadcrumb\"},\"inLanguage\":\"pt-PT\",\"potentialAction\":[{\"@type\":\"ReadAction\",\"target\":[\"https:\/\/www.freebetbest.com\/pt-pt\/mais-recente-tenis-apostas-bonus\/\"]}]},{\"@type\":\"ImageObject\",\"inLanguage\":\"pt-PT\",\"@id\":\"https:\/\/www.freebetbest.com\/pt-pt\/mais-recente-tenis-apostas-bonus\/#primaryimage\",\"url\":\"https:\/\/www.freebetbest.com\/wp-content\/uploads\/2021\/06\/tennis-betting-scaled.jpg\",\"contentUrl\":\"https:\/\/www.freebetbest.com\/wp-content\/uploads\/2021\/06\/tennis-betting-scaled.jpg\",\"width\":415,\"height\":180,\"caption\":\"t\u00e9nis-apostas\"},{\"@type\":\"BreadcrumbList\",\"@id\":\"https:\/\/www.freebetbest.com\/pt-pt\/mais-recente-tenis-apostas-bonus\/#breadcrumb\",\"itemListElement\":[{\"@type\":\"ListItem\",\"position\":1,\"name\":\"Home\",\"item\":\"https:\/\/www.freebetbest.com\/pt-pt\/\"},{\"@type\":\"ListItem\",\"position\":2,\"name\":\"B\u00f3nus de apostas de t\u00e9nis mais recentes\"}]},{\"@type\":\"WebSite\",\"@id\":\"https:\/\/www.freebetbest.com\/pt-pt\/#website\",\"url\":\"https:\/\/www.freebetbest.com\/pt-pt\/\",\"name\":\"Aposta Gr\u00e1tis | Cassino online | Apostas de futebol | Melhor Aposta Gr\u00e1tis\",\"description\":\"As melhores casas de apostas on-line, Oferecem esportes, cassino, p\u00f4quer, bingo e apostas m\u00f3veis, Cassino online ,Apostas de futebol, Melhor Aposta Gr\u00e1tis,  Os principais portais de jogos de azar do mundo.\",\"publisher\":{\"@id\":\"https:\/\/www.freebetbest.com\/pt-pt\/#\/schema\/person\/292684ccf388a2362d507874c5b80a69\"},\"potentialAction\":[{\"@type\":\"SearchAction\",\"target\":{\"@type\":\"EntryPoint\",\"urlTemplate\":\"https:\/\/www.freebetbest.com\/pt-pt\/?s={search_term_string}\"},\"query-input\":{\"@type\":\"PropertyValueSpecification\",\"valueRequired\":true,\"valueName\":\"search_term_string\"}}],\"inLanguage\":\"pt-PT\"},{\"@type\":[\"Person\",\"Organization\"],\"@id\":\"https:\/\/www.freebetbest.com\/pt-pt\/#\/schema\/person\/292684ccf388a2362d507874c5b80a69\",\"name\":\"\u7ba1\u7406\",\"image\":{\"@type\":\"ImageObject\",\"inLanguage\":\"pt-PT\",\"@id\":\"https:\/\/www.freebetbest.com\/pt-pt\/#\/schema\/person\/image\/\",\"url\":\"https:\/\/www.freebetbest.com\/wp-content\/litespeed\/avatar\/49696b52fb15293a2168c14964fdd8b9.jpg?ver=1778044739\",\"contentUrl\":\"https:\/\/www.freebetbest.com\/wp-content\/litespeed\/avatar\/49696b52fb15293a2168c14964fdd8b9.jpg?ver=1778044739\",\"caption\":\"\u7ba1\u7406\"},\"logo\":{\"@id\":\"https:\/\/www.freebetbest.com\/pt-pt\/#\/schema\/person\/image\/\"},\"sameAs\":[\"admin\"]}]}<\/script>\n<!-- \/ Yoast SEO Premium plugin. -->","yoast_head_json":{"title":"B\u00f3nus de apostas de t\u00e9nis mais recentes Novo B\u00f3nus de Inscri\u00e7\u00e3o de Clientes","description":"B\u00f3nus de apostas de t\u00e9nis mais recentes Melhores casas de apostas online,Ofertas de esportes, casino, poker, bingo & mobile apostas, Sem Deposit Free Bet","robots":{"index":"index","follow":"follow","max-snippet":"max-snippet:-1","max-image-preview":"max-image-preview:large","max-video-preview":"max-video-preview:-1"},"canonical":"https:\/\/www.freebetbest.com\/pt-pt\/mais-recente-tenis-apostas-bonus\/","og_locale":"pt_PT","og_type":"article","og_title":"B\u00f3nus de apostas de t\u00e9nis mais recentes","og_description":"B\u00f3nus de apostas de t\u00e9nis mais recentes Melhores casas de apostas online,Ofertas de esportes, casino, poker, bingo & mobile apostas, Sem Deposit Free Bet","og_url":"https:\/\/www.freebetbest.com\/pt-pt\/mais-recente-tenis-apostas-bonus\/","og_site_name":"Aposta Gr\u00e1tis | Cassino online | Apostas de futebol | Melhor Aposta Gr\u00e1tis","article_modified_time":"2021-07-28T17:27:03+00:00","og_image":[{"width":415,"height":180,"url":"https:\/\/www.freebetbest.com\/wp-content\/uploads\/2021\/06\/tennis-betting-scaled.jpg","type":"image\/jpeg"}],"twitter_card":"summary_large_image","twitter_misc":{"Tempo estimado de leitura":"3 minutos"},"schema":{"@context":"https:\/\/schema.org","@graph":[{"@type":"WebPage","@id":"https:\/\/www.freebetbest.com\/pt-pt\/mais-recente-tenis-apostas-bonus\/","url":"https:\/\/www.freebetbest.com\/pt-pt\/mais-recente-tenis-apostas-bonus\/","name":"B\u00f3nus de apostas de t\u00e9nis mais recentes Novo B\u00f3nus de Inscri\u00e7\u00e3o de Clientes","isPartOf":{"@id":"https:\/\/www.freebetbest.com\/pt-pt\/#website"},"primaryImageOfPage":{"@id":"https:\/\/www.freebetbest.com\/pt-pt\/mais-recente-tenis-apostas-bonus\/#primaryimage"},"image":{"@id":"https:\/\/www.freebetbest.com\/pt-pt\/mais-recente-tenis-apostas-bonus\/#primaryimage"},"thumbnailUrl":"https:\/\/www.freebetbest.com\/wp-content\/uploads\/2021\/06\/tennis-betting-scaled.jpg","datePublished":"2021-06-10T08:56:34+00:00","dateModified":"2021-07-28T17:27:03+00:00","description":"B\u00f3nus de apostas de t\u00e9nis mais recentes Melhores casas de apostas online,Ofertas de esportes, casino, poker, bingo & mobile apostas, Sem Deposit Free Bet","breadcrumb":{"@id":"https:\/\/www.freebetbest.com\/pt-pt\/mais-recente-tenis-apostas-bonus\/#breadcrumb"},"inLanguage":"pt-PT","potentialAction":[{"@type":"ReadAction","target":["https:\/\/www.freebetbest.com\/pt-pt\/mais-recente-tenis-apostas-bonus\/"]}]},{"@type":"ImageObject","inLanguage":"pt-PT","@id":"https:\/\/www.freebetbest.com\/pt-pt\/mais-recente-tenis-apostas-bonus\/#primaryimage","url":"https:\/\/www.freebetbest.com\/wp-content\/uploads\/2021\/06\/tennis-betting-scaled.jpg","contentUrl":"https:\/\/www.freebetbest.com\/wp-content\/uploads\/2021\/06\/tennis-betting-scaled.jpg","width":415,"height":180,"caption":"t\u00e9nis-apostas"},{"@type":"BreadcrumbList","@id":"https:\/\/www.freebetbest.com\/pt-pt\/mais-recente-tenis-apostas-bonus\/#breadcrumb","itemListElement":[{"@type":"ListItem","position":1,"name":"Home","item":"https:\/\/www.freebetbest.com\/pt-pt\/"},{"@type":"ListItem","position":2,"name":"B\u00f3nus de apostas de t\u00e9nis mais recentes"}]},{"@type":"WebSite","@id":"https:\/\/www.freebetbest.com\/pt-pt\/#website","url":"https:\/\/www.freebetbest.com\/pt-pt\/","name":"Aposta Gr\u00e1tis | Cassino online | Apostas de futebol | Melhor Aposta Gr\u00e1tis","description":"As melhores casas de apostas on-line, Oferecem esportes, cassino, p\u00f4quer, bingo e apostas m\u00f3veis, Cassino online ,Apostas de futebol, Melhor Aposta Gr\u00e1tis,  Os principais portais de jogos de azar do mundo.","publisher":{"@id":"https:\/\/www.freebetbest.com\/pt-pt\/#\/schema\/person\/292684ccf388a2362d507874c5b80a69"},"potentialAction":[{"@type":"SearchAction","target":{"@type":"EntryPoint","urlTemplate":"https:\/\/www.freebetbest.com\/pt-pt\/?s={search_term_string}"},"query-input":{"@type":"PropertyValueSpecification","valueRequired":true,"valueName":"search_term_string"}}],"inLanguage":"pt-PT"},{"@type":["Person","Organization"],"@id":"https:\/\/www.freebetbest.com\/pt-pt\/#\/schema\/person\/292684ccf388a2362d507874c5b80a69","name":"\u7ba1\u7406","image":{"@type":"ImageObject","inLanguage":"pt-PT","@id":"https:\/\/www.freebetbest.com\/pt-pt\/#\/schema\/person\/image\/","url":"https:\/\/www.freebetbest.com\/wp-content\/litespeed\/avatar\/49696b52fb15293a2168c14964fdd8b9.jpg?ver=1778044739","contentUrl":"https:\/\/www.freebetbest.com\/wp-content\/litespeed\/avatar\/49696b52fb15293a2168c14964fdd8b9.jpg?ver=1778044739","caption":"\u7ba1\u7406"},"logo":{"@id":"https:\/\/www.freebetbest.com\/pt-pt\/#\/schema\/person\/image\/"},"sameAs":["admin"]}]}},"_links":{"self":[{"href":"https:\/\/www.freebetbest.com\/pt-pt\/wp-json\/wp\/v2\/pages\/130860","targetHints":{"allow":["GET"]}}],"collection":[{"href":"https:\/\/www.freebetbest.com\/pt-pt\/wp-json\/wp\/v2\/pages"}],"about":[{"href":"https:\/\/www.freebetbest.com\/pt-pt\/wp-json\/wp\/v2\/types\/page"}],"author":[{"embeddable":true,"href":"https:\/\/www.freebetbest.com\/pt-pt\/wp-json\/wp\/v2\/users\/1"}],"replies":[{"embeddable":true,"href":"https:\/\/www.freebetbest.com\/pt-pt\/wp-json\/wp\/v2\/comments?post=130860"}],"version-history":[{"count":0,"href":"https:\/\/www.freebetbest.com\/pt-pt\/wp-json\/wp\/v2\/pages\/130860\/revisions"}],"wp:featuredmedia":[{"embeddable":true,"href":"https:\/\/www.freebetbest.com\/pt-pt\/wp-json\/wp\/v2\/media\/125169"}],"wp:attachment":[{"href":"https:\/\/www.freebetbest.com\/pt-pt\/wp-json\/wp\/v2\/media?parent=130860"}],"curies":[{"name":"wp","href":"https:\/\/api.w.org\/{rel}","templated":true}]}}