{"id":130736,"date":"2021-06-10T09:25:38","date_gmt":"2021-06-10T09:25:38","guid":{"rendered":"https:\/\/www.freebetbest.com\/mais-recente-lotaria-lotaria-bonus-de-apostas\/"},"modified":"2021-07-28T17:32:04","modified_gmt":"2021-07-28T17:32:04","slug":"mais-recente-lotaria-lotaria-bonus-de-apostas","status":"publish","type":"page","link":"https:\/\/www.freebetbest.com\/pt-pt\/mais-recente-lotaria-lotaria-bonus-de-apostas\/","title":{"rendered":"B\u00f3nus de apostas da lotaria mais recente"},"content":{"rendered":"<h2>Sobre o \u00faltimo B\u00f3nus de Apostas da Lotaria<\/h2>\n<p>  O \u00faltimo B\u00f3nus de Apostas da Lotaria da Lotaria \u00e9 diferente do jogo tradicional porque na verdade n\u00e3o o compra. Bilhetes de loteria f\u00edsica ou comprar bilhetes de loteria na Internet. Pelo contr\u00e1rio, como o nome sugere, \u00e9 uma aposta da lotaria.<\/p>\n<p>Agora, \u00e9 melhor saber. O que acontece depois de ganhares o pr\u00e9mio. Se comprar um bilhete de loteria, o operador pagar\u00e1 o b\u00f3nus. Por outro lado, sites de apostas de lotaria. Adotar um modelo de ap\u00f3lice de seguro. Isto significa sites de apostas de lotaria. Em conclus\u00e3o, trabalhe com companhias de seguros e forne\u00e7a seguro para cada palpite.<\/p>\n<h2>Lotaria internacional. Aposte em todos os seus \u00faltimos B\u00f3nus de Apostas da Lotaria<\/h2>\n<p>A lotaria f\u00edsica s\u00f3 \u00e9 aplic\u00e1vel. Cidad\u00e3os do seu pa\u00eds\/regi\u00e3o. Por exemplo, lotaria powerball. S\u00f3 pode ser comprado nos Estados Unidos. Ajuda de mensageiro da lotaria. Isto \u00e9 ultrapassado at\u00e9 certo ponto, mas n\u00e3o h\u00e1 nada melhor do que quando se aposta na lotaria. O leque de possibilidades \u00e9 ainda melhor. Em conclus\u00e3o, os sites de apostas da lotaria est\u00e3o em todo o mundo. Uma grande variedade de apostas de loto s\u00e3o oferecidas, o que significa absoluto. N\u00e3o faltam alternativas de jogo.<\/p>\n<h3>Desfrute de mais op\u00e7\u00f5es de apostas<\/h3>\n<p>Alguns sites de apostas da lotaria <a href=\"https:\/\/www.freebetbest.com\/pt-pt\/futebol-online-apostas\/\">do<\/a>Reino Unido. Fornece uma gama de possibilidades de apostas. Se n\u00e3o gosta de adivinhar. Esta pode ser uma boa solu\u00e7\u00e3o para o risco potencial de cada quantidade. Mesmo assim, nem todos os websites. Ambos fornecem esta funcionalidade, por isso, por favor, certifique-se de que se inscreve antes. Verifique as op\u00e7\u00f5es de apostas fornecidas.<\/p>\n<h3>Ao ter a oportunidade de se registar para <a href=\"https:\/\/www.freebetsinfo.co.uk\/asia-online-casino\/\">sites de apostas de lotto<\/a><\/h3>\n<p>Pode n\u00e3o ter tanto sucesso como adivinhou, mas inscreva-se num cons\u00f3rcio. Pode significar que \u00e9 mais prov\u00e1vel que obtenha alguns resultados. Tendo em conta o improv\u00e1vel sucesso da Lotto, esta \u00e9 uma excelente vantagem para muitos jogadores.<\/p>\n<h3>Mais do que apenas o B\u00f3nus de Apostas da Lotaria Mais Recente<\/h3>\n<p>Isto n\u00e3o \u00e9 s\u00f3 em sites de apostas de lotaria. Lotto desenhar em exibi\u00e7\u00e3o. \u00c0s vezes, vai descobrir que fornece algumas raspadinhas. E acesso instant\u00e2neo a videojogos, muito adequado entre receber. Joga um jogo r\u00e1pido. Muitos dos melhores sites. Jogos de casino tamb\u00e9m s\u00e3o fornecidos.<\/p>\n<h3>Como escolher a casa de apostas mais eficaz da lotaria<\/h3>\n<p>Os nossos especialistas do setor est\u00e3o neste artigo. Os programas de apostas de lotaria mais famosos s\u00e3o mostrados, ent\u00e3o como os escolhemos? A nossa empresa usa e verifica. O melhor local da lotaria \u00e9 o mesmo aspeto.<\/p>\n<p>Eis como avalia estes planos:<\/p>\n<h3>  O \u00faltimo B\u00f3nus de Apostas da Lotaria segue as regras<\/h3>\n<p>Certificado de videojogo. \u00c9 uma afirma\u00e7\u00e3o perfeita das regras adequadas da plataforma. Estas certifica\u00e7\u00f5es asseguram o propriet\u00e1rio. H\u00e1 liquidez para gastar as recompensas que pode receber.<\/p>\n<p>Camada de seguran\u00e7a<\/p>\n<p>Os ciberataques n\u00e3o s\u00e3o incomuns, por isso os operadores de lotaria. O seu website deve ser protegido contra hackers online. Certifique-se de que o fornecedor utiliza SSL e outros programas de estabilidade. Para manter a sua seguran\u00e7a de informa\u00e7\u00e3o.<\/p>\n<p>Que lotarias podes jogar no site? Protege jogos importantes e \u00e9 a sua escolha na lista?<\/p>\n<h3>Op\u00e7\u00f5es adicionais de apostas<\/h3>\n<p>Estes podem envolver prazeres sindicados, apostas especiais e escolhas semelhantes.<\/p>\n<h3>M\u00e9todo de liquida\u00e7\u00e3o<\/h3>\n<p>O seu m\u00e9todo de pagamento favorito deve estar na lista. A op\u00e7\u00e3o de pagamento e retirada mais popular. S\u00e3o carteiras electr\u00f3nicas, cart\u00f5es de carregamento e vouchers.<\/p>\n<p>\u00daltima lotaria da Lotaria B\u00f3nus De B\u00f3nus Mobile<\/p>\n<h3>Podes fazer apostas na lotaria?<\/h3>\n<p>Algumas empresas fornecem aplica\u00e7\u00f5es port\u00e1teis, e outras permitem. Voc\u00ea diretamente do navegador no dispositivo port\u00e1til. Execute no site deles. Em todo o caso, \u00e9 vital participar na execu\u00e7\u00e3o pelo menos uma vez.<\/p>\n<h3>Servi\u00e7o de apoio<\/h3>\n<p>Se tiver d\u00favidas ou problemas, valiosa satisfa\u00e7\u00e3o do cliente. Torna-se vital. Voc\u00ea precisa ter v\u00e1rios m\u00e9todos para ser eficaz, como chat ao vivo, e-mail ou telefone<\/p>\n<p><!-- \/wp:post-content --><\/p>\n<p><!-- wp:paragraph \/--><\/p>\n","protected":false},"excerpt":{"rendered":"<p>Localize e avalie todas as recompensas de lotaria online mais atualizadas no nosso extenso diret\u00f3rio de jogos de apostas. Ter prazer em ofertas populares promo\u00e7\u00f5es de lotaria e b\u00f3nus exclusivos fornece a partir do<\/p>\n<div class=\"hero-cup-section\">\n<div class=\"row mb-4\">\n<div class=\"col-md-7\">\n<div class=\"section-area\">\n<div class=\"section-list\">\n<li style=\"text-align: left\"><img decoding=\"async\" src=\"https:\/\/www.freebetbest.com\/wp-content\/uploads\/2021\/06\/tick.png\" alt=\"Esportes\">  B\u00f3nus de boas-vindas do Casino Desportivo.<\/li>\n<li style=\"text-align: left\"><img decoding=\"async\" src=\"https:\/\/www.freebetbest.com\/wp-content\/uploads\/2021\/06\/tick.png\" alt=\"ofertas de jogos\">  Os corretores online oferecem &amp; promo\u00e7\u00f5es.<\/li>\n<li style=\"text-align: left\"><img decoding=\"async\" src=\"https:\/\/www.freebetbest.com\/wp-content\/uploads\/2021\/06\/tick.png\" alt=\"ofertas de jogos\">  Os melhores apostadores online em que pode confiar.<\/li>\n<li style=\"text-align: left\"><img decoding=\"async\" src=\"https:\/\/www.freebetbest.com\/wp-content\/uploads\/2021\/06\/tick.png\" alt=\"Autorit\u00e1rio\">  Revis\u00e3o autorit\u00e1ria Seguro fi\u00e1vel.<\/li>\n<li style=\"text-align: left\"><img decoding=\"async\" src=\"https:\/\/www.freebetbest.com\/wp-content\/uploads\/2021\/06\/tick.png\" alt=\"Levantamentos r\u00e1pidos\">  Suporte de APLICATIVO M\u00f3vel, Levantamentos R\u00e1pidos.<\/li>\n<li style=\"text-align: left\"><img decoding=\"async\" src=\"https:\/\/www.freebetbest.com\/wp-content\/uploads\/2021\/06\/tick.png\" alt=\"Apoio ao cliente\">  Suporte ao cliente: 365 dias, 24 horas por dia.<\/li>\n<\/div>\n<\/div>\n<\/div>\n<div class=\"col-md-5\">\n<div class=\"cup-img\"><img decoding=\"async\" src=\"https:\/\/www.freebetbest.com\/wp-content\/uploads\/2021\/06\/bingo.png\" alt=\"freebetbest\"><\/div>\n<\/div>\n<\/div>\n","protected":false},"author":1,"featured_media":125243,"parent":0,"menu_order":0,"comment_status":"closed","ping_status":"closed","template":"lotto-template.php","meta":{"footnotes":""},"class_list":["post-130736","page","type-page","status-publish","has-post-thumbnail","hentry"],"yoast_head":"<!-- This site is optimized with the Yoast SEO Premium plugin v19.5 (Yoast SEO v27.0) - https:\/\/yoast.com\/product\/yoast-seo-premium-wordpress\/ -->\n<title>B\u00f3nus de apostas da lotaria mais recente Novo B\u00f3nus de Inscri\u00e7\u00e3o de Clientes<\/title>\n<meta name=\"description\" content=\"B\u00f3nus de apostas da lotaria mais recente Melhores casas de apostas online,Ofertas de esportes, casino, poker, bingo &amp; mobile apostas, Sem Deposit Free Bet\" \/>\n<meta name=\"robots\" content=\"index, follow, max-snippet:-1, max-image-preview:large, max-video-preview:-1\" \/>\n<link rel=\"canonical\" href=\"https:\/\/www.freebetbest.com\/pt-pt\/mais-recente-lotaria-lotaria-bonus-de-apostas\/\" \/>\n<meta property=\"og:locale\" content=\"pt_PT\" \/>\n<meta property=\"og:type\" content=\"article\" \/>\n<meta property=\"og:title\" content=\"B\u00f3nus de apostas da lotaria mais recente\" \/>\n<meta property=\"og:description\" content=\"B\u00f3nus de apostas da lotaria mais recente Melhores casas de apostas online,Ofertas de esportes, casino, poker, bingo &amp; mobile apostas, Sem Deposit Free Bet\" \/>\n<meta property=\"og:url\" content=\"https:\/\/www.freebetbest.com\/pt-pt\/mais-recente-lotaria-lotaria-bonus-de-apostas\/\" \/>\n<meta property=\"og:site_name\" content=\"Aposta Gr\u00e1tis | Cassino online | Apostas de futebol | Melhor Aposta Gr\u00e1tis\" \/>\n<meta property=\"article:modified_time\" content=\"2021-07-28T17:32:04+00:00\" \/>\n<meta property=\"og:image\" content=\"https:\/\/www.freebetbest.com\/wp-content\/uploads\/2021\/06\/Lotte-scaled.jpg\" \/>\n\t<meta property=\"og:image:width\" content=\"318\" \/>\n\t<meta property=\"og:image:height\" content=\"180\" \/>\n\t<meta property=\"og:image:type\" content=\"image\/jpeg\" \/>\n<meta name=\"twitter:card\" content=\"summary_large_image\" \/>\n<meta name=\"twitter:label1\" content=\"Tempo estimado de leitura\" \/>\n\t<meta name=\"twitter:data1\" content=\"3 minutos\" \/>\n<script type=\"application\/ld+json\" class=\"yoast-schema-graph\">{\"@context\":\"https:\/\/schema.org\",\"@graph\":[{\"@type\":\"WebPage\",\"@id\":\"https:\/\/www.freebetbest.com\/pt-pt\/mais-recente-lotaria-lotaria-bonus-de-apostas\/\",\"url\":\"https:\/\/www.freebetbest.com\/pt-pt\/mais-recente-lotaria-lotaria-bonus-de-apostas\/\",\"name\":\"B\u00f3nus de apostas da lotaria mais recente Novo B\u00f3nus de Inscri\u00e7\u00e3o de Clientes\",\"isPartOf\":{\"@id\":\"https:\/\/www.freebetbest.com\/pt-pt\/#website\"},\"primaryImageOfPage\":{\"@id\":\"https:\/\/www.freebetbest.com\/pt-pt\/mais-recente-lotaria-lotaria-bonus-de-apostas\/#primaryimage\"},\"image\":{\"@id\":\"https:\/\/www.freebetbest.com\/pt-pt\/mais-recente-lotaria-lotaria-bonus-de-apostas\/#primaryimage\"},\"thumbnailUrl\":\"https:\/\/www.freebetbest.com\/wp-content\/uploads\/2021\/06\/Lotte-scaled.jpg\",\"datePublished\":\"2021-06-10T09:25:38+00:00\",\"dateModified\":\"2021-07-28T17:32:04+00:00\",\"description\":\"B\u00f3nus de apostas da lotaria mais recente Melhores casas de apostas online,Ofertas de esportes, casino, poker, bingo & mobile apostas, Sem Deposit Free Bet\",\"breadcrumb\":{\"@id\":\"https:\/\/www.freebetbest.com\/pt-pt\/mais-recente-lotaria-lotaria-bonus-de-apostas\/#breadcrumb\"},\"inLanguage\":\"pt-PT\",\"potentialAction\":[{\"@type\":\"ReadAction\",\"target\":[\"https:\/\/www.freebetbest.com\/pt-pt\/mais-recente-lotaria-lotaria-bonus-de-apostas\/\"]}]},{\"@type\":\"ImageObject\",\"inLanguage\":\"pt-PT\",\"@id\":\"https:\/\/www.freebetbest.com\/pt-pt\/mais-recente-lotaria-lotaria-bonus-de-apostas\/#primaryimage\",\"url\":\"https:\/\/www.freebetbest.com\/wp-content\/uploads\/2021\/06\/Lotte-scaled.jpg\",\"contentUrl\":\"https:\/\/www.freebetbest.com\/wp-content\/uploads\/2021\/06\/Lotte-scaled.jpg\",\"width\":318,\"height\":180,\"caption\":\"Lotte\"},{\"@type\":\"BreadcrumbList\",\"@id\":\"https:\/\/www.freebetbest.com\/pt-pt\/mais-recente-lotaria-lotaria-bonus-de-apostas\/#breadcrumb\",\"itemListElement\":[{\"@type\":\"ListItem\",\"position\":1,\"name\":\"Home\",\"item\":\"https:\/\/www.freebetbest.com\/pt-pt\/\"},{\"@type\":\"ListItem\",\"position\":2,\"name\":\"B\u00f3nus de apostas da lotaria mais recente\"}]},{\"@type\":\"WebSite\",\"@id\":\"https:\/\/www.freebetbest.com\/pt-pt\/#website\",\"url\":\"https:\/\/www.freebetbest.com\/pt-pt\/\",\"name\":\"Aposta Gr\u00e1tis | Cassino online | Apostas de futebol | Melhor Aposta Gr\u00e1tis\",\"description\":\"As melhores casas de apostas on-line, Oferecem esportes, cassino, p\u00f4quer, bingo e apostas m\u00f3veis, Cassino online ,Apostas de futebol, Melhor Aposta Gr\u00e1tis,  Os principais portais de jogos de azar do mundo.\",\"publisher\":{\"@id\":\"https:\/\/www.freebetbest.com\/pt-pt\/#\/schema\/person\/292684ccf388a2362d507874c5b80a69\"},\"potentialAction\":[{\"@type\":\"SearchAction\",\"target\":{\"@type\":\"EntryPoint\",\"urlTemplate\":\"https:\/\/www.freebetbest.com\/pt-pt\/?s={search_term_string}\"},\"query-input\":{\"@type\":\"PropertyValueSpecification\",\"valueRequired\":true,\"valueName\":\"search_term_string\"}}],\"inLanguage\":\"pt-PT\"},{\"@type\":[\"Person\",\"Organization\"],\"@id\":\"https:\/\/www.freebetbest.com\/pt-pt\/#\/schema\/person\/292684ccf388a2362d507874c5b80a69\",\"name\":\"\u7ba1\u7406\",\"image\":{\"@type\":\"ImageObject\",\"inLanguage\":\"pt-PT\",\"@id\":\"https:\/\/www.freebetbest.com\/pt-pt\/#\/schema\/person\/image\/\",\"url\":\"https:\/\/www.freebetbest.com\/wp-content\/litespeed\/avatar\/49696b52fb15293a2168c14964fdd8b9.jpg?ver=1775625495\",\"contentUrl\":\"https:\/\/www.freebetbest.com\/wp-content\/litespeed\/avatar\/49696b52fb15293a2168c14964fdd8b9.jpg?ver=1775625495\",\"caption\":\"\u7ba1\u7406\"},\"logo\":{\"@id\":\"https:\/\/www.freebetbest.com\/pt-pt\/#\/schema\/person\/image\/\"},\"sameAs\":[\"admin\"]}]}<\/script>\n<!-- \/ Yoast SEO Premium plugin. -->","yoast_head_json":{"title":"B\u00f3nus de apostas da lotaria mais recente Novo B\u00f3nus de Inscri\u00e7\u00e3o de Clientes","description":"B\u00f3nus de apostas da lotaria mais recente Melhores casas de apostas online,Ofertas de esportes, casino, poker, bingo & mobile apostas, Sem Deposit Free Bet","robots":{"index":"index","follow":"follow","max-snippet":"max-snippet:-1","max-image-preview":"max-image-preview:large","max-video-preview":"max-video-preview:-1"},"canonical":"https:\/\/www.freebetbest.com\/pt-pt\/mais-recente-lotaria-lotaria-bonus-de-apostas\/","og_locale":"pt_PT","og_type":"article","og_title":"B\u00f3nus de apostas da lotaria mais recente","og_description":"B\u00f3nus de apostas da lotaria mais recente Melhores casas de apostas online,Ofertas de esportes, casino, poker, bingo & mobile apostas, Sem Deposit Free Bet","og_url":"https:\/\/www.freebetbest.com\/pt-pt\/mais-recente-lotaria-lotaria-bonus-de-apostas\/","og_site_name":"Aposta Gr\u00e1tis | Cassino online | Apostas de futebol | Melhor Aposta Gr\u00e1tis","article_modified_time":"2021-07-28T17:32:04+00:00","og_image":[{"width":318,"height":180,"url":"https:\/\/www.freebetbest.com\/wp-content\/uploads\/2021\/06\/Lotte-scaled.jpg","type":"image\/jpeg"}],"twitter_card":"summary_large_image","twitter_misc":{"Tempo estimado de leitura":"3 minutos"},"schema":{"@context":"https:\/\/schema.org","@graph":[{"@type":"WebPage","@id":"https:\/\/www.freebetbest.com\/pt-pt\/mais-recente-lotaria-lotaria-bonus-de-apostas\/","url":"https:\/\/www.freebetbest.com\/pt-pt\/mais-recente-lotaria-lotaria-bonus-de-apostas\/","name":"B\u00f3nus de apostas da lotaria mais recente Novo B\u00f3nus de Inscri\u00e7\u00e3o de Clientes","isPartOf":{"@id":"https:\/\/www.freebetbest.com\/pt-pt\/#website"},"primaryImageOfPage":{"@id":"https:\/\/www.freebetbest.com\/pt-pt\/mais-recente-lotaria-lotaria-bonus-de-apostas\/#primaryimage"},"image":{"@id":"https:\/\/www.freebetbest.com\/pt-pt\/mais-recente-lotaria-lotaria-bonus-de-apostas\/#primaryimage"},"thumbnailUrl":"https:\/\/www.freebetbest.com\/wp-content\/uploads\/2021\/06\/Lotte-scaled.jpg","datePublished":"2021-06-10T09:25:38+00:00","dateModified":"2021-07-28T17:32:04+00:00","description":"B\u00f3nus de apostas da lotaria mais recente Melhores casas de apostas online,Ofertas de esportes, casino, poker, bingo & mobile apostas, Sem Deposit Free Bet","breadcrumb":{"@id":"https:\/\/www.freebetbest.com\/pt-pt\/mais-recente-lotaria-lotaria-bonus-de-apostas\/#breadcrumb"},"inLanguage":"pt-PT","potentialAction":[{"@type":"ReadAction","target":["https:\/\/www.freebetbest.com\/pt-pt\/mais-recente-lotaria-lotaria-bonus-de-apostas\/"]}]},{"@type":"ImageObject","inLanguage":"pt-PT","@id":"https:\/\/www.freebetbest.com\/pt-pt\/mais-recente-lotaria-lotaria-bonus-de-apostas\/#primaryimage","url":"https:\/\/www.freebetbest.com\/wp-content\/uploads\/2021\/06\/Lotte-scaled.jpg","contentUrl":"https:\/\/www.freebetbest.com\/wp-content\/uploads\/2021\/06\/Lotte-scaled.jpg","width":318,"height":180,"caption":"Lotte"},{"@type":"BreadcrumbList","@id":"https:\/\/www.freebetbest.com\/pt-pt\/mais-recente-lotaria-lotaria-bonus-de-apostas\/#breadcrumb","itemListElement":[{"@type":"ListItem","position":1,"name":"Home","item":"https:\/\/www.freebetbest.com\/pt-pt\/"},{"@type":"ListItem","position":2,"name":"B\u00f3nus de apostas da lotaria mais recente"}]},{"@type":"WebSite","@id":"https:\/\/www.freebetbest.com\/pt-pt\/#website","url":"https:\/\/www.freebetbest.com\/pt-pt\/","name":"Aposta Gr\u00e1tis | Cassino online | Apostas de futebol | Melhor Aposta Gr\u00e1tis","description":"As melhores casas de apostas on-line, Oferecem esportes, cassino, p\u00f4quer, bingo e apostas m\u00f3veis, Cassino online ,Apostas de futebol, Melhor Aposta Gr\u00e1tis,  Os principais portais de jogos de azar do mundo.","publisher":{"@id":"https:\/\/www.freebetbest.com\/pt-pt\/#\/schema\/person\/292684ccf388a2362d507874c5b80a69"},"potentialAction":[{"@type":"SearchAction","target":{"@type":"EntryPoint","urlTemplate":"https:\/\/www.freebetbest.com\/pt-pt\/?s={search_term_string}"},"query-input":{"@type":"PropertyValueSpecification","valueRequired":true,"valueName":"search_term_string"}}],"inLanguage":"pt-PT"},{"@type":["Person","Organization"],"@id":"https:\/\/www.freebetbest.com\/pt-pt\/#\/schema\/person\/292684ccf388a2362d507874c5b80a69","name":"\u7ba1\u7406","image":{"@type":"ImageObject","inLanguage":"pt-PT","@id":"https:\/\/www.freebetbest.com\/pt-pt\/#\/schema\/person\/image\/","url":"https:\/\/www.freebetbest.com\/wp-content\/litespeed\/avatar\/49696b52fb15293a2168c14964fdd8b9.jpg?ver=1775625495","contentUrl":"https:\/\/www.freebetbest.com\/wp-content\/litespeed\/avatar\/49696b52fb15293a2168c14964fdd8b9.jpg?ver=1775625495","caption":"\u7ba1\u7406"},"logo":{"@id":"https:\/\/www.freebetbest.com\/pt-pt\/#\/schema\/person\/image\/"},"sameAs":["admin"]}]}},"_links":{"self":[{"href":"https:\/\/www.freebetbest.com\/pt-pt\/wp-json\/wp\/v2\/pages\/130736","targetHints":{"allow":["GET"]}}],"collection":[{"href":"https:\/\/www.freebetbest.com\/pt-pt\/wp-json\/wp\/v2\/pages"}],"about":[{"href":"https:\/\/www.freebetbest.com\/pt-pt\/wp-json\/wp\/v2\/types\/page"}],"author":[{"embeddable":true,"href":"https:\/\/www.freebetbest.com\/pt-pt\/wp-json\/wp\/v2\/users\/1"}],"replies":[{"embeddable":true,"href":"https:\/\/www.freebetbest.com\/pt-pt\/wp-json\/wp\/v2\/comments?post=130736"}],"version-history":[{"count":0,"href":"https:\/\/www.freebetbest.com\/pt-pt\/wp-json\/wp\/v2\/pages\/130736\/revisions"}],"wp:featuredmedia":[{"embeddable":true,"href":"https:\/\/www.freebetbest.com\/pt-pt\/wp-json\/wp\/v2\/media\/125243"}],"wp:attachment":[{"href":"https:\/\/www.freebetbest.com\/pt-pt\/wp-json\/wp\/v2\/media?parent=130736"}],"curies":[{"name":"wp","href":"https:\/\/api.w.org\/{rel}","templated":true}]}}