{"id":130654,"date":"2021-06-10T07:22:01","date_gmt":"2021-06-10T07:22:01","guid":{"rendered":"https:\/\/www.freebetbest.com\/mais-recente-golfe-apostas-bonus\/"},"modified":"2021-07-28T17:23:47","modified_gmt":"2021-07-28T17:23:47","slug":"mais-recente-golfe-apostas-bonus","status":"publish","type":"page","link":"https:\/\/www.freebetbest.com\/pt-pt\/mais-recente-golfe-apostas-bonus\/","title":{"rendered":"B\u00f3nus de apostas de golfe mais recentes"},"content":{"rendered":"<h2>Encontre o melhor B\u00f3nus de Apostas de Golfe mais recente<\/h2>\n<p>A oportunidade de apostar de qualquer lugar. Pode dizer-se que est\u00e1 no \u00faltimo site do <a href=\"https:\/\/www.freebetsinfo.co.uk\/free-bets\/\">Golf Betting Bonus.<\/a> A beleza de outros desportos. Use aplicativos que ofere\u00e7am grandes apostas.<\/p>\n<p>Inscreva-se para apostas desportivas, o que significa que pode. \u00c9 feito diretamente a partir do seu telem\u00f3vel. O melhor golfe. Aplica\u00e7\u00e3o de apostas. Em conclus\u00e3o, existe um modelo simples para explorar op\u00e7\u00f5es de jogo.<\/p>\n<h3>Organizar as suas apostas \u00e9 f\u00e1cil.<\/h3>\n<p>Felizmente, muitas grandes empresas de apostas desportivas online. Todos s\u00e3o aceites a partir do layout inicial port\u00e1til. A vis\u00e3o da empresa de tecnologia moderna come\u00e7ou.<\/p>\n<h3>O melhor site de golfe com os mais recentes b\u00f3nus de apostas de golfe<\/h3>\n<p>Hoje, aplicam tamb\u00e9m este feito aos mais populares. Sistema de apostas de atividade desportiva celular. Em conclus\u00e3o, a aplica\u00e7\u00e3o para iPhone da FanDuel \u00e9 muito f\u00e1cil de navegar, o que \u00e9 especialmente valioso em jogos desportivos em tempo real.<\/p>\n<p>Pode base\u00e1-lo diretamente a partir do telefone. Fa\u00e7a dep\u00f3sitos e levantamentos. Na verdade, uma vez que os consumidores n\u00e3o est\u00e3o dispostos a fazer. Em conclus\u00e3o, nunca \u00e9 necess\u00e1rio introduzir um computador de secret\u00e1ria.<\/p>\n<p>Do seu peso na p\u00e1gina. E a estrutura completa e limpa da velocidade de atualiza\u00e7\u00e3o de odds est\u00e1 procurando o golfe de topo. O melhor ponto de partida para aplica\u00e7\u00f5es de apostas.<\/p>\n<ul>\n<li>Especialista: Quer utilize WiFi ou dados celulares, as p\u00e1ginas web est\u00e3o sob press\u00e3o rapidamente<br \/>A interface do utilizador facilita-lhe a vida. Caminhe na exibi\u00e7\u00e3o mais pequena<br \/>Desvantagens: H\u00e1 muito menos mercado para apostas de golfe em certos eventos<\/li>\n<\/ul>\n<p>Jogue golfe na Internet. Em muitos lugares da Terra. Todos s\u00e3o legais, em muitas propostas nos Estados Unidos. Os apostadores americanos devem perceber que, embora o governo federal n\u00e3o pro\u00edba apostas desportivas, as diretrizes sim. Ser\u00e1 diferente dependendo de onde est\u00e1.<\/p>\n<p>Mais estados est\u00e3o a mudar. Legaliza\u00e7\u00e3o do jogo online. Por enquanto, compreenda a propriedade que o afeta. Em conclus\u00e3o, ou as condi\u00e7\u00f5es regionais s\u00e3o cruciais. As nossas apostas desportivas est\u00e3o legalizadas. O localizador \u00e9 um excelente ponto de partida.<\/p>\n<h3>Cada site aqui est\u00e1 registado para usar legalmente o mais recente b\u00f3nus de apostas de golfe<\/h3>\n<p>Eles v\u00e3o verificar o local frequentemente para se certificar de que voc\u00ea est\u00e1 a bordo. \u00c9 s\u00f3 o comboio expresso deles com a licen\u00e7a de trabalho adequada.<\/p>\n<p>N\u00e3o participe em locais duplicados. Quaisquer sites verificados s\u00e3o c\u00e9ticos. Em todos os mercados de negocia\u00e7\u00e3o regulados, em conclus\u00e3o, estes controlos s\u00e3o realmente essenciais, pelo que podem ser um bom sinal de que voc\u00ea por acaso aposta em ter um website autorizado.<\/p>\n<p>Claro, mantenha-se neste posto. Op\u00e7\u00e3o popular. Em conclus\u00e3o, pode tamb\u00e9m garantir que a sua identidade e fundos n\u00e3o sejam violados por atores desonestos e n\u00e3o regulamentados.<\/p>\n<h3>Recompensa suplementar de pagamento em baixo<\/h3>\n<p>Em conclus\u00e3o, Abaixo pagamento correspondente a apostas. Providenciado para novos atletas. Primeiro b\u00f3nus de dep\u00f3sito. Normalmente, <a href=\"https:\/\/www.freebetbest.com\/pt-pt\/sites-de-apostas\/\">a casa de apostas<\/a> vai corresponder a este dep\u00f3sito, variando entre 50% e 100%. Outras percentagens s\u00e3o exce\u00e7\u00f5es, mas n\u00e3o in\u00e9ditas. Em conclus\u00e3o, h\u00e1 sempre um limite superior no tamanho da recompensa.<\/p>\n<p>Estas recompensas s\u00e3o diretamente financiadas. Ou conceder sob a forma de um saldo de recompensa espec\u00edfico. De qualquer forma, v\u00e3o. Constantemente sujeito a requisitos de apostas. As especifica\u00e7\u00f5es de apostas para apostas desportivas geralmente variam de 2x a 15x ou mais. Em conclus\u00e3o, s\u00e3o, em grande medida,. Atende \u00e0s necessidades de apostas dos estabelecimentos de jogo.<\/p>\n<p>Os jogadores devem jogar com frequ\u00eancia. A sua recompensa completa. O valor do pagamento inicial. Isto \u00e9 para v\u00e1rios jogadores. Ou mesmo para grandes dividendos. Pode ser muito dif\u00edcil de conseguir. Portanto, isto pode combinar o pagamento inicial com a aposta, em conclus\u00e3o, permitindo assim o levantamento de dinheiro. Torna-se mais dif\u00edcil.<\/p>\n<h3>Op\u00e7\u00e3o gratuita dispon\u00edvel<\/h3>\n<p>Adivinha\u00e7\u00e3o completamente livre. Provavelmente a mais comum. Ofertas de registo de jogos de golfe, voc\u00ea pode ativar diferentes b\u00f3nus iniciais. Op\u00e7\u00f5es completamente gratuitas. A oferta recompensa atletas com fichas especiais, estes tokens. Pode cobrir o risco de apostas em dinheiro real. Em conclus\u00e3o, estes tokens de apostas gr\u00e1tis n\u00e3o.  <\/p>\n<p><!-- \/wp:post-content --><\/p>\n<p><!-- wp:paragraph \/--><\/p>\n","protected":false},"excerpt":{"rendered":"<p>Com todo o aumento de apostas desportivas legais, a nossa equipa de revis\u00e3o est\u00e1 no controlo de cada uma das mais recentes entregas de benef\u00edcios e atualiza\u00e7\u00f5es das melhores aplica\u00e7\u00f5es de jogos de golfe e jogos de apostas<\/p>\n<div class=\"hero-cup-section\">\n<div class=\"row mb-4\">\n<div class=\"col-md-7\">\n<div class=\"section-area\">\n<div class=\"section-list\">\n<li style=\"text-align: left\"><img decoding=\"async\" src=\"https:\/\/www.freebetbest.com\/wp-content\/uploads\/2021\/06\/tick.png\" alt=\"Esportes\">  B\u00f3nus de boas-vindas do Casino Desportivo.<\/li>\n<li style=\"text-align: left\"><img decoding=\"async\" src=\"https:\/\/www.freebetbest.com\/wp-content\/uploads\/2021\/06\/tick.png\" alt=\"ofertas de jogos\">  Os corretores online oferecem &amp; promo\u00e7\u00f5es.<\/li>\n<li style=\"text-align: left\"><img decoding=\"async\" src=\"https:\/\/www.freebetbest.com\/wp-content\/uploads\/2021\/06\/tick.png\" alt=\"ofertas de jogos\">  Os melhores apostadores online em que pode confiar.<\/li>\n<li style=\"text-align: left\"><img decoding=\"async\" src=\"https:\/\/www.freebetbest.com\/wp-content\/uploads\/2021\/06\/tick.png\" alt=\"Autorit\u00e1rio\">  Revis\u00e3o autorit\u00e1ria Seguro fi\u00e1vel.<\/li>\n<li style=\"text-align: left\"><img decoding=\"async\" src=\"https:\/\/www.freebetbest.com\/wp-content\/uploads\/2021\/06\/tick.png\" alt=\"Levantamentos r\u00e1pidos\">  Suporte de APLICATIVO M\u00f3vel, Levantamentos R\u00e1pidos.<\/li>\n<li style=\"text-align: left\"><img decoding=\"async\" src=\"https:\/\/www.freebetbest.com\/wp-content\/uploads\/2021\/06\/tick.png\" alt=\"Apoio ao cliente\">  Suporte ao cliente: 365 dias, 24 horas por dia.<\/li>\n<\/div>\n<\/div>\n<\/div>\n<div class=\"col-md-5\">\n<div class=\"cup-img\"><img decoding=\"async\" src=\"https:\/\/www.freebetbest.com\/wp-content\/uploads\/2021\/06\/Cricket-Betting.png\" alt=\"freebetbest\"><\/div>\n<\/div>\n<\/div>\n","protected":false},"author":1,"featured_media":125031,"parent":0,"menu_order":0,"comment_status":"closed","ping_status":"closed","template":"Sports-template.php","meta":{"footnotes":""},"class_list":["post-130654","page","type-page","status-publish","has-post-thumbnail","hentry"],"yoast_head":"<!-- This site is optimized with the Yoast SEO Premium plugin v19.5 (Yoast SEO v27.0) - https:\/\/yoast.com\/product\/yoast-seo-premium-wordpress\/ -->\n<title>B\u00f3nus de apostas de golfe mais recentes Novo B\u00f3nus de Inscri\u00e7\u00e3o de Clientes<\/title>\n<meta name=\"description\" content=\"B\u00f3nus de apostas de golfe mais recentes Melhores casas de apostas online,Ofertas de esportes, casino, poker, bingo &amp; mobile apostas, Sem Deposit Free Bet\" \/>\n<meta name=\"robots\" content=\"index, follow, max-snippet:-1, max-image-preview:large, max-video-preview:-1\" \/>\n<link rel=\"canonical\" href=\"https:\/\/www.freebetbest.com\/pt-pt\/mais-recente-golfe-apostas-bonus\/\" \/>\n<meta property=\"og:locale\" content=\"pt_PT\" \/>\n<meta property=\"og:type\" content=\"article\" \/>\n<meta property=\"og:title\" content=\"B\u00f3nus de apostas de golfe mais recentes\" \/>\n<meta property=\"og:description\" content=\"B\u00f3nus de apostas de golfe mais recentes Melhores casas de apostas online,Ofertas de esportes, casino, poker, bingo &amp; mobile apostas, Sem Deposit Free Bet\" \/>\n<meta property=\"og:url\" content=\"https:\/\/www.freebetbest.com\/pt-pt\/mais-recente-golfe-apostas-bonus\/\" \/>\n<meta property=\"og:site_name\" content=\"Aposta Gr\u00e1tis | Cassino online | Apostas de futebol | Melhor Aposta Gr\u00e1tis\" \/>\n<meta property=\"article:modified_time\" content=\"2021-07-28T17:23:47+00:00\" \/>\n<meta property=\"og:image\" content=\"https:\/\/www.freebetbest.com\/wp-content\/uploads\/2021\/06\/golf-betting-1-scaled.jpg\" \/>\n\t<meta property=\"og:image:width\" content=\"500\" \/>\n\t<meta property=\"og:image:height\" content=\"167\" \/>\n\t<meta property=\"og:image:type\" content=\"image\/jpeg\" \/>\n<meta name=\"twitter:card\" content=\"summary_large_image\" \/>\n<meta name=\"twitter:label1\" content=\"Tempo estimado de leitura\" \/>\n\t<meta name=\"twitter:data1\" content=\"3 minutos\" \/>\n<script type=\"application\/ld+json\" class=\"yoast-schema-graph\">{\"@context\":\"https:\/\/schema.org\",\"@graph\":[{\"@type\":\"WebPage\",\"@id\":\"https:\/\/www.freebetbest.com\/pt-pt\/mais-recente-golfe-apostas-bonus\/\",\"url\":\"https:\/\/www.freebetbest.com\/pt-pt\/mais-recente-golfe-apostas-bonus\/\",\"name\":\"B\u00f3nus de apostas de golfe mais recentes Novo B\u00f3nus de Inscri\u00e7\u00e3o de Clientes\",\"isPartOf\":{\"@id\":\"https:\/\/www.freebetbest.com\/pt-pt\/#website\"},\"primaryImageOfPage\":{\"@id\":\"https:\/\/www.freebetbest.com\/pt-pt\/mais-recente-golfe-apostas-bonus\/#primaryimage\"},\"image\":{\"@id\":\"https:\/\/www.freebetbest.com\/pt-pt\/mais-recente-golfe-apostas-bonus\/#primaryimage\"},\"thumbnailUrl\":\"https:\/\/www.freebetbest.com\/wp-content\/uploads\/2021\/06\/golf-betting-1-scaled.jpg\",\"datePublished\":\"2021-06-10T07:22:01+00:00\",\"dateModified\":\"2021-07-28T17:23:47+00:00\",\"description\":\"B\u00f3nus de apostas de golfe mais recentes Melhores casas de apostas online,Ofertas de esportes, casino, poker, bingo & mobile apostas, Sem Deposit Free Bet\",\"breadcrumb\":{\"@id\":\"https:\/\/www.freebetbest.com\/pt-pt\/mais-recente-golfe-apostas-bonus\/#breadcrumb\"},\"inLanguage\":\"pt-PT\",\"potentialAction\":[{\"@type\":\"ReadAction\",\"target\":[\"https:\/\/www.freebetbest.com\/pt-pt\/mais-recente-golfe-apostas-bonus\/\"]}]},{\"@type\":\"ImageObject\",\"inLanguage\":\"pt-PT\",\"@id\":\"https:\/\/www.freebetbest.com\/pt-pt\/mais-recente-golfe-apostas-bonus\/#primaryimage\",\"url\":\"https:\/\/www.freebetbest.com\/wp-content\/uploads\/2021\/06\/golf-betting-1-scaled.jpg\",\"contentUrl\":\"https:\/\/www.freebetbest.com\/wp-content\/uploads\/2021\/06\/golf-betting-1-scaled.jpg\",\"width\":500,\"height\":167,\"caption\":\"golfe-apostas-1\"},{\"@type\":\"BreadcrumbList\",\"@id\":\"https:\/\/www.freebetbest.com\/pt-pt\/mais-recente-golfe-apostas-bonus\/#breadcrumb\",\"itemListElement\":[{\"@type\":\"ListItem\",\"position\":1,\"name\":\"Home\",\"item\":\"https:\/\/www.freebetbest.com\/pt-pt\/\"},{\"@type\":\"ListItem\",\"position\":2,\"name\":\"B\u00f3nus de apostas de golfe mais recentes\"}]},{\"@type\":\"WebSite\",\"@id\":\"https:\/\/www.freebetbest.com\/pt-pt\/#website\",\"url\":\"https:\/\/www.freebetbest.com\/pt-pt\/\",\"name\":\"Aposta Gr\u00e1tis | Cassino online | Apostas de futebol | Melhor Aposta Gr\u00e1tis\",\"description\":\"As melhores casas de apostas on-line, Oferecem esportes, cassino, p\u00f4quer, bingo e apostas m\u00f3veis, Cassino online ,Apostas de futebol, Melhor Aposta Gr\u00e1tis,  Os principais portais de jogos de azar do mundo.\",\"publisher\":{\"@id\":\"https:\/\/www.freebetbest.com\/pt-pt\/#\/schema\/person\/292684ccf388a2362d507874c5b80a69\"},\"potentialAction\":[{\"@type\":\"SearchAction\",\"target\":{\"@type\":\"EntryPoint\",\"urlTemplate\":\"https:\/\/www.freebetbest.com\/pt-pt\/?s={search_term_string}\"},\"query-input\":{\"@type\":\"PropertyValueSpecification\",\"valueRequired\":true,\"valueName\":\"search_term_string\"}}],\"inLanguage\":\"pt-PT\"},{\"@type\":[\"Person\",\"Organization\"],\"@id\":\"https:\/\/www.freebetbest.com\/pt-pt\/#\/schema\/person\/292684ccf388a2362d507874c5b80a69\",\"name\":\"\u7ba1\u7406\",\"image\":{\"@type\":\"ImageObject\",\"inLanguage\":\"pt-PT\",\"@id\":\"https:\/\/www.freebetbest.com\/pt-pt\/#\/schema\/person\/image\/\",\"url\":\"https:\/\/www.freebetbest.com\/wp-content\/litespeed\/avatar\/49696b52fb15293a2168c14964fdd8b9.jpg?ver=1776230299\",\"contentUrl\":\"https:\/\/www.freebetbest.com\/wp-content\/litespeed\/avatar\/49696b52fb15293a2168c14964fdd8b9.jpg?ver=1776230299\",\"caption\":\"\u7ba1\u7406\"},\"logo\":{\"@id\":\"https:\/\/www.freebetbest.com\/pt-pt\/#\/schema\/person\/image\/\"},\"sameAs\":[\"admin\"]}]}<\/script>\n<!-- \/ Yoast SEO Premium plugin. -->","yoast_head_json":{"title":"B\u00f3nus de apostas de golfe mais recentes Novo B\u00f3nus de Inscri\u00e7\u00e3o de Clientes","description":"B\u00f3nus de apostas de golfe mais recentes Melhores casas de apostas online,Ofertas de esportes, casino, poker, bingo & mobile apostas, Sem Deposit Free Bet","robots":{"index":"index","follow":"follow","max-snippet":"max-snippet:-1","max-image-preview":"max-image-preview:large","max-video-preview":"max-video-preview:-1"},"canonical":"https:\/\/www.freebetbest.com\/pt-pt\/mais-recente-golfe-apostas-bonus\/","og_locale":"pt_PT","og_type":"article","og_title":"B\u00f3nus de apostas de golfe mais recentes","og_description":"B\u00f3nus de apostas de golfe mais recentes Melhores casas de apostas online,Ofertas de esportes, casino, poker, bingo & mobile apostas, Sem Deposit Free Bet","og_url":"https:\/\/www.freebetbest.com\/pt-pt\/mais-recente-golfe-apostas-bonus\/","og_site_name":"Aposta Gr\u00e1tis | Cassino online | Apostas de futebol | Melhor Aposta Gr\u00e1tis","article_modified_time":"2021-07-28T17:23:47+00:00","og_image":[{"width":500,"height":167,"url":"https:\/\/www.freebetbest.com\/wp-content\/uploads\/2021\/06\/golf-betting-1-scaled.jpg","type":"image\/jpeg"}],"twitter_card":"summary_large_image","twitter_misc":{"Tempo estimado de leitura":"3 minutos"},"schema":{"@context":"https:\/\/schema.org","@graph":[{"@type":"WebPage","@id":"https:\/\/www.freebetbest.com\/pt-pt\/mais-recente-golfe-apostas-bonus\/","url":"https:\/\/www.freebetbest.com\/pt-pt\/mais-recente-golfe-apostas-bonus\/","name":"B\u00f3nus de apostas de golfe mais recentes Novo B\u00f3nus de Inscri\u00e7\u00e3o de Clientes","isPartOf":{"@id":"https:\/\/www.freebetbest.com\/pt-pt\/#website"},"primaryImageOfPage":{"@id":"https:\/\/www.freebetbest.com\/pt-pt\/mais-recente-golfe-apostas-bonus\/#primaryimage"},"image":{"@id":"https:\/\/www.freebetbest.com\/pt-pt\/mais-recente-golfe-apostas-bonus\/#primaryimage"},"thumbnailUrl":"https:\/\/www.freebetbest.com\/wp-content\/uploads\/2021\/06\/golf-betting-1-scaled.jpg","datePublished":"2021-06-10T07:22:01+00:00","dateModified":"2021-07-28T17:23:47+00:00","description":"B\u00f3nus de apostas de golfe mais recentes Melhores casas de apostas online,Ofertas de esportes, casino, poker, bingo & mobile apostas, Sem Deposit Free Bet","breadcrumb":{"@id":"https:\/\/www.freebetbest.com\/pt-pt\/mais-recente-golfe-apostas-bonus\/#breadcrumb"},"inLanguage":"pt-PT","potentialAction":[{"@type":"ReadAction","target":["https:\/\/www.freebetbest.com\/pt-pt\/mais-recente-golfe-apostas-bonus\/"]}]},{"@type":"ImageObject","inLanguage":"pt-PT","@id":"https:\/\/www.freebetbest.com\/pt-pt\/mais-recente-golfe-apostas-bonus\/#primaryimage","url":"https:\/\/www.freebetbest.com\/wp-content\/uploads\/2021\/06\/golf-betting-1-scaled.jpg","contentUrl":"https:\/\/www.freebetbest.com\/wp-content\/uploads\/2021\/06\/golf-betting-1-scaled.jpg","width":500,"height":167,"caption":"golfe-apostas-1"},{"@type":"BreadcrumbList","@id":"https:\/\/www.freebetbest.com\/pt-pt\/mais-recente-golfe-apostas-bonus\/#breadcrumb","itemListElement":[{"@type":"ListItem","position":1,"name":"Home","item":"https:\/\/www.freebetbest.com\/pt-pt\/"},{"@type":"ListItem","position":2,"name":"B\u00f3nus de apostas de golfe mais recentes"}]},{"@type":"WebSite","@id":"https:\/\/www.freebetbest.com\/pt-pt\/#website","url":"https:\/\/www.freebetbest.com\/pt-pt\/","name":"Aposta Gr\u00e1tis | Cassino online | Apostas de futebol | Melhor Aposta Gr\u00e1tis","description":"As melhores casas de apostas on-line, Oferecem esportes, cassino, p\u00f4quer, bingo e apostas m\u00f3veis, Cassino online ,Apostas de futebol, Melhor Aposta Gr\u00e1tis,  Os principais portais de jogos de azar do mundo.","publisher":{"@id":"https:\/\/www.freebetbest.com\/pt-pt\/#\/schema\/person\/292684ccf388a2362d507874c5b80a69"},"potentialAction":[{"@type":"SearchAction","target":{"@type":"EntryPoint","urlTemplate":"https:\/\/www.freebetbest.com\/pt-pt\/?s={search_term_string}"},"query-input":{"@type":"PropertyValueSpecification","valueRequired":true,"valueName":"search_term_string"}}],"inLanguage":"pt-PT"},{"@type":["Person","Organization"],"@id":"https:\/\/www.freebetbest.com\/pt-pt\/#\/schema\/person\/292684ccf388a2362d507874c5b80a69","name":"\u7ba1\u7406","image":{"@type":"ImageObject","inLanguage":"pt-PT","@id":"https:\/\/www.freebetbest.com\/pt-pt\/#\/schema\/person\/image\/","url":"https:\/\/www.freebetbest.com\/wp-content\/litespeed\/avatar\/49696b52fb15293a2168c14964fdd8b9.jpg?ver=1776230299","contentUrl":"https:\/\/www.freebetbest.com\/wp-content\/litespeed\/avatar\/49696b52fb15293a2168c14964fdd8b9.jpg?ver=1776230299","caption":"\u7ba1\u7406"},"logo":{"@id":"https:\/\/www.freebetbest.com\/pt-pt\/#\/schema\/person\/image\/"},"sameAs":["admin"]}]}},"_links":{"self":[{"href":"https:\/\/www.freebetbest.com\/pt-pt\/wp-json\/wp\/v2\/pages\/130654","targetHints":{"allow":["GET"]}}],"collection":[{"href":"https:\/\/www.freebetbest.com\/pt-pt\/wp-json\/wp\/v2\/pages"}],"about":[{"href":"https:\/\/www.freebetbest.com\/pt-pt\/wp-json\/wp\/v2\/types\/page"}],"author":[{"embeddable":true,"href":"https:\/\/www.freebetbest.com\/pt-pt\/wp-json\/wp\/v2\/users\/1"}],"replies":[{"embeddable":true,"href":"https:\/\/www.freebetbest.com\/pt-pt\/wp-json\/wp\/v2\/comments?post=130654"}],"version-history":[{"count":0,"href":"https:\/\/www.freebetbest.com\/pt-pt\/wp-json\/wp\/v2\/pages\/130654\/revisions"}],"wp:featuredmedia":[{"embeddable":true,"href":"https:\/\/www.freebetbest.com\/pt-pt\/wp-json\/wp\/v2\/media\/125031"}],"wp:attachment":[{"href":"https:\/\/www.freebetbest.com\/pt-pt\/wp-json\/wp\/v2\/media?parent=130654"}],"curies":[{"name":"wp","href":"https:\/\/api.w.org\/{rel}","templated":true}]}}