{"id":130625,"date":"2021-06-10T09:11:24","date_gmt":"2021-06-10T09:11:24","guid":{"rendered":"https:\/\/www.freebetbest.com\/mais-recente-free-spins-apostas-bonus\/"},"modified":"2021-07-29T10:10:41","modified_gmt":"2021-07-29T10:10:41","slug":"%c3%9altimo-b%c3%b4nus-de-giro-gr%c3%a1tis","status":"publish","type":"page","link":"https:\/\/www.freebetbest.com\/pt-pt\/%c3%9altimo-b%c3%b4nus-de-giro-gr%c3%a1tis\/","title":{"rendered":"\u00daltimo b\u00f4nus de giro gr\u00e1tis"},"content":{"rendered":"<h3>B\u00f3nus de apostas gr\u00e1tis em slot machine jogo online<\/h3>\n<p>Fornecido pela empresa de apostas. Sem fia\u00e7\u00f5es livres de dep\u00f3sito. Para atrair novos jogadores para se juntarem, por favor use rodadas gratuitas para fornecer-lhe os participantes. Tente slot games. A maioria das rota\u00e7\u00f5es completamente gratuitas est\u00e3o relacionadas com o B\u00f3nus de Apostas de Rodadas Gr\u00e1tis.<\/p>\n<h3><a href=\"https:\/\/www.freebetbest.com\/pt-pt\/sites-de-apostas\/\">B\u00f3nus<\/a> completo de apostas de giro gratuito para os jogadores existentes<\/h3>\n<p>H\u00e1 muito poucas voltas gr\u00e1tis. Pode ser usado por jogadores t\u00edpicos de casino, tantos giros s\u00e3o completamente gratuitos. Pode estar relacionado com a utiliza\u00e7\u00e3o de transa\u00e7\u00f5es de reembolso. Os benef\u00edcios dos estabelecimentos de jogo tamb\u00e9m s\u00e3o fornecidos.<\/p>\n<h3>A empresa de jogo de giros gr\u00e1tis ideal<\/h3>\n<p>Podes ganhar dinheiro a s\u00e9rio. E experimente gratuitamente as \u00faltimas m\u00e1quinas de slot online. Somos especialistas em casinos online na Internet. Verifiquei a internet. E encontrei as melhores voltas completamente livres. Os estabelecimentos de jogo s\u00e3o fornecidos pessoalmente para si. Por que n\u00e3o experimenta? E imediatamente v\u00e1 ao casino para providenciar. Tais benef\u00edcios adicionais?<\/p>\n<h3>Qual \u00e9 a recompensa de b\u00f3nus de b\u00f3nus de apostas gr\u00e1tis?<\/h3>\n<p>Ter\u00e1 uma oportunidade. Reescrita gratuita do jogo da m\u00e1quina de slot. Um certo n\u00famero de bobinas! Participe numa m\u00e1quina de slot com giros completamente gratuitos. Ainda te oferecendo para ganhar. Oportunidades para recompensas reais, e pode faz\u00ea-lo sem p\u00f4r em perigo a si mesmo. Malhar em caso de dinheiro merecido.<\/p>\n<h3>Adicionado no Spins Betting Bonus Casino. As regras de b\u00f3nus para rodadas completamente gratuitas, mas o jogador atual \u00e9 completamente livre. Tamb\u00e9m em breve.<\/h3>\n<p>A maioria dos maiores casinos. Todos est\u00e3o perto de fornecer rodadas gratuitamente, por exemplo estamos nesta p\u00e1gina. Vers\u00e3o recomendada. Novos requisitos de recompensa aparecer\u00e3o regularmente, por isso continuaremos a alterar a lista.<\/p>\n<h3>Rodadas gr\u00e1tis sem dep\u00f3sito?<\/h3>\n<p>Para estes jogadores, rodadas gr\u00e1tis sem dep\u00f3sitos. Simplesmente impressionante. Nem todas as casas de apostas. Ambos oferecem esta oportunidade, se virem. Deve segur\u00e1-lo com as duas m\u00e3os. Em termos b\u00e1sicos, nem sequer precisas de o fazer. Utilize as rota\u00e7\u00f5es gratuitas sem b\u00f3nus de dep\u00f3sito. Coloque em qualquer dinheiro. Tudo o que precisa fazer \u00e9. Registe a sua conta com um site espec\u00edfico e, em seguida, escolha rodadas gratuitas.<\/p>\n<p>O n\u00famero de voltas gr\u00e1tis. Depende da <a href=\"https:\/\/www.freebetsinfo.co.uk\/free-bets\/\">casa de apostas.<\/a> Por exemplo, pode receber 30 vezes a 1. N\u00e3o h\u00e1 necessidade de investir em rota\u00e7\u00f5es completamente livres, e em outros lugares. \u00c9 50 vezes. S\u00f3 precisas de escavar. Pode encontrar promo\u00e7\u00f5es de marketing. Se fores um giro gr\u00e1tis. Jogadores brit\u00e2nicos que n\u00e3o pagam o pagamento, por isso um grande n\u00famero de &#8220;grandes nomes&#8221; fornecer\u00e1. Estas pechinchas. Ent\u00e3o, tem sorte.<\/p>\n<h3>Como escolher as melhores rota\u00e7\u00f5es gratuitas sem dep\u00f3sito<\/h3>\n<p>Todos os casinos da Internet. Todos mostrem que s\u00e3o os melhores. Normalmente, uma rea\u00e7\u00e3o que se pode fazer. \u00c9 uma funcionalidade de b\u00f3nus de compara\u00e7\u00e3o para ver casinos online. Se satisfaz outros requisitos e expectativas. Numa comunidade perfeita, voc\u00ea precisar\u00e1 fornecer uma gama. Slot machine video games e casas de apostas gr\u00e1ficas de alta qualidade, e um n\u00famero consider\u00e1vel de rota\u00e7\u00f5es. 50 rota\u00e7\u00f5es livres. Nenhum dep\u00f3sito necess\u00e1rio tornou-se. A sua normalidade comercial.<\/p>\n<p>Al\u00e9m disso, voc\u00ea precisa de muito poucas especifica\u00e7\u00f5es de apostas, ou n\u00e3o mesmo. No entanto, tudo depende. O jogador exato. A pessoa que procura. Algumas pessoas podem desejar mais. Jogos online e outros t\u00eam menos requisitos. Em todo o caso, n\u00e3o h\u00e1 pagamento de entrada gratuita. B\u00f3nus de casino valem bem o seu tempo e esfor\u00e7o.<\/p>\n<h3>Casino gratuito sem dep\u00f3sito necess\u00e1rio<\/h3>\n<p>Foram identificadas oportunidades suficientes. Venha desfrutar de voltas gr\u00e1tis. N\u00e3o \u00e9 necess\u00e1rio qualquer pagamento inicial para os estabelecimentos de jogo. S\u00e3o os novos donos de contas. Fornecer 50 giros gr\u00e1tis. E outros jogos online de casinos online que n\u00e3o requerem um pagamento inicial.<\/p>\n<p><!-- \/wp:post-content --><\/p>\n<p><!-- wp:paragraph \/--><\/p>\n","protected":false},"excerpt":{"rendered":"<p>Rodadas Gr\u00e1tis Sem Dep\u00f3sito, Descubra os melhores b\u00f3nus e promo\u00e7\u00f5es do Casino do Reino Unido<\/p>\n<div class=\"hero-cup-section\">\n<div class=\"row mb-4\">\n<div class=\"col-md-7\">\n<div class=\"section-area\">\n<div class=\"section-list\">\n<li style=\"text-align: left\"><img decoding=\"async\" src=\"https:\/\/www.freebetbest.com\/wp-content\/uploads\/2021\/06\/tick.png\" alt=\"Esportes\">  B\u00f3nus de boas-vindas do Casino Desportivo.<\/li>\n<li style=\"text-align: left\"><img decoding=\"async\" src=\"https:\/\/www.freebetbest.com\/wp-content\/uploads\/2021\/06\/tick.png\" alt=\"ofertas de jogos\">  Os corretores online oferecem &amp; promo\u00e7\u00f5es.<\/li>\n<li style=\"text-align: left\"><img decoding=\"async\" src=\"https:\/\/www.freebetbest.com\/wp-content\/uploads\/2021\/06\/tick.png\" alt=\"ofertas de jogos\">  Os melhores apostadores online em que pode confiar.<\/li>\n<li style=\"text-align: left\"><img decoding=\"async\" src=\"https:\/\/www.freebetbest.com\/wp-content\/uploads\/2021\/06\/tick.png\" alt=\"Autorit\u00e1rio\">  Revis\u00e3o autorit\u00e1ria Seguro fi\u00e1vel.<\/li>\n<li style=\"text-align: left\"><img decoding=\"async\" src=\"https:\/\/www.freebetbest.com\/wp-content\/uploads\/2021\/06\/tick.png\" alt=\"Levantamentos r\u00e1pidos\">  Suporte de APLICATIVO M\u00f3vel, Levantamentos R\u00e1pidos.<\/li>\n<li style=\"text-align: left\"><img decoding=\"async\" src=\"https:\/\/www.freebetbest.com\/wp-content\/uploads\/2021\/06\/tick.png\" alt=\"Apoio ao cliente\">  Suporte ao cliente: 365 dias, 24 horas por dia.<\/li>\n<\/div>\n<\/div>\n<\/div>\n<div class=\"col-md-5\">\n<div class=\"cup-img\"><img decoding=\"async\" src=\"https:\/\/www.freebetbest.com\/wp-content\/uploads\/2021\/06\/Slot.png\" alt=\"freebetbest\"><\/div>\n<\/div>\n<\/div>\n","protected":false},"author":1,"featured_media":125199,"parent":0,"menu_order":0,"comment_status":"closed","ping_status":"closed","template":"Sports-template.php","meta":{"footnotes":""},"class_list":["post-130625","page","type-page","status-publish","has-post-thumbnail","hentry"],"yoast_head":"<!-- This site is optimized with the Yoast SEO Premium plugin v19.5 (Yoast SEO v27.0) - https:\/\/yoast.com\/product\/yoast-seo-premium-wordpress\/ -->\n<title>\u00daltimo b\u00f4nus de giro gr\u00e1tis Novo B\u00f3nus de Inscri\u00e7\u00e3o de Clientes<\/title>\n<meta name=\"description\" content=\"\u00daltimo b\u00f4nus de giro gr\u00e1tis Melhores casas de apostas online,Ofertas de esportes, casino, poker, bingo &amp; mobile apostas, Sem Deposit Free Bet\" \/>\n<meta name=\"robots\" content=\"index, follow, max-snippet:-1, max-image-preview:large, max-video-preview:-1\" \/>\n<link rel=\"canonical\" href=\"https:\/\/www.freebetbest.com\/pt-pt\/%c3%9altimo-b%c3%b4nus-de-giro-gr%c3%a1tis\/\" \/>\n<meta property=\"og:locale\" content=\"pt_PT\" \/>\n<meta property=\"og:type\" content=\"article\" \/>\n<meta property=\"og:title\" content=\"\u00daltimo b\u00f4nus de giro gr\u00e1tis\" \/>\n<meta property=\"og:description\" content=\"\u00daltimo b\u00f4nus de giro gr\u00e1tis Melhores casas de apostas online,Ofertas de esportes, casino, poker, bingo &amp; mobile apostas, Sem Deposit Free Bet\" \/>\n<meta property=\"og:url\" content=\"https:\/\/www.freebetbest.com\/pt-pt\/%c3%9altimo-b%c3%b4nus-de-giro-gr%c3%a1tis\/\" \/>\n<meta property=\"og:site_name\" content=\"Aposta Gr\u00e1tis | Cassino online | Apostas de futebol | Melhor Aposta Gr\u00e1tis\" \/>\n<meta property=\"article:modified_time\" content=\"2021-07-29T10:10:41+00:00\" \/>\n<meta property=\"og:image\" content=\"https:\/\/www.freebetbest.com\/wp-content\/uploads\/2021\/06\/free-spins-scaled.jpg\" \/>\n\t<meta property=\"og:image:width\" content=\"298\" \/>\n\t<meta property=\"og:image:height\" content=\"180\" \/>\n\t<meta property=\"og:image:type\" content=\"image\/jpeg\" \/>\n<meta name=\"twitter:card\" content=\"summary_large_image\" \/>\n<meta name=\"twitter:label1\" content=\"Tempo estimado de leitura\" \/>\n\t<meta name=\"twitter:data1\" content=\"3 minutos\" \/>\n<script type=\"application\/ld+json\" class=\"yoast-schema-graph\">{\"@context\":\"https:\/\/schema.org\",\"@graph\":[{\"@type\":\"WebPage\",\"@id\":\"https:\/\/www.freebetbest.com\/pt-pt\/%c3%9altimo-b%c3%b4nus-de-giro-gr%c3%a1tis\/\",\"url\":\"https:\/\/www.freebetbest.com\/pt-pt\/%c3%9altimo-b%c3%b4nus-de-giro-gr%c3%a1tis\/\",\"name\":\"\u00daltimo b\u00f4nus de giro gr\u00e1tis Novo B\u00f3nus de Inscri\u00e7\u00e3o de Clientes\",\"isPartOf\":{\"@id\":\"https:\/\/www.freebetbest.com\/pt-pt\/#website\"},\"primaryImageOfPage\":{\"@id\":\"https:\/\/www.freebetbest.com\/pt-pt\/%c3%9altimo-b%c3%b4nus-de-giro-gr%c3%a1tis\/#primaryimage\"},\"image\":{\"@id\":\"https:\/\/www.freebetbest.com\/pt-pt\/%c3%9altimo-b%c3%b4nus-de-giro-gr%c3%a1tis\/#primaryimage\"},\"thumbnailUrl\":\"https:\/\/www.freebetbest.com\/wp-content\/uploads\/2021\/06\/free-spins-scaled.jpg\",\"datePublished\":\"2021-06-10T09:11:24+00:00\",\"dateModified\":\"2021-07-29T10:10:41+00:00\",\"description\":\"\u00daltimo b\u00f4nus de giro gr\u00e1tis Melhores casas de apostas online,Ofertas de esportes, casino, poker, bingo & mobile apostas, Sem Deposit Free Bet\",\"breadcrumb\":{\"@id\":\"https:\/\/www.freebetbest.com\/pt-pt\/%c3%9altimo-b%c3%b4nus-de-giro-gr%c3%a1tis\/#breadcrumb\"},\"inLanguage\":\"pt-PT\",\"potentialAction\":[{\"@type\":\"ReadAction\",\"target\":[\"https:\/\/www.freebetbest.com\/pt-pt\/%c3%9altimo-b%c3%b4nus-de-giro-gr%c3%a1tis\/\"]}]},{\"@type\":\"ImageObject\",\"inLanguage\":\"pt-PT\",\"@id\":\"https:\/\/www.freebetbest.com\/pt-pt\/%c3%9altimo-b%c3%b4nus-de-giro-gr%c3%a1tis\/#primaryimage\",\"url\":\"https:\/\/www.freebetbest.com\/wp-content\/uploads\/2021\/06\/free-spins-scaled.jpg\",\"contentUrl\":\"https:\/\/www.freebetbest.com\/wp-content\/uploads\/2021\/06\/free-spins-scaled.jpg\",\"width\":298,\"height\":180,\"caption\":\"free-spins\"},{\"@type\":\"BreadcrumbList\",\"@id\":\"https:\/\/www.freebetbest.com\/pt-pt\/%c3%9altimo-b%c3%b4nus-de-giro-gr%c3%a1tis\/#breadcrumb\",\"itemListElement\":[{\"@type\":\"ListItem\",\"position\":1,\"name\":\"Home\",\"item\":\"https:\/\/www.freebetbest.com\/pt-pt\/\"},{\"@type\":\"ListItem\",\"position\":2,\"name\":\"\u00daltimo b\u00f4nus de giro gr\u00e1tis\"}]},{\"@type\":\"WebSite\",\"@id\":\"https:\/\/www.freebetbest.com\/pt-pt\/#website\",\"url\":\"https:\/\/www.freebetbest.com\/pt-pt\/\",\"name\":\"Aposta Gr\u00e1tis | Cassino online | Apostas de futebol | Melhor Aposta Gr\u00e1tis\",\"description\":\"As melhores casas de apostas on-line, Oferecem esportes, cassino, p\u00f4quer, bingo e apostas m\u00f3veis, Cassino online ,Apostas de futebol, Melhor Aposta Gr\u00e1tis,  Os principais portais de jogos de azar do mundo.\",\"publisher\":{\"@id\":\"https:\/\/www.freebetbest.com\/pt-pt\/#\/schema\/person\/292684ccf388a2362d507874c5b80a69\"},\"potentialAction\":[{\"@type\":\"SearchAction\",\"target\":{\"@type\":\"EntryPoint\",\"urlTemplate\":\"https:\/\/www.freebetbest.com\/pt-pt\/?s={search_term_string}\"},\"query-input\":{\"@type\":\"PropertyValueSpecification\",\"valueRequired\":true,\"valueName\":\"search_term_string\"}}],\"inLanguage\":\"pt-PT\"},{\"@type\":[\"Person\",\"Organization\"],\"@id\":\"https:\/\/www.freebetbest.com\/pt-pt\/#\/schema\/person\/292684ccf388a2362d507874c5b80a69\",\"name\":\"\u7ba1\u7406\",\"image\":{\"@type\":\"ImageObject\",\"inLanguage\":\"pt-PT\",\"@id\":\"https:\/\/www.freebetbest.com\/pt-pt\/#\/schema\/person\/image\/\",\"url\":\"https:\/\/www.freebetbest.com\/wp-content\/litespeed\/avatar\/49696b52fb15293a2168c14964fdd8b9.jpg?ver=1778044739\",\"contentUrl\":\"https:\/\/www.freebetbest.com\/wp-content\/litespeed\/avatar\/49696b52fb15293a2168c14964fdd8b9.jpg?ver=1778044739\",\"caption\":\"\u7ba1\u7406\"},\"logo\":{\"@id\":\"https:\/\/www.freebetbest.com\/pt-pt\/#\/schema\/person\/image\/\"},\"sameAs\":[\"admin\"]}]}<\/script>\n<!-- \/ Yoast SEO Premium plugin. -->","yoast_head_json":{"title":"\u00daltimo b\u00f4nus de giro gr\u00e1tis Novo B\u00f3nus de Inscri\u00e7\u00e3o de Clientes","description":"\u00daltimo b\u00f4nus de giro gr\u00e1tis Melhores casas de apostas online,Ofertas de esportes, casino, poker, bingo & mobile apostas, Sem Deposit Free Bet","robots":{"index":"index","follow":"follow","max-snippet":"max-snippet:-1","max-image-preview":"max-image-preview:large","max-video-preview":"max-video-preview:-1"},"canonical":"https:\/\/www.freebetbest.com\/pt-pt\/%c3%9altimo-b%c3%b4nus-de-giro-gr%c3%a1tis\/","og_locale":"pt_PT","og_type":"article","og_title":"\u00daltimo b\u00f4nus de giro gr\u00e1tis","og_description":"\u00daltimo b\u00f4nus de giro gr\u00e1tis Melhores casas de apostas online,Ofertas de esportes, casino, poker, bingo & mobile apostas, Sem Deposit Free Bet","og_url":"https:\/\/www.freebetbest.com\/pt-pt\/%c3%9altimo-b%c3%b4nus-de-giro-gr%c3%a1tis\/","og_site_name":"Aposta Gr\u00e1tis | Cassino online | Apostas de futebol | Melhor Aposta Gr\u00e1tis","article_modified_time":"2021-07-29T10:10:41+00:00","og_image":[{"width":298,"height":180,"url":"https:\/\/www.freebetbest.com\/wp-content\/uploads\/2021\/06\/free-spins-scaled.jpg","type":"image\/jpeg"}],"twitter_card":"summary_large_image","twitter_misc":{"Tempo estimado de leitura":"3 minutos"},"schema":{"@context":"https:\/\/schema.org","@graph":[{"@type":"WebPage","@id":"https:\/\/www.freebetbest.com\/pt-pt\/%c3%9altimo-b%c3%b4nus-de-giro-gr%c3%a1tis\/","url":"https:\/\/www.freebetbest.com\/pt-pt\/%c3%9altimo-b%c3%b4nus-de-giro-gr%c3%a1tis\/","name":"\u00daltimo b\u00f4nus de giro gr\u00e1tis Novo B\u00f3nus de Inscri\u00e7\u00e3o de Clientes","isPartOf":{"@id":"https:\/\/www.freebetbest.com\/pt-pt\/#website"},"primaryImageOfPage":{"@id":"https:\/\/www.freebetbest.com\/pt-pt\/%c3%9altimo-b%c3%b4nus-de-giro-gr%c3%a1tis\/#primaryimage"},"image":{"@id":"https:\/\/www.freebetbest.com\/pt-pt\/%c3%9altimo-b%c3%b4nus-de-giro-gr%c3%a1tis\/#primaryimage"},"thumbnailUrl":"https:\/\/www.freebetbest.com\/wp-content\/uploads\/2021\/06\/free-spins-scaled.jpg","datePublished":"2021-06-10T09:11:24+00:00","dateModified":"2021-07-29T10:10:41+00:00","description":"\u00daltimo b\u00f4nus de giro gr\u00e1tis Melhores casas de apostas online,Ofertas de esportes, casino, poker, bingo & mobile apostas, Sem Deposit Free Bet","breadcrumb":{"@id":"https:\/\/www.freebetbest.com\/pt-pt\/%c3%9altimo-b%c3%b4nus-de-giro-gr%c3%a1tis\/#breadcrumb"},"inLanguage":"pt-PT","potentialAction":[{"@type":"ReadAction","target":["https:\/\/www.freebetbest.com\/pt-pt\/%c3%9altimo-b%c3%b4nus-de-giro-gr%c3%a1tis\/"]}]},{"@type":"ImageObject","inLanguage":"pt-PT","@id":"https:\/\/www.freebetbest.com\/pt-pt\/%c3%9altimo-b%c3%b4nus-de-giro-gr%c3%a1tis\/#primaryimage","url":"https:\/\/www.freebetbest.com\/wp-content\/uploads\/2021\/06\/free-spins-scaled.jpg","contentUrl":"https:\/\/www.freebetbest.com\/wp-content\/uploads\/2021\/06\/free-spins-scaled.jpg","width":298,"height":180,"caption":"free-spins"},{"@type":"BreadcrumbList","@id":"https:\/\/www.freebetbest.com\/pt-pt\/%c3%9altimo-b%c3%b4nus-de-giro-gr%c3%a1tis\/#breadcrumb","itemListElement":[{"@type":"ListItem","position":1,"name":"Home","item":"https:\/\/www.freebetbest.com\/pt-pt\/"},{"@type":"ListItem","position":2,"name":"\u00daltimo b\u00f4nus de giro gr\u00e1tis"}]},{"@type":"WebSite","@id":"https:\/\/www.freebetbest.com\/pt-pt\/#website","url":"https:\/\/www.freebetbest.com\/pt-pt\/","name":"Aposta Gr\u00e1tis | Cassino online | Apostas de futebol | Melhor Aposta Gr\u00e1tis","description":"As melhores casas de apostas on-line, Oferecem esportes, cassino, p\u00f4quer, bingo e apostas m\u00f3veis, Cassino online ,Apostas de futebol, Melhor Aposta Gr\u00e1tis,  Os principais portais de jogos de azar do mundo.","publisher":{"@id":"https:\/\/www.freebetbest.com\/pt-pt\/#\/schema\/person\/292684ccf388a2362d507874c5b80a69"},"potentialAction":[{"@type":"SearchAction","target":{"@type":"EntryPoint","urlTemplate":"https:\/\/www.freebetbest.com\/pt-pt\/?s={search_term_string}"},"query-input":{"@type":"PropertyValueSpecification","valueRequired":true,"valueName":"search_term_string"}}],"inLanguage":"pt-PT"},{"@type":["Person","Organization"],"@id":"https:\/\/www.freebetbest.com\/pt-pt\/#\/schema\/person\/292684ccf388a2362d507874c5b80a69","name":"\u7ba1\u7406","image":{"@type":"ImageObject","inLanguage":"pt-PT","@id":"https:\/\/www.freebetbest.com\/pt-pt\/#\/schema\/person\/image\/","url":"https:\/\/www.freebetbest.com\/wp-content\/litespeed\/avatar\/49696b52fb15293a2168c14964fdd8b9.jpg?ver=1778044739","contentUrl":"https:\/\/www.freebetbest.com\/wp-content\/litespeed\/avatar\/49696b52fb15293a2168c14964fdd8b9.jpg?ver=1778044739","caption":"\u7ba1\u7406"},"logo":{"@id":"https:\/\/www.freebetbest.com\/pt-pt\/#\/schema\/person\/image\/"},"sameAs":["admin"]}]}},"_links":{"self":[{"href":"https:\/\/www.freebetbest.com\/pt-pt\/wp-json\/wp\/v2\/pages\/130625","targetHints":{"allow":["GET"]}}],"collection":[{"href":"https:\/\/www.freebetbest.com\/pt-pt\/wp-json\/wp\/v2\/pages"}],"about":[{"href":"https:\/\/www.freebetbest.com\/pt-pt\/wp-json\/wp\/v2\/types\/page"}],"author":[{"embeddable":true,"href":"https:\/\/www.freebetbest.com\/pt-pt\/wp-json\/wp\/v2\/users\/1"}],"replies":[{"embeddable":true,"href":"https:\/\/www.freebetbest.com\/pt-pt\/wp-json\/wp\/v2\/comments?post=130625"}],"version-history":[{"count":0,"href":"https:\/\/www.freebetbest.com\/pt-pt\/wp-json\/wp\/v2\/pages\/130625\/revisions"}],"wp:featuredmedia":[{"embeddable":true,"href":"https:\/\/www.freebetbest.com\/pt-pt\/wp-json\/wp\/v2\/media\/125199"}],"wp:attachment":[{"href":"https:\/\/www.freebetbest.com\/pt-pt\/wp-json\/wp\/v2\/media?parent=130625"}],"curies":[{"name":"wp","href":"https:\/\/api.w.org\/{rel}","templated":true}]}}