{"id":130554,"date":"2021-06-12T05:16:37","date_gmt":"2021-06-12T05:16:37","guid":{"rendered":"https:\/\/www.freebetbest.com\/mais-recente-free-apostas-bonus-2\/"},"modified":"2021-07-29T10:02:42","modified_gmt":"2021-07-29T10:02:42","slug":"b%c3%b3nus-de-apostas-gr%c3%a1tis-mais-recente","status":"publish","type":"page","link":"https:\/\/www.freebetbest.com\/pt-pt\/b%c3%b3nus-de-apostas-gr%c3%a1tis-mais-recente\/","title":{"rendered":"b\u00f3nus de apostas gr\u00e1tis mais recente"},"content":{"rendered":"<h3>Guia de apostas gr\u00e1tis. B\u00f3nus de apostas gr\u00e1tis mais recente<\/h3>\n<p>Quer sejas novato. Ou um apostador experiente, n\u00e3o h\u00e1 problema, pode encontr\u00e1-lo no nosso site. Encontre centenas de apostas livres de pesos <a href=\"https:\/\/www.freebetsinfo.co.uk\/asia-bookmakers\/\">pesados.<\/a><\/p>\n<h3>O que exatamente \u00e9 apostas gratuitas<\/h3>\n<p>As casas de apostas oferecem apostas gratuitas como contrato com eles. Ou um pr\u00e9mio de lealdade para com eles. Considere a casa de apostas. H\u00e1 muitos descontos para si, nem todos est\u00e3o dispon\u00edveis. \u00c9 considerada uma aposta gratuita. As suposi\u00e7\u00f5es sem custos s\u00e3o como indicado no t\u00edtulo e s\u00e3o apenas para fins de apostas. Mais recente b\u00f3nus de apostas gr\u00e1tis e o n\u00famero de cr\u00e9ditos sem custos fornecidos.<\/p>\n<p>Para mais informa\u00e7\u00f5es fornecidas por jogos de azar, como aumentos de apostas e melhorias, forne\u00e7a informa\u00e7\u00f5es atrav\u00e9s do nosso jogo.<\/p>\n<h3>Tipos de B\u00f3nus de Apostas Gr\u00e1tis mais recentes<\/h3>\n<p>Apostas gratuitas \u00e0 altura- A casa de apostas oferece-lhe uma aposta gratuita, equivalente ao seu n\u00edvel de apostas original.<\/p>\n<p>Sem apostas livres de dep\u00f3sitos. A casa de apostas oferece-lhe apostas gratuitas sem ter de investir fundos.<\/p>\n<p>B\u00f3nus de recarga. A casa de apostas s\u00f3 pergunta a conta. Fornecer pontos adicionais. Como uma op\u00e7\u00e3o completamente gratuita, geralmente gira em torno de eventos de exibi\u00e7\u00e3o s\u00e9rios.<\/p>\n<p>Apostas sem risco. A casa de apostas vai. O n\u00famero das suas op\u00e7\u00f5es reais \u00e9 atribu\u00edvel a si, e pode adivinhar gratuitamente se caiu.<\/p>\n<p>Torne-se uma aposta totalmente livre qualificada. Apostas gratuitas eleg\u00edveis. Pode ser feito tanto para clientes novos como para clientes existentes, e \u00e9 necess\u00e1rio cumprir normas espec\u00edficas. Em conclus\u00e3o, para obter apostas gr\u00e1tis. A situa\u00e7\u00e3o mais comum \u00e9 que quando se faz v\u00e1rias apostas, pode-se apostar de gra\u00e7a.<\/p>\n<h3>Encontre o melhor <a href=\"https:\/\/www.freebetbest.com\/pt-pt\/sites-de-apostas\/\">B\u00f3nus de Apostas<\/a> Gr\u00e1tis mais recente<\/h3>\n<p>Est\u00e1 no melhor lugar. Temos uma incr\u00edvel cole\u00e7\u00e3o de apostas gratuitas no Reino Unido.<\/p>\n<p>Quando se olha para apostas completamente gratuitas, qual delas deve verificar. Apostas gr\u00e1tis s\u00e3o as melhores para si. Por exemplo, quanto precisa para investir? A casa de apostas costuma faz. As apostas gratuitas s\u00e3o usadas para cumprir o pagamento inicial, por isso quanto mais deposita inicialmente, maior \u00e9 a aposta gratuita que obt\u00e9m.<\/p>\n<h3>Apostas gratuitas para novos clientes<\/h3>\n<p>A maioria das apostas gr\u00e1tis. Apenas para novos compradores, que \u00e9 para muitas entregas de jogo. Claro que est\u00e1 correto. O cliente proporcionou a si mesmo uma boa escolha. Cada utilizador pode, pelo menos, providenciar para si mesmo. Uma cita\u00e7\u00e3o de adivinha\u00e7\u00e3o gratuita, em conclus\u00e3o, pode at\u00e9 haver v\u00e1rios para voc\u00ea escolher.<\/p>\n<h3>Apostas gratuitas para clientes existentes<\/h3>\n<p>As entregas gratuitas para os consumidores atuais s\u00e3o menos comuns, mas est\u00e3o no mercado- concentramo-nos neles aqui.<\/p>\n<p>Existem outras apostas completamente gratuitas baseadas na fideliza\u00e7\u00e3o do seu cliente como um consumidor. Se j\u00e1 se registou para uma nova conta banc\u00e1ria, n\u00e3o assuma que este \u00e9 o resultado. A lealdade continuar\u00e1 a recompensar-te.<\/p>\n<p>Apostas gratuitas em eventos<\/p>\n<p>H\u00e1 muitas apostas gratuitas dispon\u00edveis, totalmente gratuitas. Portanto, se voc\u00ea \u00e9 apaixonado por uma grande celebra\u00e7\u00e3o de vestir, voc\u00ea \u00e9 prov\u00e1vel que adivinhe um de gra\u00e7a!<\/p>\n<p>Em conclus\u00e3o, a verdade \u00e9 que \u00e0s vezes as apostas s\u00e3o completamente gratuitas. Pode estar em grandes eventos de apostas desportivas. Mais tentador, por favor, verifique sempre. As \u00faltimas apostas gr\u00e1tis.<\/p>\n<h3>Regulamentos de apostas gratuitos<\/h3>\n<p>Antes de se registar para apostas gratuitas, certifique-se de que v\u00ea estes produtos min\u00fasculos para que possa entender completamente. O que est\u00e1s a come\u00e7ar a usar? Preciso prestar aten\u00e7\u00e3o. O mais importante \u00e9 que a op\u00e7\u00e3o gratuita \u00e9 geralmente necess\u00e1ria. Deposita d\u00f3lares americanos e adivinha antes de ser eleg\u00edvel para a op\u00e7\u00e3o gratuita.<\/p>\n<p>Tens de considerar coisas como. Coisas como as probabilidades mais baixas. Muitas apostas gr\u00e1tis. Espera-se que aposte no resultado a um pre\u00e7o espec\u00edfico.<\/p>\n<p>Uma vez terminada a op\u00e7\u00e3o gratuita, tamb\u00e9m pode compensar a aprendizagem. Em conclus\u00e3o, \u00e0s vezes a aposta gratuita pode durar apenas alguns dias.<\/p>\n<h3>Apostas gratuitas em Cheltenham<\/h3>\n<p>Nunca perca. Apostas gratuitas ideais em Cheltenham, como a Cheltenham Rare Metal Cup.<\/p>\n<p>\u00c0 medida que o festival se aproxima, vamos trazer-lhe o melhor de tudo. Apostas gratuitas e presentes de jogo para ajud\u00e1-lo a ganhar vantagem na casa de apostas.<\/p>\n<p>Depois da celebra\u00e7\u00e3o chegar, todas as casas de apostas est\u00e3o ansiosas pelo seu neg\u00f3cio, o que significa que h\u00e1 algo delicioso. Ofertas gratuitas de apostas e apostas.<\/p>\n<p>A oferta de cada casa de apostas \u00e9 diferente, mas ter\u00e1 um grande n\u00famero de apostas gratuitas dispon\u00edveis para novos clientes.<\/p>\n<p>E, se \u00e9 um cliente existente, n\u00e3o se preocupe. Porque far\u00e3o outro esfor\u00e7o especial para providenciar em Cheltenham. Em conclus\u00e3o, Excelente atendimento ao cliente existente.<\/p>\n<h3>Enormes apostas federais gratuitas<\/h3>\n<p>Um dos maiores encontros em toda a programa\u00e7\u00e3o de corridas, n\u00e3o s\u00f3 atrai f\u00e3s entusiastas que faleceram, como todo o pa\u00eds \u00e9 enorme.<\/p>\n<p>Em conclus\u00e3o, portanto, se \u00e9 um apostador experiente. Pode ainda ser um apostador pela primeira vez, vamos forneal\u00e1-los todos aqui. As melhores apostas e apostas gratuitas est\u00e3o dispon\u00edveis para si a qualquer momento. Servi\u00e7o de registo incr\u00edvel.<\/p>\n<p><!-- \/wp:post-content --><\/p>\n<p><!-- wp:heading {\"level\":4} \/--><\/p>\n","protected":false},"excerpt":{"rendered":"<p>Recolhemos as casas de apostas online mais confi\u00e1veis do mundo, onde voc\u00ea pode encontrar b\u00f3nus de primeiro dep\u00f3sito e sem b\u00f3nus de dep\u00f3sito, as \u00faltimas ofertas e promo\u00e7\u00f5es. <\/p>\n<div class=\"hero-cup-section\">\n<div class=\"row mb-4\">\n<div class=\"col-md-7\">\n<div class=\"section-area\">\n<div class=\"section-list\">\n<li style=\"text-align: left\"><img decoding=\"async\" src=\"https:\/\/www.freebetbest.com\/wp-content\/uploads\/2021\/06\/tick.png\" alt=\"Esportes\">  B\u00f3nus de boas-vindas do Casino Desportivo.<\/li>\n<li style=\"text-align: left\"><img decoding=\"async\" src=\"https:\/\/www.freebetbest.com\/wp-content\/uploads\/2021\/06\/tick.png\" alt=\"ofertas de jogos\">  Os corretores online oferecem &amp; promo\u00e7\u00f5es.<\/li>\n<li style=\"text-align: left\"><img decoding=\"async\" src=\"https:\/\/www.freebetbest.com\/wp-content\/uploads\/2021\/06\/tick.png\" alt=\"ofertas de jogos\">  Os melhores apostadores online em que pode confiar.<\/li>\n<li style=\"text-align: left\"><img decoding=\"async\" src=\"https:\/\/www.freebetbest.com\/wp-content\/uploads\/2021\/06\/tick.png\" alt=\"Autorit\u00e1rio\">  Revis\u00e3o autorit\u00e1ria Seguro fi\u00e1vel.<\/li>\n<li style=\"text-align: left\"><img decoding=\"async\" src=\"https:\/\/www.freebetbest.com\/wp-content\/uploads\/2021\/06\/tick.png\" alt=\"Levantamentos r\u00e1pidos\">  Suporte de APLICATIVO M\u00f3vel, Levantamentos R\u00e1pidos.<\/li>\n<li style=\"text-align: left\"><img decoding=\"async\" src=\"https:\/\/www.freebetbest.com\/wp-content\/uploads\/2021\/06\/tick.png\" alt=\"Apoio ao cliente\">  Suporte ao cliente: 365 dias, 24 horas por dia.<\/li>\n<\/div>\n<\/div>\n<\/div>\n<div class=\"col-md-5\">\n<div class=\"cup-img\"><img decoding=\"async\" src=\"https:\/\/www.freebetbest.com\/wp-content\/uploads\/2021\/06\/freebetsinfo.png\" alt=\"freebetbest\"><\/div>\n<\/div>\n<\/div>\n","protected":false},"author":1,"featured_media":125274,"parent":0,"menu_order":0,"comment_status":"closed","ping_status":"closed","template":"free-template.php","meta":{"footnotes":""},"class_list":["post-130554","page","type-page","status-publish","has-post-thumbnail","hentry"],"yoast_head":"<!-- This site is optimized with the Yoast SEO Premium plugin v19.5 (Yoast SEO v27.0) - https:\/\/yoast.com\/product\/yoast-seo-premium-wordpress\/ -->\n<title>b\u00f3nus de apostas gr\u00e1tis mais recente, Melhores Apostas Gr\u00e1tis. Receba b\u00f3nus de apostas gr\u00e1tis.<\/title>\n<meta name=\"description\" content=\"b\u00f3nus de apostas gr\u00e1tis mais recente, Melhores Apostas Gr\u00e1tis. Receba b\u00f3nus de apostas gr\u00e1tis. Os B\u00f3nus de Boas-Vindas Mais Altos B\u00f3nus de Boas-Vindas Exclusivos B\u00f3nus De Boas-Vindas Ou Casino.\" \/>\n<meta name=\"robots\" content=\"index, follow, max-snippet:-1, max-image-preview:large, max-video-preview:-1\" \/>\n<link rel=\"canonical\" href=\"https:\/\/www.freebetbest.com\/pt-pt\/b%c3%b3nus-de-apostas-gr%c3%a1tis-mais-recente\/\" \/>\n<meta property=\"og:locale\" content=\"pt_PT\" \/>\n<meta property=\"og:type\" content=\"article\" \/>\n<meta property=\"og:title\" content=\"b\u00f3nus de apostas gr\u00e1tis mais recente\" \/>\n<meta property=\"og:description\" content=\"b\u00f3nus de apostas gr\u00e1tis mais recente, Melhores Apostas Gr\u00e1tis. Receba b\u00f3nus de apostas gr\u00e1tis. Os B\u00f3nus de Boas-Vindas Mais Altos B\u00f3nus de Boas-Vindas Exclusivos B\u00f3nus De Boas-Vindas Ou Casino.\" \/>\n<meta property=\"og:url\" content=\"https:\/\/www.freebetbest.com\/pt-pt\/b%c3%b3nus-de-apostas-gr%c3%a1tis-mais-recente\/\" \/>\n<meta property=\"og:site_name\" content=\"Aposta Gr\u00e1tis | Cassino online | Apostas de futebol | Melhor Aposta Gr\u00e1tis\" \/>\n<meta property=\"article:modified_time\" content=\"2021-07-29T10:02:42+00:00\" \/>\n<meta property=\"og:image\" content=\"https:\/\/www.freebetbest.com\/wp-content\/uploads\/2021\/06\/Bookmakers-scaled.jpg\" \/>\n\t<meta property=\"og:image:width\" content=\"417\" \/>\n\t<meta property=\"og:image:height\" content=\"180\" \/>\n\t<meta property=\"og:image:type\" content=\"image\/jpeg\" \/>\n<meta name=\"twitter:card\" content=\"summary_large_image\" \/>\n<meta name=\"twitter:label1\" content=\"Tempo estimado de leitura\" \/>\n\t<meta name=\"twitter:data1\" content=\"4 minutos\" \/>\n<script type=\"application\/ld+json\" class=\"yoast-schema-graph\">{\"@context\":\"https:\/\/schema.org\",\"@graph\":[{\"@type\":\"WebPage\",\"@id\":\"https:\/\/www.freebetbest.com\/pt-pt\/b%c3%b3nus-de-apostas-gr%c3%a1tis-mais-recente\/\",\"url\":\"https:\/\/www.freebetbest.com\/pt-pt\/b%c3%b3nus-de-apostas-gr%c3%a1tis-mais-recente\/\",\"name\":\"b\u00f3nus de apostas gr\u00e1tis mais recente, Melhores Apostas Gr\u00e1tis. Receba b\u00f3nus de apostas gr\u00e1tis.\",\"isPartOf\":{\"@id\":\"https:\/\/www.freebetbest.com\/pt-pt\/#website\"},\"primaryImageOfPage\":{\"@id\":\"https:\/\/www.freebetbest.com\/pt-pt\/b%c3%b3nus-de-apostas-gr%c3%a1tis-mais-recente\/#primaryimage\"},\"image\":{\"@id\":\"https:\/\/www.freebetbest.com\/pt-pt\/b%c3%b3nus-de-apostas-gr%c3%a1tis-mais-recente\/#primaryimage\"},\"thumbnailUrl\":\"https:\/\/www.freebetbest.com\/wp-content\/uploads\/2021\/06\/Bookmakers-scaled.jpg\",\"datePublished\":\"2021-06-12T05:16:37+00:00\",\"dateModified\":\"2021-07-29T10:02:42+00:00\",\"description\":\"b\u00f3nus de apostas gr\u00e1tis mais recente, Melhores Apostas Gr\u00e1tis. Receba b\u00f3nus de apostas gr\u00e1tis. Os B\u00f3nus de Boas-Vindas Mais Altos B\u00f3nus de Boas-Vindas Exclusivos B\u00f3nus De Boas-Vindas Ou Casino.\",\"breadcrumb\":{\"@id\":\"https:\/\/www.freebetbest.com\/pt-pt\/b%c3%b3nus-de-apostas-gr%c3%a1tis-mais-recente\/#breadcrumb\"},\"inLanguage\":\"pt-PT\",\"potentialAction\":[{\"@type\":\"ReadAction\",\"target\":[\"https:\/\/www.freebetbest.com\/pt-pt\/b%c3%b3nus-de-apostas-gr%c3%a1tis-mais-recente\/\"]}]},{\"@type\":\"ImageObject\",\"inLanguage\":\"pt-PT\",\"@id\":\"https:\/\/www.freebetbest.com\/pt-pt\/b%c3%b3nus-de-apostas-gr%c3%a1tis-mais-recente\/#primaryimage\",\"url\":\"https:\/\/www.freebetbest.com\/wp-content\/uploads\/2021\/06\/Bookmakers-scaled.jpg\",\"contentUrl\":\"https:\/\/www.freebetbest.com\/wp-content\/uploads\/2021\/06\/Bookmakers-scaled.jpg\",\"width\":417,\"height\":180,\"caption\":\"B\u00f3nus das casas de apostas da China\"},{\"@type\":\"BreadcrumbList\",\"@id\":\"https:\/\/www.freebetbest.com\/pt-pt\/b%c3%b3nus-de-apostas-gr%c3%a1tis-mais-recente\/#breadcrumb\",\"itemListElement\":[{\"@type\":\"ListItem\",\"position\":1,\"name\":\"Home\",\"item\":\"https:\/\/www.freebetbest.com\/pt-pt\/\"},{\"@type\":\"ListItem\",\"position\":2,\"name\":\"b\u00f3nus de apostas gr\u00e1tis mais recente\"}]},{\"@type\":\"WebSite\",\"@id\":\"https:\/\/www.freebetbest.com\/pt-pt\/#website\",\"url\":\"https:\/\/www.freebetbest.com\/pt-pt\/\",\"name\":\"Aposta Gr\u00e1tis | Cassino online | Apostas de futebol | Melhor Aposta Gr\u00e1tis\",\"description\":\"As melhores casas de apostas on-line, Oferecem esportes, cassino, p\u00f4quer, bingo e apostas m\u00f3veis, Cassino online ,Apostas de futebol, Melhor Aposta Gr\u00e1tis,  Os principais portais de jogos de azar do mundo.\",\"publisher\":{\"@id\":\"https:\/\/www.freebetbest.com\/pt-pt\/#\/schema\/person\/292684ccf388a2362d507874c5b80a69\"},\"potentialAction\":[{\"@type\":\"SearchAction\",\"target\":{\"@type\":\"EntryPoint\",\"urlTemplate\":\"https:\/\/www.freebetbest.com\/pt-pt\/?s={search_term_string}\"},\"query-input\":{\"@type\":\"PropertyValueSpecification\",\"valueRequired\":true,\"valueName\":\"search_term_string\"}}],\"inLanguage\":\"pt-PT\"},{\"@type\":[\"Person\",\"Organization\"],\"@id\":\"https:\/\/www.freebetbest.com\/pt-pt\/#\/schema\/person\/292684ccf388a2362d507874c5b80a69\",\"name\":\"\u7ba1\u7406\",\"image\":{\"@type\":\"ImageObject\",\"inLanguage\":\"pt-PT\",\"@id\":\"https:\/\/www.freebetbest.com\/pt-pt\/#\/schema\/person\/image\/\",\"url\":\"https:\/\/www.freebetbest.com\/wp-content\/litespeed\/avatar\/49696b52fb15293a2168c14964fdd8b9.jpg?ver=1777439934\",\"contentUrl\":\"https:\/\/www.freebetbest.com\/wp-content\/litespeed\/avatar\/49696b52fb15293a2168c14964fdd8b9.jpg?ver=1777439934\",\"caption\":\"\u7ba1\u7406\"},\"logo\":{\"@id\":\"https:\/\/www.freebetbest.com\/pt-pt\/#\/schema\/person\/image\/\"},\"sameAs\":[\"admin\"]}]}<\/script>\n<!-- \/ Yoast SEO Premium plugin. -->","yoast_head_json":{"title":"b\u00f3nus de apostas gr\u00e1tis mais recente, Melhores Apostas Gr\u00e1tis. Receba b\u00f3nus de apostas gr\u00e1tis.","description":"b\u00f3nus de apostas gr\u00e1tis mais recente, Melhores Apostas Gr\u00e1tis. Receba b\u00f3nus de apostas gr\u00e1tis. Os B\u00f3nus de Boas-Vindas Mais Altos B\u00f3nus de Boas-Vindas Exclusivos B\u00f3nus De Boas-Vindas Ou Casino.","robots":{"index":"index","follow":"follow","max-snippet":"max-snippet:-1","max-image-preview":"max-image-preview:large","max-video-preview":"max-video-preview:-1"},"canonical":"https:\/\/www.freebetbest.com\/pt-pt\/b%c3%b3nus-de-apostas-gr%c3%a1tis-mais-recente\/","og_locale":"pt_PT","og_type":"article","og_title":"b\u00f3nus de apostas gr\u00e1tis mais recente","og_description":"b\u00f3nus de apostas gr\u00e1tis mais recente, Melhores Apostas Gr\u00e1tis. Receba b\u00f3nus de apostas gr\u00e1tis. Os B\u00f3nus de Boas-Vindas Mais Altos B\u00f3nus de Boas-Vindas Exclusivos B\u00f3nus De Boas-Vindas Ou Casino.","og_url":"https:\/\/www.freebetbest.com\/pt-pt\/b%c3%b3nus-de-apostas-gr%c3%a1tis-mais-recente\/","og_site_name":"Aposta Gr\u00e1tis | Cassino online | Apostas de futebol | Melhor Aposta Gr\u00e1tis","article_modified_time":"2021-07-29T10:02:42+00:00","og_image":[{"width":417,"height":180,"url":"https:\/\/www.freebetbest.com\/wp-content\/uploads\/2021\/06\/Bookmakers-scaled.jpg","type":"image\/jpeg"}],"twitter_card":"summary_large_image","twitter_misc":{"Tempo estimado de leitura":"4 minutos"},"schema":{"@context":"https:\/\/schema.org","@graph":[{"@type":"WebPage","@id":"https:\/\/www.freebetbest.com\/pt-pt\/b%c3%b3nus-de-apostas-gr%c3%a1tis-mais-recente\/","url":"https:\/\/www.freebetbest.com\/pt-pt\/b%c3%b3nus-de-apostas-gr%c3%a1tis-mais-recente\/","name":"b\u00f3nus de apostas gr\u00e1tis mais recente, Melhores Apostas Gr\u00e1tis. Receba b\u00f3nus de apostas gr\u00e1tis.","isPartOf":{"@id":"https:\/\/www.freebetbest.com\/pt-pt\/#website"},"primaryImageOfPage":{"@id":"https:\/\/www.freebetbest.com\/pt-pt\/b%c3%b3nus-de-apostas-gr%c3%a1tis-mais-recente\/#primaryimage"},"image":{"@id":"https:\/\/www.freebetbest.com\/pt-pt\/b%c3%b3nus-de-apostas-gr%c3%a1tis-mais-recente\/#primaryimage"},"thumbnailUrl":"https:\/\/www.freebetbest.com\/wp-content\/uploads\/2021\/06\/Bookmakers-scaled.jpg","datePublished":"2021-06-12T05:16:37+00:00","dateModified":"2021-07-29T10:02:42+00:00","description":"b\u00f3nus de apostas gr\u00e1tis mais recente, Melhores Apostas Gr\u00e1tis. Receba b\u00f3nus de apostas gr\u00e1tis. Os B\u00f3nus de Boas-Vindas Mais Altos B\u00f3nus de Boas-Vindas Exclusivos B\u00f3nus De Boas-Vindas Ou Casino.","breadcrumb":{"@id":"https:\/\/www.freebetbest.com\/pt-pt\/b%c3%b3nus-de-apostas-gr%c3%a1tis-mais-recente\/#breadcrumb"},"inLanguage":"pt-PT","potentialAction":[{"@type":"ReadAction","target":["https:\/\/www.freebetbest.com\/pt-pt\/b%c3%b3nus-de-apostas-gr%c3%a1tis-mais-recente\/"]}]},{"@type":"ImageObject","inLanguage":"pt-PT","@id":"https:\/\/www.freebetbest.com\/pt-pt\/b%c3%b3nus-de-apostas-gr%c3%a1tis-mais-recente\/#primaryimage","url":"https:\/\/www.freebetbest.com\/wp-content\/uploads\/2021\/06\/Bookmakers-scaled.jpg","contentUrl":"https:\/\/www.freebetbest.com\/wp-content\/uploads\/2021\/06\/Bookmakers-scaled.jpg","width":417,"height":180,"caption":"B\u00f3nus das casas de apostas da China"},{"@type":"BreadcrumbList","@id":"https:\/\/www.freebetbest.com\/pt-pt\/b%c3%b3nus-de-apostas-gr%c3%a1tis-mais-recente\/#breadcrumb","itemListElement":[{"@type":"ListItem","position":1,"name":"Home","item":"https:\/\/www.freebetbest.com\/pt-pt\/"},{"@type":"ListItem","position":2,"name":"b\u00f3nus de apostas gr\u00e1tis mais recente"}]},{"@type":"WebSite","@id":"https:\/\/www.freebetbest.com\/pt-pt\/#website","url":"https:\/\/www.freebetbest.com\/pt-pt\/","name":"Aposta Gr\u00e1tis | Cassino online | Apostas de futebol | Melhor Aposta Gr\u00e1tis","description":"As melhores casas de apostas on-line, Oferecem esportes, cassino, p\u00f4quer, bingo e apostas m\u00f3veis, Cassino online ,Apostas de futebol, Melhor Aposta Gr\u00e1tis,  Os principais portais de jogos de azar do mundo.","publisher":{"@id":"https:\/\/www.freebetbest.com\/pt-pt\/#\/schema\/person\/292684ccf388a2362d507874c5b80a69"},"potentialAction":[{"@type":"SearchAction","target":{"@type":"EntryPoint","urlTemplate":"https:\/\/www.freebetbest.com\/pt-pt\/?s={search_term_string}"},"query-input":{"@type":"PropertyValueSpecification","valueRequired":true,"valueName":"search_term_string"}}],"inLanguage":"pt-PT"},{"@type":["Person","Organization"],"@id":"https:\/\/www.freebetbest.com\/pt-pt\/#\/schema\/person\/292684ccf388a2362d507874c5b80a69","name":"\u7ba1\u7406","image":{"@type":"ImageObject","inLanguage":"pt-PT","@id":"https:\/\/www.freebetbest.com\/pt-pt\/#\/schema\/person\/image\/","url":"https:\/\/www.freebetbest.com\/wp-content\/litespeed\/avatar\/49696b52fb15293a2168c14964fdd8b9.jpg?ver=1777439934","contentUrl":"https:\/\/www.freebetbest.com\/wp-content\/litespeed\/avatar\/49696b52fb15293a2168c14964fdd8b9.jpg?ver=1777439934","caption":"\u7ba1\u7406"},"logo":{"@id":"https:\/\/www.freebetbest.com\/pt-pt\/#\/schema\/person\/image\/"},"sameAs":["admin"]}]}},"_links":{"self":[{"href":"https:\/\/www.freebetbest.com\/pt-pt\/wp-json\/wp\/v2\/pages\/130554","targetHints":{"allow":["GET"]}}],"collection":[{"href":"https:\/\/www.freebetbest.com\/pt-pt\/wp-json\/wp\/v2\/pages"}],"about":[{"href":"https:\/\/www.freebetbest.com\/pt-pt\/wp-json\/wp\/v2\/types\/page"}],"author":[{"embeddable":true,"href":"https:\/\/www.freebetbest.com\/pt-pt\/wp-json\/wp\/v2\/users\/1"}],"replies":[{"embeddable":true,"href":"https:\/\/www.freebetbest.com\/pt-pt\/wp-json\/wp\/v2\/comments?post=130554"}],"version-history":[{"count":0,"href":"https:\/\/www.freebetbest.com\/pt-pt\/wp-json\/wp\/v2\/pages\/130554\/revisions"}],"wp:featuredmedia":[{"embeddable":true,"href":"https:\/\/www.freebetbest.com\/pt-pt\/wp-json\/wp\/v2\/media\/125274"}],"wp:attachment":[{"href":"https:\/\/www.freebetbest.com\/pt-pt\/wp-json\/wp\/v2\/media?parent=130554"}],"curies":[{"name":"wp","href":"https:\/\/api.w.org\/{rel}","templated":true}]}}