{"id":130309,"date":"2021-06-10T07:19:25","date_gmt":"2021-06-10T07:19:25","guid":{"rendered":"https:\/\/www.freebetbest.com\/mais-recente-boxe-apostas-bonus\/"},"modified":"2021-07-28T17:18:45","modified_gmt":"2021-07-28T17:18:45","slug":"mais-recente-boxe-apostas-bonus","status":"publish","type":"page","link":"https:\/\/www.freebetbest.com\/pt-pt\/mais-recente-boxe-apostas-bonus\/","title":{"rendered":"B\u00f3nus de apostas de boxe mais recentes"},"content":{"rendered":"<h3>B\u00f3nus de apostas de boxe mais recentes<\/h3>\n<p>Para aqueles no site. Para quem procura o site de competi\u00e7\u00e3o mais autorizado, o boxe \u00e9, de facto, uma escolha muito popular. O boxe \u00e9, de facto, um desporto global, com advers\u00e1rios de todo o mundo, por isso os apostadores em quase todos os cantos do ambiente est\u00e3o interessados e consideram-no. Isto porque o \u00daltimo B\u00f3nus de Apostas de Boxe oferece muitos descontos e promo\u00e7\u00f5es.<\/p>\n<p>Casa de apostas no melhor site de boxe. Apostar em efeitos simples, como uma vit\u00f3ria completa. Como e escolhas mais dif\u00edceis, v\u00e1rias rondas ou aterragens de boxe.<\/p>\n<h3>Discutir jogos de boxe na Internet<\/h3>\n<p>As casas de apostas oferecem op\u00e7\u00f5es de boxe usando odds americanas. Ganhar ou perder. O \u00faltimo B\u00f3nus de Apostas de Boxe usado para a batalha. Normalmente, tr\u00eas n\u00fameros, mostram uma pessoa com precis\u00e3o. Quanto retorno pode obter de apostas lucrativas.<\/p>\n<p>Um n\u00famero negativo significa um pugilista que quer superar e tem um lucro de $100. A quantia que deve ser apostada. O n\u00famero otimista \u00e9 a casa de apostas. O perdedor considerado no jogo, \u00e9 o lucro que uma pessoa ganha quando aposta $100.<\/p>\n<h3>Para que ganhe esta batalha no \u00daltimo B\u00f3nus de Apostas de Boxe.<\/h3>\n<p>A aposta para obter um lucro de $100, tens de apostar $450 na Mayweather. Para ganhar $300 na aposta para McGregor, $100 devem ser apostado no McGregor. No final, se o jogo terminar empatado, uma aposta de $100 ter\u00e1 um lucro de $1.600.<\/p>\n<h3>Qual \u00e9 o melhor site de jogos de boxe?<\/h3>\n<p>Encontre o melhor site para escolher o boxe. Trata-se de comparar as probabilidades de <a href=\"https:\/\/www.freebetbest.com\/pt-pt\/china-casas-de-apostas-bonus\/\">diferentes casas de apostas<\/a> para determinar o melhor resultado para ganhar a aposta. Na situa\u00e7\u00e3o que se avizinha, as probabilidades podem variar muito, por isso encontre o melhor online Em conclus\u00e3o. Qualquer outro tipo de compras online \u00e9 muito semelhante.<\/p>\n<p>Al\u00e9m disso, algumas casas de apostas fornecem v\u00e1rias op\u00e7\u00f5es de apostas para a pr\u00f3xima batalha, em conclus\u00e3o, incluindo v\u00e1rios t\u00f3picos, tais como se a batalha deve ser realizada e como vencer a batalha. O n\u00famero de rondas completas da batalha.<\/p>\n<p>As probabilidades deste tipo de aposta. Proporcionar\u00e1 uma maior margem de lucro, porque s\u00e3o apostas mais seletivas, e n\u00e3o apenas uma escolha simples. Em conclus\u00e3o, qual pugilista vai ganhar a ronda.<\/p>\n<h3>\u00daltimo b\u00f3nus de boxe<\/h3>\n<p>Haver\u00e1 sempre algumas grandes batalhas nos meses de ver\u00e3o, por isso n\u00e3o podemos esperar. Quero fazer uma aposta.<\/p>\n<p>Antes de a recebermos, e de v\u00e1rios promotores. As grandes batalhas de ver\u00e3o foram anunciadas l\u00e1, e temos algumas agora. Excelente luta de primavera para estimular o apetite.<\/p>\n<h3>O boxe parece ser o mais popular.<\/h3>\n<p>Seguidores brit\u00e2nicos de boxe. Ent\u00e3o arranja o Daniel Du Bois. Aguardo ansiosamente o conflito de pesos pesados com Joe Joyce. Joyce entrou no mundo do boxe desta forma. \u00c9 um personagem polarizador, mas \u00e9 sem d\u00favida de alta qualidade, e tamb\u00e9m est\u00e1 muito ansioso para o provar. A m\u00e1 conduta do duvidador.<\/p>\n<p>No entanto, \u00e9 dif\u00edcil aparecer atrav\u00e9s da aproxima\u00e7\u00e3o de Du Bois. Deve haver muitas raz\u00f5es para a sua lei, e os entusiastas brit\u00e2nicos s\u00e3o improv\u00e1veis. Dereck Chisora ser\u00e1 quase de certeza. Aplausos excessivos competindo com Oleksandr Usyk, que pode trabalhar com William Hillside.<\/p>\n<p>Pode sempre tentar. Ganhe experi\u00eancia com batalhas renhidas, e estas batalhas. A <a href=\"https:\/\/www.freebetsinfo.co.uk\/free-bets\/\">melhor casa de apostas.<\/a> Estar\u00e1 numa batalha que pode ainda n\u00e3o ter uma data marcada. Proporcionar oportunidades de boxe. Ent\u00e3o, por favor, reveja estas oportunidades.<\/p>\n<p><!-- \/wp:post-content --><\/p>\n<p><!-- wp:paragraph \/--><\/p>\n","protected":false},"excerpt":{"rendered":"<p>As apostas de boxe s\u00e3o uma das escolhas mais populares para os apostadores. Voc\u00ea pode ganhar dinheiro atrav\u00e9s de apostas de boxe de muitas maneiras.<\/p>\n<div class=\"hero-cup-section\">\n<div class=\"row mb-4\">\n<div class=\"col-md-7\">\n<div class=\"section-area\">\n<div class=\"section-list\">\n<li style=\"text-align: left\"><img decoding=\"async\" src=\"https:\/\/www.freebetbest.com\/wp-content\/uploads\/2021\/06\/tick.png\" alt=\"Esportes\">  B\u00f3nus de boas-vindas do Casino Desportivo.<\/li>\n<li style=\"text-align: left\"><img decoding=\"async\" src=\"https:\/\/www.freebetbest.com\/wp-content\/uploads\/2021\/06\/tick.png\" alt=\"ofertas de jogos\">  Os corretores online oferecem &amp; promo\u00e7\u00f5es.<\/li>\n<li style=\"text-align: left\"><img decoding=\"async\" src=\"https:\/\/www.freebetbest.com\/wp-content\/uploads\/2021\/06\/tick.png\" alt=\"ofertas de jogos\">  Os melhores apostadores online em que pode confiar.<\/li>\n<li style=\"text-align: left\"><img decoding=\"async\" src=\"https:\/\/www.freebetbest.com\/wp-content\/uploads\/2021\/06\/tick.png\" alt=\"Autorit\u00e1rio\">  Revis\u00e3o autorit\u00e1ria Seguro fi\u00e1vel.<\/li>\n<li style=\"text-align: left\"><img decoding=\"async\" src=\"https:\/\/www.freebetbest.com\/wp-content\/uploads\/2021\/06\/tick.png\" alt=\"Levantamentos r\u00e1pidos\">  Suporte de APLICATIVO M\u00f3vel, Levantamentos R\u00e1pidos.<\/li>\n<li style=\"text-align: left\"><img decoding=\"async\" src=\"https:\/\/www.freebetbest.com\/wp-content\/uploads\/2021\/06\/tick.png\" alt=\"Apoio ao cliente\">  Suporte ao cliente: 365 dias, 24 horas por dia.<\/li>\n<\/div>\n<\/div>\n<\/div>\n<div class=\"col-md-5\">\n<div class=\"cup-img\"><img decoding=\"async\" src=\"https:\/\/www.freebetbest.com\/wp-content\/uploads\/2021\/06\/Boxing-Betting.png\" alt=\"freebetbest\"><\/div>\n<\/div>\n<\/div>\n","protected":false},"author":1,"featured_media":126193,"parent":0,"menu_order":0,"comment_status":"closed","ping_status":"closed","template":"Sports-template.php","meta":{"footnotes":""},"class_list":["post-130309","page","type-page","status-publish","has-post-thumbnail","hentry"],"yoast_head":"<!-- This site is optimized with the Yoast SEO Premium plugin v19.5 (Yoast SEO v27.0) - https:\/\/yoast.com\/product\/yoast-seo-premium-wordpress\/ -->\n<title>B\u00f3nus de apostas de boxe mais recentes Novo B\u00f3nus de Inscri\u00e7\u00e3o de Clientes<\/title>\n<meta name=\"description\" content=\"B\u00f3nus de apostas de boxe mais recentes Melhores casas de apostas online,Ofertas de esportes, casino, poker, bingo &amp; mobile apostas, Sem Deposit Free Bet\" \/>\n<meta name=\"robots\" content=\"index, follow, max-snippet:-1, max-image-preview:large, max-video-preview:-1\" \/>\n<link rel=\"canonical\" href=\"https:\/\/www.freebetbest.com\/pt-pt\/mais-recente-boxe-apostas-bonus\/\" \/>\n<meta property=\"og:locale\" content=\"pt_PT\" \/>\n<meta property=\"og:type\" content=\"article\" \/>\n<meta property=\"og:title\" content=\"B\u00f3nus de apostas de boxe mais recentes\" \/>\n<meta property=\"og:description\" content=\"B\u00f3nus de apostas de boxe mais recentes Melhores casas de apostas online,Ofertas de esportes, casino, poker, bingo &amp; mobile apostas, Sem Deposit Free Bet\" \/>\n<meta property=\"og:url\" content=\"https:\/\/www.freebetbest.com\/pt-pt\/mais-recente-boxe-apostas-bonus\/\" \/>\n<meta property=\"og:site_name\" content=\"Aposta Gr\u00e1tis | Cassino online | Apostas de futebol | Melhor Aposta Gr\u00e1tis\" \/>\n<meta property=\"article:modified_time\" content=\"2021-07-28T17:18:45+00:00\" \/>\n<meta property=\"og:image\" content=\"https:\/\/www.freebetbest.com\/wp-content\/uploads\/2021\/06\/boxing-bet-scaled.jpg\" \/>\n\t<meta property=\"og:image:width\" content=\"500\" \/>\n\t<meta property=\"og:image:height\" content=\"175\" \/>\n\t<meta property=\"og:image:type\" content=\"image\/jpeg\" \/>\n<meta name=\"twitter:card\" content=\"summary_large_image\" \/>\n<meta name=\"twitter:label1\" content=\"Tempo estimado de leitura\" \/>\n\t<meta name=\"twitter:data1\" content=\"3 minutos\" \/>\n<script type=\"application\/ld+json\" class=\"yoast-schema-graph\">{\"@context\":\"https:\/\/schema.org\",\"@graph\":[{\"@type\":\"WebPage\",\"@id\":\"https:\/\/www.freebetbest.com\/pt-pt\/mais-recente-boxe-apostas-bonus\/\",\"url\":\"https:\/\/www.freebetbest.com\/pt-pt\/mais-recente-boxe-apostas-bonus\/\",\"name\":\"B\u00f3nus de apostas de boxe mais recentes Novo B\u00f3nus de Inscri\u00e7\u00e3o de Clientes\",\"isPartOf\":{\"@id\":\"https:\/\/www.freebetbest.com\/pt-pt\/#website\"},\"primaryImageOfPage\":{\"@id\":\"https:\/\/www.freebetbest.com\/pt-pt\/mais-recente-boxe-apostas-bonus\/#primaryimage\"},\"image\":{\"@id\":\"https:\/\/www.freebetbest.com\/pt-pt\/mais-recente-boxe-apostas-bonus\/#primaryimage\"},\"thumbnailUrl\":\"https:\/\/www.freebetbest.com\/wp-content\/uploads\/2021\/06\/boxing-bet-scaled.jpg\",\"datePublished\":\"2021-06-10T07:19:25+00:00\",\"dateModified\":\"2021-07-28T17:18:45+00:00\",\"description\":\"B\u00f3nus de apostas de boxe mais recentes Melhores casas de apostas online,Ofertas de esportes, casino, poker, bingo & mobile apostas, Sem Deposit Free Bet\",\"breadcrumb\":{\"@id\":\"https:\/\/www.freebetbest.com\/pt-pt\/mais-recente-boxe-apostas-bonus\/#breadcrumb\"},\"inLanguage\":\"pt-PT\",\"potentialAction\":[{\"@type\":\"ReadAction\",\"target\":[\"https:\/\/www.freebetbest.com\/pt-pt\/mais-recente-boxe-apostas-bonus\/\"]}]},{\"@type\":\"ImageObject\",\"inLanguage\":\"pt-PT\",\"@id\":\"https:\/\/www.freebetbest.com\/pt-pt\/mais-recente-boxe-apostas-bonus\/#primaryimage\",\"url\":\"https:\/\/www.freebetbest.com\/wp-content\/uploads\/2021\/06\/boxing-bet-scaled.jpg\",\"contentUrl\":\"https:\/\/www.freebetbest.com\/wp-content\/uploads\/2021\/06\/boxing-bet-scaled.jpg\",\"width\":500,\"height\":175,\"caption\":\"B\u00f3nus de apostas de boxe mais recentes\"},{\"@type\":\"BreadcrumbList\",\"@id\":\"https:\/\/www.freebetbest.com\/pt-pt\/mais-recente-boxe-apostas-bonus\/#breadcrumb\",\"itemListElement\":[{\"@type\":\"ListItem\",\"position\":1,\"name\":\"Home\",\"item\":\"https:\/\/www.freebetbest.com\/pt-pt\/\"},{\"@type\":\"ListItem\",\"position\":2,\"name\":\"B\u00f3nus de apostas de boxe mais recentes\"}]},{\"@type\":\"WebSite\",\"@id\":\"https:\/\/www.freebetbest.com\/pt-pt\/#website\",\"url\":\"https:\/\/www.freebetbest.com\/pt-pt\/\",\"name\":\"Aposta Gr\u00e1tis | Cassino online | Apostas de futebol | Melhor Aposta Gr\u00e1tis\",\"description\":\"As melhores casas de apostas on-line, Oferecem esportes, cassino, p\u00f4quer, bingo e apostas m\u00f3veis, Cassino online ,Apostas de futebol, Melhor Aposta Gr\u00e1tis,  Os principais portais de jogos de azar do mundo.\",\"publisher\":{\"@id\":\"https:\/\/www.freebetbest.com\/pt-pt\/#\/schema\/person\/292684ccf388a2362d507874c5b80a69\"},\"potentialAction\":[{\"@type\":\"SearchAction\",\"target\":{\"@type\":\"EntryPoint\",\"urlTemplate\":\"https:\/\/www.freebetbest.com\/pt-pt\/?s={search_term_string}\"},\"query-input\":{\"@type\":\"PropertyValueSpecification\",\"valueRequired\":true,\"valueName\":\"search_term_string\"}}],\"inLanguage\":\"pt-PT\"},{\"@type\":[\"Person\",\"Organization\"],\"@id\":\"https:\/\/www.freebetbest.com\/pt-pt\/#\/schema\/person\/292684ccf388a2362d507874c5b80a69\",\"name\":\"\u7ba1\u7406\",\"image\":{\"@type\":\"ImageObject\",\"inLanguage\":\"pt-PT\",\"@id\":\"https:\/\/www.freebetbest.com\/pt-pt\/#\/schema\/person\/image\/\",\"url\":\"https:\/\/www.freebetbest.com\/wp-content\/litespeed\/avatar\/49696b52fb15293a2168c14964fdd8b9.jpg?ver=1777439934\",\"contentUrl\":\"https:\/\/www.freebetbest.com\/wp-content\/litespeed\/avatar\/49696b52fb15293a2168c14964fdd8b9.jpg?ver=1777439934\",\"caption\":\"\u7ba1\u7406\"},\"logo\":{\"@id\":\"https:\/\/www.freebetbest.com\/pt-pt\/#\/schema\/person\/image\/\"},\"sameAs\":[\"admin\"]}]}<\/script>\n<!-- \/ Yoast SEO Premium plugin. -->","yoast_head_json":{"title":"B\u00f3nus de apostas de boxe mais recentes Novo B\u00f3nus de Inscri\u00e7\u00e3o de Clientes","description":"B\u00f3nus de apostas de boxe mais recentes Melhores casas de apostas online,Ofertas de esportes, casino, poker, bingo & mobile apostas, Sem Deposit Free Bet","robots":{"index":"index","follow":"follow","max-snippet":"max-snippet:-1","max-image-preview":"max-image-preview:large","max-video-preview":"max-video-preview:-1"},"canonical":"https:\/\/www.freebetbest.com\/pt-pt\/mais-recente-boxe-apostas-bonus\/","og_locale":"pt_PT","og_type":"article","og_title":"B\u00f3nus de apostas de boxe mais recentes","og_description":"B\u00f3nus de apostas de boxe mais recentes Melhores casas de apostas online,Ofertas de esportes, casino, poker, bingo & mobile apostas, Sem Deposit Free Bet","og_url":"https:\/\/www.freebetbest.com\/pt-pt\/mais-recente-boxe-apostas-bonus\/","og_site_name":"Aposta Gr\u00e1tis | Cassino online | Apostas de futebol | Melhor Aposta Gr\u00e1tis","article_modified_time":"2021-07-28T17:18:45+00:00","og_image":[{"width":500,"height":175,"url":"https:\/\/www.freebetbest.com\/wp-content\/uploads\/2021\/06\/boxing-bet-scaled.jpg","type":"image\/jpeg"}],"twitter_card":"summary_large_image","twitter_misc":{"Tempo estimado de leitura":"3 minutos"},"schema":{"@context":"https:\/\/schema.org","@graph":[{"@type":"WebPage","@id":"https:\/\/www.freebetbest.com\/pt-pt\/mais-recente-boxe-apostas-bonus\/","url":"https:\/\/www.freebetbest.com\/pt-pt\/mais-recente-boxe-apostas-bonus\/","name":"B\u00f3nus de apostas de boxe mais recentes Novo B\u00f3nus de Inscri\u00e7\u00e3o de Clientes","isPartOf":{"@id":"https:\/\/www.freebetbest.com\/pt-pt\/#website"},"primaryImageOfPage":{"@id":"https:\/\/www.freebetbest.com\/pt-pt\/mais-recente-boxe-apostas-bonus\/#primaryimage"},"image":{"@id":"https:\/\/www.freebetbest.com\/pt-pt\/mais-recente-boxe-apostas-bonus\/#primaryimage"},"thumbnailUrl":"https:\/\/www.freebetbest.com\/wp-content\/uploads\/2021\/06\/boxing-bet-scaled.jpg","datePublished":"2021-06-10T07:19:25+00:00","dateModified":"2021-07-28T17:18:45+00:00","description":"B\u00f3nus de apostas de boxe mais recentes Melhores casas de apostas online,Ofertas de esportes, casino, poker, bingo & mobile apostas, Sem Deposit Free Bet","breadcrumb":{"@id":"https:\/\/www.freebetbest.com\/pt-pt\/mais-recente-boxe-apostas-bonus\/#breadcrumb"},"inLanguage":"pt-PT","potentialAction":[{"@type":"ReadAction","target":["https:\/\/www.freebetbest.com\/pt-pt\/mais-recente-boxe-apostas-bonus\/"]}]},{"@type":"ImageObject","inLanguage":"pt-PT","@id":"https:\/\/www.freebetbest.com\/pt-pt\/mais-recente-boxe-apostas-bonus\/#primaryimage","url":"https:\/\/www.freebetbest.com\/wp-content\/uploads\/2021\/06\/boxing-bet-scaled.jpg","contentUrl":"https:\/\/www.freebetbest.com\/wp-content\/uploads\/2021\/06\/boxing-bet-scaled.jpg","width":500,"height":175,"caption":"B\u00f3nus de apostas de boxe mais recentes"},{"@type":"BreadcrumbList","@id":"https:\/\/www.freebetbest.com\/pt-pt\/mais-recente-boxe-apostas-bonus\/#breadcrumb","itemListElement":[{"@type":"ListItem","position":1,"name":"Home","item":"https:\/\/www.freebetbest.com\/pt-pt\/"},{"@type":"ListItem","position":2,"name":"B\u00f3nus de apostas de boxe mais recentes"}]},{"@type":"WebSite","@id":"https:\/\/www.freebetbest.com\/pt-pt\/#website","url":"https:\/\/www.freebetbest.com\/pt-pt\/","name":"Aposta Gr\u00e1tis | Cassino online | Apostas de futebol | Melhor Aposta Gr\u00e1tis","description":"As melhores casas de apostas on-line, Oferecem esportes, cassino, p\u00f4quer, bingo e apostas m\u00f3veis, Cassino online ,Apostas de futebol, Melhor Aposta Gr\u00e1tis,  Os principais portais de jogos de azar do mundo.","publisher":{"@id":"https:\/\/www.freebetbest.com\/pt-pt\/#\/schema\/person\/292684ccf388a2362d507874c5b80a69"},"potentialAction":[{"@type":"SearchAction","target":{"@type":"EntryPoint","urlTemplate":"https:\/\/www.freebetbest.com\/pt-pt\/?s={search_term_string}"},"query-input":{"@type":"PropertyValueSpecification","valueRequired":true,"valueName":"search_term_string"}}],"inLanguage":"pt-PT"},{"@type":["Person","Organization"],"@id":"https:\/\/www.freebetbest.com\/pt-pt\/#\/schema\/person\/292684ccf388a2362d507874c5b80a69","name":"\u7ba1\u7406","image":{"@type":"ImageObject","inLanguage":"pt-PT","@id":"https:\/\/www.freebetbest.com\/pt-pt\/#\/schema\/person\/image\/","url":"https:\/\/www.freebetbest.com\/wp-content\/litespeed\/avatar\/49696b52fb15293a2168c14964fdd8b9.jpg?ver=1777439934","contentUrl":"https:\/\/www.freebetbest.com\/wp-content\/litespeed\/avatar\/49696b52fb15293a2168c14964fdd8b9.jpg?ver=1777439934","caption":"\u7ba1\u7406"},"logo":{"@id":"https:\/\/www.freebetbest.com\/pt-pt\/#\/schema\/person\/image\/"},"sameAs":["admin"]}]}},"_links":{"self":[{"href":"https:\/\/www.freebetbest.com\/pt-pt\/wp-json\/wp\/v2\/pages\/130309","targetHints":{"allow":["GET"]}}],"collection":[{"href":"https:\/\/www.freebetbest.com\/pt-pt\/wp-json\/wp\/v2\/pages"}],"about":[{"href":"https:\/\/www.freebetbest.com\/pt-pt\/wp-json\/wp\/v2\/types\/page"}],"author":[{"embeddable":true,"href":"https:\/\/www.freebetbest.com\/pt-pt\/wp-json\/wp\/v2\/users\/1"}],"replies":[{"embeddable":true,"href":"https:\/\/www.freebetbest.com\/pt-pt\/wp-json\/wp\/v2\/comments?post=130309"}],"version-history":[{"count":0,"href":"https:\/\/www.freebetbest.com\/pt-pt\/wp-json\/wp\/v2\/pages\/130309\/revisions"}],"wp:featuredmedia":[{"embeddable":true,"href":"https:\/\/www.freebetbest.com\/pt-pt\/wp-json\/wp\/v2\/media\/126193"}],"wp:attachment":[{"href":"https:\/\/www.freebetbest.com\/pt-pt\/wp-json\/wp\/v2\/media?parent=130309"}],"curies":[{"name":"wp","href":"https:\/\/api.w.org\/{rel}","templated":true}]}}