{"id":130211,"date":"2021-06-10T07:49:43","date_gmt":"2021-06-10T07:49:43","guid":{"rendered":"https:\/\/www.freebetbest.com\/mais-recente-beisebol-apostas-bonus\/"},"modified":"2021-07-28T17:08:33","modified_gmt":"2021-07-28T17:08:33","slug":"mais-recente-beisebol-apostas-bonus","status":"publish","type":"page","link":"https:\/\/www.freebetbest.com\/pt-pt\/mais-recente-beisebol-apostas-bonus\/","title":{"rendered":"B\u00f3nus de apostas de basebol mais recentes"},"content":{"rendered":"<h3 class=\"level_0\">Jogo de <a href=\"https:\/\/www.freebetsinfo.co.uk\/free-bets\/\">apostas b\u00f3nus de apostas de basebol<\/a> mais recente<\/h3>\n<p>Por exemplo, se St. Louis \u00e9 +150 e Cincinnati \u00e9 -170, ent\u00e3o Cincinnati \u00e9 a equipa mais popular e voc\u00ea precisa apostar $170 para ganhar $100. Se apostares $100 em St. Louis e eles ganharem, ganhas $150. certamente. Voc\u00ea pode usar o \u00faltimo b\u00f3nus de apostas de basebol. Fazer uma aposta<\/p>\n<h3 class=\"level_0\">O \u00faltimo B\u00f3nus de Apostas de Basebol num underdog pode proporcionar ganhos significativos se conseguirem fazer uma reviravolta Com tantos jogos regulares da temporada<\/h3>\n<p class=\"level_0\">\u00c9 importante estar atento \u00e0 forma como as equipas est\u00e3o a evoluir e igualmente, para prestar aten\u00e7\u00e3o a quem est\u00e1 a jogar em cada equipa, em particular no lan\u00e7ador inicial. Procure innings lan\u00e7ados, passeios mais hits por innings lan\u00e7ados, ganhos m\u00e9dias de corrida, e ganha acima das estat\u00edsticas de jogadores substitutos para ajudar a decidir em que equipa apostar.<\/p>\n<p class=\"level_0\">Run Lines Run Lines Uma linha de corrida de basebol \u00e9 uma aposta de spread de pontos ou de desvantagem. As apostas baseiam-se num spread de 1,5 pontos. Assim, se Houston estiver em +1,5 corre em odds de +140 e Chicago est\u00e1 em -1,5 runs -110, uma aposta de $110 em Chicago seria necess\u00e1ria para ganhar $100 se ganhasse por 1,5 ou mais corridas. Custaria $71,43 para ganhar $100 numa aposta que Houston n\u00e3o perderia por mais do que uma corrida.<\/p>\n<h3 class=\"level_0\">As linhas mais recentes <a href=\"https:\/\/www.freebetbest.com\/pt-pt\/sites-de-apostas\/\">de B\u00f3nus de Apostas de<\/a> Beisebol podem muitas vezes ter probabilidades muito diferentes<\/h3>\n<p class=\"level_0\">do que as apostas em linha de dinheiro, uma vez que ganhar a aposta requer um limiar de 1,5 pontos para al\u00e9m de ganhar o jogo, e perder o jogo ainda pode resultar numa aposta vencedora se a equipa n\u00e3o perder por mais do que o spread.<\/p>\n<p class=\"level_0\">Totals Totals \u00daltimos B\u00f3nus de Apostas de Basebol s\u00e3o apostas baseadas no n\u00famero total de runs marcados num jogo. Voc\u00ea apostou em se o total de runs ser\u00e1 mais ou menos um n\u00famero definido pelos fabricantes de odds. Se o over\/under para Seattle e Filad\u00e9lfia for 8, voc\u00ea precisar\u00e1 de pelo menos 9 runs marcados para ganhar o over e um m\u00e1ximo de 7 runs marcados para ganhar o under.<\/p>\n<p class=\"level_0\">Se o resultado final for 4-5, para um total de 9 corridas e apostares mais, ganharias a aposta.<\/p>\n<h3 class=\"level_0\">Os totais de basebol s\u00e3o muitas vezes definidos num n\u00famero como 8.5.<\/h3>\n<p class=\"level_0\">Isto significa pontos totais. Ou leva 8 vezes ou menos. para ganhar abaixo do par, ou leva 9 vezes. para ganhar uma grande vit\u00f3ria. Isto ajuda a evitar situa\u00e7\u00f5es em que a corrida final \u00e9 igual ao total (chamado &#8220;empurrar&#8221;). Uma vez que este n\u00e3o \u00e9 nem mais nem menos, o valor da aposta ser\u00e1 reembolsado. Usa n\u00fameros inteiros para basebol. Apostas totais significam que ocasionalmente. N\u00e3o haver\u00e1 vencedores ou vencidos. A aposta da Parlays Parlays \u00e9 uma aposta em m\u00faltiplos resultados, e tens de escolher a correta.<\/p>\n<p class=\"level_0\">Todos os resultados v\u00e3o ganhar. Por exemplo, se apostares 100 d\u00f3lares em Nova Iorque e Los Angeles, precisas de ambas as equipas para levar. Para ganhar a aposta. Dado que precisa apostar em toda a aposta. O manuseamento correto de cada resultado, a sobre-recompensa \u00e9 um tipo de apostas de basebol com maior risco, mas proporcionar\u00e1 maiores retornos.<\/p>\n<p><!-- \/wp:post-content --><\/p>\n<p><!-- wp:paragraph \/--><\/p>\n","protected":false},"excerpt":{"rendered":"<p>Com todas as expans\u00f5es de apostas desportivas autorizadas, a nossa equipa de vis\u00e3o geral controla todos os benef\u00edcios mais recentes e a mudan\u00e7a das principais apostas de basebol e aplica\u00e7\u00f5es de jogos<\/p>\n<div class=\"hero-cup-section\">\n<div class=\"row mb-4\">\n<div class=\"col-md-7\">\n<div class=\"section-area\">\n<div class=\"section-list\">\n<li style=\"text-align: left\"><img decoding=\"async\" src=\"https:\/\/www.freebetbest.com\/wp-content\/uploads\/2021\/06\/tick.png\" alt=\"Esportes\">  B\u00f3nus de boas-vindas do Casino Desportivo.<\/li>\n<li style=\"text-align: left\"><img decoding=\"async\" src=\"https:\/\/www.freebetbest.com\/wp-content\/uploads\/2021\/06\/tick.png\" alt=\"ofertas de jogos\">  Os corretores online oferecem &amp; promo\u00e7\u00f5es.<\/li>\n<li style=\"text-align: left\"><img decoding=\"async\" src=\"https:\/\/www.freebetbest.com\/wp-content\/uploads\/2021\/06\/tick.png\" alt=\"ofertas de jogos\">  Os melhores apostadores online em que pode confiar.<\/li>\n<li style=\"text-align: left\"><img decoding=\"async\" src=\"https:\/\/www.freebetbest.com\/wp-content\/uploads\/2021\/06\/tick.png\" alt=\"Autorit\u00e1rio\">  Revis\u00e3o autorit\u00e1ria Seguro fi\u00e1vel.<\/li>\n<li style=\"text-align: left\"><img decoding=\"async\" src=\"https:\/\/www.freebetbest.com\/wp-content\/uploads\/2021\/06\/tick.png\" alt=\"Levantamentos r\u00e1pidos\">  Suporte de APLICATIVO M\u00f3vel, Levantamentos R\u00e1pidos.<\/li>\n<li style=\"text-align: left\"><img decoding=\"async\" src=\"https:\/\/www.freebetbest.com\/wp-content\/uploads\/2021\/06\/tick.png\" alt=\"Apoio ao cliente\">  Suporte ao cliente: 365 dias, 24 horas por dia.<\/li>\n<\/div>\n<\/div>\n<\/div>\n<div class=\"col-md-5\">\n<div class=\"cup-img\"><img decoding=\"async\" src=\"https:\/\/www.freebetbest.com\/wp-content\/uploads\/2021\/06\/Cricket-Betting.png\" alt=\"freebetbest\"><\/div>\n<\/div>\n<\/div>\n","protected":false},"author":1,"featured_media":125064,"parent":0,"menu_order":0,"comment_status":"closed","ping_status":"closed","template":"Spins-template.php","meta":{"footnotes":""},"class_list":["post-130211","page","type-page","status-publish","has-post-thumbnail","hentry"],"yoast_head":"<!-- This site is optimized with the Yoast SEO Premium plugin v19.5 (Yoast SEO v27.0) - https:\/\/yoast.com\/product\/yoast-seo-premium-wordpress\/ -->\n<title>B\u00f3nus de apostas de basebol mais recentes Novo B\u00f3nus de Inscri\u00e7\u00e3o de Clientes<\/title>\n<meta name=\"description\" content=\"B\u00f3nus de apostas de basebol mais recentes Melhores casas de apostas online, B\u00f3nus de Apostas de Golfe Mais Recentes, poker, bingo &amp; mobile, Sem Deposit Free Bet\" \/>\n<meta name=\"robots\" content=\"index, follow, max-snippet:-1, max-image-preview:large, max-video-preview:-1\" \/>\n<link rel=\"canonical\" href=\"https:\/\/www.freebetbest.com\/pt-pt\/mais-recente-beisebol-apostas-bonus\/\" \/>\n<meta property=\"og:locale\" content=\"pt_PT\" \/>\n<meta property=\"og:type\" content=\"article\" \/>\n<meta property=\"og:title\" content=\"B\u00f3nus de apostas de basebol mais recentes\" \/>\n<meta property=\"og:description\" content=\"B\u00f3nus de apostas de basebol mais recentes Melhores casas de apostas online, B\u00f3nus de Apostas de Golfe Mais Recentes, poker, bingo &amp; mobile, Sem Deposit Free Bet\" \/>\n<meta property=\"og:url\" content=\"https:\/\/www.freebetbest.com\/pt-pt\/mais-recente-beisebol-apostas-bonus\/\" \/>\n<meta property=\"og:site_name\" content=\"Aposta Gr\u00e1tis | Cassino online | Apostas de futebol | Melhor Aposta Gr\u00e1tis\" \/>\n<meta property=\"article:modified_time\" content=\"2021-07-28T17:08:33+00:00\" \/>\n<meta property=\"og:image\" content=\"https:\/\/www.freebetbest.com\/wp-content\/uploads\/2021\/06\/baseball-betting-scaled.jpg\" \/>\n\t<meta property=\"og:image:width\" content=\"464\" \/>\n\t<meta property=\"og:image:height\" content=\"180\" \/>\n\t<meta property=\"og:image:type\" content=\"image\/jpeg\" \/>\n<meta name=\"twitter:card\" content=\"summary_large_image\" \/>\n<meta name=\"twitter:label1\" content=\"Tempo estimado de leitura\" \/>\n\t<meta name=\"twitter:data1\" content=\"3 minutos\" \/>\n<script type=\"application\/ld+json\" class=\"yoast-schema-graph\">{\"@context\":\"https:\/\/schema.org\",\"@graph\":[{\"@type\":\"WebPage\",\"@id\":\"https:\/\/www.freebetbest.com\/pt-pt\/mais-recente-beisebol-apostas-bonus\/\",\"url\":\"https:\/\/www.freebetbest.com\/pt-pt\/mais-recente-beisebol-apostas-bonus\/\",\"name\":\"B\u00f3nus de apostas de basebol mais recentes Novo B\u00f3nus de Inscri\u00e7\u00e3o de Clientes\",\"isPartOf\":{\"@id\":\"https:\/\/www.freebetbest.com\/pt-pt\/#website\"},\"primaryImageOfPage\":{\"@id\":\"https:\/\/www.freebetbest.com\/pt-pt\/mais-recente-beisebol-apostas-bonus\/#primaryimage\"},\"image\":{\"@id\":\"https:\/\/www.freebetbest.com\/pt-pt\/mais-recente-beisebol-apostas-bonus\/#primaryimage\"},\"thumbnailUrl\":\"https:\/\/www.freebetbest.com\/wp-content\/uploads\/2021\/06\/baseball-betting-scaled.jpg\",\"datePublished\":\"2021-06-10T07:49:43+00:00\",\"dateModified\":\"2021-07-28T17:08:33+00:00\",\"description\":\"B\u00f3nus de apostas de basebol mais recentes Melhores casas de apostas online, B\u00f3nus de Apostas de Golfe Mais Recentes, poker, bingo & mobile, Sem Deposit Free Bet\",\"breadcrumb\":{\"@id\":\"https:\/\/www.freebetbest.com\/pt-pt\/mais-recente-beisebol-apostas-bonus\/#breadcrumb\"},\"inLanguage\":\"pt-PT\",\"potentialAction\":[{\"@type\":\"ReadAction\",\"target\":[\"https:\/\/www.freebetbest.com\/pt-pt\/mais-recente-beisebol-apostas-bonus\/\"]}]},{\"@type\":\"ImageObject\",\"inLanguage\":\"pt-PT\",\"@id\":\"https:\/\/www.freebetbest.com\/pt-pt\/mais-recente-beisebol-apostas-bonus\/#primaryimage\",\"url\":\"https:\/\/www.freebetbest.com\/wp-content\/uploads\/2021\/06\/baseball-betting-scaled.jpg\",\"contentUrl\":\"https:\/\/www.freebetbest.com\/wp-content\/uploads\/2021\/06\/baseball-betting-scaled.jpg\",\"width\":464,\"height\":180,\"caption\":\"basebol-apostas\"},{\"@type\":\"BreadcrumbList\",\"@id\":\"https:\/\/www.freebetbest.com\/pt-pt\/mais-recente-beisebol-apostas-bonus\/#breadcrumb\",\"itemListElement\":[{\"@type\":\"ListItem\",\"position\":1,\"name\":\"Home\",\"item\":\"https:\/\/www.freebetbest.com\/pt-pt\/\"},{\"@type\":\"ListItem\",\"position\":2,\"name\":\"B\u00f3nus de apostas de basebol mais recentes\"}]},{\"@type\":\"WebSite\",\"@id\":\"https:\/\/www.freebetbest.com\/pt-pt\/#website\",\"url\":\"https:\/\/www.freebetbest.com\/pt-pt\/\",\"name\":\"Aposta Gr\u00e1tis | Cassino online | Apostas de futebol | Melhor Aposta Gr\u00e1tis\",\"description\":\"As melhores casas de apostas on-line, Oferecem esportes, cassino, p\u00f4quer, bingo e apostas m\u00f3veis, Cassino online ,Apostas de futebol, Melhor Aposta Gr\u00e1tis,  Os principais portais de jogos de azar do mundo.\",\"publisher\":{\"@id\":\"https:\/\/www.freebetbest.com\/pt-pt\/#\/schema\/person\/292684ccf388a2362d507874c5b80a69\"},\"potentialAction\":[{\"@type\":\"SearchAction\",\"target\":{\"@type\":\"EntryPoint\",\"urlTemplate\":\"https:\/\/www.freebetbest.com\/pt-pt\/?s={search_term_string}\"},\"query-input\":{\"@type\":\"PropertyValueSpecification\",\"valueRequired\":true,\"valueName\":\"search_term_string\"}}],\"inLanguage\":\"pt-PT\"},{\"@type\":[\"Person\",\"Organization\"],\"@id\":\"https:\/\/www.freebetbest.com\/pt-pt\/#\/schema\/person\/292684ccf388a2362d507874c5b80a69\",\"name\":\"\u7ba1\u7406\",\"image\":{\"@type\":\"ImageObject\",\"inLanguage\":\"pt-PT\",\"@id\":\"https:\/\/www.freebetbest.com\/pt-pt\/#\/schema\/person\/image\/\",\"url\":\"https:\/\/www.freebetbest.com\/wp-content\/litespeed\/avatar\/49696b52fb15293a2168c14964fdd8b9.jpg?ver=1775625495\",\"contentUrl\":\"https:\/\/www.freebetbest.com\/wp-content\/litespeed\/avatar\/49696b52fb15293a2168c14964fdd8b9.jpg?ver=1775625495\",\"caption\":\"\u7ba1\u7406\"},\"logo\":{\"@id\":\"https:\/\/www.freebetbest.com\/pt-pt\/#\/schema\/person\/image\/\"},\"sameAs\":[\"admin\"]}]}<\/script>\n<!-- \/ Yoast SEO Premium plugin. -->","yoast_head_json":{"title":"B\u00f3nus de apostas de basebol mais recentes Novo B\u00f3nus de Inscri\u00e7\u00e3o de Clientes","description":"B\u00f3nus de apostas de basebol mais recentes Melhores casas de apostas online, B\u00f3nus de Apostas de Golfe Mais Recentes, poker, bingo & mobile, Sem Deposit Free Bet","robots":{"index":"index","follow":"follow","max-snippet":"max-snippet:-1","max-image-preview":"max-image-preview:large","max-video-preview":"max-video-preview:-1"},"canonical":"https:\/\/www.freebetbest.com\/pt-pt\/mais-recente-beisebol-apostas-bonus\/","og_locale":"pt_PT","og_type":"article","og_title":"B\u00f3nus de apostas de basebol mais recentes","og_description":"B\u00f3nus de apostas de basebol mais recentes Melhores casas de apostas online, B\u00f3nus de Apostas de Golfe Mais Recentes, poker, bingo & mobile, Sem Deposit Free Bet","og_url":"https:\/\/www.freebetbest.com\/pt-pt\/mais-recente-beisebol-apostas-bonus\/","og_site_name":"Aposta Gr\u00e1tis | Cassino online | Apostas de futebol | Melhor Aposta Gr\u00e1tis","article_modified_time":"2021-07-28T17:08:33+00:00","og_image":[{"width":464,"height":180,"url":"https:\/\/www.freebetbest.com\/wp-content\/uploads\/2021\/06\/baseball-betting-scaled.jpg","type":"image\/jpeg"}],"twitter_card":"summary_large_image","twitter_misc":{"Tempo estimado de leitura":"3 minutos"},"schema":{"@context":"https:\/\/schema.org","@graph":[{"@type":"WebPage","@id":"https:\/\/www.freebetbest.com\/pt-pt\/mais-recente-beisebol-apostas-bonus\/","url":"https:\/\/www.freebetbest.com\/pt-pt\/mais-recente-beisebol-apostas-bonus\/","name":"B\u00f3nus de apostas de basebol mais recentes Novo B\u00f3nus de Inscri\u00e7\u00e3o de Clientes","isPartOf":{"@id":"https:\/\/www.freebetbest.com\/pt-pt\/#website"},"primaryImageOfPage":{"@id":"https:\/\/www.freebetbest.com\/pt-pt\/mais-recente-beisebol-apostas-bonus\/#primaryimage"},"image":{"@id":"https:\/\/www.freebetbest.com\/pt-pt\/mais-recente-beisebol-apostas-bonus\/#primaryimage"},"thumbnailUrl":"https:\/\/www.freebetbest.com\/wp-content\/uploads\/2021\/06\/baseball-betting-scaled.jpg","datePublished":"2021-06-10T07:49:43+00:00","dateModified":"2021-07-28T17:08:33+00:00","description":"B\u00f3nus de apostas de basebol mais recentes Melhores casas de apostas online, B\u00f3nus de Apostas de Golfe Mais Recentes, poker, bingo & mobile, Sem Deposit Free Bet","breadcrumb":{"@id":"https:\/\/www.freebetbest.com\/pt-pt\/mais-recente-beisebol-apostas-bonus\/#breadcrumb"},"inLanguage":"pt-PT","potentialAction":[{"@type":"ReadAction","target":["https:\/\/www.freebetbest.com\/pt-pt\/mais-recente-beisebol-apostas-bonus\/"]}]},{"@type":"ImageObject","inLanguage":"pt-PT","@id":"https:\/\/www.freebetbest.com\/pt-pt\/mais-recente-beisebol-apostas-bonus\/#primaryimage","url":"https:\/\/www.freebetbest.com\/wp-content\/uploads\/2021\/06\/baseball-betting-scaled.jpg","contentUrl":"https:\/\/www.freebetbest.com\/wp-content\/uploads\/2021\/06\/baseball-betting-scaled.jpg","width":464,"height":180,"caption":"basebol-apostas"},{"@type":"BreadcrumbList","@id":"https:\/\/www.freebetbest.com\/pt-pt\/mais-recente-beisebol-apostas-bonus\/#breadcrumb","itemListElement":[{"@type":"ListItem","position":1,"name":"Home","item":"https:\/\/www.freebetbest.com\/pt-pt\/"},{"@type":"ListItem","position":2,"name":"B\u00f3nus de apostas de basebol mais recentes"}]},{"@type":"WebSite","@id":"https:\/\/www.freebetbest.com\/pt-pt\/#website","url":"https:\/\/www.freebetbest.com\/pt-pt\/","name":"Aposta Gr\u00e1tis | Cassino online | Apostas de futebol | Melhor Aposta Gr\u00e1tis","description":"As melhores casas de apostas on-line, Oferecem esportes, cassino, p\u00f4quer, bingo e apostas m\u00f3veis, Cassino online ,Apostas de futebol, Melhor Aposta Gr\u00e1tis,  Os principais portais de jogos de azar do mundo.","publisher":{"@id":"https:\/\/www.freebetbest.com\/pt-pt\/#\/schema\/person\/292684ccf388a2362d507874c5b80a69"},"potentialAction":[{"@type":"SearchAction","target":{"@type":"EntryPoint","urlTemplate":"https:\/\/www.freebetbest.com\/pt-pt\/?s={search_term_string}"},"query-input":{"@type":"PropertyValueSpecification","valueRequired":true,"valueName":"search_term_string"}}],"inLanguage":"pt-PT"},{"@type":["Person","Organization"],"@id":"https:\/\/www.freebetbest.com\/pt-pt\/#\/schema\/person\/292684ccf388a2362d507874c5b80a69","name":"\u7ba1\u7406","image":{"@type":"ImageObject","inLanguage":"pt-PT","@id":"https:\/\/www.freebetbest.com\/pt-pt\/#\/schema\/person\/image\/","url":"https:\/\/www.freebetbest.com\/wp-content\/litespeed\/avatar\/49696b52fb15293a2168c14964fdd8b9.jpg?ver=1775625495","contentUrl":"https:\/\/www.freebetbest.com\/wp-content\/litespeed\/avatar\/49696b52fb15293a2168c14964fdd8b9.jpg?ver=1775625495","caption":"\u7ba1\u7406"},"logo":{"@id":"https:\/\/www.freebetbest.com\/pt-pt\/#\/schema\/person\/image\/"},"sameAs":["admin"]}]}},"_links":{"self":[{"href":"https:\/\/www.freebetbest.com\/pt-pt\/wp-json\/wp\/v2\/pages\/130211","targetHints":{"allow":["GET"]}}],"collection":[{"href":"https:\/\/www.freebetbest.com\/pt-pt\/wp-json\/wp\/v2\/pages"}],"about":[{"href":"https:\/\/www.freebetbest.com\/pt-pt\/wp-json\/wp\/v2\/types\/page"}],"author":[{"embeddable":true,"href":"https:\/\/www.freebetbest.com\/pt-pt\/wp-json\/wp\/v2\/users\/1"}],"replies":[{"embeddable":true,"href":"https:\/\/www.freebetbest.com\/pt-pt\/wp-json\/wp\/v2\/comments?post=130211"}],"version-history":[{"count":0,"href":"https:\/\/www.freebetbest.com\/pt-pt\/wp-json\/wp\/v2\/pages\/130211\/revisions"}],"wp:featuredmedia":[{"embeddable":true,"href":"https:\/\/www.freebetbest.com\/pt-pt\/wp-json\/wp\/v2\/media\/125064"}],"wp:attachment":[{"href":"https:\/\/www.freebetbest.com\/pt-pt\/wp-json\/wp\/v2\/media?parent=130211"}],"curies":[{"name":"wp","href":"https:\/\/api.w.org\/{rel}","templated":true}]}}