{"id":129351,"date":"2021-06-10T10:04:52","date_gmt":"2021-06-10T10:04:52","guid":{"rendered":"https:\/\/www.freebetbest.com\/japao-casas-de-apostas-bonus\/"},"modified":"2021-07-29T09:56:41","modified_gmt":"2021-07-29T09:56:41","slug":"b%c3%b3nus-das-casas-de-apostas-do-jap%c3%a3o","status":"publish","type":"page","link":"https:\/\/www.freebetbest.com\/pt-pt\/b%c3%b3nus-das-casas-de-apostas-do-jap%c3%a3o\/","title":{"rendered":"B\u00f3nus das casas de apostas do Jap\u00e3o"},"content":{"rendered":"<h2>Melhor site de b\u00f3nus de casas de apostas do Jap\u00e3o<\/h2>\nN\u00f3s fornecemos links. Ajud\u00e1-lo a inscrever-se para uma conta gratuita. E como se registar no tempo mais r\u00e1pido poss\u00edvel, como obter o B\u00f3nus das Casas de Apostas do Jap\u00e3o. E bem-vindos b\u00f3nus gr\u00e1tis.\n\nA atividade de adivinha\u00e7\u00e3o mais comum no Jap\u00e3o \u00e9 o basebol. Muitas apostas s\u00e3o feitas no resultado do maior jogo todos os dias.\n\nConhece as op\u00e7\u00f5es dispon\u00edveis para <a href=\"https:\/\/www.freebetbest.com\/latest-free-betting-bonus\/\">apostas desportivas<\/a> no Jap\u00e3o? Este artigo esclarece tudo isto. Nesta p\u00e1gina, a nossa equipa de especialistas analisou os principais sites e programas e revelou o maior site de jogos do Jap\u00e3o.\n<h3>O jogo na China tem um passado hist\u00f3rico \u00fanico e fascinante.<\/h3>\nOs espectadores reuniram-se em n\u00fameros de telefone para olhar para eventos desportivos, lutas e exames de ritmo ou energia, e apostaram fundos ou itens no resultado. A situa\u00e7\u00e3o das apostas \u00e9 de casinos online abertos por ocidentais. Jogue jogos online com cart\u00e3o de cr\u00e9dito.\n<h3>Guiando a dire\u00e7\u00e3o e o mais importante nos tempos modernos.<\/h3>\nB\u00f3nus das casas de apostas do Jap\u00e3o. \u00c9 completamente diferente quando se trata de reduzir o risco. A aposta \u00e9 atrav\u00e9s de apostas online,\n<h3>B\u00f3nus das casas de apostas do Jap\u00e3o A maioria das apostas ainda s\u00e3o legais.<\/h3>\nN\u00e3o h\u00e1 como impedir esses planos de t\u00e3o longe. A aposta mais convincente \u00e9 a pessoa que faz lucro. A grande maioria das apostas s\u00e3o investidas em empresas de apostas legais.\n<h3>B\u00f3nus das casas de apostas do Jap\u00e3o Jogo online no Jap\u00e3o<\/h3>\nO reconhecimento do jogo na internet continua a crescer no Jap\u00e3o. Certamente, o mercado de esportes online \u00e9 muito mais competitivo agora do que no passado, mas isso \u00e9 uma informa\u00e7\u00e3o maravilhosa para os apostadores. Tem uma escolha no que diz respeito a qual casa de apostas pode jogar.\n<h3>Apostas b\u00f3nus de <a href=\"https:\/\/www.freebetsinfo.co.uk\/free-bets\/\">esportes<\/a> de b\u00f3nus do Jap\u00e3o<\/h3>\nApostar nele tamb\u00e9m \u00e9 o Jap\u00e3o. Um passatempo que milhares de pessoas apreciam. N\u00f3s j\u00e1 obtivemos. Um grande n\u00famero de p\u00e1ginas de sugest\u00e3o. Ajude-o nas apostas desportivas, mas tamb\u00e9m o fornecemos. O melhor b\u00f3nus japon\u00eas de casa de apostas do mundo.\n\nTodas as casas de apostas japonesas. Tanto protegem campeonatos comunit\u00e1rios como federais, como a J1 League e a NPB, bem como os Jogos Ol\u00edmpicos, a Ta\u00e7a do Mundo e a UEFA Champions League. V\u00e1rias outras grandes atividades desportivas, como ligas. Grandes eventos no mundo.\n\nSe pretender. Apostar em pequenos eventos no Jap\u00e3o, ler diferentes tipos de formatos de odds, ou adivinhar o pr\u00f3ximo campe\u00e3o do mundo de basquetebol, n\u00e3o \u00e9 problema. Tudo isto pode estar dentro. Conclu\u00edda na nossa lista de casas de apostas japonesas.\n<h3>Casinos online no Jap\u00e3o<\/h3>\nParticipe em casinos online. Como alternativa \u00e0 vers\u00e3o da vida real. tem muitos benef\u00edcios. Primeiro, pode entrar. Aproveite em casa ou em movimento, por isso \u00e9 mais f\u00e1cil. Al\u00e9m disso, tal como os que est\u00e3o na vida quotidiana real. Em conclus\u00e3o, pessoas que jogaram em casinos da Internet. Como sabe, apostar pode ser assustador.\n\nComo t\u00edtulo do jogo de traficante ao vivo, o estabelecimento de jogo em casa. A experi\u00eancia pr\u00e1tica torna-se t\u00e3o eficaz como os produtos genu\u00ednos. Podes jogar blackjack, roleta, baccarat e outros jogos, deixar que pessoas reais atendam \u00e0s tuas necessidades e vivam num casino a s\u00e9rio.\n<h3>Op\u00e7\u00f5es de investimento b\u00f3nus das casas de apostas do Jap\u00e3o<\/h3>\nN\u00f3s sabemos. Pode facilmente entrar e sair usando m\u00e9todos que lhe conv\u00eam, o que \u00e9 muito importante no jogo online. \u00c9 por isso que. Queremos fazer o nosso melhor. Em conclus\u00e3o, traga-lhe v\u00e1rios sites que fornecem um vasto leque de op\u00e7\u00f5es banc\u00e1rias para atletas japoneses\n\n<!-- \/wp:post-content -->","protected":false},"excerpt":{"rendered":"<p>Registe-se para uma conta gratuita e registe-se no tempo mais r\u00e1pido poss\u00edvel e como obter o melhor b\u00f3nus de boas-vindas pronto e b\u00f3nus gratuitos.<\/p>\n<div class=\"hero-cup-section\">\n<div class=\"row mb-4\">\n<div class=\"col-md-7\">\n<div class=\"section-area\">\n<div class=\"section-list\">\n<li style=\"text-align: left\"><img decoding=\"async\" src=\"https:\/\/www.freebetbest.com\/wp-content\/uploads\/2021\/06\/tick.png\" alt=\"Esportes\">  B\u00f3nus de boas-vindas do Casino Desportivo.<\/li>\n<li style=\"text-align: left\"><img decoding=\"async\" src=\"https:\/\/www.freebetbest.com\/wp-content\/uploads\/2021\/06\/tick.png\" alt=\"ofertas de jogos\">  Os corretores online oferecem &amp; promo\u00e7\u00f5es.<\/li>\n<li style=\"text-align: left\"><img decoding=\"async\" src=\"https:\/\/www.freebetbest.com\/wp-content\/uploads\/2021\/06\/tick.png\" alt=\"ofertas de jogos\">  Os melhores apostadores online em que pode confiar.<\/li>\n<li style=\"text-align: left\"><img decoding=\"async\" src=\"https:\/\/www.freebetbest.com\/wp-content\/uploads\/2021\/06\/tick.png\" alt=\"Autorit\u00e1rio\">  Revis\u00e3o autorit\u00e1ria Seguro fi\u00e1vel.<\/li>\n<li style=\"text-align: left\"><img decoding=\"async\" src=\"https:\/\/www.freebetbest.com\/wp-content\/uploads\/2021\/06\/tick.png\" alt=\"Levantamentos r\u00e1pidos\">  Suporte de APLICATIVO M\u00f3vel, Levantamentos R\u00e1pidos.<\/li>\n<li style=\"text-align: left\"><img decoding=\"async\" src=\"https:\/\/www.freebetbest.com\/wp-content\/uploads\/2021\/06\/tick.png\" alt=\"Apoio ao cliente\">  Suporte ao cliente: 365 dias, 24 horas por dia.<\/li>\n<\/div>\n<\/div>\n<\/div>\n<div class=\"col-md-5\">\n<div class=\"cup-img\"><img decoding=\"async\" src=\"https:\/\/www.freebetbest.com\/wp-content\/uploads\/2021\/06\/japan1-1.png\" alt=\"freebetbest\"><\/div>\n<\/div>\n<\/div>\n","protected":false},"author":1,"featured_media":125274,"parent":0,"menu_order":0,"comment_status":"closed","ping_status":"closed","template":"japan-template.php","meta":{"footnotes":""},"class_list":["post-129351","page","type-page","status-publish","has-post-thumbnail","hentry"],"yoast_head":"<!-- This site is optimized with the Yoast SEO Premium plugin v19.5 (Yoast SEO v27.0) - https:\/\/yoast.com\/product\/yoast-seo-premium-wordpress\/ -->\n<title>B\u00f3nus das casas de apostas do Jap\u00e3o, Promo\u00e7\u00e3o de Dep\u00f3sitos pela primeira vez<\/title>\n<meta name=\"description\" content=\"B\u00f3nus das casas de apostas do Jap\u00e3o ,Aposta gr\u00e1tis Sem b\u00f3nus de dep\u00f3sito, Ofertas de Apostas Gr\u00e1tis Top Online. As melhores hip\u00f3teses para apostas desportivas. Ofertas Exclusivas. As melhores cr\u00edticas.\" \/>\n<meta name=\"robots\" content=\"index, follow, max-snippet:-1, max-image-preview:large, max-video-preview:-1\" \/>\n<link rel=\"canonical\" href=\"https:\/\/www.freebetbest.com\/pt-pt\/b%c3%b3nus-das-casas-de-apostas-do-jap%c3%a3o\/\" \/>\n<meta property=\"og:locale\" content=\"pt_PT\" \/>\n<meta property=\"og:type\" content=\"article\" \/>\n<meta property=\"og:title\" content=\"B\u00f3nus das casas de apostas do Jap\u00e3o\" \/>\n<meta property=\"og:description\" content=\"B\u00f3nus das casas de apostas do Jap\u00e3o ,Aposta gr\u00e1tis Sem b\u00f3nus de dep\u00f3sito, Ofertas de Apostas Gr\u00e1tis Top Online. As melhores hip\u00f3teses para apostas desportivas. Ofertas Exclusivas. As melhores cr\u00edticas.\" \/>\n<meta property=\"og:url\" content=\"https:\/\/www.freebetbest.com\/pt-pt\/b%c3%b3nus-das-casas-de-apostas-do-jap%c3%a3o\/\" \/>\n<meta property=\"og:site_name\" content=\"Aposta Gr\u00e1tis | Cassino online | Apostas de futebol | Melhor Aposta Gr\u00e1tis\" \/>\n<meta property=\"article:modified_time\" content=\"2021-07-29T09:56:41+00:00\" \/>\n<meta property=\"og:image\" content=\"https:\/\/www.freebetbest.com\/wp-content\/uploads\/2021\/06\/Bookmakers-scaled.jpg\" \/>\n\t<meta property=\"og:image:width\" content=\"417\" \/>\n\t<meta property=\"og:image:height\" content=\"180\" \/>\n\t<meta property=\"og:image:type\" content=\"image\/jpeg\" \/>\n<meta name=\"twitter:card\" content=\"summary_large_image\" \/>\n<meta name=\"twitter:label1\" content=\"Tempo estimado de leitura\" \/>\n\t<meta name=\"twitter:data1\" content=\"3 minutos\" \/>\n<script type=\"application\/ld+json\" class=\"yoast-schema-graph\">{\"@context\":\"https:\/\/schema.org\",\"@graph\":[{\"@type\":\"WebPage\",\"@id\":\"https:\/\/www.freebetbest.com\/pt-pt\/b%c3%b3nus-das-casas-de-apostas-do-jap%c3%a3o\/\",\"url\":\"https:\/\/www.freebetbest.com\/pt-pt\/b%c3%b3nus-das-casas-de-apostas-do-jap%c3%a3o\/\",\"name\":\"B\u00f3nus das casas de apostas do Jap\u00e3o, Promo\u00e7\u00e3o de Dep\u00f3sitos pela primeira vez\",\"isPartOf\":{\"@id\":\"https:\/\/www.freebetbest.com\/pt-pt\/#website\"},\"primaryImageOfPage\":{\"@id\":\"https:\/\/www.freebetbest.com\/pt-pt\/b%c3%b3nus-das-casas-de-apostas-do-jap%c3%a3o\/#primaryimage\"},\"image\":{\"@id\":\"https:\/\/www.freebetbest.com\/pt-pt\/b%c3%b3nus-das-casas-de-apostas-do-jap%c3%a3o\/#primaryimage\"},\"thumbnailUrl\":\"https:\/\/www.freebetbest.com\/wp-content\/uploads\/2021\/06\/Bookmakers-scaled.jpg\",\"datePublished\":\"2021-06-10T10:04:52+00:00\",\"dateModified\":\"2021-07-29T09:56:41+00:00\",\"description\":\"B\u00f3nus das casas de apostas do Jap\u00e3o ,Aposta gr\u00e1tis Sem b\u00f3nus de dep\u00f3sito, Ofertas de Apostas Gr\u00e1tis Top Online. As melhores hip\u00f3teses para apostas desportivas. Ofertas Exclusivas. As melhores cr\u00edticas.\",\"breadcrumb\":{\"@id\":\"https:\/\/www.freebetbest.com\/pt-pt\/b%c3%b3nus-das-casas-de-apostas-do-jap%c3%a3o\/#breadcrumb\"},\"inLanguage\":\"pt-PT\",\"potentialAction\":[{\"@type\":\"ReadAction\",\"target\":[\"https:\/\/www.freebetbest.com\/pt-pt\/b%c3%b3nus-das-casas-de-apostas-do-jap%c3%a3o\/\"]}]},{\"@type\":\"ImageObject\",\"inLanguage\":\"pt-PT\",\"@id\":\"https:\/\/www.freebetbest.com\/pt-pt\/b%c3%b3nus-das-casas-de-apostas-do-jap%c3%a3o\/#primaryimage\",\"url\":\"https:\/\/www.freebetbest.com\/wp-content\/uploads\/2021\/06\/Bookmakers-scaled.jpg\",\"contentUrl\":\"https:\/\/www.freebetbest.com\/wp-content\/uploads\/2021\/06\/Bookmakers-scaled.jpg\",\"width\":417,\"height\":180,\"caption\":\"B\u00f3nus das casas de apostas da China\"},{\"@type\":\"BreadcrumbList\",\"@id\":\"https:\/\/www.freebetbest.com\/pt-pt\/b%c3%b3nus-das-casas-de-apostas-do-jap%c3%a3o\/#breadcrumb\",\"itemListElement\":[{\"@type\":\"ListItem\",\"position\":1,\"name\":\"Home\",\"item\":\"https:\/\/www.freebetbest.com\/pt-pt\/\"},{\"@type\":\"ListItem\",\"position\":2,\"name\":\"B\u00f3nus das casas de apostas do Jap\u00e3o\"}]},{\"@type\":\"WebSite\",\"@id\":\"https:\/\/www.freebetbest.com\/pt-pt\/#website\",\"url\":\"https:\/\/www.freebetbest.com\/pt-pt\/\",\"name\":\"Aposta Gr\u00e1tis | Cassino online | Apostas de futebol | Melhor Aposta Gr\u00e1tis\",\"description\":\"As melhores casas de apostas on-line, Oferecem esportes, cassino, p\u00f4quer, bingo e apostas m\u00f3veis, Cassino online ,Apostas de futebol, Melhor Aposta Gr\u00e1tis,  Os principais portais de jogos de azar do mundo.\",\"publisher\":{\"@id\":\"https:\/\/www.freebetbest.com\/pt-pt\/#\/schema\/person\/292684ccf388a2362d507874c5b80a69\"},\"potentialAction\":[{\"@type\":\"SearchAction\",\"target\":{\"@type\":\"EntryPoint\",\"urlTemplate\":\"https:\/\/www.freebetbest.com\/pt-pt\/?s={search_term_string}\"},\"query-input\":{\"@type\":\"PropertyValueSpecification\",\"valueRequired\":true,\"valueName\":\"search_term_string\"}}],\"inLanguage\":\"pt-PT\"},{\"@type\":[\"Person\",\"Organization\"],\"@id\":\"https:\/\/www.freebetbest.com\/pt-pt\/#\/schema\/person\/292684ccf388a2362d507874c5b80a69\",\"name\":\"\u7ba1\u7406\",\"image\":{\"@type\":\"ImageObject\",\"inLanguage\":\"pt-PT\",\"@id\":\"https:\/\/www.freebetbest.com\/pt-pt\/#\/schema\/person\/image\/\",\"url\":\"https:\/\/www.freebetbest.com\/wp-content\/litespeed\/avatar\/49696b52fb15293a2168c14964fdd8b9.jpg?ver=1777439934\",\"contentUrl\":\"https:\/\/www.freebetbest.com\/wp-content\/litespeed\/avatar\/49696b52fb15293a2168c14964fdd8b9.jpg?ver=1777439934\",\"caption\":\"\u7ba1\u7406\"},\"logo\":{\"@id\":\"https:\/\/www.freebetbest.com\/pt-pt\/#\/schema\/person\/image\/\"},\"sameAs\":[\"admin\"]}]}<\/script>\n<!-- \/ Yoast SEO Premium plugin. -->","yoast_head_json":{"title":"B\u00f3nus das casas de apostas do Jap\u00e3o, Promo\u00e7\u00e3o de Dep\u00f3sitos pela primeira vez","description":"B\u00f3nus das casas de apostas do Jap\u00e3o ,Aposta gr\u00e1tis Sem b\u00f3nus de dep\u00f3sito, Ofertas de Apostas Gr\u00e1tis Top Online. As melhores hip\u00f3teses para apostas desportivas. Ofertas Exclusivas. As melhores cr\u00edticas.","robots":{"index":"index","follow":"follow","max-snippet":"max-snippet:-1","max-image-preview":"max-image-preview:large","max-video-preview":"max-video-preview:-1"},"canonical":"https:\/\/www.freebetbest.com\/pt-pt\/b%c3%b3nus-das-casas-de-apostas-do-jap%c3%a3o\/","og_locale":"pt_PT","og_type":"article","og_title":"B\u00f3nus das casas de apostas do Jap\u00e3o","og_description":"B\u00f3nus das casas de apostas do Jap\u00e3o ,Aposta gr\u00e1tis Sem b\u00f3nus de dep\u00f3sito, Ofertas de Apostas Gr\u00e1tis Top Online. As melhores hip\u00f3teses para apostas desportivas. Ofertas Exclusivas. As melhores cr\u00edticas.","og_url":"https:\/\/www.freebetbest.com\/pt-pt\/b%c3%b3nus-das-casas-de-apostas-do-jap%c3%a3o\/","og_site_name":"Aposta Gr\u00e1tis | Cassino online | Apostas de futebol | Melhor Aposta Gr\u00e1tis","article_modified_time":"2021-07-29T09:56:41+00:00","og_image":[{"width":417,"height":180,"url":"https:\/\/www.freebetbest.com\/wp-content\/uploads\/2021\/06\/Bookmakers-scaled.jpg","type":"image\/jpeg"}],"twitter_card":"summary_large_image","twitter_misc":{"Tempo estimado de leitura":"3 minutos"},"schema":{"@context":"https:\/\/schema.org","@graph":[{"@type":"WebPage","@id":"https:\/\/www.freebetbest.com\/pt-pt\/b%c3%b3nus-das-casas-de-apostas-do-jap%c3%a3o\/","url":"https:\/\/www.freebetbest.com\/pt-pt\/b%c3%b3nus-das-casas-de-apostas-do-jap%c3%a3o\/","name":"B\u00f3nus das casas de apostas do Jap\u00e3o, Promo\u00e7\u00e3o de Dep\u00f3sitos pela primeira vez","isPartOf":{"@id":"https:\/\/www.freebetbest.com\/pt-pt\/#website"},"primaryImageOfPage":{"@id":"https:\/\/www.freebetbest.com\/pt-pt\/b%c3%b3nus-das-casas-de-apostas-do-jap%c3%a3o\/#primaryimage"},"image":{"@id":"https:\/\/www.freebetbest.com\/pt-pt\/b%c3%b3nus-das-casas-de-apostas-do-jap%c3%a3o\/#primaryimage"},"thumbnailUrl":"https:\/\/www.freebetbest.com\/wp-content\/uploads\/2021\/06\/Bookmakers-scaled.jpg","datePublished":"2021-06-10T10:04:52+00:00","dateModified":"2021-07-29T09:56:41+00:00","description":"B\u00f3nus das casas de apostas do Jap\u00e3o ,Aposta gr\u00e1tis Sem b\u00f3nus de dep\u00f3sito, Ofertas de Apostas Gr\u00e1tis Top Online. As melhores hip\u00f3teses para apostas desportivas. Ofertas Exclusivas. As melhores cr\u00edticas.","breadcrumb":{"@id":"https:\/\/www.freebetbest.com\/pt-pt\/b%c3%b3nus-das-casas-de-apostas-do-jap%c3%a3o\/#breadcrumb"},"inLanguage":"pt-PT","potentialAction":[{"@type":"ReadAction","target":["https:\/\/www.freebetbest.com\/pt-pt\/b%c3%b3nus-das-casas-de-apostas-do-jap%c3%a3o\/"]}]},{"@type":"ImageObject","inLanguage":"pt-PT","@id":"https:\/\/www.freebetbest.com\/pt-pt\/b%c3%b3nus-das-casas-de-apostas-do-jap%c3%a3o\/#primaryimage","url":"https:\/\/www.freebetbest.com\/wp-content\/uploads\/2021\/06\/Bookmakers-scaled.jpg","contentUrl":"https:\/\/www.freebetbest.com\/wp-content\/uploads\/2021\/06\/Bookmakers-scaled.jpg","width":417,"height":180,"caption":"B\u00f3nus das casas de apostas da China"},{"@type":"BreadcrumbList","@id":"https:\/\/www.freebetbest.com\/pt-pt\/b%c3%b3nus-das-casas-de-apostas-do-jap%c3%a3o\/#breadcrumb","itemListElement":[{"@type":"ListItem","position":1,"name":"Home","item":"https:\/\/www.freebetbest.com\/pt-pt\/"},{"@type":"ListItem","position":2,"name":"B\u00f3nus das casas de apostas do Jap\u00e3o"}]},{"@type":"WebSite","@id":"https:\/\/www.freebetbest.com\/pt-pt\/#website","url":"https:\/\/www.freebetbest.com\/pt-pt\/","name":"Aposta Gr\u00e1tis | Cassino online | Apostas de futebol | Melhor Aposta Gr\u00e1tis","description":"As melhores casas de apostas on-line, Oferecem esportes, cassino, p\u00f4quer, bingo e apostas m\u00f3veis, Cassino online ,Apostas de futebol, Melhor Aposta Gr\u00e1tis,  Os principais portais de jogos de azar do mundo.","publisher":{"@id":"https:\/\/www.freebetbest.com\/pt-pt\/#\/schema\/person\/292684ccf388a2362d507874c5b80a69"},"potentialAction":[{"@type":"SearchAction","target":{"@type":"EntryPoint","urlTemplate":"https:\/\/www.freebetbest.com\/pt-pt\/?s={search_term_string}"},"query-input":{"@type":"PropertyValueSpecification","valueRequired":true,"valueName":"search_term_string"}}],"inLanguage":"pt-PT"},{"@type":["Person","Organization"],"@id":"https:\/\/www.freebetbest.com\/pt-pt\/#\/schema\/person\/292684ccf388a2362d507874c5b80a69","name":"\u7ba1\u7406","image":{"@type":"ImageObject","inLanguage":"pt-PT","@id":"https:\/\/www.freebetbest.com\/pt-pt\/#\/schema\/person\/image\/","url":"https:\/\/www.freebetbest.com\/wp-content\/litespeed\/avatar\/49696b52fb15293a2168c14964fdd8b9.jpg?ver=1777439934","contentUrl":"https:\/\/www.freebetbest.com\/wp-content\/litespeed\/avatar\/49696b52fb15293a2168c14964fdd8b9.jpg?ver=1777439934","caption":"\u7ba1\u7406"},"logo":{"@id":"https:\/\/www.freebetbest.com\/pt-pt\/#\/schema\/person\/image\/"},"sameAs":["admin"]}]}},"_links":{"self":[{"href":"https:\/\/www.freebetbest.com\/pt-pt\/wp-json\/wp\/v2\/pages\/129351","targetHints":{"allow":["GET"]}}],"collection":[{"href":"https:\/\/www.freebetbest.com\/pt-pt\/wp-json\/wp\/v2\/pages"}],"about":[{"href":"https:\/\/www.freebetbest.com\/pt-pt\/wp-json\/wp\/v2\/types\/page"}],"author":[{"embeddable":true,"href":"https:\/\/www.freebetbest.com\/pt-pt\/wp-json\/wp\/v2\/users\/1"}],"replies":[{"embeddable":true,"href":"https:\/\/www.freebetbest.com\/pt-pt\/wp-json\/wp\/v2\/comments?post=129351"}],"version-history":[{"count":0,"href":"https:\/\/www.freebetbest.com\/pt-pt\/wp-json\/wp\/v2\/pages\/129351\/revisions"}],"wp:featuredmedia":[{"embeddable":true,"href":"https:\/\/www.freebetbest.com\/pt-pt\/wp-json\/wp\/v2\/media\/125274"}],"wp:attachment":[{"href":"https:\/\/www.freebetbest.com\/pt-pt\/wp-json\/wp\/v2\/media?parent=129351"}],"curies":[{"name":"wp","href":"https:\/\/api.w.org\/{rel}","templated":true}]}}