{"id":129308,"date":"2021-06-10T16:12:08","date_gmt":"2021-06-10T16:12:08","guid":{"rendered":"https:\/\/www.freebetbest.com\/indiano-casas-de-apostas-bonus\/"},"modified":"2021-07-28T17:00:38","modified_gmt":"2021-07-28T17:00:38","slug":"indiano-casas-de-apostas-bonus","status":"publish","type":"page","link":"https:\/\/www.freebetbest.com\/pt-pt\/indiano-casas-de-apostas-bonus\/","title":{"rendered":"B\u00f3nus das casas de apostas indianas"},"content":{"rendered":"<h2>B\u00f3nus das condi\u00e7\u00f5es das casas de apostas indianas<\/h2>\nTemos trabalhado arduamente para garantir. Somos b\u00f3nus de casas de apostas indianas para apostas online. Fornecer conselhos em cada \u00e1rea. Al\u00e9m de lhe fornecer as ofertas mais favor\u00e1veis, vamos at\u00e9 descobrir. O casino online ideal, as estrat\u00e9gias mais \u00fateis e os m\u00e9todos de negocia\u00e7\u00e3o mais populares.\n<h2><a href=\"https:\/\/www.freebetbest.com\/latest-free-betting-bonus\/\">Compara\u00e7\u00e3o de casino online<\/a><\/h2>\nOperado na \u00cdndia. Todos os sites de b\u00f3nus de casas de apostas indianas online. Com esta avalia\u00e7\u00e3o, pode v\u00ea-la imediatamente. O suporte geral do jogo pode ser obtido a partir destes sites. Quer estejas a jogar uma m\u00e1quina de slot ou um jogo de mesa, tudo isto deve significar que vais conseguir estar num site de videojogos online. Encontre o seu grande conte\u00fado.\n<h3>B\u00f3nus das casas de apostas indianas<\/h3>\nAqui estamos no mercado hoje. Cada recompensa \u00e9 classificada e pontuada. Isto pode dizer-lhe sobre todas as atividades desportivas. Resumindo. B\u00f3nus de jogo e jogos de v\u00eddeo de casino online. O tamanho geral especialmente fornecido para si.\n<h3>Avalia\u00e7\u00e3o de b\u00f3nus das casas de apostas indianas<\/h3>\n\u00c9 por isso que temos de estudar com cuidado. Caracter\u00edsticas de cada website Indian Bookmakers Bonus. Vamos explicar-lhe sobre isso. Todos os conte\u00fados das op\u00e7\u00f5es de reprodu\u00e7\u00e3o de cada website e an\u00e1lise de medidas de seguran\u00e7a fundamentais, tais como m\u00e9todos de autentica\u00e7\u00e3o e reembolso.\n\nVamos permitir-lhe colocar. Os operadores com fun\u00e7\u00f5es espec\u00edficas s\u00e3o os melhores sites de jogo da \u00cdndia. Comentamos o b\u00f3nus. Foi realizado um tratamento semelhante para ajud\u00e1-lo a entender coisas como. Resumindo. Coisas como problemas de apostas. Como influenciar a sua decis\u00e3o final de obter uma destas transa\u00e7\u00f5es.\n<h3>Videojogos\/slots<\/h3>\nN\u00f3s ajudaremos. Encontre o ideal no mercado de hoje. Jogos online do casino online. De alguns excelentes jogos de slot. Para alguns jogos de mesa fascinantes, vamos garantir que comeces. Todos os jogos de apostas mais populares. Resumindo. At\u00e9 o providenciaremos. Algumas ideias ser\u00e3o o teu jogo de v\u00eddeo do casino da Internet. Leve-o para o pr\u00f3ximo n\u00edvel.\n<h3>As melhores apostas para as FAQ da \u00cdndia<\/h3>\nQual \u00e9 o melhor b\u00f3nus de jogo da \u00cdndia?\n\nAnunciar o melhor b\u00f3nus de apostas ser\u00e1. Melhore a sua experi\u00eancia geral de jogo. Apropriadamente, h\u00e1 v\u00e1rios b\u00f3nus de jogo emocionantes. Dispon\u00edvel para compradores indianos. Quer descobrir os melhores b\u00f3nus de apostas da \u00cdndia? Ent\u00e3o v\u00e1 \u00e0 p\u00e1gina de recompensas de jogo de freebetbest.com, de qualquer forma. Encontrar\u00e1 informa\u00e7\u00f5es sobre a \u00cdndia nele. Cada informa\u00e7\u00e3o sobre as transa\u00e7\u00f5es de b\u00f3nus mais significativas.\n<h3>Os <a href=\"https:\/\/www.freebetsinfo.co.uk\/free-bets\/\">sites de apostas s\u00e3o<\/a> legais na \u00cdndia?<\/h3>\nUse sites legais de apostas indianas b\u00f3nus. Ajudar\u00e1 a garantir uma aventura de jogo segura. Estudar quest\u00f5es no dom\u00ednio jur\u00eddico pode ser complexo. No entanto, aperfei\u00e7o\u00e1mo-lo em freebetbest.com. Toda a informa\u00e7\u00e3o que precisa de saber. Al\u00e9m disso, n\u00f3s vamos ajud\u00e1-lo. Encontre os dispon\u00edveis para clientes indianos. A transa\u00e7\u00e3o de b\u00f3nus de apostas mais eficaz.\n<h3>Tem a melhor aposta completamente gr\u00e1tis?<\/h3>\nDepende do que procura. Alguns entusiastas do desporto. Espero receber recompensas por eles. O mais alto n\u00edvel de fundos de jogo extra, que outros gostam. \u00c0 procura de melhor valor. Al\u00e9m disso, algumas recompensas tamb\u00e9m podem ser usadas para jogos de casino online. Por isso, por favor, verifique o nosso guia para ajudar com as recompensas de jogo, em suma. Saiba quais transa\u00e7\u00f5es. Mais adequado \u00e0s suas necessidades espec\u00edficas individuais.\n<h3>Algu\u00e9m pode receber um b\u00f3nus de dep\u00f3sito?<\/h3>\nQuando olhas para a \u00cdndia. Voc\u00ea estar\u00e1 ciente de muitas das melhores transa\u00e7\u00f5es de B\u00f3nus de casas de apostas indianas. A maioria s\u00f3 pode passar. Adicione dep\u00f3sitos qualificados para reportar. Mas isto n\u00e3o quer dizer. N\u00e3o receber\u00e1s alguns b\u00f3nus de gra\u00e7a.\nEnt\u00e3o, por favor, leia com aten\u00e7\u00e3o. O nosso guia de ajuda \u00e9 recompensado por jogar, por isso vamos revelar as mais recentes ofertas para sermos os melhores da \u00cdndia. Resumindo. Jogue jogos em sites de jogos sem baixar. Os seus fundos pessoais.\n\n<!-- \/wp:post-content -->","protected":false},"excerpt":{"rendered":"<p>O melhor b\u00f3nus de boas-vindas de apostas da \u00cdndia. Ofertas de casino online na \u00cdndia e b\u00f3nus promocionais de boas-vindas, a casa de apostas online mais confi\u00e1vel.<\/p>\n<div class=\"hero-cup-section\">\n<div class=\"row mb-4\">\n<div class=\"col-md-7\">\n<div class=\"section-area\">\n<div class=\"section-list\">\n<li style=\"text-align: left\"><img decoding=\"async\" src=\"https:\/\/www.freebetbest.com\/wp-content\/uploads\/2021\/06\/tick.png\" alt=\"Esportes\">  B\u00f3nus de boas-vindas do Casino Desportivo.<\/li>\n<li style=\"text-align: left\"><img decoding=\"async\" src=\"https:\/\/www.freebetbest.com\/wp-content\/uploads\/2021\/06\/tick.png\" alt=\"ofertas de jogos\">  Os corretores online oferecem &amp; promo\u00e7\u00f5es.<\/li>\n<li style=\"text-align: left\"><img decoding=\"async\" src=\"https:\/\/www.freebetbest.com\/wp-content\/uploads\/2021\/06\/tick.png\" alt=\"ofertas de jogos\">  Os melhores apostadores online em que pode confiar.<\/li>\n<li style=\"text-align: left\"><img decoding=\"async\" src=\"https:\/\/www.freebetbest.com\/wp-content\/uploads\/2021\/06\/tick.png\" alt=\"Autorit\u00e1rio\">  Revis\u00e3o autorit\u00e1ria Seguro fi\u00e1vel.<\/li>\n<li style=\"text-align: left\"><img decoding=\"async\" src=\"https:\/\/www.freebetbest.com\/wp-content\/uploads\/2021\/06\/tick.png\" alt=\"Levantamentos r\u00e1pidos\">  Suporte de APLICATIVO M\u00f3vel, Levantamentos R\u00e1pidos.<\/li>\n<li style=\"text-align: left\"><img decoding=\"async\" src=\"https:\/\/www.freebetbest.com\/wp-content\/uploads\/2021\/06\/tick.png\" alt=\"Apoio ao cliente\">  Suporte ao cliente: 365 dias, 24 horas por dia.<\/li>\n<\/div>\n<\/div>\n<\/div>\n<div class=\"col-md-5\">\n<div class=\"cup-img\"><img decoding=\"async\" src=\"https:\/\/www.freebetbest.com\/wp-content\/uploads\/2021\/06\/Thailand2.png\" alt=\"freebetbest\"><\/div>\n<\/div>\n<\/div>\n","protected":false},"author":1,"featured_media":125274,"parent":0,"menu_order":0,"comment_status":"closed","ping_status":"closed","template":"Indian-template.php","meta":{"footnotes":""},"class_list":["post-129308","page","type-page","status-publish","has-post-thumbnail","hentry"],"yoast_head":"<!-- This site is optimized with the Yoast SEO Premium plugin v19.5 (Yoast SEO v27.0) - https:\/\/yoast.com\/product\/yoast-seo-premium-wordpress\/ -->\n<title>B\u00f3nus das casas de apostas indianas, Ofertas de Apostas Gr\u00e1tis Top Online<\/title>\n<meta name=\"description\" content=\"B\u00f3nus das casas de apostas indianas Online Free Bets Oferece Melhores Odds para Apostas Desportivas. As melhores hip\u00f3teses para apostas desportivas. Ofertas de inscri\u00e7\u00e3o.\" \/>\n<meta name=\"robots\" content=\"index, follow, max-snippet:-1, max-image-preview:large, max-video-preview:-1\" \/>\n<link rel=\"canonical\" href=\"https:\/\/www.freebetbest.com\/pt-pt\/indiano-casas-de-apostas-bonus\/\" \/>\n<meta property=\"og:locale\" content=\"pt_PT\" \/>\n<meta property=\"og:type\" content=\"article\" \/>\n<meta property=\"og:title\" content=\"B\u00f3nus das casas de apostas indianas\" \/>\n<meta property=\"og:description\" content=\"B\u00f3nus das casas de apostas indianas Online Free Bets Oferece Melhores Odds para Apostas Desportivas. As melhores hip\u00f3teses para apostas desportivas. Ofertas de inscri\u00e7\u00e3o.\" \/>\n<meta property=\"og:url\" content=\"https:\/\/www.freebetbest.com\/pt-pt\/indiano-casas-de-apostas-bonus\/\" \/>\n<meta property=\"og:site_name\" content=\"Aposta Gr\u00e1tis | Cassino online | Apostas de futebol | Melhor Aposta Gr\u00e1tis\" \/>\n<meta property=\"article:modified_time\" content=\"2021-07-28T17:00:38+00:00\" \/>\n<meta property=\"og:image\" content=\"https:\/\/www.freebetbest.com\/wp-content\/uploads\/2021\/06\/Bookmakers-scaled.jpg\" \/>\n\t<meta property=\"og:image:width\" content=\"417\" \/>\n\t<meta property=\"og:image:height\" content=\"180\" \/>\n\t<meta property=\"og:image:type\" content=\"image\/jpeg\" \/>\n<meta name=\"twitter:card\" content=\"summary_large_image\" \/>\n<meta name=\"twitter:label1\" content=\"Tempo estimado de leitura\" \/>\n\t<meta name=\"twitter:data1\" content=\"3 minutos\" \/>\n<script type=\"application\/ld+json\" class=\"yoast-schema-graph\">{\"@context\":\"https:\/\/schema.org\",\"@graph\":[{\"@type\":\"WebPage\",\"@id\":\"https:\/\/www.freebetbest.com\/pt-pt\/indiano-casas-de-apostas-bonus\/\",\"url\":\"https:\/\/www.freebetbest.com\/pt-pt\/indiano-casas-de-apostas-bonus\/\",\"name\":\"B\u00f3nus das casas de apostas indianas, Ofertas de Apostas Gr\u00e1tis Top Online\",\"isPartOf\":{\"@id\":\"https:\/\/www.freebetbest.com\/pt-pt\/#website\"},\"primaryImageOfPage\":{\"@id\":\"https:\/\/www.freebetbest.com\/pt-pt\/indiano-casas-de-apostas-bonus\/#primaryimage\"},\"image\":{\"@id\":\"https:\/\/www.freebetbest.com\/pt-pt\/indiano-casas-de-apostas-bonus\/#primaryimage\"},\"thumbnailUrl\":\"https:\/\/www.freebetbest.com\/wp-content\/uploads\/2021\/06\/Bookmakers-scaled.jpg\",\"datePublished\":\"2021-06-10T16:12:08+00:00\",\"dateModified\":\"2021-07-28T17:00:38+00:00\",\"description\":\"B\u00f3nus das casas de apostas indianas Online Free Bets Oferece Melhores Odds para Apostas Desportivas. As melhores hip\u00f3teses para apostas desportivas. Ofertas de inscri\u00e7\u00e3o.\",\"breadcrumb\":{\"@id\":\"https:\/\/www.freebetbest.com\/pt-pt\/indiano-casas-de-apostas-bonus\/#breadcrumb\"},\"inLanguage\":\"pt-PT\",\"potentialAction\":[{\"@type\":\"ReadAction\",\"target\":[\"https:\/\/www.freebetbest.com\/pt-pt\/indiano-casas-de-apostas-bonus\/\"]}]},{\"@type\":\"ImageObject\",\"inLanguage\":\"pt-PT\",\"@id\":\"https:\/\/www.freebetbest.com\/pt-pt\/indiano-casas-de-apostas-bonus\/#primaryimage\",\"url\":\"https:\/\/www.freebetbest.com\/wp-content\/uploads\/2021\/06\/Bookmakers-scaled.jpg\",\"contentUrl\":\"https:\/\/www.freebetbest.com\/wp-content\/uploads\/2021\/06\/Bookmakers-scaled.jpg\",\"width\":417,\"height\":180,\"caption\":\"B\u00f3nus das casas de apostas da China\"},{\"@type\":\"BreadcrumbList\",\"@id\":\"https:\/\/www.freebetbest.com\/pt-pt\/indiano-casas-de-apostas-bonus\/#breadcrumb\",\"itemListElement\":[{\"@type\":\"ListItem\",\"position\":1,\"name\":\"Home\",\"item\":\"https:\/\/www.freebetbest.com\/pt-pt\/\"},{\"@type\":\"ListItem\",\"position\":2,\"name\":\"B\u00f3nus das casas de apostas indianas\"}]},{\"@type\":\"WebSite\",\"@id\":\"https:\/\/www.freebetbest.com\/pt-pt\/#website\",\"url\":\"https:\/\/www.freebetbest.com\/pt-pt\/\",\"name\":\"Aposta Gr\u00e1tis | Cassino online | Apostas de futebol | Melhor Aposta Gr\u00e1tis\",\"description\":\"As melhores casas de apostas on-line, Oferecem esportes, cassino, p\u00f4quer, bingo e apostas m\u00f3veis, Cassino online ,Apostas de futebol, Melhor Aposta Gr\u00e1tis,  Os principais portais de jogos de azar do mundo.\",\"publisher\":{\"@id\":\"https:\/\/www.freebetbest.com\/pt-pt\/#\/schema\/person\/292684ccf388a2362d507874c5b80a69\"},\"potentialAction\":[{\"@type\":\"SearchAction\",\"target\":{\"@type\":\"EntryPoint\",\"urlTemplate\":\"https:\/\/www.freebetbest.com\/pt-pt\/?s={search_term_string}\"},\"query-input\":{\"@type\":\"PropertyValueSpecification\",\"valueRequired\":true,\"valueName\":\"search_term_string\"}}],\"inLanguage\":\"pt-PT\"},{\"@type\":[\"Person\",\"Organization\"],\"@id\":\"https:\/\/www.freebetbest.com\/pt-pt\/#\/schema\/person\/292684ccf388a2362d507874c5b80a69\",\"name\":\"\u7ba1\u7406\",\"image\":{\"@type\":\"ImageObject\",\"inLanguage\":\"pt-PT\",\"@id\":\"https:\/\/www.freebetbest.com\/pt-pt\/#\/schema\/person\/image\/\",\"url\":\"https:\/\/www.freebetbest.com\/wp-content\/litespeed\/avatar\/49696b52fb15293a2168c14964fdd8b9.jpg?ver=1775625495\",\"contentUrl\":\"https:\/\/www.freebetbest.com\/wp-content\/litespeed\/avatar\/49696b52fb15293a2168c14964fdd8b9.jpg?ver=1775625495\",\"caption\":\"\u7ba1\u7406\"},\"logo\":{\"@id\":\"https:\/\/www.freebetbest.com\/pt-pt\/#\/schema\/person\/image\/\"},\"sameAs\":[\"admin\"]}]}<\/script>\n<!-- \/ Yoast SEO Premium plugin. -->","yoast_head_json":{"title":"B\u00f3nus das casas de apostas indianas, Ofertas de Apostas Gr\u00e1tis Top Online","description":"B\u00f3nus das casas de apostas indianas Online Free Bets Oferece Melhores Odds para Apostas Desportivas. As melhores hip\u00f3teses para apostas desportivas. Ofertas de inscri\u00e7\u00e3o.","robots":{"index":"index","follow":"follow","max-snippet":"max-snippet:-1","max-image-preview":"max-image-preview:large","max-video-preview":"max-video-preview:-1"},"canonical":"https:\/\/www.freebetbest.com\/pt-pt\/indiano-casas-de-apostas-bonus\/","og_locale":"pt_PT","og_type":"article","og_title":"B\u00f3nus das casas de apostas indianas","og_description":"B\u00f3nus das casas de apostas indianas Online Free Bets Oferece Melhores Odds para Apostas Desportivas. As melhores hip\u00f3teses para apostas desportivas. Ofertas de inscri\u00e7\u00e3o.","og_url":"https:\/\/www.freebetbest.com\/pt-pt\/indiano-casas-de-apostas-bonus\/","og_site_name":"Aposta Gr\u00e1tis | Cassino online | Apostas de futebol | Melhor Aposta Gr\u00e1tis","article_modified_time":"2021-07-28T17:00:38+00:00","og_image":[{"width":417,"height":180,"url":"https:\/\/www.freebetbest.com\/wp-content\/uploads\/2021\/06\/Bookmakers-scaled.jpg","type":"image\/jpeg"}],"twitter_card":"summary_large_image","twitter_misc":{"Tempo estimado de leitura":"3 minutos"},"schema":{"@context":"https:\/\/schema.org","@graph":[{"@type":"WebPage","@id":"https:\/\/www.freebetbest.com\/pt-pt\/indiano-casas-de-apostas-bonus\/","url":"https:\/\/www.freebetbest.com\/pt-pt\/indiano-casas-de-apostas-bonus\/","name":"B\u00f3nus das casas de apostas indianas, Ofertas de Apostas Gr\u00e1tis Top Online","isPartOf":{"@id":"https:\/\/www.freebetbest.com\/pt-pt\/#website"},"primaryImageOfPage":{"@id":"https:\/\/www.freebetbest.com\/pt-pt\/indiano-casas-de-apostas-bonus\/#primaryimage"},"image":{"@id":"https:\/\/www.freebetbest.com\/pt-pt\/indiano-casas-de-apostas-bonus\/#primaryimage"},"thumbnailUrl":"https:\/\/www.freebetbest.com\/wp-content\/uploads\/2021\/06\/Bookmakers-scaled.jpg","datePublished":"2021-06-10T16:12:08+00:00","dateModified":"2021-07-28T17:00:38+00:00","description":"B\u00f3nus das casas de apostas indianas Online Free Bets Oferece Melhores Odds para Apostas Desportivas. As melhores hip\u00f3teses para apostas desportivas. Ofertas de inscri\u00e7\u00e3o.","breadcrumb":{"@id":"https:\/\/www.freebetbest.com\/pt-pt\/indiano-casas-de-apostas-bonus\/#breadcrumb"},"inLanguage":"pt-PT","potentialAction":[{"@type":"ReadAction","target":["https:\/\/www.freebetbest.com\/pt-pt\/indiano-casas-de-apostas-bonus\/"]}]},{"@type":"ImageObject","inLanguage":"pt-PT","@id":"https:\/\/www.freebetbest.com\/pt-pt\/indiano-casas-de-apostas-bonus\/#primaryimage","url":"https:\/\/www.freebetbest.com\/wp-content\/uploads\/2021\/06\/Bookmakers-scaled.jpg","contentUrl":"https:\/\/www.freebetbest.com\/wp-content\/uploads\/2021\/06\/Bookmakers-scaled.jpg","width":417,"height":180,"caption":"B\u00f3nus das casas de apostas da China"},{"@type":"BreadcrumbList","@id":"https:\/\/www.freebetbest.com\/pt-pt\/indiano-casas-de-apostas-bonus\/#breadcrumb","itemListElement":[{"@type":"ListItem","position":1,"name":"Home","item":"https:\/\/www.freebetbest.com\/pt-pt\/"},{"@type":"ListItem","position":2,"name":"B\u00f3nus das casas de apostas indianas"}]},{"@type":"WebSite","@id":"https:\/\/www.freebetbest.com\/pt-pt\/#website","url":"https:\/\/www.freebetbest.com\/pt-pt\/","name":"Aposta Gr\u00e1tis | Cassino online | Apostas de futebol | Melhor Aposta Gr\u00e1tis","description":"As melhores casas de apostas on-line, Oferecem esportes, cassino, p\u00f4quer, bingo e apostas m\u00f3veis, Cassino online ,Apostas de futebol, Melhor Aposta Gr\u00e1tis,  Os principais portais de jogos de azar do mundo.","publisher":{"@id":"https:\/\/www.freebetbest.com\/pt-pt\/#\/schema\/person\/292684ccf388a2362d507874c5b80a69"},"potentialAction":[{"@type":"SearchAction","target":{"@type":"EntryPoint","urlTemplate":"https:\/\/www.freebetbest.com\/pt-pt\/?s={search_term_string}"},"query-input":{"@type":"PropertyValueSpecification","valueRequired":true,"valueName":"search_term_string"}}],"inLanguage":"pt-PT"},{"@type":["Person","Organization"],"@id":"https:\/\/www.freebetbest.com\/pt-pt\/#\/schema\/person\/292684ccf388a2362d507874c5b80a69","name":"\u7ba1\u7406","image":{"@type":"ImageObject","inLanguage":"pt-PT","@id":"https:\/\/www.freebetbest.com\/pt-pt\/#\/schema\/person\/image\/","url":"https:\/\/www.freebetbest.com\/wp-content\/litespeed\/avatar\/49696b52fb15293a2168c14964fdd8b9.jpg?ver=1775625495","contentUrl":"https:\/\/www.freebetbest.com\/wp-content\/litespeed\/avatar\/49696b52fb15293a2168c14964fdd8b9.jpg?ver=1775625495","caption":"\u7ba1\u7406"},"logo":{"@id":"https:\/\/www.freebetbest.com\/pt-pt\/#\/schema\/person\/image\/"},"sameAs":["admin"]}]}},"_links":{"self":[{"href":"https:\/\/www.freebetbest.com\/pt-pt\/wp-json\/wp\/v2\/pages\/129308","targetHints":{"allow":["GET"]}}],"collection":[{"href":"https:\/\/www.freebetbest.com\/pt-pt\/wp-json\/wp\/v2\/pages"}],"about":[{"href":"https:\/\/www.freebetbest.com\/pt-pt\/wp-json\/wp\/v2\/types\/page"}],"author":[{"embeddable":true,"href":"https:\/\/www.freebetbest.com\/pt-pt\/wp-json\/wp\/v2\/users\/1"}],"replies":[{"embeddable":true,"href":"https:\/\/www.freebetbest.com\/pt-pt\/wp-json\/wp\/v2\/comments?post=129308"}],"version-history":[{"count":0,"href":"https:\/\/www.freebetbest.com\/pt-pt\/wp-json\/wp\/v2\/pages\/129308\/revisions"}],"wp:featuredmedia":[{"embeddable":true,"href":"https:\/\/www.freebetbest.com\/pt-pt\/wp-json\/wp\/v2\/media\/125274"}],"wp:attachment":[{"href":"https:\/\/www.freebetbest.com\/pt-pt\/wp-json\/wp\/v2\/media?parent=129308"}],"curies":[{"name":"wp","href":"https:\/\/api.w.org\/{rel}","templated":true}]}}