{"id":129276,"date":"2021-06-10T11:36:03","date_gmt":"2021-06-10T11:36:03","guid":{"rendered":"https:\/\/www.freebetbest.com\/europa-casas-de-apostas-bonus\/"},"modified":"2021-07-29T09:53:25","modified_gmt":"2021-07-29T09:53:25","slug":"b%c3%b3nus-das-casas-de-apostas-da-europa","status":"publish","type":"page","link":"https:\/\/www.freebetbest.com\/pt-pt\/b%c3%b3nus-das-casas-de-apostas-da-europa\/","title":{"rendered":"B\u00f3nus das casas de apostas da Europa"},"content":{"rendered":"<h2>B\u00f3nus da casa de apostas europeia Recompensas<\/h2>\nB\u00f3nus adicionais para apostas desportivas. J\u00e1 \u00e9 a base das apostas. A raz\u00e3o por detr\u00e1s disto \u00e9. Compense novos jogadores. Escolha o b\u00f3nus de casas de apostas da Europa e forne\u00e7a-lhes recompensas adicionais. Gere um adiantamento e come\u00e7a o jogo.\n<h3>Especialmente quando se pode tentar inicialmente. <a href=\"https:\/\/www.freebetsinfo.co.uk\/europe-bookmakers\/\">B\u00f3nus das casas de apostas europeias<\/a><\/h3>\nB\u00f3nus das casas de apostas. Pode afetar a sua persist\u00eancia. De acordo com as empresas de apostas desportivas, a oferta mais agrad\u00e1vel. \u00c9 adicionar um b\u00f3nus, isto \u00e9, no seu primeiro pagamento inicial. Adicione um certo montante de fundos de b\u00f3nus, o montante pode variar de 50% a 200%.\n<h3>Tornar o B\u00f3nus das Casas de Apostas da Europa \u00f3bvio<\/h3>\nDeve conhecer a casa de apostas. Proporcione-lhe as melhores recompensas criativas. Como ver\u00e3o, responder n\u00e3o \u00e9 f\u00e1cil, e fatores como termos ocultos desempenham um papel importante. Al\u00e9m disso, existem realmente classifica\u00e7\u00f5es atuais com base no feedback dos jogadores e freebetbest.com testes pessoais.\n<h3>B\u00f3nus europeus de casa de apostas. Como \u00e9 que funciona?<\/h3>\nPara come\u00e7ar a <a href=\"https:\/\/www.freebetbest.com\/europe-bookmakers-bonus\/\">apostar em esportes<\/a>rent\u00e1veis, deve saber que as apostas desportivas est\u00e3o em andamento. O b\u00f3nus aumentado melhorar\u00e1 a sua situa\u00e7\u00e3o financeira.\n<h3>A tua hip\u00f3tese de sucesso.<\/h3>\nSempre que te juntas a uma empresa de apostas. Ao pagar o pagamento inicial, pode optar por fazer uma proposta para aumentar substancialmente os seus fundos.\n\nIsto pode variar de 25% a 200%. Em palavras e frases b\u00e1sicas, ter\u00e1s mais rendimento. Para fazer uma aposta maior. Ou fazer uma aposta noutras ocasi\u00f5es.\n\nNo entanto, certas condi\u00e7\u00f5es facilitam a b\u00f3nus dos dep\u00f3sitos de jogo. A decis\u00e3o de se tornar eficaz ou possivelmente errada.\n\nCada an\u00fancio tem determinados requisitos, se quiser retirar o b\u00f3nus, deve cumprir estes requisitos.\n\nNenhuma dimens\u00e3o pode satisfazer todos os mantimentos. Em compara\u00e7\u00e3o com os benef\u00edcios do encorajamento total, o lan\u00e7amento da aposta Free pode ser menor, mas os requisitos s\u00e3o mais relaxados, o que aumentar\u00e1 o n\u00edvel de recursos, mas as condi\u00e7\u00f5es s\u00e3o mais rigorosas.\n<h3>O B\u00f3nus das Casas de Apostas da Europa considera que as recompensas de apostas desportivas s\u00e3o muito importantes.<\/h3>\nEles sabem ofertas de boas-vindas suficientes. Vai atrair novos atletas. E providenciar uma compensa\u00e7\u00e3o muito boa. Al\u00e9m disso, pode-se estabelecer que um continuar\u00e1 a ser mantido. Uma base de participantes leais e providenciar casas de apostas. Em conclus\u00e3o, boa conversa e boa reputa\u00e7\u00e3o sobre o seu mercado.\n<h3>Quais as transa\u00e7\u00f5es de b\u00f3nus das casas de apostas s\u00e3o as mais lucrativas<\/h3>\nQuais as transa\u00e7\u00f5es de b\u00f3nus de apostas desportivas mais lucrativas? Acabou de estar com a sua casa de apostas. Assinou um contrato, quer ver. A parte b\u00f3nus do investimento inicial. Pode esperar pelo seu encorajamento. Em conclus\u00e3o, pode ser gratuito para si, mas muitas recompensas de apostas desportivas foram aprendidas.\n<h3>Isto \u00e9 muito valioso, desde que conhe\u00e7a as condi\u00e7\u00f5es de cota\u00e7\u00e3o de cada registo.<\/h3>\nB\u00f3nus completo do seu padr\u00e3o. Entrega a apostas gratuitas ou investimentos correspondentes. E tudo o que est\u00e1 envolvido.\n<h3>Pr\u00e9mio B\u00f3nus de Melhor Europa para casas de apostas<\/h3>\nDeterminou a melhor empresa de apostas. Transa\u00e7\u00f5es de b\u00f3nus. Das recompensas de apostas. Fa\u00e7a escolhas, como apostas gratuitas, sem b\u00f3nus de dep\u00f3sito. E s\u00e3o dadas instru\u00e7\u00f5es aos pa\u00edses europeus. A maior empresa de jogos registada. Anuncie o melhor aqui. Em conclus\u00e3o, a maior recompensa de jogo online!\n<h3>Receitas da empresa de jogos<\/h3>\nA casa de apostas oferece uma variedade de apostas. Reconhecido por b\u00f3nus adicionais. Registe-se e possua uma empresa de jogos. Normalmente trazida at\u00e9 si. Boa recompensa de boas-vindas. H\u00e1 muitas casas de apostas. Tente atra\u00ed-lo como jogador. Escolha-os como a empresa de apostas. Alinhar.\n\nMas mesmo que j\u00e1 esteja com base na Internet. As casas de apostas est\u00e3o confusas h\u00e1 algum tempo, e tamb\u00e9m pode estar em muitas situa\u00e7\u00f5es. Gerar d\u00f3lares de jogo. Ou pode ser uma aposta gr\u00e1tis. Usando a nossa lista de b\u00f3nus \u00fateis, pode saber exatamente. A casa de apostas espera por si. Em conclus\u00e3o, que b\u00f3nus existentes foram recebidos!\n\n<!-- \/wp:post-content -->","protected":false},"excerpt":{"rendered":"<p>B\u00f3nus das Casas de Apostas da Europa, ajude-o a obter o melhor b\u00f3nus de boas-vindas pronto e b\u00f3nus gr\u00e1tis<\/p>\n<div class=\"hero-cup-section\">\n<div class=\"row mb-4\">\n<div class=\"col-md-7\">\n<div class=\"section-area\">\n<div class=\"section-list\">\n<li style=\"text-align: left\"><img decoding=\"async\" src=\"https:\/\/www.freebetbest.com\/wp-content\/uploads\/2021\/06\/tick.png\" alt=\"Esportes\">  B\u00f3nus de boas-vindas do Casino Desportivo.<\/li>\n<li style=\"text-align: left\"><img decoding=\"async\" src=\"https:\/\/www.freebetbest.com\/wp-content\/uploads\/2021\/06\/tick.png\" alt=\"ofertas de jogos\">  Os corretores online oferecem &amp; promo\u00e7\u00f5es.<\/li>\n<li style=\"text-align: left\"><img decoding=\"async\" src=\"https:\/\/www.freebetbest.com\/wp-content\/uploads\/2021\/06\/tick.png\" alt=\"ofertas de jogos\">  Os melhores apostadores online em que pode confiar.<\/li>\n<li style=\"text-align: left\"><img decoding=\"async\" src=\"https:\/\/www.freebetbest.com\/wp-content\/uploads\/2021\/06\/tick.png\" alt=\"Autorit\u00e1rio\">  Revis\u00e3o autorit\u00e1ria Seguro fi\u00e1vel.<\/li>\n<li style=\"text-align: left\"><img decoding=\"async\" src=\"https:\/\/www.freebetbest.com\/wp-content\/uploads\/2021\/06\/tick.png\" alt=\"Levantamentos r\u00e1pidos\">  Suporte de APLICATIVO M\u00f3vel, Levantamentos R\u00e1pidos.<\/li>\n<li style=\"text-align: left\"><img decoding=\"async\" src=\"https:\/\/www.freebetbest.com\/wp-content\/uploads\/2021\/06\/tick.png\" alt=\"Apoio ao cliente\">  Suporte ao cliente: 365 dias, 24 horas por dia.<\/li>\n<\/div>\n<\/div>\n<\/div>\n<div class=\"col-md-5\">\n<div class=\"cup-img\"><img decoding=\"async\" src=\"https:\/\/www.freebetbest.com\/wp-content\/uploads\/2021\/06\/Europe.png\" alt=\"freebetbest\"><\/div>\n<\/div>\n<\/div>\n","protected":false},"author":1,"featured_media":125274,"parent":0,"menu_order":0,"comment_status":"closed","ping_status":"closed","template":"europe-template.php","meta":{"footnotes":""},"class_list":["post-129276","page","type-page","status-publish","has-post-thumbnail","hentry"],"yoast_head":"<!-- This site is optimized with the Yoast SEO Premium plugin v19.5 (Yoast SEO v27.0) - https:\/\/yoast.com\/product\/yoast-seo-premium-wordpress\/ -->\n<title>B\u00f3nus das casas de apostas da Europa, Ofertas de Inscri\u00e7\u00e3o. Site Safe &amp; Secure.<\/title>\n<meta name=\"description\" content=\"B\u00f3nus das casas de apostas da Europa (B\u00f3nus de primeiro dep\u00f3sito, aposta gratuita Sem b\u00f3nus de dep\u00f3sito),Ofertas de Inscri\u00e7\u00e3o. Site Safe &amp; Secure. Os mais altos b\u00f3nus de boas-vindas\" \/>\n<meta name=\"robots\" content=\"index, follow, max-snippet:-1, max-image-preview:large, max-video-preview:-1\" \/>\n<link rel=\"canonical\" href=\"https:\/\/www.freebetbest.com\/pt-pt\/b%c3%b3nus-das-casas-de-apostas-da-europa\/\" \/>\n<meta property=\"og:locale\" content=\"pt_PT\" \/>\n<meta property=\"og:type\" content=\"article\" \/>\n<meta property=\"og:title\" content=\"B\u00f3nus das casas de apostas da Europa\" \/>\n<meta property=\"og:description\" content=\"B\u00f3nus das casas de apostas da Europa (B\u00f3nus de primeiro dep\u00f3sito, aposta gratuita Sem b\u00f3nus de dep\u00f3sito),Ofertas de Inscri\u00e7\u00e3o. Site Safe &amp; Secure. Os mais altos b\u00f3nus de boas-vindas\" \/>\n<meta property=\"og:url\" content=\"https:\/\/www.freebetbest.com\/pt-pt\/b%c3%b3nus-das-casas-de-apostas-da-europa\/\" \/>\n<meta property=\"og:site_name\" content=\"Aposta Gr\u00e1tis | Cassino online | Apostas de futebol | Melhor Aposta Gr\u00e1tis\" \/>\n<meta property=\"article:modified_time\" content=\"2021-07-29T09:53:25+00:00\" \/>\n<meta property=\"og:image\" content=\"https:\/\/www.freebetbest.com\/wp-content\/uploads\/2021\/06\/Bookmakers-scaled.jpg\" \/>\n\t<meta property=\"og:image:width\" content=\"417\" \/>\n\t<meta property=\"og:image:height\" content=\"180\" \/>\n\t<meta property=\"og:image:type\" content=\"image\/jpeg\" \/>\n<meta name=\"twitter:card\" content=\"summary_large_image\" \/>\n<meta name=\"twitter:label1\" content=\"Tempo estimado de leitura\" \/>\n\t<meta name=\"twitter:data1\" content=\"3 minutos\" \/>\n<script type=\"application\/ld+json\" class=\"yoast-schema-graph\">{\"@context\":\"https:\/\/schema.org\",\"@graph\":[{\"@type\":\"WebPage\",\"@id\":\"https:\/\/www.freebetbest.com\/pt-pt\/b%c3%b3nus-das-casas-de-apostas-da-europa\/\",\"url\":\"https:\/\/www.freebetbest.com\/pt-pt\/b%c3%b3nus-das-casas-de-apostas-da-europa\/\",\"name\":\"B\u00f3nus das casas de apostas da Europa, Ofertas de Inscri\u00e7\u00e3o. Site Safe & Secure.\",\"isPartOf\":{\"@id\":\"https:\/\/www.freebetbest.com\/pt-pt\/#website\"},\"primaryImageOfPage\":{\"@id\":\"https:\/\/www.freebetbest.com\/pt-pt\/b%c3%b3nus-das-casas-de-apostas-da-europa\/#primaryimage\"},\"image\":{\"@id\":\"https:\/\/www.freebetbest.com\/pt-pt\/b%c3%b3nus-das-casas-de-apostas-da-europa\/#primaryimage\"},\"thumbnailUrl\":\"https:\/\/www.freebetbest.com\/wp-content\/uploads\/2021\/06\/Bookmakers-scaled.jpg\",\"datePublished\":\"2021-06-10T11:36:03+00:00\",\"dateModified\":\"2021-07-29T09:53:25+00:00\",\"description\":\"B\u00f3nus das casas de apostas da Europa (B\u00f3nus de primeiro dep\u00f3sito, aposta gratuita Sem b\u00f3nus de dep\u00f3sito),Ofertas de Inscri\u00e7\u00e3o. Site Safe & Secure. Os mais altos b\u00f3nus de boas-vindas\",\"breadcrumb\":{\"@id\":\"https:\/\/www.freebetbest.com\/pt-pt\/b%c3%b3nus-das-casas-de-apostas-da-europa\/#breadcrumb\"},\"inLanguage\":\"pt-PT\",\"potentialAction\":[{\"@type\":\"ReadAction\",\"target\":[\"https:\/\/www.freebetbest.com\/pt-pt\/b%c3%b3nus-das-casas-de-apostas-da-europa\/\"]}]},{\"@type\":\"ImageObject\",\"inLanguage\":\"pt-PT\",\"@id\":\"https:\/\/www.freebetbest.com\/pt-pt\/b%c3%b3nus-das-casas-de-apostas-da-europa\/#primaryimage\",\"url\":\"https:\/\/www.freebetbest.com\/wp-content\/uploads\/2021\/06\/Bookmakers-scaled.jpg\",\"contentUrl\":\"https:\/\/www.freebetbest.com\/wp-content\/uploads\/2021\/06\/Bookmakers-scaled.jpg\",\"width\":417,\"height\":180,\"caption\":\"B\u00f3nus das casas de apostas da China\"},{\"@type\":\"BreadcrumbList\",\"@id\":\"https:\/\/www.freebetbest.com\/pt-pt\/b%c3%b3nus-das-casas-de-apostas-da-europa\/#breadcrumb\",\"itemListElement\":[{\"@type\":\"ListItem\",\"position\":1,\"name\":\"Home\",\"item\":\"https:\/\/www.freebetbest.com\/pt-pt\/\"},{\"@type\":\"ListItem\",\"position\":2,\"name\":\"B\u00f3nus das casas de apostas da Europa\"}]},{\"@type\":\"WebSite\",\"@id\":\"https:\/\/www.freebetbest.com\/pt-pt\/#website\",\"url\":\"https:\/\/www.freebetbest.com\/pt-pt\/\",\"name\":\"Aposta Gr\u00e1tis | Cassino online | Apostas de futebol | Melhor Aposta Gr\u00e1tis\",\"description\":\"As melhores casas de apostas on-line, Oferecem esportes, cassino, p\u00f4quer, bingo e apostas m\u00f3veis, Cassino online ,Apostas de futebol, Melhor Aposta Gr\u00e1tis,  Os principais portais de jogos de azar do mundo.\",\"publisher\":{\"@id\":\"https:\/\/www.freebetbest.com\/pt-pt\/#\/schema\/person\/292684ccf388a2362d507874c5b80a69\"},\"potentialAction\":[{\"@type\":\"SearchAction\",\"target\":{\"@type\":\"EntryPoint\",\"urlTemplate\":\"https:\/\/www.freebetbest.com\/pt-pt\/?s={search_term_string}\"},\"query-input\":{\"@type\":\"PropertyValueSpecification\",\"valueRequired\":true,\"valueName\":\"search_term_string\"}}],\"inLanguage\":\"pt-PT\"},{\"@type\":[\"Person\",\"Organization\"],\"@id\":\"https:\/\/www.freebetbest.com\/pt-pt\/#\/schema\/person\/292684ccf388a2362d507874c5b80a69\",\"name\":\"\u7ba1\u7406\",\"image\":{\"@type\":\"ImageObject\",\"inLanguage\":\"pt-PT\",\"@id\":\"https:\/\/www.freebetbest.com\/pt-pt\/#\/schema\/person\/image\/\",\"url\":\"https:\/\/www.freebetbest.com\/wp-content\/litespeed\/avatar\/49696b52fb15293a2168c14964fdd8b9.jpg?ver=1777439934\",\"contentUrl\":\"https:\/\/www.freebetbest.com\/wp-content\/litespeed\/avatar\/49696b52fb15293a2168c14964fdd8b9.jpg?ver=1777439934\",\"caption\":\"\u7ba1\u7406\"},\"logo\":{\"@id\":\"https:\/\/www.freebetbest.com\/pt-pt\/#\/schema\/person\/image\/\"},\"sameAs\":[\"admin\"]}]}<\/script>\n<!-- \/ Yoast SEO Premium plugin. -->","yoast_head_json":{"title":"B\u00f3nus das casas de apostas da Europa, Ofertas de Inscri\u00e7\u00e3o. Site Safe & Secure.","description":"B\u00f3nus das casas de apostas da Europa (B\u00f3nus de primeiro dep\u00f3sito, aposta gratuita Sem b\u00f3nus de dep\u00f3sito),Ofertas de Inscri\u00e7\u00e3o. Site Safe & Secure. Os mais altos b\u00f3nus de boas-vindas","robots":{"index":"index","follow":"follow","max-snippet":"max-snippet:-1","max-image-preview":"max-image-preview:large","max-video-preview":"max-video-preview:-1"},"canonical":"https:\/\/www.freebetbest.com\/pt-pt\/b%c3%b3nus-das-casas-de-apostas-da-europa\/","og_locale":"pt_PT","og_type":"article","og_title":"B\u00f3nus das casas de apostas da Europa","og_description":"B\u00f3nus das casas de apostas da Europa (B\u00f3nus de primeiro dep\u00f3sito, aposta gratuita Sem b\u00f3nus de dep\u00f3sito),Ofertas de Inscri\u00e7\u00e3o. Site Safe & Secure. Os mais altos b\u00f3nus de boas-vindas","og_url":"https:\/\/www.freebetbest.com\/pt-pt\/b%c3%b3nus-das-casas-de-apostas-da-europa\/","og_site_name":"Aposta Gr\u00e1tis | Cassino online | Apostas de futebol | Melhor Aposta Gr\u00e1tis","article_modified_time":"2021-07-29T09:53:25+00:00","og_image":[{"width":417,"height":180,"url":"https:\/\/www.freebetbest.com\/wp-content\/uploads\/2021\/06\/Bookmakers-scaled.jpg","type":"image\/jpeg"}],"twitter_card":"summary_large_image","twitter_misc":{"Tempo estimado de leitura":"3 minutos"},"schema":{"@context":"https:\/\/schema.org","@graph":[{"@type":"WebPage","@id":"https:\/\/www.freebetbest.com\/pt-pt\/b%c3%b3nus-das-casas-de-apostas-da-europa\/","url":"https:\/\/www.freebetbest.com\/pt-pt\/b%c3%b3nus-das-casas-de-apostas-da-europa\/","name":"B\u00f3nus das casas de apostas da Europa, Ofertas de Inscri\u00e7\u00e3o. Site Safe & Secure.","isPartOf":{"@id":"https:\/\/www.freebetbest.com\/pt-pt\/#website"},"primaryImageOfPage":{"@id":"https:\/\/www.freebetbest.com\/pt-pt\/b%c3%b3nus-das-casas-de-apostas-da-europa\/#primaryimage"},"image":{"@id":"https:\/\/www.freebetbest.com\/pt-pt\/b%c3%b3nus-das-casas-de-apostas-da-europa\/#primaryimage"},"thumbnailUrl":"https:\/\/www.freebetbest.com\/wp-content\/uploads\/2021\/06\/Bookmakers-scaled.jpg","datePublished":"2021-06-10T11:36:03+00:00","dateModified":"2021-07-29T09:53:25+00:00","description":"B\u00f3nus das casas de apostas da Europa (B\u00f3nus de primeiro dep\u00f3sito, aposta gratuita Sem b\u00f3nus de dep\u00f3sito),Ofertas de Inscri\u00e7\u00e3o. Site Safe & Secure. Os mais altos b\u00f3nus de boas-vindas","breadcrumb":{"@id":"https:\/\/www.freebetbest.com\/pt-pt\/b%c3%b3nus-das-casas-de-apostas-da-europa\/#breadcrumb"},"inLanguage":"pt-PT","potentialAction":[{"@type":"ReadAction","target":["https:\/\/www.freebetbest.com\/pt-pt\/b%c3%b3nus-das-casas-de-apostas-da-europa\/"]}]},{"@type":"ImageObject","inLanguage":"pt-PT","@id":"https:\/\/www.freebetbest.com\/pt-pt\/b%c3%b3nus-das-casas-de-apostas-da-europa\/#primaryimage","url":"https:\/\/www.freebetbest.com\/wp-content\/uploads\/2021\/06\/Bookmakers-scaled.jpg","contentUrl":"https:\/\/www.freebetbest.com\/wp-content\/uploads\/2021\/06\/Bookmakers-scaled.jpg","width":417,"height":180,"caption":"B\u00f3nus das casas de apostas da China"},{"@type":"BreadcrumbList","@id":"https:\/\/www.freebetbest.com\/pt-pt\/b%c3%b3nus-das-casas-de-apostas-da-europa\/#breadcrumb","itemListElement":[{"@type":"ListItem","position":1,"name":"Home","item":"https:\/\/www.freebetbest.com\/pt-pt\/"},{"@type":"ListItem","position":2,"name":"B\u00f3nus das casas de apostas da Europa"}]},{"@type":"WebSite","@id":"https:\/\/www.freebetbest.com\/pt-pt\/#website","url":"https:\/\/www.freebetbest.com\/pt-pt\/","name":"Aposta Gr\u00e1tis | Cassino online | Apostas de futebol | Melhor Aposta Gr\u00e1tis","description":"As melhores casas de apostas on-line, Oferecem esportes, cassino, p\u00f4quer, bingo e apostas m\u00f3veis, Cassino online ,Apostas de futebol, Melhor Aposta Gr\u00e1tis,  Os principais portais de jogos de azar do mundo.","publisher":{"@id":"https:\/\/www.freebetbest.com\/pt-pt\/#\/schema\/person\/292684ccf388a2362d507874c5b80a69"},"potentialAction":[{"@type":"SearchAction","target":{"@type":"EntryPoint","urlTemplate":"https:\/\/www.freebetbest.com\/pt-pt\/?s={search_term_string}"},"query-input":{"@type":"PropertyValueSpecification","valueRequired":true,"valueName":"search_term_string"}}],"inLanguage":"pt-PT"},{"@type":["Person","Organization"],"@id":"https:\/\/www.freebetbest.com\/pt-pt\/#\/schema\/person\/292684ccf388a2362d507874c5b80a69","name":"\u7ba1\u7406","image":{"@type":"ImageObject","inLanguage":"pt-PT","@id":"https:\/\/www.freebetbest.com\/pt-pt\/#\/schema\/person\/image\/","url":"https:\/\/www.freebetbest.com\/wp-content\/litespeed\/avatar\/49696b52fb15293a2168c14964fdd8b9.jpg?ver=1777439934","contentUrl":"https:\/\/www.freebetbest.com\/wp-content\/litespeed\/avatar\/49696b52fb15293a2168c14964fdd8b9.jpg?ver=1777439934","caption":"\u7ba1\u7406"},"logo":{"@id":"https:\/\/www.freebetbest.com\/pt-pt\/#\/schema\/person\/image\/"},"sameAs":["admin"]}]}},"_links":{"self":[{"href":"https:\/\/www.freebetbest.com\/pt-pt\/wp-json\/wp\/v2\/pages\/129276","targetHints":{"allow":["GET"]}}],"collection":[{"href":"https:\/\/www.freebetbest.com\/pt-pt\/wp-json\/wp\/v2\/pages"}],"about":[{"href":"https:\/\/www.freebetbest.com\/pt-pt\/wp-json\/wp\/v2\/types\/page"}],"author":[{"embeddable":true,"href":"https:\/\/www.freebetbest.com\/pt-pt\/wp-json\/wp\/v2\/users\/1"}],"replies":[{"embeddable":true,"href":"https:\/\/www.freebetbest.com\/pt-pt\/wp-json\/wp\/v2\/comments?post=129276"}],"version-history":[{"count":0,"href":"https:\/\/www.freebetbest.com\/pt-pt\/wp-json\/wp\/v2\/pages\/129276\/revisions"}],"wp:featuredmedia":[{"embeddable":true,"href":"https:\/\/www.freebetbest.com\/pt-pt\/wp-json\/wp\/v2\/media\/125274"}],"wp:attachment":[{"href":"https:\/\/www.freebetbest.com\/pt-pt\/wp-json\/wp\/v2\/media?parent=129276"}],"curies":[{"name":"wp","href":"https:\/\/api.w.org\/{rel}","templated":true}]}}