{"id":129193,"date":"2021-06-10T12:02:39","date_gmt":"2021-06-10T12:02:39","guid":{"rendered":"https:\/\/www.freebetbest.com\/china-casas-de-apostas-bonus\/"},"modified":"2021-07-29T09:52:24","modified_gmt":"2021-07-29T09:52:24","slug":"b%c3%b3nus-das-casas-de-apostas-da-china","status":"publish","type":"page","link":"https:\/\/www.freebetbest.com\/pt-pt\/b%c3%b3nus-das-casas-de-apostas-da-china\/","title":{"rendered":"B\u00f3nus das casas de apostas da China"},"content":{"rendered":"<h3>Jogadores chineses \u00e0 procura do melhor B\u00f3nus das Casas de Apostas da China<\/h3>\nDevia saber exatamente o porqu\u00ea. Agora temos. O b\u00f3nus mais eficaz das casas de apostas chinesas. Em sites de apostas na Internet <a href=\"https:\/\/www.freebetsinfo.co.uk\/china-online-bookmakers\/\">anal\u00edtica.<\/a> Resumir o nosso jogo em partes da \u00c1sia quando a lista principal de parceiros. Analisamos constantemente os \u00faltimos websites. Para garantir que as nossas classifica\u00e7\u00f5es e recomenda\u00e7\u00f5es s\u00e3o atualizadas.\n\nListado aqui. \u00c9 que estamos a delinear. Todas as internets de fornecedores chineses. Atividades desportivas nos sites de jogos. Tente encontrar alguns dos padr\u00f5es mais importantes.\n<h3>China Casas de Apostas Estatuto e Prote\u00e7\u00e3o<\/h3>\nQuando quiser encontrar o certo. A seguran\u00e7a \u00e9 fundamental quando as <a href=\"https:\/\/www.freebetsinfo.co.uk\/china-online-bookmakers\/\">apostas desportivas asi\u00e1ticas.<\/a> N\u00f3s testamos. Sites de apostas em cada regi\u00e3o asi\u00e1tica para garantir que cumprem as normas de prote\u00e7\u00e3o.\n<h3>B\u00f3nus das casas de apostas da China fazem uma escolha<\/h3>\nSobre o fornecedor na China. Ao fazer apostas online, os m\u00e9todos de liquida\u00e7\u00e3o na Internet s\u00e3o cruciais. Garantimos o m\u00e9todo de liquida\u00e7\u00e3o. \u00c9 simples e simples para si pessoalmente. Quer sejas apaixonado por isso. Use Alipay e outras carteiras eletr\u00f3nicas, ou opte por usar UnionPay, etc. Reembolso de cart\u00f5es de cr\u00e9dito banc\u00e1rios, pode sempre encontrar oportunidades no nosso site de topo.\n<h3>Segmento competitivo do mercado do jogo<\/h3>\nTem uma vasta gama de mercados de com\u00e9rcio desportivo. A escolha tamb\u00e9m \u00e9 muito importante. Claro que a maioria de n\u00f3s gosta. Apostar no futebol e no basquetebol, mas j\u00e1 pensou em outros desportos? Bem, em importantes ligas internacionais. Ou em quase qualquer lugar do mundo. Que tal apostar no jogo? Somos o Extremo Oriente. Forne\u00e7a uma lista de sites que incentivem as apostas desportivas.\n\nAtrav\u00e9s desta p\u00e1gina. O maior site de apostas asi\u00e1ticas, pode ser livremente no mundo. Apostando em todos os eventos desportivos profissionais importantes.\n<h3>China Bookmakers B\u00f3nus Melhores odds<\/h3>\nNa nossa lideran\u00e7a. No site chin\u00eas de apostas desportivas. As probabilidades de obter o valor mais alto. Significa que vai apostar em apostas lucrativas. Ganhar mais dinheiro. Vamos verificar quais casas de apostas. Fornecido para a regi\u00e3o asi\u00e1tica. A melhor oportunidade para uma s\u00e9rie de atividades desportivas.\n\nPode confiar em n\u00f3s para fazer. Apostas desportivas online legais na \u00c1sia. Encontre a melhor op\u00e7\u00e3o. Promovemos competi\u00e7\u00f5es em alguns pa\u00edses\/regi\u00f5es asi\u00e1ticos.\n\nAo registar-se no site de apostas ideal na \u00c1sia, voc\u00ea vai obt\u00ea-lo imediatamente. Eventos desportivos ao vivo de todo o mundo. Mercados comerciais e oportunidades. Site de apostas desportivas asi\u00e1ticas escolhe o futebol para todos os planos. E quase todos os outros majors. Os profissionais do desporto oferecem descontos.\n\nQuer se realize na \u00c1sia. Concorrentes locais, ou eventos realizados na \u00c1sia, Estados Unidos ou partes da Europa, voc\u00ea pode fazer apostas e obter dinheiro.\n<h3><a href=\"https:\/\/www.freebetbest.com\/betting-sites\/\">Apostas de futebol<\/a><\/h3>\nO futebol \u00e9 uma atividade desportiva muito popular usada para competi\u00e7\u00f5es. Super Liga Chinesa. Em partes da \u00c1sia. Tem atra\u00eddo muita aten\u00e7\u00e3o, e podes fazer apostas com base nos resultados destes jogos. Da mesma forma, o nosso site de apostas oriental confi\u00e1vel. Tudo pela sua Premier League.\n\nE outras ligas e torneios de confian\u00e7a. Fornecer odds digitais. Se quiser apostar. A nossa mais querida sele\u00e7\u00e3o nacional, todo o Campeonato do Mundo. \u00c9 definitivamente uma escolha clara.\n\nNo nosso B\u00f3nus das Casas de Apostas da China. O site de apostas com a pontua\u00e7\u00e3o mais alta. A pr\u00f3xima aposta j\u00e1 foi feita? N\u00e3o tens de aguentar por muito tempo. Em suma, \u00e9 muito f\u00e1cil juntar-se e come\u00e7ar, e s\u00f3 leva pouco tempo.\n\nSe queres tornar o programa mais simples e simples, ent\u00e3o tudo o que tens de fazer \u00e9. E talvez queira s\u00ea-lo no futuro. Um dos fornecedores chineses. Quase todos os sites de apostas desportivas. O processo usado \u00e9 o mesmo. Recomendamos que se mantenha. A nossa casa de apostas mais bem classificada, em suma. Porque os encontramos. \u00c9 a escolha mais segura para os jogadores de apostas asi\u00e1ticos.\n<h3>Escolha as suas casas de apostas favoritas da China<\/h3>\nAs casas de apostas que encorajamos s\u00e3o \u00f3timas, mas ainda assim deves descobrir. Em qual gosta mais de apostar? Carregue o site da nossa lista. E olha. N\u00e3o precisa de muito tempo. Pode determinar que experi\u00eancia. O que \u00e9 desej\u00e1vel para si, o que se adequa \u00e0s suas prefer\u00eancias. Talvez esteja \u00e0 procura de um. Cont\u00e9m muitos lucros de jogo. Ou site de bem-estar. Resumindo. N\u00e3o se preocupe, estar\u00e1 na nossa lista. Encontre uma casa de apostas que cumpra os seus ideais.\n\n<!-- \/wp:post-content -->","protected":false},"excerpt":{"rendered":"<p>O b\u00f3nus de boas-vindas de apostas desportivas mais comuns. Ofertas e promo\u00e7\u00f5es de casino online na China, Casas de Apostas Online Trusted Best.<\/p>\n<div class=\"hero-cup-section\">\n<div class=\"row mb-4\">\n<div class=\"col-md-7\">\n<div class=\"section-area\">\n<div class=\"section-list\">\n<li style=\"text-align: left\"><img decoding=\"async\" src=\"https:\/\/www.freebetbest.com\/wp-content\/uploads\/2021\/06\/tick.png\" alt=\"Esportes\">  B\u00f3nus de boas-vindas do Casino Desportivo.<\/li>\n<li style=\"text-align: left\"><img decoding=\"async\" src=\"https:\/\/www.freebetbest.com\/wp-content\/uploads\/2021\/06\/tick.png\" alt=\"ofertas de jogos\">  Os corretores online oferecem &amp; promo\u00e7\u00f5es.<\/li>\n<li style=\"text-align: left\"><img decoding=\"async\" src=\"https:\/\/www.freebetbest.com\/wp-content\/uploads\/2021\/06\/tick.png\" alt=\"ofertas de jogos\">  Os melhores apostadores online em que pode confiar.<\/li>\n<li style=\"text-align: left\"><img decoding=\"async\" src=\"https:\/\/www.freebetbest.com\/wp-content\/uploads\/2021\/06\/tick.png\" alt=\"Autorit\u00e1rio\">  Revis\u00e3o autorit\u00e1ria Seguro fi\u00e1vel.<\/li>\n<li style=\"text-align: left\"><img decoding=\"async\" src=\"https:\/\/www.freebetbest.com\/wp-content\/uploads\/2021\/06\/tick.png\" alt=\"Levantamentos r\u00e1pidos\">  Suporte de APLICATIVO M\u00f3vel, Levantamentos R\u00e1pidos.<\/li>\n<li style=\"text-align: left\"><img decoding=\"async\" src=\"https:\/\/www.freebetbest.com\/wp-content\/uploads\/2021\/06\/tick.png\" alt=\"Apoio ao cliente\">  Suporte ao cliente: 365 dias, 24 horas por dia.<\/li>\n<\/div>\n<\/div>\n<\/div>\n<div class=\"col-md-5\">\n<div class=\"cup-img\"><img decoding=\"async\" src=\"https:\/\/www.freebetbest.com\/wp-content\/uploads\/2021\/06\/china12.png\" alt=\"freebetbest\"><\/div>\n<\/div>\n<\/div>\n","protected":false},"author":1,"featured_media":125274,"parent":0,"menu_order":0,"comment_status":"closed","ping_status":"closed","template":"china-template.php","meta":{"footnotes":""},"class_list":["post-129193","page","type-page","status-publish","has-post-thumbnail","hentry"],"yoast_head":"<!-- This site is optimized with the Yoast SEO Premium plugin v19.5 (Yoast SEO v27.0) - https:\/\/yoast.com\/product\/yoast-seo-premium-wordpress\/ -->\n<title>B\u00f3nus das casas de apostas da China, Promo\u00e7\u00e3o de Dep\u00f3sitos pela primeira vez<\/title>\n<meta name=\"description\" content=\"B\u00f3nus das casas de apostas da China &quot;Aposta gr\u00e1tis Sem b\u00f3nus de dep\u00f3sito,bem-vindo Ofertas de Apostas e b\u00f3nus de inscri\u00e7\u00e3o, B\u00f3nus de Casas de Apostas da China\" \/>\n<meta name=\"robots\" content=\"index, follow, max-snippet:-1, max-image-preview:large, max-video-preview:-1\" \/>\n<link rel=\"canonical\" href=\"https:\/\/www.freebetbest.com\/pt-pt\/b%c3%b3nus-das-casas-de-apostas-da-china\/\" \/>\n<meta property=\"og:locale\" content=\"pt_PT\" \/>\n<meta property=\"og:type\" content=\"article\" \/>\n<meta property=\"og:title\" content=\"B\u00f3nus das casas de apostas da China\" \/>\n<meta property=\"og:description\" content=\"B\u00f3nus das casas de apostas da China &quot;Aposta gr\u00e1tis Sem b\u00f3nus de dep\u00f3sito,bem-vindo Ofertas de Apostas e b\u00f3nus de inscri\u00e7\u00e3o, B\u00f3nus de Casas de Apostas da China\" \/>\n<meta property=\"og:url\" content=\"https:\/\/www.freebetbest.com\/pt-pt\/b%c3%b3nus-das-casas-de-apostas-da-china\/\" \/>\n<meta property=\"og:site_name\" content=\"Aposta Gr\u00e1tis | Cassino online | Apostas de futebol | Melhor Aposta Gr\u00e1tis\" \/>\n<meta property=\"article:modified_time\" content=\"2021-07-29T09:52:24+00:00\" \/>\n<meta property=\"og:image\" content=\"https:\/\/www.freebetbest.com\/wp-content\/uploads\/2021\/06\/Bookmakers-scaled.jpg\" \/>\n\t<meta property=\"og:image:width\" content=\"417\" \/>\n\t<meta property=\"og:image:height\" content=\"180\" \/>\n\t<meta property=\"og:image:type\" content=\"image\/jpeg\" \/>\n<meta name=\"twitter:card\" content=\"summary_large_image\" \/>\n<meta name=\"twitter:label1\" content=\"Tempo estimado de leitura\" \/>\n\t<meta name=\"twitter:data1\" content=\"4 minutos\" \/>\n<script type=\"application\/ld+json\" class=\"yoast-schema-graph\">{\"@context\":\"https:\/\/schema.org\",\"@graph\":[{\"@type\":\"WebPage\",\"@id\":\"https:\/\/www.freebetbest.com\/pt-pt\/b%c3%b3nus-das-casas-de-apostas-da-china\/\",\"url\":\"https:\/\/www.freebetbest.com\/pt-pt\/b%c3%b3nus-das-casas-de-apostas-da-china\/\",\"name\":\"B\u00f3nus das casas de apostas da China, Promo\u00e7\u00e3o de Dep\u00f3sitos pela primeira vez\",\"isPartOf\":{\"@id\":\"https:\/\/www.freebetbest.com\/pt-pt\/#website\"},\"primaryImageOfPage\":{\"@id\":\"https:\/\/www.freebetbest.com\/pt-pt\/b%c3%b3nus-das-casas-de-apostas-da-china\/#primaryimage\"},\"image\":{\"@id\":\"https:\/\/www.freebetbest.com\/pt-pt\/b%c3%b3nus-das-casas-de-apostas-da-china\/#primaryimage\"},\"thumbnailUrl\":\"https:\/\/www.freebetbest.com\/wp-content\/uploads\/2021\/06\/Bookmakers-scaled.jpg\",\"datePublished\":\"2021-06-10T12:02:39+00:00\",\"dateModified\":\"2021-07-29T09:52:24+00:00\",\"description\":\"B\u00f3nus das casas de apostas da China \\\"Aposta gr\u00e1tis Sem b\u00f3nus de dep\u00f3sito,bem-vindo Ofertas de Apostas e b\u00f3nus de inscri\u00e7\u00e3o, B\u00f3nus de Casas de Apostas da China\",\"breadcrumb\":{\"@id\":\"https:\/\/www.freebetbest.com\/pt-pt\/b%c3%b3nus-das-casas-de-apostas-da-china\/#breadcrumb\"},\"inLanguage\":\"pt-PT\",\"potentialAction\":[{\"@type\":\"ReadAction\",\"target\":[\"https:\/\/www.freebetbest.com\/pt-pt\/b%c3%b3nus-das-casas-de-apostas-da-china\/\"]}]},{\"@type\":\"ImageObject\",\"inLanguage\":\"pt-PT\",\"@id\":\"https:\/\/www.freebetbest.com\/pt-pt\/b%c3%b3nus-das-casas-de-apostas-da-china\/#primaryimage\",\"url\":\"https:\/\/www.freebetbest.com\/wp-content\/uploads\/2021\/06\/Bookmakers-scaled.jpg\",\"contentUrl\":\"https:\/\/www.freebetbest.com\/wp-content\/uploads\/2021\/06\/Bookmakers-scaled.jpg\",\"width\":417,\"height\":180,\"caption\":\"B\u00f3nus das casas de apostas da China\"},{\"@type\":\"BreadcrumbList\",\"@id\":\"https:\/\/www.freebetbest.com\/pt-pt\/b%c3%b3nus-das-casas-de-apostas-da-china\/#breadcrumb\",\"itemListElement\":[{\"@type\":\"ListItem\",\"position\":1,\"name\":\"Home\",\"item\":\"https:\/\/www.freebetbest.com\/pt-pt\/\"},{\"@type\":\"ListItem\",\"position\":2,\"name\":\"B\u00f3nus das casas de apostas da China\"}]},{\"@type\":\"WebSite\",\"@id\":\"https:\/\/www.freebetbest.com\/pt-pt\/#website\",\"url\":\"https:\/\/www.freebetbest.com\/pt-pt\/\",\"name\":\"Aposta Gr\u00e1tis | Cassino online | Apostas de futebol | Melhor Aposta Gr\u00e1tis\",\"description\":\"As melhores casas de apostas on-line, Oferecem esportes, cassino, p\u00f4quer, bingo e apostas m\u00f3veis, Cassino online ,Apostas de futebol, Melhor Aposta Gr\u00e1tis,  Os principais portais de jogos de azar do mundo.\",\"publisher\":{\"@id\":\"https:\/\/www.freebetbest.com\/pt-pt\/#\/schema\/person\/292684ccf388a2362d507874c5b80a69\"},\"potentialAction\":[{\"@type\":\"SearchAction\",\"target\":{\"@type\":\"EntryPoint\",\"urlTemplate\":\"https:\/\/www.freebetbest.com\/pt-pt\/?s={search_term_string}\"},\"query-input\":{\"@type\":\"PropertyValueSpecification\",\"valueRequired\":true,\"valueName\":\"search_term_string\"}}],\"inLanguage\":\"pt-PT\"},{\"@type\":[\"Person\",\"Organization\"],\"@id\":\"https:\/\/www.freebetbest.com\/pt-pt\/#\/schema\/person\/292684ccf388a2362d507874c5b80a69\",\"name\":\"\u7ba1\u7406\",\"image\":{\"@type\":\"ImageObject\",\"inLanguage\":\"pt-PT\",\"@id\":\"https:\/\/www.freebetbest.com\/pt-pt\/#\/schema\/person\/image\/\",\"url\":\"https:\/\/www.freebetbest.com\/wp-content\/litespeed\/avatar\/49696b52fb15293a2168c14964fdd8b9.jpg?ver=1777439934\",\"contentUrl\":\"https:\/\/www.freebetbest.com\/wp-content\/litespeed\/avatar\/49696b52fb15293a2168c14964fdd8b9.jpg?ver=1777439934\",\"caption\":\"\u7ba1\u7406\"},\"logo\":{\"@id\":\"https:\/\/www.freebetbest.com\/pt-pt\/#\/schema\/person\/image\/\"},\"sameAs\":[\"admin\"]}]}<\/script>\n<!-- \/ Yoast SEO Premium plugin. -->","yoast_head_json":{"title":"B\u00f3nus das casas de apostas da China, Promo\u00e7\u00e3o de Dep\u00f3sitos pela primeira vez","description":"B\u00f3nus das casas de apostas da China \"Aposta gr\u00e1tis Sem b\u00f3nus de dep\u00f3sito,bem-vindo Ofertas de Apostas e b\u00f3nus de inscri\u00e7\u00e3o, B\u00f3nus de Casas de Apostas da China","robots":{"index":"index","follow":"follow","max-snippet":"max-snippet:-1","max-image-preview":"max-image-preview:large","max-video-preview":"max-video-preview:-1"},"canonical":"https:\/\/www.freebetbest.com\/pt-pt\/b%c3%b3nus-das-casas-de-apostas-da-china\/","og_locale":"pt_PT","og_type":"article","og_title":"B\u00f3nus das casas de apostas da China","og_description":"B\u00f3nus das casas de apostas da China \"Aposta gr\u00e1tis Sem b\u00f3nus de dep\u00f3sito,bem-vindo Ofertas de Apostas e b\u00f3nus de inscri\u00e7\u00e3o, B\u00f3nus de Casas de Apostas da China","og_url":"https:\/\/www.freebetbest.com\/pt-pt\/b%c3%b3nus-das-casas-de-apostas-da-china\/","og_site_name":"Aposta Gr\u00e1tis | Cassino online | Apostas de futebol | Melhor Aposta Gr\u00e1tis","article_modified_time":"2021-07-29T09:52:24+00:00","og_image":[{"width":417,"height":180,"url":"https:\/\/www.freebetbest.com\/wp-content\/uploads\/2021\/06\/Bookmakers-scaled.jpg","type":"image\/jpeg"}],"twitter_card":"summary_large_image","twitter_misc":{"Tempo estimado de leitura":"4 minutos"},"schema":{"@context":"https:\/\/schema.org","@graph":[{"@type":"WebPage","@id":"https:\/\/www.freebetbest.com\/pt-pt\/b%c3%b3nus-das-casas-de-apostas-da-china\/","url":"https:\/\/www.freebetbest.com\/pt-pt\/b%c3%b3nus-das-casas-de-apostas-da-china\/","name":"B\u00f3nus das casas de apostas da China, Promo\u00e7\u00e3o de Dep\u00f3sitos pela primeira vez","isPartOf":{"@id":"https:\/\/www.freebetbest.com\/pt-pt\/#website"},"primaryImageOfPage":{"@id":"https:\/\/www.freebetbest.com\/pt-pt\/b%c3%b3nus-das-casas-de-apostas-da-china\/#primaryimage"},"image":{"@id":"https:\/\/www.freebetbest.com\/pt-pt\/b%c3%b3nus-das-casas-de-apostas-da-china\/#primaryimage"},"thumbnailUrl":"https:\/\/www.freebetbest.com\/wp-content\/uploads\/2021\/06\/Bookmakers-scaled.jpg","datePublished":"2021-06-10T12:02:39+00:00","dateModified":"2021-07-29T09:52:24+00:00","description":"B\u00f3nus das casas de apostas da China \"Aposta gr\u00e1tis Sem b\u00f3nus de dep\u00f3sito,bem-vindo Ofertas de Apostas e b\u00f3nus de inscri\u00e7\u00e3o, B\u00f3nus de Casas de Apostas da China","breadcrumb":{"@id":"https:\/\/www.freebetbest.com\/pt-pt\/b%c3%b3nus-das-casas-de-apostas-da-china\/#breadcrumb"},"inLanguage":"pt-PT","potentialAction":[{"@type":"ReadAction","target":["https:\/\/www.freebetbest.com\/pt-pt\/b%c3%b3nus-das-casas-de-apostas-da-china\/"]}]},{"@type":"ImageObject","inLanguage":"pt-PT","@id":"https:\/\/www.freebetbest.com\/pt-pt\/b%c3%b3nus-das-casas-de-apostas-da-china\/#primaryimage","url":"https:\/\/www.freebetbest.com\/wp-content\/uploads\/2021\/06\/Bookmakers-scaled.jpg","contentUrl":"https:\/\/www.freebetbest.com\/wp-content\/uploads\/2021\/06\/Bookmakers-scaled.jpg","width":417,"height":180,"caption":"B\u00f3nus das casas de apostas da China"},{"@type":"BreadcrumbList","@id":"https:\/\/www.freebetbest.com\/pt-pt\/b%c3%b3nus-das-casas-de-apostas-da-china\/#breadcrumb","itemListElement":[{"@type":"ListItem","position":1,"name":"Home","item":"https:\/\/www.freebetbest.com\/pt-pt\/"},{"@type":"ListItem","position":2,"name":"B\u00f3nus das casas de apostas da China"}]},{"@type":"WebSite","@id":"https:\/\/www.freebetbest.com\/pt-pt\/#website","url":"https:\/\/www.freebetbest.com\/pt-pt\/","name":"Aposta Gr\u00e1tis | Cassino online | Apostas de futebol | Melhor Aposta Gr\u00e1tis","description":"As melhores casas de apostas on-line, Oferecem esportes, cassino, p\u00f4quer, bingo e apostas m\u00f3veis, Cassino online ,Apostas de futebol, Melhor Aposta Gr\u00e1tis,  Os principais portais de jogos de azar do mundo.","publisher":{"@id":"https:\/\/www.freebetbest.com\/pt-pt\/#\/schema\/person\/292684ccf388a2362d507874c5b80a69"},"potentialAction":[{"@type":"SearchAction","target":{"@type":"EntryPoint","urlTemplate":"https:\/\/www.freebetbest.com\/pt-pt\/?s={search_term_string}"},"query-input":{"@type":"PropertyValueSpecification","valueRequired":true,"valueName":"search_term_string"}}],"inLanguage":"pt-PT"},{"@type":["Person","Organization"],"@id":"https:\/\/www.freebetbest.com\/pt-pt\/#\/schema\/person\/292684ccf388a2362d507874c5b80a69","name":"\u7ba1\u7406","image":{"@type":"ImageObject","inLanguage":"pt-PT","@id":"https:\/\/www.freebetbest.com\/pt-pt\/#\/schema\/person\/image\/","url":"https:\/\/www.freebetbest.com\/wp-content\/litespeed\/avatar\/49696b52fb15293a2168c14964fdd8b9.jpg?ver=1777439934","contentUrl":"https:\/\/www.freebetbest.com\/wp-content\/litespeed\/avatar\/49696b52fb15293a2168c14964fdd8b9.jpg?ver=1777439934","caption":"\u7ba1\u7406"},"logo":{"@id":"https:\/\/www.freebetbest.com\/pt-pt\/#\/schema\/person\/image\/"},"sameAs":["admin"]}]}},"_links":{"self":[{"href":"https:\/\/www.freebetbest.com\/pt-pt\/wp-json\/wp\/v2\/pages\/129193","targetHints":{"allow":["GET"]}}],"collection":[{"href":"https:\/\/www.freebetbest.com\/pt-pt\/wp-json\/wp\/v2\/pages"}],"about":[{"href":"https:\/\/www.freebetbest.com\/pt-pt\/wp-json\/wp\/v2\/types\/page"}],"author":[{"embeddable":true,"href":"https:\/\/www.freebetbest.com\/pt-pt\/wp-json\/wp\/v2\/users\/1"}],"replies":[{"embeddable":true,"href":"https:\/\/www.freebetbest.com\/pt-pt\/wp-json\/wp\/v2\/comments?post=129193"}],"version-history":[{"count":0,"href":"https:\/\/www.freebetbest.com\/pt-pt\/wp-json\/wp\/v2\/pages\/129193\/revisions"}],"wp:featuredmedia":[{"embeddable":true,"href":"https:\/\/www.freebetbest.com\/pt-pt\/wp-json\/wp\/v2\/media\/125274"}],"wp:attachment":[{"href":"https:\/\/www.freebetbest.com\/pt-pt\/wp-json\/wp\/v2\/media?parent=129193"}],"curies":[{"name":"wp","href":"https:\/\/api.w.org\/{rel}","templated":true}]}}