{"id":5133,"date":"2019-06-19T14:03:44","date_gmt":"2019-06-19T14:03:44","guid":{"rendered":"https:\/\/www.freebetbest.com\/paris-sportifs-a-z\/"},"modified":"2021-07-28T17:39:04","modified_gmt":"2021-07-28T17:39:04","slug":"les-paris-sportifs","status":"publish","type":"page","link":"https:\/\/www.freebetbest.com\/fr\/les-paris-sportifs\/","title":{"rendered":"Paris sportifs sur les casinos"},"content":{"rendered":"<h2>Paris sportifs &#8211; comment choisir celui qui vous convient en ligne<\/h2>\n<p>Un facteur important pour trouver les bons paris sportifs pour vous. Comptez sur des pr\u00e9f\u00e9rences personnalis\u00e9es, mais il y a aussi quelques espoirs normaux r\u00e9pertori\u00e9s. Les choses pr\u00e9f\u00e9r\u00e9es de la plupart des consommateurs, comme une plate-forme solide et une vari\u00e9t\u00e9 de produits promotionnels.<\/p>\n<p>Nous allons v\u00e9rifier un peu. Des op\u00e9rateurs qui balisent dans tous ces domaines. En plus des n\u00e9cessit\u00e9s, vous voudrez en trouver un. Peut en fournir pour vos fonds. Une r\u00e9serve de valeur fiable, ainsi qu&rsquo;un propri\u00e9taire qui se concentre sur les soci\u00e9t\u00e9s de paris.<\/p>\n<h2>Obtenez la meilleure chance dans les paris sportifs<\/h2>\n<p>Et vous en trouverez la plupart. Il existe relativement peu de types d&rsquo;op\u00e9rateurs importants. Ceux qui n&rsquo;ont pas \u00e9t\u00e9 remarqu\u00e9s seront remarqu\u00e9s, si cela se produit, des parieurs bien d\u00e9finis. Va fondre. Choisis un<a href=\"https:\/\/www.freebetsinfo.co.uk\/europe-bookmakers\/\"> bookmaker<\/a> pour un sport particulier. Retrouvez de nombreuses offres de paris sportifs, et de nouveaux bonus d&rsquo;inscription sont les premi\u00e8res conditions.<\/p>\n<h3>Site de jeu d&rsquo;activit\u00e9s sportives<\/h3>\n<p>Tous les paris sportifs. Tous ont des programmes de fid\u00e9lisation de la client\u00e8le. Si vous pouvez planifier d&rsquo;ex\u00e9cuter des paris. Faire des bonus suppl\u00e9mentaires est un tr\u00e8s gros avantage. Op\u00e9rateurs de paris sportifs. Il existe toujours des moyens de faire correspondre les casinos aux sports \u00e0 cet \u00e9gard, mais certains op\u00e9rateurs sont en avance sur les jeux en ligne. Il existe de tr\u00e8s bons bookmakers qui proposent de vraies applications. Logiciel de r\u00e9compense pour les joueurs.<\/p>\n<h3>Bonus et promotions<\/h3>\n<p>Les paris sportifs sont propos\u00e9s. Beaucoup de r\u00e9compenses et de promotions. Cela peut \u00eatre un point ponctuel, ou cela peut \u00eatre un choix continu, il y en a beaucoup sur le march\u00e9. Points \u00e0 choisir. Ce qui suit est une br\u00e8ve introduction \u00e0 certains des types les plus courants.<\/p>\n<h3>Options pour les activit\u00e9s sportives en ligne choisissez le jeu<\/h3>\n<p>Site de paris sportifs fantastique. Pour des jeux en ligne. Une autre fa\u00e7on d&rsquo;obtenir des bonus et des r\u00e9ductions, veuillez consid\u00e9rer les sports quotidiens. Avec une client\u00e8le tr\u00e8s fid\u00e8le, l&rsquo;entreprise conservera toujours une bonne dynamique et il y aura de la place. Faites plaisir aux nouveaux utilisateurs finaux.<\/p>\n<h3>Les sites de paris proposent diverses grandes activit\u00e9s sportives<\/h3>\n<p>Vous pouvez consid\u00e9rer votre probabilit\u00e9 de participer au tournoi, qui fournit presque oui. Votre chance de doubler vos gains ou de choisir d&rsquo;utiliser un pari \u00e0 grande \u00e9chelle. Assurer l&rsquo;enthousiasme du tournoi de la cagnotte.<\/p>\n<p>Vous \u00eates \u00e0 couper le souffle. Le premier prix est de 1 million de dollars am\u00e9ricains. Ils peuvent apporter le plus d&rsquo;utilisateurs. Et fournir le meilleur rendement, mais pour les personnes cherchant \u00e0 le combiner, il n&rsquo;y a en fait que de petites options. Vous en trouverez plus dans notre liste de<a href=\"https:\/\/www.freebetbest.com\/betting-sites\/\"> bookmakers<\/a> .<\/p>\n<h3>Application de paris sportifs<\/h3>\n<p>Application de paris sur les activit\u00e9s sportives. Fournit haut de gamme pour les utilisateurs finaux. V\u00e9ritables paris sportifs. La plupart des meilleurs op\u00e9rateurs. Tous ont des clients mobiles. Ceux-ci n&rsquo;ont pas d&rsquo;applications sur certains march\u00e9s. Habituellement, leur site Web est enti\u00e8rement optimis\u00e9 afin d&rsquo;\u00eatre efficace sur les t\u00e9l\u00e9phones mobiles.<\/p>\n<p>En utilisant nos backlinks exclusifs. Apr\u00e8s avoir cr\u00e9\u00e9 un compte, vous pourrez commencer \u00e0 obtenir des applications sur le site Web de l&rsquo;op\u00e9rateur. Une fois cette \u00e9tape ex\u00e9cut\u00e9e, connectez-vous simplement au portable et vous pouvez commencer \u00e0 parier.<\/p>\n<h3>Segment de march\u00e9 des paris sportifs<\/h3>\n<p>Vous pouvez le g\u00e9rer en ligne. Vous devez tout g\u00e9rer sauf les exigences sp\u00e9cifiques. Dans les paris sportifs. Inscription masculine ou f\u00e9minine aux paris sportifs. Nous le ferons dans certains cas. Ayez des informations d\u00e9taill\u00e9es sur la sp\u00e9cification condition par condition.<\/p>\n<p>Pour d\u00e9couvrir pleinement le pari, vous devez \u00eatre dans un cadre clair. Afin de pouvoir v\u00e9rifier votre identit\u00e9, l&rsquo;op\u00e9rateur l&rsquo;utilise. Commun\u00e9ment appel\u00e9 surveillance de g\u00e9olocalisation. C&rsquo;est apr\u00e8s l&rsquo;acquisition de base. Bient\u00f4t dans le palmar\u00e8s. La zone du programme logiciel en cours d&rsquo;ex\u00e9cution.<\/p>\n<h3>Comment obtenir les meilleures opportunit\u00e9s de paris et de riches bonus<\/h3>\n<p>Avant de placer un pari, prenez le temps de vous en assurer. Vous obtenez le co\u00fbt parfait. Toujours une bonne id\u00e9e. Certains paris diff\u00e8rent consid\u00e9rablement. Cela peut ne pas sembler \u00e9norme, mais \u00e0 long terme, cela peut certainement avoir un avantage. Il est recommand\u00e9 d&rsquo;utiliser des bookmakers avec des cotes plus \u00e9lev\u00e9es.<\/p>\n<p>Nos cotes en temps r\u00e9el. Fournit un excellent emplacement pour v\u00e9rifier rapidement et facilement les taux de change dans plusieurs endroits. Nous sommes dans plusieurs guides. Suivez le prix, ce qui signifie que vous. Vous n&rsquo;avez pas besoin de le faire, alors assurez-vous de le mettre en signet. Et soyez pr\u00eat \u00e0 regarder \u00e0 tout moment.<\/p>\n","protected":false},"excerpt":{"rendered":"<p>Paris sur les casinos sportifs &#8211; toutes les offres de paris sur les casinos sportifs et les bonus des nouveaux clients sont r\u00e9pertori\u00e9s ici<\/p>\n<div class=\"hero-cup-section\">\n<div class=\"row mb-4\">\n<div class=\"col-md-7\">\n<div class=\"section-area\">\n<div class=\"section-list\">\n<li style=\"text-align: left\"><img decoding=\"async\" src=\"https:\/\/www.freebetbest.com\/wp-content\/uploads\/2021\/06\/tick.png\" alt=\"Des sports\"> Bonus de bienvenue du casino sportif.<\/li>\n<li style=\"text-align: left\"><img decoding=\"async\" src=\"https:\/\/www.freebetbest.com\/wp-content\/uploads\/2021\/06\/tick.png\" alt=\"offres de jeux\"> Offres et promotions de bookmakers en ligne.<\/li>\n<li style=\"text-align: left\"><img decoding=\"async\" src=\"https:\/\/www.freebetbest.com\/wp-content\/uploads\/2021\/06\/tick.png\" alt=\"offres de jeux\"> Les meilleurs bookmakers en ligne auxquels vous pouvez faire confiance.<\/li>\n<li style=\"text-align: left\"><img decoding=\"async\" src=\"https:\/\/www.freebetbest.com\/wp-content\/uploads\/2021\/06\/tick.png\" alt=\"Faisant autorit\u00e9\"> Examen faisant autorit\u00e9 S\u00fbr fiable.<\/li>\n<li style=\"text-align: left\"><img decoding=\"async\" src=\"https:\/\/www.freebetbest.com\/wp-content\/uploads\/2021\/06\/tick.png\" alt=\"Retraits rapides\"> Prise en charge de l&rsquo;application mobile, retraits rapides.<\/li>\n<li style=\"text-align: left\"><img decoding=\"async\" src=\"https:\/\/www.freebetbest.com\/wp-content\/uploads\/2021\/06\/tick.png\" alt=\"Service client\"> Support client : 365 jours, 24 heures par jour.<\/li>\n<\/div>\n<\/div>\n<\/div>\n<div class=\"col-md-5\">\n<div class=\"cup-img\"><img decoding=\"async\" src=\"https:\/\/www.freebetbest.com\/wp-content\/uploads\/2021\/06\/sports-casino.png\" alt=\"pari gratuit\"><\/div>\n<\/div>\n<\/div>\n","protected":false},"author":1,"featured_media":129066,"parent":0,"menu_order":0,"comment_status":"closed","ping_status":"closed","template":"all-az-template.php","meta":{"footnotes":""},"class_list":["post-5133","page","type-page","status-publish","has-post-thumbnail","hentry"],"yoast_head":"<!-- This site is optimized with the Yoast SEO Premium plugin v19.5 (Yoast SEO v27.5) - https:\/\/yoast.com\/product\/yoast-seo-premium-wordpress\/ -->\n<title>paris sportifs | Meilleurs bookmakers | Paris gratuits sans d\u00e9p\u00f4t<\/title>\n<meta name=\"description\" content=\"Meilleurs bookmakers en ligne, casinos, poker, bingo et paris mobiles, Paris sportifs sur les casinos , meilleur site de paris en ligne.\" \/>\n<meta name=\"robots\" content=\"index, follow, max-snippet:-1, max-image-preview:large, max-video-preview:-1\" \/>\n<link rel=\"canonical\" href=\"https:\/\/www.freebetbest.com\/fr\/les-paris-sportifs\/\" \/>\n<meta property=\"og:locale\" content=\"fr_FR\" \/>\n<meta property=\"og:type\" content=\"article\" \/>\n<meta property=\"og:title\" content=\"Paris sportifs sur les casinos\" \/>\n<meta property=\"og:description\" content=\"Meilleurs bookmakers en ligne, casinos, poker, bingo et paris mobiles, Paris sportifs sur les casinos , meilleur site de paris en ligne.\" \/>\n<meta property=\"og:url\" content=\"https:\/\/www.freebetbest.com\/fr\/les-paris-sportifs\/\" \/>\n<meta property=\"og:site_name\" content=\"Meilleurs casinos en ligne | Bonus Paris sportifs | Meilleurs bookmakers en ligne\" \/>\n<meta property=\"article:modified_time\" content=\"2021-07-28T17:39:04+00:00\" \/>\n<meta property=\"og:image\" content=\"https:\/\/www.freebetbest.com\/wp-content\/uploads\/2021\/06\/all-sports-casino-1.jpg\" \/>\n\t<meta property=\"og:image:width\" content=\"650\" \/>\n\t<meta property=\"og:image:height\" content=\"371\" \/>\n\t<meta property=\"og:image:type\" content=\"image\/jpeg\" \/>\n<meta name=\"twitter:card\" content=\"summary_large_image\" \/>\n<meta name=\"twitter:label1\" content=\"Dur\u00e9e de lecture estim\u00e9e\" \/>\n\t<meta name=\"twitter:data1\" content=\"3 minutes\" \/>\n<script type=\"application\/ld+json\" class=\"yoast-schema-graph\">{\"@context\":\"https:\\\/\\\/schema.org\",\"@graph\":[{\"@type\":\"WebPage\",\"@id\":\"https:\\\/\\\/www.freebetbest.com\\\/fr\\\/les-paris-sportifs\\\/\",\"url\":\"https:\\\/\\\/www.freebetbest.com\\\/fr\\\/les-paris-sportifs\\\/\",\"name\":\"paris sportifs | Meilleurs bookmakers | Paris gratuits sans d\u00e9p\u00f4t\",\"isPartOf\":{\"@id\":\"https:\\\/\\\/www.freebetbest.com\\\/fr\\\/#website\"},\"primaryImageOfPage\":{\"@id\":\"https:\\\/\\\/www.freebetbest.com\\\/fr\\\/les-paris-sportifs\\\/#primaryimage\"},\"image\":{\"@id\":\"https:\\\/\\\/www.freebetbest.com\\\/fr\\\/les-paris-sportifs\\\/#primaryimage\"},\"thumbnailUrl\":\"https:\\\/\\\/www.freebetbest.com\\\/wp-content\\\/uploads\\\/2021\\\/06\\\/all-sports-casino-1.jpg\",\"datePublished\":\"2019-06-19T14:03:44+00:00\",\"dateModified\":\"2021-07-28T17:39:04+00:00\",\"description\":\"Meilleurs bookmakers en ligne, casinos, poker, bingo et paris mobiles, Paris sportifs sur les casinos , meilleur site de paris en ligne.\",\"breadcrumb\":{\"@id\":\"https:\\\/\\\/www.freebetbest.com\\\/fr\\\/les-paris-sportifs\\\/#breadcrumb\"},\"inLanguage\":\"fr-FR\",\"potentialAction\":[{\"@type\":\"ReadAction\",\"target\":[\"https:\\\/\\\/www.freebetbest.com\\\/fr\\\/les-paris-sportifs\\\/\"]}]},{\"@type\":\"ImageObject\",\"inLanguage\":\"fr-FR\",\"@id\":\"https:\\\/\\\/www.freebetbest.com\\\/fr\\\/les-paris-sportifs\\\/#primaryimage\",\"url\":\"https:\\\/\\\/www.freebetbest.com\\\/wp-content\\\/uploads\\\/2021\\\/06\\\/all-sports-casino-1.jpg\",\"contentUrl\":\"https:\\\/\\\/www.freebetbest.com\\\/wp-content\\\/uploads\\\/2021\\\/06\\\/all-sports-casino-1.jpg\",\"width\":650,\"height\":371,\"caption\":\"casino tout sport\"},{\"@type\":\"BreadcrumbList\",\"@id\":\"https:\\\/\\\/www.freebetbest.com\\\/fr\\\/les-paris-sportifs\\\/#breadcrumb\",\"itemListElement\":[{\"@type\":\"ListItem\",\"position\":1,\"name\":\"Home\",\"item\":\"https:\\\/\\\/www.freebetbest.com\\\/fr\\\/\"},{\"@type\":\"ListItem\",\"position\":2,\"name\":\"Paris sportifs sur les casinos\"}]},{\"@type\":\"WebSite\",\"@id\":\"https:\\\/\\\/www.freebetbest.com\\\/fr\\\/#website\",\"url\":\"https:\\\/\\\/www.freebetbest.com\\\/fr\\\/\",\"name\":\"Meilleurs casinos en ligne | Bonus Paris sportifs | Meilleurs bookmakers en ligne\",\"description\":\"Meilleurs bookmakers en ligne, casinos, poker, bingo et paris sur mobiles, casinos en ligne, paris sur le football, codes promotionnels sans d\u00e9p\u00f4t, premier portail mondial des jeux d'argent.\",\"publisher\":{\"@id\":\"https:\\\/\\\/www.freebetbest.com\\\/fr\\\/#\\\/schema\\\/person\\\/292684ccf388a2362d507874c5b80a69\"},\"potentialAction\":[{\"@type\":\"SearchAction\",\"target\":{\"@type\":\"EntryPoint\",\"urlTemplate\":\"https:\\\/\\\/www.freebetbest.com\\\/fr\\\/?s={search_term_string}\"},\"query-input\":{\"@type\":\"PropertyValueSpecification\",\"valueRequired\":true,\"valueName\":\"search_term_string\"}}],\"inLanguage\":\"fr-FR\"},{\"@type\":[\"Person\",\"Organization\"],\"@id\":\"https:\\\/\\\/www.freebetbest.com\\\/fr\\\/#\\\/schema\\\/person\\\/292684ccf388a2362d507874c5b80a69\",\"name\":\"\u7ba1\u7406\",\"image\":{\"@type\":\"ImageObject\",\"inLanguage\":\"fr-FR\",\"@id\":\"https:\\\/\\\/www.freebetbest.com\\\/wp-content\\\/litespeed\\\/avatar\\\/49696b52fb15293a2168c14964fdd8b9.jpg?ver=1778649583\",\"url\":\"https:\\\/\\\/www.freebetbest.com\\\/wp-content\\\/litespeed\\\/avatar\\\/49696b52fb15293a2168c14964fdd8b9.jpg?ver=1778649583\",\"contentUrl\":\"https:\\\/\\\/www.freebetbest.com\\\/wp-content\\\/litespeed\\\/avatar\\\/49696b52fb15293a2168c14964fdd8b9.jpg?ver=1778649583\",\"caption\":\"\u7ba1\u7406\"},\"logo\":{\"@id\":\"https:\\\/\\\/www.freebetbest.com\\\/wp-content\\\/litespeed\\\/avatar\\\/49696b52fb15293a2168c14964fdd8b9.jpg?ver=1778649583\"},\"sameAs\":[\"admin\"]}]}<\/script>\n<!-- \/ Yoast SEO Premium plugin. -->","yoast_head_json":{"title":"paris sportifs | Meilleurs bookmakers | Paris gratuits sans d\u00e9p\u00f4t","description":"Meilleurs bookmakers en ligne, casinos, poker, bingo et paris mobiles, Paris sportifs sur les casinos , meilleur site de paris en ligne.","robots":{"index":"index","follow":"follow","max-snippet":"max-snippet:-1","max-image-preview":"max-image-preview:large","max-video-preview":"max-video-preview:-1"},"canonical":"https:\/\/www.freebetbest.com\/fr\/les-paris-sportifs\/","og_locale":"fr_FR","og_type":"article","og_title":"Paris sportifs sur les casinos","og_description":"Meilleurs bookmakers en ligne, casinos, poker, bingo et paris mobiles, Paris sportifs sur les casinos , meilleur site de paris en ligne.","og_url":"https:\/\/www.freebetbest.com\/fr\/les-paris-sportifs\/","og_site_name":"Meilleurs casinos en ligne | Bonus Paris sportifs | Meilleurs bookmakers en ligne","article_modified_time":"2021-07-28T17:39:04+00:00","og_image":[{"width":650,"height":371,"url":"https:\/\/www.freebetbest.com\/wp-content\/uploads\/2021\/06\/all-sports-casino-1.jpg","type":"image\/jpeg"}],"twitter_card":"summary_large_image","twitter_misc":{"Dur\u00e9e de lecture estim\u00e9e":"3 minutes"},"schema":{"@context":"https:\/\/schema.org","@graph":[{"@type":"WebPage","@id":"https:\/\/www.freebetbest.com\/fr\/les-paris-sportifs\/","url":"https:\/\/www.freebetbest.com\/fr\/les-paris-sportifs\/","name":"paris sportifs | Meilleurs bookmakers | Paris gratuits sans d\u00e9p\u00f4t","isPartOf":{"@id":"https:\/\/www.freebetbest.com\/fr\/#website"},"primaryImageOfPage":{"@id":"https:\/\/www.freebetbest.com\/fr\/les-paris-sportifs\/#primaryimage"},"image":{"@id":"https:\/\/www.freebetbest.com\/fr\/les-paris-sportifs\/#primaryimage"},"thumbnailUrl":"https:\/\/www.freebetbest.com\/wp-content\/uploads\/2021\/06\/all-sports-casino-1.jpg","datePublished":"2019-06-19T14:03:44+00:00","dateModified":"2021-07-28T17:39:04+00:00","description":"Meilleurs bookmakers en ligne, casinos, poker, bingo et paris mobiles, Paris sportifs sur les casinos , meilleur site de paris en ligne.","breadcrumb":{"@id":"https:\/\/www.freebetbest.com\/fr\/les-paris-sportifs\/#breadcrumb"},"inLanguage":"fr-FR","potentialAction":[{"@type":"ReadAction","target":["https:\/\/www.freebetbest.com\/fr\/les-paris-sportifs\/"]}]},{"@type":"ImageObject","inLanguage":"fr-FR","@id":"https:\/\/www.freebetbest.com\/fr\/les-paris-sportifs\/#primaryimage","url":"https:\/\/www.freebetbest.com\/wp-content\/uploads\/2021\/06\/all-sports-casino-1.jpg","contentUrl":"https:\/\/www.freebetbest.com\/wp-content\/uploads\/2021\/06\/all-sports-casino-1.jpg","width":650,"height":371,"caption":"casino tout sport"},{"@type":"BreadcrumbList","@id":"https:\/\/www.freebetbest.com\/fr\/les-paris-sportifs\/#breadcrumb","itemListElement":[{"@type":"ListItem","position":1,"name":"Home","item":"https:\/\/www.freebetbest.com\/fr\/"},{"@type":"ListItem","position":2,"name":"Paris sportifs sur les casinos"}]},{"@type":"WebSite","@id":"https:\/\/www.freebetbest.com\/fr\/#website","url":"https:\/\/www.freebetbest.com\/fr\/","name":"Meilleurs casinos en ligne | Bonus Paris sportifs | Meilleurs bookmakers en ligne","description":"Meilleurs bookmakers en ligne, casinos, poker, bingo et paris sur mobiles, casinos en ligne, paris sur le football, codes promotionnels sans d\u00e9p\u00f4t, premier portail mondial des jeux d'argent.","publisher":{"@id":"https:\/\/www.freebetbest.com\/fr\/#\/schema\/person\/292684ccf388a2362d507874c5b80a69"},"potentialAction":[{"@type":"SearchAction","target":{"@type":"EntryPoint","urlTemplate":"https:\/\/www.freebetbest.com\/fr\/?s={search_term_string}"},"query-input":{"@type":"PropertyValueSpecification","valueRequired":true,"valueName":"search_term_string"}}],"inLanguage":"fr-FR"},{"@type":["Person","Organization"],"@id":"https:\/\/www.freebetbest.com\/fr\/#\/schema\/person\/292684ccf388a2362d507874c5b80a69","name":"\u7ba1\u7406","image":{"@type":"ImageObject","inLanguage":"fr-FR","@id":"https:\/\/www.freebetbest.com\/wp-content\/litespeed\/avatar\/49696b52fb15293a2168c14964fdd8b9.jpg?ver=1778649583","url":"https:\/\/www.freebetbest.com\/wp-content\/litespeed\/avatar\/49696b52fb15293a2168c14964fdd8b9.jpg?ver=1778649583","contentUrl":"https:\/\/www.freebetbest.com\/wp-content\/litespeed\/avatar\/49696b52fb15293a2168c14964fdd8b9.jpg?ver=1778649583","caption":"\u7ba1\u7406"},"logo":{"@id":"https:\/\/www.freebetbest.com\/wp-content\/litespeed\/avatar\/49696b52fb15293a2168c14964fdd8b9.jpg?ver=1778649583"},"sameAs":["admin"]}]}},"_links":{"self":[{"href":"https:\/\/www.freebetbest.com\/fr\/wp-json\/wp\/v2\/pages\/5133","targetHints":{"allow":["GET"]}}],"collection":[{"href":"https:\/\/www.freebetbest.com\/fr\/wp-json\/wp\/v2\/pages"}],"about":[{"href":"https:\/\/www.freebetbest.com\/fr\/wp-json\/wp\/v2\/types\/page"}],"author":[{"embeddable":true,"href":"https:\/\/www.freebetbest.com\/fr\/wp-json\/wp\/v2\/users\/1"}],"replies":[{"embeddable":true,"href":"https:\/\/www.freebetbest.com\/fr\/wp-json\/wp\/v2\/comments?post=5133"}],"version-history":[{"count":0,"href":"https:\/\/www.freebetbest.com\/fr\/wp-json\/wp\/v2\/pages\/5133\/revisions"}],"wp:featuredmedia":[{"embeddable":true,"href":"https:\/\/www.freebetbest.com\/fr\/wp-json\/wp\/v2\/media\/129066"}],"wp:attachment":[{"href":"https:\/\/www.freebetbest.com\/fr\/wp-json\/wp\/v2\/media?parent=5133"}],"curies":[{"name":"wp","href":"https:\/\/api.w.org\/{rel}","templated":true}]}}