{"id":5119,"date":"2019-07-18T06:20:16","date_gmt":"2019-07-18T06:20:16","guid":{"rendered":"https:\/\/www.freebetbest.com\/live-bingo-paris-en-ligne\/"},"modified":"2021-08-16T15:07:57","modified_gmt":"2021-08-16T15:07:57","slug":"dernier-bonus-de-pari-de-bingo","status":"publish","type":"page","link":"https:\/\/www.freebetbest.com\/fr\/dernier-bonus-de-pari-de-bingo\/","title":{"rendered":"Dernier bonus de pari de bingo"},"content":{"rendered":"\n<h2>Dernier bonus de pari de bingo Pari de bingo en direct en ligne<\/h2>\n<p>La principale raison de sa popularit\u00e9. Juste au cours de l&rsquo;ann\u00e9e civile 2000, dans un jeu de bingo en direct. Les paris en ligne en fait. C&rsquo;est une entreprise relativement minime. Mais au cours des six ann\u00e9es qui ont suivi, leur r\u00e9putation a explos\u00e9. Dernier bingo<a href=\"https:\/\/www.freebetsinfo.co.uk\/free-bets\/\"> Bonus de pari<\/a> est \u00e9galement devenu un outil de promotion<\/p>\n<p>La compr\u00e9hension croissante du monde d&rsquo;Internet. C&rsquo;est une clarification de la diffusion en ligne de votre jeu. Mais il y a plusieurs raisons sp\u00e9cifiques pour lesquelles il y a autant de monde chaque ann\u00e9e. Restez dans la salle de bingo, dans votre propre r\u00e9sidence confortable. jouer \u00e0 un jeu vid\u00e9o.<\/p>\n<p>La plupart des sites Internet le font pour vous. De nombreuses salles de discussion sont pr\u00e9vues. Les options sont divis\u00e9es en sujets sp\u00e9cifiques, des conditions du jeu vid\u00e9o de bingo aux \u00e9v\u00e9nements actuels. Si vous le souhaitez, vous pouvez entrer dans la zone de conversation d&rsquo;un certain \u00e2ge. L&rsquo;amiti\u00e9 peut \u00eatre form\u00e9e avec des personnes que vous ne pourrez jamais atteindre.<\/p>\n<h3>Les joueurs du monde entier appr\u00e9cient les jeux de bingo en m\u00eame temps.<\/h3>\n<p>Vous pouvez vous faire des amis du Japon, de la Hongrie ou de l&rsquo;\u00c9rythr\u00e9e. Je parle du dernier domaine, car je suis dans la salle de bingo sur Internet. J&rsquo;ai rencontr\u00e9 un ami de l\u00e0-bas. Je n&rsquo;ai jamais su avant. Il y a une telle nation. Les personnes que vous rencontrez qui jouent \u00e0 des jeux de bingo en ligne. Vous serez dans la salle de bingo en direct. Le genre de personnes que j&rsquo;ai rencontr\u00e9. Ils sont g\u00e9n\u00e9ralement amicaux et bavards, et adorent les jeux de bingo tranquillement.<\/p>\n<h3>Pari en ligne sur le bingo en direct<\/h3>\n<p>Le forum de discussion est h\u00e9berg\u00e9 par le personnel du site de jeux de bingo en ligne. Cela garantit que le joueur de bingo reste dans la collection.<\/p>\n<p>Chambre de bingo sur Internet. Ouvert 24h\/24. Selon vos exigences de jeu, vous pouvez jouer \u00e0 n&rsquo;importe quel quart d&rsquo;heure ou toute la nuit. Si l&#8217;embauche d&rsquo;une baby-sitter vous pose trop de probl\u00e8mes, remettez-la aux enfants. Allez vous coucher et cherchez en ligne. S&rsquo;il fait mauvais, restez chez vous et jouez sur l&rsquo;ordinateur.<\/p>\n<p>Et, bien s\u00fbr, si vous voulez jouer au bingo mais que vous ne voulez pas avoir de probl\u00e8mes avec des voisins bavards, vous pouvez jouer seul. Les rencontres en r\u00e9seau permettent \u00e0 tout le monde. Les deux peuvent contr\u00f4ler leurs pr\u00e9f\u00e9rences de jeu. Vous venez de ma\u00eetriser la sc\u00e8ne.<\/p>\n<h3>Bonus suppl\u00e9mentaire pour l&rsquo;inscription<\/h3>\n<p>Le site Web de Bingo utilise des transactions de bonus indicatives. En prime pour l&rsquo;enregistrement de leur site Web. Ces bonus sont g\u00e9n\u00e9ralement. Il ne peut \u00eatre obtenu que lors du premier acompte. Cependant, certains sites Web le fournissent. Votre premier cumul. De nombreux bonus d&rsquo;inscription distribu\u00e9s.<\/p>\n<p>Ils n\u00e9cessitent g\u00e9n\u00e9ralement un contrat pour placer un certain pourcentage de votre d\u00e9p\u00f4t. Faites correspondre la quantit\u00e9 donn\u00e9e. En conclusion, Vous pouvez trouver des indicateurs. Un exemple d&rsquo;augmentation des revenus est jusqu&rsquo;\u00e0 400 $ de revenus enti\u00e8rement compl\u00e9t\u00e9s.<\/p>\n<h3>R\u00e9compenses d&rsquo;inscription d\u00e9j\u00e0 offertes<\/h3>\n<p>Vous voudrez peut-\u00eatre voir. Termes et conditions du site Web. Quelques bonus suppl\u00e9mentaires. Avec la forte demande de paris, cela rend les gains moins agr\u00e9ables. Il convient \u00e9galement de noter que vous devez d&rsquo;abord l&rsquo;atteindre. Ces conditions de pari sp\u00e9cifiques sont requises avant que vous ne puissiez retirer une partie de votre revenu.<\/p>\n<h3>Bonus de bingo sans d\u00e9p\u00f4t<\/h3>\n<p>Bonus de bingo sans d\u00e9p\u00f4t. Il semble que vous n&rsquo;ayez pas eu d&rsquo;acompte au d\u00e9part. La m\u00eame chose que d&rsquo;obtenir des r\u00e9compenses. Les sites Web les fournissent g\u00e9n\u00e9ralement pour s&rsquo;assurer que les joueurs ont une chance. Consid\u00e9rez leur<a href=\"https:\/\/www.freebetbest.com\/fr\/sites-de-paris\/\"> jeux en ligne<\/a> sans avoir \u00e0 transf\u00e9rer une partie de vos fonds propres. Mettez-le en danger. De plus, ils essaient de motiver les gens. En conclusion, ouvrez un compte sur leur site Web.<\/p>\n<p>&nbsp;<\/p>\n","protected":false},"excerpt":{"rendered":"<p>Construit par des fans de bingo pour des passionn\u00e9s de bingo, ce mod\u00e8le en ligne permet de r\u00e9aliser \u00e0 &#8230; Ce jeu n&rsquo;est pas observ\u00e9 sur le programme de t\u00e9l\u00e9phonie mobile cliquez sur ce lien pour d\u00e9couvrir tous les jeux en ligne.<\/p>\n<div class=\"hero-cup-section\">\n<div class=\"row mb-4\">\n<div class=\"col-md-7\">\n<div class=\"section-area\">\n<div class=\"section-list\">\n<li style=\"text-align: left\"><img decoding=\"async\" src=\"https:\/\/www.freebetbest.com\/wp-content\/uploads\/2021\/06\/tick.png\" alt=\"Des sports\"> Bonus de bienvenue du casino sportif.<\/li>\n<li style=\"text-align: left\"><img decoding=\"async\" src=\"https:\/\/www.freebetbest.com\/wp-content\/uploads\/2021\/06\/tick.png\" alt=\"offres de jeux\"> Offres et promotions de bookmakers en ligne.<\/li>\n<li style=\"text-align: left\"><img decoding=\"async\" src=\"https:\/\/www.freebetbest.com\/wp-content\/uploads\/2021\/06\/tick.png\" alt=\"offres de jeux\"> Les meilleurs bookmakers en ligne auxquels vous pouvez faire confiance.<\/li>\n<li style=\"text-align: left\"><img decoding=\"async\" src=\"https:\/\/www.freebetbest.com\/wp-content\/uploads\/2021\/06\/tick.png\" alt=\"Faisant autorit\u00e9\"> Examen faisant autorit\u00e9 S\u00fbr fiable.<\/li>\n<li style=\"text-align: left\"><img decoding=\"async\" src=\"https:\/\/www.freebetbest.com\/wp-content\/uploads\/2021\/06\/tick.png\" alt=\"Retraits rapides\"> Prise en charge de l&rsquo;application mobile, retraits rapides.<\/li>\n<li style=\"text-align: left\"><img decoding=\"async\" src=\"https:\/\/www.freebetbest.com\/wp-content\/uploads\/2021\/06\/tick.png\" alt=\"Service client\"> Support client : 365 jours, 24 heures par jour.<\/li>\n<\/div>\n<\/div>\n<\/div>\n<div class=\"col-md-5\">\n<div class=\"cup-img\"><img decoding=\"async\" src=\"https:\/\/www.freebetbest.com\/wp-content\/uploads\/2021\/06\/bingo.png\" alt=\"bingo\"><\/div>\n<\/div>\n<\/div>\n","protected":false},"author":1,"featured_media":5122,"parent":0,"menu_order":0,"comment_status":"closed","ping_status":"closed","template":"bingo-template.php","meta":{"footnotes":""},"class_list":["post-5119","page","type-page","status-publish","has-post-thumbnail","hentry"],"yoast_head":"<!-- This site is optimized with the Yoast SEO Premium plugin v19.5 (Yoast SEO v27.0) - https:\/\/yoast.com\/product\/yoast-seo-premium-wordpress\/ -->\n<title>Dernier bonus de pari de bingo , Pari gratuit Bonus sans d\u00e9p\u00f4t<\/title>\n<meta name=\"description\" content=\"Dernier bonus de pari de bingo Meilleurs bookmakers, pari gratuit Bonus sans d\u00e9p\u00f4t, code bonus de premier d\u00e9p\u00f4t de bienvenue, Bonus d&#039;inscription, Bonus d&#039;inscription.\" \/>\n<meta name=\"robots\" content=\"index, follow, max-snippet:-1, max-image-preview:large, max-video-preview:-1\" \/>\n<link rel=\"canonical\" href=\"https:\/\/www.freebetbest.com\/fr\/dernier-bonus-de-pari-de-bingo\/\" \/>\n<meta property=\"og:locale\" content=\"fr_FR\" \/>\n<meta property=\"og:type\" content=\"article\" \/>\n<meta property=\"og:title\" content=\"Dernier bonus de pari de bingo\" \/>\n<meta property=\"og:description\" content=\"Dernier bonus de pari de bingo Meilleurs bookmakers, pari gratuit Bonus sans d\u00e9p\u00f4t, code bonus de premier d\u00e9p\u00f4t de bienvenue, Bonus d&#039;inscription, Bonus d&#039;inscription.\" \/>\n<meta property=\"og:url\" content=\"https:\/\/www.freebetbest.com\/fr\/dernier-bonus-de-pari-de-bingo\/\" \/>\n<meta property=\"og:site_name\" content=\"Meilleurs casinos en ligne | Bonus Paris sportifs | Meilleurs bookmakers en ligne\" \/>\n<meta property=\"article:modified_time\" content=\"2021-08-16T15:07:57+00:00\" \/>\n<meta property=\"og:image\" content=\"https:\/\/www.freebetbest.com\/wp-content\/uploads\/2019\/07\/biggo_ys.jpg\" \/>\n\t<meta property=\"og:image:width\" content=\"514\" \/>\n\t<meta property=\"og:image:height\" content=\"303\" \/>\n\t<meta property=\"og:image:type\" content=\"image\/jpeg\" \/>\n<meta name=\"twitter:card\" content=\"summary_large_image\" \/>\n<meta name=\"twitter:label1\" content=\"Dur\u00e9e de lecture estim\u00e9e\" \/>\n\t<meta name=\"twitter:data1\" content=\"3 minutes\" \/>\n<script type=\"application\/ld+json\" class=\"yoast-schema-graph\">{\"@context\":\"https:\/\/schema.org\",\"@graph\":[{\"@type\":\"WebPage\",\"@id\":\"https:\/\/www.freebetbest.com\/fr\/dernier-bonus-de-pari-de-bingo\/\",\"url\":\"https:\/\/www.freebetbest.com\/fr\/dernier-bonus-de-pari-de-bingo\/\",\"name\":\"Dernier bonus de pari de bingo , Pari gratuit Bonus sans d\u00e9p\u00f4t\",\"isPartOf\":{\"@id\":\"https:\/\/www.freebetbest.com\/fr\/#website\"},\"primaryImageOfPage\":{\"@id\":\"https:\/\/www.freebetbest.com\/fr\/dernier-bonus-de-pari-de-bingo\/#primaryimage\"},\"image\":{\"@id\":\"https:\/\/www.freebetbest.com\/fr\/dernier-bonus-de-pari-de-bingo\/#primaryimage\"},\"thumbnailUrl\":\"https:\/\/www.freebetbest.com\/wp-content\/uploads\/2019\/07\/biggo_ys.jpg\",\"datePublished\":\"2019-07-18T06:20:16+00:00\",\"dateModified\":\"2021-08-16T15:07:57+00:00\",\"description\":\"Dernier bonus de pari de bingo Meilleurs bookmakers, pari gratuit Bonus sans d\u00e9p\u00f4t, code bonus de premier d\u00e9p\u00f4t de bienvenue, Bonus d'inscription, Bonus d'inscription.\",\"breadcrumb\":{\"@id\":\"https:\/\/www.freebetbest.com\/fr\/dernier-bonus-de-pari-de-bingo\/#breadcrumb\"},\"inLanguage\":\"fr-FR\",\"potentialAction\":[{\"@type\":\"ReadAction\",\"target\":[\"https:\/\/www.freebetbest.com\/fr\/dernier-bonus-de-pari-de-bingo\/\"]}]},{\"@type\":\"ImageObject\",\"inLanguage\":\"fr-FR\",\"@id\":\"https:\/\/www.freebetbest.com\/fr\/dernier-bonus-de-pari-de-bingo\/#primaryimage\",\"url\":\"https:\/\/www.freebetbest.com\/wp-content\/uploads\/2019\/07\/biggo_ys.jpg\",\"contentUrl\":\"https:\/\/www.freebetbest.com\/wp-content\/uploads\/2019\/07\/biggo_ys.jpg\",\"width\":514,\"height\":303,\"caption\":\"Pari en ligne sur le bingo en direct\"},{\"@type\":\"BreadcrumbList\",\"@id\":\"https:\/\/www.freebetbest.com\/fr\/dernier-bonus-de-pari-de-bingo\/#breadcrumb\",\"itemListElement\":[{\"@type\":\"ListItem\",\"position\":1,\"name\":\"Home\",\"item\":\"https:\/\/www.freebetbest.com\/fr\/\"},{\"@type\":\"ListItem\",\"position\":2,\"name\":\"Dernier bonus de pari de bingo\"}]},{\"@type\":\"WebSite\",\"@id\":\"https:\/\/www.freebetbest.com\/fr\/#website\",\"url\":\"https:\/\/www.freebetbest.com\/fr\/\",\"name\":\"Meilleurs casinos en ligne | Bonus Paris sportifs | Meilleurs bookmakers en ligne\",\"description\":\"Meilleurs bookmakers en ligne, casinos, poker, bingo et paris sur mobiles, casinos en ligne, paris sur le football, codes promotionnels sans d\u00e9p\u00f4t, premier portail mondial des jeux d'argent.\",\"publisher\":{\"@id\":\"https:\/\/www.freebetbest.com\/fr\/#\/schema\/person\/292684ccf388a2362d507874c5b80a69\"},\"potentialAction\":[{\"@type\":\"SearchAction\",\"target\":{\"@type\":\"EntryPoint\",\"urlTemplate\":\"https:\/\/www.freebetbest.com\/fr\/?s={search_term_string}\"},\"query-input\":{\"@type\":\"PropertyValueSpecification\",\"valueRequired\":true,\"valueName\":\"search_term_string\"}}],\"inLanguage\":\"fr-FR\"},{\"@type\":[\"Person\",\"Organization\"],\"@id\":\"https:\/\/www.freebetbest.com\/fr\/#\/schema\/person\/292684ccf388a2362d507874c5b80a69\",\"name\":\"\u7ba1\u7406\",\"image\":{\"@type\":\"ImageObject\",\"inLanguage\":\"fr-FR\",\"@id\":\"https:\/\/www.freebetbest.com\/fr\/#\/schema\/person\/image\/\",\"url\":\"https:\/\/www.freebetbest.com\/wp-content\/litespeed\/avatar\/49696b52fb15293a2168c14964fdd8b9.jpg?ver=1778044739\",\"contentUrl\":\"https:\/\/www.freebetbest.com\/wp-content\/litespeed\/avatar\/49696b52fb15293a2168c14964fdd8b9.jpg?ver=1778044739\",\"caption\":\"\u7ba1\u7406\"},\"logo\":{\"@id\":\"https:\/\/www.freebetbest.com\/fr\/#\/schema\/person\/image\/\"},\"sameAs\":[\"admin\"]}]}<\/script>\n<!-- \/ Yoast SEO Premium plugin. -->","yoast_head_json":{"title":"Dernier bonus de pari de bingo , Pari gratuit Bonus sans d\u00e9p\u00f4t","description":"Dernier bonus de pari de bingo Meilleurs bookmakers, pari gratuit Bonus sans d\u00e9p\u00f4t, code bonus de premier d\u00e9p\u00f4t de bienvenue, Bonus d'inscription, Bonus d'inscription.","robots":{"index":"index","follow":"follow","max-snippet":"max-snippet:-1","max-image-preview":"max-image-preview:large","max-video-preview":"max-video-preview:-1"},"canonical":"https:\/\/www.freebetbest.com\/fr\/dernier-bonus-de-pari-de-bingo\/","og_locale":"fr_FR","og_type":"article","og_title":"Dernier bonus de pari de bingo","og_description":"Dernier bonus de pari de bingo Meilleurs bookmakers, pari gratuit Bonus sans d\u00e9p\u00f4t, code bonus de premier d\u00e9p\u00f4t de bienvenue, Bonus d'inscription, Bonus d'inscription.","og_url":"https:\/\/www.freebetbest.com\/fr\/dernier-bonus-de-pari-de-bingo\/","og_site_name":"Meilleurs casinos en ligne | Bonus Paris sportifs | Meilleurs bookmakers en ligne","article_modified_time":"2021-08-16T15:07:57+00:00","og_image":[{"width":514,"height":303,"url":"https:\/\/www.freebetbest.com\/wp-content\/uploads\/2019\/07\/biggo_ys.jpg","type":"image\/jpeg"}],"twitter_card":"summary_large_image","twitter_misc":{"Dur\u00e9e de lecture estim\u00e9e":"3 minutes"},"schema":{"@context":"https:\/\/schema.org","@graph":[{"@type":"WebPage","@id":"https:\/\/www.freebetbest.com\/fr\/dernier-bonus-de-pari-de-bingo\/","url":"https:\/\/www.freebetbest.com\/fr\/dernier-bonus-de-pari-de-bingo\/","name":"Dernier bonus de pari de bingo , Pari gratuit Bonus sans d\u00e9p\u00f4t","isPartOf":{"@id":"https:\/\/www.freebetbest.com\/fr\/#website"},"primaryImageOfPage":{"@id":"https:\/\/www.freebetbest.com\/fr\/dernier-bonus-de-pari-de-bingo\/#primaryimage"},"image":{"@id":"https:\/\/www.freebetbest.com\/fr\/dernier-bonus-de-pari-de-bingo\/#primaryimage"},"thumbnailUrl":"https:\/\/www.freebetbest.com\/wp-content\/uploads\/2019\/07\/biggo_ys.jpg","datePublished":"2019-07-18T06:20:16+00:00","dateModified":"2021-08-16T15:07:57+00:00","description":"Dernier bonus de pari de bingo Meilleurs bookmakers, pari gratuit Bonus sans d\u00e9p\u00f4t, code bonus de premier d\u00e9p\u00f4t de bienvenue, Bonus d'inscription, Bonus d'inscription.","breadcrumb":{"@id":"https:\/\/www.freebetbest.com\/fr\/dernier-bonus-de-pari-de-bingo\/#breadcrumb"},"inLanguage":"fr-FR","potentialAction":[{"@type":"ReadAction","target":["https:\/\/www.freebetbest.com\/fr\/dernier-bonus-de-pari-de-bingo\/"]}]},{"@type":"ImageObject","inLanguage":"fr-FR","@id":"https:\/\/www.freebetbest.com\/fr\/dernier-bonus-de-pari-de-bingo\/#primaryimage","url":"https:\/\/www.freebetbest.com\/wp-content\/uploads\/2019\/07\/biggo_ys.jpg","contentUrl":"https:\/\/www.freebetbest.com\/wp-content\/uploads\/2019\/07\/biggo_ys.jpg","width":514,"height":303,"caption":"Pari en ligne sur le bingo en direct"},{"@type":"BreadcrumbList","@id":"https:\/\/www.freebetbest.com\/fr\/dernier-bonus-de-pari-de-bingo\/#breadcrumb","itemListElement":[{"@type":"ListItem","position":1,"name":"Home","item":"https:\/\/www.freebetbest.com\/fr\/"},{"@type":"ListItem","position":2,"name":"Dernier bonus de pari de bingo"}]},{"@type":"WebSite","@id":"https:\/\/www.freebetbest.com\/fr\/#website","url":"https:\/\/www.freebetbest.com\/fr\/","name":"Meilleurs casinos en ligne | Bonus Paris sportifs | Meilleurs bookmakers en ligne","description":"Meilleurs bookmakers en ligne, casinos, poker, bingo et paris sur mobiles, casinos en ligne, paris sur le football, codes promotionnels sans d\u00e9p\u00f4t, premier portail mondial des jeux d'argent.","publisher":{"@id":"https:\/\/www.freebetbest.com\/fr\/#\/schema\/person\/292684ccf388a2362d507874c5b80a69"},"potentialAction":[{"@type":"SearchAction","target":{"@type":"EntryPoint","urlTemplate":"https:\/\/www.freebetbest.com\/fr\/?s={search_term_string}"},"query-input":{"@type":"PropertyValueSpecification","valueRequired":true,"valueName":"search_term_string"}}],"inLanguage":"fr-FR"},{"@type":["Person","Organization"],"@id":"https:\/\/www.freebetbest.com\/fr\/#\/schema\/person\/292684ccf388a2362d507874c5b80a69","name":"\u7ba1\u7406","image":{"@type":"ImageObject","inLanguage":"fr-FR","@id":"https:\/\/www.freebetbest.com\/fr\/#\/schema\/person\/image\/","url":"https:\/\/www.freebetbest.com\/wp-content\/litespeed\/avatar\/49696b52fb15293a2168c14964fdd8b9.jpg?ver=1778044739","contentUrl":"https:\/\/www.freebetbest.com\/wp-content\/litespeed\/avatar\/49696b52fb15293a2168c14964fdd8b9.jpg?ver=1778044739","caption":"\u7ba1\u7406"},"logo":{"@id":"https:\/\/www.freebetbest.com\/fr\/#\/schema\/person\/image\/"},"sameAs":["admin"]}]}},"_links":{"self":[{"href":"https:\/\/www.freebetbest.com\/fr\/wp-json\/wp\/v2\/pages\/5119","targetHints":{"allow":["GET"]}}],"collection":[{"href":"https:\/\/www.freebetbest.com\/fr\/wp-json\/wp\/v2\/pages"}],"about":[{"href":"https:\/\/www.freebetbest.com\/fr\/wp-json\/wp\/v2\/types\/page"}],"author":[{"embeddable":true,"href":"https:\/\/www.freebetbest.com\/fr\/wp-json\/wp\/v2\/users\/1"}],"replies":[{"embeddable":true,"href":"https:\/\/www.freebetbest.com\/fr\/wp-json\/wp\/v2\/comments?post=5119"}],"version-history":[{"count":0,"href":"https:\/\/www.freebetbest.com\/fr\/wp-json\/wp\/v2\/pages\/5119\/revisions"}],"wp:featuredmedia":[{"embeddable":true,"href":"https:\/\/www.freebetbest.com\/fr\/wp-json\/wp\/v2\/media\/5122"}],"wp:attachment":[{"href":"https:\/\/www.freebetbest.com\/fr\/wp-json\/wp\/v2\/media?parent=5119"}],"curies":[{"name":"wp","href":"https:\/\/api.w.org\/{rel}","templated":true}]}}