{"id":5117,"date":"2019-07-19T09:24:55","date_gmt":"2019-07-19T09:24:55","guid":{"rendered":"https:\/\/www.freebetbest.com\/hockey-paris-en-ligne\/"},"modified":"2021-08-16T06:25:39","modified_gmt":"2021-08-16T06:25:39","slug":"paris-hockey-en-ligne","status":"publish","type":"page","link":"https:\/\/www.freebetbest.com\/fr\/paris-hockey-en-ligne\/","title":{"rendered":"Dernier bonus de paris sur le hockey"},"content":{"rendered":"\n<div class=\"text-area__container\">\n<div class=\"text-area__content\">\n<p>sont plac\u00e9s sur les bookmakers Dernier bonus de paris sur le hockey. Ils ciblent tous les sports populaires. Il y a des fans de ce type de jeu vid\u00e9o. En Russie, pas beaucoup. Le hockey est tr\u00e8s populaire en Irlande ou en Espagne. De nombreux adeptes, ces personnes et bookmakers qui souhaitent gagner des revenus en pariant regardent le match.<\/p>\n<p>Les derniers bonus de paris sur le hockey. Il s&rsquo;agit en fait d&rsquo;un jeu d&rsquo;\u00e9quipe, o\u00f9 deux \u00e9quipes comprennent 11 personnes. Le but des jeux vid\u00e9o. C&rsquo;est l&rsquo;objectif du challenger de rapport. Pour cette activit\u00e9, ils utilisent g\u00e9n\u00e9ralement des massues et des boules d&rsquo;os sp\u00e9ciales.<\/p>\n<p>Le jeu vid\u00e9o comprend deux facteurs de la Ligue europ\u00e9enne de hockey sur glace, divis\u00e9s en deux moiti\u00e9s, 50% dans chaque groupe, et le temps de jeu est de 17,5 minutes. Le champion est le groupe qui marquera le plus de buts.<\/p>\n<h2>Dernier site Web de bonus de paris sur le hockey<\/h2>\n<p>Concernant les principaux paris sportifs, le hockey sur glace est plus populaire que son alternative. Le football et le baseball re\u00e7oivent beaucoup moins de consid\u00e9ration. C&rsquo;est comme un groupe qui utilise beaucoup d&rsquo;options de poursuite.<\/p>\n<p>Beaucoup de gens aiment vraiment les jeux vid\u00e9o. Beaucoup de gens l&rsquo;ont r\u00e9p\u00e9t\u00e9. Meilleurs sites de paris sur le hockey et paris en direct. Mais cela vient des projecteurs.<\/p>\n<h3>Les derniers amateurs de bonus de paris sur le hockey.<\/h3>\n<p>Et vous voulez utiliser vos informations de hockey. Pour gagner de l&rsquo;argent en pariant sur les jeux vid\u00e9o, ce site vous aidera \u00e0 vous lancer. Si vous \u00eates une personne qualifi\u00e9e. Les parieurs sportifs et veulent s&rsquo;impliquer dans le jeu de hockey sur glace, alors vous pouvez presque.<\/p>\n<p>Trouvez tout ce que vous voulez ci-dessus. Nous serons s\u00fbrs. Comment pouvez-vous choisir le hockey. Et vous pouvez jouer dans les meilleurs sites de match de hockey. Divers paris effectu\u00e9s. En conclusion, nous vous fournirons \u00e9galement quelques lignes directrices pour vous aider. Tirez le meilleur parti de l&rsquo;\u00e9v\u00e9nement.<\/p>\n<h3>Pourquoi les paris sportifs en ligne sur le hockey sur glace vous offrent autant de choix<\/h3>\n<p>La plupart des parieurs. Indiff\u00e9rence envers les sites de jeu de la LNH. Offre une opportunit\u00e9 unique. Vous voyez parfois des \u00ab\u00a0lacunes\u00a0\u00bb dans les opportunit\u00e9s. La raison est la suivante : les parieurs essaient. R\u00e9partissez l&rsquo;activit\u00e9 de mani\u00e8re \u00e9gale de chaque c\u00f4t\u00e9 de l&rsquo;activit\u00e9. Ils construisent un par. Laissez autant de parieurs que possible. S\u00e9rie int\u00e9ress\u00e9e pour ce faire. Divisez les points \u00e9galement. En conclusion, Peut faire en sorte que les paris sportifs profitent du \u00abjus\u00bb.<\/p>\n<h3>Quand il y a beaucoup de mesures<\/h3>\n<p>Par exemple, cela est g\u00e9n\u00e9ralement r\u00e9alis\u00e9 relativement rapidement. Des milliers de paris. Aidez les parieurs \u00e0 \u00e9tablir rapidement des cotes avec des changements minimes et \u00e0 toujours maintenir un \u00e9quilibre. Une fois que l&rsquo;action est clairsem\u00e9e<\/p>\n<p>Sur les sites de paris sur le hockey, ce processus prend plus de temps. Les enjeux tombent.<a href=\"https:\/\/www.freebetbest.com\/fr\/sites-de-paris\/\"> Les paris sportifs<\/a> a apport\u00e9 des modifications aux jeux en ligne, mais \u00e0 un rythme plus lent. Si vous terminez vos devoirs t\u00f4t et que vous les obtenez, en conclusion, vos chances de gagner augmenteront lorsque les cotes s&rsquo;\u00e9cartent parfois.<\/p>\n<p>Bien s\u00fbr, nous ne recommandons pas de jouer \u00e0 des jeux de hockey sur glace en ligne. Fournir un revenu garanti. Si c&rsquo;est vrai, tout le monde le fera. Il y a encore une chance de participer. L&rsquo;id\u00e9e est que vous verrez des clients potentiels sur des sites de paris, et ces sites se trouvent sur des sites de paris sur le football et le baseball. Pas tr\u00e8s commun.<\/p>\n<h3>Connaissance de base du jeu de hockey<\/h3>\n<p>La plupart des paris sur le hockey sur glace sont plac\u00e9s dans les jeux en ligne de la LNH. Parfois, vous le verrez dans le guide sup\u00e9rieur. Informations suppl\u00e9mentaires sur le hockey europ\u00e9en affich\u00e9es. Mais \u00e0 cause des parieurs am\u00e9ricains. Conna\u00eetre le fait du nombre d&rsquo;\u00e9quipes et de participants dans ces ligues compl\u00e8te les plus petits sports. En conclusion, Une poign\u00e9e de paris sportifs d\u00e9licieux aux \u00c9tats-Unis. M\u00eame les fournir.<\/p>\n<p>En conclusion, la LNH<a href=\"https:\/\/www.freebetsinfo.co.uk\/free-bets\/\"> les paris sportifs<\/a> est bas\u00e9 sur le fait de gagner ou de perdre. Ils offrent exactement les m\u00eames fonctions, tout comme l&rsquo;attribution d&#8217;emplacements. L&rsquo;ensemble essaie de rendre chaque c\u00f4t\u00e9 du pari satisfaisant. La diff\u00e9rence \u00e9vidente entre les ordres gagnants et perdants et la r\u00e9partition des positions est que le premier ne consid\u00e8re que le gagnant de n&rsquo;importe quel jeu vid\u00e9o.<\/p>\n<h3>Le concept derri\u00e8re la ligne de caisse<\/h3>\n<p>Chaque jeu vid\u00e9o de hockey. Les deux incluent un populaire et un rat\u00e9. Parce que la plupart des gens ne feront que deviner leur pr\u00e9f\u00e9rence. En conclusion, toutes les autres variables restent inchang\u00e9es. Donc les tentatives de paris sportifs. Attirez les parieurs pour mettre l&rsquo;action du c\u00f4t\u00e9 oppos\u00e9. Par cons\u00e9quent, les parieurs sont n\u00e9cessaires. Mettez plus de revenus \u00e0 un risque plus \u00e9lev\u00e9 au lieu de parier sur des avantages.<\/p>\n<\/div>\n<\/div>\n","protected":false},"excerpt":{"rendered":"<p>Le choix de son type d\u00e9pend de l&rsquo;exp\u00e9rience du joueur, des objectifs poursuivis et du budget disponible. les paris sont consid\u00e9r\u00e9s comme les plus r\u00e9ussis.<\/p>\n<div class=\"hero-cup-section\">\n<div class=\"row mb-4\">\n<div class=\"col-md-7\">\n<div class=\"section-area\">\n<div class=\"section-list\">\n<li style=\"text-align: left\"><img decoding=\"async\" src=\"https:\/\/www.freebetbest.com\/wp-content\/uploads\/2021\/06\/tick.png\" alt=\"Des sports\"> Bonus de bienvenue du casino sportif.<\/li>\n<li style=\"text-align: left\"><img decoding=\"async\" src=\"https:\/\/www.freebetbest.com\/wp-content\/uploads\/2021\/06\/tick.png\" alt=\"offres de jeux\"> Offres et promotions de bookmakers en ligne.<\/li>\n<li style=\"text-align: left\"><img decoding=\"async\" src=\"https:\/\/www.freebetbest.com\/wp-content\/uploads\/2021\/06\/tick.png\" alt=\"offres de jeux\"> Les meilleurs bookmakers en ligne auxquels vous pouvez faire confiance.<\/li>\n<li style=\"text-align: left\"><img decoding=\"async\" src=\"https:\/\/www.freebetbest.com\/wp-content\/uploads\/2021\/06\/tick.png\" alt=\"Faisant autorit\u00e9\"> Examen faisant autorit\u00e9 S\u00fbr fiable.<\/li>\n<li style=\"text-align: left\"><img decoding=\"async\" src=\"https:\/\/www.freebetbest.com\/wp-content\/uploads\/2021\/06\/tick.png\" alt=\"Retraits rapides\"> Prise en charge de l&rsquo;application mobile, retraits rapides.<\/li>\n<li style=\"text-align: left\"><img decoding=\"async\" src=\"https:\/\/www.freebetbest.com\/wp-content\/uploads\/2021\/06\/tick.png\" alt=\"Service client\"> Support client : 365 jours, 24 heures par jour.<\/li>\n<\/div>\n<\/div>\n<\/div>\n<div class=\"col-md-5\">\n<div class=\"cup-img\"><img decoding=\"async\" src=\"https:\/\/www.freebetbest.com\/wp-content\/uploads\/2021\/06\/Cricket-Betting.png\" alt=\"Des sports\"><\/div>\n<\/div>\n<\/div>\n","protected":false},"author":1,"featured_media":5120,"parent":0,"menu_order":0,"comment_status":"closed","ping_status":"closed","template":"Sports-template.php","meta":{"footnotes":""},"class_list":["post-5117","page","type-page","status-publish","has-post-thumbnail","hentry"],"yoast_head":"<!-- This site is optimized with the Yoast SEO Premium plugin v19.5 (Yoast SEO v27.0) - https:\/\/yoast.com\/product\/yoast-seo-premium-wordpress\/ -->\n<title>Dernier bonus de paris sur le hockey Promotion de premier d\u00e9p\u00f4t<\/title>\n<meta name=\"description\" content=\"Dernier bonus de paris sur le hockey Promotion de premier d\u00e9p\u00f4t. Pari gratuit Bonus sans d\u00e9p\u00f4t, bienvenue code bonus de premier d\u00e9p\u00f4t, code bonus d&#039;inscription.\" \/>\n<meta name=\"robots\" content=\"index, follow, max-snippet:-1, max-image-preview:large, max-video-preview:-1\" \/>\n<link rel=\"canonical\" href=\"https:\/\/www.freebetbest.com\/fr\/paris-hockey-en-ligne\/\" \/>\n<meta property=\"og:locale\" content=\"fr_FR\" \/>\n<meta property=\"og:type\" content=\"article\" \/>\n<meta property=\"og:title\" content=\"Dernier bonus de paris sur le hockey\" \/>\n<meta property=\"og:description\" content=\"Dernier bonus de paris sur le hockey Promotion de premier d\u00e9p\u00f4t. Pari gratuit Bonus sans d\u00e9p\u00f4t, bienvenue code bonus de premier d\u00e9p\u00f4t, code bonus d&#039;inscription.\" \/>\n<meta property=\"og:url\" content=\"https:\/\/www.freebetbest.com\/fr\/paris-hockey-en-ligne\/\" \/>\n<meta property=\"og:site_name\" content=\"Meilleurs casinos en ligne | Bonus Paris sportifs | Meilleurs bookmakers en ligne\" \/>\n<meta property=\"article:modified_time\" content=\"2021-08-16T06:25:39+00:00\" \/>\n<meta property=\"og:image\" content=\"https:\/\/www.freebetbest.com\/wp-content\/uploads\/2019\/07\/Field-Hockey.jpg\" \/>\n\t<meta property=\"og:image:width\" content=\"315\" \/>\n\t<meta property=\"og:image:height\" content=\"140\" \/>\n\t<meta property=\"og:image:type\" content=\"image\/jpeg\" \/>\n<meta name=\"twitter:card\" content=\"summary_large_image\" \/>\n<meta name=\"twitter:label1\" content=\"Dur\u00e9e de lecture estim\u00e9e\" \/>\n\t<meta name=\"twitter:data1\" content=\"4 minutes\" \/>\n<script type=\"application\/ld+json\" class=\"yoast-schema-graph\">{\"@context\":\"https:\/\/schema.org\",\"@graph\":[{\"@type\":\"WebPage\",\"@id\":\"https:\/\/www.freebetbest.com\/fr\/paris-hockey-en-ligne\/\",\"url\":\"https:\/\/www.freebetbest.com\/fr\/paris-hockey-en-ligne\/\",\"name\":\"Dernier bonus de paris sur le hockey Promotion de premier d\u00e9p\u00f4t\",\"isPartOf\":{\"@id\":\"https:\/\/www.freebetbest.com\/fr\/#website\"},\"primaryImageOfPage\":{\"@id\":\"https:\/\/www.freebetbest.com\/fr\/paris-hockey-en-ligne\/#primaryimage\"},\"image\":{\"@id\":\"https:\/\/www.freebetbest.com\/fr\/paris-hockey-en-ligne\/#primaryimage\"},\"thumbnailUrl\":\"https:\/\/www.freebetbest.com\/wp-content\/uploads\/2019\/07\/Field-Hockey.jpg\",\"datePublished\":\"2019-07-19T09:24:55+00:00\",\"dateModified\":\"2021-08-16T06:25:39+00:00\",\"description\":\"Dernier bonus de paris sur le hockey Promotion de premier d\u00e9p\u00f4t. Pari gratuit Bonus sans d\u00e9p\u00f4t, bienvenue code bonus de premier d\u00e9p\u00f4t, code bonus d'inscription.\",\"breadcrumb\":{\"@id\":\"https:\/\/www.freebetbest.com\/fr\/paris-hockey-en-ligne\/#breadcrumb\"},\"inLanguage\":\"fr-FR\",\"potentialAction\":[{\"@type\":\"ReadAction\",\"target\":[\"https:\/\/www.freebetbest.com\/fr\/paris-hockey-en-ligne\/\"]}]},{\"@type\":\"ImageObject\",\"inLanguage\":\"fr-FR\",\"@id\":\"https:\/\/www.freebetbest.com\/fr\/paris-hockey-en-ligne\/#primaryimage\",\"url\":\"https:\/\/www.freebetbest.com\/wp-content\/uploads\/2019\/07\/Field-Hockey.jpg\",\"contentUrl\":\"https:\/\/www.freebetbest.com\/wp-content\/uploads\/2019\/07\/Field-Hockey.jpg\",\"width\":315,\"height\":140,\"caption\":\"Hockey Paris en ligne\"},{\"@type\":\"BreadcrumbList\",\"@id\":\"https:\/\/www.freebetbest.com\/fr\/paris-hockey-en-ligne\/#breadcrumb\",\"itemListElement\":[{\"@type\":\"ListItem\",\"position\":1,\"name\":\"Home\",\"item\":\"https:\/\/www.freebetbest.com\/fr\/\"},{\"@type\":\"ListItem\",\"position\":2,\"name\":\"Dernier bonus de paris sur le hockey\"}]},{\"@type\":\"WebSite\",\"@id\":\"https:\/\/www.freebetbest.com\/fr\/#website\",\"url\":\"https:\/\/www.freebetbest.com\/fr\/\",\"name\":\"Meilleurs casinos en ligne | Bonus Paris sportifs | Meilleurs bookmakers en ligne\",\"description\":\"Meilleurs bookmakers en ligne, casinos, poker, bingo et paris sur mobiles, casinos en ligne, paris sur le football, codes promotionnels sans d\u00e9p\u00f4t, premier portail mondial des jeux d'argent.\",\"publisher\":{\"@id\":\"https:\/\/www.freebetbest.com\/fr\/#\/schema\/person\/292684ccf388a2362d507874c5b80a69\"},\"potentialAction\":[{\"@type\":\"SearchAction\",\"target\":{\"@type\":\"EntryPoint\",\"urlTemplate\":\"https:\/\/www.freebetbest.com\/fr\/?s={search_term_string}\"},\"query-input\":{\"@type\":\"PropertyValueSpecification\",\"valueRequired\":true,\"valueName\":\"search_term_string\"}}],\"inLanguage\":\"fr-FR\"},{\"@type\":[\"Person\",\"Organization\"],\"@id\":\"https:\/\/www.freebetbest.com\/fr\/#\/schema\/person\/292684ccf388a2362d507874c5b80a69\",\"name\":\"\u7ba1\u7406\",\"image\":{\"@type\":\"ImageObject\",\"inLanguage\":\"fr-FR\",\"@id\":\"https:\/\/www.freebetbest.com\/fr\/#\/schema\/person\/image\/\",\"url\":\"https:\/\/www.freebetbest.com\/wp-content\/litespeed\/avatar\/49696b52fb15293a2168c14964fdd8b9.jpg?ver=1775625495\",\"contentUrl\":\"https:\/\/www.freebetbest.com\/wp-content\/litespeed\/avatar\/49696b52fb15293a2168c14964fdd8b9.jpg?ver=1775625495\",\"caption\":\"\u7ba1\u7406\"},\"logo\":{\"@id\":\"https:\/\/www.freebetbest.com\/fr\/#\/schema\/person\/image\/\"},\"sameAs\":[\"admin\"]}]}<\/script>\n<!-- \/ Yoast SEO Premium plugin. -->","yoast_head_json":{"title":"Dernier bonus de paris sur le hockey Promotion de premier d\u00e9p\u00f4t","description":"Dernier bonus de paris sur le hockey Promotion de premier d\u00e9p\u00f4t. Pari gratuit Bonus sans d\u00e9p\u00f4t, bienvenue code bonus de premier d\u00e9p\u00f4t, code bonus d'inscription.","robots":{"index":"index","follow":"follow","max-snippet":"max-snippet:-1","max-image-preview":"max-image-preview:large","max-video-preview":"max-video-preview:-1"},"canonical":"https:\/\/www.freebetbest.com\/fr\/paris-hockey-en-ligne\/","og_locale":"fr_FR","og_type":"article","og_title":"Dernier bonus de paris sur le hockey","og_description":"Dernier bonus de paris sur le hockey Promotion de premier d\u00e9p\u00f4t. Pari gratuit Bonus sans d\u00e9p\u00f4t, bienvenue code bonus de premier d\u00e9p\u00f4t, code bonus d'inscription.","og_url":"https:\/\/www.freebetbest.com\/fr\/paris-hockey-en-ligne\/","og_site_name":"Meilleurs casinos en ligne | Bonus Paris sportifs | Meilleurs bookmakers en ligne","article_modified_time":"2021-08-16T06:25:39+00:00","og_image":[{"width":315,"height":140,"url":"https:\/\/www.freebetbest.com\/wp-content\/uploads\/2019\/07\/Field-Hockey.jpg","type":"image\/jpeg"}],"twitter_card":"summary_large_image","twitter_misc":{"Dur\u00e9e de lecture estim\u00e9e":"4 minutes"},"schema":{"@context":"https:\/\/schema.org","@graph":[{"@type":"WebPage","@id":"https:\/\/www.freebetbest.com\/fr\/paris-hockey-en-ligne\/","url":"https:\/\/www.freebetbest.com\/fr\/paris-hockey-en-ligne\/","name":"Dernier bonus de paris sur le hockey Promotion de premier d\u00e9p\u00f4t","isPartOf":{"@id":"https:\/\/www.freebetbest.com\/fr\/#website"},"primaryImageOfPage":{"@id":"https:\/\/www.freebetbest.com\/fr\/paris-hockey-en-ligne\/#primaryimage"},"image":{"@id":"https:\/\/www.freebetbest.com\/fr\/paris-hockey-en-ligne\/#primaryimage"},"thumbnailUrl":"https:\/\/www.freebetbest.com\/wp-content\/uploads\/2019\/07\/Field-Hockey.jpg","datePublished":"2019-07-19T09:24:55+00:00","dateModified":"2021-08-16T06:25:39+00:00","description":"Dernier bonus de paris sur le hockey Promotion de premier d\u00e9p\u00f4t. Pari gratuit Bonus sans d\u00e9p\u00f4t, bienvenue code bonus de premier d\u00e9p\u00f4t, code bonus d'inscription.","breadcrumb":{"@id":"https:\/\/www.freebetbest.com\/fr\/paris-hockey-en-ligne\/#breadcrumb"},"inLanguage":"fr-FR","potentialAction":[{"@type":"ReadAction","target":["https:\/\/www.freebetbest.com\/fr\/paris-hockey-en-ligne\/"]}]},{"@type":"ImageObject","inLanguage":"fr-FR","@id":"https:\/\/www.freebetbest.com\/fr\/paris-hockey-en-ligne\/#primaryimage","url":"https:\/\/www.freebetbest.com\/wp-content\/uploads\/2019\/07\/Field-Hockey.jpg","contentUrl":"https:\/\/www.freebetbest.com\/wp-content\/uploads\/2019\/07\/Field-Hockey.jpg","width":315,"height":140,"caption":"Hockey Paris en ligne"},{"@type":"BreadcrumbList","@id":"https:\/\/www.freebetbest.com\/fr\/paris-hockey-en-ligne\/#breadcrumb","itemListElement":[{"@type":"ListItem","position":1,"name":"Home","item":"https:\/\/www.freebetbest.com\/fr\/"},{"@type":"ListItem","position":2,"name":"Dernier bonus de paris sur le hockey"}]},{"@type":"WebSite","@id":"https:\/\/www.freebetbest.com\/fr\/#website","url":"https:\/\/www.freebetbest.com\/fr\/","name":"Meilleurs casinos en ligne | Bonus Paris sportifs | Meilleurs bookmakers en ligne","description":"Meilleurs bookmakers en ligne, casinos, poker, bingo et paris sur mobiles, casinos en ligne, paris sur le football, codes promotionnels sans d\u00e9p\u00f4t, premier portail mondial des jeux d'argent.","publisher":{"@id":"https:\/\/www.freebetbest.com\/fr\/#\/schema\/person\/292684ccf388a2362d507874c5b80a69"},"potentialAction":[{"@type":"SearchAction","target":{"@type":"EntryPoint","urlTemplate":"https:\/\/www.freebetbest.com\/fr\/?s={search_term_string}"},"query-input":{"@type":"PropertyValueSpecification","valueRequired":true,"valueName":"search_term_string"}}],"inLanguage":"fr-FR"},{"@type":["Person","Organization"],"@id":"https:\/\/www.freebetbest.com\/fr\/#\/schema\/person\/292684ccf388a2362d507874c5b80a69","name":"\u7ba1\u7406","image":{"@type":"ImageObject","inLanguage":"fr-FR","@id":"https:\/\/www.freebetbest.com\/fr\/#\/schema\/person\/image\/","url":"https:\/\/www.freebetbest.com\/wp-content\/litespeed\/avatar\/49696b52fb15293a2168c14964fdd8b9.jpg?ver=1775625495","contentUrl":"https:\/\/www.freebetbest.com\/wp-content\/litespeed\/avatar\/49696b52fb15293a2168c14964fdd8b9.jpg?ver=1775625495","caption":"\u7ba1\u7406"},"logo":{"@id":"https:\/\/www.freebetbest.com\/fr\/#\/schema\/person\/image\/"},"sameAs":["admin"]}]}},"_links":{"self":[{"href":"https:\/\/www.freebetbest.com\/fr\/wp-json\/wp\/v2\/pages\/5117","targetHints":{"allow":["GET"]}}],"collection":[{"href":"https:\/\/www.freebetbest.com\/fr\/wp-json\/wp\/v2\/pages"}],"about":[{"href":"https:\/\/www.freebetbest.com\/fr\/wp-json\/wp\/v2\/types\/page"}],"author":[{"embeddable":true,"href":"https:\/\/www.freebetbest.com\/fr\/wp-json\/wp\/v2\/users\/1"}],"replies":[{"embeddable":true,"href":"https:\/\/www.freebetbest.com\/fr\/wp-json\/wp\/v2\/comments?post=5117"}],"version-history":[{"count":0,"href":"https:\/\/www.freebetbest.com\/fr\/wp-json\/wp\/v2\/pages\/5117\/revisions"}],"wp:featuredmedia":[{"embeddable":true,"href":"https:\/\/www.freebetbest.com\/fr\/wp-json\/wp\/v2\/media\/5120"}],"wp:attachment":[{"href":"https:\/\/www.freebetbest.com\/fr\/wp-json\/wp\/v2\/media?parent=5117"}],"curies":[{"name":"wp","href":"https:\/\/api.w.org\/{rel}","templated":true}]}}