{"id":5111,"date":"2019-07-18T03:50:22","date_gmt":"2019-07-18T03:50:22","guid":{"rendered":"https:\/\/www.freebetbest.com\/jeu-de-az-casino\/"},"modified":"2021-07-28T19:09:10","modified_gmt":"2021-07-28T19:09:10","slug":"meilleur-bookmaker","status":"publish","type":"page","link":"https:\/\/www.freebetbest.com\/fr\/meilleur-bookmaker\/","title":{"rendered":"Meilleur bookmaker"},"content":{"rendered":"<h3>Comment le meilleur bookmaker fournit-il le travail?<\/h3>\n<p>Les derniers bonus de paris du meilleur bookmaker sont courants pour les soldes pour la premi\u00e8re fois. Les soldes actuels sont standard. Examinez d&rsquo;abord les offres pour les nouveaux clients, car les offres de clients pr\u00e9existantes peuvent \u00eatre disponibles pour certains athl\u00e8tes et peuvent \u00eatre utilis\u00e9es pendant une courte p\u00e9riode.<\/p>\n<p>\u00c9videmment, nous fournirons de temps en temps \u00e0 tous les acheteurs existants des taux de remise et nous nous assurerons de vous fournir des informations.<\/p>\n<p>De nombreux bookmakers offrent des bonus de recharge aux participants actuels qui repartent. M\u00eame si ceux-ci peuvent \u00eatre lucratifs, les offres d&rsquo;inscription au jeu ont tendance \u00e0 \u00eatre meilleures en ce qui concerne les sommes et les demandes de prestations.<\/p>\n<p>N\u00e9anmoins, il est d\u00e9termin\u00e9 par vos habitudes de jeu. Si vous devinez beaucoup en utilisant un bookmaker, il vous offrira plusieurs offres de rechargement, ce qui peut bient\u00f4t repr\u00e9senter plus que l&rsquo;offre d&rsquo;inscription habituelle. Ce type d&rsquo;offres peut \u00eatre des paris gratuits et des offres de bonus de d\u00e9p\u00f4t.<\/p>\n<h3>Meilleur Bookmaker Derni\u00e8res<a href=\"https:\/\/www.freebetsinfo.co.uk\/\"> Bonus de pari<\/a> Besoins de jeu<\/h3>\n<p>Id\u00e9alement, vous avez besoin de pouvoir transformer facilement votre bonus en argent le plus rapidement possible. Il n&rsquo;y a en fait aucun besoin de pari dans les meilleures cotations de paris gratuits, ce qui signifie que le bonus suppl\u00e9mentaire de votre jeu gratuit est l&rsquo;argent dont vous disposez. Quelques offres de jeu gratuites ont des besoins de pari, mais les r\u00e9compenses correspondantes ne le sont g\u00e9n\u00e9ralement pas. Pour les bonus suppl\u00e9mentaires d&rsquo;acompte, vous voudrez peut-\u00eatre parier environ 8 p\u00e9riodes du volume de bonus suppl\u00e9mentaire pour avoir une plus grande offre, et quelques-uns pourraient avoir besoin de 50 p\u00e9riodes de l&rsquo;option. Petit le nombre, le plus efficace.<\/p>\n<h3>Meilleur bookmaker Cotes les moins ch\u00e8res<\/h3>\n<p>Nous ne nous concentrons pas uniquement sur les paris gratuits. La condition de cote minimale pour les bonus suppl\u00e9mentaires, mais aussi en se concentrant sur ce que vous devriez \u00eatre r\u00e9compens\u00e9 pour la d\u00e9couverte. Paris \u00e9ligibles effectu\u00e9s. L&rsquo;ouverture de 10 \u00a3 Obtenez 30 \u00a3 est utile, mais si le pari initial de 10 \u00a3 doit \u00eatre une option 4\/1 ou sup\u00e9rieure, alors c&rsquo;est plus facile par rapport au pari 1\/2.<\/p>\n<h3>Derniers bonus de paris des bookmakers s Industrie qualifi\u00e9e<\/h3>\n<p>Dans la possibilit\u00e9 d&rsquo;utiliser le bonus d&rsquo;inscription. Les meilleures offres de paris lors de la n\u00e9gociation sur le march\u00e9 du jeu. Devrait \u00eatre fourni aux parieurs autant que possible. Flexibilit\u00e9 et choix maximum. Si vous \u00eates limit\u00e9 \u00e0 placer des paris. Participez \u00e0 un sport et obtenez les suppositions que vous voulez. Cela peut \u00eatre beaucoup plus difficile.<\/p>\n<h3>Normes des <a href=\"https:\/\/www.freebetbest.com\/betting-sites\/\">bookmakers les plus<\/a> r\u00e9cents sites de bonus de paris<\/h3>\n<p>L&rsquo;offre d&rsquo;inscription est une excellente introduction au site de paris, mais nous sommes plus dignes du produit global. Si le bookmaker. Fournissez des situations sportives, un handicap, des paris en temps r\u00e9el, un streaming Internet en temps r\u00e9el, des m\u00e9thodes de trading et des applications de paris id\u00e9ales, alors nous sommes plus enclins. Mettez-les en haut du classement<\/p>\n<p>&nbsp;<\/p>\n","protected":false},"excerpt":{"rendered":"<p>Nous avons rassembl\u00e9 les bookmakers en ligne les plus fiables au monde, o\u00f9 vous pouvez trouver des bonus de premier d\u00e9p\u00f4t et des bonus sans d\u00e9p\u00f4t, les derni\u00e8res offres et promotions.<\/p>\n","protected":false},"author":1,"featured_media":0,"parent":0,"menu_order":0,"comment_status":"closed","ping_status":"closed","template":"template-sports.php","meta":{"footnotes":""},"class_list":["post-5111","page","type-page","status-publish","hentry"],"yoast_head":"<!-- This site is optimized with the Yoast SEO Premium plugin v19.5 (Yoast SEO v27.0) - https:\/\/yoast.com\/product\/yoast-seo-premium-wordpress\/ -->\n<title>Meilleur bookmaker Bonus sans d\u00e9p\u00f4t, Inscrivez-vous Code bonus<\/title>\n<meta name=\"description\" content=\"Meilleur bookmaker . Bonus d&#039;inscription pour nouveau client, promotion pour le premier d\u00e9p\u00f4t, pari gratuit Bonus sans d\u00e9p\u00f4t. Site Web s\u00fbr et s\u00e9curis\u00e9.\" \/>\n<meta name=\"robots\" content=\"index, follow, max-snippet:-1, max-image-preview:large, max-video-preview:-1\" \/>\n<link rel=\"canonical\" href=\"https:\/\/www.freebetbest.com\/fr\/meilleur-bookmaker\/\" \/>\n<meta property=\"og:locale\" content=\"fr_FR\" \/>\n<meta property=\"og:type\" content=\"article\" \/>\n<meta property=\"og:title\" content=\"Meilleur bookmaker\" \/>\n<meta property=\"og:description\" content=\"Meilleur bookmaker . Bonus d&#039;inscription pour nouveau client, promotion pour le premier d\u00e9p\u00f4t, pari gratuit Bonus sans d\u00e9p\u00f4t. Site Web s\u00fbr et s\u00e9curis\u00e9.\" \/>\n<meta property=\"og:url\" content=\"https:\/\/www.freebetbest.com\/fr\/meilleur-bookmaker\/\" \/>\n<meta property=\"og:site_name\" content=\"Meilleurs casinos en ligne | Bonus Paris sportifs | Meilleurs bookmakers en ligne\" \/>\n<meta property=\"article:modified_time\" content=\"2021-07-28T19:09:10+00:00\" \/>\n<meta name=\"twitter:card\" content=\"summary_large_image\" \/>\n<meta name=\"twitter:label1\" content=\"Dur\u00e9e de lecture estim\u00e9e\" \/>\n\t<meta name=\"twitter:data1\" content=\"2 minutes\" \/>\n<script type=\"application\/ld+json\" class=\"yoast-schema-graph\">{\"@context\":\"https:\/\/schema.org\",\"@graph\":[{\"@type\":\"WebPage\",\"@id\":\"https:\/\/www.freebetbest.com\/fr\/meilleur-bookmaker\/\",\"url\":\"https:\/\/www.freebetbest.com\/fr\/meilleur-bookmaker\/\",\"name\":\"Meilleur bookmaker Bonus sans d\u00e9p\u00f4t, Inscrivez-vous Code bonus\",\"isPartOf\":{\"@id\":\"https:\/\/www.freebetbest.com\/fr\/#website\"},\"datePublished\":\"2019-07-18T03:50:22+00:00\",\"dateModified\":\"2021-07-28T19:09:10+00:00\",\"description\":\"Meilleur bookmaker . Bonus d'inscription pour nouveau client, promotion pour le premier d\u00e9p\u00f4t, pari gratuit Bonus sans d\u00e9p\u00f4t. Site Web s\u00fbr et s\u00e9curis\u00e9.\",\"breadcrumb\":{\"@id\":\"https:\/\/www.freebetbest.com\/fr\/meilleur-bookmaker\/#breadcrumb\"},\"inLanguage\":\"fr-FR\",\"potentialAction\":[{\"@type\":\"ReadAction\",\"target\":[\"https:\/\/www.freebetbest.com\/fr\/meilleur-bookmaker\/\"]}]},{\"@type\":\"BreadcrumbList\",\"@id\":\"https:\/\/www.freebetbest.com\/fr\/meilleur-bookmaker\/#breadcrumb\",\"itemListElement\":[{\"@type\":\"ListItem\",\"position\":1,\"name\":\"Home\",\"item\":\"https:\/\/www.freebetbest.com\/fr\/\"},{\"@type\":\"ListItem\",\"position\":2,\"name\":\"Meilleur bookmaker\"}]},{\"@type\":\"WebSite\",\"@id\":\"https:\/\/www.freebetbest.com\/fr\/#website\",\"url\":\"https:\/\/www.freebetbest.com\/fr\/\",\"name\":\"Meilleurs casinos en ligne | Bonus Paris sportifs | Meilleurs bookmakers en ligne\",\"description\":\"Meilleurs bookmakers en ligne, casinos, poker, bingo et paris sur mobiles, casinos en ligne, paris sur le football, codes promotionnels sans d\u00e9p\u00f4t, premier portail mondial des jeux d'argent.\",\"publisher\":{\"@id\":\"https:\/\/www.freebetbest.com\/fr\/#\/schema\/person\/292684ccf388a2362d507874c5b80a69\"},\"potentialAction\":[{\"@type\":\"SearchAction\",\"target\":{\"@type\":\"EntryPoint\",\"urlTemplate\":\"https:\/\/www.freebetbest.com\/fr\/?s={search_term_string}\"},\"query-input\":{\"@type\":\"PropertyValueSpecification\",\"valueRequired\":true,\"valueName\":\"search_term_string\"}}],\"inLanguage\":\"fr-FR\"},{\"@type\":[\"Person\",\"Organization\"],\"@id\":\"https:\/\/www.freebetbest.com\/fr\/#\/schema\/person\/292684ccf388a2362d507874c5b80a69\",\"name\":\"\u7ba1\u7406\",\"image\":{\"@type\":\"ImageObject\",\"inLanguage\":\"fr-FR\",\"@id\":\"https:\/\/www.freebetbest.com\/fr\/#\/schema\/person\/image\/\",\"url\":\"https:\/\/www.freebetbest.com\/wp-content\/litespeed\/avatar\/49696b52fb15293a2168c14964fdd8b9.jpg?ver=1776835103\",\"contentUrl\":\"https:\/\/www.freebetbest.com\/wp-content\/litespeed\/avatar\/49696b52fb15293a2168c14964fdd8b9.jpg?ver=1776835103\",\"caption\":\"\u7ba1\u7406\"},\"logo\":{\"@id\":\"https:\/\/www.freebetbest.com\/fr\/#\/schema\/person\/image\/\"},\"sameAs\":[\"admin\"]}]}<\/script>\n<!-- \/ Yoast SEO Premium plugin. -->","yoast_head_json":{"title":"Meilleur bookmaker Bonus sans d\u00e9p\u00f4t, Inscrivez-vous Code bonus","description":"Meilleur bookmaker . Bonus d'inscription pour nouveau client, promotion pour le premier d\u00e9p\u00f4t, pari gratuit Bonus sans d\u00e9p\u00f4t. Site Web s\u00fbr et s\u00e9curis\u00e9.","robots":{"index":"index","follow":"follow","max-snippet":"max-snippet:-1","max-image-preview":"max-image-preview:large","max-video-preview":"max-video-preview:-1"},"canonical":"https:\/\/www.freebetbest.com\/fr\/meilleur-bookmaker\/","og_locale":"fr_FR","og_type":"article","og_title":"Meilleur bookmaker","og_description":"Meilleur bookmaker . Bonus d'inscription pour nouveau client, promotion pour le premier d\u00e9p\u00f4t, pari gratuit Bonus sans d\u00e9p\u00f4t. Site Web s\u00fbr et s\u00e9curis\u00e9.","og_url":"https:\/\/www.freebetbest.com\/fr\/meilleur-bookmaker\/","og_site_name":"Meilleurs casinos en ligne | Bonus Paris sportifs | Meilleurs bookmakers en ligne","article_modified_time":"2021-07-28T19:09:10+00:00","twitter_card":"summary_large_image","twitter_misc":{"Dur\u00e9e de lecture estim\u00e9e":"2 minutes"},"schema":{"@context":"https:\/\/schema.org","@graph":[{"@type":"WebPage","@id":"https:\/\/www.freebetbest.com\/fr\/meilleur-bookmaker\/","url":"https:\/\/www.freebetbest.com\/fr\/meilleur-bookmaker\/","name":"Meilleur bookmaker Bonus sans d\u00e9p\u00f4t, Inscrivez-vous Code bonus","isPartOf":{"@id":"https:\/\/www.freebetbest.com\/fr\/#website"},"datePublished":"2019-07-18T03:50:22+00:00","dateModified":"2021-07-28T19:09:10+00:00","description":"Meilleur bookmaker . Bonus d'inscription pour nouveau client, promotion pour le premier d\u00e9p\u00f4t, pari gratuit Bonus sans d\u00e9p\u00f4t. Site Web s\u00fbr et s\u00e9curis\u00e9.","breadcrumb":{"@id":"https:\/\/www.freebetbest.com\/fr\/meilleur-bookmaker\/#breadcrumb"},"inLanguage":"fr-FR","potentialAction":[{"@type":"ReadAction","target":["https:\/\/www.freebetbest.com\/fr\/meilleur-bookmaker\/"]}]},{"@type":"BreadcrumbList","@id":"https:\/\/www.freebetbest.com\/fr\/meilleur-bookmaker\/#breadcrumb","itemListElement":[{"@type":"ListItem","position":1,"name":"Home","item":"https:\/\/www.freebetbest.com\/fr\/"},{"@type":"ListItem","position":2,"name":"Meilleur bookmaker"}]},{"@type":"WebSite","@id":"https:\/\/www.freebetbest.com\/fr\/#website","url":"https:\/\/www.freebetbest.com\/fr\/","name":"Meilleurs casinos en ligne | Bonus Paris sportifs | Meilleurs bookmakers en ligne","description":"Meilleurs bookmakers en ligne, casinos, poker, bingo et paris sur mobiles, casinos en ligne, paris sur le football, codes promotionnels sans d\u00e9p\u00f4t, premier portail mondial des jeux d'argent.","publisher":{"@id":"https:\/\/www.freebetbest.com\/fr\/#\/schema\/person\/292684ccf388a2362d507874c5b80a69"},"potentialAction":[{"@type":"SearchAction","target":{"@type":"EntryPoint","urlTemplate":"https:\/\/www.freebetbest.com\/fr\/?s={search_term_string}"},"query-input":{"@type":"PropertyValueSpecification","valueRequired":true,"valueName":"search_term_string"}}],"inLanguage":"fr-FR"},{"@type":["Person","Organization"],"@id":"https:\/\/www.freebetbest.com\/fr\/#\/schema\/person\/292684ccf388a2362d507874c5b80a69","name":"\u7ba1\u7406","image":{"@type":"ImageObject","inLanguage":"fr-FR","@id":"https:\/\/www.freebetbest.com\/fr\/#\/schema\/person\/image\/","url":"https:\/\/www.freebetbest.com\/wp-content\/litespeed\/avatar\/49696b52fb15293a2168c14964fdd8b9.jpg?ver=1776835103","contentUrl":"https:\/\/www.freebetbest.com\/wp-content\/litespeed\/avatar\/49696b52fb15293a2168c14964fdd8b9.jpg?ver=1776835103","caption":"\u7ba1\u7406"},"logo":{"@id":"https:\/\/www.freebetbest.com\/fr\/#\/schema\/person\/image\/"},"sameAs":["admin"]}]}},"_links":{"self":[{"href":"https:\/\/www.freebetbest.com\/fr\/wp-json\/wp\/v2\/pages\/5111","targetHints":{"allow":["GET"]}}],"collection":[{"href":"https:\/\/www.freebetbest.com\/fr\/wp-json\/wp\/v2\/pages"}],"about":[{"href":"https:\/\/www.freebetbest.com\/fr\/wp-json\/wp\/v2\/types\/page"}],"author":[{"embeddable":true,"href":"https:\/\/www.freebetbest.com\/fr\/wp-json\/wp\/v2\/users\/1"}],"replies":[{"embeddable":true,"href":"https:\/\/www.freebetbest.com\/fr\/wp-json\/wp\/v2\/comments?post=5111"}],"version-history":[{"count":0,"href":"https:\/\/www.freebetbest.com\/fr\/wp-json\/wp\/v2\/pages\/5111\/revisions"}],"wp:attachment":[{"href":"https:\/\/www.freebetbest.com\/fr\/wp-json\/wp\/v2\/media?parent=5111"}],"curies":[{"name":"wp","href":"https:\/\/api.w.org\/{rel}","templated":true}]}}