{"id":5106,"date":"2019-06-18T07:42:34","date_gmt":"2019-06-18T07:42:34","guid":{"rendered":"https:\/\/www.freebetbest.com\/football-paris-en-ligne\/"},"modified":"2021-08-16T04:36:41","modified_gmt":"2021-08-16T04:36:41","slug":"paris-football-en-ligne","status":"publish","type":"page","link":"https:\/\/www.freebetbest.com\/fr\/paris-football-en-ligne\/","title":{"rendered":"Dernier bonus de paris sur le football"},"content":{"rendered":"\n<div class=\"text-area__container\">\n<div class=\"text-area__content\">\n<h2>Dernier bonus de paris sur le football<\/h2>\nDernier bonus de paris sur le football. Le football est utilis\u00e9. L&rsquo;une des activit\u00e9s de sports d&rsquo;\u00e9quipe les plus \u00e9tendues, ses participants dans tous les aspects. Tous d\u00e9sirent \u00eatre satisfaits. Aucun doigt n&rsquo;est n\u00e9cessaire. Passez le ballon dans le but adverse. Que ce soit dans les pays de la CEI.\n<h3>De nombreux bookmakers parient sur les derni\u00e8res<a href=\"https:\/\/www.freebetbest.com\/fr\/sites-de-paris\/\"> paris sur le football<\/a> prime<\/h3>\nL&rsquo;activit\u00e9 sportive la plus populaire au monde. Le meilleur choix dans les classements de recherche. Certains fans parient. Ne contournez jamais les matchs de basket. Et gagner efficacement des paris sur le football\n<h3>Dernier bouton de bonus de paris sur le football<\/h3>\nParis sur le football en ligne. Si vous travaillez dur, pariez sur le football en ligne. Peut \u00eatre la principale source de revenus. Classification des informations, \u00e9valuation d&rsquo;avant-match et examen des soci\u00e9t\u00e9s de paris. Vous offrir les meilleurs rabais. Sera la base pour choisir un pari.\n<h3>Lors de l&rsquo;examen du meilleur moyen du dernier bonus de paris sur le football<\/h3>\nVous devez vous rappeler que le premier groupe gagne. Traumatisme, maladie de conseil, mauvais \u00e9tat mental, faible \u00e9conomie de jeu. Tous ces \u00e9l\u00e9ments sont faciles \u00e0 changer. La victoire apparemment \u00e9vidente. Parier sur les uniformes de basket-ball en est d\u00e9finitivement un. Une profession ancienne qui peut apporter une grande richesse \u00e0 de nombreuses personnes.\n<h3>Pour chaque dernier jeu de bonus de paris sur le football, vous trouverez des paris pr\u00e9dits.<\/h3>\nIl faut consid\u00e9rer le nombre de champions. Dans l&rsquo;ensemble, par exemple, dans les championnats d&rsquo;Allemagne en Allemagne, ainsi que dans les matchs de championnat en France et en Italie, vous pouvez voir beaucoup de buts. Bien s\u00fbr, il n&rsquo;a pas bien fonctionn\u00e9. La premi\u00e8re chose \u00e0 consid\u00e9rer dans cette activit\u00e9\n<h3>Le principal gardien de but du football<\/h3>\nAinsi que la ligne d\u00e9fensive du joueur et le type de collection de frappes. Pour r\u00e9sumer, dans des circonstances normales, le manque de d\u00e9fense des principaux acteurs dans le jeu ultime, et m\u00eame les performances insuffisantes des deux attaquants, conduiront \u00e0 un ensemble plus grand et plus compact.\n<h3>Bref, le site de paris de la soci\u00e9t\u00e9 de paris<\/h3>\nTous les fans de paris. Les deux fournissent les conditions les plus simples. L&rsquo;opportunit\u00e9 de jeu en ligne la meilleure et la plus efficace. Vous permet de b\u00e9n\u00e9ficier d&rsquo;opportunit\u00e9s sp\u00e9ciales sans travaux extr\u00eames et achats d&rsquo;argent. Vous pouvez gagner un revenu.\n<h3>La cl\u00e9 du succ\u00e8s<a href=\"https:\/\/www.freebetsinfo.co.uk\/asia-bookmakers\/\"> bonus de pari<\/a><\/h3>\nEn conclusion, choisissez le jeu et la strat\u00e9gie financi\u00e8re les plus appropri\u00e9s. Bref, cela augmentera consid\u00e9rablement la probabilit\u00e9 de gagner du joueur, tout en lui permettant d&rsquo;augmenter consid\u00e9rablement l&rsquo;acompte initial du parieur.\n<h3>Incroyable r\u00e9compense<\/h3>\nL&rsquo;une des meilleures raisons d&rsquo;essayer les paris en ligne. C&rsquo;est une excellente offre de bonus suppl\u00e9mentaires. Nous recherchons uniquement ceux disponibles chez les bookmakers. Le plus gros et le plus gros bonus. Ces promotions marketing. Vous fournira plus d&rsquo;exp\u00e9rience en esp\u00e8ces et comprendra g\u00e9n\u00e9ralement d&rsquo;autres avantages, tels que des paris gratuits. Ou lorsque vous renoncez \u00e0 des paris bonus suppl\u00e9mentaires. Remise en argent garantie.\n<h3>De nombreux march\u00e9s<\/h3>\nLa soci\u00e9t\u00e9 de paris en ligne la plus efficace. Vous permettra de voir de partout dans le monde. Parier sur divers \u00e9v\u00e9nements et \u00e9v\u00e9nements sportifs. Notre site de paris pr\u00e9f\u00e9r\u00e9. Non seulement vous permet de placer des paris sur des \u00e9v\u00e9nements qui se produisent dans le monde entier, mais vous permet \u00e9galement. Tout football ou hockey qui se d\u00e9roule dans d&rsquo;autres pays\/r\u00e9gions du monde. Ou d&rsquo;autres \u00e9v\u00e9nements sportifs pour les paris. Plus nous fournissons de segments de march\u00e9, plus notre entreprise est susceptible d&rsquo;\u00eatre. Fournir des suggestions pour le site Web.\n<h3>Premier d\u00e9p\u00f4t facile<\/h3>\nLes sites de paris peuvent \u00eatre propri\u00e9taires. Chaque caract\u00e9ristique des meilleurs au monde, mais \u00e0 moins que vous ne puissiez facilement. D\u00e9posez de l&rsquo;argent sur votre compte ou vous ne pourrez pas en profiter. Notre site Web recommand\u00e9. Pas seulement pour vous. Plusieurs m\u00e9thodes de d\u00e9p\u00f4t diff\u00e9rentes, mais aussi faire le processus financier. Gardez-le aussi simple que possible afin que vous puissiez. Concentrez-vous sur la g\u00e9n\u00e9ration de paris sans vous soucier de votre argent.\n\n<\/div>\n<\/div>\n","protected":false},"excerpt":{"rendered":"<p>Les meilleures chances de la soci\u00e9t\u00e9 bookmaker pour les paris de football &#8211; placez votre pari sur un match de football et gagner imm\u00e9diatement.<\/p>\n<div class=\"hero-cup-section\">\n<div class=\"row mb-4\">\n<div class=\"col-md-7\">\n<div class=\"section-area\">\n<div class=\"section-list\">\n<li style=\"text-align: left\"><img decoding=\"async\" src=\"https:\/\/www.freebetbest.com\/wp-content\/uploads\/2021\/06\/tick.png\" alt=\"Des sports\"> Bonus de bienvenue du casino sportif.<\/li>\n<li style=\"text-align: left\"><img decoding=\"async\" src=\"https:\/\/www.freebetbest.com\/wp-content\/uploads\/2021\/06\/tick.png\" alt=\"offres de jeux\"> Offres et promotions de bookmakers en ligne.<\/li>\n<li style=\"text-align: left\"><img decoding=\"async\" src=\"https:\/\/www.freebetbest.com\/wp-content\/uploads\/2021\/06\/tick.png\" alt=\"offres de jeux\"> Les meilleurs bookmakers en ligne auxquels vous pouvez faire confiance.<\/li>\n<li style=\"text-align: left\"><img decoding=\"async\" src=\"https:\/\/www.freebetbest.com\/wp-content\/uploads\/2021\/06\/tick.png\" alt=\"Faisant autorit\u00e9\"> Examen faisant autorit\u00e9 S\u00fbr fiable.<\/li>\n<li style=\"text-align: left\"><img decoding=\"async\" src=\"https:\/\/www.freebetbest.com\/wp-content\/uploads\/2021\/06\/tick.png\" alt=\"Retraits rapides\"> Prise en charge de l&rsquo;application mobile, retraits rapides.<\/li>\n<li style=\"text-align: left\"><img decoding=\"async\" src=\"https:\/\/www.freebetbest.com\/wp-content\/uploads\/2021\/06\/tick.png\" alt=\"Service client\"> Support client : 365 jours, 24 heures par jour.<\/li>\n<\/div>\n<\/div>\n<\/div>\n<div class=\"col-md-5\">\n<div class=\"cup-img\"><img decoding=\"async\" src=\"https:\/\/www.freebetbest.com\/wp-content\/uploads\/2021\/06\/asia.png\" alt=\"Des sports\"><\/div>\n<\/div>\n<\/div>\n","protected":false},"author":1,"featured_media":5107,"parent":0,"menu_order":0,"comment_status":"closed","ping_status":"closed","template":"template-betting.php","meta":{"footnotes":""},"class_list":["post-5106","page","type-page","status-publish","has-post-thumbnail","hentry"],"yoast_head":"<!-- This site is optimized with the Yoast SEO Premium plugin v19.5 (Yoast SEO v27.0) - https:\/\/yoast.com\/product\/yoast-seo-premium-wordpress\/ -->\n<title>Dernier bonus de paris sur le football , Promotion de premier d\u00e9p\u00f4t<\/title>\n<meta name=\"description\" content=\"Dernier bonus de paris sur le football , pari gratuit Bonus sans d\u00e9p\u00f4t, bienvenue code bonus de premier d\u00e9p\u00f4t, code bonus d&#039;inscription. Meilleures cotes pour les paris sportifs\" \/>\n<meta name=\"robots\" content=\"index, follow, max-snippet:-1, max-image-preview:large, max-video-preview:-1\" \/>\n<link rel=\"canonical\" href=\"https:\/\/www.freebetbest.com\/fr\/paris-football-en-ligne\/\" \/>\n<meta property=\"og:locale\" content=\"fr_FR\" \/>\n<meta property=\"og:type\" content=\"article\" \/>\n<meta property=\"og:title\" content=\"Dernier bonus de paris sur le football\" \/>\n<meta property=\"og:description\" content=\"Dernier bonus de paris sur le football , pari gratuit Bonus sans d\u00e9p\u00f4t, bienvenue code bonus de premier d\u00e9p\u00f4t, code bonus d&#039;inscription. Meilleures cotes pour les paris sportifs\" \/>\n<meta property=\"og:url\" content=\"https:\/\/www.freebetbest.com\/fr\/paris-football-en-ligne\/\" \/>\n<meta property=\"og:site_name\" content=\"Meilleurs casinos en ligne | Bonus Paris sportifs | Meilleurs bookmakers en ligne\" \/>\n<meta property=\"article:modified_time\" content=\"2021-08-16T04:36:41+00:00\" \/>\n<meta property=\"og:image\" content=\"https:\/\/www.freebetbest.com\/wp-content\/uploads\/2019\/07\/6-60171_football-wallpaper-football-wallpaper-hd.jpg\" \/>\n\t<meta property=\"og:image:width\" content=\"320\" \/>\n\t<meta property=\"og:image:height\" content=\"180\" \/>\n\t<meta property=\"og:image:type\" content=\"image\/jpeg\" \/>\n<meta name=\"twitter:card\" content=\"summary_large_image\" \/>\n<meta name=\"twitter:label1\" content=\"Dur\u00e9e de lecture estim\u00e9e\" \/>\n\t<meta name=\"twitter:data1\" content=\"3 minutes\" \/>\n<script type=\"application\/ld+json\" class=\"yoast-schema-graph\">{\"@context\":\"https:\/\/schema.org\",\"@graph\":[{\"@type\":\"WebPage\",\"@id\":\"https:\/\/www.freebetbest.com\/fr\/paris-football-en-ligne\/\",\"url\":\"https:\/\/www.freebetbest.com\/fr\/paris-football-en-ligne\/\",\"name\":\"Dernier bonus de paris sur le football , Promotion de premier d\u00e9p\u00f4t\",\"isPartOf\":{\"@id\":\"https:\/\/www.freebetbest.com\/fr\/#website\"},\"primaryImageOfPage\":{\"@id\":\"https:\/\/www.freebetbest.com\/fr\/paris-football-en-ligne\/#primaryimage\"},\"image\":{\"@id\":\"https:\/\/www.freebetbest.com\/fr\/paris-football-en-ligne\/#primaryimage\"},\"thumbnailUrl\":\"https:\/\/www.freebetbest.com\/wp-content\/uploads\/2019\/07\/6-60171_football-wallpaper-football-wallpaper-hd.jpg\",\"datePublished\":\"2019-06-18T07:42:34+00:00\",\"dateModified\":\"2021-08-16T04:36:41+00:00\",\"description\":\"Dernier bonus de paris sur le football , pari gratuit Bonus sans d\u00e9p\u00f4t, bienvenue code bonus de premier d\u00e9p\u00f4t, code bonus d'inscription. Meilleures cotes pour les paris sportifs\",\"breadcrumb\":{\"@id\":\"https:\/\/www.freebetbest.com\/fr\/paris-football-en-ligne\/#breadcrumb\"},\"inLanguage\":\"fr-FR\",\"potentialAction\":[{\"@type\":\"ReadAction\",\"target\":[\"https:\/\/www.freebetbest.com\/fr\/paris-football-en-ligne\/\"]}]},{\"@type\":\"ImageObject\",\"inLanguage\":\"fr-FR\",\"@id\":\"https:\/\/www.freebetbest.com\/fr\/paris-football-en-ligne\/#primaryimage\",\"url\":\"https:\/\/www.freebetbest.com\/wp-content\/uploads\/2019\/07\/6-60171_football-wallpaper-football-wallpaper-hd.jpg\",\"contentUrl\":\"https:\/\/www.freebetbest.com\/wp-content\/uploads\/2019\/07\/6-60171_football-wallpaper-football-wallpaper-hd.jpg\",\"width\":320,\"height\":180,\"caption\":\"Dernier bonus de paris sur le football\"},{\"@type\":\"BreadcrumbList\",\"@id\":\"https:\/\/www.freebetbest.com\/fr\/paris-football-en-ligne\/#breadcrumb\",\"itemListElement\":[{\"@type\":\"ListItem\",\"position\":1,\"name\":\"Home\",\"item\":\"https:\/\/www.freebetbest.com\/fr\/\"},{\"@type\":\"ListItem\",\"position\":2,\"name\":\"Dernier bonus de paris sur le football\"}]},{\"@type\":\"WebSite\",\"@id\":\"https:\/\/www.freebetbest.com\/fr\/#website\",\"url\":\"https:\/\/www.freebetbest.com\/fr\/\",\"name\":\"Meilleurs casinos en ligne | Bonus Paris sportifs | Meilleurs bookmakers en ligne\",\"description\":\"Meilleurs bookmakers en ligne, casinos, poker, bingo et paris sur mobiles, casinos en ligne, paris sur le football, codes promotionnels sans d\u00e9p\u00f4t, premier portail mondial des jeux d'argent.\",\"publisher\":{\"@id\":\"https:\/\/www.freebetbest.com\/fr\/#\/schema\/person\/292684ccf388a2362d507874c5b80a69\"},\"potentialAction\":[{\"@type\":\"SearchAction\",\"target\":{\"@type\":\"EntryPoint\",\"urlTemplate\":\"https:\/\/www.freebetbest.com\/fr\/?s={search_term_string}\"},\"query-input\":{\"@type\":\"PropertyValueSpecification\",\"valueRequired\":true,\"valueName\":\"search_term_string\"}}],\"inLanguage\":\"fr-FR\"},{\"@type\":[\"Person\",\"Organization\"],\"@id\":\"https:\/\/www.freebetbest.com\/fr\/#\/schema\/person\/292684ccf388a2362d507874c5b80a69\",\"name\":\"\u7ba1\u7406\",\"image\":{\"@type\":\"ImageObject\",\"inLanguage\":\"fr-FR\",\"@id\":\"https:\/\/www.freebetbest.com\/fr\/#\/schema\/person\/image\/\",\"url\":\"https:\/\/www.freebetbest.com\/wp-content\/litespeed\/avatar\/49696b52fb15293a2168c14964fdd8b9.jpg?ver=1777439934\",\"contentUrl\":\"https:\/\/www.freebetbest.com\/wp-content\/litespeed\/avatar\/49696b52fb15293a2168c14964fdd8b9.jpg?ver=1777439934\",\"caption\":\"\u7ba1\u7406\"},\"logo\":{\"@id\":\"https:\/\/www.freebetbest.com\/fr\/#\/schema\/person\/image\/\"},\"sameAs\":[\"admin\"]}]}<\/script>\n<!-- \/ Yoast SEO Premium plugin. -->","yoast_head_json":{"title":"Dernier bonus de paris sur le football , Promotion de premier d\u00e9p\u00f4t","description":"Dernier bonus de paris sur le football , pari gratuit Bonus sans d\u00e9p\u00f4t, bienvenue code bonus de premier d\u00e9p\u00f4t, code bonus d'inscription. Meilleures cotes pour les paris sportifs","robots":{"index":"index","follow":"follow","max-snippet":"max-snippet:-1","max-image-preview":"max-image-preview:large","max-video-preview":"max-video-preview:-1"},"canonical":"https:\/\/www.freebetbest.com\/fr\/paris-football-en-ligne\/","og_locale":"fr_FR","og_type":"article","og_title":"Dernier bonus de paris sur le football","og_description":"Dernier bonus de paris sur le football , pari gratuit Bonus sans d\u00e9p\u00f4t, bienvenue code bonus de premier d\u00e9p\u00f4t, code bonus d'inscription. Meilleures cotes pour les paris sportifs","og_url":"https:\/\/www.freebetbest.com\/fr\/paris-football-en-ligne\/","og_site_name":"Meilleurs casinos en ligne | Bonus Paris sportifs | Meilleurs bookmakers en ligne","article_modified_time":"2021-08-16T04:36:41+00:00","og_image":[{"width":320,"height":180,"url":"https:\/\/www.freebetbest.com\/wp-content\/uploads\/2019\/07\/6-60171_football-wallpaper-football-wallpaper-hd.jpg","type":"image\/jpeg"}],"twitter_card":"summary_large_image","twitter_misc":{"Dur\u00e9e de lecture estim\u00e9e":"3 minutes"},"schema":{"@context":"https:\/\/schema.org","@graph":[{"@type":"WebPage","@id":"https:\/\/www.freebetbest.com\/fr\/paris-football-en-ligne\/","url":"https:\/\/www.freebetbest.com\/fr\/paris-football-en-ligne\/","name":"Dernier bonus de paris sur le football , Promotion de premier d\u00e9p\u00f4t","isPartOf":{"@id":"https:\/\/www.freebetbest.com\/fr\/#website"},"primaryImageOfPage":{"@id":"https:\/\/www.freebetbest.com\/fr\/paris-football-en-ligne\/#primaryimage"},"image":{"@id":"https:\/\/www.freebetbest.com\/fr\/paris-football-en-ligne\/#primaryimage"},"thumbnailUrl":"https:\/\/www.freebetbest.com\/wp-content\/uploads\/2019\/07\/6-60171_football-wallpaper-football-wallpaper-hd.jpg","datePublished":"2019-06-18T07:42:34+00:00","dateModified":"2021-08-16T04:36:41+00:00","description":"Dernier bonus de paris sur le football , pari gratuit Bonus sans d\u00e9p\u00f4t, bienvenue code bonus de premier d\u00e9p\u00f4t, code bonus d'inscription. Meilleures cotes pour les paris sportifs","breadcrumb":{"@id":"https:\/\/www.freebetbest.com\/fr\/paris-football-en-ligne\/#breadcrumb"},"inLanguage":"fr-FR","potentialAction":[{"@type":"ReadAction","target":["https:\/\/www.freebetbest.com\/fr\/paris-football-en-ligne\/"]}]},{"@type":"ImageObject","inLanguage":"fr-FR","@id":"https:\/\/www.freebetbest.com\/fr\/paris-football-en-ligne\/#primaryimage","url":"https:\/\/www.freebetbest.com\/wp-content\/uploads\/2019\/07\/6-60171_football-wallpaper-football-wallpaper-hd.jpg","contentUrl":"https:\/\/www.freebetbest.com\/wp-content\/uploads\/2019\/07\/6-60171_football-wallpaper-football-wallpaper-hd.jpg","width":320,"height":180,"caption":"Dernier bonus de paris sur le football"},{"@type":"BreadcrumbList","@id":"https:\/\/www.freebetbest.com\/fr\/paris-football-en-ligne\/#breadcrumb","itemListElement":[{"@type":"ListItem","position":1,"name":"Home","item":"https:\/\/www.freebetbest.com\/fr\/"},{"@type":"ListItem","position":2,"name":"Dernier bonus de paris sur le football"}]},{"@type":"WebSite","@id":"https:\/\/www.freebetbest.com\/fr\/#website","url":"https:\/\/www.freebetbest.com\/fr\/","name":"Meilleurs casinos en ligne | Bonus Paris sportifs | Meilleurs bookmakers en ligne","description":"Meilleurs bookmakers en ligne, casinos, poker, bingo et paris sur mobiles, casinos en ligne, paris sur le football, codes promotionnels sans d\u00e9p\u00f4t, premier portail mondial des jeux d'argent.","publisher":{"@id":"https:\/\/www.freebetbest.com\/fr\/#\/schema\/person\/292684ccf388a2362d507874c5b80a69"},"potentialAction":[{"@type":"SearchAction","target":{"@type":"EntryPoint","urlTemplate":"https:\/\/www.freebetbest.com\/fr\/?s={search_term_string}"},"query-input":{"@type":"PropertyValueSpecification","valueRequired":true,"valueName":"search_term_string"}}],"inLanguage":"fr-FR"},{"@type":["Person","Organization"],"@id":"https:\/\/www.freebetbest.com\/fr\/#\/schema\/person\/292684ccf388a2362d507874c5b80a69","name":"\u7ba1\u7406","image":{"@type":"ImageObject","inLanguage":"fr-FR","@id":"https:\/\/www.freebetbest.com\/fr\/#\/schema\/person\/image\/","url":"https:\/\/www.freebetbest.com\/wp-content\/litespeed\/avatar\/49696b52fb15293a2168c14964fdd8b9.jpg?ver=1777439934","contentUrl":"https:\/\/www.freebetbest.com\/wp-content\/litespeed\/avatar\/49696b52fb15293a2168c14964fdd8b9.jpg?ver=1777439934","caption":"\u7ba1\u7406"},"logo":{"@id":"https:\/\/www.freebetbest.com\/fr\/#\/schema\/person\/image\/"},"sameAs":["admin"]}]}},"_links":{"self":[{"href":"https:\/\/www.freebetbest.com\/fr\/wp-json\/wp\/v2\/pages\/5106","targetHints":{"allow":["GET"]}}],"collection":[{"href":"https:\/\/www.freebetbest.com\/fr\/wp-json\/wp\/v2\/pages"}],"about":[{"href":"https:\/\/www.freebetbest.com\/fr\/wp-json\/wp\/v2\/types\/page"}],"author":[{"embeddable":true,"href":"https:\/\/www.freebetbest.com\/fr\/wp-json\/wp\/v2\/users\/1"}],"replies":[{"embeddable":true,"href":"https:\/\/www.freebetbest.com\/fr\/wp-json\/wp\/v2\/comments?post=5106"}],"version-history":[{"count":0,"href":"https:\/\/www.freebetbest.com\/fr\/wp-json\/wp\/v2\/pages\/5106\/revisions"}],"wp:featuredmedia":[{"embeddable":true,"href":"https:\/\/www.freebetbest.com\/fr\/wp-json\/wp\/v2\/media\/5107"}],"wp:attachment":[{"href":"https:\/\/www.freebetbest.com\/fr\/wp-json\/wp\/v2\/media?parent=5106"}],"curies":[{"name":"wp","href":"https:\/\/api.w.org\/{rel}","templated":true}]}}