{"id":5100,"date":"2019-06-18T13:06:20","date_gmt":"2019-06-18T13:06:20","guid":{"rendered":"https:\/\/www.freebetbest.com\/paris-en-ligne-courses-de-chevaux\/"},"modified":"2021-07-28T16:59:37","modified_gmt":"2021-07-28T16:59:37","slug":"paris-en-ligne-courses-hippiques","status":"publish","type":"page","link":"https:\/\/www.freebetbest.com\/fr\/paris-en-ligne-courses-hippiques\/","title":{"rendered":"Paris en ligne sur les courses hippiques"},"content":{"rendered":"<h2>Paris en ligne sur les courses hippiques<\/h2>\n<p>Paris en ligne sur les courses de chevaux (courses de chevaux<a href=\"https:\/\/www.freebetsinfo.co.uk\/asia-bookmakers\/\"> Paris en ligne<\/a> ) a toujours \u00e9t\u00e9 un moyen de parier, il offre ses propres fans, vous trouverez de nombreux choix dans le r\u00e9sultat final, et parfois m\u00eame des r\u00e9sultats compl\u00e8tement impr\u00e9visibles.<\/p>\n<p>Beaucoup de gens aiment faire attention. Des am\u00e9liorations partout dans le monde et gagnez imm\u00e9diatement de l&rsquo;argent sur leurs chevaux pr\u00e9f\u00e9r\u00e9s. Si vous avez l&rsquo;occasion de visiter la piste, les paris hippiques seront une merveilleuse aventure. De la bonne mani\u00e8re, parier sur les courses de chevaux peut non seulement am\u00e9liorer votre humeur, mais aussi augmenter votre portefeuille.<\/p>\n<h2>Croissance des paris hippiques en ligne sur les courses de chevaux dans le pass\u00e9<\/h2>\n<p>Les courses de chevaux sont un type de sport \u00e9questre. Il s&rsquo;agit d&rsquo;une comp\u00e9tition entre chevaux et cavaliers, dans l&rsquo;espoir de remporter la premi\u00e8re place dans son jeu vid\u00e9o. Depuis l&rsquo;Antiquit\u00e9, les individus ont la possibilit\u00e9 de choisir. Poss\u00e9der des animaux de compagnie en \u00e9change d&rsquo;argent, d&rsquo;or et de produits, cela d\u00e9pend du pays qui organise le niveau de comp\u00e9tition. A cette \u00e9poque, les jeux vid\u00e9o se jouaient sur des chars, les chevaux avaient donc une ombre de troupe.<\/p>\n<p>Dans les courses de chevaux, vous trouverez un guide pour d\u00e9terminer le champion. Sur ce calendrier, l&rsquo;organisation du jeu vid\u00e9o propose de nombreux<a href=\"https:\/\/www.freebetbest.com\/fr\/sites-de-paris\/\"> paris hippiques<\/a> option :<\/p>\n<h3>Comment faire des paris hippiques en ligne<\/h3>\n<p>En mati\u00e8re de paris hippiques, il existe g\u00e9n\u00e9ralement plusieurs types de joueurs. Quelqu&rsquo;un participe chaque ann\u00e9e. Paris enti\u00e8rement gratuits, \u00e9levez des chevaux avec les meilleurs labels. Certaines personnes ont des bott\u00e9s de d\u00e9gagement amicaux et ne savent rien de moins qu&rsquo;\u00e9tudier les cotes, les chevaux et les jockeys, puis certaines personnes vont de l&rsquo;int\u00e9rieur vers l&rsquo;ext\u00e9rieur. Tous comprennent les activit\u00e9s sportives.<\/p>\n<h3>Pour ceux qui ne sont pas familiers avec les courses de chevaux, vous pouvez faire de nombreux choix.<\/h3>\n<p>Un peu plus compliqu\u00e9. C&rsquo;est d\u00e9finitivement un pari \u00e0 tous points de vue. Vous avez peut-\u00eatre entendu parler. L&rsquo;un de ces chiffres exceptionnels, mais peut ne pas reconna\u00eetre pleinement ce que c&rsquo;est. Un pari \u00e0 sens unique est en cours. Il y a deux paris, un pari sur le cheval et l&rsquo;autre pari sur le cheval. Les chances de deviner \u00e0 chaque endroit. C&rsquo;est g\u00e9n\u00e9ralement un quart de votre chance principale.<\/p>\n<p>Cela signifie si vous. Si vous placez \u00e0 nouveau un pari unique de 5\u20ac sur un cheval avec une cote de 10\/1, vous miserez 10\u20ac. Quand il gagne, vous obtiendrez le produit des deux paris. Par cons\u00e9quent, vous recevrez un b\u00e9n\u00e9fice de 50 \u00a3. Ajoutez vos actions de 5 livres. Ensuite, vous gagnerez 12,50 \u00a3 sur le pari aller simple, plus 5 \u00a3 en principal. Cela vous donnera un total de 72,50 \u00a3.<\/p>\n<p>Si vous obtenez juste dans tous les sens. En plus de la position des chevaux, vous n&rsquo;aurez besoin que de 12,50 \u00a3 plus une mise de 5 \u00a3 pour chaque m\u00e9thode.<\/p>\n<h3>Pari simple<\/h3>\n<p>C&rsquo;est le type de course de chevaux le plus basique, essentiellement vous \u00eates dans une course. Soutenez un cheval dans le jeu. Il peut s&rsquo;agir d&rsquo;une option d&rsquo;acquisition ou de toutes sortes de sp\u00e9culations.<\/p>\n<h3>Quelques paris<\/h3>\n<p>C&rsquo;est un peu comme un accumulateur de football, vous n&rsquo;avez besoin de parier qu&rsquo;une seule fois. Peut supporter plusieurs chevaux. Vous obtiendrez une cote combin\u00e9e, et lorsqu&rsquo;un cheval vous d\u00e9\u00e7oit, vous perdrez tous vos paris.<\/p>\n<h3>Pr\u00e9diction directe<\/h3>\n<p>Chong Ma pr\u00e9dit directement les opportunit\u00e9s. Oui, vous devez suivre le bon ordre. Pronostiquez les paris sur les deux premiers chevaux de la course.<\/p>\n<h3>Regarde en arri\u00e8re<\/h3>\n<p>Il s&rsquo;agit essentiellement d&rsquo;un mod\u00e8le pr\u00e9dictif pour tout pari unique, n\u00e9cessitant deux paris, mais qui permettra aux chevaux de terminer dans presque n&rsquo;importe quel ordre.<\/p>\n<h3>Pari en ligne sur les courses hippiques Triple play<\/h3>\n<p>En conclusion, cela peut \u00eatre une supposition tr\u00e8s utile, n\u00e9cessitant une personne pour pr\u00e9dire les trois meilleurs finisseurs.<\/p>\n<p>De plus, vous devez v\u00e9rifier le dernier package. Et les donn\u00e9es de votre cheval. Ces d\u00e9tails seront les \u00e9l\u00e9ments de base de votre choix. Si vous choisissez correctement. Le bookmaker a v\u00e9rifi\u00e9 la situation \u00e0 l&rsquo;avance et vous pouvez parier sur ce jeu. Obtenez d&rsquo;\u00e9normes bonus suppl\u00e9mentaires. Bonne chance et revenus des paris hippiques !<\/p>\n<p><!-- \/wp:post-content --><\/p>\n<p><!-- wp:heading {\"level\":4} \/--><\/p>\n<p><!-- wp:heading {\"level\":4} \/--><\/p>\n","protected":false},"excerpt":{"rendered":"<p>Pour les paris hippiques en ligne, vous devez choisir un excellent bookmaker en ligne, une entreprise de paris qui nous fournira des conditions de pari d\u00e9centes.<\/p>\n<div class=\"hero-cup-section\">\n<div class=\"row mb-4\">\n<div class=\"col-md-7\">\n<div class=\"section-area\">\n<div class=\"section-list\">\n<li style=\"text-align: left\"><img decoding=\"async\" src=\"https:\/\/www.freebetbest.com\/wp-content\/uploads\/2021\/06\/tick.png\" alt=\"Des sports\"> Bonus de bienvenue du casino sportif.<\/li>\n<li style=\"text-align: left\"><img decoding=\"async\" src=\"https:\/\/www.freebetbest.com\/wp-content\/uploads\/2021\/06\/tick.png\" alt=\"offres de jeux\"> Offres et promotions de bookmakers en ligne.<\/li>\n<li style=\"text-align: left\"><img decoding=\"async\" src=\"https:\/\/www.freebetbest.com\/wp-content\/uploads\/2021\/06\/tick.png\" alt=\"offres de jeux\"> Les meilleurs bookmakers en ligne auxquels vous pouvez faire confiance.<\/li>\n<li style=\"text-align: left\"><img decoding=\"async\" src=\"https:\/\/www.freebetbest.com\/wp-content\/uploads\/2021\/06\/tick.png\" alt=\"Faisant autorit\u00e9\"> Examen faisant autorit\u00e9 S\u00fbr fiable.<\/li>\n<li style=\"text-align: left\"><img decoding=\"async\" src=\"https:\/\/www.freebetbest.com\/wp-content\/uploads\/2021\/06\/tick.png\" alt=\"Retraits rapides\"> Prise en charge de l&rsquo;application mobile, retraits rapides.<\/li>\n<li style=\"text-align: left\"><img decoding=\"async\" src=\"https:\/\/www.freebetbest.com\/wp-content\/uploads\/2021\/06\/tick.png\" alt=\"Service client\"> Support client : 365 jours, 24 heures par jour.<\/li>\n<\/div>\n<\/div>\n<\/div>\n<div class=\"col-md-5\">\n<div class=\"cup-img\"><img decoding=\"async\" src=\"https:\/\/www.freebetsinfo.co.uk\/wp-content\/uploads\/2021\/06\/horse-horse-racing.png\" alt=\"Des sports\"><\/div>\n<\/div>\n<\/div>\n","protected":false},"author":1,"featured_media":5104,"parent":0,"menu_order":0,"comment_status":"closed","ping_status":"closed","template":"Sports-template.php","meta":{"footnotes":""},"class_list":["post-5100","page","type-page","status-publish","has-post-thumbnail","hentry"],"yoast_head":"<!-- This site is optimized with the Yoast SEO Premium plugin v19.5 (Yoast SEO v27.0) - https:\/\/yoast.com\/product\/yoast-seo-premium-wordpress\/ -->\n<title>Paris en ligne sur les courses hippiques Bookmakers. Bonus d&#039;inscription pour nouveau client.<\/title>\n<meta name=\"description\" content=\"Paris en ligne sur les courses hippiques Bookmakers. Bonus d&#039;inscription pour les nouveaux clients, paris en ligne sur les courses de chevaux, code bonus de premier d\u00e9p\u00f4t de bienvenue,\" \/>\n<meta name=\"robots\" content=\"index, follow, max-snippet:-1, max-image-preview:large, max-video-preview:-1\" \/>\n<link rel=\"canonical\" href=\"https:\/\/www.freebetbest.com\/fr\/paris-en-ligne-courses-hippiques\/\" \/>\n<meta property=\"og:locale\" content=\"fr_FR\" \/>\n<meta property=\"og:type\" content=\"article\" \/>\n<meta property=\"og:title\" content=\"Paris en ligne sur les courses hippiques\" \/>\n<meta property=\"og:description\" content=\"Paris en ligne sur les courses hippiques Bookmakers. Bonus d&#039;inscription pour les nouveaux clients, paris en ligne sur les courses de chevaux, code bonus de premier d\u00e9p\u00f4t de bienvenue,\" \/>\n<meta property=\"og:url\" content=\"https:\/\/www.freebetbest.com\/fr\/paris-en-ligne-courses-hippiques\/\" \/>\n<meta property=\"og:site_name\" content=\"Meilleurs casinos en ligne | Bonus Paris sportifs | Meilleurs bookmakers en ligne\" \/>\n<meta property=\"article:modified_time\" content=\"2021-07-28T16:59:37+00:00\" \/>\n<meta property=\"og:image\" content=\"https:\/\/www.freebetbest.com\/wp-content\/uploads\/2019\/07\/Horse-racing_hero2.jpg\" \/>\n\t<meta property=\"og:image:width\" content=\"368\" \/>\n\t<meta property=\"og:image:height\" content=\"180\" \/>\n\t<meta property=\"og:image:type\" content=\"image\/jpeg\" \/>\n<meta name=\"twitter:card\" content=\"summary_large_image\" \/>\n<meta name=\"twitter:label1\" content=\"Dur\u00e9e de lecture estim\u00e9e\" \/>\n\t<meta name=\"twitter:data1\" content=\"3 minutes\" \/>\n<script type=\"application\/ld+json\" class=\"yoast-schema-graph\">{\"@context\":\"https:\/\/schema.org\",\"@graph\":[{\"@type\":\"WebPage\",\"@id\":\"https:\/\/www.freebetbest.com\/fr\/paris-en-ligne-courses-hippiques\/\",\"url\":\"https:\/\/www.freebetbest.com\/fr\/paris-en-ligne-courses-hippiques\/\",\"name\":\"Paris en ligne sur les courses hippiques Bookmakers. Bonus d'inscription pour nouveau client.\",\"isPartOf\":{\"@id\":\"https:\/\/www.freebetbest.com\/fr\/#website\"},\"primaryImageOfPage\":{\"@id\":\"https:\/\/www.freebetbest.com\/fr\/paris-en-ligne-courses-hippiques\/#primaryimage\"},\"image\":{\"@id\":\"https:\/\/www.freebetbest.com\/fr\/paris-en-ligne-courses-hippiques\/#primaryimage\"},\"thumbnailUrl\":\"https:\/\/www.freebetbest.com\/wp-content\/uploads\/2019\/07\/Horse-racing_hero2.jpg\",\"datePublished\":\"2019-06-18T13:06:20+00:00\",\"dateModified\":\"2021-07-28T16:59:37+00:00\",\"description\":\"Paris en ligne sur les courses hippiques Bookmakers. Bonus d'inscription pour les nouveaux clients, paris en ligne sur les courses de chevaux, code bonus de premier d\u00e9p\u00f4t de bienvenue,\",\"breadcrumb\":{\"@id\":\"https:\/\/www.freebetbest.com\/fr\/paris-en-ligne-courses-hippiques\/#breadcrumb\"},\"inLanguage\":\"fr-FR\",\"potentialAction\":[{\"@type\":\"ReadAction\",\"target\":[\"https:\/\/www.freebetbest.com\/fr\/paris-en-ligne-courses-hippiques\/\"]}]},{\"@type\":\"ImageObject\",\"inLanguage\":\"fr-FR\",\"@id\":\"https:\/\/www.freebetbest.com\/fr\/paris-en-ligne-courses-hippiques\/#primaryimage\",\"url\":\"https:\/\/www.freebetbest.com\/wp-content\/uploads\/2019\/07\/Horse-racing_hero2.jpg\",\"contentUrl\":\"https:\/\/www.freebetbest.com\/wp-content\/uploads\/2019\/07\/Horse-racing_hero2.jpg\",\"width\":368,\"height\":180,\"caption\":\"Paris en ligne sur les courses hippiques\"},{\"@type\":\"BreadcrumbList\",\"@id\":\"https:\/\/www.freebetbest.com\/fr\/paris-en-ligne-courses-hippiques\/#breadcrumb\",\"itemListElement\":[{\"@type\":\"ListItem\",\"position\":1,\"name\":\"Home\",\"item\":\"https:\/\/www.freebetbest.com\/fr\/\"},{\"@type\":\"ListItem\",\"position\":2,\"name\":\"Paris en ligne sur les courses hippiques\"}]},{\"@type\":\"WebSite\",\"@id\":\"https:\/\/www.freebetbest.com\/fr\/#website\",\"url\":\"https:\/\/www.freebetbest.com\/fr\/\",\"name\":\"Meilleurs casinos en ligne | Bonus Paris sportifs | Meilleurs bookmakers en ligne\",\"description\":\"Meilleurs bookmakers en ligne, casinos, poker, bingo et paris sur mobiles, casinos en ligne, paris sur le football, codes promotionnels sans d\u00e9p\u00f4t, premier portail mondial des jeux d'argent.\",\"publisher\":{\"@id\":\"https:\/\/www.freebetbest.com\/fr\/#\/schema\/person\/292684ccf388a2362d507874c5b80a69\"},\"potentialAction\":[{\"@type\":\"SearchAction\",\"target\":{\"@type\":\"EntryPoint\",\"urlTemplate\":\"https:\/\/www.freebetbest.com\/fr\/?s={search_term_string}\"},\"query-input\":{\"@type\":\"PropertyValueSpecification\",\"valueRequired\":true,\"valueName\":\"search_term_string\"}}],\"inLanguage\":\"fr-FR\"},{\"@type\":[\"Person\",\"Organization\"],\"@id\":\"https:\/\/www.freebetbest.com\/fr\/#\/schema\/person\/292684ccf388a2362d507874c5b80a69\",\"name\":\"\u7ba1\u7406\",\"image\":{\"@type\":\"ImageObject\",\"inLanguage\":\"fr-FR\",\"@id\":\"https:\/\/www.freebetbest.com\/fr\/#\/schema\/person\/image\/\",\"url\":\"https:\/\/www.freebetbest.com\/wp-content\/litespeed\/avatar\/49696b52fb15293a2168c14964fdd8b9.jpg?ver=1777439934\",\"contentUrl\":\"https:\/\/www.freebetbest.com\/wp-content\/litespeed\/avatar\/49696b52fb15293a2168c14964fdd8b9.jpg?ver=1777439934\",\"caption\":\"\u7ba1\u7406\"},\"logo\":{\"@id\":\"https:\/\/www.freebetbest.com\/fr\/#\/schema\/person\/image\/\"},\"sameAs\":[\"admin\"]}]}<\/script>\n<!-- \/ Yoast SEO Premium plugin. -->","yoast_head_json":{"title":"Paris en ligne sur les courses hippiques Bookmakers. Bonus d'inscription pour nouveau client.","description":"Paris en ligne sur les courses hippiques Bookmakers. Bonus d'inscription pour les nouveaux clients, paris en ligne sur les courses de chevaux, code bonus de premier d\u00e9p\u00f4t de bienvenue,","robots":{"index":"index","follow":"follow","max-snippet":"max-snippet:-1","max-image-preview":"max-image-preview:large","max-video-preview":"max-video-preview:-1"},"canonical":"https:\/\/www.freebetbest.com\/fr\/paris-en-ligne-courses-hippiques\/","og_locale":"fr_FR","og_type":"article","og_title":"Paris en ligne sur les courses hippiques","og_description":"Paris en ligne sur les courses hippiques Bookmakers. Bonus d'inscription pour les nouveaux clients, paris en ligne sur les courses de chevaux, code bonus de premier d\u00e9p\u00f4t de bienvenue,","og_url":"https:\/\/www.freebetbest.com\/fr\/paris-en-ligne-courses-hippiques\/","og_site_name":"Meilleurs casinos en ligne | Bonus Paris sportifs | Meilleurs bookmakers en ligne","article_modified_time":"2021-07-28T16:59:37+00:00","og_image":[{"width":368,"height":180,"url":"https:\/\/www.freebetbest.com\/wp-content\/uploads\/2019\/07\/Horse-racing_hero2.jpg","type":"image\/jpeg"}],"twitter_card":"summary_large_image","twitter_misc":{"Dur\u00e9e de lecture estim\u00e9e":"3 minutes"},"schema":{"@context":"https:\/\/schema.org","@graph":[{"@type":"WebPage","@id":"https:\/\/www.freebetbest.com\/fr\/paris-en-ligne-courses-hippiques\/","url":"https:\/\/www.freebetbest.com\/fr\/paris-en-ligne-courses-hippiques\/","name":"Paris en ligne sur les courses hippiques Bookmakers. Bonus d'inscription pour nouveau client.","isPartOf":{"@id":"https:\/\/www.freebetbest.com\/fr\/#website"},"primaryImageOfPage":{"@id":"https:\/\/www.freebetbest.com\/fr\/paris-en-ligne-courses-hippiques\/#primaryimage"},"image":{"@id":"https:\/\/www.freebetbest.com\/fr\/paris-en-ligne-courses-hippiques\/#primaryimage"},"thumbnailUrl":"https:\/\/www.freebetbest.com\/wp-content\/uploads\/2019\/07\/Horse-racing_hero2.jpg","datePublished":"2019-06-18T13:06:20+00:00","dateModified":"2021-07-28T16:59:37+00:00","description":"Paris en ligne sur les courses hippiques Bookmakers. Bonus d'inscription pour les nouveaux clients, paris en ligne sur les courses de chevaux, code bonus de premier d\u00e9p\u00f4t de bienvenue,","breadcrumb":{"@id":"https:\/\/www.freebetbest.com\/fr\/paris-en-ligne-courses-hippiques\/#breadcrumb"},"inLanguage":"fr-FR","potentialAction":[{"@type":"ReadAction","target":["https:\/\/www.freebetbest.com\/fr\/paris-en-ligne-courses-hippiques\/"]}]},{"@type":"ImageObject","inLanguage":"fr-FR","@id":"https:\/\/www.freebetbest.com\/fr\/paris-en-ligne-courses-hippiques\/#primaryimage","url":"https:\/\/www.freebetbest.com\/wp-content\/uploads\/2019\/07\/Horse-racing_hero2.jpg","contentUrl":"https:\/\/www.freebetbest.com\/wp-content\/uploads\/2019\/07\/Horse-racing_hero2.jpg","width":368,"height":180,"caption":"Paris en ligne sur les courses hippiques"},{"@type":"BreadcrumbList","@id":"https:\/\/www.freebetbest.com\/fr\/paris-en-ligne-courses-hippiques\/#breadcrumb","itemListElement":[{"@type":"ListItem","position":1,"name":"Home","item":"https:\/\/www.freebetbest.com\/fr\/"},{"@type":"ListItem","position":2,"name":"Paris en ligne sur les courses hippiques"}]},{"@type":"WebSite","@id":"https:\/\/www.freebetbest.com\/fr\/#website","url":"https:\/\/www.freebetbest.com\/fr\/","name":"Meilleurs casinos en ligne | Bonus Paris sportifs | Meilleurs bookmakers en ligne","description":"Meilleurs bookmakers en ligne, casinos, poker, bingo et paris sur mobiles, casinos en ligne, paris sur le football, codes promotionnels sans d\u00e9p\u00f4t, premier portail mondial des jeux d'argent.","publisher":{"@id":"https:\/\/www.freebetbest.com\/fr\/#\/schema\/person\/292684ccf388a2362d507874c5b80a69"},"potentialAction":[{"@type":"SearchAction","target":{"@type":"EntryPoint","urlTemplate":"https:\/\/www.freebetbest.com\/fr\/?s={search_term_string}"},"query-input":{"@type":"PropertyValueSpecification","valueRequired":true,"valueName":"search_term_string"}}],"inLanguage":"fr-FR"},{"@type":["Person","Organization"],"@id":"https:\/\/www.freebetbest.com\/fr\/#\/schema\/person\/292684ccf388a2362d507874c5b80a69","name":"\u7ba1\u7406","image":{"@type":"ImageObject","inLanguage":"fr-FR","@id":"https:\/\/www.freebetbest.com\/fr\/#\/schema\/person\/image\/","url":"https:\/\/www.freebetbest.com\/wp-content\/litespeed\/avatar\/49696b52fb15293a2168c14964fdd8b9.jpg?ver=1777439934","contentUrl":"https:\/\/www.freebetbest.com\/wp-content\/litespeed\/avatar\/49696b52fb15293a2168c14964fdd8b9.jpg?ver=1777439934","caption":"\u7ba1\u7406"},"logo":{"@id":"https:\/\/www.freebetbest.com\/fr\/#\/schema\/person\/image\/"},"sameAs":["admin"]}]}},"_links":{"self":[{"href":"https:\/\/www.freebetbest.com\/fr\/wp-json\/wp\/v2\/pages\/5100","targetHints":{"allow":["GET"]}}],"collection":[{"href":"https:\/\/www.freebetbest.com\/fr\/wp-json\/wp\/v2\/pages"}],"about":[{"href":"https:\/\/www.freebetbest.com\/fr\/wp-json\/wp\/v2\/types\/page"}],"author":[{"embeddable":true,"href":"https:\/\/www.freebetbest.com\/fr\/wp-json\/wp\/v2\/users\/1"}],"replies":[{"embeddable":true,"href":"https:\/\/www.freebetbest.com\/fr\/wp-json\/wp\/v2\/comments?post=5100"}],"version-history":[{"count":0,"href":"https:\/\/www.freebetbest.com\/fr\/wp-json\/wp\/v2\/pages\/5100\/revisions"}],"wp:featuredmedia":[{"embeddable":true,"href":"https:\/\/www.freebetbest.com\/fr\/wp-json\/wp\/v2\/media\/5104"}],"wp:attachment":[{"href":"https:\/\/www.freebetbest.com\/fr\/wp-json\/wp\/v2\/media?parent=5100"}],"curies":[{"name":"wp","href":"https:\/\/api.w.org\/{rel}","templated":true}]}}